{"id":21080,"date":"2026-01-10T14:16:45","date_gmt":"2026-01-10T13:16:45","guid":{"rendered":"https:\/\/rockyourgoal.de\/?page_id=21080"},"modified":"2026-01-10T17:52:44","modified_gmt":"2026-01-10T16:52:44","slug":"danube","status":"publish","type":"page","link":"https:\/\/rockyourgoal.de\/it\/riverflow-ride\/danube\/","title":{"rendered":"RiverFlow Ride Danube"},"content":{"rendered":"\n<p>Der Donauradweg ist einer der ber\u00fchmtesten und facettenreichsten Fernradwege der Welt. Auf rund <strong>2.850 Kilometern<\/strong> begleitet er den zweitl\u00e4ngsten Fluss Europas von seinem Ursprung im Schwarzwald bis zu seiner M\u00fcndung ins Schwarze Meer.<\/p>\n\n\n<div class=\"wp-block-image\">\n<figure class=\"aligncenter size-large\"><img loading=\"lazy\" decoding=\"async\" width=\"503\" height=\"427\" src=\"https:\/\/rockyourgoal.de\/wp-content\/uploads\/2026\/01\/RiverFlow-Danube-klein-503x427.jpg\" alt=\"\" class=\"wp-image-21092\"\/><\/figure>\n<\/div>\n\n\n<h2 class=\"wp-block-heading\">Anmeldung und Leistungsumfang<\/h2>\n\n\n\n<ul class=\"wp-block-list\">\n<li><em><strong>Solltest Du die Timeless Challenge (bei der diese Challenge inklusive ist) noch nicht gebucht haben, <a href=\"https:\/\/www.digistore24.com\/product\/660430\">dann klick bitte auf das Logo und Du wirst zur Anmeldeseite unseres Partners Digistore24 geleitet. <\/a><\/strong><\/em><\/li>\n\n\n\n<li>Du bekommst nun eine Anmeldebest\u00e4tigung<\/li>\n\n\n\n<li>Nun musst Du die Donau von der Quelle bis ins Delta mit dem Fahrrad begleiten. Sobald Du das geschafft hast, lade bitte einen Auszug Deines Trackings in unser Tool oder schick ihn uns per Email. Wir glauben Dir auch ohne Tracking, allerdings wirst Du dann nicht in die RiverFlow-Lake-Museum-Ehrentabelle aufgenommen.<\/li>\n\n\n\n<li>Nachdem wir dieses gepr\u00fcft haben, erh\u00e4ltst Du Deine wohlverdiente Medaille und Murmel. Easy, oder?<\/li>\n<\/ul>\n\n\n<div class=\"wp-block-image\">\n<figure class=\"aligncenter size-large is-resized\"><a href=\"https:\/\/www.digistore24.com\/product\/660430\"><img loading=\"lazy\" decoding=\"async\" width=\"503\" height=\"427\" src=\"http:\/\/rockyourgoal.de\/wp-content\/uploads\/2026\/01\/RiverFlow-Danube-klein-503x427.jpg\" alt=\"\" class=\"wp-image-21092\" style=\"width:312px;height:auto\"\/><\/a><figcaption class=\"wp-element-caption\"><a href=\"https:\/\/www.digistore24.com\/product\/660430\">Klick auf das Logo um Dich zu registrieren!<\/a><\/figcaption><\/figure>\n<\/div>\n\n\n<p>Die Anmeldung zur RiverFlow RIDE Challenge Danube (Donau) kostet Dich&nbsp;<strong>24,- EUR<\/strong>.<\/p>\n\n\n\n<p>In dieser Startgeb\u00fchr ist unsere&nbsp;RiverFlow RIDE Challenge Medaille in der<em> Edition \u201cDanube (Donau)\u201c Sammlermedaille<\/em>&nbsp;sowie die gr\u00fcne Murmel (20mm) der&nbsp;<a href=\"https:\/\/rockyourgoal.de\/timeless-challenge\/\" target=\"_blank\" rel=\"noreferrer noopener\">Timeless Challenge<\/a>&nbsp;enthalten. Nat\u00fcrlich erh\u00e4ltst Du daf\u00fcr auch unsere Life-Score-Points gutgeschrieben.<\/p>\n\n\n\n<p>Allerdings musst Du daf\u00fcr erst einmal richtig weit radeln!&nbsp;<strong>Erst dann<\/strong>&nbsp;schicken wir Dir die wohlverdiente Medaille und Murmel zu! Du willst sie schlie\u00dflich verdienen und nicht geschenkt bekommen.<\/p>\n\n\n\n<figure class=\"wp-block-table\"><table class=\"has-fixed-layout\"><tbody><tr><td class=\"has-text-align-center\" data-align=\"center\"><img loading=\"lazy\" decoding=\"async\" width=\"150\" height=\"127\" class=\"wp-image-21092\" style=\"width: 150px;\" src=\"http:\/\/rockyourgoal.de\/wp-content\/uploads\/2026\/01\/RiverFlow-Danube-klein.jpg\" alt=\"\"><\/td><td class=\"has-text-align-center\" data-align=\"center\"><img loading=\"lazy\" decoding=\"async\" width=\"150\" height=\"86\" class=\"wp-image-10260\" style=\"width: 150px;\" src=\"http:\/\/rockyourgoal.de\/wp-content\/uploads\/2022\/12\/murmeln-timeless-challenge.jpg\" alt=\"\" srcset=\"https:\/\/rockyourgoal.de\/wp-content\/uploads\/2022\/12\/murmeln-timeless-challenge.jpg 1072w, https:\/\/rockyourgoal.de\/wp-content\/uploads\/2022\/12\/murmeln-timeless-challenge-300x172.jpg 300w, https:\/\/rockyourgoal.de\/wp-content\/uploads\/2022\/12\/murmeln-timeless-challenge-1024x587.jpg 1024w, https:\/\/rockyourgoal.de\/wp-content\/uploads\/2022\/12\/murmeln-timeless-challenge-768x440.jpg 768w, https:\/\/rockyourgoal.de\/wp-content\/uploads\/2022\/12\/murmeln-timeless-challenge-18x10.jpg 18w, https:\/\/rockyourgoal.de\/wp-content\/uploads\/2022\/12\/murmeln-timeless-challenge-850x487.jpg 850w\" sizes=\"auto, (max-width: 150px) 100vw, 150px\" \/><\/td><\/tr><\/tbody><\/table><\/figure>\n\n\n\n<p>Mit Deiner Anmeldegeb\u00fchr unterst\u00fctzt Du mein Herzensprojekt, die&nbsp;<a href=\"https:\/\/rockyourgoal.de\/big5forlife\/trees4breeze\/\" target=\"_blank\" rel=\"noreferrer noopener\">Wiederaufforstung von einer Million B\u00e4umen weltweit!<\/a><\/p>\n\n\n\n<h2 class=\"wp-block-heading\">Regeln<\/h2>\n\n\n\n<p>Die Regeln zur&nbsp;<em>RiverFlow RIDE Challenge Danube (Donau)<\/em>&nbsp;sind sehr einfach. Trotzdem m\u00f6chten wir sie an dieser Stelle noch einmal klarstellen:<\/p>\n\n\n\n<ul class=\"wp-block-list\">\n<li><a href=\"https:\/\/www.digistore24.com\/product\/660430\">Melde Dich bei der RiverFlow RIDE Challenge Danube (Donau) an<\/a>! Solltest Du bereits das Timeless Challenge Paket gebucht haben, ist diese Challenge inklusive.<\/li>\n\n\n\n<li>Um die RiverFlow RIDE Challenge Danube (Donau) zu bezwingen und Dir die sch\u00f6ne Sammlermedaille zu verdienen, musst Du nach Deiner Anmeldung die Donau von der Quellle bis zur M\u00fcndung mit dem Fahrrad begleiten. <\/li>\n\n\n\n<li>Die Challenge ist in verschiedene Etappen eingeteilt, aber es bleibt Dir gleich ob Du alle Etappen am St\u00fcck machst, oder diese aufteilst. Du hast keinen Zeitstress, denn es gibt keine zeitliche Begrenzung. Der Genuss steht im Vordergrund. <\/li>\n\n\n\n<li>Wir vertrauen Dir, dass Du den Fluss auf ganzer Strecke begleitet hast. Wenn Du jedoch in die Ehrentabelle aufgenommen werden willst, dann brauchen wir eine Kopie Deines Trackings. Dabei ist es uns egal womit (welche Uhr, Smartphone oder App Du nutzt).<\/li>\n<\/ul>\n\n\n\n<h3 class=\"wp-block-heading\"><strong>Allgemeines BITTE BEACHTEN!<\/strong><\/h3>\n\n\n\n<ul class=\"wp-block-list\">\n<li>Beachte bitte, dass im \u00f6ffentlichen Verkehrsraum und entlang von Stra\u00dfen und Radwegen die StVO gilt. Bewege Dich also r\u00fccksichtsvoll.<\/li>\n\n\n\n<li>Du f\u00e4hrst auf eigene Gefahr und auf eigenes Risiko. Der Betreiber dieser Internetseite \u00fcbernimmt keinerlei Haftung.<\/li>\n\n\n\n<li>Bitte beachte ggf. \u00e4rztliche Ratschl\u00e4ge oder lasse Dich vor dem Start der Challenge \u00e4rztlich untersuchen. Du bist selber f\u00fcr Deinen Gesundheitszustand, deine Ausr\u00fcstung und Kondition verantwortlich. Eine Tour abzubrechen ist keine Schande, die Gesundheit geht immer vor!<\/li>\n<\/ul>\n\n\n\n<h3 class=\"wp-block-heading\"><strong>Ein paar wichtige Regeln zum Umgang mit der Natur<\/strong><\/h3>\n\n\n\n<ul class=\"wp-block-list\">\n<li>Bitte ber\u00fccksichtige die lokalen Hinweise zum Schutz der Natur.<\/li>\n\n\n\n<li>Bitte nicht abseits der Wege fahren.<\/li>\n\n\n\n<li>Bitte keinen L\u00e4rm machen.<\/li>\n\n\n\n<li>Bitte keine Steine oder Mineralien sammeln.<\/li>\n\n\n\n<li>Bitte keine Pilze sammeln.<\/li>\n\n\n\n<li>Bitte keinen M\u00fcll liegen lassen.<\/li>\n\n\n\n<li>Bitte keine Tiere f\u00fcttern.<\/li>\n\n\n\n<li>Bitte kein offenes Feuer machen.<\/li>\n\n\n\n<li>Bitte keine Pflanzen pfl\u00fccken.<\/li>\n<\/ul>\n\n\n\n<p>Das sollte eigentlich f\u00fcr uns alle klar sein, aber es schadet nicht sich daran von Zeit zu Zeit zu erinnern.&nbsp;<\/p>\n\n\n\n<h3 class=\"wp-block-heading\">Deine Medaille und Deine Murmel und die Life-Score Punkte<\/h3>\n\n\n\n<p>Wenn Du die RiverFlow RIDE Challenge Danube (Donau) geschafft hast, dann hast Du Dir die wundersch\u00f6ne Sammlermedaille verdient. Diese kann die Erste, in Deiner kommenden Sammlung aus der RiverFlow RIDE Serie werden. Hinzu kommt, dass Du f\u00fcr 20 zur\u00fcckgelegte Kilometer jeweils einen Life-Score Punkt f\u00fcr die Ehrentabelle und unser Life Lake Museum der Timeless Challenge erh\u00e4ltst.<\/p>\n\n\n<div class=\"wp-block-image\">\n<figure class=\"aligncenter is-resized\"><img loading=\"lazy\" decoding=\"async\" width=\"300\" height=\"300\" src=\"http:\/\/rockyourgoal.de\/wp-content\/uploads\/2022\/12\/image.png\" alt=\"\" class=\"wp-image-10036\" style=\"width:162px;height:auto\" srcset=\"https:\/\/rockyourgoal.de\/wp-content\/uploads\/2022\/12\/image.png 300w, https:\/\/rockyourgoal.de\/wp-content\/uploads\/2022\/12\/image-150x150.png 150w, https:\/\/rockyourgoal.de\/wp-content\/uploads\/2022\/12\/image-12x12.png 12w\" sizes=\"auto, (max-width: 300px) 100vw, 300px\" \/><figcaption class=\"wp-element-caption\">Verdien Dir Deine Life-Score-Punkte<\/figcaption><\/figure>\n<\/div>\n\n\n<h2 class=\"wp-block-heading\">Ein Fluss, zehn L\u00e4nder: Der Donauradweg im \u00dcberblick<\/h2>\n\n\n\n<p>Die Radreise f\u00fchrt durch Deutschland, \u00d6sterreich, die Slowakei, Ungarn, Kroatien, Serbien, Bulgarien, Rum\u00e4nien und Moldawien. <em>(ACHTUNG! Wenn Du auf Deiner Reise Abstecher zu Sehensw\u00fcrdigkeiten machst und dabei die Donau verl\u00e4sst, ist das kein Problem. Unsere Route ist lediglich ein Vorschlag.)<\/em> Dabei wandelt sich das Gesicht des Flusses st\u00e4ndig: vom pl\u00e4tschernden Gebirgsbach in den Alpenausl\u00e4ufern \u00fcber den m\u00e4chtigen Strom des Pannonischen Beckens bis hin zum gigantischen Labyrinth des Donaudeltas.<\/p>\n\n\n\n<h3 class=\"wp-block-heading\">Der Weg ist das Ziel: Die Etappen<\/h3>\n\n\n\n<p>Meist wird die Strecke in drei bis vier Hauptabschnitte unterteilt:<\/p>\n\n\n\n<ol start=\"1\" class=\"wp-block-list\">\n<li><strong>Die Junge Donau:<\/strong> Donaueschingen bis Passau.<\/li>\n\n\n\n<li><strong>Die Klassische Route:<\/strong> Passau bis Wien\/Bratislava.<\/li>\n\n\n\n<li><strong>Die Pannonische Ebene:<\/strong> Bratislava bis Belgrad.<\/li>\n\n\n\n<li><strong>Der Wilde Osten &amp; Das Delta:<\/strong> Belgrad bis zum Schwarzen Meer.<\/li>\n<\/ol>\n\n\n\n<h3 class=\"wp-block-heading\">Abschnitt 1: Von der Quelle bis zur \u201eDreifl\u00fcssestadt\u201c (Deutschland)<\/h3>\n\n\n\n<p>In <strong>Donaueschingen<\/strong> nimmt alles seinen Anfang. Hier vereinigen sich die Quellfl\u00fcsse Brigach und Breg (\u201eBrigach und Breg bringen die Donau zuweg\u201c).<\/p>\n\n\n\n<ul class=\"wp-block-list\">\n<li><strong>Ulm:<\/strong> Die Stadt ist ber\u00fchmt f\u00fcr das <strong>Ulmer M\u00fcnster<\/strong>, das den h\u00f6chsten Kirchturm der Welt besitzt. Die Altstadt, insbesondere das Fischerviertel mit seinen direkt am Wasser gebauten Fachwerkh\u00e4usern, bietet eine malerische Kulisse f\u00fcr die erste gr\u00f6\u00dfere Pause.<\/li>\n\n\n\n<li><strong>Regensburg:<\/strong> Als UNESCO-Welterbe ist Regensburg ein absolutes Muss. Die <strong>Steinerne Br\u00fccke<\/strong> und der gotische Dom pr\u00e4gen das Stadtbild. Es ist eine der besterhaltenen mittelalterlichen Gro\u00dfst\u00e4dte Deutschlands.<\/li>\n\n\n\n<li><strong>Passau:<\/strong> Kurz vor der Grenze zu \u00d6sterreich liegt die \u201eDreifl\u00fcssestadt\u201c. Hier flie\u00dfen Donau, Inn und Ilz zusammen. Die Altstadt mit dem Dom St. Stephan (und einer der gr\u00f6\u00dften Domorgeln der Welt) ist ein barockes Juwel.<\/li>\n<\/ul>\n\n\n\n<h3 class=\"wp-block-heading\">Abschnitt 2: Das Herzst\u00fcck (\u00d6sterreich &amp; Slowakei)<\/h3>\n\n\n\n<p>Dieser Abschnitt ist touristisch am besten erschlossen und fast durchgehend flach und asphaltiert.<\/p>\n\n\n\n<ul class=\"wp-block-list\">\n<li><strong>Linz:<\/strong> Die ober\u00f6sterreichische Landeshauptstadt verbindet futuristische Technik (Ars Electronica Center) mit barocker Architektur. Ein Muss: Ein St\u00fcck Linzer Torte essen!<\/li>\n\n\n\n<li><strong>Die Wachau (Melk &amp; D\u00fcrnstein):<\/strong> Dies ist wohl der sch\u00f6nste Abschnitt in \u00d6sterreich. Das <strong>Stift Melk<\/strong> thront golden \u00fcber dem Fluss. Die Region ist ber\u00fchmt f\u00fcr ihren Weinbau und die Marillenbl\u00fcte. In D\u00fcrnstein ragt der markante blaue Kirchturm empor.<\/li>\n\n\n\n<li><strong>Wien:<\/strong> Die Weltmetropole bedarf kaum einer Vorstellung. Radfahrer genie\u00dfen hier die Donauinsel oder den Prater. Kulturell locken Schloss Sch\u00f6nbrunn, der Stephansdom und die legend\u00e4re Kaffeehauskultur.<\/li>\n\n\n\n<li><strong>Bratislava:<\/strong> Nur ca. 60 km von Wien entfernt liegt die slowakische Hauptstadt. Die <strong>Burg Bratislava<\/strong> bietet einen weiten Blick \u00fcber das Dreil\u00e4ndereck. Die charmante Altstadt ist kompakt und perfekt f\u00fcr eine Erkundung zu Fu\u00df.<\/li>\n<\/ul>\n\n\n\n<h3 class=\"wp-block-heading\">Abschnitt 3: Durch die Weiten Ungarns und Kroatiens<\/h3>\n\n\n\n<p>Hinter Bratislava weitet sich die Landschaft. Die Route f\u00fchrt durch die \u201eSch\u00fcttinsel\u201c, ein riesiges Flussdelta im Binnenland.<\/p>\n\n\n\n<ul class=\"wp-block-list\">\n<li><strong>Esztergom:<\/strong> Hier steht die gr\u00f6\u00dfte Basilika Ungarns. Die Stadt war einst die Hauptstadt des Landes und ist bis heute das religi\u00f6se Zentrum.<\/li>\n\n\n\n<li><strong>Budapest:<\/strong> Die \u201eK\u00f6nigin der Donau\u201c. Die Anfahrt mit dem Rad auf das Parlamentsgeb\u00e4ude zu ist unvergesslich. Die Stadt trennt sich in das h\u00fcgelige Buda (mit Fischerbastei und Burgpalast) und das quirlige Pest (mit prachtvollen Boulevards und Ruinenbars).<\/li>\n\n\n\n<li><strong>Vukovar (Kroatien):<\/strong> Eine Stadt mit bewegter und schmerzhafter j\u00fcngerer Geschichte. Heute ist sie ein Symbol f\u00fcr den Wiederaufbau und bietet sch\u00f6ne Uferpromenaden und barocke Architektur.<\/li>\n<\/ul>\n\n\n\n<h3 class=\"wp-block-heading\">Abschnitt 4: Der Balkan und der Eiserne Vorhang (Serbien &amp; Bulgarien)<\/h3>\n\n\n\n<p>Dieser Teil ist f\u00fcr Abenteurer. Die Infrastruktur wird rustikaler, die Gastfreundschaft daf\u00fcr umso herzlicher.<\/p>\n\n\n\n<ul class=\"wp-block-list\">\n<li><strong>Belgrad:<\/strong> Die serbische Hauptstadt liegt am Zusammenfluss von Save und Donau. Die Festung <strong>Kalemegdan<\/strong> ist der perfekte Ort, um den Sonnenuntergang \u00fcber dem Fluss zu beobachten. Belgrad gilt zudem als eine der lebendigsten Partyst\u00e4dte Europas.<\/li>\n\n\n\n<li><strong>Das Eiserne Tor:<\/strong> Dies ist der spektakul\u00e4rste Naturabschnitt. Die Donau bricht hier durch die Karpaten und die Ausl\u00e4ufer des Balkangebirges. Die Schluchten sind bis zu 300 Meter tief. Ein Highlight ist das in den Fels gehauene Antlitz des Dakerk\u00f6nigs Decebalus.<\/li>\n\n\n\n<li><strong>Vidin (Bulgarien):<\/strong> Eine der \u00e4ltesten St\u00e4dte an der bulgarischen Donau. Die Festung <strong>Baba Vida<\/strong> ist die einzige vollst\u00e4ndig erhaltene mittelalterliche Burg des Landes und liegt imposant direkt am Strom.<\/li>\n<\/ul>\n\n\n\n<h3 class=\"wp-block-heading\">Abschnitt 5: Das Finale in Rum\u00e4nien und das Delta<\/h3>\n\n\n\n<p>Die Donau bildet hier die Grenze zwischen Bulgarien und Rum\u00e4nien. Das Land wird flacher, die Horizonte weiter.<\/p>\n\n\n\n<ul class=\"wp-block-list\">\n<li><strong>Bukarest (Abstecher):<\/strong> Obwohl die Stadt nicht direkt an der Donau liegt, machen viele Radler einen Umweg in die rum\u00e4nische Hauptstadt (\u201eParis des Ostens\u201c), um den gigantischen Parlamentspalast zu sehen.<\/li>\n\n\n\n<li><strong>Tulcea:<\/strong> Das \u201eTor zum Donau-Delta\u201c. Hier teilt sich die Donau in ihre drei Hauptarme (Chilia, Sulina und Sf\u00e2ntu Gheorghe). Tulcea ist der Ausgangspunkt f\u00fcr Bootstouren in das gesch\u00fctzte Biosph\u00e4renreservat.<\/li>\n\n\n\n<li><strong>Das Donau-Delta:<\/strong> Das Ziel der Reise. Es ist das am besten erhaltene Flussdelta Europas. \u00dcber 300 Vogelarten und seltene Fische sind hier heimisch. In <strong>Sulina<\/strong>, der \u00f6stlichsten Stadt der EU, m\u00fcndet der Fluss schlie\u00dflich in das Schwarze Meer.<\/li>\n<\/ul>\n\n\n\n<h3 class=\"wp-block-heading\">Praktische Tipps f\u00fcr Deine Radreise<\/h3>\n\n\n\n<figure class=\"wp-block-table\"><table class=\"has-fixed-layout\"><thead><tr><td><strong>Aspekt<\/strong><\/td><td><strong>Hinweis<\/strong><\/td><\/tr><\/thead><tbody><tr><td><strong>Beste Reisezeit<\/strong><\/td><td>Mai bis September. Im Hochsommer kann es in Ungarn und Serbien sehr hei\u00df werden (&gt; 35\u00b0C).<\/td><\/tr><tr><td><strong>Windrichtung<\/strong><\/td><td>Fast immer von West nach Ost planen (R\u00fcckenwind-Vorteil).<\/td><\/tr><tr><td><strong>Ausr\u00fcstung<\/strong><\/td><td>Trekkingrad oder E-Bike. Ab Belgrad sind breitere Reifen aufgrund der Stra\u00dfenbeschaffenheit ratsam.<\/td><\/tr><tr><td><strong>Logistik<\/strong><\/td><td>Z\u00fcge nehmen Fahrr\u00e4der in DE\/AT\/HU problemlos mit. Weiter \u00f6stlich ist oft ein organisierter R\u00fccktransport per Bus n\u00f6tig.<\/td><\/tr><\/tbody><\/table><\/figure>\n\n\n\n<hr class=\"wp-block-separator has-alpha-channel-opacity\"\/>\n\n\n\n<h3 class=\"wp-block-heading\">Fazit: Warum Du diese Challenge annehmen solltest<\/h3>\n\n\n\n<p>Der Donauradweg ist mehr als nur eine sportliche Herausforderung. Er ist eine Reise durch die <strong>Geschichte Europas<\/strong>. Man durchquert das ehemalige R\u00f6mische Reich, das Habsburger Imperium und die Spuren des Eisernen Vorhangs.<\/p>\n\n\n\n<p>Vom bayerischen Biergarten \u00fcber die Wiener Kaffeeh\u00e4user bis hin zum rum\u00e4nischen Fischstopp im Delta \u2013 die kulinarische und kulturelle Vielfalt ist weltweit einzigartig. Es ist ein Weg, der Geduld erfordert, aber mit unendlicher Weite und tiefen Einblicken in die Seele Osteuropas belohnt.<\/p>\n\n\n\n<h2 class=\"wp-block-heading\">RiverFlow RIDE Challenge Danube EHRENTAFEL<\/h2>\n\n\n\n<p>Hier kannst Du Deine Ergebnisse schnell und unkompliziert eintragen und die Nachweise (z.B. Bildschirmkopie Deines Trackings) hochladen. Wir pr\u00fcfen diese und geben sie frei. Dann ist Dein Ergebnis gespeichert und erscheint in der Ehrentafel.<\/p>\n\n\n\n<p class=\"has-text-align-center\"><strong><a href=\"http:\/\/rockyourgoal.de\/wp-content\/uploads\/2023\/11\/Beschreibung-Challenge-Tool.pdf\">Anleitung zum Challenge Tool<\/a><\/strong><\/p>\n\n\n\n<p>So funktioniert unsere Ehrentafel<\/p>\n\n\n\n<ul class=\"wp-block-list\">\n<li><a href=\"https:\/\/rockyourgoal.de\/wb-admin\/?action=register\">Registriere Dich auf unserer Seite<\/a><\/li>\n\n\n\n<li>W\u00e4hle die von Dir zur\u00fcckgelegte Teilstrecke unter &#8222;Lake&#8220; aus. Wunder Dich nicht, wir nutzen aus Kostengr\u00fcnden f\u00fcr die RiverFlow Challenge das Tool der Bike Lake Challenge. <\/li>\n\n\n\n<li>Gib die von Dir zur\u00fcckgelegte Streckenl\u00e4nge (in Meter) unter \u201c<em>Length (in m)<\/em>\u201c<\/li>\n\n\n\n<li>Gib die ben\u00f6tigte Zeit (in Minuten) unter \u201c<em>Time needed (in min)<\/em>\u201d an<\/li>\n\n\n\n<li>Gib das Datum Deiner Fahrt unter \u201cdate\u201d an. Bei mehreren Tagen bitte den letzten Tag (Tag an dem Du ins Ziel kamst)<\/li>\n\n\n\n<li>Nun kannst Du die Nachweise (z.B. eine Bildschirmkopie Deines Trackings) hochladen unter \u201c<em>Upload proof (optional)<\/em>\u201c<\/li>\n\n\n\n<li>Nun musst Du nur noch SPEICHERN!<\/li>\n\n\n\n<li>Wir pr\u00fcfen Deine Fahrt und geben sie frei. Dann siehst Du Dein Ergebnis in der Rangliste.<\/li>\n<\/ul>\n\n\n\n\n\n\n            <br \/>\n            <p>\n              <label for=\"select_challenge\"><strong>Challenge: <\/strong><\/label>\n              <select name=\"select_challenge\" id=\"select_challenge\" style=\"width: 200px; height: 35px; opacity: 0.75;\">\n                  <option value='0'>Alle Ergebnisse<\/option><option value='48'>Bike Lake Challenge Austria<\/option><option value='41'>Bike Lake Challenge Bavaria<\/option><option value='50'>Bike Lake Challenge Brandenburg<\/option><option value='53'>Bike Lake Challenge Denmark<\/option><option value='51'>Bike Lake Challenge Germany<\/option><option value='43'>Bike Lake Challenge Niedersachsen<\/option><option value='47'>Bike Lake Challenge NRW<\/option><option value='49'>Bike Lake Challenge Sachsen<\/option><option value='42'>Bike Lake Challenge Schleswig-Holstein<\/option><option value='20'>Iron Lake Challenge  Czech Republic<\/option><option value='39'>Iron Lake Challenge - Micro - Neusiedler See<\/option><option value='4'>Iron Lake Challenge Austria<\/option><option value='15'>Iron Lake Challenge Baden-W\u00fcrttemberg<\/option><option value='6'>Iron Lake Challenge Bavaria<\/option><option value='26'>Iron Lake Challenge Belgium<\/option><option value='35'>Iron Lake Challenge Berlin<\/option><option value='11'>Iron Lake Challenge Bodensee<\/option><option value='13'>Iron Lake Challenge Brandenburg<\/option><option value='30'>Iron Lake Challenge Calabria<\/option><option value='52'>Iron Lake Challenge Denmark<\/option><option value='23'>Iron Lake Challenge Espana<\/option><option value='5'>Iron Lake Challenge Germany<\/option><option value='17'>Iron Lake Challenge Hessen<\/option><option value='33'>Iron Lake Challenge K\u00e4rnten<\/option><option value='24'>Iron Lake Challenge Lazio<\/option><option value='22'>Iron Lake Challenge Lombardia<\/option><option value='9'>Iron Lake Challenge Mecklenburg Vorpommern<\/option><option value='40'>Iron Lake Challenge Micro Lago Maggiore<\/option><option value='16'>Iron Lake Challenge Niedersachsen<\/option><option value='7'>Iron Lake Challenge NRW<\/option><option value='28'>Iron Lake Challenge Ober\u00f6sterreich<\/option><option value='29'>Iron Lake Challenge Puglia<\/option><option value='25'>Iron Lake Challenge Rheinland-Pfalz<\/option><option value='10'>Iron Lake Challenge Sachsen<\/option><option value='14'>Iron Lake Challenge Sachsen-Anhalt<\/option><option value='31'>Iron Lake Challenge Salzburg<\/option><option value='12'>Iron Lake Challenge Schleswig-Holstein<\/option><option value='8'>Iron Lake Challenge Schweiz<\/option><option value='19'>Iron Lake Challenge Sicily<\/option><option value='34'>Iron Lake Challenge Steiermark<\/option><option value='55'>Iron Lake Challenge Sweden<\/option><option value='18'>Iron Lake Challenge Th\u00fcringen<\/option><option value='38'>Iron Lake Challenge Tirol<\/option><option value='21'>Iron Lake Challenge Trentino<\/option><option value='32'>Iron Lake Challenge Veneto<\/option><option value='56'>Iron Lake Challenge Wales<\/option><option value='54'>Iron Lake MICRO Challenge V\u00c4NERN<\/option><option value='37'>Iron Lake WORLD Challenge<\/option><option value='57' selected='selected'>RiverFlow RIDE - DANUBE<\/option>\n              <\/select>\n            <\/p>\n        <h2>Keine Ergebnisse<\/h2>\n        <script>\n        document.getElementById(\"select_challenge\").addEventListener(\"change\", (evt) => {\n            const urlParts = document.location.href.split(\"?\");\n            const cleanUrl = urlParts[0];\n            if (urlParts.length > 1 && urlParts[1].indexOf(\"page_id=\") !== -1) {\n                const urlParts2 = document.location.href.split(\"page_id=\");\n                const endId = urlParts2[1].indexOf(\"&\") === -1 ? urlParts2[1].length : urlParts2[1].indexOf(\"&\");\n                const pageId = urlParts2[1].substring(0,endId);\n                window.location.href = cleanUrl + \"?page_id=\" + pageId + \"&c_id=\" + evt.target.value;\n            } else {\n                window.location.href = cleanUrl + \"?c_id=\" + evt.target.value;\n            }\n        });\n      <\/script>\n      \n\n\n\n<h2 class=\"wp-block-heading\">DIE RiverFlow RIDE CHALLENGE IN SOCIAL MEDIA<\/h2>\n\n\n\n<h3 class=\"wp-block-heading\">Mach mit in unserem Forum<\/h3>\n\n\n\n<p>Tausch Dich aus in unserer Community! Unser Forum f\u00fcr Erfahrungen, Berichte, Fragen und mehr<\/p>\n\n\n\n<figure class=\"wp-block-image\"><a href=\"https:\/\/rockyourgoal.de\/forum\/\"><img loading=\"lazy\" decoding=\"async\" width=\"808\" height=\"494\" src=\"http:\/\/rockyourgoal.de\/wp-content\/uploads\/2025\/06\/logo-rockyourgoal-forum-808x494.jpg\" alt=\"Tausch Dich aus in unserer Community! Unser Forum f\u00fcr Erfahrungen, Berichte, Fragen und mehr\" class=\"wp-image-19411\" srcset=\"https:\/\/rockyourgoal.de\/wp-content\/uploads\/2025\/06\/logo-rockyourgoal-forum.jpg 808w, https:\/\/rockyourgoal.de\/wp-content\/uploads\/2025\/06\/logo-rockyourgoal-forum-768x469.jpg 768w, https:\/\/rockyourgoal.de\/wp-content\/uploads\/2025\/06\/logo-rockyourgoal-forum-18x12.jpg 18w\" sizes=\"auto, (max-width: 808px) 100vw, 808px\" \/><\/a><\/figure>\n\n\n\n<h3 class=\"wp-block-heading\"><br>HASHTAGS DER RiverFlow RIDE CHALLENGE<\/h3>\n\n\n\n<p>Wir freuen uns, wenn Du Bilder, Videos und Deine Erfahrungen rund um die RiverFlow RIDE Challenge mit anderen teilst. Daf\u00fcr stellen wir Dir die folgenden Hashtags zur Verf\u00fcgung:<\/p>\n\n\n\n<ul class=\"wp-block-list\">\n<li>#riverflowride<\/li>\n\n\n\n<li>#riverflowridedanube<\/li>\n\n\n\n<li>#timelesschallenge<\/li>\n\n\n\n<li>#timelesschallenger<\/li>\n<\/ul>\n\n\n\n<h3 class=\"wp-block-heading\">DIE RIVER FLOW CHALLENGE AUF FACEBOOK<\/h3>\n\n\n\n<p>Nat\u00fcrlich laden wir Dich herzlich auch in unsere Facebook-Gruppe \u201c<em>Bike Challenge Discussion Board<\/em>\u201d ein.<\/p>\n\n\n\n<h2 class=\"wp-block-heading\">IMPRESSUM<\/h2>\n\n\n\n<p><a href=\"https:\/\/rockyourgoal.de\/deshalb-bist-du-hier\/impressum-und-datenschutz\/\" target=\"_blank\" rel=\"noreferrer noopener\">Zu unserem Impressum<\/a><\/p>\n","protected":false},"excerpt":{"rendered":"<p>Der Donauradweg ist einer der ber\u00fchmtesten und facettenreichsten Fernradwege der Welt. Auf rund 2.850 Kilometern begleitet er den zweitl\u00e4ngsten Fluss Europas von seinem Ursprung im Schwarzwald bis zu seiner M\u00fcndung ins Schwarze Meer. Anmeldung und Leistungsumfang Die Anmeldung zur RiverFlow RIDE Challenge Danube (Donau) kostet Dich&nbsp;24,- EUR. In dieser Startgeb\u00fchr&hellip;<\/p>\n<p> <a class=\"more-link\" href=\"https:\/\/rockyourgoal.de\/it\/riverflow-ride\/danube\/\">Leggi tutto<\/a><\/p>","protected":false},"author":2,"featured_media":21109,"parent":21084,"menu_order":0,"comment_status":"closed","ping_status":"closed","template":"","meta":{"pgc_sgb_lightbox_settings":"","_glsr_average":0,"_glsr_ranking":0,"_glsr_reviews":0,"footnotes":""},"class_list":["post-21080","page","type-page","status-publish","has-post-thumbnail"],"_links":{"self":[{"href":"https:\/\/rockyourgoal.de\/it\/wp-json\/wp\/v2\/pages\/21080","targetHints":{"allow":["GET"]}}],"collection":[{"href":"https:\/\/rockyourgoal.de\/it\/wp-json\/wp\/v2\/pages"}],"about":[{"href":"https:\/\/rockyourgoal.de\/it\/wp-json\/wp\/v2\/types\/page"}],"author":[{"embeddable":true,"href":"https:\/\/rockyourgoal.de\/it\/wp-json\/wp\/v2\/users\/2"}],"replies":[{"embeddable":true,"href":"https:\/\/rockyourgoal.de\/it\/wp-json\/wp\/v2\/comments?post=21080"}],"version-history":[{"count":15,"href":"https:\/\/rockyourgoal.de\/it\/wp-json\/wp\/v2\/pages\/21080\/revisions"}],"predecessor-version":[{"id":21112,"href":"https:\/\/rockyourgoal.de\/it\/wp-json\/wp\/v2\/pages\/21080\/revisions\/21112"}],"up":[{"embeddable":true,"href":"https:\/\/rockyourgoal.de\/it\/wp-json\/wp\/v2\/pages\/21084"}],"wp:featuredmedia":[{"embeddable":true,"href":"https:\/\/rockyourgoal.de\/it\/wp-json\/wp\/v2\/media\/21109"}],"wp:attachment":[{"href":"https:\/\/rockyourgoal.de\/it\/wp-json\/wp\/v2\/media?parent=21080"}],"curies":[{"name":"wp","href":"https:\/\/api.w.org\/{rel}","templated":true}]}}