{"id":2,"date":"2019-05-22T16:28:35","date_gmt":"2019-05-22T16:28:35","guid":{"rendered":"http:\/\/rockyourgoal.de?page_id=2"},"modified":"2024-12-19T14:52:19","modified_gmt":"2024-12-19T13:52:19","slug":"deshalb-bist-du-hier","status":"publish","type":"page","link":"https:\/\/rockyourgoal.de\/it\/deshalb-bist-du-hier\/","title":{"rendered":"Deshalb bist Du hier"},"content":{"rendered":"<p>Keine Ahnung wie Du Dich hierher &#8222;verlaufen&#8220; hast, aber sch\u00f6n, dass Du diese Seite gefunden hast. Und wenn Du schon da bist, dann gib mir die Chance Dir zu beweisen, dass es sich f\u00fcr Dich lohnt hier zu sein. <\/p>\n\n\n\n<p>Ich w\u00fcnsche mir, dass Du immer wieder gerne hierher zur\u00fcckkommst und mit Spannung verfolgst wie es bei mir und bei RockYourGoal so l\u00e4uft, ich biete Dir aber auch mit vielen Informationen, Gedankeng\u00e4ngen und Challenges (hoffentlich) laufend gute Gr\u00fcnde immer wieder zur\u00fcckzukommen.<\/p>\n\n\n\n<p>Ich glaube fest daran, dass jeder Mensch mit seinem Handeln die Welt ver\u00e4ndern kann. Mit RockYourGoal will ich Dich dazu motivieren Deine Grenzen zu \u00fcberwinden und ein kleines St\u00fcck Unsterblichkeit zu erreichen. DAS ist mein &#8222;ZDE&#8220; (Zweck der Existenz). <\/p>\n\n\n\n<p>Ich will Dich inspirieren Deine Grenzen zu \u00fcberwinden und Dein Leben aktiv zu gestalten und nicht nur ablaufen zu lassen, denn Du hast nur dieses Eine! Dazu gebe ich Dir keine Tipps, sondern ich zeige Dir  wie ich es gerade mache und hoffe, dass Dich dies motiviert. Entweder es motiviert Dich es mir nachzumachen oder es besser zu machen. Beides ist f\u00fcr mich in Ordnung. <\/p>\n\n\n\n<p>Doch Du wirst feststellen, dass sich auf dieser Seite so viele Projekte und Ideen befinden die Dich zum Nachdenken bringen und Dein Leben bereichern werden. Es liegt nur an Dir Dich darauf einzulassen. Genau aus diesem Grund habe ich mir z.B. die &#8222;<a href=\"https:\/\/rockyourgoal.de\/it\/timeless-challenge\/\">Timeless Challenge<\/a>&#8220; \u00fcberlegt. Sie soll dir in unterschiedlichen Lebensbereichen eine kleine Motivation bieten den n\u00e4chsten Schritt in ein noch positiveres Leben zu machen.<\/p>\n\n\n\n<p>Ich m\u00f6chte mit RockYourGoal meine eigenen Grenzen \u00fcberwinden um Dir mit konkreten &#8222;Werkzeugen&#8220; das \u00dcberwinden Deiner eigenen Grenzen zu erleichtern.<\/p>\n\n\n<div class=\"wp-block-image\">\n<figure class=\"aligncenter size-large is-resized\"><a href=\"http:\/\/rockyourgoal.de\/wp-content\/uploads\/2021\/11\/performance-aber-mit-spass.jpg\"><img loading=\"lazy\" decoding=\"async\" width=\"1024\" height=\"683\" src=\"http:\/\/rockyourgoal.de\/wp-content\/uploads\/2021\/11\/performance-aber-mit-spass-1024x683.jpg\" alt=\"\" class=\"wp-image-4291\" style=\"width:534px;height:356px\" srcset=\"https:\/\/rockyourgoal.de\/wp-content\/uploads\/2021\/11\/performance-aber-mit-spass-1024x683.jpg 1024w, https:\/\/rockyourgoal.de\/wp-content\/uploads\/2021\/11\/performance-aber-mit-spass-300x200.jpg 300w, https:\/\/rockyourgoal.de\/wp-content\/uploads\/2021\/11\/performance-aber-mit-spass-768x512.jpg 768w, https:\/\/rockyourgoal.de\/wp-content\/uploads\/2021\/11\/performance-aber-mit-spass-850x567.jpg 850w, https:\/\/rockyourgoal.de\/wp-content\/uploads\/2021\/11\/performance-aber-mit-spass.jpg 1536w\" sizes=\"auto, (max-width: 1024px) 100vw, 1024px\" \/><\/a><figcaption class=\"wp-element-caption\">Zu einer guten Performance geh\u00f6rt Genuss<\/figcaption><\/figure>\n<\/div>\n\n\n<h2 class=\"wp-block-heading\">Performance Management<\/h2>\n\n\n\n<p>Es wird auf dieser Seite \u00fcberwiegend um <em>Performance Management<\/em> gehen.<\/p>\n\n\n\n<p>F\u00fcr mich bedeutet &#8222;<em>Performance management<\/em>&#8220; die Verwirklichung meiner Tr\u00e4ume und die haben es in sich! Doch das muss auf der Basis einer starken, k\u00f6rperlichen, finanziellen und mentalen Grundlage passieren. Es bedeutet, mich zu dem Menschen zu entwickeln der ich sein m\u00f6chte und das zu tun was mir Freude bereitet ohne naiv und (finanziell und emotional) blind vorw\u00e4rts zu stolpern. Es geht um eine nachhaltige Lebensperformance!<\/p>\n\n\n\n<p>Es geht darum, meine Tr\u00e4ume in Ziele (<em><a href=\"http:\/\/rockyourgoal.de\/it\/big5forlife\/\" target=\"_blank\" rel=\"noreferrer noopener\">Big5forLife<\/a><\/em>) zu definieren, einen Plan f\u00fcr deren Erf\u00fcllung zu haben aber auch die notwendige Performance im Sinne von Ideen, Motivation und Engagement auf dem Weg dahin aufzubringen. Das ist es was gl\u00fccklich macht! Performancemanagement macht mich zu dem besten Menschen der ich sein kann. Es bedeutet Verantwortung f\u00fcr das eigene Leben, das Leben meiner Liebsten und der Gesellschaft zu \u00fcbernehmen und darauf stolz sein zu k\u00f6nnen. Es bedeutet, die eigenen Grenzen zu verschieben und das in die richtige Richtung.<\/p>\n\n\n\n<h3 class=\"wp-block-heading\">Mindset f\u00fcr Performance<\/h3>\n\n\n\n<p>Ohne das richtige Mindset geht es nicht. Ich arbeite an meiner mentalen St\u00e4rke, die St\u00e4rkung der eigenen Pers\u00f6nlichkeit, Aufbau von Wissen und Selbstvertrauen und an den richtigen Gewohnheiten. Ich gehe in meinen Artikeln immer wieder auf dieses Mindset ein denn ich bin \u00fcberzeugt davon, dass es die Basis f\u00fcr Gl\u00fcck und Erfolg bildet. <\/p>\n\n\n\n<h2 class=\"wp-block-heading\">Zw\u00f6lf Wochen zum Erfolg<\/h2>\n\n\n\n<p>Ich hoffe dies klingt nicht \u00fcberheblich, aber ich verbessere mich laufend und setze mir konkrete (Zwischen) Ziele die ich in einem Zeitraum von zw\u00f6lf Wochen erf\u00fcllen m\u00f6chte. So wirst Du bei mir immer wieder von den &#8222;<em>12-Wochen-Projekten<\/em>&#8220; lesen. <\/p>\n\n\n\n<p>Ein konkretes Beispiel ist z.B. die Erstellung und Ver\u00f6ffentlichung meines ersten E-Books &#8222;<a href=\"http:\/\/rockyourgoal.de\/it\/meine-angebote\/ocr-und-spartanrace\/griffkrafttraining-ocr\/\" target=\"_blank\" rel=\"noreferrer noopener\">Griffkrafttraining f\u00fcr Hindernisl\u00e4ufer<\/a>&#8222;. Dieses habe ich in genau zw\u00f6lf Wochen realisiert und bin stolz darauf. <\/p>\n\n\n\n<h3 class=\"wp-block-heading\">Warum zw\u00f6lf Wochen?<\/h3>\n\n\n\n<p>Ich bin begeisterter Sportler und bin es gewohnt in der Wettkampfvorbereitung nach einem 12-Wochen-Plan zu trainieren. Daraus habe ich an mir selbst gesehen und gesp\u00fcrt wie viel ich in zw\u00f6lf Wochen erreichen kann. Zw\u00f6lf Wochen sind ein \u00fcberschaubarer Zeitraum in dem es m\u00f6glich ist die Motivation extrem hoch zu halten. Der Zeitraum ist aber auch lang genug um auch gr\u00f6\u00dfere Ziele zu verwirklichen. Um ein Ziel in zw\u00f6lf Wochen zu erreichen muss ich fokussiert bleiben, aber das ist \u00fcber diesen kurzen Zeitraum gut machbar. <\/p>\n\n\n\n<h2 class=\"wp-block-heading\">Die Kernthemen dieses Blogs<\/h2>\n\n\n\n<p>Ich schreibe hier \u00fcber mein &#8222;Warum&#8220; und versuche mit konkreten Projekten die Fragen nach dem &#8222;Was&#8220; und &#8222;Wie&#8220; zu beantworten. ich schreibe also \u00fcber Themen die meine Leidenschaft geweckt haben und die es Wert sind, dass Du sie liest. Ich will Dich in meinen Artikeln mitnehmen, ich will Dich aber auch begeistern und inspirieren!<\/p>\n\n\n\n<p>Deshalb habe ich mich auf die folgenden Themen konzentriert:<\/p>\n\n\n\n<ul class=\"wp-block-list\">\n<li><a href=\"https:\/\/rockyourgoal.de\/it\/big5forlife\/\" target=\"_blank\" rel=\"noreferrer noopener\">Tr\u00e4ume und Ziele (Big5forLife)<\/a>: Ich habe meine f\u00fcnf gro\u00dfen Ziele klar definiert. Diese Seite ist entscheidend bei der Erf\u00fcllung dieser Ziele. <\/li>\n\n\n\n<li><a rel=\"noreferrer noopener\" href=\"https:\/\/rockyourgoal.de\/it\/meine-angebote\/\" target=\"_blank\">Performance f\u00fcr Sportler<\/a>: Seit vielen Jahren begeistere ich mich f\u00fcr Hindernislauf (OCR) und Traillauf. In diesen beiden Sportarten habe ich sehr viel Know-How aufgebaut und dieses gebe ich in Form von Artikeln, Trainingspl\u00e4nen und sportartspezifischen Informationen weiter. Mentaltraining (ich bin ausgebildeter Sport-Mental-Coach) unterst\u00fctzt mich aber auch meine Leser auf ihrem Weg. <\/li>\n\n\n\n<li><a href=\"https:\/\/rockyourgoal.de\/it\/hindernislauf-trainingsplan\/\" target=\"_blank\" rel=\"noreferrer noopener\">OCR (Hindernislauf) Trainingspl\u00e4ne<\/a>: Ich bin stolz darauf, zahlreiche Hindernisl\u00e4ufer mit pers\u00f6nlichen Pl\u00e4nen zu unterst\u00fctzen ihre Ziele zu erreichen und ihre Grenzen zu verschieben.   <\/li>\n\n\n\n<li><a href=\"http:\/\/rockyourgoal.de\/it\/meine-angebote\/trailrunning\/\">Trailrunning<\/a> und Wandern:<\/li>\n\n\n\n<li>KLUW (Konstant Lernen Und Wachsen)<\/li>\n\n\n\n<li><a href=\"https:\/\/rockyourgoal.de\/it\/big5forlife\/multiplanetare-menschheit\/\" target=\"_blank\" rel=\"noreferrer noopener\">Raumfahrt<\/a><\/li>\n\n\n\n<li><a rel=\"noreferrer noopener\" href=\"https:\/\/rockyourgoal.de\/it\/big5forlife\/trees4breeze\/\" target=\"_blank\">B\u00e4ume pflanzen um unsere Erde lebenswert zu halten<\/a>: Die Aktion &#8222;Trees4Breeze&#8220; ist mein Weg um meinen Lebenstraum, eine Million B\u00e4ume weltweit zu pflanzen, zu erf\u00fcllen. Das ist mir sehr wichtig, weshalb ich einen Gro\u00dfteil der Einnahmen von RockYourGoal f\u00fcr dieses nachhaltige Projekt einsetze. <\/li>\n\n\n\n<li><a href=\"https:\/\/rockyourgoal.de\/it\/timeless-challenge\/\" target=\"_blank\" rel=\"noreferrer noopener\">Die gr\u00f6\u00dfte Challenge der Welt (Timeless Challenge)<\/a>: Das ist die &#8222;Idee meines Lebens&#8220; und mein Weg wie ich die eine Million B\u00e4ume finanzieren kann (also ein &#8222;Wie&#8220;), ohne um Spenden zu betteln. Es ist auch mein Weg zu der Erf\u00fcllung meiner Big5forLife.<\/li>\n\n\n\n<li><a rel=\"noreferrer noopener\" href=\"https:\/\/rockyourgoal.de\/it\/iron-lake-challenge\/\" target=\"_blank\">Iron Lake Challenge<\/a>: Damit will ich Dich motivieren die sch\u00f6nsten Pl\u00e4tze der Erde zu besuchen und diese aktiv zu erfahren! Aber Du wirst sehen, dass Du auch hier Deine Grenzen \u00fcberwinden musst. <\/li>\n<\/ul>\n\n\n\n<h2 class=\"wp-block-heading\">Kompass anstatt der Uhr<\/h2>\n\n\n\n<p>Apropos Performance&#8230;&#8230; <\/p>\n\n\n\n<p>Ich habe festgestellt, dass ich den Kompass der Uhr vorziehen sollte. Ich habe gelernt, dass ich meine Grenzen nur \u00fcberwinden kann, wenn ich eine klare Richtung habe. Wenn ich mein Leben so gestalten m\u00f6chte, dass ich gl\u00fccklich, zufrieden und erfolgreich bin, dann muss ich wissen wohin ich will (konkrete Vision, Werte, Ziele) und meine Gewohnheiten klar darauf ausrichten.<\/p>\n\n\n\n<p>Du musst Dein Ziel kennen und brauchst einen &#8222;Kompass&#8220; der Dich dort hin bringt. Das kann ein Mensch, ein Buch, ein Video oder ein guter Plan sein. Am Besten sind jedoch die richtigen Gewohnheiten. Auf alle F\u00e4lle sollte es nicht die Uhr sein! Wer nach der Uhr lebt der geht schnell voran, aber er wei\u00df nicht ob er in die richtige Richtung geht. Das hei\u00dft, ein Leben nach der Uhr kann Dich ganz schnell von Deinen W\u00fcnschen, Tr\u00e4umen und Zielen weg bringen. Mach lieber langsam, daf\u00fcr in die richtige Richtung und mit Genuss!<\/p>\n\n\n<div class=\"wp-block-image\">\n<figure class=\"aligncenter\"><img loading=\"lazy\" decoding=\"async\" width=\"278\" height=\"300\" src=\"http:\/\/rockyourgoal.de\/wp-content\/uploads\/2019\/07\/kompass-statt-uhr-278x300.jpg\" alt=\"\" class=\"wp-image-176\" srcset=\"https:\/\/rockyourgoal.de\/wp-content\/uploads\/2019\/07\/kompass-statt-uhr-278x300.jpg 278w, https:\/\/rockyourgoal.de\/wp-content\/uploads\/2019\/07\/kompass-statt-uhr-300x323.jpg 300w, https:\/\/rockyourgoal.de\/wp-content\/uploads\/2019\/07\/kompass-statt-uhr.jpg 758w\" sizes=\"auto, (max-width: 278px) 100vw, 278px\" \/><\/figure>\n<\/div>\n\n\n<p class=\"has-text-align-center\"><\/p>\n\n\n\n<h2 class=\"wp-block-heading\">Ab jetzt hei\u00dft es &#8222;Rock your dreams&#8220;!!!<\/h2>\n\n\n\n<p>&#8222;<em>Ich habe nach meiner Schulausbildung 20 Jahre&nbsp; im &#8222;Mittelma\u00df&#8220; gelebt und so nebenbei 4 Jahrzehnte einfach &#8222;flie\u00dfen&#8220; lassen<\/em>&#8220; (Uwe 2016)<\/p>\n\n\n\n<p>Meine verbleibenden Jahre wird sich das \u00e4ndern! Ab sofort hei\u00dft es f\u00fcr mich &#8222;Rock Your Goal&#8220;! Es ist die Zeit gekommen, meine Ziele zu erf\u00fcllen und meine Grenzen zu \u00fcberwinden. Es ist Zeit, meine Tr\u00e4ume zu leben und mein Leben zu etwas zu machen auf das ich stolz sein kann und das unsere Welt etwas besser macht! Ich m\u00f6chte Menschen dazu ermutigen, ihren pers\u00f6nlichen und ganz besonderen Weg zu gehen. Ich m\u00f6chte aber vor allem auch die Menschen inspirieren die bereits vier oder mehr Jahrzehnte auf dem Buckel haben! Leute, nutzt eure verbleibende Zeit! Es lohnt sich.<\/p>\n\n\n\n<h3 class=\"wp-block-heading\">Auf dem Weg<\/h3>\n\n\n\n<p>Ok, ich bin ehrlich zu Dir! Ich fange nicht bei Null an! Ich habe mich bereits seit 2016 auf die Reise zur Erf\u00fcllung meiner Visionen, Tr\u00e4ume und Ziele begeben und bereits viele Fehler gemacht, daraus gelernt und die ersten Teilziele erreicht. Ich habe selbst gesehen wie viel man mit Ideenreichtum und Engagement erreichen kann. Ich habe gelernt, dass alles m\u00f6glich ist wenn man sich selbst weiterentwickelt und an sich und seine Ziele glaubt!\u00a0<ins class=\"adsbygoogle\" style=\"display: block;\" data-ad-client=\"ca-pub-6022900919980881\" data-ad-format=\"auto\" data-ad-slot=\"4549036445\" data-full-width-responsive=\"true\"><\/p>\n\n\n\n<h2 class=\"wp-block-heading\">Dein Mehrwert vom Lesen dieses Blogs<\/h2>\n\n\n\n<p>Ich nehme Dich mit auf meine Reise und teile mit Dir meine Erfahrungen, Fehler, Tipps, Bilder und Videos. Daran kannst Du Dir Anregungen holen wie die Dinge funktionieren oder eben nicht funktionieren.  Du lernst auf alle F\u00e4lle.<\/p>\n\n\n\n<p>Es gibt viele Menschen die viel mehr Erfahrung haben als ich. Aber die sind nicht hier! Du kannst also mit mir Vorlieb nehmen oder weiter suchen \ud83d\ude09 Ich hoffe jedoch, dass Du genug Neugierde und Offenheit mitbringst und immer wieder hier vorbeischaust.<\/p>\n\n\n\n<p>Ich kann und werde absolut ehrlich zu Dir sein. Ob Du das verkraftet musst Du selbst entscheiden.<\/p>\n\n\n\n<p>Vielleicht erscheinen Dir meine Tr\u00e4ume und Ziele viel zu gro\u00df, vielleicht auch zu klein. Vielleicht scheinen sie Dir unsinnig, vielleicht erstrebenswert. Ganz egal, ich bin kein Elon Musk, deshalb sind es ja auch MEINE Ziele! Aber vielleicht inspirieren Dich manche Dinge dann doch&#8230;<\/p>\n\n\n\n<p>Ich bin der Meinung, dass wir voneinander lernen k\u00f6nnen und ich liebe es zu lernen! Ich liebe es aber auch, meine Erfahrungen weiterzugeben. Deshalb ist diese Seite hier entstanden.<\/p>\n\n\n\n<p>Sie soll Dich informieren, neue Fragen aufwerfen, Dich inspirieren und motivieren!<\/p>\n\n\n\n<p>Wenn ich nur EINEN von euch ebenfalls motivieren kann sich auf die Reise zu begeben und den ersten Schritt zu machen, dann hat sich der ganze Aufwand gelohnt!<\/p>\n\n\n<div class=\"wp-block-image\">\n<figure class=\"aligncenter\"><img loading=\"lazy\" decoding=\"async\" width=\"225\" height=\"225\" src=\"http:\/\/rockyourgoal.de\/wp-content\/uploads\/2019\/07\/erster-Schritt.jpg\" alt=\"\" class=\"wp-image-179\" srcset=\"https:\/\/rockyourgoal.de\/wp-content\/uploads\/2019\/07\/erster-Schritt.jpg 225w, https:\/\/rockyourgoal.de\/wp-content\/uploads\/2019\/07\/erster-Schritt-150x150.jpg 150w\" sizes=\"auto, (max-width: 225px) 100vw, 225px\" \/><\/figure>\n<\/div>","protected":false},"excerpt":{"rendered":"<p>Keine Ahnung wie Du Dich hierher &#8222;verlaufen&#8220; hast, aber sch\u00f6n, dass Du diese Seite gefunden hast. Und wenn Du schon da bist, dann gib mir die Chance Dir zu beweisen, dass es sich f\u00fcr Dich lohnt hier zu sein. Ich w\u00fcnsche mir, dass Du immer wieder gerne hierher zur\u00fcckkommst und&hellip;<\/p>\n<p> <a class=\"more-link\" href=\"https:\/\/rockyourgoal.de\/it\/deshalb-bist-du-hier\/\">Leggi tutto<\/a><\/p>","protected":false},"author":2,"featured_media":10343,"parent":0,"menu_order":2,"comment_status":"closed","ping_status":"open","template":"","meta":{"pgc_sgb_lightbox_settings":"","_glsr_average":0,"_glsr_ranking":0,"_glsr_reviews":0,"footnotes":""},"class_list":["post-2","page","type-page","status-publish","has-post-thumbnail"],"_links":{"self":[{"href":"https:\/\/rockyourgoal.de\/it\/wp-json\/wp\/v2\/pages\/2","targetHints":{"allow":["GET"]}}],"collection":[{"href":"https:\/\/rockyourgoal.de\/it\/wp-json\/wp\/v2\/pages"}],"about":[{"href":"https:\/\/rockyourgoal.de\/it\/wp-json\/wp\/v2\/types\/page"}],"author":[{"embeddable":true,"href":"https:\/\/rockyourgoal.de\/it\/wp-json\/wp\/v2\/users\/2"}],"replies":[{"embeddable":true,"href":"https:\/\/rockyourgoal.de\/it\/wp-json\/wp\/v2\/comments?post=2"}],"version-history":[{"count":68,"href":"https:\/\/rockyourgoal.de\/it\/wp-json\/wp\/v2\/pages\/2\/revisions"}],"predecessor-version":[{"id":18045,"href":"https:\/\/rockyourgoal.de\/it\/wp-json\/wp\/v2\/pages\/2\/revisions\/18045"}],"wp:featuredmedia":[{"embeddable":true,"href":"https:\/\/rockyourgoal.de\/it\/wp-json\/wp\/v2\/media\/10343"}],"wp:attachment":[{"href":"https:\/\/rockyourgoal.de\/it\/wp-json\/wp\/v2\/media?parent=2"}],"curies":[{"name":"wp","href":"https:\/\/api.w.org\/{rel}","templated":true}]}}