{"id":19666,"date":"2025-07-04T10:31:52","date_gmt":"2025-07-04T08:31:52","guid":{"rendered":"https:\/\/rockyourgoal.de\/?page_id=19666"},"modified":"2025-07-10T12:57:40","modified_gmt":"2025-07-10T10:57:40","slug":"vanern","status":"publish","type":"page","link":"https:\/\/rockyourgoal.de\/it\/iron-lake-challenge\/iron-lake-micro-challenges\/vanern\/","title":{"rendered":"Iron Lake MICRO Challenge V\u00e4nern (V\u00e4nernsee)"},"content":{"rendered":"\n<p>Der im S\u00fcdwesten Schwedens gelegene V\u00e4nernsee (V\u00e4nern) ist der gr\u00f6\u00dfte See der Europ\u00e4ischen Union und der drittgr\u00f6\u00dfte See Europas. Nur in Russland gibt es zwei noch gr\u00f6\u00dfere Seen. \u00dcber 22.000 Inseln, verschiedene Naturschutzgebiete und eine zum Teil unber\u00fchrte Natur machen diesen See interessant und geben eine Ahnung welche Gr\u00f6\u00dfe dieses Gew\u00e4sser hat. Zahlreiche Kan\u00e4le, Br\u00fccken und kleine beschauliche St\u00e4dtchen machen eine Umrundung des V\u00e4nern zu einem Erlebnis und Abenteuer. <\/p>\n\n\n\n<p>Eine Umrundung des V\u00e4nern bietet Dir auf \u00fcber 600 Kilometer Herausforderung und Genuss. Mach mit und umrunde den V\u00e4nern zu Fu\u00df und verdien Dir die sch\u00f6ne (und seltene) Sammlermedaille der Iron Lake MICRO Challenge in der Edition &#8222;V\u00e4nern&#8220;. <\/p>\n\n\n<div class=\"wp-block-image\">\n<figure class=\"aligncenter size-medium\"><a href=\"https:\/\/www.digistore24.com\/product\/622170\"><img loading=\"lazy\" decoding=\"async\" width=\"300\" height=\"300\" src=\"https:\/\/rockyourgoal.de\/wp-content\/uploads\/2025\/07\/Iron-Lake-Micro-Challenge-Vaenern-1-300x300.jpg\" alt=\"\" class=\"wp-image-19700\" srcset=\"https:\/\/rockyourgoal.de\/wp-content\/uploads\/2025\/07\/Iron-Lake-Micro-Challenge-Vaenern-1-300x300.jpg 300w, https:\/\/rockyourgoal.de\/wp-content\/uploads\/2025\/07\/Iron-Lake-Micro-Challenge-Vaenern-1-150x150.jpg 150w\" sizes=\"auto, (max-width: 300px) 100vw, 300px\" \/><\/a><\/figure>\n<\/div>\n\n\n<h2 class=\"wp-block-heading\">Regeln<\/h2>\n\n\n\n<p>Die Regeln zur&nbsp;<em>Iron Lake Challenge Micro \u2013 V\u00e4nern<\/em>&nbsp;sind sehr einfach. Trotzdem m\u00f6chten wir sie an dieser Stelle noch einmal klarstellen:<\/p>\n\n\n\n<ul class=\"wp-block-list\">\n<li><a href=\"https:\/\/www.digistore24.com\/product\/622170\">Melde Dich bei der Iron Lake MICRO Challenge V\u00e4nern an!<\/a><\/li>\n\n\n\n<li>Um diese Challenge zu bezwingen und Dir die sch\u00f6ne Sammlermedaille \u201e<em>edition<\/em>&nbsp;<em>V\u00e4nern<\/em>\u201c zu verdienen, musst Du nach Deiner Anmeldung den kompletten V\u00e4nern zu Fu\u00df umrunden.<\/li>\n\n\n\n<li>Fahrr\u00e4der, Skates etc. sind nicht gestattet, Du darfst aber gerne wandern oder laufen.<\/li>\n\n\n\n<li>Du hast \u00fcber 600 Kilometer zu bew\u00e4ltigen, daf\u00fcr hast Du jedoch unbegrenzt Zeit. <\/li>\n\n\n\n<li>Wir vertrauen Dir, dass Du den See wirklich umrundet hast. Wenn Du jedoch in die Zeit Wertung aufgenommen werden willst, dann brauchen wir eine Kopie Deines Trackings. Dabei ist es uns egal womit (welche Uhr, Smartphone oder App Du nutzt).<\/li>\n<\/ul>\n\n\n\n<p><strong>Allgemeines BITTE BEACHTEN!<\/strong><\/p>\n\n\n\n<ul class=\"wp-block-list\">\n<li>Beachte bitte, dass im \u00f6ffentlichen Verkehrsraum und entlang von Stra\u00dfen und Radwegen die Stra\u00dfenverkehrsordnung gilt. Bewege Dich also r\u00fccksichtsvoll.<\/li>\n\n\n\n<li>Du umrundest die Seen auf eigene Gefahr und auf eigenes Risiko. Der Betreiber dieser Internetseite \u00fcbernimmt keinerlei Haftung.<\/li>\n\n\n\n<li>Bitte beachte ggf. \u00e4rztliche Ratschl\u00e4ge oder lasse Dich vor dem Start der Challenge \u00e4rztlich untersuchen. Du bist selber f\u00fcr Deinen Gesundheitszustand, deine Ausr\u00fcstung und Kondition verantwortlich. Eine Tour abzubrechen ist keine Schande, die Gesundheit geht immer vor<\/li>\n<\/ul>\n\n\n<div class=\"wp-block-image\">\n<figure class=\"aligncenter size-large\"><img loading=\"lazy\" decoding=\"async\" width=\"768\" height=\"361\" src=\"https:\/\/rockyourgoal.de\/wp-content\/uploads\/2025\/07\/iron-lake-micro-challenge-vaenern-768x361.jpg\" alt=\"\" class=\"wp-image-19671\"\/><\/figure>\n<\/div>\n\n\n<p><strong>Ein paar Regeln zum Umgang mit der Natur w\u00e4hrend Deiner Seenumrundung:<\/strong><\/p>\n\n\n\n<ul class=\"wp-block-list\">\n<li>Bitte ber\u00fccksichtige die lokalen Hinweise zum Schutz der Natur.<\/li>\n\n\n\n<li>Bitte nicht abseits der Wege gehen.<\/li>\n\n\n\n<li>Bitte keinen L\u00e4rm machen.<\/li>\n\n\n\n<li>Bitte keine Steine oder Mineralien sammeln.<\/li>\n\n\n\n<li>Bitte keine Pilze sammeln.<\/li>\n\n\n\n<li>Bitte keinen M\u00fcll liegen lassen.<\/li>\n\n\n\n<li>Bitte keine Tiere f\u00fcttern.<\/li>\n\n\n\n<li>Bitte kein offenes Feuer machen.<\/li>\n\n\n\n<li>Bitte keine Pflanzen pfl\u00fccken.<\/li>\n<\/ul>\n\n\n\n<p>Das sollte eigentlich f\u00fcr uns alle klar sein, aber es schadet nicht sich daran von Zeit zu Zeit zu erinnern.&nbsp;<\/p>\n\n\n\n<h2 class=\"wp-block-heading\">Anmeldung und Leistungsumfang<\/h2>\n\n\n\n<p>Die Anmeldung zur Iron Lake Challenge Micro \u2013 V\u00e4nern kostet Dich&nbsp;<strong>24,- EUR<\/strong>.<\/p>\n\n\n\n<p>In dieser Startgeb\u00fchr ist unsere&nbsp;<em>Iron<\/em>&nbsp;<em>Lake Challenge Micro \u201cV\u00e4nern\u201d Sammlermedaille<\/em>&nbsp;(5cm Durchmesser) sowie die gr\u00fcne Murmel (20mm) der&nbsp;<a href=\"https:\/\/rockyourgoal.de\/timeless-challenge\/\" target=\"_blank\" rel=\"noreferrer noopener\">Timeless Challenge<\/a>&nbsp;enthalten.<\/p>\n\n\n\n<p>Allerdings musst Du f\u00fcr diese erst den See komplett umrunden!&nbsp;<strong>Erst dann<\/strong>&nbsp;schicken wir Dir die wohlverdiente Medaille und Murmel zu! Du willst sie schlie\u00dflich verdienen und nicht geschenkt bekommen.<\/p>\n\n\n\n<p>Mit Deiner Anmeldegeb\u00fchr unterst\u00fctzt Du mein Herzensprojekt der&nbsp;<a rel=\"noreferrer noopener\" href=\"https:\/\/rockyourgoal.de\/big5forlife\/trees4breeze\/\" target=\"_blank\">Wiederaufforstung von einer Million B\u00e4umen weltweit!<\/a><\/p>\n\n\n\n<p><strong>So kannst Du Dich anmelden<\/strong>:<\/p>\n\n\n\n<ul class=\"wp-block-list\">\n<li><em><strong><a href=\"https:\/\/www.digistore24.com\/product\/622170\">Klick bitte auf das Logo und Du wirst zur Anmeldeseite unseres Partners Digistore24 geleitet<\/a><\/strong><\/em><\/li>\n\n\n\n<li>Du bekommst nun eine Anmeldebest\u00e4tigung<\/li>\n\n\n\n<li>Nun musst Du um den Neusiedler See, und das zu Fu\u00df. Sobald Du dies geschafft hast, lade bitte eine Kopie Deines Trackings in unser Tool. Alternativ kannst Du sie uns auch per Email schicken.<\/li>\n\n\n\n<li>Nachdem wir dieses gepr\u00fcft haben, erh\u00e4ltst Du Deine wohlverdiente Medaille und Murmel. Easy, oder?<\/li>\n<\/ul>\n\n\n<div class=\"wp-block-image\">\n<figure class=\"aligncenter size-medium\"><a href=\"https:\/\/www.digistore24.com\/product\/622170\"><img loading=\"lazy\" decoding=\"async\" width=\"300\" height=\"300\" src=\"https:\/\/rockyourgoal.de\/wp-content\/uploads\/2025\/07\/Iron-Lake-Micro-Challenge-Vaenern-1-300x300.jpg\" alt=\"\" class=\"wp-image-19700\" style=\"aspect-ratio:1;object-fit:cover\" srcset=\"https:\/\/rockyourgoal.de\/wp-content\/uploads\/2025\/07\/Iron-Lake-Micro-Challenge-Vaenern-1-300x300.jpg 300w, https:\/\/rockyourgoal.de\/wp-content\/uploads\/2025\/07\/Iron-Lake-Micro-Challenge-Vaenern-1-150x150.jpg 150w\" sizes=\"auto, (max-width: 300px) 100vw, 300px\" \/><\/a><figcaption class=\"wp-element-caption\"><a href=\"https:\/\/www.digistore24.com\/product\/622170\">Klick auf das Logo um Dich anzumelden!<\/a><\/figcaption><\/figure>\n<\/div>\n\n\n<h3 class=\"wp-block-heading\">Deine Medaille und Deine Murmel<\/h3>\n\n\n\n<p>Wenn Du den V\u00e4nern zu Fu\u00df umrundet hast, dann hast Du Dir die wundersch\u00f6ne Iron Lake Challenge MICRO \u201c<em>V\u00e4nern<\/em>\u201d Medaille verdient.<\/p>\n\n\n\n<figure class=\"wp-block-table\"><table class=\"has-fixed-layout\"><tbody><tr><td class=\"has-text-align-center\" data-align=\"center\"><img loading=\"lazy\" decoding=\"async\" width=\"150\" height=\"145\" class=\"wp-image-19702\" style=\"width: 150px;\" src=\"http:\/\/rockyourgoal.de\/wp-content\/uploads\/2025\/07\/Iron-Lake-Micro-Challenge-Vaenern-Medal.jpg\" alt=\"\" srcset=\"https:\/\/rockyourgoal.de\/wp-content\/uploads\/2025\/07\/Iron-Lake-Micro-Challenge-Vaenern-Medal.jpg 476w, https:\/\/rockyourgoal.de\/wp-content\/uploads\/2025\/07\/Iron-Lake-Micro-Challenge-Vaenern-Medal-300x290.jpg 300w, https:\/\/rockyourgoal.de\/wp-content\/uploads\/2025\/07\/Iron-Lake-Micro-Challenge-Vaenern-Medal-12x12.jpg 12w\" sizes=\"auto, (max-width: 150px) 100vw, 150px\" \/><\/td><td class=\"has-text-align-center\" data-align=\"center\"><img loading=\"lazy\" decoding=\"async\" width=\"150\" height=\"86\" class=\"wp-image-10260\" style=\"width: 150px;\" src=\"http:\/\/rockyourgoal.de\/wp-content\/uploads\/2022\/12\/murmeln-timeless-challenge.jpg\" alt=\"\" srcset=\"https:\/\/rockyourgoal.de\/wp-content\/uploads\/2022\/12\/murmeln-timeless-challenge.jpg 1072w, https:\/\/rockyourgoal.de\/wp-content\/uploads\/2022\/12\/murmeln-timeless-challenge-300x172.jpg 300w, https:\/\/rockyourgoal.de\/wp-content\/uploads\/2022\/12\/murmeln-timeless-challenge-1024x587.jpg 1024w, https:\/\/rockyourgoal.de\/wp-content\/uploads\/2022\/12\/murmeln-timeless-challenge-768x440.jpg 768w, https:\/\/rockyourgoal.de\/wp-content\/uploads\/2022\/12\/murmeln-timeless-challenge-18x10.jpg 18w, https:\/\/rockyourgoal.de\/wp-content\/uploads\/2022\/12\/murmeln-timeless-challenge-850x487.jpg 850w\" sizes=\"auto, (max-width: 150px) 100vw, 150px\" \/><\/td><\/tr><\/tbody><\/table><\/figure>\n\n\n\n<h3 class=\"wp-block-heading\">Life Score Punkte und die Timeless Murmel<\/h3>\n\n\n\n<p>Die Iron Lake MICRO Challenge ist Teil unserer&nbsp;<a href=\"https:\/\/rockyourgoal.de\/timeless-challenge\/\" target=\"_blank\" rel=\"noreferrer noopener\">Timeless Challenge<\/a>. Deshalb verdienst Du (zus\u00e4tzlich zu der Sammlermedaille) die Murmel in gr\u00fcn (Gesundheit\/Sport). Diese wird Dir ebenfalls \u00fcbersandt. Die Murmel wird einen Durchmesser von 20mm haben.<\/p>\n\n\n<div class=\"wp-block-image\">\n<figure class=\"aligncenter\"><img loading=\"lazy\" decoding=\"async\" width=\"300\" height=\"300\" src=\"http:\/\/rockyourgoal.de\/wp-content\/uploads\/2022\/12\/image.png\" alt=\"\" class=\"wp-image-10036\" srcset=\"https:\/\/rockyourgoal.de\/wp-content\/uploads\/2022\/12\/image.png 300w, https:\/\/rockyourgoal.de\/wp-content\/uploads\/2022\/12\/image-150x150.png 150w, https:\/\/rockyourgoal.de\/wp-content\/uploads\/2022\/12\/image-12x12.png 12w\" sizes=\"auto, (max-width: 300px) 100vw, 300px\" \/><figcaption class=\"wp-element-caption\">Verdien Dir die gr\u00fcne Murmel der Timeless Challenge<\/figcaption><\/figure>\n<\/div>\n\n\n<p>Au\u00dferdem verdienst Du mit Deiner Leistung&nbsp;f\u00fcr 10 zur\u00fcckgelegte Kilometer&nbsp;<strong>1 Life Score Punkt. <\/strong>Bei diesem See summiert sich das \ud83d\ude42&nbsp;<\/p>\n\n\n\n<h2 class=\"wp-block-heading\">Die Iron Lake Challenge in Social Media<\/h2>\n\n\n\n<h3 class=\"wp-block-heading\">Mach mit in unserem Forum<\/h3>\n\n\n\n<p>Tausch Dich aus in unserer Community! Unser Forum f\u00fcr Erfahrungen, Berichte, Fragen und mehr<\/p>\n\n\n\n<figure class=\"wp-block-image\"><a href=\"https:\/\/rockyourgoal.de\/forum\/\"><img loading=\"lazy\" decoding=\"async\" width=\"808\" height=\"494\" src=\"http:\/\/rockyourgoal.de\/wp-content\/uploads\/2025\/06\/logo-rockyourgoal-forum-808x494.jpg\" alt=\"Tausch Dich aus in unserer Community! Unser Forum f\u00fcr Erfahrungen, Berichte, Fragen und mehr\" class=\"wp-image-19411\" srcset=\"https:\/\/rockyourgoal.de\/wp-content\/uploads\/2025\/06\/logo-rockyourgoal-forum.jpg 808w, https:\/\/rockyourgoal.de\/wp-content\/uploads\/2025\/06\/logo-rockyourgoal-forum-768x469.jpg 768w, https:\/\/rockyourgoal.de\/wp-content\/uploads\/2025\/06\/logo-rockyourgoal-forum-18x12.jpg 18w\" sizes=\"auto, (max-width: 808px) 100vw, 808px\" \/><\/a><\/figure>\n\n\n\n<h3 class=\"wp-block-heading\"><br>Hashtags der Iron Lake Challenge<\/h3>\n\n\n\n<p>Wir freuen uns, wenn Du Bilder, Videos und Deine Erfahrungen rund um die Iron Lake Challenge mit anderen teilst. Daf\u00fcr stellen wir Dir die folgenden Hashtags zur Verf\u00fcgung:<\/p>\n\n\n\n<ul class=\"wp-block-list\">\n<li>#ironlakechallenge<\/li>\n\n\n\n<li>#ironlakechallevaenern<\/li>\n\n\n\n<li>#timelesschallenge<\/li>\n\n\n\n<li>#timelesschallenger<\/li>\n<\/ul>\n\n\n\n<h3 class=\"wp-block-heading\">Die Iron Lake Challenge auf Facebook<\/h3>\n\n\n\n<p>Nat\u00fcrlich laden wir Dich herzlich auch in unsere Facebook-Gruppe \u201c<em><a rel=\"noreferrer noopener\" href=\"https:\/\/www.facebook.com\/groups\/ironlakechallengediscussionboard\/?ref=share_group_link\" target=\"_blank\">Iron Lake Challenge Discussion Board<\/a><\/em>\u201d ein.<\/p>\n\n\n\n<h2 class=\"wp-block-heading\">IRON LAKE CHALLENGE V\u00e4nern EHRENTAFEL<\/h2>\n\n\n\n<p>Hier kannst Du Deine Ergebnisse schnell und unkompliziert eintragen und die Nachweise (z.B. Bildschirmkopie Deines Trackings) hochladen. Wir pr\u00fcfen diese und geben sie frei. Dann ist Dein Ergebnis gespeichert und erscheint in der Ehrentafel.<\/p>\n\n\n\n<p class=\"has-text-align-center\"><strong><a href=\"http:\/\/rockyourgoal.de\/wp-content\/uploads\/2023\/11\/Beschreibung-Challenge-Tool.pdf\">Anleitung zum Challenge Tool<\/a><\/strong><\/p>\n\n\n\n<p>So funktioniert unsere Ehrentafel<\/p>\n\n\n\n<ul class=\"wp-block-list\">\n<li><a href=\"https:\/\/rockyourgoal.de\/wb-admin\/?action=register\" target=\"_blank\" rel=\"noreferrer noopener\">Registriere Dich auf unserer Seite<\/a><\/li>\n\n\n\n<li>W\u00e4hle den Lago Maggiore unter \u201cSummit\/Lake\u201d aus<\/li>\n\n\n\n<li>Gib die von Dir zur\u00fcckgelegte Streckenl\u00e4nge (in Meter) unter \u201c<em>Length (in Meter) an<\/em>\u201c<\/li>\n\n\n\n<li>Gib die ben\u00f6tigte Zeit (in Minuten) unter \u201c<em>Time needed (in min)<\/em>\u201d an<\/li>\n\n\n\n<li>Gib das Datum Deiner Umrundung unter \u201cdate\u201d an<\/li>\n\n\n\n<li>Nun kannst Du die Nachweise (z.B. eine Bildschirmkopie Deines Trackings) hochladen unter \u201c<em>Upload proof (optional)<\/em>\u201c<\/li>\n\n\n\n<li>Nun musst Du nur noch SPEICHERN!<\/li>\n\n\n\n<li>Wir pr\u00fcfen Deine Umrundung und geben sie frei. Dann siehst Du Dein Ergebnis in der Rangliste.<\/li>\n<\/ul>\n\n\n\n\n\n\n            <br \/>\n            <p>\n              <label for=\"select_challenge\"><strong>Challenge: <\/strong><\/label>\n              <select name=\"select_challenge\" id=\"select_challenge\" style=\"width: 200px; height: 35px; opacity: 0.75;\">\n                  <option value='0'>Alle Ergebnisse<\/option><option value='48'>Bike Lake Challenge Austria<\/option><option value='41'>Bike Lake Challenge Bavaria<\/option><option value='50'>Bike Lake Challenge Brandenburg<\/option><option value='53'>Bike Lake Challenge Denmark<\/option><option value='51'>Bike Lake Challenge Germany<\/option><option value='43'>Bike Lake Challenge Niedersachsen<\/option><option value='47'>Bike Lake Challenge NRW<\/option><option value='49'>Bike Lake Challenge Sachsen<\/option><option value='42'>Bike Lake Challenge Schleswig-Holstein<\/option><option value='20'>Iron Lake Challenge  Czech Republic<\/option><option value='39'>Iron Lake Challenge - Micro - Neusiedler See<\/option><option value='4'>Iron Lake Challenge Austria<\/option><option value='15'>Iron Lake Challenge Baden-W\u00fcrttemberg<\/option><option value='6'>Iron Lake Challenge Bavaria<\/option><option value='26'>Iron Lake Challenge Belgium<\/option><option value='35'>Iron Lake Challenge Berlin<\/option><option value='11'>Iron Lake Challenge Bodensee<\/option><option value='13'>Iron Lake Challenge Brandenburg<\/option><option value='30'>Iron Lake Challenge Calabria<\/option><option value='52'>Iron Lake Challenge Denmark<\/option><option value='23'>Iron Lake Challenge Espana<\/option><option value='5'>Iron Lake Challenge Germany<\/option><option value='17'>Iron Lake Challenge Hessen<\/option><option value='33'>Iron Lake Challenge K\u00e4rnten<\/option><option value='24'>Iron Lake Challenge Lazio<\/option><option value='22'>Iron Lake Challenge Lombardia<\/option><option value='9'>Iron Lake Challenge Mecklenburg Vorpommern<\/option><option value='40'>Iron Lake Challenge Micro Lago Maggiore<\/option><option value='16'>Iron Lake Challenge Niedersachsen<\/option><option value='7'>Iron Lake Challenge NRW<\/option><option value='28'>Iron Lake Challenge Ober\u00f6sterreich<\/option><option value='29'>Iron Lake Challenge Puglia<\/option><option value='25'>Iron Lake Challenge Rheinland-Pfalz<\/option><option value='10'>Iron Lake Challenge Sachsen<\/option><option value='14'>Iron Lake Challenge Sachsen-Anhalt<\/option><option value='31'>Iron Lake Challenge Salzburg<\/option><option value='12'>Iron Lake Challenge Schleswig-Holstein<\/option><option value='8'>Iron Lake Challenge Schweiz<\/option><option value='19'>Iron Lake Challenge Sicily<\/option><option value='34'>Iron Lake Challenge Steiermark<\/option><option value='55'>Iron Lake Challenge Sweden<\/option><option value='18'>Iron Lake Challenge Th\u00fcringen<\/option><option value='38'>Iron Lake Challenge Tirol<\/option><option value='21'>Iron Lake Challenge Trentino<\/option><option value='32'>Iron Lake Challenge Veneto<\/option><option value='56'>Iron Lake Challenge Wales<\/option><option value='54' selected='selected'>Iron Lake MICRO Challenge V\u00c4NERN<\/option><option value='37'>Iron Lake WORLD Challenge<\/option><option value='57'>RiverFlow RIDE - DANUBE<\/option>\n              <\/select>\n            <\/p>\n        <h2>Keine Ergebnisse<\/h2>\n        <script>\n        document.getElementById(\"select_challenge\").addEventListener(\"change\", (evt) => {\n            const urlParts = document.location.href.split(\"?\");\n            const cleanUrl = urlParts[0];\n            if (urlParts.length > 1 && urlParts[1].indexOf(\"page_id=\") !== -1) {\n                const urlParts2 = document.location.href.split(\"page_id=\");\n                const endId = urlParts2[1].indexOf(\"&\") === -1 ? urlParts2[1].length : urlParts2[1].indexOf(\"&\");\n                const pageId = urlParts2[1].substring(0,endId);\n                window.location.href = cleanUrl + \"?page_id=\" + pageId + \"&c_id=\" + evt.target.value;\n            } else {\n                window.location.href = cleanUrl + \"?c_id=\" + evt.target.value;\n            }\n        });\n      <\/script>\n      \n\n\n\n<h2 class=\"wp-block-heading\">IMPRESSUM<\/h2>\n\n\n\n<p><a href=\"https:\/\/rockyourgoal.de\/deshalb-bist-du-hier\/impressum-und-datenschutz\/\" target=\"_blank\" rel=\"noreferrer noopener\">Zu unserem Impressum<\/a><\/p>\n","protected":false},"excerpt":{"rendered":"<p>Der im S\u00fcdwesten Schwedens gelegene V\u00e4nernsee (V\u00e4nern) ist der gr\u00f6\u00dfte See der Europ\u00e4ischen Union und der drittgr\u00f6\u00dfte See Europas. Nur in Russland gibt es zwei noch gr\u00f6\u00dfere Seen. \u00dcber 22.000 Inseln, verschiedene Naturschutzgebiete und eine zum Teil unber\u00fchrte Natur machen diesen See interessant und geben eine Ahnung welche Gr\u00f6\u00dfe dieses&hellip;<\/p>\n<p> <a class=\"more-link\" href=\"https:\/\/rockyourgoal.de\/it\/iron-lake-challenge\/iron-lake-micro-challenges\/vanern\/\">Leggi tutto<\/a><\/p>","protected":false},"author":2,"featured_media":19706,"parent":19654,"menu_order":0,"comment_status":"closed","ping_status":"closed","template":"","meta":{"pgc_sgb_lightbox_settings":"","_glsr_average":0,"_glsr_ranking":0,"_glsr_reviews":0,"footnotes":""},"class_list":["post-19666","page","type-page","status-publish","has-post-thumbnail"],"_links":{"self":[{"href":"https:\/\/rockyourgoal.de\/it\/wp-json\/wp\/v2\/pages\/19666","targetHints":{"allow":["GET"]}}],"collection":[{"href":"https:\/\/rockyourgoal.de\/it\/wp-json\/wp\/v2\/pages"}],"about":[{"href":"https:\/\/rockyourgoal.de\/it\/wp-json\/wp\/v2\/types\/page"}],"author":[{"embeddable":true,"href":"https:\/\/rockyourgoal.de\/it\/wp-json\/wp\/v2\/users\/2"}],"replies":[{"embeddable":true,"href":"https:\/\/rockyourgoal.de\/it\/wp-json\/wp\/v2\/comments?post=19666"}],"version-history":[{"count":14,"href":"https:\/\/rockyourgoal.de\/it\/wp-json\/wp\/v2\/pages\/19666\/revisions"}],"predecessor-version":[{"id":19757,"href":"https:\/\/rockyourgoal.de\/it\/wp-json\/wp\/v2\/pages\/19666\/revisions\/19757"}],"up":[{"embeddable":true,"href":"https:\/\/rockyourgoal.de\/it\/wp-json\/wp\/v2\/pages\/19654"}],"wp:featuredmedia":[{"embeddable":true,"href":"https:\/\/rockyourgoal.de\/it\/wp-json\/wp\/v2\/media\/19706"}],"wp:attachment":[{"href":"https:\/\/rockyourgoal.de\/it\/wp-json\/wp\/v2\/media?parent=19666"}],"curies":[{"name":"wp","href":"https:\/\/api.w.org\/{rel}","templated":true}]}}