{"id":1613,"date":"2020-04-21T13:37:47","date_gmt":"2020-04-21T11:37:47","guid":{"rendered":"http:\/\/rockyourgoal.de\/?page_id=1613"},"modified":"2021-04-01T12:59:06","modified_gmt":"2021-04-01T10:59:06","slug":"ocr-training","status":"publish","type":"page","link":"https:\/\/rockyourgoal.de\/it\/meine-angebote\/ocr-und-spartanrace\/ocr-training\/","title":{"rendered":"OCR und Hindernislauf Training"},"content":{"rendered":"<p>Ich schreibe derzeit an einem gro\u00dfen OCR Trainingsguide. Da ich keine Abstriche an der Qualit\u00e4t machen m\u00f6chte, wird sich dieser Prozess jedoch \u00fcber viele Wochen hinziehen.  An der Gliederung siehst Du jedoch, wohin die Reise geht. <\/p>\n\n\n\n<h2 class=\"wp-block-heading\">Einleitung<\/h2>\n\n\n\n<p>follow\u00b4s soon<\/p>\n\n\n\n<h2 class=\"wp-block-heading\">Ganzheitliches OCR Training<\/h2>\n\n\n\n<p>follow\u00b4s soon<\/p>\n\n\n\n<h2 class=\"wp-block-heading\">Ausdauertraining<\/h2>\n\n\n\n<p>Obstacle Course Racing ist eine echte Ausdauersportart. Selbst bei einer Kurzdistanz muss der Athlet mindestens f\u00fcnf Kilometer zur\u00fccklegen, zuz\u00fcglich der nat\u00fcrlichen Streckengegebenheiten plus der k\u00fcnstlichen Hindernisse.<\/p>\n\n\n\n<p>Ausdauer ist die F\u00e4higkeit, eine bestimmte Leistung \u00fcber eine l\u00e4ngere Zeit aufrechtzuerhalten, ohne dabei vorzeitig zu erm\u00fcden. Man spricht in diesem Zusammenhang von der Erm\u00fcdungswiderstandsf\u00e4higkeit. Doch zur Ausdauer geh\u00f6rt auch die F\u00e4higkeit, sich so schnell wie m\u00f6glich wieder zu erholen (Regenerationsf\u00e4higkeit).<\/p>\n\n\n\n<p>Doch neben den genannten, k\u00f6rperlichen Komponenten wird die Ausdauer auch zu einem gro\u00dfen Teil von psychischen Komponenten bestimmt. Der mentale Faktor ist also auch im OCR Training ganz entscheidend.<\/p>\n\n\n\n<p>AUSDAUER &nbsp;&nbsp;&nbsp;&nbsp;&nbsp;&nbsp;&nbsp; = Erm\u00fcdungswiderstandsf\u00e4higkeit (k\u00f6rperlich)<\/p>\n\n\n\n<p>&nbsp;&nbsp;&nbsp;&nbsp;&nbsp;&nbsp;&nbsp;&nbsp;&nbsp;&nbsp;&nbsp;&nbsp;&nbsp;&nbsp;&nbsp;&nbsp;&nbsp;&nbsp;&nbsp;&nbsp;&nbsp;&nbsp;&nbsp;&nbsp;&nbsp;&nbsp;&nbsp;&nbsp;&nbsp;&nbsp; + Erm\u00fcdungstoleranz (psychisch\/mental)<\/p>\n\n\n\n<p>&nbsp;&nbsp;&nbsp;&nbsp;&nbsp;&nbsp;&nbsp;&nbsp;&nbsp;&nbsp;&nbsp;&nbsp;&nbsp;&nbsp;&nbsp;&nbsp;&nbsp;&nbsp;&nbsp;&nbsp;&nbsp;&nbsp;&nbsp;&nbsp;&nbsp;&nbsp;&nbsp;&nbsp;&nbsp;&nbsp; + Rasche Wiederherstellungsf\u00e4higkeit<\/p>\n\n\n\n<p>An der Ausdauer sind verschiedene Systeme unseres K\u00f6rpers beteiligt. Hierzu geh\u00f6rt die Muskulatur, das Herz-Kreislauf-System, das Atmungssystem, das zentrale vegetative Nervensystem, das Hormonsystem und der passive Bewegungsapparat.<\/p>\n\n\n\n<p>Von absolut entscheidender Bedeutung f\u00fcr eine Ausdauerleistung ist die Quantit\u00e4t und Qualit\u00e4t des Energiestoffwechsels. Muskeln, Atmung und das Herz-Kreislaufsystem sind bestimmen die Leistungsf\u00e4higkeit des Energiestoffwechsels.<\/p>\n\n\n\n<h3 class=\"wp-block-heading\">Atmung<\/h3>\n\n\n\n<p>Die Atmung gew\u00e4hrleistet eine ausreichende Versorgung Deiner Muskelzellen und Organe w\u00e4hrend der Belastung. Dazu geh\u00f6rt der Gasaustausch in der Lunge, der Transport des Sauerstoffs aus der Lunge in die Blutbahn und der Abtransport des Kohlendioxids aus dem Blut in die Lunge.<\/p>\n\n\n\n<p>Wusstest Du \u00fcbrigens, dass Du Deine Lungengr\u00f6\u00dfe (anders als die Gr\u00f6\u00dfe des Herzens) nicht ver\u00e4ndern kannst? Du kannst aber durch ein gutes Ausdauertraining daf\u00fcr sorgen, dass Du effizienter atmest und Dein Lungenvolumen voll aussch\u00f6pfst.<\/p>\n\n\n\n<h3 class=\"wp-block-heading\">Herz-Kreislauf System<\/h3>\n\n\n\n<p>Das Herz als \u201eMotor\u201c, das Blut als \u201eTransportmittel\u201c sowie das Gef\u00e4\u00dfsystems als \u201eLeitungsbahnen\u201c bilden das Herz-Kreislauf-System. Seine Aufgabe ist die Versorgung der Zellen sowie der Abtransport stoffwechselrelevanter Substanzen.<\/p>\n\n\n\n<p>Dabei spielt das Herzminutenvolumen, bestehend aus dem Produkt von Herzfrequenz und Schlagvolumen eine entscheidende Rolle.<\/p>\n\n\n\n<p>Durch Ausdauertraining kann der OCR Athlet sowohl die Menge des vom Herzens gepumpten Blutes (Schlagvolumen), als auch die Anzahl der Pumpaktionen (Herzfrequenz) erh\u00f6hen. Ein trainierter Organismus ist in der Lage, bei gleicher (maximaler) Herzfrequenz doppelt so viel Blut pro Minute zu pumpen wie ein untrainierter Organismus.<\/p>\n\n\n\n<p>Ein trainiertes und effektiv arbeitendes Herz erbringt also die gleiche Leistung mit viel weniger Aufwand!<\/p>\n\n\n\n<h3 class=\"wp-block-heading\">Die Energiebereitstellung im OCR Sport<\/h3>\n\n\n\n<p>Mein Ziel ist es, Dir ohne komplizierte, wissenschaftliche Begriffe zu erkl\u00e4ren was eigentlich bei der Energiebereitstellung bei uns Ausdauersportlern passiert. Das Thema ist eigentlich sehr umfangreich, allerdings wollen wir hier effizient lernen und besser werden und deshalb versuche ich es Dir mit einem kurzen Gleichnis zu beschreiben:<\/p>\n\n\n\n<p>Dazu vergleichen wir unseren K\u00f6rper mit einem Automotor:<\/p>\n\n\n\n<p>Vergleicht man Deinen K\u00f6rper mit einem Automotor, dann entspricht die \u201ealaktizide Energiebereitstellung\u201c der Autobatterie. Beide liefern die Energie die notwendig ist, um den Motor \u00fcberhaupt zu starten. Diese Energie kann schnell abgerufen werden, bringt richtig Power, steht uns allerdings nur f\u00fcr wenige Sekunden (meist weniger als 10 Sekunden) zur Verf\u00fcgung.<\/p>\n\n\n\n<p>Handelt es sich bei Deinem K\u00f6rper um ein Auto das haupts\u00e4chlich lange Strecken zur\u00fccklegt und dabei einen m\u00f6glichst kosteng\u00fcnstigen Spritverbrauch aufweisen soll, l\u00e4sst man den Motor bevorzugt mit Dieselbenzin laufen. Dies entspricht der eher langsamen, aber daf\u00fcr nahezu unersch\u00f6pflichen Energiebereitstellung \u00fcber die aerobe Fettverbrennung. Du musst wissen, dass selbst sehr schlanken Sportlern fast unendlich viele Fette zur Verbrennung zur Verf\u00fcgung stehen.<\/p>\n\n\n\n<p>Kommt Dein Auto jedoch vermehrt auf kurzen Strecken zum Einsatz und muss diese jedoch schnell bew\u00e4ltigen, muss auf eine h\u00f6here Verbrennung mit Superbenzin umgeschaltet werden. Nun sind deutlich h\u00f6here Geschwindigkeiten m\u00f6glich, aber Dein Motor ist auch viel st\u00e4rker belastet und reparaturanf\u00e4lliger. Und der Tank muss h\u00e4ufiger nachgef\u00fcllt werden. \u00c4hnlich verh\u00e4lt es sich bei der aeroben und anaeroben Kohlehydratverbrennung. Es sind also h\u00f6here Belastungen als bei \u00fcberwiegender Fettverbrennung m\u00f6glich, allerdings nur in einen begrenzten Zeitraum und unter st\u00e4rkerer Belastung des Organismus (verletzungsanf\u00e4lliger!).<\/p>\n\n\n\n<p>Merkst Du was? Wir brauchen als Hindernisl\u00e4ufer alle drei Arten der Energiebereitstellung. Wir m\u00fcssen in manchen Situationen eine extrem hohe Energieleistung vollbringen um z.B. eine Quarterpipe im Vollsprint hochzulaufen, manchmal m\u00fcssen wir lange Strecken energieschonend laufen und manchmal brauchen wir eine erh\u00f6hte Energie wenn wir z.B. ein langes Hangelhindernis bew\u00e4ltigen m\u00fcssen.<\/p>\n\n\n\n<p>Ich m\u00f6chte an der Stelle nicht tiefer auf das Thema Energiebereitstellung und Ern\u00e4hrung eingehen, denn dazu k\u00f6nnte man sehr viel schreiben, dazu gibt es aber besser ausgebildete Menschen als mich. Unser Schwerpunkt soll hier auf dem OCR Training liegen. &nbsp;<\/p>\n\n\n\n<p>Trotzdem ist das was Du jetzt im Folgenden liest sehr wichtig f\u00fcr Dich als OCR Sportler!<\/p>\n\n\n\n<p>Wann der K\u00f6rper unter Belastung welches Substrat der Energiegewinnung nutzt, ist von der Belastungsintensit\u00e4t (also dem ben\u00f6tigten Energiefluss) und auch von der Kapazit\u00e4t der Stoffwechselwege abh\u00e4ngig.<\/p>\n\n\n\n<p>Menschen mit einer guten aeroben Ausdauerleistungsf\u00e4higkeit (\u201eGrundlagenausdauer\u201c) k\u00f6nnen auch in h\u00f6heren Bewegungsgeschwindigkeiten einen gro\u00dfen Teil der ben\u00f6tigten Energie \u00fcber die Verbrennung von Fetten bereitstellen. Das hat f\u00fcr Dich als Hindernisl\u00e4ufer einen gro\u00dfen Vorteil, denn es bedeutet nicht nur, dass die Belastung aufgrund der gro\u00dfen Fettreserven sehr lange aufrecht erhalten werden kann, sondern Du schonst auch die begrenzten Kohlehydratreserven und kannst diese f\u00fcr h\u00f6here Wettkampfbelastungen (z.B. Berganstiege, Hindernisse etc.) abrufen.<\/p>\n\n\n\n<p>Eine gut ausgebildete aerobe Fettverstoffwechslung erm\u00f6glicht so also eine Verz\u00f6gerung des Belastungsabbruchs aufgrund entleerter Glykogenspeicher.<\/p>\n\n\n\n<p>An dieser Stelle gebe ich zu bedenken, dass dies vor allem f\u00fcr die L\u00e4ufer von Langdistanzen sehr wichtig ist. Ein Hindernisl\u00e4ufer der sich auf die Kurzstrecke spezialisiert hat, wird diese mit gro\u00dfer Wahrscheinlichkeit auch mit einem gut gef\u00fcllten Kohlehydratspeicher sicher bew\u00e4ltigen k\u00f6nnen.<\/p>\n\n\n\n<p>Du musst wissen, dass die Geschwindigkeit und Kapazit\u00e4t, insbesondere der aeroben Energiebereitstellung, durch ein gezieltes Ausdauertraining ver\u00e4nderbar ist. Ein sogenanntes \u201eFettstoffwechseltraining\u201c kann sowohl die Durchflussrate als auch die Geschwindigkeit des aeroben Fettstoffwechsels steigern. Dadurch wird die Effizienz der aeroben Fettverbrennung bei gegebener Belastung erh\u00f6ht und die begrenzten Kohlehydrate geschont. Das bezeichnen wir als \u201eGrundlagenausdauertraining\u201c.<\/p>\n\n\n\n<h2 class=\"wp-block-heading\">Kraft- und Kraftausdauertraining f\u00fcr Hindernisl\u00e4ufer<\/h2>\n\n\n\n<p>follow\u00b4s soon<\/p>\n\n\n\n<h2 class=\"wp-block-heading\">Griffkrafttraining f\u00fcr Hindernisl\u00e4ufer<\/h2>\n\n\n\n<p>Bitte sieh es mir nach, dass ich hier auf meinen gro\u00dfen Guide &#8222;<a rel=\"noreferrer noopener\" href=\"http:\/\/rockyourgoal.de\/it\/meine-angebote\/ocr-und-spartanrace\/griffkrafttraining-ocr\/\" target=\"_blank\">Griffkrafttraining im OCR<\/a>&#8220; verweise. Da steht eigentlich alles drin was Du wissen musst \ud83d\ude42<\/p>\n\n\n\n<h2 class=\"wp-block-heading\">Techniktraining f\u00fcr Hindernisl\u00e4ufer<\/h2>\n\n\n\n<p>follow\u00b4s soon<\/p>\n\n\n\n<h2 class=\"wp-block-heading\">Mentaltraining f\u00fcr Hindernisl\u00e4ufer<\/h2>\n\n\n\n<p>follow\u00b4s soon<\/p>\n\n\n\n<h2 class=\"wp-block-heading\">Abh\u00e4rtung f\u00fcr OCR Rennen<\/h2>\n\n\n\n<p>follow\u00b4s soon<\/p>\n\n\n\n<h2 class=\"wp-block-heading\">Trainings Tipps f\u00fcr Einsteiger ins Hindernislaufen<\/h2>\n\n\n\n<p>follow\u00b4s soon<\/p>\n\n\n\n<h2 class=\"wp-block-heading\">Trainings Tipps f\u00fcr fortgeschrittene Hindernisl\u00e4ufer<\/h2>\n\n\n\n<p>follow\u00b4s soon<\/p>\n\n\n\n<h2 class=\"wp-block-heading\">Workouts f\u00fcr Hindernisl\u00e4ufer<\/h2>\n\n\n\n<p>Versteh mich bitte nicht falsch! Mir ist es bewusst, dass jedes Lauf- und Fitnesstraining wichtig ist damit Du gesund bleibst, Dir Ausdauer antrainierst und Deinen K\u00f6rper athletischer und attraktiver machst. Wenn Dir das genug ist, dann ist das absolut in Ordnung. Mach weiter so!<\/p>\n\n\n\n<p>Wenn Du jedoch gezielt f\u00fcr Deinen ersten Hindernislauf trainieren m\u00f6chtest oder wenn Du ein erfolgreicher OCR L\u00e4ufer mit Chancen auf\u00b4s Podest werden m\u00f6chtest, dann musst Du gezielt trainieren, denn auch Dein Tag hat nur 24 Stunden und wahrscheinlich musst Du in dieser Zeit noch arbeiten, schlafen und Dich um Dein sonstiges Leben k\u00fcmmern. <\/p>\n\n\n\n<p>Deshalb hei\u00dft es auch im OCR Training &#8222;<em>Trainiere smart und hart, aber trainiere gezielt<\/em>&#8222;! <\/p>\n\n\n\n<p>Aus diesem Grund empfehle ich Dir ein Training nach einem guten OCR- oder Hindernislauftrainingsplan. Aber auch ohne Trainingsplan habe ich Dir zahlreiche OCR Workouts erstellt und stelle Dir diese gerne kostenlos zur Verf\u00fcgung. Nat\u00fcrlich w\u00fcrde ich mich freuen, wenn Du anderen davon erz\u00e4hlst und Du mir auf Youtube ein Like schenkst und den Kanal abonnierst. Diese Workouts kosten mich viel Zeit und Geld und da w\u00fcrde es mich nat\u00fcrlich freuen, wenn sie von m\u00f6glichst vielen Menschen angeschaut werden!<\/p>\n\n\n\n<h3 class=\"wp-block-heading\">OCR Training Workouts f\u00fcr Einsteiger<\/h3>\n\n\n\n<ul class=\"wp-block-list\"><li><a href=\"http:\/\/rockyourgoal.de\/it\/ocr-workout-grip-meets-hiit-volume-1\/\">Grip meets HIIT (Volume 1)<\/a><\/li><li><a rel=\"noreferrer noopener\" href=\"http:\/\/rockyourgoal.de\/it\/ocr-workout-grip-meets-hiit-volume-2\/\" target=\"_blank\">Grip meets HIIT (Volume 2)<\/a><\/li><li><a rel=\"noreferrer noopener\" href=\"http:\/\/rockyourgoal.de\/it\/ocr-workout-grip-meets-hiit-volume-3\/\" target=\"_blank\">Grip meets HIIT (Volume 2)<\/a><\/li><\/ul>\n\n\n\n<h3 class=\"wp-block-heading\">OCR Training Workouts f\u00fcr Fortgeschrittene<\/h3>\n\n\n\n<ul class=\"wp-block-list\"><li><a rel=\"noreferrer noopener\" href=\"http:\/\/rockyourgoal.de\/it\/ocr-workout-grip-meets-hiit-volume-3\/\" target=\"_blank\">Grip meets HIIT (Volume 3)<\/a><\/li><\/ul>\n\n\n\n<p>weitere workouts folgen laufend&#8230;.<\/p>\n\n\n\n<p>Wenn Du zuk\u00fcnftig \u00fcber neue Artikel rund um OCR informiert werden m\u00f6chtest, dann trag Dich bitte kostenlos f\u00fcr meine Email &#8222;OCR Infos&#8220; ein<\/p>\n\n\n\n<!-- Begin Mailchimp Signup Form -->\n<link href=\"\/\/cdn-images.mailchimp.com\/embedcode\/slim-10_7.css\" rel=\"stylesheet\" type=\"text\/css\">\n<style type=\"text\/css\">\n\t#mc_embed_signup{background:#fff; clear:left; font:14px Helvetica,Arial,sans-serif; }\n\t\/* Add your own Mailchimp form style overrides in your site stylesheet or in this style block.\n\t   We recommend moving this block and the preceding CSS link to the HEAD of your HTML file. *\/\n<\/style>\n<div id=\"mc_embed_signup\">\n<form action=\"https:\/\/rockyourgoal.us19.list-manage.com\/subscribe\/post?u=f454dcf6e86d0bb21083e6f7a&amp;id=13ea8ab3d2\" method=\"post\" id=\"mc-embedded-subscribe-form\" name=\"mc-embedded-subscribe-form\" class=\"validate\" target=\"_blank\" novalidate=\"\">\n    <div id=\"mc_embed_signup_scroll\">\n\t<label for=\"mce-EMAIL\">Ich will die OCR Infos per Email<\/label>\n\t<input type=\"email\" value=\"\" name=\"EMAIL\" class=\"email\" id=\"mce-EMAIL\" placeholder=\"email address\" required=\"\">\n    <!-- real people should not fill this in and expect good things - do not remove this or risk form bot signups-->\n    <div style=\"position: absolute; left: -5000px;\" aria-hidden=\"true\"><input type=\"text\" name=\"b_f454dcf6e86d0bb21083e6f7a_13ea8ab3d2\" tabindex=\"-1\" value=\"\"><\/div>\n    <div class=\"clear\"><input type=\"submit\" value=\"Subscribe\" name=\"subscribe\" id=\"mc-embedded-subscribe\" class=\"button\"><\/div>\n    <\/div>\n<\/form>\n<\/div>\n\n<!--End mc_embed_signup-->","protected":false},"excerpt":{"rendered":"<p>Ich schreibe derzeit an einem gro\u00dfen OCR Trainingsguide. Da ich keine Abstriche an der Qualit\u00e4t machen m\u00f6chte, wird sich dieser Prozess jedoch \u00fcber viele Wochen hinziehen. An der Gliederung siehst Du jedoch, wohin die Reise geht. Einleitung follow\u00b4s soon Ganzheitliches OCR Training follow\u00b4s soon Ausdauertraining Obstacle Course Racing ist eine&hellip;<\/p>\n<p> <a class=\"more-link\" href=\"https:\/\/rockyourgoal.de\/it\/meine-angebote\/ocr-und-spartanrace\/ocr-training\/\">Leggi tutto<\/a><\/p>","protected":false},"author":2,"featured_media":0,"parent":1040,"menu_order":1,"comment_status":"closed","ping_status":"closed","template":"","meta":{"pgc_sgb_lightbox_settings":"","_glsr_average":0,"_glsr_ranking":0,"_glsr_reviews":0,"footnotes":""},"class_list":["post-1613","page","type-page","status-publish"],"_links":{"self":[{"href":"https:\/\/rockyourgoal.de\/it\/wp-json\/wp\/v2\/pages\/1613","targetHints":{"allow":["GET"]}}],"collection":[{"href":"https:\/\/rockyourgoal.de\/it\/wp-json\/wp\/v2\/pages"}],"about":[{"href":"https:\/\/rockyourgoal.de\/it\/wp-json\/wp\/v2\/types\/page"}],"author":[{"embeddable":true,"href":"https:\/\/rockyourgoal.de\/it\/wp-json\/wp\/v2\/users\/2"}],"replies":[{"embeddable":true,"href":"https:\/\/rockyourgoal.de\/it\/wp-json\/wp\/v2\/comments?post=1613"}],"version-history":[{"count":6,"href":"https:\/\/rockyourgoal.de\/it\/wp-json\/wp\/v2\/pages\/1613\/revisions"}],"predecessor-version":[{"id":2894,"href":"https:\/\/rockyourgoal.de\/it\/wp-json\/wp\/v2\/pages\/1613\/revisions\/2894"}],"up":[{"embeddable":true,"href":"https:\/\/rockyourgoal.de\/it\/wp-json\/wp\/v2\/pages\/1040"}],"wp:attachment":[{"href":"https:\/\/rockyourgoal.de\/it\/wp-json\/wp\/v2\/media?parent=1613"}],"curies":[{"name":"wp","href":"https:\/\/api.w.org\/{rel}","templated":true}]}}