{"id":15929,"date":"2024-02-14T16:49:48","date_gmt":"2024-02-14T15:49:48","guid":{"rendered":"https:\/\/rockyourgoal.de\/?page_id=15929"},"modified":"2026-04-16T16:29:36","modified_gmt":"2026-04-16T14:29:36","slug":"influencer-gesucht","status":"publish","type":"page","link":"https:\/\/rockyourgoal.de\/it\/deshalb-bist-du-hier\/influencer-gesucht\/","title":{"rendered":"Influencer gesucht"},"content":{"rendered":"<p>Du kannst die besten Ideen umsetzen, sinnvolle Aktionen starten, gute Absichten haben und Dir auch sonst sehr viel M\u00fche mit Deinem Content geben&#8230;.. Aber wenn niemand davon wei\u00df, dann ist alles umsonst. Ich bin mit Sicherheit alles andere als ein professioneller Marketer, aber ich suche f\u00fcr meine Challenges trotzdem Menschen mit einer guten Social-Media-Reichweite (Influencer \/ Content Creator) die gerne mit mir zusammenarbeiten m\u00f6chten.<\/p>\n\n\n<div class=\"wp-block-image\">\n<figure class=\"aligncenter size-large\"><img loading=\"lazy\" decoding=\"async\" width=\"476\" height=\"484\" src=\"https:\/\/rockyourgoal.de\/wp-content\/uploads\/2026\/04\/influencing-476x484.png\" alt=\"\" class=\"wp-image-21981\"\/><\/figure>\n<\/div>\n\n\n<h2 class=\"wp-block-heading\">Unterst\u00fctze meine Challenges auf Social Media<\/h2>\n\n\n\n<h3 class=\"wp-block-heading\">Mein &#8222;Warum&#8220;<\/h3>\n\n\n\n<p>In den Dolomiten habe ich gesehen, dass der Wald dort teilweise richtig zerst\u00f6rt ist, weshalb ich mir 2019 zum Ziel gesetzt habe, die <a href=\"https:\/\/rockyourgoal.de\/it\/big5forlife\/trees4breeze\/\">Wiederaufforstung von einer Million B\u00e4umen<\/a> weltweit zu finanzieren. <\/p>\n\n\n\n<p>Ich finanziere die B\u00e4ume mit Challenges, denn ich m\u00f6chte nicht um Spenden f\u00fcr die Wiederaufforstung betteln. F\u00fcr diese Challenges verlange ich eine kleine Startgeb\u00fchr, gebe aber auch etwas daf\u00fcr, n\u00e4mlich eine Medaille und eine Murmel nachdem die Challenge abgeschlossen ist. Das verdiente Geld das nach Abzug der Kosten \u00fcbrig bleibt, wird zum Gro\u00dfteil f\u00fcr Baumsetzlinge ausgegeben.<\/p>\n\n\n\n<p>Als begeisterter Sportler und Naturmensch m\u00f6chte ich Menschen mit diesen Challenges dazu ermuntern sich in der Natur zu bewegen, neue Gegenden kennen zu lernen und ihr Leben aktiv zu gestalten. <\/p>\n\n\n\n<p>Damit die Menschen von meinen Challenges erfahren, brauche ich Deine Unterst\u00fctzung auf Social Media und Du sollst nat\u00fcrlich auch von Deinem Einsatz profitieren!<\/p>\n\n\n\n<p>Nat\u00fcrlich hilft es mir weiter, wenn Du meine Challenges einfach mit einem Hashtag, ihrem @-Pr\u00e4fix oder als als &#8222;Collab Partner&#8220; erw\u00e4hnst. Aber ich biete Dir hier auch etwas an, was Dir einen einen echten Mehrwert bringt, denn es gilt (wie immer im Leben) &#8222;<em>zusammen sind wir st\u00e4rker<\/em>&#8222;.<\/p>\n\n\n\n<h3 class=\"wp-block-heading\">F\u00fcr diese Challenges suche ich Unterst\u00fctzer<\/h3>\n\n\n\n<h4 class=\"wp-block-heading\">Summit Challenge<\/h4>\n\n\n\n<p>F\u00fcr die Summit Challenge suche ich Influencer \/ Content Creator deren Hauptinteresse die Berge sind. Dabei ist es egal ob Du Wanderer, Trailrunner, Mountainbiker oder Kletterer bist. <\/p>\n\n\n<div class=\"wp-block-image\">\n<figure class=\"aligncenter size-medium\"><a href=\"https:\/\/rockyourgoal.de\/it\/timeless-challenge\/sport-challenge\/summit-challenge\/\"><img loading=\"lazy\" decoding=\"async\" width=\"300\" height=\"200\" src=\"https:\/\/rockyourgoal.de\/wp-content\/uploads\/2023\/04\/Summit-Challenge-klein-300x200.jpg\" alt=\"\" class=\"wp-image-11643\" srcset=\"https:\/\/rockyourgoal.de\/wp-content\/uploads\/2023\/04\/Summit-Challenge-klein-300x200.jpg 300w, https:\/\/rockyourgoal.de\/wp-content\/uploads\/2023\/04\/Summit-Challenge-klein-1024x682.jpg 1024w, https:\/\/rockyourgoal.de\/wp-content\/uploads\/2023\/04\/Summit-Challenge-klein-768x511.jpg 768w, https:\/\/rockyourgoal.de\/wp-content\/uploads\/2023\/04\/Summit-Challenge-klein-18x12.jpg 18w, https:\/\/rockyourgoal.de\/wp-content\/uploads\/2023\/04\/Summit-Challenge-klein-850x566.jpg 850w, https:\/\/rockyourgoal.de\/wp-content\/uploads\/2023\/04\/Summit-Challenge-klein.jpg 1254w\" sizes=\"auto, (max-width: 300px) 100vw, 300px\" \/><\/a><\/figure>\n<\/div>\n\n\n<p>Bei der Summit Challenge geht es darum geht, dass die Teilnehmer &#8222;<em>Summit Coins<\/em>&#8220; f\u00fcr eine gewisse Anzahl an bestiegenen Gipfeln bekommen. Hierbei sind die Teilnehmer komplett ohne Stress, denn es gibt keine zeitliche Vorgabe. Die Berge soll man genie\u00dfen, nicht durchhetzen.<\/p>\n\n\n\n<p>F\u00fcr die Summit Challenge suche ich Influencer \/ Content Creator die mich unterst\u00fctzen indem sie z.B.<\/p>\n\n\n\n<ul class=\"wp-block-list\">\n<li>die Summit Challenge in Social Media bewerben<\/li>\n<\/ul>\n\n\n\n<p>Du erh\u00e4ltst einen personalisierten Affiliate-Link und verdienst hinter jeder Buchung die \u00fcber Deinen Link get\u00e4tigt wird 40% des Gegenwertes. Naja, zumindest fast. Mein Partner Digistore24 zieht noch eine kleine Bearbeitungsgeb\u00fchr ab, so dass von den 29,- EUR der Summit Challenge ca. 10,- EUR f\u00fcr Dich \u00fcbrig bleiben w\u00fcrden. <\/p>\n\n\n\n<p>Schreib mir doch bitte bei Interesse eine kurze Mail an uwe@rockyourgoal.de <\/p>\n\n\n\n<h4 class=\"wp-block-heading\">Iron Lake Challenge<\/h4>\n\n\n\n<p>F\u00fcr die Iron Lake Challenge suche ich Influencer \/ Content Creator deren Hauptinteresse das Wandern, Laufen, Seen und Reisen ist. <\/p>\n\n\n<div class=\"wp-block-image\">\n<figure class=\"aligncenter size-medium\"><a href=\"https:\/\/rockyourgoal.de\/it\/iron-lake-challenge\/\"><img loading=\"lazy\" decoding=\"async\" width=\"277\" height=\"300\" src=\"https:\/\/rockyourgoal.de\/wp-content\/uploads\/2022\/12\/iron-lake-challenge-logo-277x300.png\" alt=\"\" class=\"wp-image-10021\" srcset=\"https:\/\/rockyourgoal.de\/wp-content\/uploads\/2022\/12\/iron-lake-challenge-logo-277x300.png 277w, https:\/\/rockyourgoal.de\/wp-content\/uploads\/2022\/12\/iron-lake-challenge-logo-945x1024.png 945w, https:\/\/rockyourgoal.de\/wp-content\/uploads\/2022\/12\/iron-lake-challenge-logo-768x832.png 768w, https:\/\/rockyourgoal.de\/wp-content\/uploads\/2022\/12\/iron-lake-challenge-logo-1418x1536.png 1418w, https:\/\/rockyourgoal.de\/wp-content\/uploads\/2022\/12\/iron-lake-challenge-logo-1890x2048.png 1890w, https:\/\/rockyourgoal.de\/wp-content\/uploads\/2022\/12\/iron-lake-challenge-logo-11x12.png 11w, https:\/\/rockyourgoal.de\/wp-content\/uploads\/2022\/12\/iron-lake-challenge-logo-300x325.png 300w, https:\/\/rockyourgoal.de\/wp-content\/uploads\/2022\/12\/iron-lake-challenge-logo-850x921.png 850w\" sizes=\"auto, (max-width: 277px) 100vw, 277px\" \/><\/a><\/figure>\n<\/div>\n\n\n<p>Bei der Iron Lake Challenge wandern oder laufen die Teilnehmer um die zehn gr\u00f6\u00dften Seen einer Region. Dabei sollen die Teilnehmer ohne zeitlichen Stress die Natur genie\u00dfen, die Gegend kennenlernen und ihre Gesundheit durch das Bewegung in der Natur f\u00f6rdern. Der Start kostet 24,- EUR und der Gro\u00dfteil des &#8222;Gewinns&#8220; verwende ich um mein Lebensziel, die Aufforstung von einer Million B\u00e4umen zu finanzieren. <\/p>\n\n\n\n<p>Auch f\u00fcr die Iron Lake Challenge suche ich Influencer \/ Content Creator die mich unterst\u00fctzen indem sie z.B.<\/p>\n\n\n\n<ul class=\"wp-block-list\">\n<li>die Iron Lake Challenge in Social Media bewerben<\/li>\n<\/ul>\n\n\n\n<p>Du erh\u00e4ltst einen personalisierten Affiliate-Link und verdienst hinter jeder Buchung die \u00fcber Deinen Link get\u00e4tigt wird 40% des Gegenwertes. Naja, zumindest fast. Mein Partner Digistore24 zieht noch eine kleine Bearbeitungsgeb\u00fchr ab, so dass von den 24,- EUR Startgeb\u00fchr ca. 9,- EUR f\u00fcr Dich \u00fcbrig bleiben w\u00fcrden.<\/p>\n\n\n\n<p>Schreib mir doch bitte bei Interesse eine kurze Mail an uwe@rockyourgoal.<\/p>\n\n\n\n<h4 class=\"wp-block-heading\">Bike Lake Challenge<\/h4>\n\n\n\n<p>F\u00fcr die Bike Lake Challenge suche ich Influencer \/ Content Creator deren Hauptinteresse das Radfahren und Reisen ist. <\/p>\n\n\n<div class=\"wp-block-image\">\n<figure class=\"aligncenter size-medium\"><a href=\"https:\/\/rockyourgoal.de\/it\/timeless-challenge\/sport-challenge\/bike-lake-challenge\/\"><img loading=\"lazy\" decoding=\"async\" width=\"300\" height=\"300\" src=\"https:\/\/rockyourgoal.de\/wp-content\/uploads\/2025\/02\/bike-lake-challenge-logo-klein-300x300.jpg\" alt=\"\" class=\"wp-image-18893\" srcset=\"https:\/\/rockyourgoal.de\/wp-content\/uploads\/2025\/02\/bike-lake-challenge-logo-klein-300x300.jpg 300w, https:\/\/rockyourgoal.de\/wp-content\/uploads\/2025\/02\/bike-lake-challenge-logo-klein-150x150.jpg 150w\" sizes=\"auto, (max-width: 300px) 100vw, 300px\" \/><\/a><\/figure>\n<\/div>\n\n\n<p>Bei der Bike Lake Challenge radeln die Teilnehmer um die zehn gr\u00f6\u00dften Seen einer Region. Dabei sollen die Teilnehmer ohne zeitlichen Stress die Natur genie\u00dfen, die Gegend kennenlernen und ihre Gesundheit durch das Bewegung in der Natur f\u00f6rdern. Der Start kostet 24,- EUR und der Gro\u00dfteil des &#8222;Gewinns&#8220; verwende ich um mein Lebensziel, die Aufforstung von einer Million B\u00e4umen zu finanzieren.<\/p>\n\n\n\n<p>Auch f\u00fcr die Bike Lake Challenge suche ich Influencer \/ Content Creator die mich unterst\u00fctzen indem sie z.B.<\/p>\n\n\n\n<ul class=\"wp-block-list\">\n<li>die Bike Lake Challenge in Social Media bewerben<\/li>\n<\/ul>\n\n\n\n<p>Du erh\u00e4ltst einen personalisierten Affiliate-Link und verdienst hinter jeder Buchung die \u00fcber Deinen Link get\u00e4tigt wird 40% des Gegenwertes. Naja, zumindest fast. Mein Partner Digistore24 zieht noch eine kleine Bearbeitungsgeb\u00fchr ab, so dass von den 24,- EUR Startgeb\u00fchr ca. 9,- EUR f\u00fcr Dich \u00fcbrig bleiben w\u00fcrden.<\/p>\n\n\n\n<p>Schreib mir doch bitte bei Interesse eine kurze Mail an uwe@rockyourgoal.de<\/p>\n\n\n\n<h3 class=\"wp-block-heading\">FAQ\u00b4s &#8211; Die Antwort auf mir bereits gestellte Fragen<\/h3>\n\n\n\n<p><strong>Seri\u00f6sit\u00e4t: &#8222;<em>Wie kann ich mir sicher sein, dass ich meinen Anteil hinter jedem durch meinen Link generierten Verkauf bekomme?<\/em>&#8222;<\/strong><\/p>\n\n\n\n<p>Ich arbeite mit der gepr\u00fcften und seri\u00f6sen Plattform &#8222;<a href=\"https:\/\/www.digistore24.com\/\"><strong>Digistore24<\/strong><\/a>&#8220; zusammen. Dort wird jeder \u00fcber Deinen Affiliate-Link generierter Verkauf sauber dokumentiert und Deinem Konto gutgeschrieben. Du hast die volle Transparenz! Das ist mir \u00fcbrigens wichtig, denn Du sollst auch den Erfolg hinter Deinen Bem\u00fchungen sehen.<\/p>\n\n\n\n<p><strong><em>Ist es technisch aufw\u00e4ndig<\/em><\/strong>?<\/p>\n\n\n\n<p>Absolut nicht. Ganz grob gesagt funktioniert es so, dass Du dich bei Digistore24 anmeldest (kostenlos und schnell) und einen Affiliate-Link f\u00fcr die von Dir beworbene Challenge bekommst. Schon kann\u00b4s losgehen! Nat\u00fcrlich helfe ich Dir dabei mit Rat und Tat. <\/p>\n\n\n\n<p><strong><em>Auf welchen Plattformen darf ich werben?<\/em><\/strong><\/p>\n\n\n\n<p>Grunds\u00e4tzlich darfst Du alle seri\u00f6sen Plattformen (eigene Website, Youtube, Instagram, Facebook, Pinterest, Tik Tok etc.) nutzen. Beachte aber, dass ich unsere Partnerschaft SOFORT beende, wenn Du gesetzeswidrig oder unmoralisch handelst. <\/p>","protected":false},"excerpt":{"rendered":"<p>Du kannst die besten Ideen umsetzen, sinnvolle Aktionen starten, gute Absichten haben und Dir auch sonst sehr viel M\u00fche mit Deinem Content geben&#8230;.. Aber wenn niemand davon wei\u00df, dann ist alles umsonst. Ich bin mit Sicherheit alles andere als ein professioneller Marketer, aber ich suche f\u00fcr meine Challenges trotzdem Menschen&hellip;<\/p>\n<p> <a class=\"more-link\" href=\"https:\/\/rockyourgoal.de\/it\/deshalb-bist-du-hier\/influencer-gesucht\/\">Leggi tutto<\/a><\/p>","protected":false},"author":2,"featured_media":15930,"parent":2,"menu_order":0,"comment_status":"closed","ping_status":"closed","template":"","meta":{"pgc_sgb_lightbox_settings":"","_glsr_average":0,"_glsr_ranking":0,"_glsr_reviews":0,"footnotes":""},"class_list":["post-15929","page","type-page","status-publish","has-post-thumbnail"],"_links":{"self":[{"href":"https:\/\/rockyourgoal.de\/it\/wp-json\/wp\/v2\/pages\/15929","targetHints":{"allow":["GET"]}}],"collection":[{"href":"https:\/\/rockyourgoal.de\/it\/wp-json\/wp\/v2\/pages"}],"about":[{"href":"https:\/\/rockyourgoal.de\/it\/wp-json\/wp\/v2\/types\/page"}],"author":[{"embeddable":true,"href":"https:\/\/rockyourgoal.de\/it\/wp-json\/wp\/v2\/users\/2"}],"replies":[{"embeddable":true,"href":"https:\/\/rockyourgoal.de\/it\/wp-json\/wp\/v2\/comments?post=15929"}],"version-history":[{"count":12,"href":"https:\/\/rockyourgoal.de\/it\/wp-json\/wp\/v2\/pages\/15929\/revisions"}],"predecessor-version":[{"id":21986,"href":"https:\/\/rockyourgoal.de\/it\/wp-json\/wp\/v2\/pages\/15929\/revisions\/21986"}],"up":[{"embeddable":true,"href":"https:\/\/rockyourgoal.de\/it\/wp-json\/wp\/v2\/pages\/2"}],"wp:featuredmedia":[{"embeddable":true,"href":"https:\/\/rockyourgoal.de\/it\/wp-json\/wp\/v2\/media\/15930"}],"wp:attachment":[{"href":"https:\/\/rockyourgoal.de\/it\/wp-json\/wp\/v2\/media?parent=15929"}],"curies":[{"name":"wp","href":"https:\/\/api.w.org\/{rel}","templated":true}]}}