{"id":1558,"date":"2020-04-09T10:25:11","date_gmt":"2020-04-09T08:25:11","guid":{"rendered":"http:\/\/rockyourgoal.de\/?page_id=1558"},"modified":"2020-10-11T19:52:11","modified_gmt":"2020-10-11T17:52:11","slug":"online-business","status":"publish","type":"page","link":"https:\/\/rockyourgoal.de\/it\/meine-angebote\/finanzielle-performance\/passives-einkommen\/online-business\/","title":{"rendered":"Passives Einkommen mit einem Online Business"},"content":{"rendered":"<p>F\u00fcr viele Menschen ist der Aufbau eines Online Business eine gute M\u00f6glichkeit sich ein passives Einkommen zu erarbeiten. Es ist aber ein harter Weg! Schnelles Geld im Internet zu verdienen propagieren viele, es ist aber schlicht und ergreifend nicht die Wahrheit. Wer im Internet Geld verdienen will muss viel Aufwand erbringen und viel lernen, denn die Konkurrenz ist riesig!<\/p>\n\n\n\n<h3 class=\"wp-block-heading\">Service based mindset<\/h3>\n\n\n\n<p>Wenn Du ernsthaft im Internet Geld verdienen m\u00f6chtest, dann verabschiede Dich von dem schnellen Geld ohne Aufwand. Wenn Du etwas bekommen m\u00f6chtest, dann musst Du vorher etwas geben. Du musst also, wie immer bei passivem Einkommen erst einmal investieren. Wer wenig investiert bekommt auch nur wenig zur\u00fcck. Das ist die Wahrheit, egal was die selbsternannten Online-Gurus sagen. <\/p>\n\n\n\n<p>Du musst Dir ein &#8222;<em>service based mindset<\/em>&#8220; zulegen. Das hei\u00dft, dass Du mit Deinem Angebot ein Problem einer Person oder einer Gruppe l\u00f6sen musst. Tust Du dies nicht, erbringt Dein Angebot keinen Mehrwert und hat keine Daseinsberechtigung! <\/p>\n\n\n\n<p>Du hast in meiner Vorstellung sicherlich gelesen, dass ich dauernd von &#8222;Performancemanagement&#8220; schreibe. Da geht es genau darum. Wenn ich hier etwas schreibe, dann mit dem Ziel f\u00fcr Dich einen Mehrwert zu schaffen und Deine Performance zu erh\u00f6hen. Gleichzeitig habe ich aber auch einen Vorteil davon, denn auf lange Sicht merkst Du dass Du hier nicht verarscht wirst und kommst immer wieder. <\/p>\n\n\n\n<h3 class=\"wp-block-heading\">WICHTIGE ANMERKUNG:<\/h3>\n\n\n\n<p>Dieser Beitrag befindet sich derzeit in der \u00dcberarbeitung und wird t\u00e4glich erweitert. Bitte entschuldigt den Entwurfszustand. Schaut regelm\u00e4\u00dfig vorbei, dann seht ihr die Fortschritte.<\/p>","protected":false},"excerpt":{"rendered":"<p>F\u00fcr viele Menschen ist der Aufbau eines Online Business eine gute M\u00f6glichkeit sich ein passives Einkommen zu erarbeiten. Es ist aber ein harter Weg! Schnelles Geld im Internet zu verdienen propagieren viele, es ist aber schlicht und ergreifend nicht die Wahrheit. Wer im Internet Geld verdienen will muss viel Aufwand&hellip;<\/p>\n<p> <a class=\"more-link\" href=\"https:\/\/rockyourgoal.de\/it\/meine-angebote\/finanzielle-performance\/passives-einkommen\/online-business\/\">Leggi tutto<\/a><\/p>","protected":false},"author":2,"featured_media":1564,"parent":1483,"menu_order":0,"comment_status":"closed","ping_status":"closed","template":"","meta":{"pgc_sgb_lightbox_settings":"","_glsr_average":0,"_glsr_ranking":0,"_glsr_reviews":0,"footnotes":""},"class_list":["post-1558","page","type-page","status-publish","has-post-thumbnail"],"_links":{"self":[{"href":"https:\/\/rockyourgoal.de\/it\/wp-json\/wp\/v2\/pages\/1558","targetHints":{"allow":["GET"]}}],"collection":[{"href":"https:\/\/rockyourgoal.de\/it\/wp-json\/wp\/v2\/pages"}],"about":[{"href":"https:\/\/rockyourgoal.de\/it\/wp-json\/wp\/v2\/types\/page"}],"author":[{"embeddable":true,"href":"https:\/\/rockyourgoal.de\/it\/wp-json\/wp\/v2\/users\/2"}],"replies":[{"embeddable":true,"href":"https:\/\/rockyourgoal.de\/it\/wp-json\/wp\/v2\/comments?post=1558"}],"version-history":[{"count":4,"href":"https:\/\/rockyourgoal.de\/it\/wp-json\/wp\/v2\/pages\/1558\/revisions"}],"predecessor-version":[{"id":2292,"href":"https:\/\/rockyourgoal.de\/it\/wp-json\/wp\/v2\/pages\/1558\/revisions\/2292"}],"up":[{"embeddable":true,"href":"https:\/\/rockyourgoal.de\/it\/wp-json\/wp\/v2\/pages\/1483"}],"wp:featuredmedia":[{"embeddable":true,"href":"https:\/\/rockyourgoal.de\/it\/wp-json\/wp\/v2\/media\/1564"}],"wp:attachment":[{"href":"https:\/\/rockyourgoal.de\/it\/wp-json\/wp\/v2\/media?parent=1558"}],"curies":[{"name":"wp","href":"https:\/\/api.w.org\/{rel}","templated":true}]}}