{"id":1483,"date":"2020-04-08T13:06:48","date_gmt":"2020-04-08T11:06:48","guid":{"rendered":"http:\/\/rockyourgoal.de\/?page_id=1483"},"modified":"2020-11-03T14:36:02","modified_gmt":"2020-11-03T13:36:02","slug":"passives-einkommen","status":"publish","type":"page","link":"https:\/\/rockyourgoal.de\/it\/meine-angebote\/finanzielle-performance\/passives-einkommen\/","title":{"rendered":"Passives Einkommen"},"content":{"rendered":"<p>Hier erkl\u00e4re ich Dir in einfachen Worten was passives Einkommen ist, warum es Deine Pflicht ist Dich darum zu k\u00fcmmern, welche M\u00f6glichkeiten sich Dir bieten und welches f\u00fcr mich der richtige Weg ist um mein Leben so zu f\u00fchren wie ich das will, ohne dass ich mir andauernd finanzielle Sorgen machen muss. Und ich erkl\u00e4re Dir warum dies alles nichts mit Gier zu tun hat.<\/p>\n\n\n\n<h3 class=\"wp-block-heading\">Passives Einkommen &#8211; einfach erkl\u00e4rt<\/h3>\n\n\n\n<p>Stell Dir vor Du bist ein angestellter Arbeitnehmer der jeden Tag in sein B\u00fcro geht um Geld zu verdienen. Du machst Deine Arbeit gut, arbeitest gewissenhaft jeden Tag und f\u00e4hrst nach neun, manchmal auch zehn Stunden nach Hause, wo Du nach einem kurzen Abendessen und nach dem Konsum einer Netflix-Serie m\u00fcde ins Bett f\u00e4llst. <\/p>\n\n\n\n<p>Am Monatsende bekommst Du Dein Gehalt als Verg\u00fctung f\u00fcr Deine erbrachte Arbeitsleistung und dieses Gehalt reicht gerade so, dass Du Deine Rechnungen bezahlen kannst. <\/p>\n\n\n\n<p>Wenn Du nun aus irgend einem Grund mehr Geld brauchst, dann kannst Du h\u00e4rter oder l\u00e4nger arbeiten. Wenn Dein Arbeitgeber fair ist, dann wird er Dir diese zus\u00e4tzliche Leistung mit einem Gehaltsaufschlag &#8222;belohnen&#8220;. <\/p>\n\n\n\n<p>Dein Einkommen ist also durch Deine Arbeitsleistung begrenzt. Das hei\u00dft aber auch, dass Du im Fall einer l\u00e4ngeren Krankheit, einer l\u00e4ngeren dienstlichen Abwesenheit oder einer K\u00fcndigung Dein Einkommen verlierst. Du hast Deine ganze Existenz an Deine Arbeitsf\u00e4higkeit, an Dich als Arbeitskraft gekn\u00fcpft. <\/p>\n\n\n\n<figure class=\"wp-block-image size-large\"><img loading=\"lazy\" decoding=\"async\" width=\"960\" height=\"641\" src=\"http:\/\/rockyourgoal.de\/wp-content\/uploads\/2020\/04\/arbeit.jpg\" alt=\"\" class=\"wp-image-1548\" srcset=\"https:\/\/rockyourgoal.de\/wp-content\/uploads\/2020\/04\/arbeit.jpg 960w, https:\/\/rockyourgoal.de\/wp-content\/uploads\/2020\/04\/arbeit-300x200.jpg 300w, https:\/\/rockyourgoal.de\/wp-content\/uploads\/2020\/04\/arbeit-768x513.jpg 768w, https:\/\/rockyourgoal.de\/wp-content\/uploads\/2020\/04\/arbeit-850x568.jpg 850w\" sizes=\"auto, (max-width: 960px) 100vw, 960px\" \/><figcaption>Bei aktivem Einkommen h\u00e4ngt dessen H\u00f6he direkt an Deiner erbrachten Arbeitsleistung<br><\/figcaption><\/figure>\n\n\n\n<p> Nun stell Dir vor Du sparst jeden Monat 200,- EUR. Ein ganzes Jahr lang. Am Ende des Jahres hast Du 2.400,- EUR gespart. Dieses Geld &#8222;leihst&#8220; Du der Bank und bekommst daf\u00fcr 3% Zinsen. Du bekommst also pro Jahr 72,- EUR von der Bank (vereinfacht gerechnet ohne Steuer, Zinseszinsen etc.). <\/p>\n\n\n\n<p>Voila! Du hast Dein erstes, passives Einkommen verdient! <\/p>\n\n\n\n<p><strong>Aber was ist da eigentlich genau passiert? <\/strong><\/p>\n\n\n\n<p>Du hast eine Anfangsleistung erbracht (Sparen + Anlegen des Gesparten). Nennen wir diese Leistung &#8222;Investment&#8220;. Nun &#8222;arbeitet&#8220; Dein Investment f\u00fcr Dich, ohne dass Du etwas daf\u00fcr tun musst. Du hast also daf\u00fcr gesorgt, dass nicht nur Du, sondern auch Dein Geld f\u00fcr Dich arbeitet. Es ist, als ob Du 72 kleine Klone Deiner Selbst erschaffen h\u00e4ttest die nun f\u00fcr Dich jedes Jahr einen Euro erarbeiten! Sie arbeiten auch Nachts, w\u00e4hrend Deines Urlaubs und wenn Du krank bist. Sie arbeiten zuverl\u00e4ssig und immer. Und sie w\u00fcrden auch dann weiter arbeiten wenn Du l\u00e4ngst verstorben bist und sie an Deine Kinder vererbt worden sind. <\/p>\n\n\n\n<p>Auch wenn dieses Beispiel stark vereinfacht ist entspricht es doch der Wahrheit. Jetzt \u00fcberleg mal wie sch\u00f6n es w\u00e4re, wenn Du viel mehr dieser Arbeitsklone h\u00e4ttest. <\/p>\n\n\n\n<p>Und hier hast Du schon das Geheimnis der reichen Leute gel\u00fcftet. Reiche Leute haben deshalb viel Geld weil sie es verstanden haben, dass sie viele Arbeitsklone brauchen um reich zu werden. Die eigene Arbeitskraft ist begrenzt und wird in den wenigsten F\u00e4llen Reichtum schaffen. <\/p>\n\n\n\n<h3 class=\"wp-block-heading\">Die Grundregel des passiven Einkommens<\/h3>\n\n\n\n<p>Die Grundregel eines passiven Einkommens hei\u00dft: &#8222;<em><strong>Um ein passives Einkommen zu bekommen musst Du in Vorleistung gehen<\/strong><\/em>!&#8220; Du musst also investieren. <\/p>\n\n\n\n<p>Investieren kannst Du:<\/p>\n\n\n\n<ul class=\"wp-block-list\"><li>Zeit<\/li><li>Geld<\/li><li>Ideen und Bildung<\/li><\/ul>\n\n\n\n<h3 class=\"wp-block-heading\">Passives Einkommen hat nichts mit Gier zu tun<\/h3>\n\n\n\n<p>Mir ist bewusst, dass man als Mensch, der versucht ein Einkommen anzuh\u00e4ufen und zu Wohlstand zu kommen, schnell in eine Ecke gestellt wird. Man sei gierig, geizig oder sogar ein unsozialer Kapitalist! Aber stimmt das wirklich?<\/p>\n\n\n\n<p>NEIN, ganz im Gegenteil!<\/p>\n\n\n\n<div class=\"wp-block-image\"><figure class=\"aligncenter size-large\"><img loading=\"lazy\" decoding=\"async\" width=\"960\" height=\"667\" src=\"http:\/\/rockyourgoal.de\/wp-content\/uploads\/2020\/04\/verantwortung.jpg\" alt=\"\" class=\"wp-image-1581\" srcset=\"https:\/\/rockyourgoal.de\/wp-content\/uploads\/2020\/04\/verantwortung.jpg 960w, https:\/\/rockyourgoal.de\/wp-content\/uploads\/2020\/04\/verantwortung-300x208.jpg 300w, https:\/\/rockyourgoal.de\/wp-content\/uploads\/2020\/04\/verantwortung-768x534.jpg 768w, https:\/\/rockyourgoal.de\/wp-content\/uploads\/2020\/04\/verantwortung-850x591.jpg 850w\" sizes=\"auto, (max-width: 960px) 100vw, 960px\" \/><figcaption>Sicheres Einkommen bedeutet Verantwortungs\u00fcbernahme f\u00fcr sich selbst, die Familie und Gesellschaft<\/figcaption><\/figure><\/div>\n\n\n\n<p>Wir erleben derzeit mit der Corona-Krise eine Zeit die an niemandem von uns spurlos vor\u00fcber gehen wird. Noch vor wenigen Wochen herrschte ein Arbeitnehmermarkt mit nahezu Vollbesch\u00e4ftigung, nun verlieren Millionen Menschen ihre Arbeit und gleichzeitig verh\u00e4ngen Unternehmen Einstellungsstopps. Bei Millionen Menschen weltweit bricht ihre einzige Einkommensquelle weg, die Rechnungen m\u00fcssen aber trotzdem bezahlt werden. <\/p>\n\n\n\n<p>Noch vor wenigen Wochen gab es einen Immobilienboom, nun werden Mieten ausgesetzt und tausende private und gewerbliche Vermieter erhalten ihre Mieten nicht mehr und k\u00f6nnen ihre Kredite bei Banken nicht mehr bedienen. <\/p>\n\n\n\n<p>Noch vor wenigen Wochen konnten Millionen Menschen als selbst\u00e4ndige Ern\u00e4hrungsberater, Fitnesstrainer oder in sonstigen Branchen ihrer Berufung folgen. Nun herrschen Kontaktverbote und diese Menschen stehen vor dem Aus. <\/p>\n\n\n\n<p>Die Aktienm\u00e4rkte sind volatil, ein Gro\u00dfteil der Unternehmen haben ihre Dividenden gestrichen. Altersvorsorgepl\u00e4ne auf Aktien sind nur noch einen Bruchteil von dem Wert was sie noch vor wenigen Wochen waren. <\/p>\n\n\n\n<p>Der Staat versucht sein Bestes um die Wirtschaft in dieser schwierigen Zeit zu unterst\u00fctzen und wirft die Notenpresse an. Das wird eine gro\u00dfe und lang anhaltende Auswirkung auf die Staatsverschuldung und Inflation haben, aber Gold ist so teuer geworden, dass es sich kaum mehr lohnt in Gold zu investieren. Au\u00dferdem ist es schlicht und einfach nicht verf\u00fcgbar! <\/p>\n\n\n\n<p>Ich gebe zu, wir befinden uns in einer Extremsituation. Und trotzdem! Diese Beispiele zeigen mir pers\u00f6nlich, dass ich mich als verantwortungsbewusster B\u00fcrger, Familienvater und Stabilit\u00e4tsanker (genau das m\u00f6chte ich f\u00fcr die Gesellschaft und meine Familie sein) niemals nur auf mein Arbeitseinkommen, meine Mieteinnahmen oder eine sonstige, einzelne Einkommensart verlassen darf. Ich bin der Meinung, dass nur eine Kombination von unterschiedlichen Einkommensstr\u00f6men, kombiniert mit rechtzeitig angelegten R\u00fccklagen, meiner Familie, der Gesellschaft und mir Stabilit\u00e4t und Sicherheit geben. <\/p>\n\n\n\n<p>Engagement, Bildung und ein klug generiertes Einkommen haben nichts mit Gier zu tun sondern mit Verantwortung! Verantwortung hat jeder Einzelne von uns. Und nur wenn jeder Einzelne  diese Verantwortung \u00fcbernimmt und im Rahmen seiner M\u00f6glichkeiten ausf\u00fcllt wird\u00b4s funktionieren. Und da lasse ich mich von keinen linken Ideologien des Gegenteils \u00fcberzeugen. <\/p>\n\n\n\n<h3 class=\"wp-block-heading\">Arbeitseinkommen passiv? Ist das m\u00f6glich?<\/h3>\n\n\n\n<p>Ich selbst und die meisten von euch sind entweder Angestellte mit einem Arbeitseinkommen oder Selbst\u00e4ndige mit einem Einkommen aus selbst\u00e4ndiger T\u00e4tigkeit. Auch wenn ihr noch nie dar\u00fcber nachgedacht habt, aber gerade hier k\u00f6nnt ihr ein wichtiges, passives Einkommen erzielen und gleichzeitig euren Arbeitsplatz sichern. <\/p>\n\n\n\n<p>Schauen wir uns das mal genauer an wie das geht&#8230; <\/p>\n\n\n\n<p>Da ich Betriebswirt bin, m\u00f6chte ich euch ein Beispiel aus meiner Praxis geben. Nach meiner kaufm\u00e4nnischen Lehre hat es mich nach wenigen Jahren als Beitrags- und Finanz-Sachbearbeiter bei einer gesetzlichen Krankenkasse bald in die IT Branche gezogen. <\/p>\n\n\n\n<p>Parallel zu meinem Arbeitgeberwechsel fing ich mit einem berufsbegleitenden Abendstudium der Wirtschaftswissenschaften an. Sieben Semester lang fuhr ich nach der Arbeit in die Universit\u00e4t, lernte jede freie Minute und schrieb am Wochenende Pr\u00fcfungen. Jeder Urlaub war dreieinhalb Jahre lang ein Lernurlaub. <\/p>\n\n\n\n<p>Ich ging also mit meiner eigenen Bildung in &#8222;Vorleistung&#8220; und das blieb meinem Arbeitgeber nicht verborgen. Wenige Monate nach Beendigung meines Studiums f\u00fchrte ich als Projektleiter f\u00fcr technische Krankenkassenfusionen gro\u00dfe Teams und mein Gehalt wuchs dementsprechend an. Nat\u00fcrlich wuchs auch meine Verantwortung, aber darum geht\u00b4s nicht. <\/p>\n\n\n\n<p>Was war passiert? Ich hatte durch meine Vorleistung (Studium) ein h\u00f6heres passives Einkommen erzielt. Und dieses h\u00f6here Gehalt war tats\u00e4chlich zum Gro\u00dfteil &#8222;passiv&#8220;, denn ich musste nicht mehr Stunden arbeiten. Nur war meine Arbeit anspruchsvoller und deshalb besser bezahlt. <\/p>\n\n\n\n<p>Dieses Beispiel l\u00e4sst sich auf alle Branchen adaptieren. Und f\u00fcr mich ist der eigene Job einer der wichtigsten, passiven Einkommensquellen. Ganz ehrlich&#8230;. wenn alles &#8222;normal&#8220; l\u00e4uft, dann hat mir der Anfangsinvest im Form eines Studiums ein Leben lang einen Teil meines Arbeitseinkommens als &#8222;passives Einkommen&#8220; generiert. <\/p>\n\n\n\n<p>F\u00fcr mich bedeutet das: St\u00e4ndige, gezielte Fortbildungen erh\u00f6hen mein passives Arbeitseinkommen st\u00e4ndig. \u00dcbrigens macht Dich mehr Wissen gleichzeitig unverzichtbarer f\u00fcr Deinen Arbeitgeber!<\/p>\n\n\n\n<p><em>&#8212;Beitrag wird jeden Tag erweitert&#8230;\u2026. schau vorbei&#8212;&#8211;<\/em><\/p>","protected":false},"excerpt":{"rendered":"<p>Hier erkl\u00e4re ich Dir in einfachen Worten was passives Einkommen ist, warum es Deine Pflicht ist Dich darum zu k\u00fcmmern, welche M\u00f6glichkeiten sich Dir bieten und welches f\u00fcr mich der richtige Weg ist um mein Leben so zu f\u00fchren wie ich das will, ohne dass ich mir andauernd finanzielle Sorgen&hellip;<\/p>\n<p> <a class=\"more-link\" href=\"https:\/\/rockyourgoal.de\/it\/meine-angebote\/finanzielle-performance\/passives-einkommen\/\">Leggi tutto<\/a><\/p>","protected":false},"author":2,"featured_media":1542,"parent":2362,"menu_order":1,"comment_status":"closed","ping_status":"closed","template":"","meta":{"pgc_sgb_lightbox_settings":"","_glsr_average":0,"_glsr_ranking":0,"_glsr_reviews":0,"footnotes":""},"class_list":["post-1483","page","type-page","status-publish","has-post-thumbnail"],"_links":{"self":[{"href":"https:\/\/rockyourgoal.de\/it\/wp-json\/wp\/v2\/pages\/1483","targetHints":{"allow":["GET"]}}],"collection":[{"href":"https:\/\/rockyourgoal.de\/it\/wp-json\/wp\/v2\/pages"}],"about":[{"href":"https:\/\/rockyourgoal.de\/it\/wp-json\/wp\/v2\/types\/page"}],"author":[{"embeddable":true,"href":"https:\/\/rockyourgoal.de\/it\/wp-json\/wp\/v2\/users\/2"}],"replies":[{"embeddable":true,"href":"https:\/\/rockyourgoal.de\/it\/wp-json\/wp\/v2\/comments?post=1483"}],"version-history":[{"count":18,"href":"https:\/\/rockyourgoal.de\/it\/wp-json\/wp\/v2\/pages\/1483\/revisions"}],"predecessor-version":[{"id":1590,"href":"https:\/\/rockyourgoal.de\/it\/wp-json\/wp\/v2\/pages\/1483\/revisions\/1590"}],"up":[{"embeddable":true,"href":"https:\/\/rockyourgoal.de\/it\/wp-json\/wp\/v2\/pages\/2362"}],"wp:featuredmedia":[{"embeddable":true,"href":"https:\/\/rockyourgoal.de\/it\/wp-json\/wp\/v2\/media\/1542"}],"wp:attachment":[{"href":"https:\/\/rockyourgoal.de\/it\/wp-json\/wp\/v2\/media?parent=1483"}],"curies":[{"name":"wp","href":"https:\/\/api.w.org\/{rel}","templated":true}]}}