{"id":1466,"date":"2020-03-31T12:43:42","date_gmt":"2020-03-31T10:43:42","guid":{"rendered":"http:\/\/rockyourgoal.de\/?page_id=1466"},"modified":"2020-03-31T12:54:58","modified_gmt":"2020-03-31T10:54:58","slug":"forum-hindernislauf","status":"publish","type":"page","link":"https:\/\/rockyourgoal.de\/it\/meine-angebote\/ocr-und-spartanrace\/forum-hindernislauf\/","title":{"rendered":"Forum f\u00fcr Hindernisl\u00e4ufer"},"content":{"rendered":"<p>Ich habe im Jahr 2016 das OCR Forum &#8222;<a href=\"http:\/\/www.muddyface.de\">Muddyface<\/a>&#8220; online gestellt und freue mich sehr \u00fcber seine Beliebtheit bei den Hindernisl\u00e4ufern. <\/p>\n\n\n\n<p>Muddyface ist eine echte Diskussionsplattform f\u00fcr Hindernisl\u00e4ufer die etwas mehr &#8222;Tiefgang&#8220; als bei den klassischen Social Media Anbietern bietet. In dem Forum werden OCR Themen ausgiebig diskutiert und durch die Nutzer wertfrei von allen Seiten beleuchtet. <\/p>\n\n\n\n<p>Das ist gerade f\u00fcr Neulinge der Sportart ein echter Mehrwert, aber auch alte Hasen lernen immer noch etwas dazu. <\/p>\n\n\n\n<figure class=\"wp-block-image size-large\"><a href=\"http:\/\/www.muddyface.de\"><img loading=\"lazy\" decoding=\"async\" width=\"1024\" height=\"613\" src=\"http:\/\/rockyourgoal.de\/wp-content\/uploads\/2020\/03\/muddyface-ocr-forum-1024x613.png\" alt=\"\" class=\"wp-image-1468\" srcset=\"https:\/\/rockyourgoal.de\/wp-content\/uploads\/2020\/03\/muddyface-ocr-forum-1024x613.png 1024w, https:\/\/rockyourgoal.de\/wp-content\/uploads\/2020\/03\/muddyface-ocr-forum-300x180.png 300w, https:\/\/rockyourgoal.de\/wp-content\/uploads\/2020\/03\/muddyface-ocr-forum-768x460.png 768w, https:\/\/rockyourgoal.de\/wp-content\/uploads\/2020\/03\/muddyface-ocr-forum-1536x920.png 1536w, https:\/\/rockyourgoal.de\/wp-content\/uploads\/2020\/03\/muddyface-ocr-forum-850x509.png 850w, https:\/\/rockyourgoal.de\/wp-content\/uploads\/2020\/03\/muddyface-ocr-forum.png 1755w\" sizes=\"auto, (max-width: 1024px) 100vw, 1024px\" \/><\/a><figcaption>Muddyface ist das gr\u00f6\u00dfte, deutschsprachige Hindernislauf Forum<\/figcaption><\/figure>\n\n\n\n<h3 class=\"wp-block-heading\">Legend of OCR<\/h3>\n\n\n\n<p>Eine beliebte Aktion haben wir 2017 ins Leben gerufen. Unter dem Titel &#8222;<a href=\"http:\/\/www.muddyface.de\/index.php?thread\/72-legend-of-ocr\/\">Legend of OCR<\/a>&#8220; belohnen wir die besonders flei\u00dfigen Hindernisl\u00e4ufer, eben die Legenden dieses Sports. Die Athleten k\u00f6nnen sich drei verschiedene Medaillen holen, wenn sie 1000, 2500 oder 5000 Hindernisse bei offiziellen Hindernisl\u00e4ufen \u00fcberwunden haben. Es z\u00e4hlen jedoch nur die &#8222;offiziell&#8220; ver\u00f6ffentlichten Hindernisse. <\/p>\n\n\n\n<p>Die Regeln:<\/p>\n\n\n\n<p>In jedem OCR-Rennen \u00fcberwindest Du eine Vielzahl von Hindernissen um ins Ziel zu kommen. Ab jetzt bringt Dich jedes dieser Hindernisse n\u00e4her an die Legend-Medaillen. F\u00fcr jede dieser Medaillen brauchst Du eine gewisse Mindestanzahl von Hindernissen, aber Vorsicht! Dir wird nichts geschenkt, die Legend-Medaillen sind die am Schwersten zu erreichenden Medaillen weltweit, denn es kann Jahre dauern, bist Du sie Dir verdient hast!<br><\/p>\n\n\n\n<ul class=\"wp-block-list\"><li>Jedes OCR-Rennen ver\u00f6ffentlicht im Vorfeld die Anzahl seiner Hindernisse. F\u00fcr Dich z\u00e4hlen nur die offiziell, auf der Website ver\u00f6ffentlichten Hindernisse mit einer maximalen Hinderniszahl von 100 pro Rennen! Sollte die Hinderniszahl nach oben offen gehalten werden (z.B. 25+), so z\u00e4hlen die angegebenen Mindesthindernisse (in diesem Fall 25). Die Hindernisse z\u00e4hlen nur, wenn Du das Rennen erfolgreich beendest. Bei Abbruch des Rennens kannst Du Dir keine Hindernisse gutschreiben!<br><\/li><li>Hier geht es um dauerhafte Leidenschaft, deshalb gibt es keine Begrenzung der Zeitperiode innerhalb derer Du die Hindernisse sammeln musst. Du hast also Zeit, aber halte Dich ran! Das Leben ist kurz!<br><\/li><li>Es k\u00f6nnen keine, vor dem 25. Oktober 2016 bestrittenen Rennen gemeldet werden. Ab sofort kannst Du anfangen!<br><\/li><li>Jede Meldung wird durch uns gepr\u00fcft und freigegeben. Das wird die hohe Qualit\u00e4t der Aktion sicherstellen. <\/li><\/ul>\n\n\n\n<p>Mitmachen kann selbstverst\u00e4ndlich jeder OCR L\u00e4ufer! <\/p>\n\n\n\n<p>Also&#8230;.. schaut mal bei Muddyface vorbei und macht mit in der gro\u00dfen OCR Community!<\/p>","protected":false},"excerpt":{"rendered":"<p>Ich habe im Jahr 2016 das OCR Forum &#8222;Muddyface&#8220; online gestellt und freue mich sehr \u00fcber seine Beliebtheit bei den Hindernisl\u00e4ufern. Muddyface ist eine echte Diskussionsplattform f\u00fcr Hindernisl\u00e4ufer die etwas mehr &#8222;Tiefgang&#8220; als bei den klassischen Social Media Anbietern bietet. In dem Forum werden OCR Themen ausgiebig diskutiert und durch&hellip;<\/p>\n<p> <a class=\"more-link\" href=\"https:\/\/rockyourgoal.de\/it\/meine-angebote\/ocr-und-spartanrace\/forum-hindernislauf\/\">Leggi tutto<\/a><\/p>","protected":false},"author":2,"featured_media":0,"parent":1040,"menu_order":4,"comment_status":"closed","ping_status":"closed","template":"","meta":{"pgc_sgb_lightbox_settings":"","_glsr_average":0,"_glsr_ranking":0,"_glsr_reviews":0,"footnotes":""},"class_list":["post-1466","page","type-page","status-publish"],"_links":{"self":[{"href":"https:\/\/rockyourgoal.de\/it\/wp-json\/wp\/v2\/pages\/1466","targetHints":{"allow":["GET"]}}],"collection":[{"href":"https:\/\/rockyourgoal.de\/it\/wp-json\/wp\/v2\/pages"}],"about":[{"href":"https:\/\/rockyourgoal.de\/it\/wp-json\/wp\/v2\/types\/page"}],"author":[{"embeddable":true,"href":"https:\/\/rockyourgoal.de\/it\/wp-json\/wp\/v2\/users\/2"}],"replies":[{"embeddable":true,"href":"https:\/\/rockyourgoal.de\/it\/wp-json\/wp\/v2\/comments?post=1466"}],"version-history":[{"count":3,"href":"https:\/\/rockyourgoal.de\/it\/wp-json\/wp\/v2\/pages\/1466\/revisions"}],"predecessor-version":[{"id":1471,"href":"https:\/\/rockyourgoal.de\/it\/wp-json\/wp\/v2\/pages\/1466\/revisions\/1471"}],"up":[{"embeddable":true,"href":"https:\/\/rockyourgoal.de\/it\/wp-json\/wp\/v2\/pages\/1040"}],"wp:attachment":[{"href":"https:\/\/rockyourgoal.de\/it\/wp-json\/wp\/v2\/media?parent=1466"}],"curies":[{"name":"wp","href":"https:\/\/api.w.org\/{rel}","templated":true}]}}