{"id":1409,"date":"2020-03-26T14:27:41","date_gmt":"2020-03-26T13:27:41","guid":{"rendered":"http:\/\/rockyourgoal.de\/?page_id=1409"},"modified":"2020-11-05T17:00:32","modified_gmt":"2020-11-05T16:00:32","slug":"new","status":"publish","type":"page","link":"https:\/\/rockyourgoal.de\/it\/meine-angebote\/ocr-und-spartanrace\/griffkrafttraining-ocr\/12-wochen-trainingsplan-griffkrafttraining\/new\/","title":{"rendered":"Weitersagen und Geld verdienen"},"content":{"rendered":"<p>Hat Dir unser eBook &#8222;12-Wochen Trainingsplan Griffkrafttraining f\u00fcr Hindernisl\u00e4ufer&#8220; gefallen? Dann verdien doch Geld damit! F\u00fcr jede Weiterempfehlung erh\u00e4ltst Du ca. 1,50 (also 50% meines Netto-Verkaufspreises). Und das ohne eigenen Aufwand!<\/p>\n\n\n\n<div class=\"wp-block-image\"><figure class=\"aligncenter size-large is-resized\"><img loading=\"lazy\" decoding=\"async\" src=\"http:\/\/rockyourgoal.de\/wp-content\/uploads\/2020\/03\/geld-verdienen-1024x683.jpg\" alt=\"\" class=\"wp-image-1423\" width=\"302\" height=\"201\" srcset=\"https:\/\/rockyourgoal.de\/wp-content\/uploads\/2020\/03\/geld-verdienen-1024x683.jpg 1024w, https:\/\/rockyourgoal.de\/wp-content\/uploads\/2020\/03\/geld-verdienen-300x200.jpg 300w, https:\/\/rockyourgoal.de\/wp-content\/uploads\/2020\/03\/geld-verdienen-768x512.jpg 768w, https:\/\/rockyourgoal.de\/wp-content\/uploads\/2020\/03\/geld-verdienen-1536x1024.jpg 1536w, https:\/\/rockyourgoal.de\/wp-content\/uploads\/2020\/03\/geld-verdienen-850x567.jpg 850w, https:\/\/rockyourgoal.de\/wp-content\/uploads\/2020\/03\/geld-verdienen.jpg 1920w\" sizes=\"auto, (max-width: 302px) 100vw, 302px\" \/><figcaption>Setz ein zartes Pfl\u00e4nzchen f\u00fcr Dein passives Einkommen!<\/figcaption><\/figure><\/div>\n\n\n\n<h3 class=\"wp-block-heading\">Ich will mitmachen! Wie funktioniert das genau?<\/h3>\n\n\n\n<h4 class=\"wp-block-heading\">Dein Affilliate-Link ist ganz nah&#8230;.<\/h4>\n\n\n\n<ol class=\"wp-block-list\"><li><strong> <\/strong>Melde Dich kostenlos bei Digistore24 an! <a href=\"https:\/\/www.digistore24.com\/signup\/315225\/\">https:\/\/www.digistore24.com\/signup\/355914\/<\/a><\/li><li>Kopiere den Promotion Link.  https:\/\/www.digistore24.com\/redir\/355914\/AFFILIATE\/CAMPAIGNKEY<\/li><li>Bitte ersetze \u201eAFFILIATE\u201c durch deine DigiStore24 ID<\/li><li>Solltest Du eine eigene Kampagne daf\u00fcr eingerichtet haben, so gib den CAMPAIGNKEY an. Ansonsten lass dieses Feld bitte einfach leer.<\/li><li>Wenn du deine ID einsetzt hast, ist keine zus\u00e4tzliche Anmeldung f\u00fcr das Produkt als Affiliate notwendig! Teile nun Deinen Link auf beliebige Art und verdien f\u00fcr jeden Verkauf 50% des Nettoverkaufspreises (ca. 1,50 EUR).<\/li><\/ol>\n\n\n\n<h3 class=\"wp-block-heading\">Hintergr\u00fcnde zu dem Partnerprogramm<\/h3>\n\n\n\n<p>Wir haben viel Zeit in die Anleitung &#8222;Griffkrafttraining f\u00fcr Hindernisl\u00e4ufer&#8220; und den <a href=\"http:\/\/rockyourgoal.de\/it\/meine-angebote\/ocr-und-spartanrace\/griffkrafttraining-ocr\/12-wochen-trainingsplan-griffkrafttraining\/\">12-Wochen Trainingsplan<\/a> gesteckt und diese beiden Werke in ein gemeinsames eBook \u00fcberf\u00fchrt. Unser oberstes Ziel war es, Hindernisl\u00e4ufern einen echten Mehrwert zu bieten. Nach dem Verkauf der ersten zwanzig eBooks sind wir sehr gl\u00fccklich \u00fcber die ausnahmslos positiven R\u00fcckmeldungen der Athleten. Das tut richtig gut!<\/p>\n\n\n\n<div class=\"wp-block-image\"><figure class=\"aligncenter size-large is-resized\"><img loading=\"lazy\" decoding=\"async\" src=\"http:\/\/rockyourgoal.de\/wp-content\/uploads\/2020\/03\/danke-1024x1024.png\" alt=\"\" class=\"wp-image-1412\" width=\"198\" height=\"198\" srcset=\"https:\/\/rockyourgoal.de\/wp-content\/uploads\/2020\/03\/danke-1024x1024.png 1024w, https:\/\/rockyourgoal.de\/wp-content\/uploads\/2020\/03\/danke-300x300.png 300w, https:\/\/rockyourgoal.de\/wp-content\/uploads\/2020\/03\/danke-150x150.png 150w, https:\/\/rockyourgoal.de\/wp-content\/uploads\/2020\/03\/danke-768x768.png 768w, https:\/\/rockyourgoal.de\/wp-content\/uploads\/2020\/03\/danke-1536x1536.png 1536w, https:\/\/rockyourgoal.de\/wp-content\/uploads\/2020\/03\/danke-850x850.png 850w, https:\/\/rockyourgoal.de\/wp-content\/uploads\/2020\/03\/danke.png 1920w\" sizes=\"auto, (max-width: 198px) 100vw, 198px\" \/><figcaption>Danke f\u00fcr euer positives Feedback!<\/figcaption><\/figure><\/div>\n\n\n\n<p>Uns ist es wichtig, dass m\u00f6glichst viele Hindernisl\u00e4ufer davon erfahren, sonst war die M\u00fche umsonst. Wenn Dir unser eBook gef\u00e4llt, Du einen eigenen Blog hast oder auf Social Media sehr pr\u00e4sent bist, dann w\u00fcrde es uns freuen, wenn Du unser Produkt weiter empfiehlst. <\/p>\n\n\n\n<p>Wir verlangen zwar mit 4,95 EUR (brutto) nicht viel Geld f\u00fcr das eBook, aber davon geben wir gerne die H\u00e4lfte (50%) an Dich f\u00fcr die Vermittlung ab. <\/p>\n\n\n\n<h3 class=\"wp-block-heading\">Werbemittel die Du nutzen darfst. <\/h3>\n\n\n\n<p>F\u00fcr die Werbung f\u00fcr unser Produkt stellen wir Dir folgende Bilddateien zur Verf\u00fcgung:<\/p>\n\n\n\n<figure class=\"wp-block-image size-large\"><img loading=\"lazy\" decoding=\"async\" width=\"941\" height=\"1024\" src=\"http:\/\/rockyourgoal.de\/wp-content\/uploads\/2020\/03\/grip-wins-races.jpg\" alt=\"\" class=\"wp-image-1374\" srcset=\"https:\/\/rockyourgoal.de\/wp-content\/uploads\/2020\/03\/grip-wins-races.jpg 941w, https:\/\/rockyourgoal.de\/wp-content\/uploads\/2020\/03\/grip-wins-races-276x300.jpg 276w, https:\/\/rockyourgoal.de\/wp-content\/uploads\/2020\/03\/grip-wins-races-768x836.jpg 768w, https:\/\/rockyourgoal.de\/wp-content\/uploads\/2020\/03\/grip-wins-races-300x326.jpg 300w, https:\/\/rockyourgoal.de\/wp-content\/uploads\/2020\/03\/grip-wins-races-850x925.jpg 850w\" sizes=\"auto, (max-width: 941px) 100vw, 941px\" \/><\/figure>\n\n\n\n<figure class=\"wp-block-image size-large\"><img loading=\"lazy\" decoding=\"async\" width=\"1024\" height=\"724\" src=\"http:\/\/rockyourgoal.de\/wp-content\/uploads\/2020\/02\/OCR-T-SHIRT-01_grip-wins-races-1024x724.png\" alt=\"\" class=\"wp-image-1086\" srcset=\"https:\/\/rockyourgoal.de\/wp-content\/uploads\/2020\/02\/OCR-T-SHIRT-01_grip-wins-races-1024x724.png 1024w, https:\/\/rockyourgoal.de\/wp-content\/uploads\/2020\/02\/OCR-T-SHIRT-01_grip-wins-races-300x212.png 300w, https:\/\/rockyourgoal.de\/wp-content\/uploads\/2020\/02\/OCR-T-SHIRT-01_grip-wins-races-768x543.png 768w, https:\/\/rockyourgoal.de\/wp-content\/uploads\/2020\/02\/OCR-T-SHIRT-01_grip-wins-races-1536x1086.png 1536w, https:\/\/rockyourgoal.de\/wp-content\/uploads\/2020\/02\/OCR-T-SHIRT-01_grip-wins-races-2048x1448.png 2048w, https:\/\/rockyourgoal.de\/wp-content\/uploads\/2020\/02\/OCR-T-SHIRT-01_grip-wins-races-850x601.png 850w\" sizes=\"auto, (max-width: 1024px) 100vw, 1024px\" \/><\/figure>\n\n\n\n<div class=\"wp-block-image\"><figure class=\"aligncenter size-large\"><img loading=\"lazy\" decoding=\"async\" width=\"468\" height=\"60\" src=\"http:\/\/rockyourgoal.de\/wp-content\/uploads\/2020\/03\/468-60-Banner-12-Wochen-Griffkraft-Trainingsplan.jpg\" alt=\"\" class=\"wp-image-1457\" srcset=\"https:\/\/rockyourgoal.de\/wp-content\/uploads\/2020\/03\/468-60-Banner-12-Wochen-Griffkraft-Trainingsplan.jpg 468w, https:\/\/rockyourgoal.de\/wp-content\/uploads\/2020\/03\/468-60-Banner-12-Wochen-Griffkraft-Trainingsplan-300x38.jpg 300w\" sizes=\"auto, (max-width: 468px) 100vw, 468px\" \/><figcaption>Banner in 468&#215;60<\/figcaption><\/figure><\/div>\n\n\n\n<div class=\"wp-block-image\"><figure class=\"aligncenter size-large\"><img loading=\"lazy\" decoding=\"async\" width=\"200\" height=\"200\" src=\"http:\/\/rockyourgoal.de\/wp-content\/uploads\/2020\/03\/200-200-Banner-Griffkraft-Training-12-Wochen.jpg\" alt=\"\" class=\"wp-image-1458\" srcset=\"https:\/\/rockyourgoal.de\/wp-content\/uploads\/2020\/03\/200-200-Banner-Griffkraft-Training-12-Wochen.jpg 200w, https:\/\/rockyourgoal.de\/wp-content\/uploads\/2020\/03\/200-200-Banner-Griffkraft-Training-12-Wochen-150x150.jpg 150w\" sizes=\"auto, (max-width: 200px) 100vw, 200px\" \/><figcaption>Banner in 200&#215;200<\/figcaption><\/figure><\/div>\n\n\n\n<h3 class=\"wp-block-heading\">Wo kannst Du das Produkt bewerben?<\/h3>\n\n\n\n<ul class=\"wp-block-list\"><li><strong>Eigene Website<\/strong>: Hast Du eine eigene Website? Perfekt! Nun kannst Du sie monetarisieren. Du bem\u00fchst Dich sowieso um Besucher. Biete ihnen doch den Trainingsplan an! Deine Besucher haben einen Mehrwert, und Du auch. <\/li><li><strong>Facebook<\/strong>: Hast Du eine eigene, gut besuchte Facebook-Seite? Dann schreibe einen kurzen Beitrag mit einem unserer Bilder und setze Deinen Affiliate-Link rein. Idealerweise pinnst Du den Beitrag oben fest, dann kommen Deine Besucher zwangsl\u00e4ufig daran vorbei und \u00fcbersehen Dein Angebot nicht. <\/li><li><strong>Instagram<\/strong>: Bist Du ein Insta-Influencer? Dann bewirb das Angebot doch in Instagram. Dazu kannst Du den Link in Deine Bio (unter das Bild) setzen und im Beitrag darauf verweisen. <\/li><li><strong>Email<\/strong>: Versendest Du an Deine Community regelm\u00e4\u00dfig Emails? Super! Dann stell doch das Produkt vor und verkauf es \u00fcber Email. <\/li><\/ul>","protected":false},"excerpt":{"rendered":"<p>Hat Dir unser eBook &#8222;12-Wochen Trainingsplan Griffkrafttraining f\u00fcr Hindernisl\u00e4ufer&#8220; gefallen? Dann verdien doch Geld damit! F\u00fcr jede Weiterempfehlung erh\u00e4ltst Du ca. 1,50 (also 50% meines Netto-Verkaufspreises). Und das ohne eigenen Aufwand! Ich will mitmachen! Wie funktioniert das genau? Dein Affilliate-Link ist ganz nah&#8230;. Melde Dich kostenlos bei Digistore24 an! https:\/\/www.digistore24.com\/signup\/355914\/&hellip;<\/p>\n<p> <a class=\"more-link\" href=\"https:\/\/rockyourgoal.de\/it\/meine-angebote\/ocr-und-spartanrace\/griffkrafttraining-ocr\/12-wochen-trainingsplan-griffkrafttraining\/new\/\">Leggi tutto<\/a><\/p>","protected":false},"author":2,"featured_media":0,"parent":1371,"menu_order":0,"comment_status":"closed","ping_status":"closed","template":"","meta":{"pgc_sgb_lightbox_settings":"","_glsr_average":0,"_glsr_ranking":0,"_glsr_reviews":0,"footnotes":""},"class_list":["post-1409","page","type-page","status-publish"],"_links":{"self":[{"href":"https:\/\/rockyourgoal.de\/it\/wp-json\/wp\/v2\/pages\/1409","targetHints":{"allow":["GET"]}}],"collection":[{"href":"https:\/\/rockyourgoal.de\/it\/wp-json\/wp\/v2\/pages"}],"about":[{"href":"https:\/\/rockyourgoal.de\/it\/wp-json\/wp\/v2\/types\/page"}],"author":[{"embeddable":true,"href":"https:\/\/rockyourgoal.de\/it\/wp-json\/wp\/v2\/users\/2"}],"replies":[{"embeddable":true,"href":"https:\/\/rockyourgoal.de\/it\/wp-json\/wp\/v2\/comments?post=1409"}],"version-history":[{"count":15,"href":"https:\/\/rockyourgoal.de\/it\/wp-json\/wp\/v2\/pages\/1409\/revisions"}],"predecessor-version":[{"id":2416,"href":"https:\/\/rockyourgoal.de\/it\/wp-json\/wp\/v2\/pages\/1409\/revisions\/2416"}],"up":[{"embeddable":true,"href":"https:\/\/rockyourgoal.de\/it\/wp-json\/wp\/v2\/pages\/1371"}],"wp:attachment":[{"href":"https:\/\/rockyourgoal.de\/it\/wp-json\/wp\/v2\/media?parent=1409"}],"curies":[{"name":"wp","href":"https:\/\/api.w.org\/{rel}","templated":true}]}}