{"id":1394,"date":"2021-11-11T13:58:00","date_gmt":"2021-11-11T12:58:00","guid":{"rendered":"http:\/\/rockyourgoal.de\/?page_id=1394"},"modified":"2021-11-17T10:48:02","modified_gmt":"2021-11-17T09:48:02","slug":"mentaltraining-webinare","status":"publish","type":"page","link":"https:\/\/rockyourgoal.de\/it\/meine-angebote\/mentaltraining-muenchen\/mentaltraining-webinare\/","title":{"rendered":"Mentaltraining Webinare"},"content":{"rendered":"\n<p>Wir bieten unser Mentaltraining Kursprogramm f\u00fcr Sportler nun auch als Webinar an. <\/p>\n\n\n\n<figure class=\"wp-block-image size-large\"><img loading=\"lazy\" decoding=\"async\" width=\"960\" height=\"640\" src=\"http:\/\/rockyourgoal.de\/wp-content\/uploads\/2020\/03\/mentaltraining-webinar.jpg\" alt=\"\" class=\"wp-image-1395\" srcset=\"https:\/\/rockyourgoal.de\/wp-content\/uploads\/2020\/03\/mentaltraining-webinar.jpg 960w, https:\/\/rockyourgoal.de\/wp-content\/uploads\/2020\/03\/mentaltraining-webinar-300x200.jpg 300w, https:\/\/rockyourgoal.de\/wp-content\/uploads\/2020\/03\/mentaltraining-webinar-768x512.jpg 768w, https:\/\/rockyourgoal.de\/wp-content\/uploads\/2020\/03\/mentaltraining-webinar-850x567.jpg 850w\" sizes=\"auto, (max-width: 960px) 100vw, 960px\" \/><figcaption>Mentaltraining f\u00fcr Sportler als Webinar erleben<\/figcaption><\/figure>\n\n\n\n<p>Derzeit zwingt uns ein kleines Virus Menschenansammlungen zu vermeiden.<\/p>\n\n\n\n<p>Doch jede Krise bietet auch eine Chance und deshalb biete ich Dir nun die Mentaltraining Kurse als LIVE-Webinar an. <\/p>\n\n\n\n<p>Du kannst also ganz einfach und bequem von zu Hause \u00fcber Deinen Computer bei meinem Live-Kurs teilnehmen und trotzdem den vollen Nutzen erzielen. <\/p>\n\n\n\n<p>Da ich keine Raummiete bezahlen muss, kann ich Dir diese Kurse teilweise kostenlos oder zu wirklich g\u00fcnstigen Konditionen anbieten. <\/p>\n\n\n\n<p>Mein Kursmodell &#8222;<em>Mentaltraining im Sport &#8211; Hilfe zur mentalen Selbsthilfe<\/em>&#8220; bildet die Basis f\u00fcr die Webinare und soll Sportler aller Sportarten in die Lage versetzen sich mental zu verbessern um ihre Ziele erf\u00fcllen zu k\u00f6nnen. Die einzelnen Module kannst Du getrennt buchen. <\/p>\n\n\n\n<p>Das Modul &#8222;<em>Mentaltraining im Sprint begreifen<\/em>&#8220; gibt Dir einen Gesamt\u00fcberblick \u00fcber mentales Training f\u00fcr Sportler, ist aber nicht zwingende Voraussetzung zur Teilnahme an den anderen Modulen. <\/p>\n\n\n\n<p>Die Reihenfolge der Module ist frei w\u00e4hlbar.<\/p>\n\n\n\n<figure class=\"wp-block-image size-large\"><img loading=\"lazy\" decoding=\"async\" width=\"780\" height=\"428\" src=\"http:\/\/rockyourgoal.de\/wp-content\/uploads\/2019\/09\/Mentaltraining-Hilfe-zur-mentalen-Selbsthilfe-Kurspyramide.png\" alt=\"\" class=\"wp-image-562\" srcset=\"https:\/\/rockyourgoal.de\/wp-content\/uploads\/2019\/09\/Mentaltraining-Hilfe-zur-mentalen-Selbsthilfe-Kurspyramide.png 780w, https:\/\/rockyourgoal.de\/wp-content\/uploads\/2019\/09\/Mentaltraining-Hilfe-zur-mentalen-Selbsthilfe-Kurspyramide-300x165.png 300w, https:\/\/rockyourgoal.de\/wp-content\/uploads\/2019\/09\/Mentaltraining-Hilfe-zur-mentalen-Selbsthilfe-Kurspyramide-768x421.png 768w\" sizes=\"auto, (max-width: 780px) 100vw, 780px\" \/><figcaption>Unsere Kursreihe &#8222;Mentaltraining im Sport &#8211; Hilfe zur mentalen Selbsthilfe&#8220;<\/figcaption><\/figure>\n\n\n\n<p>Hier kannst Du Dein passendes Live Webinar zum Mentaltraining im Sport buchen.<\/p>\n\n\n\n<h2 class=\"wp-block-heading\"><strong>Mentaltraining in einem Sprint begreifen<\/strong> (kostenlos) <\/h2>\n\n\n\n<p>Melde Dich kostenlos an f\u00fcr &#8222;Mentaltraining in einem Sprint begreifen!!!<\/p>\n\n\n\n<p><strong>N\u00e4chster Termin<\/strong>: <em> Mittwoch, den 12. Januar 2022 &#8211; 20:00 Uhr bis 21:30 Uhr <\/em><\/p>\n\n\n\n<!-- Begin Mailchimp Signup Form -->\n<link href=\"\/\/cdn-images.mailchimp.com\/embedcode\/classic-10_7.css\" rel=\"stylesheet\" type=\"text\/css\">\n<style type=\"text\/css\">\n\t#mc_embed_signup{background:#fff; clear:left; font:14px Helvetica,Arial,sans-serif; }\n\t\/* Add your own Mailchimp form style overrides in your site stylesheet or in this style block.\n\t   We recommend moving this block and the preceding CSS link to the HEAD of your HTML file. *\/\n<\/style>\n<div id=\"mc_embed_signup\">\n<form name=\"mc-embedded-subscribe-form\" class=\"validate\" id=\"mc-embedded-subscribe-form\" action=\"https:\/\/rockyourgoal.us19.list-manage.com\/subscribe\/post?u=f454dcf6e86d0bb21083e6f7a&amp;id=13ea8ab3d2\" method=\"post\" target=\"_blank\" novalidate=\"\">\n    <div id=\"mc_embed_signup_scroll\">\n\t<h2>Subscribe<\/h2>\n<div class=\"indicates-required\"><span class=\"asterisk\">*<\/span> indicates required<\/div>\n<div class=\"mc-field-group\">\n\t<label for=\"mce-EMAIL\">Email Address  <span class=\"asterisk\">*<\/span>\n<\/label>\n\t<input name=\"EMAIL\" class=\"required email\" id=\"mce-EMAIL\" type=\"email\" value=\"\">\n<\/div>\n<div class=\"mc-field-group\">\n\t<label for=\"mce-FNAME\">First Name <\/label>\n\t<input name=\"FNAME\" id=\"mce-FNAME\" type=\"text\" value=\"\">\n<\/div>\n<div class=\"mc-field-group\">\n\t<label for=\"mce-LNAME\">Last Name <\/label>\n\t<input name=\"LNAME\" id=\"mce-LNAME\" type=\"text\" value=\"\">\n<\/div>\n\t<div class=\"clear\" id=\"mce-responses\">\n\t\t<div class=\"response\" id=\"mce-error-response\" style=\"display:none\"><\/div>\n\t\t<div class=\"response\" id=\"mce-success-response\" style=\"display:none\"><\/div>\n\t<\/div>    <!-- real people should not fill this in and expect good things - do not remove this or risk form bot signups-->\n    <div aria-hidden=\"true\" style=\"position: absolute; left: -5000px;\"><input name=\"b_f454dcf6e86d0bb21083e6f7a_13ea8ab3d2\" tabindex=\"-1\" type=\"text\" value=\"\"><\/div>\n    <div class=\"clear\"><input name=\"subscribe\" class=\"button\" id=\"mc-embedded-subscribe\" type=\"submit\" value=\"Subscribe\"><\/div>\n    <\/div>\n<\/form>\n<\/div>\n<script src=\"\/\/s3.amazonaws.com\/downloads.mailchimp.com\/js\/mc-validate.js\" type=\"text\/javascript\"><\/script><script type=\"text\/javascript\">(function($) {window.fnames = new Array(); window.ftypes = new Array();fnames[0]='EMAIL';ftypes[0]='email';fnames[1]='FNAME';ftypes[1]='text';fnames[2]='LNAME';ftypes[2]='text';fnames[3]='ADDRESS';ftypes[3]='address';fnames[4]='PHONE';ftypes[4]='phone';fnames[5]='BIRTHDAY';ftypes[5]='birthday';fnames[6]='MMERGE6';ftypes[6]='birthday';}(jQuery));var $mcj = jQuery.noConflict(true);<\/script>\n<!--End mc_embed_signup-->\n\n\n\n<h3 class=\"wp-block-heading\"><strong>Beschreibung und Inhalt:<\/strong><\/h3>\n\n\n\n<p>In 90 Minuten bekommst Du einen kostenlosen \u00dcberblick was Mentaltraining f\u00fcr Sportler eigentlich ist, wann du es einsetzen kannst und warum es Dich als Sportler weiter bringt. <\/p>\n\n\n\n<p>Es handelt sich um das Grundlagenmodul, welches Du dann mit einer Vielzahl an konkreten \u00dcbungen und Vorgehensmodellen in den weiterf\u00fchrenden Modulen \u201eMentales Techniktraining\/Mentale Wettkampfvorbereitung\u201c, \u201eMotivation\u201c und \u201eKonzentration\/Mentale St\u00e4rke\u201c anreichern kannst. <\/p>\n\n\n\n<p>In \u201e<em>Mentaltraining in einem Sprint begreifen<\/em>\u201c erh\u00e4ltst Du\u00a0einen breiten \u00dcberblick \u00fcber die sich Dir bietenden M\u00f6glichkeiten des Mentaltrainings. Beispielhaft seien hier folgende Kursinhalte genannt:<\/p>\n\n\n\n<ol class=\"wp-block-list\"><li>Mentaltraining im Leistungssport \u2013 Was ist das und wie wirkt das?<\/li><li>Die f\u00fcnf Ebenen des Mentaltrainings \u2013 Wo mentales Training Dich besser macht<\/li><li>Ziele mit Plan sicher erreichen<\/li><li>Umfeldmanagement<\/li><li>Erholung<\/li><li>Erfolgsmonitoring<\/li><li>Aktivierung<\/li><li>Umgang mit Niederlagen<\/li><li>Warmuproutinen<\/li><li>Erreichung des Flows <\/li><li>Realistische Leistungseinsch\u00e4tzung <\/li><li>Aufstellung von Handlungspl\u00e4nen <\/li><li>Gew\u00f6hnung an die Wettkampfsituation <\/li><li>Pers\u00f6nliche Erfolgsfaktoren finden <\/li><li>Aufbau von Wettkampfh\u00e4rte <\/li><li>Der Weg von der bewussten zur unbewussten Bewegungsausf\u00fchrung<\/li><li>Mentales Techniktraining <\/li><\/ol>\n\n\n\n<h2 class=\"wp-block-heading\">Mentaltraining Modul &#8222;Motivation&#8220;<\/h2>\n\n\n\n<p>Wir werden in diesem Modul zusammen Deine n\u00e4chsten, sportlichen Meilensteine sinnvoll zusammen entwickeln und Du erh\u00e4ltst das Handwerkszeug f\u00fcr die Planung Deines sportlichen Werdeganges.<\/p>\n\n\n\n<p><strong>Honorar: 12,- EUR<\/strong><\/p>\n\n\n\n<div class=\"wp-block-image\"><figure class=\"aligncenter size-large is-resized\"><a href=\"https:\/\/www.digistore24.com\/product\/317414\"><img loading=\"lazy\" decoding=\"async\" src=\"http:\/\/rockyourgoal.de\/wp-content\/uploads\/2020\/03\/ticket.png\" alt=\"\" class=\"wp-image-1404\" width=\"166\" height=\"213\" srcset=\"https:\/\/rockyourgoal.de\/wp-content\/uploads\/2020\/03\/ticket.png 450w, https:\/\/rockyourgoal.de\/wp-content\/uploads\/2020\/03\/ticket-234x300.png 234w, https:\/\/rockyourgoal.de\/wp-content\/uploads\/2020\/03\/ticket-300x384.png 300w\" sizes=\"auto, (max-width: 166px) 100vw, 166px\" \/><\/a><figcaption><a href=\"https:\/\/www.digistore24.com\/product\/317414\">Buche Hier Dein Modul &#8222;Motivation&#8220;<\/a><\/figcaption><\/figure><\/div>\n\n\n\n<h3 class=\"wp-block-heading\"><strong>Die Kursinhalte kurz und knapp:<\/strong><\/h3>\n\n\n\n<ul class=\"wp-block-list\"><li>Techniken der Selbstmotivation<\/li><li>Sinnvolle Ziele identifizieren und richtig setzen<\/li><li>Leistungsentwicklung beschleunigen<\/li><li>Erholungsoptimierung und Entspannungstraining<\/li><li>Projektmanagement und Erfolgsmonitoring im Sport<\/li><li>Umgang mit Niederlagen<\/li><li>Aktivierungsverfahren<\/li><\/ul>\n\n\n\n<p>Eine ausf\u00fchrliche Kursbeschreibung findet ihr auf unserer \u00dcbersichtsseite &#8222;<a href=\"http:\/\/rockyourgoal.de\/meine-angebote\/mentaltraining-muenchen\/sport-mentaltraining-motivation\/\">Mentaltraining Motivation im Sport<\/a>&#8222;<\/p>\n\n\n\n<h3 class=\"wp-block-heading\">Termine<\/h3>\n\n\n\n<p>N\u00e4chster Termin f\u00fcr das Mentaltraining Modul &#8222;Motivation im Sport&#8220;: <strong><em>Sonntag, den 23.01.2022<\/em><\/strong> (09:00 Uhr bis 15:00 Uhr)<\/p>\n","protected":false},"excerpt":{"rendered":"<p>Wir bieten unser Mentaltraining Kursprogramm f\u00fcr Sportler nun auch als Webinar an. Derzeit zwingt uns ein kleines Virus Menschenansammlungen zu vermeiden. Doch jede Krise bietet auch eine Chance und deshalb biete ich Dir nun die Mentaltraining Kurse als LIVE-Webinar an. Du kannst also ganz einfach und bequem von zu Hause&hellip;<\/p>\n<p> <a class=\"more-link\" href=\"https:\/\/rockyourgoal.de\/it\/meine-angebote\/mentaltraining-muenchen\/mentaltraining-webinare\/\">Leggi tutto<\/a><\/p>","protected":false},"author":2,"featured_media":0,"parent":567,"menu_order":5,"comment_status":"closed","ping_status":"closed","template":"","meta":{"pgc_sgb_lightbox_settings":"","_glsr_average":0,"_glsr_ranking":0,"_glsr_reviews":0,"footnotes":""},"class_list":["post-1394","page","type-page","status-publish"],"_links":{"self":[{"href":"https:\/\/rockyourgoal.de\/it\/wp-json\/wp\/v2\/pages\/1394","targetHints":{"allow":["GET"]}}],"collection":[{"href":"https:\/\/rockyourgoal.de\/it\/wp-json\/wp\/v2\/pages"}],"about":[{"href":"https:\/\/rockyourgoal.de\/it\/wp-json\/wp\/v2\/types\/page"}],"author":[{"embeddable":true,"href":"https:\/\/rockyourgoal.de\/it\/wp-json\/wp\/v2\/users\/2"}],"replies":[{"embeddable":true,"href":"https:\/\/rockyourgoal.de\/it\/wp-json\/wp\/v2\/comments?post=1394"}],"version-history":[{"count":18,"href":"https:\/\/rockyourgoal.de\/it\/wp-json\/wp\/v2\/pages\/1394\/revisions"}],"predecessor-version":[{"id":4438,"href":"https:\/\/rockyourgoal.de\/it\/wp-json\/wp\/v2\/pages\/1394\/revisions\/4438"}],"up":[{"embeddable":true,"href":"https:\/\/rockyourgoal.de\/it\/wp-json\/wp\/v2\/pages\/567"}],"wp:attachment":[{"href":"https:\/\/rockyourgoal.de\/it\/wp-json\/wp\/v2\/media?parent=1394"}],"curies":[{"name":"wp","href":"https:\/\/api.w.org\/{rel}","templated":true}]}}