{"id":139,"date":"2019-07-02T13:17:10","date_gmt":"2019-07-02T11:17:10","guid":{"rendered":"http:\/\/rockyourgoal.de\/?page_id=139"},"modified":"2025-12-17T10:36:52","modified_gmt":"2025-12-17T09:36:52","slug":"das-bin-ich","status":"publish","type":"page","link":"https:\/\/rockyourgoal.de\/it\/big5forlife\/das-bin-ich\/","title":{"rendered":"Das bin ich"},"content":{"rendered":"<h2 class=\"wp-block-heading\"><strong>Steckbrief (Fakten kurz und knapp):<\/strong><\/h2>\n\n\n\n<p>Uwe Kauntz, 1976er Baujahr, Vater, Ehemann, Betriebswirt, IT Security Consultant, Mentaltrainer, Athletik Trainer (A-Lizenz), Ausdauertrainer (A-Lizenz), Fitnesstrainer (B-Lizenz) Performance Coach, OCR L\u00e4ufer, Traill\u00e4ufer, Sportverr\u00fcckter und Tr\u00e4umer.<\/p>\n\n\n\n<p><strong>Instagram<\/strong>: <a href=\"http:\/\/www.instagram.com\/munichspartan\">@munichspartan<\/a>, <a rel=\"noreferrer noopener\" href=\"http:\/\/www.instagram.com\/rockyourgoal\" target=\"_blank\">@rockyourgoal<\/a> <strong>Facebook<\/strong>: <a rel=\"noreferrer noopener\" href=\"http:\/\/www.facebook.com\/UweKauntz\" target=\"_blank\">UweKauntz<\/a><\/p>\n\n\n<div class=\"wp-block-image\">\n<figure class=\"aligncenter\"><a href=\"http:\/\/rockyourgoal.de\/wp-content\/uploads\/2019\/07\/uwe.jpg\"><img loading=\"lazy\" decoding=\"async\" width=\"260\" height=\"239\" src=\"http:\/\/rockyourgoal.de\/wp-content\/uploads\/2019\/07\/uwe.jpg\" alt=\"\" class=\"wp-image-140\"\/><\/a><figcaption class=\"wp-element-caption\">Die Herausforderung fest im Blick<\/figcaption><\/figure>\n<\/div>\n\n\n<h2 class=\"wp-block-heading\">Ein kleiner Einblick in mein Leben<\/h2>\n\n\n\n<p>Auch wenn mich das Mittelalter (ich stecke im durchschnittlichen, mittleren Lebensalter) eingeholt hat bin ich sehr dankbar f\u00fcr eine wundersch\u00f6ne Frau und die beste Tochter die man haben kann. Ich bin dankbar f\u00fcr meine Familie, meinen Arbeitsplatz und f\u00fcr meine Gesundheit. Ich betreibe ich immer noch leidenschaftlich Sport und ich fahre gerne Fahrrad, vor allem Mehrtagestouren. Ich bin leidenschaftlicher Ausdauertrainer, Athletiktrainer und Mentaltrainer und arbeite mit viel Energie an meinen Lebenszielen (Big5ForLife). Doch ich schreibe auch gerne an diesem Blog, weil es mir wirklich Spa\u00df macht und ich bin dankbar f\u00fcr tausende Menschen die jede Woche diesen Blog lesen. <\/p>\n\n\n\n<p>Ach ja, es ist mir sehr wichtig mich st\u00e4ndig weiter zu bilden. Dabei erwerbe ich schon fast als Sammler Zertifikate aller Art. \ud83d\ude42 Nicht weil ich sie brauche, sondern weil es mir Freude bereitet. <\/p>\n\n\n\n<figure class=\"wp-block-gallery has-nested-images columns-4 is-cropped wp-block-gallery-1 is-layout-flex wp-block-gallery-is-layout-flex\">\n<figure class=\"wp-block-image size-large\"><a href=\"https:\/\/rockyourgoal.de\/wp-content\/uploads\/2020\/12\/a-lizenz-ausdauertrainer-uwe-kauntz.jpg\"><img loading=\"lazy\" decoding=\"async\" width=\"819\" height=\"1024\" data-id=\"2556\" src=\"https:\/\/rockyourgoal.de\/wp-content\/uploads\/2020\/12\/a-lizenz-ausdauertrainer-uwe-kauntz-819x1024.jpg\" alt=\"\" class=\"wp-image-2556\" srcset=\"https:\/\/rockyourgoal.de\/wp-content\/uploads\/2020\/12\/a-lizenz-ausdauertrainer-uwe-kauntz-819x1024.jpg 819w, https:\/\/rockyourgoal.de\/wp-content\/uploads\/2020\/12\/a-lizenz-ausdauertrainer-uwe-kauntz-240x300.jpg 240w, https:\/\/rockyourgoal.de\/wp-content\/uploads\/2020\/12\/a-lizenz-ausdauertrainer-uwe-kauntz-768x960.jpg 768w, https:\/\/rockyourgoal.de\/wp-content\/uploads\/2020\/12\/a-lizenz-ausdauertrainer-uwe-kauntz-1228x1536.jpg 1228w, https:\/\/rockyourgoal.de\/wp-content\/uploads\/2020\/12\/a-lizenz-ausdauertrainer-uwe-kauntz-300x375.jpg 300w, https:\/\/rockyourgoal.de\/wp-content\/uploads\/2020\/12\/a-lizenz-ausdauertrainer-uwe-kauntz-850x1063.jpg 850w, https:\/\/rockyourgoal.de\/wp-content\/uploads\/2020\/12\/a-lizenz-ausdauertrainer-uwe-kauntz.jpg 1482w\" sizes=\"auto, (max-width: 819px) 100vw, 819px\" \/><\/a><figcaption class=\"wp-element-caption\">A-Trainerlizenz im Ausdauersport<\/figcaption><\/figure>\n\n\n\n<figure class=\"wp-block-image size-large\"><a href=\"https:\/\/rockyourgoal.de\/wp-content\/uploads\/2019\/07\/sgx-zertifikat-300x169.png\"><img loading=\"lazy\" decoding=\"async\" width=\"300\" height=\"169\" data-id=\"218\" src=\"https:\/\/rockyourgoal.de\/wp-content\/uploads\/2019\/07\/sgx-zertifikat-300x169.png\" alt=\"\" class=\"wp-image-218\"\/><\/a><figcaption class=\"wp-element-caption\">Offizieller Spartan SGX Coach<\/figcaption><\/figure>\n\n\n\n<figure class=\"wp-block-image size-large\"><a href=\"https:\/\/rockyourgoal.de\/wp-content\/uploads\/2019\/12\/sport-mentaltraining-zertifizierung-uwe-kauntz.jpg\"><img loading=\"lazy\" decoding=\"async\" width=\"215\" height=\"254\" data-id=\"823\" src=\"https:\/\/rockyourgoal.de\/wp-content\/uploads\/2019\/12\/sport-mentaltraining-zertifizierung-uwe-kauntz.jpg\" alt=\"\" class=\"wp-image-823\"\/><\/a><figcaption class=\"wp-element-caption\">Sport Mentaltrainer<\/figcaption><\/figure>\n\n\n\n<figure class=\"wp-block-image size-large\"><a href=\"https:\/\/rockyourgoal.de\/wp-content\/uploads\/2022\/01\/ocr-b-trainer-zertifikat-uwe-kauntz.jpg\"><img loading=\"lazy\" decoding=\"async\" width=\"768\" height=\"1024\" data-id=\"5438\" src=\"https:\/\/rockyourgoal.de\/wp-content\/uploads\/2022\/01\/ocr-b-trainer-zertifikat-uwe-kauntz-768x1024.jpg\" alt=\"\" class=\"wp-image-5438\" srcset=\"https:\/\/rockyourgoal.de\/wp-content\/uploads\/2022\/01\/ocr-b-trainer-zertifikat-uwe-kauntz-768x1024.jpg 768w, https:\/\/rockyourgoal.de\/wp-content\/uploads\/2022\/01\/ocr-b-trainer-zertifikat-uwe-kauntz-225x300.jpg 225w, https:\/\/rockyourgoal.de\/wp-content\/uploads\/2022\/01\/ocr-b-trainer-zertifikat-uwe-kauntz-1152x1536.jpg 1152w, https:\/\/rockyourgoal.de\/wp-content\/uploads\/2022\/01\/ocr-b-trainer-zertifikat-uwe-kauntz-300x400.jpg 300w, https:\/\/rockyourgoal.de\/wp-content\/uploads\/2022\/01\/ocr-b-trainer-zertifikat-uwe-kauntz-850x1133.jpg 850w, https:\/\/rockyourgoal.de\/wp-content\/uploads\/2022\/01\/ocr-b-trainer-zertifikat-uwe-kauntz.jpg 1512w\" sizes=\"auto, (max-width: 768px) 100vw, 768px\" \/><\/a><figcaption class=\"wp-element-caption\">OCR B Trainer &#8211; OCRA Germany &#8211; 2022<\/figcaption><\/figure>\n<figcaption class=\"blocks-gallery-caption wp-element-caption\">Laufende Weiterbildungen (beruflich und als freiberuflicher Trainer) geh\u00f6ren f\u00fcr mich dazu<\/figcaption><\/figure>\n\n\n\n<h2 class=\"wp-block-heading\"><strong>Was sich nicht so kurz beschreiben l\u00e4sst&#8230;.<\/strong><\/h2>\n\n\n\n<p>Im Alter von 19 Jahren hatte ich (wie die meisten Jugendlichen) gro\u00dfe Tr\u00e4ume von Freiheit, Selbstverwirklichung und gro\u00dfen Taten! Ich wollte die Welt erobern und nur nicht durchschnittlich sein! Doch dann kam der Alltag, die steigenden Anforderungen an Erwachsene, Verantwortung und ein bequemes Leben. Ich lebte mein Leben und es passierten viele sch\u00f6ne Dinge. Ich wurde Vater und Ehemann und ich leistete in meinem Job eine gute Arbeit. Ich erf\u00fcllte also wichtige Ziele die mich sehr gl\u00fccklich machten (und machen). Ist doch alles in Ordnung, oder? Ja. Aber ich hoffe, dass ich noch ein paar Jahre vor mir habe!<\/p>\n\n\n\n<p>Zwanzig Jahre sp\u00e4ter, also im Alter von 40 Jahren bemerkte ich, dass ich\u00a0viele meiner\u00a0damaligen Tr\u00e4ume und Ziele aus den Augen verloren hatte. Da waren Tr\u00e4ume die ich zu Recht aufgegeben hatte, denn sie waren das Ergebnis meiner jugendlichen Unerfahrenheit. Aber es gab auch diese anderen Tr\u00e4ume&#8230;. Tr\u00e4ume die ich niemals aufgeben h\u00e4tte sollen. Dass ich sie trotzdem aufgegeben habe, daran bin nur ich alleine schuld und es hilft nix, denn die Zeit kann man nicht zur\u00fcckdrehen.<\/p>\n\n\n\n<p>Ich hatte immer schon eine tolle Familie die mich endlos unterst\u00fctzen w\u00fcrde und ich hatte immer schon gute Freunde. Trotzdem war ich unbemerkt in manchen Lebensbereichen in das &#8222;<em>Mittelma\u00df des Alltags<\/em>&#8220; abgerutscht. Wie gesagt, daran ist nichts Schlechtes. Aber es entspricht nicht meinem Anspruch an mich selbst, und es entspricht nicht meinen Tr\u00e4umen und Zielen.<\/p>\n\n\n\n<h3 class=\"wp-block-heading\">Eine Lebensh\u00e4lfte Zeit?<\/h3>\n\n\n\n<p>Wenn man \u00fcber die H\u00e4lfte seines voraussichtlichen Lebens hinter sich hat, dann \u00fcberlegt man noch einmal wo man steht und was einem wichtig ist. <\/p>\n\n\n\n<p>Ich wusste, dass ich eigentlich immer noch alles erreichen kann wovon ich mit 19 getr\u00e4umt habe. Und nun, \u00fcber 20 Jahre sp\u00e4ter konnte ich auch sagen was wichtig war und was nicht. Aber um die noch unerf\u00fcllten, wichtigen Ziele zu erf\u00fcllen musste ich meinen Hintern hoch bekommen, und zwar schnell! <\/p>\n\n\n\n<p>Ich hatte nie das Gef\u00fchl neu anfangen zu m\u00fcssen, denn ich hatte bereits sehr viele Ziele, vielleicht auch schon die Wichtigsten (die aus meiner Sicht &#8222;beste Familie der Welt&#8220;) erreicht. Aber ich wusste, dass ich manche meiner Ziele neu justieren und wieder den richtigen Weg einschlagen muss um auch in der zweiten Lebensh\u00e4lfte in die richtige Richtung zu gehen.<\/p>\n\n\n<div class=\"wp-block-image\">\n<figure class=\"aligncenter size-large is-resized\"><a href=\"http:\/\/rockyourgoal.de\/wp-content\/uploads\/2020\/05\/lebensziele.jpg\"><img loading=\"lazy\" decoding=\"async\" width=\"960\" height=\"640\" src=\"http:\/\/rockyourgoal.de\/wp-content\/uploads\/2020\/05\/lebensziele.jpg\" alt=\"\" class=\"wp-image-1738\" style=\"width:-426px;height:-284px\" srcset=\"https:\/\/rockyourgoal.de\/wp-content\/uploads\/2020\/05\/lebensziele.jpg 960w, https:\/\/rockyourgoal.de\/wp-content\/uploads\/2020\/05\/lebensziele-300x200.jpg 300w, https:\/\/rockyourgoal.de\/wp-content\/uploads\/2020\/05\/lebensziele-768x512.jpg 768w, https:\/\/rockyourgoal.de\/wp-content\/uploads\/2020\/05\/lebensziele-850x567.jpg 850w\" sizes=\"auto, (max-width: 960px) 100vw, 960px\" \/><\/a><figcaption class=\"wp-element-caption\">Ich habe keine Lust meine Tr\u00e4ume und Ziele aufzugeben!<\/figcaption><\/figure>\n<\/div>\n\n\n<p>Mir wurde das an einem Abend deutlich, an dem wir uns mit Freunden \u00fcber Menschen mit gro\u00dfen Visionen unterhielten. Menschen die so gro\u00dfe Ziele haben, dass Andere \u00fcber sie lachen oder sie f\u00fcr verr\u00fcckt halten. Genau solch ein Mensch war ich mal und daran hatte sich eigentlich nichts ge\u00e4ndert im Lauf der Jahre. Au\u00dfer, dass ich meine Ziele zum Teil aus den Augen verloren hatte und \u00fcber 20 Jahre daran nicht gearbeitet habe!<\/p>\n\n\n\n<p>Ok, das war nicht optimal, aber auch kein Beinbruch! Ich begann damit der Mensch zu werden der ich eigentlich sein wollte. Meine Reise&nbsp;begann, irgendwie von Neuem, irgendwie nur etwas schneller&#8230;. &nbsp;Meine Performance muss besser werden und sie muss immer weiter steigen ohne dass ich in Stress zu komme.<\/p>\n\n\n\n<h3 class=\"wp-block-heading\">Mit Vollgas die ersten Ziele erreicht<\/h3>\n\n\n\n<p>Ich setzte mir ein kleineres Ziel mit dem Titel &#8222;<a href=\"http:\/\/www.muddyface.de\/blog\/index.php?entry\/19-1000-hindernisse-bis-ins-ziel\/\">1000 Hindernisse statt der Couch<\/a>&#8222;. Hier ging es darum, dass ich in \u00fcber 30 OCR-Rennen (OCR = Obstacle Course Races, also Hindernisl\u00e4ufe) \u00fcber 1000 Hindernisse \u00fcberwinde. 2016 k\u00e4mpfte ich mit diesem Ziel und konnte es, begleitet durch ein gro\u00dfes, mediales Interesse in der letzten Dezember Woche 2016&nbsp;erreichen! Auf diesem Weg qualifizierte ich mich unter Anderem das erste mal f\u00fcr die OCR Weltmeisterschaften in Kanada und hatte dort eine unvergessliche Zeit! Wenn man da am Start steht und auf die vergangenen Monate unter Strom zur\u00fcckblickt, dann ist man mit sich im Reinen! Das Gef\u00fchl ist unglaublich. Es ist wie wenn man zwei Jahre in einem gelebt hat. Seitdem bin ich der Meinung, dass die Zeit scheinbar nur deshalb so schnell vergeht (gef\u00fchlt), weil man sie nicht richtig ausf\u00fcllt. <\/p>\n\n\n<div class=\"wp-block-image\">\n<figure class=\"aligncenter\"><a href=\"http:\/\/www.muddyface.de\/blog\/index.php?entry\/19-1000-hindernisse-bis-ins-ziel\/\"><img loading=\"lazy\" decoding=\"async\" width=\"225\" height=\"225\" src=\"http:\/\/rockyourgoal.de\/wp-content\/uploads\/2019\/07\/logo-1000-Hindernisse.png\" alt=\"\" class=\"wp-image-156\" srcset=\"https:\/\/rockyourgoal.de\/wp-content\/uploads\/2019\/07\/logo-1000-Hindernisse.png 225w, https:\/\/rockyourgoal.de\/wp-content\/uploads\/2019\/07\/logo-1000-Hindernisse-150x150.png 150w\" sizes=\"auto, (max-width: 225px) 100vw, 225px\" \/><\/a><\/figure>\n<\/div>\n\n\n<p>Dieses erreichte Ziel gab mir sehr viel Selbstvertrauen und zeigte mir, dass sich auf dem Weg zu einem Ziel enorm viele Gelegenheiten ergeben die sich jemandem im normalen Alltag, niemals erschlie\u00dfen w\u00fcrden. Diese Erfahrung ermutigte mich, dass ich jedes Ziel erreichen kann, denn 2016 hatte so etwas noch niemand gemacht! Und noch wichtiger&#8230;. Ich habe gelernt, dass ich mich auf meine Familie und auf mich verlassen kann! Also was soll mich aufhalten wenn ich gesund bleibe?<\/p>\n\n\n\n<h3 class=\"wp-block-heading\">\u00dcber die Gelegenheiten der T\u00fcchtigen<\/h3>\n\n\n\n<p>Doch nochmal kurz zu den angesprochenen Gelegenheiten, denn diese Erkenntnis hat mich fasziniert&#8230;.. Ich m\u00f6chte Dir ein Beispiel f\u00fcr eine solche Gelegenheit geben.<\/p>\n\n\n\n<p>Da es 2016 noch keine OCR Trainingsm\u00f6glichkeiten in Oberbayern gab, bem\u00fchte ich mich um ein Trainingsgel\u00e4nde. Und es gab Menschen die mich wie selbstverst\u00e4ndlich unterst\u00fctzten und so gr\u00fcndete ich zusammen mit Weggef\u00e4hrten den ersten OCR Verein (<a href=\"http:\/\/www.ocr-munich.de\">OCR Munich e.V.<\/a>) und wurde dessen Vorstand. Und viele dieser Menschen die mich damals unterst\u00fctzt haben sind auch heute noch sehr gute Freunde. <\/p>\n\n\n\n<p>Heute, zehn Jahre sp\u00e4ter hat der Verein bereits \u00fcber 200 Mitglieder und ein tolles Trainingsgel\u00e4nde, welches wir komplett selbst finanziert- und aufgebaut haben. Es war also f\u00fcr mich an der Zeit den Vorstandsposten aufzugeben um mich meinen anderen Zielen und Tr\u00e4umen mit gr\u00f6\u00dferer Energie widmen zu k\u00f6nnen. Der Verein ist aber immer noch in guten H\u00e4nden und tief in meinem Herzen verankert.<\/p>\n\n\n\n<p>Als Kind tr\u00e4umte ich immer von einem eigenen Verein dem mein Herz geh\u00f6rt. Es dauerte viele Jahre, aber jetzt kann ich sagen, dass dieser Traum in Erf\u00fcllung gegangen ist. Nein! Ich habe ihn mir erf\u00fcllt. Und ich bin den Menschen sehr dankbar, die mich hier begleitet haben und mich weiterhin begleiten. Diese sind mindestens so wichtig wie das erreichte Ziel! Aber dieses Beispiel hat mir ganz klar gezeigt, dass die Gelegenheiten zu dem T\u00fcchtigen und Engagierten kommen. Nicht zu dem Menschen der nicht von der Couch herunter kommt. <\/p>\n\n\n\n<h3 class=\"wp-block-heading\">Wenn Du brennst, dann steckst Du andere an<\/h3>\n\n\n\n<p>\u00dcbrigens habe ich auch eine weitere, wichtige Erkenntnis gewonnen: Du musst Menschen mit Deinem Feuer anstecken, dann brennen diese auch f\u00fcr die Sache und helfen Dir gerne und aus tiefer \u00dcberzeugung. Und oft ist es so, dass Dich diese Menschen in Zeiten wieder anstecken, wenn Dein eigenes Feuer schw\u00e4cher geworden ist weil Deine Energie etwas geschwunden ist! <\/p>\n\n\n\n<h2 class=\"wp-block-heading\"><em>&#8222;KLUW&#8220;<\/em> &#8211; Konstant Lernen Und Wachsen<\/h2>\n\n\n\n<p>Es passierte aber etwas noch viel Wichtigeres in diesem einen Jahr: Ich lernte mich mit meinen St\u00e4rken und Schw\u00e4chen genau kennen und ich begann mit dem Wichtigsten \u00fcberhaupt, ich begann wieder mit &#8222;KLUW&#8220; (Konstant Lernen und Wachsen). <\/p>\n\n\n\n<p>Ich begann wieder sehr viel zu lesen, Seminare zu besuchen und mir gezielt Wissen und Fertigkeiten anzueignen was mich zu dem Menschen machen wird, welcher ich sein will. Stellt Dir vor, Deine Ziele w\u00e4ren klares Wasser.<\/p>\n\n\n\n<p>Sie sind aber so gro\u00df, dass dies viele Kubikmeter Wasser sind. Du selbst, also Dein Wissen, Deine Motivation und Dein Selbstvertrauen hat nur ein kleines&nbsp;Glas. Das Wasser Deiner Ziele wird keinen Platz in Deinem Glas finden.<\/p>\n\n\n<div class=\"wp-block-image\">\n<figure class=\"aligncenter size-large is-resized\"><a href=\"http:\/\/rockyourgoal.de\/wp-content\/uploads\/2020\/01\/wasserglas-\u00fcberlaufen.jpg\"><img loading=\"lazy\" decoding=\"async\" width=\"1024\" height=\"731\" src=\"http:\/\/rockyourgoal.de\/wp-content\/uploads\/2020\/01\/wasserglas-\u00fcberlaufen-1024x731.jpg\" alt=\"\" class=\"wp-image-945\" style=\"width:452px;height:322px\" srcset=\"https:\/\/rockyourgoal.de\/wp-content\/uploads\/2020\/01\/wasserglas-\u00fcberlaufen-1024x731.jpg 1024w, https:\/\/rockyourgoal.de\/wp-content\/uploads\/2020\/01\/wasserglas-\u00fcberlaufen-300x214.jpg 300w, https:\/\/rockyourgoal.de\/wp-content\/uploads\/2020\/01\/wasserglas-\u00fcberlaufen-768x548.jpg 768w, https:\/\/rockyourgoal.de\/wp-content\/uploads\/2020\/01\/wasserglas-\u00fcberlaufen-1536x1097.jpg 1536w, https:\/\/rockyourgoal.de\/wp-content\/uploads\/2020\/01\/wasserglas-\u00fcberlaufen-850x607.jpg 850w, https:\/\/rockyourgoal.de\/wp-content\/uploads\/2020\/01\/wasserglas-\u00fcberlaufen.jpg 1920w\" sizes=\"auto, (max-width: 1024px) 100vw, 1024px\" \/><\/a><figcaption class=\"wp-element-caption\">Um f\u00fcr eure gro\u00dfen Ziele bereit zu werden, m\u00fcsst ihr gr\u00f6\u00dfer werden!<\/figcaption><\/figure>\n<\/div>\n\n\n<p>Du musst Dein Glas gr\u00f6\u00dfer machen. Und das geht nur mit KLUW (<strong>K<\/strong>onstantes <strong>L<\/strong>ernen und <strong>W<\/strong>achsen)! Machst Du das nicht, dann kannst Du Deine Ziele niemals erreichen, weil Du als Pers\u00f6nlichkeit daf\u00fcr noch nicht bereit bist. Das haben kluge Menschen immer schon gewusst. Die Freimaurer sprechen in diesem Zusammenhang von &#8222;<em>Arbeit an dem ungeschliffenen Stein<\/em>&#8220; und Bodo Sch\u00e4fer spricht in seinem Buch von &#8222;KLUW&#8220;, also &#8222;Konstantes Lernen und Wachsen&#8220;.<\/p>\n\n\n\n<h2 class=\"wp-block-heading\">Mit Vollgas und Lebensfreude immer weiter<\/h2>\n\n\n\n<p>Von&nbsp;meinen etwas unverhofften, aber sehr klaren Erfolgen angespornt, wuchs meine Motivation in ungeahnte H\u00f6hen und ich begann zu verstehen, dass ich alles erreichen kann, ich aber alle&nbsp;Lebensbereiche gleichberechtigt weiterentwickeln muss. Ich muss mich selbst weiterentwickeln um bereit f\u00fcr die gro\u00dfen Ziele zu werden.&nbsp; Und diese Phase wird mich mein ganzes Leben lang begleiten, davon bin ich heute \u00fcberzeugt und ich freue mich drauf.<\/p>\n\n\n\n<p>Ich versuche also den eingeschlagenen Weg beizubehalten und ein erf\u00fclltes Leben zu leben. Aber ich werde mein Leben auch in all seinen wundervollen Facetten auskosten und genie\u00dfen, denn &#8222;Der Weg ist eigentlich das Ziel&#8220;.<\/p>\n\n\n\n<h3 class=\"wp-block-heading\">Mein Zweck der Existenz und meine Big5ForLife<\/h3>\n\n\n\n<p>Wir Menschen suchen immer nach dem &#8222;Sinn des Lebens&#8220; oder (und diesen Begriff finde ich viel sch\u00f6ner), dem &#8222;Zweck der Existenz&#8220; (ZDE). F\u00fcr mich ist dieser ganz einfach: Ich m\u00f6chte Menschen dazu animieren ihre Komfortzone zu verlassen um ihr (einmaliges) Leben wirklich zu leben. <\/p>\n\n\n\n<p>Meine pers\u00f6nlichen &#8222;Big5ForLife&#8220; (also die pers\u00f6nlichen, konkreten Lebensziele) sind:<\/p>\n\n\n\n<ul class=\"wp-block-list\">\n<li><a href=\"https:\/\/rockyourgoal.de\/it\/big5forlife\/trees4breeze\/\">Aufforsten und\/oder Erhalten von einer Million B\u00e4umen (Name der Aktion &#8222;Trees4Breeze&#8220;)<\/a><\/li>\n\n\n\n<li><a href=\"https:\/\/rockyourgoal.de\/it\/big5forlife\/in-150-laendern-laufen\/\">Besondere Orte in 150 L\u00e4ndern der Welt besuchen<\/a><\/li>\n\n\n\n<li><a href=\"https:\/\/rockyourgoal.de\/it\/big5forlife\/buch-schreiben\/\">Ein besonderes Buch schreiben<\/a><\/li>\n\n\n\n<li><a href=\"https:\/\/rockyourgoal.de\/it\/big5forlife\/save-your-life-performance\/\">&#8222;Life Performance&#8220; sichern (Nachhaltigkeit der erreichten Lebensziele)<\/a><\/li>\n\n\n\n<li><a href=\"https:\/\/rockyourgoal.de\/it\/big5forlife\/weltmeister\/\">Bucketlist &#8211; Meine egoistischen Ziele<\/a><\/li>\n<\/ul>\n\n\n\n<h2 class=\"wp-block-heading\">Das habe ich auf dieser Seite f\u00fcr Dich<\/h2>\n\n\n\n<p>Auf dieser Seite geht es um meinen weiteren Weg wie ich n\u00e4her an meine Ziele komme! Ich biete Dir an, Dich mitzunehmen auf meiner Reise, wenn auch nur virtuell. Vielleicht helfe ich Dir als Vorbild (was auch bedeuten kann, dass Du etwas NICHT so machen solltest wie ich). Auf alle F\u00e4lle m\u00f6chte ich meine Erfahrungen gerne ehrlich weitergeben. Es kann also lustig und interessant werden.<\/p>\n\n\n\n<p>In diesem Sinne w\u00fcnsche ich Dir einen echten Mehrwert vom Lesen hier und danke, dass Du Dir die Zeit zum Lesen nimmst. <\/p>\n\n\n\n<p>Il vostro Uwe Kauntz<\/p>","protected":false},"excerpt":{"rendered":"<p>Steckbrief (Fakten kurz und knapp): Uwe Kauntz, 1976er Baujahr, Vater, Ehemann, Betriebswirt, IT Security Consultant, Mentaltrainer, Athletik Trainer (A-Lizenz), Ausdauertrainer (A-Lizenz), Fitnesstrainer (B-Lizenz) Performance Coach, OCR L\u00e4ufer, Traill\u00e4ufer, Sportverr\u00fcckter und Tr\u00e4umer. Instagram: @munichspartan, @rockyourgoal Facebook: UweKauntz Ein kleiner Einblick in mein Leben Auch wenn mich das Mittelalter (ich stecke im&hellip;<\/p>\n<p> <a class=\"more-link\" href=\"https:\/\/rockyourgoal.de\/it\/big5forlife\/das-bin-ich\/\">Leggi tutto<\/a><\/p>","protected":false},"author":2,"featured_media":11455,"parent":37,"menu_order":0,"comment_status":"closed","ping_status":"closed","template":"","meta":{"pgc_sgb_lightbox_settings":"","_glsr_average":0,"_glsr_ranking":0,"_glsr_reviews":0,"footnotes":""},"class_list":["post-139","page","type-page","status-publish","has-post-thumbnail"],"_links":{"self":[{"href":"https:\/\/rockyourgoal.de\/it\/wp-json\/wp\/v2\/pages\/139","targetHints":{"allow":["GET"]}}],"collection":[{"href":"https:\/\/rockyourgoal.de\/it\/wp-json\/wp\/v2\/pages"}],"about":[{"href":"https:\/\/rockyourgoal.de\/it\/wp-json\/wp\/v2\/types\/page"}],"author":[{"embeddable":true,"href":"https:\/\/rockyourgoal.de\/it\/wp-json\/wp\/v2\/users\/2"}],"replies":[{"embeddable":true,"href":"https:\/\/rockyourgoal.de\/it\/wp-json\/wp\/v2\/comments?post=139"}],"version-history":[{"count":59,"href":"https:\/\/rockyourgoal.de\/it\/wp-json\/wp\/v2\/pages\/139\/revisions"}],"predecessor-version":[{"id":21067,"href":"https:\/\/rockyourgoal.de\/it\/wp-json\/wp\/v2\/pages\/139\/revisions\/21067"}],"up":[{"embeddable":true,"href":"https:\/\/rockyourgoal.de\/it\/wp-json\/wp\/v2\/pages\/37"}],"wp:featuredmedia":[{"embeddable":true,"href":"https:\/\/rockyourgoal.de\/it\/wp-json\/wp\/v2\/media\/11455"}],"wp:attachment":[{"href":"https:\/\/rockyourgoal.de\/it\/wp-json\/wp\/v2\/media?parent=139"}],"curies":[{"name":"wp","href":"https:\/\/api.w.org\/{rel}","templated":true}]}}