{"id":7307,"date":"2023-07-24T07:00:00","date_gmt":"2023-07-24T05:00:00","guid":{"rendered":"https:\/\/rockyourgoal.de\/?page_id=7307"},"modified":"2025-01-14T11:27:55","modified_gmt":"2025-01-14T10:27:55","slug":"make-music","status":"publish","type":"page","link":"https:\/\/rockyourgoal.de\/fr\/timeless-challenge\/emotionen\/make-music\/","title":{"rendered":"Make Music &#8211; Musik Instrument \u00fcben"},"content":{"rendered":"<p>Kennst Du das Gef\u00fchl, wenn Du alle Sorgen vergisst und Du Dich nur auf den Augenblick und das was Du gerade tust konzentrierst? Das funktioniert am Besten wenn Du ein Instrument spielst. Du f\u00fchlst die Musik, konzentrierst Dich auf die Melodie, Deine Finger und die Noten. <\/p>\n\n\n\n<p>Du schaltest von der Arbeit ab und die Sorgen sind weit. <\/p>\n\n\n\n<p>T\u00e4glich ein Musikinstrument zu \u00fcben ist wie wenn Du meditieren w\u00fcrdest. Dein Geh\u00f6rsinn ist gesch\u00e4rft und Du \u00fcbst Dich in Konzentration. Du bist &#8222;im Tunnel&#8220; und voll bei der Sache. <\/p>\n\n\n<div class=\"wp-block-image\">\n<figure class=\"aligncenter size-full is-resized\"><a href=\"https:\/\/rockyourgoal.de\/wp-content\/uploads\/2022\/05\/make-music-challenge.jpg\"><img loading=\"lazy\" decoding=\"async\" width=\"960\" height=\"641\" src=\"https:\/\/rockyourgoal.de\/wp-content\/uploads\/2022\/05\/make-music-challenge.jpg\" alt=\"\" class=\"wp-image-7310\" style=\"width:469px;height:312px\" srcset=\"https:\/\/rockyourgoal.de\/wp-content\/uploads\/2022\/05\/make-music-challenge.jpg 960w, https:\/\/rockyourgoal.de\/wp-content\/uploads\/2022\/05\/make-music-challenge-300x200.jpg 300w, https:\/\/rockyourgoal.de\/wp-content\/uploads\/2022\/05\/make-music-challenge-768x513.jpg 768w, https:\/\/rockyourgoal.de\/wp-content\/uploads\/2022\/05\/make-music-challenge-18x12.jpg 18w, https:\/\/rockyourgoal.de\/wp-content\/uploads\/2022\/05\/make-music-challenge-850x568.jpg 850w\" sizes=\"auto, (max-width: 960px) 100vw, 960px\" \/><\/a><\/figure>\n<\/div>\n\n\n<p>Das ist der Grund warum wir die &#8222;<em>Make Music Challenge<\/em>&#8220; ins Leben gerufen haben. <\/p>\n\n\n\n<h2 class=\"wp-block-heading\">Wie funktioniert die Make Music Challenge?<\/h2>\n\n\n\n<p>Bei der Make Music Challenge \u00fcbst Du t\u00e4glich 20 Minuten ein Instrument und bekommst monatliche Life-Score Punkte. Es ist vollkommen egal welches Instrument, welche Musikrichtung und wann. Du solltest nur t\u00e4glich musizieren und es sollten mindestens 20 Minuten sein. <\/p>\n\n\n\n<p>Du wirst sehen wie schnell Du besser wirst und wie entspannt Du Dich dabei f\u00fchlst. <\/p>\n\n\n\n<p>Life-Score Punkte sollen Dir auch hier einen Schubs geben damit anzufangen. <\/p>\n\n\n\n<p>Diese Challenge ist ebenfalls ein Teil der Timeless Challenge!<\/p>\n\n\n<div class=\"wp-block-image\">\n<figure class=\"aligncenter\"><a href=\"https:\/\/rockyourgoal.de\/fr\/timeless-challenge\/#Anmeldung_und_Leistungsumfang\"><img loading=\"lazy\" decoding=\"async\" width=\"300\" height=\"145\" src=\"https:\/\/rockyourgoal.de\/wp-content\/uploads\/2022\/11\/image.png\" alt=\"\" class=\"wp-image-9693\" srcset=\"https:\/\/rockyourgoal.de\/wp-content\/uploads\/2022\/11\/image.png 300w, https:\/\/rockyourgoal.de\/wp-content\/uploads\/2022\/11\/image-18x9.png 18w\" sizes=\"auto, (max-width: 300px) 100vw, 300px\" \/><\/a><figcaption class=\"wp-element-caption\"><a href=\"https:\/\/rockyourgoal.de\/fr\/timeless-challenge\/#Anmeldung_und_Leistungsumfang\">Die Make Music Challenge ist Teil der Timeless Challenge. Mach mit!<\/a><\/figcaption><\/figure>\n<\/div>\n\n\n<blockquote class=\"wp-block-quote is-layout-flow wp-block-quote-is-layout-flow\">\n<p><em>Ich glaube daran, dass jeder Mensch mit seinen Handlungen die Welt ver\u00e4ndern kann! Mach Dein Leben durch sinnvolle Aktionen (Challenges) zu etwas Besonderem und Dauerhaftem! Mach Dich unsterblich!<\/em><\/p>\n\n\n\n<p><em>Wir wollen&nbsp;<a rel=\"noreferrer noopener\" href=\"https:\/\/rockyourgoal.de\/fr\/big5forlife\/trees4breeze\/\" target=\"_blank\">eine Million B\u00e4ume weltweit pflanzen<\/a>&nbsp;ohne um Spenden zu betteln!<\/em>Uwe Kauntz<\/p>\n<\/blockquote>\n\n\n\n<p><strong><em>Folge uns und bleib informiert!<\/em><\/strong><\/p>\n\n\n\n<ul class=\"wp-block-list\">\n<li><strong>Instagram<\/strong>:&nbsp;<a rel=\"noreferrer noopener\" href=\"https:\/\/www.instagram.com\/timeless_challenge\" target=\"_blank\">@timeless_challenge<\/a><\/li>\n\n\n\n<li><strong>Facebook<\/strong>:&nbsp;<a rel=\"noreferrer noopener\" href=\"https:\/\/www.facebook.com\/rockyourgoal\" target=\"_blank\">Rockyourgoal<\/a><\/li>\n\n\n\n<li><strong>Twitter<\/strong>:&nbsp;<a rel=\"noreferrer noopener\" href=\"https:\/\/www.twitter.com\/goal_rock\" target=\"_blank\">@goal_rock<\/a><\/li>\n<\/ul>\n\n\n\n<h2 class=\"wp-block-heading\">Life Score Punkte f\u00fcr die Make Music Challenge<\/h2>\n\n\n<div class=\"wp-block-image\">\n<figure class=\"aligncenter size-medium\"><img loading=\"lazy\" decoding=\"async\" width=\"300\" height=\"300\" src=\"https:\/\/rockyourgoal.de\/wp-content\/uploads\/2022\/08\/LSP-Emotionen-300x300.png\" alt=\"\" class=\"wp-image-8295\" srcset=\"https:\/\/rockyourgoal.de\/wp-content\/uploads\/2022\/08\/LSP-Emotionen-300x300.png 300w, https:\/\/rockyourgoal.de\/wp-content\/uploads\/2022\/08\/LSP-Emotionen-150x150.png 150w, https:\/\/rockyourgoal.de\/wp-content\/uploads\/2022\/08\/LSP-Emotionen-768x769.png 768w, https:\/\/rockyourgoal.de\/wp-content\/uploads\/2022\/08\/LSP-Emotionen-12x12.png 12w, https:\/\/rockyourgoal.de\/wp-content\/uploads\/2022\/08\/LSP-Emotionen-850x851.png 850w, https:\/\/rockyourgoal.de\/wp-content\/uploads\/2022\/08\/LSP-Emotionen.png 1000w\" sizes=\"auto, (max-width: 300px) 100vw, 300px\" \/><\/figure>\n<\/div>\n\n\n<p>Wenn Du t\u00e4glich 20 Minuten ein Instrument \u00fcbst, dann hast Du Dir nach einem Monat 20 Life-Score Punkte verdient. Aber Du solltest nat\u00fcrlich nach einem Monat nicht aufh\u00f6ren. <\/p>\n\n\n\n<h3 class=\"wp-block-heading\">MURMEL F\u00dcR DIE Music CHALLENGE<\/h3>\n\n\n\n<p>F\u00fcr die Make Music Challenge kannst Du die wundersch\u00f6ne Murmel in durchsichtigem Design (Emotionen) bekommen. <\/p>\n\n\n\n<ul class=\"wp-block-list\">\n<li>10 Life-Score Punkte (pro Monat) \u2013 Eine durchsichtige Murmel in der Gr\u00f6\u00dfe 20mm<\/li>\n<\/ul>\n\n\n\n<p>Wenn Du die Murmel(n) haben m\u00f6chtest, dann lies bitte weiter\u2026<\/p>\n\n\n\n<h2 class=\"wp-block-heading\">WIE KANNST DU MITMACHEN?<\/h2>\n\n\n\n<ul class=\"wp-block-list\">\n<li><a href=\"https:\/\/rockyourgoal.de\/fr\/timeless-challenge\/#Anmeldung_und_Leistungsumfang\">Melde Dich bei der Timeless Challenge an!<\/a><\/li>\n\n\n\n<li><a href=\"https:\/\/rockyourgoal.de\/fr\/wb-admin\/?action=register\">Registriere Dich (falls noch nicht geschehen) bei dieser Seite (klick auf diesen Satz)<\/a><\/li>\n\n\n\n<li>Jetzt hei\u00dft t\u00e4glich 20 Minuten ein Instrument \u00fcben<\/li>\n\n\n\n<li>F\u00fcll bitte das untere Formular (nur sichtbar wenn Du registriert und angemeldet bist) aus. Du bekommst jedem Monat 10 Life-Score Points. Die Murmel gibt\u00b4s leider nur einmalig. Einen Nachweis brauchen wir nicht, denn diese Challenge hast Du nur f\u00fcr Dich gemacht! Wir schicken Dir die Murmel zu. Die Life 10 Score Points werden Dir automatisch gutgeschrieben und im\u00a0<a href=\"https:\/\/rockyourgoal.de\/fr\/timeless-challenge\/#Life_Museum\">Life Museum<\/a>\u00a0erg\u00e4nzt. Bitte schreibe Deine Lieferadresse f\u00fcr die Murmel in die \u201eNotes\u201c im Formular.<\/li>\n<\/ul>\n\n\n\n\n\n\n<h2 class=\"wp-block-heading\">Die Make Music Challenge auf Social Media<\/h2>\n\n\n\n<p>Ganz egal ob Du uns eine Kostprobe Deiner K\u00fcnste geben m\u00f6chtest oder ob Du Dich einfach nur mit anderen austauschen m\u00f6chtest. Unsere Social Media Kan\u00e4le stehen Dir zur Verf\u00fcgung. <\/p>\n\n\n\n<h3 class=\"wp-block-heading\">Die Make Music Challenge auf Facebook<\/h3>\n\n\n\n<p>Du bist herzlich in unsere Facebook Gruppe &#8222;Emotionen&#8220; zum Austausch eingeladen. <\/p>\n\n\n\n<h3 class=\"wp-block-heading\">Hashtags<\/h3>\n\n\n\n<ul class=\"wp-block-list\">\n<li>#timelesschallenge<\/li>\n\n\n\n<li>#tcmakemusic<\/li>\n\n\n\n<li>#timelesschallenger<\/li>\n<\/ul>","protected":false},"excerpt":{"rendered":"<p>Kennst Du das Gef\u00fchl, wenn Du alle Sorgen vergisst und Du Dich nur auf den Augenblick und das was Du gerade tust konzentrierst? Das funktioniert am Besten wenn Du ein Instrument spielst. Du f\u00fchlst die Musik, konzentrierst Dich auf die Melodie, Deine Finger und die Noten. Du schaltest von der&hellip;<\/p>\n<p> <a class=\"more-link\" href=\"https:\/\/rockyourgoal.de\/fr\/timeless-challenge\/emotionen\/make-music\/\">Lire la suite<\/a><\/p>","protected":false},"author":2,"featured_media":7338,"parent":13005,"menu_order":0,"comment_status":"open","ping_status":"closed","template":"","meta":{"pgc_sgb_lightbox_settings":"","_glsr_average":0,"_glsr_ranking":0,"_glsr_reviews":0,"footnotes":""},"class_list":["post-7307","page","type-page","status-publish","has-post-thumbnail"],"_links":{"self":[{"href":"https:\/\/rockyourgoal.de\/fr\/wp-json\/wp\/v2\/pages\/7307","targetHints":{"allow":["GET"]}}],"collection":[{"href":"https:\/\/rockyourgoal.de\/fr\/wp-json\/wp\/v2\/pages"}],"about":[{"href":"https:\/\/rockyourgoal.de\/fr\/wp-json\/wp\/v2\/types\/page"}],"author":[{"embeddable":true,"href":"https:\/\/rockyourgoal.de\/fr\/wp-json\/wp\/v2\/users\/2"}],"replies":[{"embeddable":true,"href":"https:\/\/rockyourgoal.de\/fr\/wp-json\/wp\/v2\/comments?post=7307"}],"version-history":[{"count":14,"href":"https:\/\/rockyourgoal.de\/fr\/wp-json\/wp\/v2\/pages\/7307\/revisions"}],"predecessor-version":[{"id":18299,"href":"https:\/\/rockyourgoal.de\/fr\/wp-json\/wp\/v2\/pages\/7307\/revisions\/18299"}],"up":[{"embeddable":true,"href":"https:\/\/rockyourgoal.de\/fr\/wp-json\/wp\/v2\/pages\/13005"}],"wp:featuredmedia":[{"embeddable":true,"href":"https:\/\/rockyourgoal.de\/fr\/wp-json\/wp\/v2\/media\/7338"}],"wp:attachment":[{"href":"https:\/\/rockyourgoal.de\/fr\/wp-json\/wp\/v2\/media?parent=7307"}],"curies":[{"name":"wp","href":"https:\/\/api.w.org\/{rel}","templated":true}]}}