{"id":7094,"date":"2023-07-10T07:00:00","date_gmt":"2023-07-10T05:00:00","guid":{"rendered":"https:\/\/rockyourgoal.de\/?page_id=7094"},"modified":"2025-01-08T16:29:15","modified_gmt":"2025-01-08T15:29:15","slug":"30-day-coder","status":"publish","type":"page","link":"https:\/\/rockyourgoal.de\/fr\/timeless-challenge\/persoenlichkeit\/30-day-coder\/","title":{"rendered":"30 Day Coder Challenge &#8211; Programmieren lernen in 30 Tagen"},"content":{"rendered":"<p>Als wir im Freundeskreis nach sinnvollen Challenges fragten, bekamen wir immer wieder die Anregung eine Challenge zum &#8222;Programmieren lernen&#8220; zu machen. Und nach reichlicher \u00dcberlegung ist das tats\u00e4chlich eine sehr gute Idee. <\/p>\n\n\n\n<p>Der Hintergrund dabei ist, dass man heutzutage Programmierkenntnisse in fast jedem Beruf gewinnbringend einsetzen kann, denn unser Leben wird immer digitaler. <\/p>\n\n\n\n<p>Selbst ein Handwerker braucht sp\u00e4testens f\u00fcr seine Selbst\u00e4ndigkeit Programmierkenntnisse, denn irgendwann muss eine Website mit dem jeweiligen Angebot erstellt werden. <\/p>\n\n\n<div class=\"wp-block-image\">\n<figure class=\"aligncenter size-full is-resized\"><a href=\"https:\/\/rockyourgoal.de\/wp-content\/uploads\/2022\/05\/30-day-coder-challenge.jpg\"><img loading=\"lazy\" decoding=\"async\" width=\"960\" height=\"582\" src=\"https:\/\/rockyourgoal.de\/wp-content\/uploads\/2022\/05\/30-day-coder-challenge.jpg\" alt=\"\" class=\"wp-image-7098\" style=\"width:416px;height:252px\" srcset=\"https:\/\/rockyourgoal.de\/wp-content\/uploads\/2022\/05\/30-day-coder-challenge.jpg 960w, https:\/\/rockyourgoal.de\/wp-content\/uploads\/2022\/05\/30-day-coder-challenge-300x182.jpg 300w, https:\/\/rockyourgoal.de\/wp-content\/uploads\/2022\/05\/30-day-coder-challenge-768x466.jpg 768w, https:\/\/rockyourgoal.de\/wp-content\/uploads\/2022\/05\/30-day-coder-challenge-18x12.jpg 18w, https:\/\/rockyourgoal.de\/wp-content\/uploads\/2022\/05\/30-day-coder-challenge-850x515.jpg 850w\" sizes=\"auto, (max-width: 960px) 100vw, 960px\" \/><\/a><\/figure>\n<\/div>\n\n\n<p>Das Gute daran ist, dass Programmieren nicht schwer ist. Wer sich 30 Tage lang jeden Tag ein paar Stunden damit besch\u00e4ftigt und an einem praktischen Beispiel \u00fcbt, wird sich bereits sehr gute Grundfertigkeiten in einer Programmiersprache beibringen k\u00f6nnen, denn Programmieren ist eigentlich nicht schwer. <\/p>\n\n\n\n<p>Diese Challenge ist ebenfalls ein Teil der Timeless Challenge!<\/p>\n\n\n<div class=\"wp-block-image\">\n<figure class=\"aligncenter\"><a href=\"https:\/\/rockyourgoal.de\/fr\/timeless-challenge\/#Anmeldung_und_Leistungsumfang\"><img loading=\"lazy\" decoding=\"async\" width=\"300\" height=\"145\" src=\"https:\/\/rockyourgoal.de\/wp-content\/uploads\/2022\/11\/image.png\" alt=\"\" class=\"wp-image-9693\" srcset=\"https:\/\/rockyourgoal.de\/wp-content\/uploads\/2022\/11\/image.png 300w, https:\/\/rockyourgoal.de\/wp-content\/uploads\/2022\/11\/image-18x9.png 18w\" sizes=\"auto, (max-width: 300px) 100vw, 300px\" \/><\/a><figcaption class=\"wp-element-caption\">Die 30 Days Coder Challenge ist Teil der Timeless Challenge. Mach mit!<\/figcaption><\/figure>\n<\/div>\n\n\n<blockquote class=\"wp-block-quote is-layout-flow wp-block-quote-is-layout-flow\">\n<p><em>Ich glaube daran, dass jeder Mensch mit seinen Handlungen die Welt ver\u00e4ndern kann! Mach Dein Leben durch sinnvolle Aktionen (Challenges) zu etwas Besonderem und Dauerhaftem! Mach Dich unsterblich!<\/em><\/p>\n\n\n\n<p><em>Wir wollen\u00a0<a href=\"https:\/\/rockyourgoal.de\/fr\/big5forlife\/trees4breeze\/\" target=\"_blank\" rel=\"noreferrer noopener\">eine Million B\u00e4ume weltweit pflanzen<\/a>\u00a0ohne um Spenden zu betteln!<\/em> Uwe Kauntz<\/p>\n<\/blockquote>\n\n\n\n<p><strong><em>Folge uns und bleib informiert!<\/em><\/strong><\/p>\n\n\n\n<ul class=\"wp-block-list\">\n<li><strong>Instagram<\/strong>:&nbsp;<a rel=\"noreferrer noopener\" href=\"https:\/\/www.instagram.com\/timeless_challenge\" target=\"_blank\">@timeless_challenge<\/a><\/li>\n\n\n\n<li><strong>Facebook<\/strong>:&nbsp;<a rel=\"noreferrer noopener\" href=\"https:\/\/www.facebook.com\/rockyourgoal\" target=\"_blank\">Rockyourgoal<\/a><\/li>\n\n\n\n<li><strong>Twitter<\/strong>:&nbsp;<a rel=\"noreferrer noopener\" href=\"https:\/\/www.twitter.com\/goal_rock\" target=\"_blank\">@goal_rock<\/a><\/li>\n<\/ul>\n\n\n\n<h2 class=\"wp-block-heading\">Wie funktioniert die 30-Day-Coder Challenge?<\/h2>\n\n\n\n<p>Du priorisierst Dein Leben f\u00fcr 30 tage dahingehend, dass Du einen Monat lang mindestens eine Stunde pro Tag eine Programmiersprache lernst. Bau doch mal eine eigene Website mit html oder versuch eine erste, einfache App zu programmieren. Das ist nicht schwer und Du findest im Internet zahllose Anleitungen dazu. Wenn Du auf Youtube nicht f\u00fcndig wirst (was ich nicht glaube), dann probiere Portale wie udemi aus. <\/p>\n\n\n\n<ul class=\"wp-block-list\">\n<li><a href=\"https:\/\/rockyourgoal.de\/fr\/timeless-challenge\/#Anmeldung_und_Leistungsumfang\">Melde Dich bei der Timeless Challenge an!<\/a><\/li>\n\n\n\n<li><a href=\"https:\/\/rockyourgoal.de\/fr\/wb-admin\/?action=register\">Registriere Dich (falls noch nicht geschehen) bei dieser Seite (klick auf diesen Satz)<\/a><\/li>\n\n\n\n<li>Jetzt hei\u00dft es 30 Tage lang konsequent sein und Programmieren lernen!  <\/li>\n\n\n\n<li>Wenn Du diese Challenge geschafft hast, dann kannst Du stolz auf Dich sein! Aber nicht nur das. F\u00fcll bitte das untere Formular (nur sichtbar wenn Du registriert und angemeldet bist) aus. Einen Nachweis brauchen wir nicht, denn diese Challenge hast Du nur f\u00fcr Dich gemacht! Wir schicken Dir die Murmel zu. Die Life 10 Score Points werden Dir automatisch gutgeschrieben und im\u00a0<a href=\"https:\/\/rockyourgoal.de\/fr\/timeless-challenge\/#Life_Museum\">Life Museum<\/a>\u00a0erg\u00e4nzt. Bitte schreibe Deine Lieferadresse f\u00fcr die Murmel in die \u201eNotes\u201c im Formular.<\/li>\n<\/ul>\n\n\n\n\n\n\n<h2 class=\"wp-block-heading\">Life-Score Punkte f\u00fcr die 30-Day-Coder Challenge<\/h2>\n\n\n<div class=\"wp-block-image\">\n<figure class=\"aligncenter size-medium\"><img loading=\"lazy\" decoding=\"async\" width=\"300\" height=\"300\" src=\"https:\/\/rockyourgoal.de\/wp-content\/uploads\/2022\/08\/LSP-Persoenlichkeit-300x300.png\" alt=\"\" class=\"wp-image-8297\" srcset=\"https:\/\/rockyourgoal.de\/wp-content\/uploads\/2022\/08\/LSP-Persoenlichkeit-300x300.png 300w, https:\/\/rockyourgoal.de\/wp-content\/uploads\/2022\/08\/LSP-Persoenlichkeit-150x150.png 150w, https:\/\/rockyourgoal.de\/wp-content\/uploads\/2022\/08\/LSP-Persoenlichkeit-768x769.png 768w, https:\/\/rockyourgoal.de\/wp-content\/uploads\/2022\/08\/LSP-Persoenlichkeit-12x12.png 12w, https:\/\/rockyourgoal.de\/wp-content\/uploads\/2022\/08\/LSP-Persoenlichkeit-850x851.png 850w, https:\/\/rockyourgoal.de\/wp-content\/uploads\/2022\/08\/LSP-Persoenlichkeit.png 1000w\" sizes=\"auto, (max-width: 300px) 100vw, 300px\" \/><\/figure>\n<\/div>\n\n\n<p>Nach 30 Tagen t\u00e4glichem \u00dcben und Lernen hast Du Dir <strong>10 Life-Score Punkte<\/strong> verdient.<\/p>\n\n\n\n<h2 class=\"wp-block-heading\">Die 30-Day-Coder Challenge auf Social Media<\/h2>\n\n\n\n<p>Auch bei dieser Challenge m\u00f6chten wir Dich herzlich einladen Deine Erfahrungen auf unseren Social Media Kan\u00e4len zu teilen. <\/p>\n\n\n\n<h3 class=\"wp-block-heading\">Die 30-Day-Coder Challenge auf Facebook<\/h3>\n\n\n\n<p>Wir laden Dich herzlich zum Austausch in unsere Facebook Gruppe &#8222;<em>Pers\u00f6nlichkeit<\/em>&#8220; ein. <\/p>\n\n\n\n<h3 class=\"wp-block-heading\">Hashtags<\/h3>\n\n\n\n<ul class=\"wp-block-list\">\n<li>#timelesschallenge<\/li>\n\n\n\n<li>#tc30daycoderchallenge<\/li>\n\n\n\n<li>#timelesschallenger<\/li>\n<\/ul>","protected":false},"excerpt":{"rendered":"<p>Als wir im Freundeskreis nach sinnvollen Challenges fragten, bekamen wir immer wieder die Anregung eine Challenge zum &#8222;Programmieren lernen&#8220; zu machen. Und nach reichlicher \u00dcberlegung ist das tats\u00e4chlich eine sehr gute Idee. Der Hintergrund dabei ist, dass man heutzutage Programmierkenntnisse in fast jedem Beruf gewinnbringend einsetzen kann, denn unser Leben&hellip;<\/p>\n<p> <a class=\"more-link\" href=\"https:\/\/rockyourgoal.de\/fr\/timeless-challenge\/persoenlichkeit\/30-day-coder\/\">Lire la suite<\/a><\/p>","protected":false},"author":2,"featured_media":7125,"parent":12691,"menu_order":0,"comment_status":"open","ping_status":"closed","template":"","meta":{"pgc_sgb_lightbox_settings":"","_glsr_average":0,"_glsr_ranking":0,"_glsr_reviews":0,"footnotes":""},"class_list":["post-7094","page","type-page","status-publish","has-post-thumbnail"],"_links":{"self":[{"href":"https:\/\/rockyourgoal.de\/fr\/wp-json\/wp\/v2\/pages\/7094","targetHints":{"allow":["GET"]}}],"collection":[{"href":"https:\/\/rockyourgoal.de\/fr\/wp-json\/wp\/v2\/pages"}],"about":[{"href":"https:\/\/rockyourgoal.de\/fr\/wp-json\/wp\/v2\/types\/page"}],"author":[{"embeddable":true,"href":"https:\/\/rockyourgoal.de\/fr\/wp-json\/wp\/v2\/users\/2"}],"replies":[{"embeddable":true,"href":"https:\/\/rockyourgoal.de\/fr\/wp-json\/wp\/v2\/comments?post=7094"}],"version-history":[{"count":11,"href":"https:\/\/rockyourgoal.de\/fr\/wp-json\/wp\/v2\/pages\/7094\/revisions"}],"predecessor-version":[{"id":18146,"href":"https:\/\/rockyourgoal.de\/fr\/wp-json\/wp\/v2\/pages\/7094\/revisions\/18146"}],"up":[{"embeddable":true,"href":"https:\/\/rockyourgoal.de\/fr\/wp-json\/wp\/v2\/pages\/12691"}],"wp:featuredmedia":[{"embeddable":true,"href":"https:\/\/rockyourgoal.de\/fr\/wp-json\/wp\/v2\/media\/7125"}],"wp:attachment":[{"href":"https:\/\/rockyourgoal.de\/fr\/wp-json\/wp\/v2\/media?parent=7094"}],"curies":[{"name":"wp","href":"https:\/\/api.w.org\/{rel}","templated":true}]}}