{"id":7006,"date":"2023-08-21T07:00:00","date_gmt":"2023-08-21T05:00:00","guid":{"rendered":"https:\/\/rockyourgoal.de\/?page_id=7006"},"modified":"2025-01-08T16:55:29","modified_gmt":"2025-01-08T15:55:29","slug":"30-day-writer","status":"publish","type":"page","link":"https:\/\/rockyourgoal.de\/fr\/timeless-challenge\/persoenlichkeit\/30-day-writer\/","title":{"rendered":"30 Day Writer &#8211; Der 30 Tages Schrifsteller"},"content":{"rendered":"<p>Hast Du schon einmal getr\u00e4umt in einem Haus am Meer ein eigenes Buch zu schreiben? Die Wellen rauschen, Du sitzt mit einem Kaffee und Deinem Notebook an einem Tisch und siehst auf das Meer. Die Kreativit\u00e4t sprudelt f\u00f6rmlich aus Dir heraus. Du erschaffst ein Buch! Dein erstes, eigenes Buch. <\/p>\n\n\n\n<p>Ok, aufwachen! Ein Haus am Meer k\u00f6nnen wir Dir nicht bieten, aber warum schaffst Du Dir nicht mal einen Monat lang jeden Tag etwas Zeit zum Schreiben? Probier doch mal etwas Kreatives aus! Versuch Dich doch mal an einem 30-Tage Schreibprojekt. <\/p>\n\n\n<div class=\"wp-block-image\">\n<figure class=\"aligncenter size-full is-resized\"><a href=\"https:\/\/rockyourgoal.de\/wp-content\/uploads\/2022\/05\/30-day-writer-challenge.jpg\"><img loading=\"lazy\" decoding=\"async\" width=\"960\" height=\"640\" src=\"https:\/\/rockyourgoal.de\/wp-content\/uploads\/2022\/05\/30-day-writer-challenge.jpg\" alt=\"\" class=\"wp-image-7012\" style=\"width:405px;height:270px\" srcset=\"https:\/\/rockyourgoal.de\/wp-content\/uploads\/2022\/05\/30-day-writer-challenge.jpg 960w, https:\/\/rockyourgoal.de\/wp-content\/uploads\/2022\/05\/30-day-writer-challenge-300x200.jpg 300w, https:\/\/rockyourgoal.de\/wp-content\/uploads\/2022\/05\/30-day-writer-challenge-768x512.jpg 768w, https:\/\/rockyourgoal.de\/wp-content\/uploads\/2022\/05\/30-day-writer-challenge-18x12.jpg 18w, https:\/\/rockyourgoal.de\/wp-content\/uploads\/2022\/05\/30-day-writer-challenge-850x567.jpg 850w\" sizes=\"auto, (max-width: 960px) 100vw, 960px\" \/><\/a><\/figure>\n<\/div>\n\n\n<h2 class=\"wp-block-heading\">Wie funktioniert die 30 Day Writer Challenge?<\/h2>\n\n\n\n<p>Nimm dir 30 Tage lang, jeden Tag eine kleine Auszeit von deinem Alltag und sei kreativ. Es ist vollkommen egal ob Du fr\u00fcher aufstehst und schreibst, oder ob Du die Abende nur f\u00fcr Dich verplanst. Auf geht\u00b4s, raus aus Deiner Komfortzone. Jeder Mensch hat etwas einzigartiges zu sagen, als tu\u00b4s! Probier etwas Neues aus!<\/p>\n\n\n<div class=\"wp-block-image\">\n<figure class=\"aligncenter\"><a href=\"https:\/\/rockyourgoal.de\/fr\/timeless-challenge\/#Anmeldung_und_Leistungsumfang\"><img loading=\"lazy\" decoding=\"async\" width=\"300\" height=\"145\" src=\"https:\/\/rockyourgoal.de\/wp-content\/uploads\/2022\/11\/image.png\" alt=\"\" class=\"wp-image-9693\" srcset=\"https:\/\/rockyourgoal.de\/wp-content\/uploads\/2022\/11\/image.png 300w, https:\/\/rockyourgoal.de\/wp-content\/uploads\/2022\/11\/image-18x9.png 18w\" sizes=\"auto, (max-width: 300px) 100vw, 300px\" \/><\/a><figcaption class=\"wp-element-caption\"><a href=\"https:\/\/rockyourgoal.de\/fr\/timeless-challenge\/#Anmeldung_und_Leistungsumfang\">Die 30 Day Writer Challenge ist Teil der Timeless Challenge. Mach mit!<\/a><\/figcaption><\/figure>\n<\/div>\n\n\n<blockquote class=\"wp-block-quote is-layout-flow wp-block-quote-is-layout-flow\">\n<p><em>Ich glaube daran, dass jeder Mensch mit seinen Handlungen die Welt ver\u00e4ndern kann! Mach Dein Leben durch sinnvolle Aktionen (Challenges) zu etwas Besonderem und Dauerhaftem! Mach Dich unsterblich!<\/em><\/p>\n\n\n\n<p><em>Wir wollen&nbsp;<a rel=\"noreferrer noopener\" href=\"https:\/\/rockyourgoal.de\/fr\/big5forlife\/trees4breeze\/\" target=\"_blank\">eine Million B\u00e4ume weltweit pflanzen<\/a>&nbsp;ohne um Spenden zu betteln!<\/em><\/p>\n\n\n\n<p>Uwe Kauntz<\/p>\n<\/blockquote>\n\n\n\n<p>Wer wei\u00df was draus wird? Vielleicht macht es Dir so viel Spa\u00df, dass Du dabei bleibst und weiter machst! Und wer wei\u00df, vielleicht finden wir mal ein Buch von Dir auf Amazon. <\/p>\n\n\n\n<p>Auf alle F\u00e4lle bekommst Du von uns (als Belohnung und als kleinen Startschubs) Life-Score Punkte. <\/p>\n\n\n\n<h2 class=\"wp-block-heading\">Life-Score Punkte f\u00fcr die 30 Day Writer Challenge<\/h2>\n\n\n<div class=\"wp-block-image\">\n<figure class=\"aligncenter size-medium\"><img loading=\"lazy\" decoding=\"async\" width=\"300\" height=\"300\" src=\"https:\/\/rockyourgoal.de\/wp-content\/uploads\/2022\/08\/LSP-Persoenlichkeit-300x300.png\" alt=\"\" class=\"wp-image-8297\" srcset=\"https:\/\/rockyourgoal.de\/wp-content\/uploads\/2022\/08\/LSP-Persoenlichkeit-300x300.png 300w, https:\/\/rockyourgoal.de\/wp-content\/uploads\/2022\/08\/LSP-Persoenlichkeit-150x150.png 150w, https:\/\/rockyourgoal.de\/wp-content\/uploads\/2022\/08\/LSP-Persoenlichkeit-768x769.png 768w, https:\/\/rockyourgoal.de\/wp-content\/uploads\/2022\/08\/LSP-Persoenlichkeit-12x12.png 12w, https:\/\/rockyourgoal.de\/wp-content\/uploads\/2022\/08\/LSP-Persoenlichkeit-850x851.png 850w, https:\/\/rockyourgoal.de\/wp-content\/uploads\/2022\/08\/LSP-Persoenlichkeit.png 1000w\" sizes=\"auto, (max-width: 300px) 100vw, 300px\" \/><\/figure>\n<\/div>\n\n\n<p>F\u00fcr jeden Monat t\u00e4gliches und ernsthaftes Schreiben bekommst Du 30 Life-Score Punkte von uns. Schreib uns einfach, sobald Du es geschafft hast. <\/p>\n\n\n\n<h2 class=\"wp-block-heading\">WIE KANNST DU MITMACHEN?<\/h2>\n\n\n\n<ul class=\"wp-block-list\">\n<li><a href=\"https:\/\/rockyourgoal.de\/fr\/timeless-challenge\/#Anmeldung_und_Leistungsumfang\">Melde Dich bei der Timeless Challenge an!<\/a><\/li>\n\n\n\n<li><a href=\"https:\/\/rockyourgoal.de\/fr\/wb-admin\/?action=register\">Registriere Dich (falls noch nicht geschehen) bei dieser Seite (klick auf diesen Satz)<\/a><\/li>\n\n\n\n<li>Jetzt hei\u00dft es 30 Tage lang konsequent sein und Schreiben! <\/li>\n\n\n\n<li>Wenn Du diese Challenge geschafft hast, dann kannst Du stolz auf Dich sein! Aber nicht nur das. F\u00fcll bitte das untere Formular (nur sichtbar wenn Du registriert und angemeldet bist) aus. Einen Nachweis brauchen wir nicht, denn diese Challenge hast Du nur f\u00fcr Dich gemacht! Wir schicken Dir die Murmel zu. Die Life 10 Score Points werden Dir automatisch gutgeschrieben und im&nbsp;<a href=\"https:\/\/rockyourgoal.de\/fr\/timeless-challenge\/#Life_Museum\">Life Museum<\/a>&nbsp;erg\u00e4nzt. Bitte schreibe Deine Lieferadresse f\u00fcr die Murmel in die \u201eNotes\u201c im Formular.<\/li>\n<\/ul>\n\n\n\n\n\n\n<h2 class=\"wp-block-heading\">Die 30 Day Writer Challenge auf Social Media<\/h2>\n\n\n\n<p>Wir laden Dich ein \u00fcber Deine Erfahrungen mit dieser Challenge zu schreiben. Du kannst unsere Kan\u00e4le gerne nutzen!<\/p>\n\n\n\n<h3 class=\"wp-block-heading\">Die 30 Day Writer Challenge auf Facebook<\/h3>\n\n\n\n<p>Wir laden Dich herzlich in unsere Gruppe &#8222;<em>Pers\u00f6nlichkeit<\/em>&#8220; zum Austausch ein. <\/p>\n\n\n\n<h3 class=\"wp-block-heading\">Hashtags<\/h3>\n\n\n\n<ul class=\"wp-block-list\">\n<li>#timelesschallenge<\/li>\n\n\n\n<li>#tc30daywriterchallenge<\/li>\n\n\n\n<li>#timelesschallenger<\/li>\n<\/ul>","protected":false},"excerpt":{"rendered":"<p>Hast Du schon einmal getr\u00e4umt in einem Haus am Meer ein eigenes Buch zu schreiben? Die Wellen rauschen, Du sitzt mit einem Kaffee und Deinem Notebook an einem Tisch und siehst auf das Meer. Die Kreativit\u00e4t sprudelt f\u00f6rmlich aus Dir heraus. Du erschaffst ein Buch! Dein erstes, eigenes Buch. Ok,&hellip;<\/p>\n<p> <a class=\"more-link\" href=\"https:\/\/rockyourgoal.de\/fr\/timeless-challenge\/persoenlichkeit\/30-day-writer\/\">Lire la suite<\/a><\/p>","protected":false},"author":2,"featured_media":7050,"parent":12691,"menu_order":0,"comment_status":"open","ping_status":"closed","template":"","meta":{"pgc_sgb_lightbox_settings":"","_glsr_average":0,"_glsr_ranking":0,"_glsr_reviews":0,"footnotes":""},"class_list":["post-7006","page","type-page","status-publish","has-post-thumbnail"],"_links":{"self":[{"href":"https:\/\/rockyourgoal.de\/fr\/wp-json\/wp\/v2\/pages\/7006","targetHints":{"allow":["GET"]}}],"collection":[{"href":"https:\/\/rockyourgoal.de\/fr\/wp-json\/wp\/v2\/pages"}],"about":[{"href":"https:\/\/rockyourgoal.de\/fr\/wp-json\/wp\/v2\/types\/page"}],"author":[{"embeddable":true,"href":"https:\/\/rockyourgoal.de\/fr\/wp-json\/wp\/v2\/users\/2"}],"replies":[{"embeddable":true,"href":"https:\/\/rockyourgoal.de\/fr\/wp-json\/wp\/v2\/comments?post=7006"}],"version-history":[{"count":15,"href":"https:\/\/rockyourgoal.de\/fr\/wp-json\/wp\/v2\/pages\/7006\/revisions"}],"predecessor-version":[{"id":18154,"href":"https:\/\/rockyourgoal.de\/fr\/wp-json\/wp\/v2\/pages\/7006\/revisions\/18154"}],"up":[{"embeddable":true,"href":"https:\/\/rockyourgoal.de\/fr\/wp-json\/wp\/v2\/pages\/12691"}],"wp:featuredmedia":[{"embeddable":true,"href":"https:\/\/rockyourgoal.de\/fr\/wp-json\/wp\/v2\/media\/7050"}],"wp:attachment":[{"href":"https:\/\/rockyourgoal.de\/fr\/wp-json\/wp\/v2\/media?parent=7006"}],"curies":[{"name":"wp","href":"https:\/\/api.w.org\/{rel}","templated":true}]}}