{"id":5809,"date":"2022-10-10T07:00:00","date_gmt":"2022-10-10T05:00:00","guid":{"rendered":"https:\/\/rockyourgoal.de\/?page_id=5809"},"modified":"2025-01-14T11:17:46","modified_gmt":"2025-01-14T10:17:46","slug":"lese-challenge","status":"publish","type":"page","link":"https:\/\/rockyourgoal.de\/fr\/timeless-challenge\/lese-challenge\/","title":{"rendered":"Lese Challenge"},"content":{"rendered":"<p>&#8222;<em>Lesen ist Tr\u00e4umen mit offenen Augen<\/em>&#8220; hat ein schlauer Mensch einmal geschrieben. Aber Lesen ist viel mehr als das. Lesen \u00f6ffnet Dir Welten von denen Du gar nicht wusstest, dass es sie gibt. <\/p>\n\n\n\n<p>Der Wissensschatz der gesamten Menschheit ist in B\u00fcchern dokumentiert und f\u00fcr alle Menschen verf\u00fcgbar. Lesen ist ein Grundpfeiler der Bildung und deshalb spielt es auch in der <a href=\"https:\/\/rockyourgoal.de\/fr\/timeless-challenge\/\" target=\"_blank\" rel=\"noreferrer noopener\">Timeless Challenge<\/a> eine gro\u00dfe Rolle. <\/p>\n\n\n\n<p>Dabei ist es nicht wichtig \u00fcber welches Thema Du liest, denn Du kannst mit Lesen Deinen Horizont erweitern und &#8222;nebenbei&#8220; wichtige Life-Score Punkte sammeln. <\/p>\n\n\n<div class=\"wp-block-image\">\n<figure class=\"aligncenter size-full is-resized\"><a href=\"https:\/\/rockyourgoal.de\/wp-content\/uploads\/2022\/02\/timeless-lese-challenge.jpg\"><img loading=\"lazy\" decoding=\"async\" width=\"960\" height=\"640\" src=\"https:\/\/rockyourgoal.de\/wp-content\/uploads\/2022\/02\/timeless-lese-challenge.jpg\" alt=\"\" class=\"wp-image-5812\" style=\"width:509px;height:339px\" srcset=\"https:\/\/rockyourgoal.de\/wp-content\/uploads\/2022\/02\/timeless-lese-challenge.jpg 960w, https:\/\/rockyourgoal.de\/wp-content\/uploads\/2022\/02\/timeless-lese-challenge-300x200.jpg 300w, https:\/\/rockyourgoal.de\/wp-content\/uploads\/2022\/02\/timeless-lese-challenge-768x512.jpg 768w, https:\/\/rockyourgoal.de\/wp-content\/uploads\/2022\/02\/timeless-lese-challenge-850x567.jpg 850w\" sizes=\"auto, (max-width: 960px) 100vw, 960px\" \/><\/a><\/figure>\n<\/div>\n\n\n<h2 class=\"wp-block-heading\" id=\"regeln\">Regeln<\/h2>\n\n\n\n<p>Die Regeln unserer Lese Challenge sind sehr einfach. Du liest und geniest B\u00fccher und bekommst 5 Life Score Points pro Buch. Nat\u00fcrlich z\u00e4hlen auch die B\u00fccher die Du dieses Jahr bereits gelesen hast. Die Life-Score Punkte z\u00e4hlen zu dem Lebensbereich &#8222;Pers\u00f6nlichkeit&#8220;. Sie helfen Dir, die wundersch\u00f6ne Murmel (nach 10 gelesenen B\u00fcchern) in gelb zu bekommen. <\/p>\n\n\n\n<p>Es geht in dieser Challenge eigentlich nur darum, dass Du regelm\u00e4\u00dfig liest und Dich dadurch st\u00e4ndig weiter bildest und Dich offen h\u00e4ltst f\u00fcr Neues. Das macht Dich zu einem interessanteren Menschen und zu einem wertvolleren und gebildeteren Mitglied unserer Gesellschaft. <\/p>\n\n\n<div class=\"wp-block-image\">\n<figure class=\"aligncenter\"><a href=\"https:\/\/rockyourgoal.de\/fr\/timeless-challenge\/#Anmeldung_und_Leistungsumfang\"><img loading=\"lazy\" decoding=\"async\" width=\"300\" height=\"145\" src=\"https:\/\/rockyourgoal.de\/wp-content\/uploads\/2022\/01\/timeless-challenge-durchsichtig-300x145.png\" alt=\"\" class=\"wp-image-5448\" srcset=\"https:\/\/rockyourgoal.de\/wp-content\/uploads\/2022\/01\/timeless-challenge-durchsichtig-300x145.png 300w, https:\/\/rockyourgoal.de\/wp-content\/uploads\/2022\/01\/timeless-challenge-durchsichtig-1024x495.png 1024w, https:\/\/rockyourgoal.de\/wp-content\/uploads\/2022\/01\/timeless-challenge-durchsichtig-768x371.png 768w, https:\/\/rockyourgoal.de\/wp-content\/uploads\/2022\/01\/timeless-challenge-durchsichtig-1536x742.png 1536w, https:\/\/rockyourgoal.de\/wp-content\/uploads\/2022\/01\/timeless-challenge-durchsichtig-2048x990.png 2048w, https:\/\/rockyourgoal.de\/wp-content\/uploads\/2022\/01\/timeless-challenge-durchsichtig-850x411.png 850w\" sizes=\"auto, (max-width: 300px) 100vw, 300px\" \/><\/a><figcaption class=\"wp-element-caption\"><a href=\"https:\/\/rockyourgoal.de\/fr\/timeless-challenge\/#Anmeldung_und_Leistungsumfang\">Die Lese Challenge ist eine Challenge der\u00a0Timeless Challenge. Mach mit!<\/a><\/figcaption><\/figure>\n<\/div>\n\n\n<p><strong><em>Folge uns und bleib informiert!<\/em><\/strong><\/p>\n\n\n\n<ul class=\"wp-block-list\">\n<li><strong>Instagram<\/strong>:&nbsp;<a rel=\"noreferrer noopener\" href=\"https:\/\/www.instagram.com\/timeless_challenge\" target=\"_blank\">@timeless_challenge<\/a><\/li>\n\n\n\n<li><strong>Facebook<\/strong>:&nbsp;<a rel=\"noreferrer noopener\" href=\"https:\/\/www.facebook.com\/rockyourgoal\" target=\"_blank\">Rockyourgoal<\/a><\/li>\n\n\n\n<li><strong>Twitter<\/strong>:&nbsp;<a rel=\"noreferrer noopener\" href=\"https:\/\/www.twitter.com\/goal_rock\" target=\"_blank\">@goal_rock<\/a><\/li>\n<\/ul>\n\n\n\n<blockquote class=\"wp-block-quote is-layout-flow wp-block-quote-is-layout-flow\">\n<p><strong><em>Wir wollen <a rel=\"noreferrer noopener\" href=\"https:\/\/rockyourgoal.de\/fr\/big5forlife\/trees4breeze\/\" target=\"_blank\">eine Million B\u00e4ume weltweit pflanzen<\/a> ohne um Spenden zu betteln!<\/em><\/strong> <\/p>\n<cite>Uwe<\/cite><\/blockquote>\n\n\n\n<h2 class=\"wp-block-heading\" id=\"life-score-punkte-bei-der-lese-challenge\">Life-Score Punkte bei der Lese Challenge<\/h2>\n\n\n\n<p>Du kannst mit jedem Buch 5 wertvolle Life-Score Punkte sammeln. In der folgenden Tabelle findest Du die Staffelung. Dabei haben wir den Schwerpunkt auf die Anzahl der gelesenen B\u00fccher pro Jahr gelegt.<\/p>\n\n\n<div class=\"wp-block-image\">\n<figure class=\"aligncenter size-medium\"><img loading=\"lazy\" decoding=\"async\" width=\"300\" height=\"300\" src=\"https:\/\/rockyourgoal.de\/wp-content\/uploads\/2022\/08\/LSP-Persoenlichkeit-300x300.png\" alt=\"\" class=\"wp-image-8297\" srcset=\"https:\/\/rockyourgoal.de\/wp-content\/uploads\/2022\/08\/LSP-Persoenlichkeit-300x300.png 300w, https:\/\/rockyourgoal.de\/wp-content\/uploads\/2022\/08\/LSP-Persoenlichkeit-150x150.png 150w, https:\/\/rockyourgoal.de\/wp-content\/uploads\/2022\/08\/LSP-Persoenlichkeit-768x769.png 768w, https:\/\/rockyourgoal.de\/wp-content\/uploads\/2022\/08\/LSP-Persoenlichkeit-12x12.png 12w, https:\/\/rockyourgoal.de\/wp-content\/uploads\/2022\/08\/LSP-Persoenlichkeit-850x851.png 850w, https:\/\/rockyourgoal.de\/wp-content\/uploads\/2022\/08\/LSP-Persoenlichkeit.png 1000w\" sizes=\"auto, (max-width: 300px) 100vw, 300px\" \/><figcaption class=\"wp-element-caption\">Hol Dir die Life Score Punkte und die Murmel aus dem Bereich &#8222;Pers\u00f6nlichkeit&#8220;. <\/figcaption><\/figure>\n<\/div>\n\n\n<p>Aber auch wenn Du erst mit dem Lesen anfangen m\u00f6chtest und ein Jahr lang 10 Seiten liest, dann hast Du Dir ebenfalls bald die ersten Life-Score Punkte verdient.<\/p>\n\n\n\n<h3 class=\"wp-block-heading\">Murmel f\u00fcr die \u201cLese Challenge&#8220;<\/h3>\n\n\n\n<p>F\u00fcr die Lese Challenge kannst Du die wundersch\u00f6ne Murmel in gelb (20mm). <\/p>\n\n\n\n<h2 class=\"wp-block-heading\" id=\"so-kannst-du-bei-der-lese-challenge-mitmachen\">So kannst Du bei der Lese Challenge mitmachen<\/h2>\n\n\n\n<ul class=\"wp-block-list\">\n<li><a href=\"https:\/\/rockyourgoal.de\/fr\/timeless-challenge\/#Anmeldung_und_Leistungsumfang\">Melde Dich bei der Timeless Challenge an!<\/a><\/li>\n\n\n\n<li><a href=\"https:\/\/rockyourgoal.de\/fr\/wb-admin\/?action=register\">Registriere Dich (falls noch nicht geschehen) bei dieser Seite (klick auf diesen Satz)<\/a><\/li>\n\n\n\n<li>Jetzt hei\u00dft es lesen! Jedes Buch kannst du im Tool eintragen und bekommst daf\u00fcr Life-Score-Points.<\/li>\n\n\n\n<li>F\u00fcll bitte das untere Formular (nur sichtbar wenn Du registriert und angemeldet bist) aus. Einen Nachweis brauchen wir nicht, denn diese Challenge hast Du nur f\u00fcr Dich gemacht! Wir schicken Dir die Murmel zu, sobald Du 10 B\u00fccher gelesen hast. Die Life 50 (5 pro Buch) Score Points werden Dir automatisch gutgeschrieben und im\u00a0<a href=\"https:\/\/rockyourgoal.de\/fr\/timeless-challenge\/#Life_Museum\">Life Museum<\/a>\u00a0erg\u00e4nzt. Bitte schreibe Deine Lieferadresse f\u00fcr die Murmel in die \u201eNotes\u201c im Formular.<\/li>\n<\/ul>\n\n\n\n\n\n\n<h2 class=\"wp-block-heading\" id=\"die-lese-challenge-in-social-media\">Die Lese Challenge in Social Media<\/h2>\n\n\n\n<p>Gerade \u00fcber das Lesen kann man sich wunderbar austauschen. Tipps nach Leseempfehlungen, guten Autoren und g\u00fcnstigen Angeboten schaffen einen echten Mehrwert. <\/p>\n\n\n\n<h3 class=\"wp-block-heading\" id=\"die-lese-challenge-in-facebook\">Die Lese Challenge in Facebook<\/h3>\n\n\n\n<p>Wir laden Dich herzlich zum zwanglosen Austausch \u00fcber diese Challenge in unsere Gruppe <em>Pers\u00f6nlichkeit<\/em> bei Facebook ein.<\/p>\n\n\n\n<h3 class=\"wp-block-heading\" id=\"unsere-hashtags\">#unsere Hashtags<\/h3>\n\n\n\n<ul class=\"wp-block-list\">\n<li>#timelesschallenge<\/li>\n\n\n\n<li>#tclesechallenge<\/li>\n\n\n\n<li>#timelesschallenger<\/li>\n<\/ul>\n\n\n\n<h2 class=\"wp-block-heading\">Meine Lieblingsb\u00fccher<\/h2>\n\n\n\n<p>Ich liebe Lesen und ich habe bereits sehr viele B\u00fccher gelesen oder als H\u00f6rbuch angeh\u00f6rt. Gerade H\u00f6rb\u00fccher &#8222;konsumiere&#8220; ich unglaublich viele, da ich w\u00e4hrend dem Sport ausschlie\u00dflich H\u00f6rb\u00fccher h\u00f6re. B\u00fccher die mich als H\u00f6rbuch faszinieren kaufe ich mir dann meist auch als Printausgabe und lese sie erneut. Gerade bei Sachb\u00fcchern mach ich das sehr oft. <\/p>\n\n\n\n<p>Ich m\u00f6chte Dir an dieser Stelle meine Lieblingsb\u00fccher vorstellen. Dabei mische ich bewusst Romane mit Sachb\u00fcchern und Ratgebern, damit die Empfehlungen nicht einseitig werden. <\/p>\n\n\n\n<p><em>Achtung!: Bei einem Kauf durch einen Klick auf meine Buchempfehlungen erhalten wir eine kleine Provision. Du hast keine Nachteile und bezahlst keinen Cent mehr! Vielen Dank f\u00fcr Deine Unterst\u00fctzung.<\/em><\/p>\n\n\n\n<p><strong>The Big Five for Life &#8211; Was wirklich z\u00e4hlt im Leben<\/strong><\/p>\n\n\n\n<p>Dieses Buch von John Strelecky fasziniert mich und ich habe es bereits \u00fcber zehn mal gelesen oder als H\u00f6rbuch angeh\u00f6rt. Es geht um einen zufriedenen Angestellten (John) der den charismatischen Thomas kennen lernt. Thomas f\u00fchrt dutzende von Unternehmen und weiht John in die Geheimnisse des Erfolges ein. Aber es geht nicht nur um beruflichen Erfolg&#8230;.. Das Buch \u00f6ffnet Augen und Herzen!<\/p>\n\n\n\n<center><a href=\"https:\/\/www.amazon.de\/Big-Five-Life-wirklich-z%C3%A4hlt\/dp\/3423345284?crid=WLCX00MRWJ8C&amp;keywords=big+five+for+life&amp;qid=1659690381&amp;s=books&amp;sprefix=big+five+%2Cstripbooks%2C117&amp;sr=1-1&amp;linkCode=li2&amp;tag=biggamfisboa-21&amp;linkId=29d75c4056b85bd6ca871d9d50cb972d&amp;language=de_DE&amp;ref_=as_li_ss_il\" target=\"_blank\" rel=\"noopener\"><img decoding=\"async\" border=\"0\" src=\"\/\/ws-eu.amazon-adsystem.com\/widgets\/q?_encoding=UTF8&amp;ASIN=3423345284&amp;Format=_SL160_&amp;ID=AsinImage&amp;MarketPlace=DE&amp;ServiceVersion=20070822&amp;WS=1&amp;tag=biggamfisboa-21&amp;language=de_DE\"><\/a><img loading=\"lazy\" decoding=\"async\" src=\"https:\/\/ir-de.amazon-adsystem.com\/e\/ir?t=biggamfisboa-21&amp;language=de_DE&amp;l=li2&amp;o=3&amp;a=3423345284\" width=\"1\" height=\"1\" border=\"0\" alt=\"\" style=\"border:none !important; margin:0px !important;\"><\/center>\n\n\n\n<p><strong>Factfulness<\/strong><\/p>\n\n\n\n<p>Nach diesem Buch wirst Du die Welt anders sehen als davor! Ich bin mir sicher, dass meine These auch bei Dir zutrifft. Hans Rosling zeigt Dir wie man die auf uns einprasselnden Nachrichten, Statistiken und Meldungen tats\u00e4chlich sehen muss. Nach diesem Buch blickst Du hinter den Schleier und siehst die Welt viel klarer. Ein absoluter Hot-Tip!<\/p>\n\n\n\n<center><a href=\"https:\/\/www.amazon.de\/Factfulness-lernen-Welt-sehen-wirklich\/dp\/3548060412?crid=1SH8YAP1XMW7O&amp;keywords=factfulness+deutsch&amp;qid=1659690722&amp;s=books&amp;sprefix=Fact%2Cstripbooks%2C114&amp;sr=1-1&amp;linkCode=li2&amp;tag=biggamfisboa-21&amp;linkId=8066de65f6c97b0c12133ce731ea5a2b&amp;language=de_DE&amp;ref_=as_li_ss_il\" target=\"_blank\" rel=\"noopener\"><img decoding=\"async\" border=\"0\" src=\"\/\/ws-eu.amazon-adsystem.com\/widgets\/q?_encoding=UTF8&amp;ASIN=3548060412&amp;Format=_SL160_&amp;ID=AsinImage&amp;MarketPlace=DE&amp;ServiceVersion=20070822&amp;WS=1&amp;tag=biggamfisboa-21&amp;language=de_DE\"><\/a><img loading=\"lazy\" decoding=\"async\" src=\"https:\/\/ir-de.amazon-adsystem.com\/e\/ir?t=biggamfisboa-21&amp;language=de_DE&amp;l=li2&amp;o=3&amp;a=3548060412\" width=\"1\" height=\"1\" border=\"0\" alt=\"\" style=\"border:none !important; margin:0px !important;\"><\/center>\n\n\n\n<p><strong>Daniel Wolf &#8211; Das Salz der Erde<\/strong><\/p>\n\n\n\n<p>Wenn Du historische Romane liebst, dann solltest Du Daniel Wolf lesen! Mein erstes Buch von ihm war &#8222;Das Salz der Erde&#8220;. Ich will Dir nichts verraten  aber soviel sei Dir gesagt: Ich konnte das Buch nicht aus der Hand legen. Und Dir wird es auch so gehen \ud83d\ude42<\/p>\n\n\n\n<center><a href=\"https:\/\/www.amazon.de\/Das-Salz-Erde-Historischer-Fleury-Serie\/dp\/3442479479?__mk_de_DE=%C3%85M%C3%85%C5%BD%C3%95%C3%91&amp;crid=35G1UG2SXJCXR&amp;keywords=daniel+wolf&amp;qid=1659691079&amp;s=books&amp;sprefix=daniel+wolf%2Cstripbooks%2C101&amp;sr=1-8&amp;linkCode=li2&amp;tag=biggamfisboa-21&amp;linkId=f9979e62070a0a4bfd0c97bdc5c836d1&amp;language=de_DE&amp;ref_=as_li_ss_il\" target=\"_blank\" rel=\"noopener\"><img decoding=\"async\" border=\"0\" src=\"\/\/ws-eu.amazon-adsystem.com\/widgets\/q?_encoding=UTF8&amp;ASIN=3442479479&amp;Format=_SL160_&amp;ID=AsinImage&amp;MarketPlace=DE&amp;ServiceVersion=20070822&amp;WS=1&amp;tag=biggamfisboa-21&amp;language=de_DE\"><\/a><img loading=\"lazy\" decoding=\"async\" src=\"https:\/\/ir-de.amazon-adsystem.com\/e\/ir?t=biggamfisboa-21&amp;language=de_DE&amp;l=li2&amp;o=3&amp;a=3442479479\" width=\"1\" height=\"1\" border=\"0\" alt=\"\" style=\"border:none !important; margin:0px !important;\"><\/center>\n\n\n\n<p><strong>James Alexander Michener &#8211; Alaska<\/strong><\/p>\n\n\n\n<p>Und jetzt kommen wir zu meinem Lieblingsautor, James A. Michener! Ich habe alle B\u00fccher von ihm gelesen und empfehle Dir zum Einstieg &#8222;Alaska&#8220;. Es ist ein dicker W\u00e4lzer, aber jede Seite lohnt sich. Michener war ein Weltenbummler und hat sich f\u00fcr seine Romane extrem gut informiert. Du lernst also \u00fcber Land und Leute, ohne dass Du es merkst. Die B\u00fccher von Michener (und so auch Alaska) sind unglaublich fesselnd!<\/p>\n\n\n\n<center><a href=\"https:\/\/www.amazon.de\/Alaska-James-Michener\/dp\/3404118103?crid=38WAIIMVKPP6S&amp;keywords=james+a.+michener+deutsch&amp;qid=1659691489&amp;s=books&amp;sprefix=james+a.+mich%2Cstripbooks%2C90&amp;sr=1-25&amp;linkCode=li2&amp;tag=biggamfisboa-21&amp;linkId=557af5d8cdfac15da5f95cdb16e18160&amp;language=de_DE&amp;ref_=as_li_ss_il\" target=\"_blank\" rel=\"noopener\"><img decoding=\"async\" border=\"0\" src=\"\/\/ws-eu.amazon-adsystem.com\/widgets\/q?_encoding=UTF8&amp;ASIN=3404118103&amp;Format=_SL160_&amp;ID=AsinImage&amp;MarketPlace=DE&amp;ServiceVersion=20070822&amp;WS=1&amp;tag=biggamfisboa-21&amp;language=de_DE\"><\/a><img loading=\"lazy\" decoding=\"async\" src=\"https:\/\/ir-de.amazon-adsystem.com\/e\/ir?t=biggamfisboa-21&amp;language=de_DE&amp;l=li2&amp;o=3&amp;a=3404118103\" width=\"1\" height=\"1\" border=\"0\" alt=\"\" style=\"border:none !important; margin:0px !important;\"><\/center>\n\n\n\n<p><strong>Blackout &#8211; Morgen ist es zu sp\u00e4t<\/strong><\/p>\n\n\n\n<p>Mark Elsberg beschreibt in Blackout in einem extrem spannenden Roman die Folgen eines Stromausfalls in ganz Europa. Ich habe dieses Buch f\u00fcr meine Liste gew\u00e4hlt, da es einen aktuellen Bezug hat und jeder wissen sollte wie angewiesen wir auf Strom sind. Aber ich habe es auch gew\u00e4hlt, weil dieses Buch extrem spannend ist!!!<\/p>\n\n\n\n<center><a href=\"https:\/\/www.amazon.de\/BLACKOUT-Morgen-ist-sp%C3%A4t-Roman\/dp\/3442380294?crid=VCI4N7Y6OIJW&amp;keywords=blackout+marc+elsberg&amp;qid=1659691623&amp;s=books&amp;sprefix=blackout+%2Cstripbooks%2C99&amp;sr=1-1&amp;linkCode=li2&amp;tag=biggamfisboa-21&amp;linkId=cd7a4aa2683e88d419247b391f024b3c&amp;language=de_DE&amp;ref_=as_li_ss_il\" target=\"_blank\" rel=\"noopener\"><img decoding=\"async\" border=\"0\" src=\"\/\/ws-eu.amazon-adsystem.com\/widgets\/q?_encoding=UTF8&amp;ASIN=3442380294&amp;Format=_SL160_&amp;ID=AsinImage&amp;MarketPlace=DE&amp;ServiceVersion=20070822&amp;WS=1&amp;tag=biggamfisboa-21&amp;language=de_DE\"><\/a><img loading=\"lazy\" decoding=\"async\" src=\"https:\/\/ir-de.amazon-adsystem.com\/e\/ir?t=biggamfisboa-21&amp;language=de_DE&amp;l=li2&amp;o=3&amp;a=3442380294\" width=\"1\" height=\"1\" border=\"0\" alt=\"\" style=\"border:none !important; margin:0px !important;\"><\/center>\n\n\n\n<h2 class=\"wp-block-heading\">Geschenke f\u00fcr Lesefreunde<\/h2>\n\n\n\n<p>Wir haben hier ein paar nette Artikel f\u00fcr Lesefreunde gefunden. Vielleicht ist es ja das passende Geschenk?<\/p>\n\n\n\n<p><strong>Book Journal<\/strong><\/p>\n\n\n\n<p>Wei\u00dft Du noch welches Buch Du schon gelesen hast? Nicht? Dann trag alle Deine B\u00fccher in das Buch Journal ein!<\/p>\n\n\n\n<center><a href=\"https:\/\/www.amazon.de\/Moleskine-Passion-Journal-Large-dunkelrot\/dp\/B079ZT4676?hvadid=291640089995&amp;hvpos=&amp;hvnetw=g&amp;hvrand=15213042351281769527&amp;hvpone=&amp;hvptwo=&amp;hvqmt=&amp;hvdev=c&amp;hvdvcmdl=&amp;hvlocint=&amp;hvlocphy=9043057&amp;hvtargid=pla-527898123035&amp;th=1&amp;linkCode=li2&amp;tag=biggamfisboa-21&amp;linkId=4817543d1ab14c144d300c23cb830da9&amp;language=de_DE&amp;ref_=as_li_ss_il\" target=\"_blank\" rel=\"noopener\"><img decoding=\"async\" border=\"0\" src=\"\/\/ws-eu.amazon-adsystem.com\/widgets\/q?_encoding=UTF8&amp;ASIN=B079ZT4676&amp;Format=_SL160_&amp;ID=AsinImage&amp;MarketPlace=DE&amp;ServiceVersion=20070822&amp;WS=1&amp;tag=biggamfisboa-21&amp;language=de_DE\"><\/a><img loading=\"lazy\" decoding=\"async\" src=\"https:\/\/ir-de.amazon-adsystem.com\/e\/ir?t=biggamfisboa-21&amp;language=de_DE&amp;l=li2&amp;o=3&amp;a=B079ZT4676\" width=\"1\" height=\"1\" border=\"0\" alt=\"\" style=\"border:none !important; margin:0px !important;\"><\/center>\n\n\n\n<p><strong>Buchst\u00fctze Lesesack<\/strong><\/p>\n\n\n\n<p>Ein Buch kann ziemlich schwer in den H\u00e4nden werden! Da hilft Dir dieser Lesesack. Eine Buchst\u00fctze die sich flexibel im Winkel und an den Untergrund anpasst. Klappt \u00fcbrigens auch mit Smartphones und Tablets \ud83d\ude42<\/p>\n\n\n\n<center><a href=\"https:\/\/www.amazon.de\/9346017000093-Lesesack-Buchst%C3%BCtze-Buchkissen-Reisekissen\/dp\/B007BOJWEI?ie=UTF8&amp;linkCode=li2&amp;tag=biggamfisboa-21&amp;linkId=67fc1ed224ea8ab6e8e1b63fb460b03a&amp;language=de_DE&amp;ref_=as_li_ss_il\" target=\"_blank\" rel=\"noopener\"><img decoding=\"async\" border=\"0\" src=\"\/\/ws-eu.amazon-adsystem.com\/widgets\/q?_encoding=UTF8&amp;ASIN=B007BOJWEI&amp;Format=_SL160_&amp;ID=AsinImage&amp;MarketPlace=DE&amp;ServiceVersion=20070822&amp;WS=1&amp;tag=biggamfisboa-21&amp;language=de_DE\"><\/a><img loading=\"lazy\" decoding=\"async\" src=\"https:\/\/ir-de.amazon-adsystem.com\/e\/ir?t=biggamfisboa-21&amp;language=de_DE&amp;l=li2&amp;o=3&amp;a=B007BOJWEI\" width=\"1\" height=\"1\" border=\"0\" alt=\"\" style=\"border:none !important; margin:0px !important;\"><\/center>\n\n\n\n<p><strong>Lustiges Lesezeichen \ud83d\ude42<\/strong><\/p>\n\n\n\n<p>Einfach schmunzeln \ud83d\ude42<\/p>\n\n\n\n<center><a href=\"https:\/\/www.amazon.de\/dp\/B0094LRMNO?th=1&amp;psc=1&amp;linkCode=li2&amp;tag=biggamfisboa-21&amp;linkId=ed75c87523fcd83a32a77d97ea56f0c2&amp;language=de_DE&amp;ref_=as_li_ss_il\" target=\"_blank\" rel=\"noopener\"><img decoding=\"async\" border=\"0\" src=\"\/\/ws-eu.amazon-adsystem.com\/widgets\/q?_encoding=UTF8&amp;ASIN=B0094LRMNO&amp;Format=_SL160_&amp;ID=AsinImage&amp;MarketPlace=DE&amp;ServiceVersion=20070822&amp;WS=1&amp;tag=biggamfisboa-21&amp;language=de_DE\"><\/a><img loading=\"lazy\" decoding=\"async\" src=\"https:\/\/ir-de.amazon-adsystem.com\/e\/ir?t=biggamfisboa-21&amp;language=de_DE&amp;l=li2&amp;o=3&amp;a=B0094LRMNO\" width=\"1\" height=\"1\" border=\"0\" alt=\"\" style=\"border:none !important; margin:0px !important;\"><\/center>","protected":false},"excerpt":{"rendered":"<p>&#8222;Lesen ist Tr\u00e4umen mit offenen Augen&#8220; hat ein schlauer Mensch einmal geschrieben. Aber Lesen ist viel mehr als das. Lesen \u00f6ffnet Dir Welten von denen Du gar nicht wusstest, dass es sie gibt. Der Wissensschatz der gesamten Menschheit ist in B\u00fcchern dokumentiert und f\u00fcr alle Menschen verf\u00fcgbar. Lesen ist ein&hellip;<\/p>\n<p> <a class=\"more-link\" href=\"https:\/\/rockyourgoal.de\/fr\/timeless-challenge\/lese-challenge\/\">Lire la suite<\/a><\/p>","protected":false},"author":2,"featured_media":5831,"parent":5417,"menu_order":2,"comment_status":"open","ping_status":"closed","template":"","meta":{"pgc_sgb_lightbox_settings":"","_glsr_average":0,"_glsr_ranking":0,"_glsr_reviews":0,"footnotes":""},"class_list":["post-5809","page","type-page","status-publish","has-post-thumbnail"],"_links":{"self":[{"href":"https:\/\/rockyourgoal.de\/fr\/wp-json\/wp\/v2\/pages\/5809","targetHints":{"allow":["GET"]}}],"collection":[{"href":"https:\/\/rockyourgoal.de\/fr\/wp-json\/wp\/v2\/pages"}],"about":[{"href":"https:\/\/rockyourgoal.de\/fr\/wp-json\/wp\/v2\/types\/page"}],"author":[{"embeddable":true,"href":"https:\/\/rockyourgoal.de\/fr\/wp-json\/wp\/v2\/users\/2"}],"replies":[{"embeddable":true,"href":"https:\/\/rockyourgoal.de\/fr\/wp-json\/wp\/v2\/comments?post=5809"}],"version-history":[{"count":34,"href":"https:\/\/rockyourgoal.de\/fr\/wp-json\/wp\/v2\/pages\/5809\/revisions"}],"predecessor-version":[{"id":18290,"href":"https:\/\/rockyourgoal.de\/fr\/wp-json\/wp\/v2\/pages\/5809\/revisions\/18290"}],"up":[{"embeddable":true,"href":"https:\/\/rockyourgoal.de\/fr\/wp-json\/wp\/v2\/pages\/5417"}],"wp:featuredmedia":[{"embeddable":true,"href":"https:\/\/rockyourgoal.de\/fr\/wp-json\/wp\/v2\/media\/5831"}],"wp:attachment":[{"href":"https:\/\/rockyourgoal.de\/fr\/wp-json\/wp\/v2\/media?parent=5809"}],"curies":[{"name":"wp","href":"https:\/\/api.w.org\/{rel}","templated":true}]}}