{"id":1561,"date":"2020-04-09T12:31:00","date_gmt":"2020-04-09T10:31:00","guid":{"rendered":"http:\/\/rockyourgoal.de\/?page_id=1561"},"modified":"2020-04-09T12:32:10","modified_gmt":"2020-04-09T10:32:10","slug":"online-education","status":"publish","type":"page","link":"https:\/\/rockyourgoal.de\/fr\/meine-angebote\/finanzielle-performance\/passives-einkommen\/online-business\/online-education\/","title":{"rendered":"Passives Einkommen mit Online Education"},"content":{"rendered":"<p>Ein Online Education Business aufzubauen ist dann f\u00fcr Dich m\u00f6glich, wenn Du bereit bist in Dich selbst zu investieren und dauerhaft zu lernen. Du stehst bei einem solchen Business in der Mitte und baust alles um Deine Person herum auf. <\/p>\n\n\n\n<h3 class=\"wp-block-heading\">Nachteile eines Online Education Business<\/h3>\n\n\n\n<p>Ich habe f\u00fcr mich herausgefunden, dass ich mich genau in diesem Bereich sehr wohl f\u00fchle und k\u00f6nnte Dir mit Begeisterung viele Gr\u00fcnde schreiben warum ein Online Education Business das Richtige MICH ist. Trotzdem ist mir bewusst, dass es gro\u00dfe Nachteile gibt und dieser Ansatz f\u00fcr Viele von euch nicht geeignet ist. Deshalb stelle ich diese Nachteile auch ganz an den Anfang meines Artikels<\/p>\n\n\n\n<p><strong>Die drei wichtigsten Nachteile eines Online Education Business<\/strong><\/p>\n\n\n\n<ul class=\"wp-block-list\"><li>Um ein Online Education Business aufzubauen ben\u00f6tigst Du in einem speziellen Bereich besondere Erfahrungen und F\u00e4higkeiten. <\/li><li>Ein gro\u00dfer Vertrauensaufbau Deiner Person gegen\u00fcber ist notwendig<\/li><li>Gro\u00dfes Selbstbewusstsein ist notwendig<\/li><\/ul>\n\n\n\n<p>Du siehst, alle diese Punkte betreffen nur Deine Person, also Dich! Du hast es also mit Deinem Verhalten, mit Deinem Engagement und mit Deiner Fortbildung selbst in der Hand. Als Nachteil gesprochen: &#8222;<em>Ohne Dich geht es nicht<\/em>&#8222;. <\/p>\n\n\n\n<h3 class=\"wp-block-heading\">Vorteile eines Online Education Business<\/h3>\n\n\n\n<ul class=\"wp-block-list\"><li><strong>Keine Startkosten<\/strong>: Du kannst vollkommen ohne Geld loslegen, sofern Du einen Computer und einen Internetanschluss hast. <\/li><li><strong>Riesige Gewinnmargen<\/strong>: Du hast keine Lagerkosten, keine Herstellkosten und keine Lizenzkosten. Alles was Du in Eigenregie erstellst kannst Du als Reingewinn verbuchen. Dadurch sind riesige Gewinnmargen m\u00f6glich. <\/li><li><b>Nahezu 100% automatisierbar<\/b>: Du willst Dein Einkommen &#8222;passiv&#8220; erwirtschaften. Auch wenn dies (wenn man ehrlich ist) niemals zu 100% m\u00f6glich ist, so kannst Du Dein Online Education Business durchaus zu nahezu 100% automatisieren, sobald Du den bei jedem passiven Einkommen notwendigen Anfangsinvest (Zeit, Know How) get\u00e4tigt hast. <\/li><li><strong>Ortsunabh\u00e4ngig<\/strong>: Es ist egal von wo aus Du Dein Online Education Business betreibst. Du kannst das von \u00fcberall auf der Welt tun. <\/li><li><strong>Du kannst sofort starten<\/strong>: Wenn Du wei\u00dft was Du machen m\u00f6chtest, dann kannst Du sofort loslegen!<\/li><\/ul>\n\n\n\n<p><strong>Der f\u00fcr mich wichtigste Vorteil:<\/strong><\/p>\n\n\n\n<p>Du bist das Business! &#8222;<em>The more your learn, the more you earn<\/em>&#8222;! Das hei\u00dft, dass es sich ab sofort noch mehr lohnt sich fortzubilden! Du baust Dein Online Education Business um Dich herum auf. Es ist mit Deiner Person verkn\u00fcpft und dadurch ist die Konkurrenz beherrschbar. <\/p>\n\n\n\n<h3 class=\"wp-block-heading\">Lohnt sich ein Online Education Business?<\/h3>\n\n\n\n<p>Der Mensch hat das Grundbed\u00fcrfnis sich st\u00e4ndig zu verbessern. Menschen m\u00f6chten spezifische F\u00e4higkeiten lernen, ausbauen ohne studieren zu m\u00fcssen oder das Haus verlassen zu m\u00fcssen. Schon alleine aufgrund dieses inneren Antriebes wird der Markt f\u00fcr Online Education Business zuk\u00fcnftig wachsen. <\/p>\n\n\n\n<p>Erhebungen besagen, dass Online Education in der Zukunft enorme Wachstumsraten zu erwarten hat und der Umsatz in einen hohen Milliardenbereich klettern wird. <\/p>\n\n\n\n<p>Die Vorzeichen stehen also grunds\u00e4tzlich sehr gut. Aber es kommt auf Dich selbst an!<\/p>\n\n\n\n<h3 class=\"wp-block-heading\">Du musst ein Problem l\u00f6sen!<\/h3>\n\n\n\n<p>An anderer Stelle habe ich mal geschrieben, dass Geld verdienen im Internet nur dann m\u00f6glich ist, wenn Du mit Deinem Angebot ein Problem l\u00f6st. Das gilt nat\u00fcrlich auch f\u00fcr das Online Education Business. Die Frage ist nur &#8222;<em>Wie finde ich ein passendes Problem f\u00fcr das ich eine L\u00f6sung habe<\/em>&#8222;? Dazu rate ich dir folgene Vorgehensweise:<\/p>\n\n\n\n<h4 class=\"wp-block-heading\">Finde Deine Nische<\/h4>\n\n\n\n<ul class=\"wp-block-list\"><li>H\u00f6r auf Dein Inneres und richte Dich danach.<\/li><li>Du musst Spa\u00df an dem Thema\/Nische haben. Es darf f\u00fcr Dich keine &#8222;Arbeit&#8220; sein. Es sollte etwas sein dass Dich interessiert und das Du gerne machst und Du f\u00fcr sinnvoll erachtest. <\/li><\/ul>\n\n\n\n<p>Stell Dir folgende Fragen:<\/p>\n\n\n\n<ul class=\"wp-block-list\"><li>Wem helfe ich am liebsten?<\/li><li>Was braucht diese Person\/Personengruppe am meisten?<\/li><li>Welche Arbeit macht mir Spa\u00df?<\/li><li>Worin bin ich am besten?<\/li><\/ul>\n\n\n\n<p><strong>Wenn Du nun eine Idee hast, dann beachte bitte die wichtigste Regel<\/strong>:<\/p>\n\n\n\n<p>Du musst das Problem bei Dir bereits gel\u00f6st haben! Nur dann hast Du die Erfahrung wie das geht und bist authentisch. Es gibt zu viele Blender die irgend etwas behaupten aber nur vom &#8222;H\u00f6rensagen&#8220; sprechen und nicht aus eigener Erfahrung. <\/p>\n\n\n\n<h4 class=\"wp-block-heading\">Wie kannst Du ein Problem noch finden?<\/h4>\n\n\n\n<p>Indem Du die Menschen fragst!<\/p>\n\n\n\n<h3 class=\"wp-block-heading\">Du bist Deine Marke!<\/h3>\n\n\n\n<p>Dein Online Education Business h\u00e4ngt stark an Dir und dem Vertrauen der Menschen zu Dir. Du bist also Deine &#8222;Marke&#8220;, Dein &#8222;personal brand&#8220;.<\/p>\n\n\n\n<figure class=\"wp-block-image size-large\"><img loading=\"lazy\" decoding=\"async\" width=\"716\" height=\"531\" src=\"http:\/\/rockyourgoal.de\/wp-content\/uploads\/2020\/04\/Du-bist-Deine-Marke.png\" alt=\"\" class=\"wp-image-1568\" srcset=\"https:\/\/rockyourgoal.de\/wp-content\/uploads\/2020\/04\/Du-bist-Deine-Marke.png 716w, https:\/\/rockyourgoal.de\/wp-content\/uploads\/2020\/04\/Du-bist-Deine-Marke-300x222.png 300w\" sizes=\"auto, (max-width: 716px) 100vw, 716px\" \/><figcaption>Du bist Deine Marke! St\u00e4rke sie!<\/figcaption><\/figure>\n\n\n\n<h3 class=\"wp-block-heading\">Dein Produkt<\/h3>\n\n\n\n<p>Dein Produkt muss ein Teil aus der &#8222;<strong>Big 3<\/strong>&#8220; sein:<\/p>\n\n\n\n<ul class=\"wp-block-list\"><li>Love (Liebe, Dating etc.)<\/li><li>Health (Sport, Ern\u00e4hrung, Gesundheit etc.)<\/li><li>Wealth (Geld, Verm\u00f6gen etc.)<\/li><\/ul>\n\n\n\n<h4 class=\"wp-block-heading\">Erstelle Dein &#8222;Package&#8220;<\/h4>\n\n\n\n<p>&#8222;<em>People pay vor Transformation, not for Information<\/em>&#8220; hei\u00dft es. Und das hat f\u00fcr dich konkrete Auswirkungen. <\/p>\n\n\n\n<p>Du hast einen Kunden der ist aus irgend einem Grund unzufrieden oder ungl\u00fccklich. Nun kommt Deine Probleml\u00f6sung ins Spiel! Diese ver\u00e4ndert des Kunden seine Stimmung, so dass er nach dem Konsum Deines Produktes wieder gl\u00fccklich ist. Du hast also eine Transformation aus &#8222;Ungl\u00fccklicher Kunde zum gl\u00fccklichen Kunden&#8220; durch Dein Produkt erreicht. <\/p>\n\n\n\n<p>Um eine solche Transformation bei Deiner Produktkonzeption zu erreichen musst Du folgende Schritte gehen:<\/p>\n\n\n\n<ol class=\"wp-block-list\"><li><strong>Ziel<\/strong>: Welches Ziel hat der Kunde?<\/li><li><strong>Start<\/strong>: Welches ist sein gro\u00dfer Schmerz\/Frust? Womit will der Kunde nicht l\u00e4nger leben?<\/li><li><strong>Formel<\/strong>: Welche Schritte muss der Kunde gehen um vom Start zum Ziel zu kommen?<\/li><li><strong>Entkernen<\/strong>: Nimm alles heraus was nicht unbedingt notwendig ist. Halte Deinen Prozess schlank.<\/li><\/ol>\n\n\n\n<h3 class=\"wp-block-heading\">Wichtige Anmerkung<\/h3>\n\n\n\n<p>Dieser Beitrag befindet sich derzeit in der \u00dcberarbeitung und wird t\u00e4glich erweitert. Bitte entschuldigt den Entwurfszustand. Schaut regelm\u00e4\u00dfig vorbei, dann seht ihr die Fortschritte.<\/p>","protected":false},"excerpt":{"rendered":"<p>Ein Online Education Business aufzubauen ist dann f\u00fcr Dich m\u00f6glich, wenn Du bereit bist in Dich selbst zu investieren und dauerhaft zu lernen. Du stehst bei einem solchen Business in der Mitte und baust alles um Deine Person herum auf. Nachteile eines Online Education Business Ich habe f\u00fcr mich herausgefunden,&hellip;<\/p>\n<p> <a class=\"more-link\" href=\"https:\/\/rockyourgoal.de\/fr\/meine-angebote\/finanzielle-performance\/passives-einkommen\/online-business\/online-education\/\">Lire la suite<\/a><\/p>","protected":false},"author":2,"featured_media":1573,"parent":1558,"menu_order":0,"comment_status":"closed","ping_status":"closed","template":"","meta":{"pgc_sgb_lightbox_settings":"","_glsr_average":0,"_glsr_ranking":0,"_glsr_reviews":0,"footnotes":""},"class_list":["post-1561","page","type-page","status-publish","has-post-thumbnail"],"_links":{"self":[{"href":"https:\/\/rockyourgoal.de\/fr\/wp-json\/wp\/v2\/pages\/1561","targetHints":{"allow":["GET"]}}],"collection":[{"href":"https:\/\/rockyourgoal.de\/fr\/wp-json\/wp\/v2\/pages"}],"about":[{"href":"https:\/\/rockyourgoal.de\/fr\/wp-json\/wp\/v2\/types\/page"}],"author":[{"embeddable":true,"href":"https:\/\/rockyourgoal.de\/fr\/wp-json\/wp\/v2\/users\/2"}],"replies":[{"embeddable":true,"href":"https:\/\/rockyourgoal.de\/fr\/wp-json\/wp\/v2\/comments?post=1561"}],"version-history":[{"count":8,"href":"https:\/\/rockyourgoal.de\/fr\/wp-json\/wp\/v2\/pages\/1561\/revisions"}],"predecessor-version":[{"id":1572,"href":"https:\/\/rockyourgoal.de\/fr\/wp-json\/wp\/v2\/pages\/1561\/revisions\/1572"}],"up":[{"embeddable":true,"href":"https:\/\/rockyourgoal.de\/fr\/wp-json\/wp\/v2\/pages\/1558"}],"wp:featuredmedia":[{"embeddable":true,"href":"https:\/\/rockyourgoal.de\/fr\/wp-json\/wp\/v2\/media\/1573"}],"wp:attachment":[{"href":"https:\/\/rockyourgoal.de\/fr\/wp-json\/wp\/v2\/media?parent=1561"}],"curies":[{"name":"wp","href":"https:\/\/api.w.org\/{rel}","templated":true}]}}