{"id":13005,"date":"2023-05-31T13:15:30","date_gmt":"2023-05-31T11:15:30","guid":{"rendered":"https:\/\/rockyourgoal.de\/?page_id=13005"},"modified":"2025-04-09T13:56:55","modified_gmt":"2025-04-09T11:56:55","slug":"emotionen","status":"publish","type":"page","link":"https:\/\/rockyourgoal.de\/fr\/timeless-challenge\/emotionen\/","title":{"rendered":"Emotionen &#8211; Challenges"},"content":{"rendered":"<p>Emotionen sind das Salz in der Suppe unseres Lebens. Ganz egal ob Du liebst, hasst, traurig oder gl\u00fccklich bist, in Dir ruhst oder unruhig bist, Emotionen geben dem Leben W\u00fcrze. <\/p>\n\n\n\n<blockquote class=\"wp-block-quote is-layout-flow wp-block-quote-is-layout-flow\">\n<p>Ein Roboter wird niemals einen Menschen mit Emotionen ersetzen k\u00f6nnen. Dazu ist er einfach zu emotionslos.<\/p>\n<cite>Klaus Seibold<\/cite><\/blockquote>\n\n\n<div class=\"wp-block-image\">\n<figure class=\"aligncenter size-medium\"><a href=\"https:\/\/rockyourgoal.de\/wp-content\/uploads\/2023\/05\/iron-lake-challenge-emotionen.png\"><img loading=\"lazy\" decoding=\"async\" width=\"300\" height=\"217\" src=\"https:\/\/rockyourgoal.de\/wp-content\/uploads\/2023\/05\/iron-lake-challenge-emotionen-300x217.png\" alt=\"\" class=\"wp-image-13008\" srcset=\"https:\/\/rockyourgoal.de\/wp-content\/uploads\/2023\/05\/iron-lake-challenge-emotionen-300x217.png 300w, https:\/\/rockyourgoal.de\/wp-content\/uploads\/2023\/05\/iron-lake-challenge-emotionen-768x556.png 768w, https:\/\/rockyourgoal.de\/wp-content\/uploads\/2023\/05\/iron-lake-challenge-emotionen-18x12.png 18w, https:\/\/rockyourgoal.de\/wp-content\/uploads\/2023\/05\/iron-lake-challenge-emotionen.png 896w\" sizes=\"auto, (max-width: 300px) 100vw, 300px\" \/><\/a><\/figure>\n<\/div>\n\n\n<h2 class=\"wp-block-heading\">Emotions Challenges<\/h2>\n\n\n\n<p>Wir haben f\u00fcr Dich zahlreiche Challenges rund um die Emotionen aus den Bereichen Liebe, Ausgeglichenheit, Genuss und Spiritualit\u00e4t erstellt und freuen uns wenn sie Dir gefallen. Sie werden Dich aber auf alle F\u00e4lle ber\u00fchren und positiv beeinflussen. <\/p>\n\n\n\n<figure class=\"wp-block-table\"><table><tbody><tr><td><strong>Name<\/strong><\/td><td><strong>Logo<\/strong><\/td><td><strong>Kurze Beschreibung<\/strong><\/td><td><strong>Dauer<\/strong>&nbsp;<strong>in Tagen<\/strong><\/td><td><strong>Life-Score Punkte<\/strong><\/td><\/tr><tr><td><a href=\"https:\/\/rockyourgoal.de\/fr\/timeless-challenge\/emotionen\/clear-your-mind\/\" target=\"_blank\" rel=\"noreferrer noopener\">Clear your mind Challenge<\/a><\/td><td><a href=\"https:\/\/rockyourgoal.de\/fr\/timeless-challenge\/emotionen\/clear-your-mind\/\" target=\"_blank\" rel=\"noreferrer noopener\"><img loading=\"lazy\" decoding=\"async\" width=\"150\" height=\"76\" class=\"wp-image-6098\" style=\"width: 150px;\" src=\"http:\/\/rockyourgoal.de\/wp-content\/uploads\/2022\/02\/clear-your-mind-logo.png\" alt=\"\" srcset=\"https:\/\/rockyourgoal.de\/wp-content\/uploads\/2022\/02\/clear-your-mind-logo.png 4141w, https:\/\/rockyourgoal.de\/wp-content\/uploads\/2022\/02\/clear-your-mind-logo-300x152.png 300w, https:\/\/rockyourgoal.de\/wp-content\/uploads\/2022\/02\/clear-your-mind-logo-1024x517.png 1024w, https:\/\/rockyourgoal.de\/wp-content\/uploads\/2022\/02\/clear-your-mind-logo-768x388.png 768w, https:\/\/rockyourgoal.de\/wp-content\/uploads\/2022\/02\/clear-your-mind-logo-1536x776.png 1536w, https:\/\/rockyourgoal.de\/wp-content\/uploads\/2022\/02\/clear-your-mind-logo-2048x1035.png 2048w, https:\/\/rockyourgoal.de\/wp-content\/uploads\/2022\/02\/clear-your-mind-logo-850x429.png 850w\" sizes=\"auto, (max-width: 150px) 100vw, 150px\" \/><\/a><\/td><td>T\u00e4glich 15 Minuten den Kopf frei machen<\/td><td>30 bis 365<\/td><td>10 bis 100<\/td><\/tr><tr><td><a href=\"https:\/\/rockyourgoal.de\/fr\/timeless-challenge\/emotionen\/couple-target\/\" target=\"_blank\" rel=\"noreferrer noopener\">Couple Target Challenge<\/a><\/td><td><a href=\"https:\/\/rockyourgoal.de\/fr\/timeless-challenge\/emotionen\/couple-target\/\" target=\"_blank\" rel=\"noreferrer noopener\"><img loading=\"lazy\" decoding=\"async\" width=\"150\" height=\"120\" class=\"wp-image-6722\" style=\"width: 150px;\" src=\"http:\/\/rockyourgoal.de\/wp-content\/uploads\/2022\/04\/couple-target-challenge-logo.png\" alt=\"\" srcset=\"https:\/\/rockyourgoal.de\/wp-content\/uploads\/2022\/04\/couple-target-challenge-logo.png 3581w, https:\/\/rockyourgoal.de\/wp-content\/uploads\/2022\/04\/couple-target-challenge-logo-300x241.png 300w, https:\/\/rockyourgoal.de\/wp-content\/uploads\/2022\/04\/couple-target-challenge-logo-1024x821.png 1024w, https:\/\/rockyourgoal.de\/wp-content\/uploads\/2022\/04\/couple-target-challenge-logo-768x616.png 768w, https:\/\/rockyourgoal.de\/wp-content\/uploads\/2022\/04\/couple-target-challenge-logo-1536x1231.png 1536w, https:\/\/rockyourgoal.de\/wp-content\/uploads\/2022\/04\/couple-target-challenge-logo-2048x1642.png 2048w, https:\/\/rockyourgoal.de\/wp-content\/uploads\/2022\/04\/couple-target-challenge-logo-15x12.png 15w, https:\/\/rockyourgoal.de\/wp-content\/uploads\/2022\/04\/couple-target-challenge-logo-850x681.png 850w\" sizes=\"auto, (max-width: 150px) 100vw, 150px\" \/><\/a><a rel=\"noreferrer noopener\" href=\"https:\/\/rockyourgoal.de\/fr\/timeless-challenge\/beziehungen\/act-of-kindeness-challenge\/\" target=\"_blank\"><\/a><\/td><td>Definiere mit Deinem Partner ein gemeinsames Ziel und erreicht es<\/td><td>365<\/td><td>30<\/td><\/tr><tr><td><a href=\"https:\/\/rockyourgoal.de\/fr\/timeless-challenge\/emotionen\/do-nothing\/\">Do Nothing Challenge<\/a><\/td><td><a href=\"https:\/\/rockyourgoal.de\/fr\/timeless-challenge\/emotionen\/do-nothing\/\"><img loading=\"lazy\" decoding=\"async\" width=\"150\" height=\"107\" class=\"wp-image-7298\" style=\"width: 150px;\" src=\"http:\/\/rockyourgoal.de\/wp-content\/uploads\/2022\/05\/do-nothing-challenge-logo.png\" alt=\"\" srcset=\"https:\/\/rockyourgoal.de\/wp-content\/uploads\/2022\/05\/do-nothing-challenge-logo.png 4071w, https:\/\/rockyourgoal.de\/wp-content\/uploads\/2022\/05\/do-nothing-challenge-logo-300x214.png 300w, https:\/\/rockyourgoal.de\/wp-content\/uploads\/2022\/05\/do-nothing-challenge-logo-1024x732.png 1024w, https:\/\/rockyourgoal.de\/wp-content\/uploads\/2022\/05\/do-nothing-challenge-logo-768x549.png 768w, https:\/\/rockyourgoal.de\/wp-content\/uploads\/2022\/05\/do-nothing-challenge-logo-1536x1098.png 1536w, https:\/\/rockyourgoal.de\/wp-content\/uploads\/2022\/05\/do-nothing-challenge-logo-2048x1463.png 2048w, https:\/\/rockyourgoal.de\/wp-content\/uploads\/2022\/05\/do-nothing-challenge-logo-18x12.png 18w, https:\/\/rockyourgoal.de\/wp-content\/uploads\/2022\/05\/do-nothing-challenge-logo-850x607.png 850w\" sizes=\"auto, (max-width: 150px) 100vw, 150px\" \/><\/a><\/td><td>Entspann 30 Tage lang jeden Tag mindestens 10 Minuten und tu einfach nichts<\/td><td>30<\/td><td>10<\/td><\/tr><tr><td><a href=\"https:\/\/rockyourgoal.de\/fr\/timeless-challenge\/emotionen\/happy-vacation\/\">Happy Vacation Challenge<\/a><\/td><td><a href=\"https:\/\/rockyourgoal.de\/fr\/timeless-challenge\/emotionen\/happy-vacation\/\"><img loading=\"lazy\" decoding=\"async\" width=\"150\" height=\"136\" class=\"wp-image-6305\" style=\"width: 150px;\" src=\"http:\/\/rockyourgoal.de\/wp-content\/uploads\/2022\/03\/happy-vacation-logo-2.png\" alt=\"\" srcset=\"https:\/\/rockyourgoal.de\/wp-content\/uploads\/2022\/03\/happy-vacation-logo-2.png 2848w, https:\/\/rockyourgoal.de\/wp-content\/uploads\/2022\/03\/happy-vacation-logo-2-300x273.png 300w, https:\/\/rockyourgoal.de\/wp-content\/uploads\/2022\/03\/happy-vacation-logo-2-1024x931.png 1024w, https:\/\/rockyourgoal.de\/wp-content\/uploads\/2022\/03\/happy-vacation-logo-2-768x698.png 768w, https:\/\/rockyourgoal.de\/wp-content\/uploads\/2022\/03\/happy-vacation-logo-2-1536x1397.png 1536w, https:\/\/rockyourgoal.de\/wp-content\/uploads\/2022\/03\/happy-vacation-logo-2-2048x1862.png 2048w, https:\/\/rockyourgoal.de\/wp-content\/uploads\/2022\/03\/happy-vacation-logo-2-850x773.png 850w\" sizes=\"auto, (max-width: 150px) 100vw, 150px\" \/><\/a><\/td><td>Plane mit Deinen Liebsten die sch\u00f6nste Zeit des Jahres, aber richtig!<\/td><td>1 +<\/td><td>2<\/td><\/tr><tr><td><a href=\"https:\/\/rockyourgoal.de\/fr\/timeless-challenge\/emotionen\/inseparable\/\" target=\"_blank\" rel=\"noreferrer noopener\">Inseparable Challenge<\/a><\/td><td><a href=\"https:\/\/rockyourgoal.de\/fr\/timeless-challenge\/emotionen\/inseparable\/\" target=\"_blank\" rel=\"noreferrer noopener\"><img loading=\"lazy\" decoding=\"async\" width=\"150\" height=\"74\" class=\"wp-image-6380\" style=\"width: 150px;\" src=\"http:\/\/rockyourgoal.de\/wp-content\/uploads\/2022\/03\/inseparable-challenge-logo1.png\" alt=\"\" srcset=\"https:\/\/rockyourgoal.de\/wp-content\/uploads\/2022\/03\/inseparable-challenge-logo1.png 4244w, https:\/\/rockyourgoal.de\/wp-content\/uploads\/2022\/03\/inseparable-challenge-logo1-300x147.png 300w, https:\/\/rockyourgoal.de\/wp-content\/uploads\/2022\/03\/inseparable-challenge-logo1-1024x503.png 1024w, https:\/\/rockyourgoal.de\/wp-content\/uploads\/2022\/03\/inseparable-challenge-logo1-768x377.png 768w, https:\/\/rockyourgoal.de\/wp-content\/uploads\/2022\/03\/inseparable-challenge-logo1-1536x754.png 1536w, https:\/\/rockyourgoal.de\/wp-content\/uploads\/2022\/03\/inseparable-challenge-logo1-2048x1005.png 2048w, https:\/\/rockyourgoal.de\/wp-content\/uploads\/2022\/03\/inseparable-challenge-logo1-850x417.png 850w\" sizes=\"auto, (max-width: 150px) 100vw, 150px\" \/><\/a><\/td><td>30 Tage lang eine Aufmerksamkeit f\u00fcr den Partner<\/td><td>30<\/td><td>20<\/td><\/tr><tr><td><a href=\"https:\/\/rockyourgoal.de\/fr\/timeless-challenge\/emotionen\/make-music\/\" target=\"_blank\" rel=\"noreferrer noopener\">Make Music Challenge<\/a><\/td><td><a href=\"https:\/\/rockyourgoal.de\/fr\/timeless-challenge\/emotionen\/make-music\/\" target=\"_blank\" rel=\"noreferrer noopener\"><img loading=\"lazy\" decoding=\"async\" width=\"150\" height=\"45\" class=\"wp-image-7338\" style=\"width: 150px;\" src=\"http:\/\/rockyourgoal.de\/wp-content\/uploads\/2022\/06\/make-music-challenge-logo.png\" alt=\"\" srcset=\"https:\/\/rockyourgoal.de\/wp-content\/uploads\/2022\/06\/make-music-challenge-logo.png 4432w, https:\/\/rockyourgoal.de\/wp-content\/uploads\/2022\/06\/make-music-challenge-logo-300x90.png 300w, https:\/\/rockyourgoal.de\/wp-content\/uploads\/2022\/06\/make-music-challenge-logo-1024x308.png 1024w, https:\/\/rockyourgoal.de\/wp-content\/uploads\/2022\/06\/make-music-challenge-logo-768x231.png 768w, https:\/\/rockyourgoal.de\/wp-content\/uploads\/2022\/06\/make-music-challenge-logo-1536x462.png 1536w, https:\/\/rockyourgoal.de\/wp-content\/uploads\/2022\/06\/make-music-challenge-logo-2048x616.png 2048w, https:\/\/rockyourgoal.de\/wp-content\/uploads\/2022\/06\/make-music-challenge-logo-18x5.png 18w, https:\/\/rockyourgoal.de\/wp-content\/uploads\/2022\/06\/make-music-challenge-logo-850x256.png 850w\" sizes=\"auto, (max-width: 150px) 100vw, 150px\" \/><\/a><\/td><td>\u00dcbe 30 Tage lang Dein Lieblingsinstrument<\/td><td>30<\/td><td>10<\/td><\/tr><tr><td><a href=\"https:\/\/rockyourgoal.de\/fr\/timeless-challenge\/emotionen\/master-your-reaction\/\" target=\"_blank\" rel=\"noreferrer noopener\">Master of Reaction Challenge<\/a><\/td><td><a href=\"https:\/\/rockyourgoal.de\/fr\/timeless-challenge\/emotionen\/master-your-reaction\/\" target=\"_blank\" rel=\"noreferrer noopener\"><img loading=\"lazy\" decoding=\"async\" width=\"150\" height=\"52\" class=\"wp-image-6874\" style=\"width: 150px;\" src=\"http:\/\/rockyourgoal.de\/wp-content\/uploads\/2022\/05\/master-your-reactions-logo.png\" alt=\"\" srcset=\"https:\/\/rockyourgoal.de\/wp-content\/uploads\/2022\/05\/master-your-reactions-logo.png 4469w, https:\/\/rockyourgoal.de\/wp-content\/uploads\/2022\/05\/master-your-reactions-logo-300x103.png 300w, https:\/\/rockyourgoal.de\/wp-content\/uploads\/2022\/05\/master-your-reactions-logo-1024x353.png 1024w, https:\/\/rockyourgoal.de\/wp-content\/uploads\/2022\/05\/master-your-reactions-logo-768x265.png 768w, https:\/\/rockyourgoal.de\/wp-content\/uploads\/2022\/05\/master-your-reactions-logo-1536x530.png 1536w, https:\/\/rockyourgoal.de\/wp-content\/uploads\/2022\/05\/master-your-reactions-logo-2048x706.png 2048w, https:\/\/rockyourgoal.de\/wp-content\/uploads\/2022\/05\/master-your-reactions-logo-18x6.png 18w, https:\/\/rockyourgoal.de\/wp-content\/uploads\/2022\/05\/master-your-reactions-logo-850x293.png 850w\" sizes=\"auto, (max-width: 150px) 100vw, 150px\" \/><\/a><\/td><td>30 Tage lang bewusst die Reaktion in einer bestimmten Situation kontrollieren<\/td><td>30<\/td><td>20<\/td><\/tr><tr><td><a href=\"https:\/\/rockyourgoal.de\/fr\/timeless-challenge\/emotionen\/mindfulness\/\" target=\"_blank\" rel=\"noreferrer noopener\">Mindfulness Challenge<\/a><\/td><td><a href=\"https:\/\/rockyourgoal.de\/fr\/timeless-challenge\/emotionen\/mindfulness\/\" target=\"_blank\" rel=\"noreferrer noopener\"><img loading=\"lazy\" decoding=\"async\" width=\"150\" height=\"104\" class=\"wp-image-6944\" style=\"width: 150px;\" src=\"http:\/\/rockyourgoal.de\/wp-content\/uploads\/2022\/05\/mindfulness-challenge-logo.png\" alt=\"\" srcset=\"https:\/\/rockyourgoal.de\/wp-content\/uploads\/2022\/05\/mindfulness-challenge-logo.png 4152w, https:\/\/rockyourgoal.de\/wp-content\/uploads\/2022\/05\/mindfulness-challenge-logo-300x208.png 300w, https:\/\/rockyourgoal.de\/wp-content\/uploads\/2022\/05\/mindfulness-challenge-logo-1024x710.png 1024w, https:\/\/rockyourgoal.de\/wp-content\/uploads\/2022\/05\/mindfulness-challenge-logo-768x532.png 768w, https:\/\/rockyourgoal.de\/wp-content\/uploads\/2022\/05\/mindfulness-challenge-logo-1536x1064.png 1536w, https:\/\/rockyourgoal.de\/wp-content\/uploads\/2022\/05\/mindfulness-challenge-logo-2048x1419.png 2048w, https:\/\/rockyourgoal.de\/wp-content\/uploads\/2022\/05\/mindfulness-challenge-logo-18x12.png 18w, https:\/\/rockyourgoal.de\/wp-content\/uploads\/2022\/05\/mindfulness-challenge-logo-850x589.png 850w\" sizes=\"auto, (max-width: 150px) 100vw, 150px\" \/><\/a><\/td><td>30 Tage lang achtsam sein<\/td><td>30<\/td><td>30<\/td><\/tr><tr><td><a href=\"https:\/\/rockyourgoal.de\/fr\/timeless-challenge\/minimalism-challenge\/\" target=\"_blank\" rel=\"noreferrer noopener\">Minimalismus Challenge<\/a><\/td><td><a href=\"https:\/\/rockyourgoal.de\/fr\/timeless-challenge\/minimalism-challenge\/\" target=\"_blank\" rel=\"noreferrer noopener\"><img loading=\"lazy\" decoding=\"async\" width=\"150\" height=\"57\" class=\"wp-image-6754\" style=\"width: 150px;\" src=\"http:\/\/rockyourgoal.de\/wp-content\/uploads\/2022\/04\/minimalism-challenge-logo.png\" alt=\"\" srcset=\"https:\/\/rockyourgoal.de\/wp-content\/uploads\/2022\/04\/minimalism-challenge-logo.png 4452w, https:\/\/rockyourgoal.de\/wp-content\/uploads\/2022\/04\/minimalism-challenge-logo-300x114.png 300w, https:\/\/rockyourgoal.de\/wp-content\/uploads\/2022\/04\/minimalism-challenge-logo-1024x389.png 1024w, https:\/\/rockyourgoal.de\/wp-content\/uploads\/2022\/04\/minimalism-challenge-logo-768x292.png 768w, https:\/\/rockyourgoal.de\/wp-content\/uploads\/2022\/04\/minimalism-challenge-logo-1536x584.png 1536w, https:\/\/rockyourgoal.de\/wp-content\/uploads\/2022\/04\/minimalism-challenge-logo-2048x778.png 2048w, https:\/\/rockyourgoal.de\/wp-content\/uploads\/2022\/04\/minimalism-challenge-logo-18x7.png 18w, https:\/\/rockyourgoal.de\/wp-content\/uploads\/2022\/04\/minimalism-challenge-logo-850x323.png 850w\" sizes=\"auto, (max-width: 150px) 100vw, 150px\" \/><\/a><\/td><td>30 Tage lang Minimalismus ausprobieren<\/td><td>30<\/td><td>50<\/td><\/tr><tr><td><a href=\"https:\/\/rockyourgoal.de\/fr\/timeless-challenge\/emotionen\/keine-schimpfwoerter\/\" target=\"_blank\" rel=\"noreferrer noopener\">No Swear Challenge<\/a><\/td><td><a href=\"https:\/\/rockyourgoal.de\/fr\/timeless-challenge\/emotionen\/keine-schimpfwoerter\/\" target=\"_blank\" rel=\"noreferrer noopener\"><img loading=\"lazy\" decoding=\"async\" width=\"150\" height=\"31\" class=\"wp-image-5963\" style=\"width: 150px;\" src=\"http:\/\/rockyourgoal.de\/wp-content\/uploads\/2022\/02\/no-swear-logo2.png\" alt=\"\" srcset=\"https:\/\/rockyourgoal.de\/wp-content\/uploads\/2022\/02\/no-swear-logo2.png 2621w, https:\/\/rockyourgoal.de\/wp-content\/uploads\/2022\/02\/no-swear-logo2-300x62.png 300w, https:\/\/rockyourgoal.de\/wp-content\/uploads\/2022\/02\/no-swear-logo2-1024x211.png 1024w, https:\/\/rockyourgoal.de\/wp-content\/uploads\/2022\/02\/no-swear-logo2-768x158.png 768w, https:\/\/rockyourgoal.de\/wp-content\/uploads\/2022\/02\/no-swear-logo2-1536x316.png 1536w, https:\/\/rockyourgoal.de\/wp-content\/uploads\/2022\/02\/no-swear-logo2-2048x421.png 2048w, https:\/\/rockyourgoal.de\/wp-content\/uploads\/2022\/02\/no-swear-logo2-850x175.png 850w\" sizes=\"auto, (max-width: 150px) 100vw, 150px\" \/><\/a><\/td><td>Verzichte auf Schimpfw\u00f6rter<\/td><td>30 bis 365<\/td><td>20 bis 100<\/td><\/tr><tr><td><a href=\"https:\/\/rockyourgoal.de\/fr\/timeless-challenge\/emotionen\/resting-hands\/\" target=\"_blank\" rel=\"noreferrer noopener\">Resting Hands Challenge<\/a><\/td><td><a href=\"https:\/\/rockyourgoal.de\/fr\/timeless-challenge\/emotionen\/resting-hands\/\" target=\"_blank\" rel=\"noreferrer noopener\"><img loading=\"lazy\" decoding=\"async\" width=\"150\" height=\"78\" class=\"wp-image-6823\" style=\"width: 150px;\" src=\"http:\/\/rockyourgoal.de\/wp-content\/uploads\/2022\/04\/resting-hands-challenge-logo.png\" alt=\"\" srcset=\"https:\/\/rockyourgoal.de\/wp-content\/uploads\/2022\/04\/resting-hands-challenge-logo.png 4407w, https:\/\/rockyourgoal.de\/wp-content\/uploads\/2022\/04\/resting-hands-challenge-logo-300x156.png 300w, https:\/\/rockyourgoal.de\/wp-content\/uploads\/2022\/04\/resting-hands-challenge-logo-1024x532.png 1024w, https:\/\/rockyourgoal.de\/wp-content\/uploads\/2022\/04\/resting-hands-challenge-logo-768x399.png 768w, https:\/\/rockyourgoal.de\/wp-content\/uploads\/2022\/04\/resting-hands-challenge-logo-1536x798.png 1536w, https:\/\/rockyourgoal.de\/wp-content\/uploads\/2022\/04\/resting-hands-challenge-logo-2048x1064.png 2048w, https:\/\/rockyourgoal.de\/wp-content\/uploads\/2022\/04\/resting-hands-challenge-logo-18x9.png 18w, https:\/\/rockyourgoal.de\/wp-content\/uploads\/2022\/04\/resting-hands-challenge-logo-850x442.png 850w\" sizes=\"auto, (max-width: 150px) 100vw, 150px\" \/><\/a><\/td><td>30 Tage auf Pornos verzichten!<\/td><td>30<\/td><td>10<\/td><\/tr><tr><td><a href=\"https:\/\/rockyourgoal.de\/fr\/timeless-challenge\/emotionen\/waive-news\/\" target=\"_blank\" rel=\"noreferrer noopener\">Waive News Challenge<\/a><\/td><td><a href=\"https:\/\/rockyourgoal.de\/fr\/timeless-challenge\/emotionen\/waive-news\/\" target=\"_blank\" rel=\"noreferrer noopener\"><img loading=\"lazy\" decoding=\"async\" width=\"150\" height=\"101\" class=\"wp-image-10237\" style=\"width: 150px;\" src=\"http:\/\/rockyourgoal.de\/wp-content\/uploads\/2022\/12\/waive-news-logo.jpg\" alt=\"\" srcset=\"https:\/\/rockyourgoal.de\/wp-content\/uploads\/2022\/12\/waive-news-logo.jpg 1100w, https:\/\/rockyourgoal.de\/wp-content\/uploads\/2022\/12\/waive-news-logo-300x202.jpg 300w, https:\/\/rockyourgoal.de\/wp-content\/uploads\/2022\/12\/waive-news-logo-1024x689.jpg 1024w, https:\/\/rockyourgoal.de\/wp-content\/uploads\/2022\/12\/waive-news-logo-768x517.jpg 768w, https:\/\/rockyourgoal.de\/wp-content\/uploads\/2022\/12\/waive-news-logo-18x12.jpg 18w, https:\/\/rockyourgoal.de\/wp-content\/uploads\/2022\/12\/waive-news-logo-850x572.jpg 850w\" sizes=\"auto, (max-width: 150px) 100vw, 150px\" \/><\/a><\/td><td>30 Tage lang auf Nachrichten verzichten<\/td><td>30<\/td><td>5<\/td><\/tr><\/tbody><\/table><\/figure>","protected":false},"excerpt":{"rendered":"<p>Emotionen sind das Salz in der Suppe unseres Lebens. Ganz egal ob Du liebst, hasst, traurig oder gl\u00fccklich bist, in Dir ruhst oder unruhig bist, Emotionen geben dem Leben W\u00fcrze. Ein Roboter wird niemals einen Menschen mit Emotionen ersetzen k\u00f6nnen. Dazu ist er einfach zu emotionslos. Klaus Seibold Emotions Challenges&hellip;<\/p>\n<p> <a class=\"more-link\" href=\"https:\/\/rockyourgoal.de\/fr\/timeless-challenge\/emotionen\/\">Lire la suite<\/a><\/p>","protected":false},"author":2,"featured_media":8295,"parent":5417,"menu_order":0,"comment_status":"open","ping_status":"closed","template":"","meta":{"pgc_sgb_lightbox_settings":"","_glsr_average":0,"_glsr_ranking":0,"_glsr_reviews":0,"footnotes":""},"class_list":["post-13005","page","type-page","status-publish","has-post-thumbnail"],"_links":{"self":[{"href":"https:\/\/rockyourgoal.de\/fr\/wp-json\/wp\/v2\/pages\/13005","targetHints":{"allow":["GET"]}}],"collection":[{"href":"https:\/\/rockyourgoal.de\/fr\/wp-json\/wp\/v2\/pages"}],"about":[{"href":"https:\/\/rockyourgoal.de\/fr\/wp-json\/wp\/v2\/types\/page"}],"author":[{"embeddable":true,"href":"https:\/\/rockyourgoal.de\/fr\/wp-json\/wp\/v2\/users\/2"}],"replies":[{"embeddable":true,"href":"https:\/\/rockyourgoal.de\/fr\/wp-json\/wp\/v2\/comments?post=13005"}],"version-history":[{"count":21,"href":"https:\/\/rockyourgoal.de\/fr\/wp-json\/wp\/v2\/pages\/13005\/revisions"}],"predecessor-version":[{"id":19236,"href":"https:\/\/rockyourgoal.de\/fr\/wp-json\/wp\/v2\/pages\/13005\/revisions\/19236"}],"up":[{"embeddable":true,"href":"https:\/\/rockyourgoal.de\/fr\/wp-json\/wp\/v2\/pages\/5417"}],"wp:featuredmedia":[{"embeddable":true,"href":"https:\/\/rockyourgoal.de\/fr\/wp-json\/wp\/v2\/media\/8295"}],"wp:attachment":[{"href":"https:\/\/rockyourgoal.de\/fr\/wp-json\/wp\/v2\/media?parent=13005"}],"curies":[{"name":"wp","href":"https:\/\/api.w.org\/{rel}","templated":true}]}}