{"id":6634,"date":"2023-04-24T07:00:00","date_gmt":"2023-04-24T05:00:00","guid":{"rendered":"https:\/\/rockyourgoal.de\/?page_id=6634"},"modified":"2025-01-15T15:58:40","modified_gmt":"2025-01-15T14:58:40","slug":"time-for-friends","status":"publish","type":"page","link":"https:\/\/rockyourgoal.de\/es\/timeless-challenge\/beziehungen\/time-for-friends\/","title":{"rendered":"Time for Friends &#8211; Qualit\u00e4tszeit mit Freunden"},"content":{"rendered":"<p>Kennst Du auch diese wunderbaren Abende mit Freunden an denen einfach alles stimmt? Eigentlich hat man sich kurzfristig getroffen und doch ist die Stimmung gel\u00f6st und locker. Es wird viel gelacht, geplant, erinnert und Neuigkeiten ausgetauscht. Es wird erz\u00e4hlt und zugeh\u00f6rt, Tipps und lockere Kommentare wechseln auf angenehme Art und Weise. <\/p>\n\n\n\n<p>Die andere Seite der Medaille ist unser durchgetaktetes Leben in dem wenig Zeit f\u00fcr Freunde bleibt. Das Streben nach Geld und die t\u00e4gliche Routine l\u00e4sst kaum Zeit \u00fcbrig f\u00fcr Freunde. <\/p>\n\n\n\n<p>Aus diesem Grund haben wir die Challenge &#8222;Time for Friends&#8220; initiiert. Es geht darum, sich aktiv um Freundschaft zu bem\u00fchen indem man die Initiative \u00fcbernimmt. <\/p>\n\n\n\n<p>Die M\u00f6glichkeiten sind hier vielf\u00e4ltig und es gibt kein &#8222;besser&#8220;. Jede aktive Initiative um mit Freunden Zeit zu verbringen ist es wert belohnt zu werden. <\/p>\n\n\n<div class=\"wp-block-image\">\n<figure class=\"aligncenter size-full is-resized\"><a href=\"https:\/\/rockyourgoal.de\/wp-content\/uploads\/2022\/04\/time-for-friends.jpg\"><img loading=\"lazy\" decoding=\"async\" width=\"960\" height=\"639\" src=\"https:\/\/rockyourgoal.de\/wp-content\/uploads\/2022\/04\/time-for-friends.jpg\" alt=\"\" class=\"wp-image-6637\" style=\"width:341px;height:227px\" srcset=\"https:\/\/rockyourgoal.de\/wp-content\/uploads\/2022\/04\/time-for-friends.jpg 960w, https:\/\/rockyourgoal.de\/wp-content\/uploads\/2022\/04\/time-for-friends-300x200.jpg 300w, https:\/\/rockyourgoal.de\/wp-content\/uploads\/2022\/04\/time-for-friends-768x511.jpg 768w, https:\/\/rockyourgoal.de\/wp-content\/uploads\/2022\/04\/time-for-friends-18x12.jpg 18w, https:\/\/rockyourgoal.de\/wp-content\/uploads\/2022\/04\/time-for-friends-850x566.jpg 850w\" sizes=\"auto, (max-width: 960px) 100vw, 960px\" \/><\/a><figcaption class=\"wp-element-caption\">Wenn Freundschaft das Wichtigste ist<\/figcaption><\/figure>\n<\/div>\n\n\n<h2 class=\"wp-block-heading\">Wie funktioniert die Challenge &#8222;Time for Friends&#8220;<\/h2>\n\n\n\n<p>Bei dieser Challenge geht es darum, dass Du Dich um Zeit mit Deinen Freunden bem\u00fchst. Du wirst sehen wie viel Du bekommst, wenn Du bereit bist ohne Vorbehalte zu geben. <\/p>\n\n\n\n<p>Freundschaft ist sehr vielseitig. Vielleicht bist Du ein Mensch der einen gro\u00dfen Freundeskreis hat, vielleicht bist Du jemand der nur wenige, aber sehr enge Freunde hat. Ganz egal, Du kannst etwas f\u00fcr Deine Freundschaft tun. <\/p>\n\n\n<div class=\"wp-block-image\">\n<figure class=\"aligncenter\"><a href=\"https:\/\/rockyourgoal.de\/es\/timeless-challenge\/#Anmeldung_und_Leistungsumfang\"><img loading=\"lazy\" decoding=\"async\" width=\"300\" height=\"145\" src=\"https:\/\/rockyourgoal.de\/wp-content\/uploads\/2022\/12\/image-1.png\" alt=\"\" class=\"wp-image-10083\" srcset=\"https:\/\/rockyourgoal.de\/wp-content\/uploads\/2022\/12\/image-1.png 300w, https:\/\/rockyourgoal.de\/wp-content\/uploads\/2022\/12\/image-1-18x9.png 18w\" sizes=\"auto, (max-width: 300px) 100vw, 300px\" \/><\/a><figcaption class=\"wp-element-caption\"><a href=\"https:\/\/rockyourgoal.de\/es\/timeless-challenge\/#Anmeldung_und_Leistungsumfang\">Die Time for Friends Challenge geh\u00f6rt ebenfalls zur Timeless Challenge. Mach mit!<\/a><\/figcaption><\/figure>\n<\/div>\n\n\n<p><strong><em>Folge uns und bleib informiert!<\/em><\/strong><\/p>\n\n\n\n<ul class=\"wp-block-list\">\n<li><strong>Instagram<\/strong>:&nbsp;<a rel=\"noreferrer noopener\" href=\"https:\/\/www.instagram.com\/timeless_challenge\" target=\"_blank\">@timeless_challenge<\/a><\/li>\n\n\n\n<li><strong>Facebook<\/strong>:&nbsp;<a rel=\"noreferrer noopener\" href=\"https:\/\/www.facebook.com\/rockyourgoal\" target=\"_blank\">Rockyourgoal<\/a><\/li>\n\n\n\n<li><strong>Twitter<\/strong>:&nbsp;<a rel=\"noreferrer noopener\" href=\"https:\/\/www.twitter.com\/goal_rock\" target=\"_blank\">@goal_rock<\/a><\/li>\n<\/ul>\n\n\n\n<p>Um diese Challenge einfach zu halten, m\u00f6chten wir Dich mit Life Score Punkte f\u00fcr jeden Anruf und jedes Treffen mit Freunden belohnen. Diese Zusatzmotivation soll dir helfen einfach mal zum H\u00f6rer zu greifen und eigentlich lieb gewonnene Menschen anzurufen von denen Du schon l\u00e4nger nichts mehr geh\u00f6rt hast. Oder Deine Freunde mit einem kurzfristigen Treffen zu \u00fcberraschen. Ganz egal, Hauptsache Du Zeigst Deinen Freunden, dass sie Dir wichtig sind. <\/p>\n\n\n\n<p>Probiere es mal einen Monat, oder sogar ein Jahr aus! Du wirst sehen wie sehr Du Freundschaften positiv ver\u00e4ndern kannst. Dabei sollte es Dir nicht um die Life-Score Punkte gehen sondern um die Freundschaft. Aber die Life-Score Punkte k\u00f6nnen als Ausl\u00f6ser verwendet werden. <\/p>\n\n\n\n<h2 class=\"wp-block-heading\">Life Score Punkte der &#8222;Time for Friends&#8220; Challenge<\/h2>\n\n\n<div class=\"wp-block-image\">\n<figure class=\"aligncenter size-medium\"><img loading=\"lazy\" decoding=\"async\" width=\"300\" height=\"300\" src=\"https:\/\/rockyourgoal.de\/wp-content\/uploads\/2022\/08\/LSP-Beziehungen-1-300x300.png\" alt=\"\" class=\"wp-image-8294\" srcset=\"https:\/\/rockyourgoal.de\/wp-content\/uploads\/2022\/08\/LSP-Beziehungen-1-300x300.png 300w, https:\/\/rockyourgoal.de\/wp-content\/uploads\/2022\/08\/LSP-Beziehungen-1-150x150.png 150w, https:\/\/rockyourgoal.de\/wp-content\/uploads\/2022\/08\/LSP-Beziehungen-1-768x769.png 768w, https:\/\/rockyourgoal.de\/wp-content\/uploads\/2022\/08\/LSP-Beziehungen-1-12x12.png 12w, https:\/\/rockyourgoal.de\/wp-content\/uploads\/2022\/08\/LSP-Beziehungen-1-850x851.png 850w, https:\/\/rockyourgoal.de\/wp-content\/uploads\/2022\/08\/LSP-Beziehungen-1.png 1000w\" sizes=\"auto, (max-width: 300px) 100vw, 300px\" \/><\/figure>\n<\/div>\n\n\n<figure class=\"wp-block-table\"><table><tbody><tr><td><strong>Logo<\/strong><\/td><td><strong>Name<\/strong><\/td><td><strong>Life-Score Punkte<\/strong><\/td><td><strong>Anmerkung<\/strong><\/td><\/tr><tr><td><img loading=\"lazy\" decoding=\"async\" width=\"150\" height=\"127\" class=\"wp-image-6661\" style=\"width: 150px;\" src=\"http:\/\/rockyourgoal.de\/wp-content\/uploads\/2022\/04\/time-for-friends-logo.png\" alt=\"\" srcset=\"https:\/\/rockyourgoal.de\/wp-content\/uploads\/2022\/04\/time-for-friends-logo.png 3502w, https:\/\/rockyourgoal.de\/wp-content\/uploads\/2022\/04\/time-for-friends-logo-300x254.png 300w, https:\/\/rockyourgoal.de\/wp-content\/uploads\/2022\/04\/time-for-friends-logo-1024x866.png 1024w, https:\/\/rockyourgoal.de\/wp-content\/uploads\/2022\/04\/time-for-friends-logo-768x650.png 768w, https:\/\/rockyourgoal.de\/wp-content\/uploads\/2022\/04\/time-for-friends-logo-1536x1299.png 1536w, https:\/\/rockyourgoal.de\/wp-content\/uploads\/2022\/04\/time-for-friends-logo-2048x1732.png 2048w, https:\/\/rockyourgoal.de\/wp-content\/uploads\/2022\/04\/time-for-friends-logo-14x12.png 14w, https:\/\/rockyourgoal.de\/wp-content\/uploads\/2022\/04\/time-for-friends-logo-850x719.png 850w\" sizes=\"auto, (max-width: 150px) 100vw, 150px\" \/><\/td><td>Time for Friends &#8211; Kontakt<\/td><td>1<\/td><td>Ruf mal wieder an!<\/td><\/tr><tr><td><img loading=\"lazy\" decoding=\"async\" width=\"150\" height=\"127\" class=\"wp-image-6661\" style=\"width: 150px;\" src=\"http:\/\/rockyourgoal.de\/wp-content\/uploads\/2022\/04\/time-for-friends-logo.png\" alt=\"\" srcset=\"https:\/\/rockyourgoal.de\/wp-content\/uploads\/2022\/04\/time-for-friends-logo.png 3502w, https:\/\/rockyourgoal.de\/wp-content\/uploads\/2022\/04\/time-for-friends-logo-300x254.png 300w, https:\/\/rockyourgoal.de\/wp-content\/uploads\/2022\/04\/time-for-friends-logo-1024x866.png 1024w, https:\/\/rockyourgoal.de\/wp-content\/uploads\/2022\/04\/time-for-friends-logo-768x650.png 768w, https:\/\/rockyourgoal.de\/wp-content\/uploads\/2022\/04\/time-for-friends-logo-1536x1299.png 1536w, https:\/\/rockyourgoal.de\/wp-content\/uploads\/2022\/04\/time-for-friends-logo-2048x1732.png 2048w, https:\/\/rockyourgoal.de\/wp-content\/uploads\/2022\/04\/time-for-friends-logo-14x12.png 14w, https:\/\/rockyourgoal.de\/wp-content\/uploads\/2022\/04\/time-for-friends-logo-850x719.png 850w\" sizes=\"auto, (max-width: 150px) 100vw, 150px\" \/><\/td><td>Time for Friends &#8211; Treffen<\/td><td>2<\/td><td>Verbring wertvolle Quality-Time mit Freunden<\/td><\/tr><\/tbody><\/table><\/figure>\n\n\n\n<h2 class=\"wp-block-heading\">So kannst Du bei der &#8222;Time for Friends&#8220; Challenge mitmachen<\/h2>\n\n\n\n<ul class=\"wp-block-list\">\n<li><a href=\"https:\/\/rockyourgoal.de\/es\/timeless-challenge\/#Anmeldung_und_Leistungsumfang\">Melde Dich bei der Timeless Challenge an!<\/a><\/li>\n\n\n\n<li><a href=\"https:\/\/rockyourgoal.de\/es\/wb-admin\/?action=register\">Registriere Dich (falls noch nicht geschehen) bei dieser Seite (klick auf diesen Satz)<\/a><\/li>\n\n\n\n<li>Ruf einen Menschen an von dem Du l\u00e4nger nichts geh\u00f6rt hast und verabrede Dich (1 LSP). Triff Dich mit ihm und verbringt eine gute Zeit (2 LSP\u00b4s)<\/li>\n\n\n\n<li>F\u00fcll bitte das untere Formular (mehrmals m\u00f6glich, aber nur sichtbar wenn Du registriert und angemeldet bist) aus. Wir schicken Dir die Murmel zu. Die Life Score Points werden Dir automatisch gutgeschrieben und im\u00a0<a href=\"https:\/\/rockyourgoal.de\/es\/timeless-challenge\/#Life_Museum\">Life Museum<\/a>\u00a0erg\u00e4nzt. Bitte schreibe Deine Lieferadresse in die \u201eNotes\u201c im Formular.<\/li>\n<\/ul>\n\n\n\n\n\n\n\n\n\n<h2 class=\"wp-block-heading\">Die &#8222;Time for Friends Challenge&#8220; auf Social Media<\/h2>\n\n\n\n<p>Wenn Du Bilder von euren Treffen teilen m\u00f6chtest, dann bietet sich Social Media an. Aber nat\u00fcrlich nur, wenn Du Lust hast. <\/p>\n\n\n\n<h3 class=\"wp-block-heading\">Die &#8222;Time for Friends Challenge&#8220; auf Facebook<\/h3>\n\n\n\n<p>Wir haben f\u00fcr Dich eine Facebook-Gruppe in der Kategorie &#8222;Beziehungen&#8220; erstellt. In dieser kannst Du Dich mit Anderen austauschen<\/p>\n\n\n\n<h3 class=\"wp-block-heading\">Hashtags<\/h3>\n\n\n\n<ul class=\"wp-block-list\">\n<li>#timelesschallenge<\/li>\n\n\n\n<li>#tctimeforfriends<\/li>\n\n\n\n<li>#timelesschallenger<\/li>\n<\/ul>","protected":false},"excerpt":{"rendered":"<p>Kennst Du auch diese wunderbaren Abende mit Freunden an denen einfach alles stimmt? Eigentlich hat man sich kurzfristig getroffen und doch ist die Stimmung gel\u00f6st und locker. Es wird viel gelacht, geplant, erinnert und Neuigkeiten ausgetauscht. Es wird erz\u00e4hlt und zugeh\u00f6rt, Tipps und lockere Kommentare wechseln auf angenehme Art und&hellip;<\/p>\n<p> <a class=\"more-link\" href=\"https:\/\/rockyourgoal.de\/es\/timeless-challenge\/beziehungen\/time-for-friends\/\">Leer m\u00e1s<\/a><\/p>","protected":false},"author":2,"featured_media":6661,"parent":12936,"menu_order":0,"comment_status":"open","ping_status":"closed","template":"","meta":{"pgc_sgb_lightbox_settings":"","_glsr_average":0,"_glsr_ranking":0,"_glsr_reviews":0,"footnotes":""},"class_list":["post-6634","page","type-page","status-publish","has-post-thumbnail"],"_links":{"self":[{"href":"https:\/\/rockyourgoal.de\/es\/wp-json\/wp\/v2\/pages\/6634","targetHints":{"allow":["GET"]}}],"collection":[{"href":"https:\/\/rockyourgoal.de\/es\/wp-json\/wp\/v2\/pages"}],"about":[{"href":"https:\/\/rockyourgoal.de\/es\/wp-json\/wp\/v2\/types\/page"}],"author":[{"embeddable":true,"href":"https:\/\/rockyourgoal.de\/es\/wp-json\/wp\/v2\/users\/2"}],"replies":[{"embeddable":true,"href":"https:\/\/rockyourgoal.de\/es\/wp-json\/wp\/v2\/comments?post=6634"}],"version-history":[{"count":19,"href":"https:\/\/rockyourgoal.de\/es\/wp-json\/wp\/v2\/pages\/6634\/revisions"}],"predecessor-version":[{"id":18396,"href":"https:\/\/rockyourgoal.de\/es\/wp-json\/wp\/v2\/pages\/6634\/revisions\/18396"}],"up":[{"embeddable":true,"href":"https:\/\/rockyourgoal.de\/es\/wp-json\/wp\/v2\/pages\/12936"}],"wp:featuredmedia":[{"embeddable":true,"href":"https:\/\/rockyourgoal.de\/es\/wp-json\/wp\/v2\/media\/6661"}],"wp:attachment":[{"href":"https:\/\/rockyourgoal.de\/es\/wp-json\/wp\/v2\/media?parent=6634"}],"curies":[{"name":"wp","href":"https:\/\/api.w.org\/{rel}","templated":true}]}}