{"id":6206,"date":"2022-11-10T07:00:00","date_gmt":"2022-11-10T06:00:00","guid":{"rendered":"https:\/\/rockyourgoal.de\/?page_id=6206"},"modified":"2025-02-10T14:27:13","modified_gmt":"2025-02-10T13:27:13","slug":"reusable-challenge","status":"publish","type":"page","link":"https:\/\/rockyourgoal.de\/es\/timeless-challenge\/umwelt\/reusable-challenge\/","title":{"rendered":"Reusable Challenge"},"content":{"rendered":"<p>Wenn Du m\u00f6glichst wenig Verpackungen einkaufst, dann landen weniger Verpackungen im M\u00fcll. Weniger M\u00fcll landet nat\u00fcrlich seltener in unseren Meeren und unserer Natur. Hinzu kommt, dass viel Energie und CO2 bei der Herstellung und dem Entsorgen dieser Verpackungen gespart wird. Willkommen zur Reusable Challenge!<\/p>\n\n\n\n<p>Wir sind naiv und wissen, dass abfallfrei zu werden ein Prozess ist, der langsam in Deinem Kopf und bei Deinen Gewohnheiten beginnt und Einzug in uns alle als Gesellschaft finden muss. Wenn wir uns daran gew\u00f6hnen verpackungsfrei einzukaufen, dann &#8222;gew\u00f6hnt&#8220; sich die Wirtschaft an verpackungsfreie Produkte, da es sie ansonsten Geld kostet. <\/p>\n\n\n\n<p>Alte Gewohnheiten m\u00fcssen durchbrochen werden, neue Gewohnheiten m\u00fcssen gebildet werden, der Verstand muss neu eingestellt werden, und es gibt viel zu lernen. Das gilt nat\u00fcrlich auch bei dem verpackungsfreien Einkauf. In der Natur ist das Thema &#8222;M\u00fcll&#8220; \u00fcbrigens gar keins. Wir Menschen sind die einzige Spezies die M\u00fcll produziert. Naja, zumindest M\u00fcll der nicht wieder in den nat\u00fcrlichen Kreislauf wandert, weil er nicht abbaubar ist.<\/p>\n\n\n<div class=\"wp-block-image\">\n<figure class=\"aligncenter size-full is-resized\"><a href=\"https:\/\/rockyourgoal.de\/wp-content\/uploads\/2022\/03\/reusable-challenge.jpg\"><img loading=\"lazy\" decoding=\"async\" width=\"960\" height=\"640\" src=\"https:\/\/rockyourgoal.de\/wp-content\/uploads\/2022\/03\/reusable-challenge.jpg\" alt=\"\" class=\"wp-image-6223\" style=\"width:458px;height:305px\" srcset=\"https:\/\/rockyourgoal.de\/wp-content\/uploads\/2022\/03\/reusable-challenge.jpg 960w, https:\/\/rockyourgoal.de\/wp-content\/uploads\/2022\/03\/reusable-challenge-300x200.jpg 300w, https:\/\/rockyourgoal.de\/wp-content\/uploads\/2022\/03\/reusable-challenge-768x512.jpg 768w, https:\/\/rockyourgoal.de\/wp-content\/uploads\/2022\/03\/reusable-challenge-850x567.jpg 850w\" sizes=\"auto, (max-width: 960px) 100vw, 960px\" \/><\/a><\/figure>\n<\/div>\n\n\n<p><\/p>\n\n\n\n<p>Es ist definitiv eine Herausforderung und Du musst Dich Deinem Ziel langsam n\u00e4hern. Aber genau hier soll Dir diese Challenge helfen! Du musst nicht nur den M\u00fcll seltener wegbringen, sondern bekommst (wenn Du diese Challenge konsequent annimmst) auch wertvolle Life-Score Punkte im Bereich &#8222;Umwelt&#8220; (blaue Murmel). <\/p>\n\n\n\n<blockquote class=\"wp-block-quote is-layout-flow wp-block-quote-is-layout-flow\"><div class=\"wp-block-image\">\n<figure class=\"aligncenter\"><a href=\"https:\/\/rockyourgoal.de\/es\/timeless-challenge\/#Anmeldung_und_Leistungsumfang\"><img loading=\"lazy\" decoding=\"async\" width=\"300\" height=\"145\" src=\"https:\/\/rockyourgoal.de\/wp-content\/uploads\/2022\/11\/image.png\" alt=\"\" class=\"wp-image-9693\" srcset=\"https:\/\/rockyourgoal.de\/wp-content\/uploads\/2022\/11\/image.png 300w, https:\/\/rockyourgoal.de\/wp-content\/uploads\/2022\/11\/image-18x9.png 18w\" sizes=\"auto, (max-width: 300px) 100vw, 300px\" \/><\/a><figcaption class=\"wp-element-caption\"><a href=\"https:\/\/rockyourgoal.de\/es\/timeless-challenge\/#Anmeldung_und_Leistungsumfang\">Die Reusable Challenge ist Teil der Timeless Challenge. Mach mit!<\/a><\/figcaption><\/figure>\n<\/div>\n\n\n<blockquote class=\"wp-block-quote is-layout-flow wp-block-quote-is-layout-flow\">\n<p><em>Ich glaube daran, dass jeder Mensch mit seinen Handlungen die Welt ver\u00e4ndern kann! Mach Dein Leben durch sinnvolle Aktionen (Challenges) zu etwas Besonderem und Dauerhaftem! Mach Dich unsterblich!<\/em><\/p>\n\n\n\n<p><em>Wir wollen&nbsp;<a rel=\"noreferrer noopener\" href=\"https:\/\/rockyourgoal.de\/es\/big5forlife\/trees4breeze\/\" target=\"_blank\">eine Million B\u00e4ume weltweit pflanzen<\/a>&nbsp;ohne um Spenden zu betteln!<\/em>Uwe Kauntz<\/p>\n<\/blockquote>\n\n\n\n<p><strong><em>Folge uns und bleib informiert!<\/em><\/strong><\/p>\n\n\n\n<ul class=\"wp-block-list\">\n<li><strong>Instagram<\/strong>:\u00a0<a href=\"https:\/\/www.instagram.com\/timeless_challenge\" target=\"_blank\" rel=\"noreferrer noopener\">@timeless_challenge<\/a><\/li>\n\n\n\n<li><strong>Facebook<\/strong>:\u00a0<a href=\"https:\/\/www.facebook.com\/rockyourgoal\" target=\"_blank\" rel=\"noreferrer noopener\">Rockyourgoal<\/a><\/li>\n\n\n\n<li><strong>Twitter<\/strong>:\u00a0<a href=\"https:\/\/www.twitter.com\/goal_rock\" target=\"_blank\" rel=\"noreferrer noopener\">@goal_rock<\/a><\/li>\n<\/ul>\n<\/blockquote>\n\n\n\n<h2 class=\"wp-block-heading\">Wie funktioniert die Reusable Challenge?<\/h2>\n\n\n\n<p>30 Tage lang nimmst Du Dir die Zeit, alte Einkaufsgewohnheiten abzulegen und neue zu entwickeln und langsam zu lernen, wie Du abfallfreier leben kannst. Es geht also nicht darum sofort ganz ohne Verpackungen auszukommen, sondern es geht darum, dass Du immer weniger Verpackungen einkaufst und Dir bewusst machst wo Du \u00fcberall M\u00fcll einsparen kannst. Das Ziel nach diesen 30 Tagen ist,  dass Du Dich sicher f\u00fchlst und in der Lage bist Abf\u00e4lle zu reduzieren und Dein Leben ohne (oder mit erheblich weniger) Abf\u00e4lle(n) zu f\u00fchren.<\/p>\n\n\n\n<p>Und es geht nicht darum, perfekt zu sein sondern darum, das Beste zu tun, was Du unter den gegebenen Umst\u00e4nden tun kannst. Es geht nicht um Strafen f\u00fcr Misserfolge! Wir sind hier, um die Erfolge zu feiern, auch mit Life-Score Punkten! Du schaffst das!<\/p>\n\n\n\n<p>Und wir geben Dir ein paar Anregungen die Du direkt in Deinem Alltag umsetzen kannst. Auch wenn Du nicht alle umsetzen kannst\/willst, wirst Du trotzdem Fortschritte machen und Abfall einsparen. <\/p>\n\n\n\n<p>Du musst ehrlich zu Dir selbst sein, denn nur DU entscheidest ob Du Dich in Deinem Konsumverhalten verbessert hast. Wenn Du der Meinung bist, dass Du das hast, dann hast Du auch <em>Life-Score Punkte<\/em> verdient. <\/p>\n\n\n\n<h2 class=\"wp-block-heading\">Life-Score Punkte f\u00fcr die Reusable Challenge<\/h2>\n\n\n\n<p>Du bekommst f\u00fcr jeden Monat in dem Du immer besser darin wirst Verpackungen einzusparen <strong>20 Life-Score Punkte! <\/strong>Das gilt aber auch f\u00fcr die Zeit danach, wenn Du Deine Gewohnheiten weiterhin pflegst und nach wie vor darauf achtest M\u00fcll einzusparen.<\/p>\n\n\n<div class=\"wp-block-image\">\n<figure class=\"aligncenter size-full is-resized\"><img loading=\"lazy\" decoding=\"async\" width=\"1000\" height=\"1001\" src=\"http:\/\/rockyourgoal.de\/wp-content\/uploads\/2022\/08\/LSP-Unser_Planet.png\" alt=\"\" class=\"wp-image-8298\" style=\"width:173px;height:172px\" srcset=\"https:\/\/rockyourgoal.de\/wp-content\/uploads\/2022\/08\/LSP-Unser_Planet.png 1000w, https:\/\/rockyourgoal.de\/wp-content\/uploads\/2022\/08\/LSP-Unser_Planet-300x300.png 300w, https:\/\/rockyourgoal.de\/wp-content\/uploads\/2022\/08\/LSP-Unser_Planet-150x150.png 150w, https:\/\/rockyourgoal.de\/wp-content\/uploads\/2022\/08\/LSP-Unser_Planet-768x769.png 768w, https:\/\/rockyourgoal.de\/wp-content\/uploads\/2022\/08\/LSP-Unser_Planet-12x12.png 12w, https:\/\/rockyourgoal.de\/wp-content\/uploads\/2022\/08\/LSP-Unser_Planet-850x851.png 850w\" sizes=\"auto, (max-width: 1000px) 100vw, 1000px\" \/><figcaption class=\"wp-element-caption\">Life-Score Punkte (und Murmeln) in &#8222;blau&#8220; f\u00fcr die Reusable Challenge<\/figcaption><\/figure>\n<\/div>\n\n\n<h3 class=\"wp-block-heading\">Murmel f\u00fcr die Reusable Challenge<\/h3>\n\n\n\n<p>F\u00fcr die Reusable Challenge kannst Du die wundersch\u00f6ne(n) Murmel(n) in blau bekommen. Diese haben die folgende Gr\u00f6\u00dfe:<\/p>\n\n\n\n<ul class=\"wp-block-list\">\n<li>50 Life-Score Punkte &#8211; Eine blaue Murmel mit einem Durchmesser von 20mm<\/li>\n<\/ul>\n\n\n\n<p>F\u00fcll bitte das unten stehende Formular aus und schreib den Betrag f\u00fcr die Murmeln(n) in das Freitext-Feld &#8222;Wie viel war Dir die Challenge wert?&#8220;. <\/p>\n\n\n\n<h2 class=\"wp-block-heading\">Wie kannst Du mitmachen?<\/h2>\n\n\n\n<ul class=\"wp-block-list\">\n<li><a href=\"https:\/\/rockyourgoal.de\/es\/timeless-challenge\/#Anmeldung_und_Leistungsumfang\">Melde Dich bei der Timeless Challenge an!<\/a><\/li>\n\n\n\n<li><a href=\"https:\/\/rockyourgoal.de\/es\/wb-admin\/?action=register\">Registriere Dich (falls noch nicht geschehen) bei dieser Seite (klick auf diesen Satz)<\/a><\/li>\n\n\n\n<li>Die Regel ist sehr einfach! \u00c4ndere Dein Einkaufsverhalten f\u00fcr mindestens 30 Tage. <\/li>\n\n\n\n<li>Wenn Du die Challenge erf\u00fcllt hast, dann f\u00fcll bitte das untere Formular (nur sichtbar wenn Du registriert und angemeldet bist) aus. Wir schicken Dir die Murmel zu. Die Life Score Points werden Dir automatisch gutgeschrieben und im\u00a0<a href=\"https:\/\/rockyourgoal.de\/es\/timeless-challenge\/#Life_Museum\">Life Museum<\/a>\u00a0erg\u00e4nzt. Bitte schreibe Deine Lieferadresse in die \u201eNotes\u201c im Formular.<\/li>\n<\/ul>\n\n\n\n\n\n\n<h2 class=\"wp-block-heading\">Wie kannst Du Abfall sparen?<\/h2>\n\n\n\n<p>Wir haben Dir hier einen kleinen Vorschlag erstellt wie Du anfangen kannst Abfall zu sparen. Es sind nur Vorschl\u00e4ge, aber ihre Umsetzung machen einen Unterschied!<\/p>\n\n\n\n<h3 class=\"wp-block-heading\">Keine Einweg-Plastikt\u00fcten, Wasserflaschen oder Kaffeebecher<\/h3>\n\n\n\n<p>Nimm in dieser Woche und den Wochen danach wiederverwendbare Taschen mit, wenn Du Einkaufen gehst. Verbann Einweg-Einkaufstaschen konsequent aus Deinem Leben. Hast Du sie trotzdem vergessen? Dann trag Deine Eink\u00e4ufe einfach in den Armen, wenn die Menge klein genug ist.<\/p>\n\n\n\n<p>Was auch immer Du tust, lehn \u00fcberall, wo Du hingehst Plastikt\u00fcten ab. Mach es Dir zur Gewohnheit, immer eine wiederverwendbare Einkaufstasche in der Handtasche und\/oder im Auto bereitzuhalten.<\/p>\n\n\n\n<p>Dies ist der einfachste Schritt zur Abfallvermeidung, ein Kinderspiel, das Du vielleicht schon beherrscht. <\/p>\n\n\n\n<p>Nimm jeden Tag eine wiederverwendbare Wasserflasche und einen Kaffeebecher mit, damit Du unterwegs immer gen\u00fcgend Fl\u00fcssigkeit und Koffein zu Dir nehmen kannst, ohne auf Einwegbecher angewiesen zu sein. <\/p>\n\n\n\n<p>Kein Wasser mehr aus Einweg-Plastikflaschen und kein Kaffee mehr aus Wegwerf-Kaffeebechern!<\/p>\n\n\n\n<h3 class=\"wp-block-heading\">Keine Einwegstrohhalme<\/h3>\n\n\n\n<p>Ab jetzt gibt es keine Einwegstrohhalme mehr!<\/p>\n\n\n\n<p>Das ist manchmal schwieriger, als es klingt. Es ist tats\u00e4chlich schwer, sich diese Angewohnheit abzugew\u00f6hnen, vor allem, weil die Kellner automatisch einen Strohhalm in Dein Getr\u00e4nk stecken und Du schnell eine Sekunde lang daran nippst, bevor Du es merkst.<\/p>\n\n\n\n<p>Du musst Dir angew\u00f6hnen, dem Servicepersonal (vor allem in Fastfoodketten) von vornherein zu sagen, dass Du keinen Strohhalm willst, sonst bekommst Du einen. Zum Gl\u00fcck stellen die g\u00e4ngigen Fastfoodketten sowieso gerade um und Du bekommst nicht automatisch einen Strohhalm zu Deinem Essen. <\/p>\n\n\n\n<h3 class=\"wp-block-heading\">Plastikfreier Lebensmitteleinkauf<\/h3>\n\n\n\n<p>Es ist an der Zeit, keine (oder viel weniger) in Plastik verpackte Lebensmittel mehr zu kaufen und Deine K\u00fcchenschr\u00e4nke und Deinen K\u00fchlschrank mit Lebensmitteln zu f\u00fcllen, die m\u00f6glichst frei von Plastikverpackungen sind. Ok das h\u00f6rt sich hart an, ist es auch! Aber auch hier z\u00e4hlt der Prozess. Du beginnst z.B. bewusst nur noch Gem\u00fcse zu kaufen das nicht in Plastik verpackt ist, dann Obst, dann Fleisch und so geht das immer weiter. <\/p>\n\n\n\n<p>Vermeide bei Deinem Einkauf so weit wie m\u00f6glich alles, was in Plastik verpackt ist, und kaufe Lebensmittel so oft wie m\u00f6glich in Deinen eigenen Beh\u00e4ltern.<\/p>\n\n\n\n<p>Mach es Dir zur Gewohnheit, Produkte in Glas- statt in Plastikverpackungen zu kaufen (wir w\u00e4hlen auch immer Produkte in gro\u00dfen Glasbeh\u00e4ltern, da diese f\u00fcr Gro\u00dfeink\u00e4ufe und die Aufbewahrung von Lebensmitteln oder Reinigungsmitteln wie Waschpulver wiederverwendet werden kann), und finde heraus, wo Du in Deiner Umgebung in gro\u00dfen Mengen und abfallfrei einkaufen kannst.<\/p>\n\n\n\n<p>Geh lieber auf M\u00e4rkte, in kleine Feinkostl\u00e4den und B\u00e4ckereien, in den \u00f6rtlichen Gro\u00dfhandel oder in eine Genossenschaft als in gro\u00dfe Superm\u00e4rkte, denn dort ist es viel einfacher, verpackungsfreie Lebensmittel zu bekommen, und es ist viel wahrscheinlicher, dass Du Deine eigenen Beh\u00e4lter mitbringen kannst. <\/p>\n\n\n\n<p>Das wird dauern, aber Du wirst herausfinden was Du Dir leisten kannst und wo Du die unverpackten Produkte bekommst. <\/p>\n\n\n\n<h3 class=\"wp-block-heading\">Kompostiere!<\/h3>\n\n\n\n<p>Haben wir Dich jetzt erschreckt? Du hast keinen Garten und nur einen Balkon? Dort sollst Du jetzt einen Kompost aufstellen? Nein, nat\u00fcrlich nicht!<\/p>\n\n\n\n<p>Hier geht es eigentlich um die M\u00fclltrennung. Lebensmittelabf\u00e4lle k\u00f6nnen mittlerweile fast \u00fcberall in Deutschland entweder in einer Biotonne entsorgt werden oder bei speziellen Stellen entsorgt werden. Dort werden sie dann kompostiert. <\/p>\n\n\n\n<p>Hier geht es aber nicht nur um die Lebensmittelabf\u00e4lle sondern um das Trennen von Papier, Plastik, Lebensmittelabf\u00e4llen und weiteren Wertstoffen. Der Sinn liegt darin, dass gewisse Stoffe wiederverwendet werden k\u00f6nnen. <\/p>\n\n\n\n<h3 class=\"wp-block-heading\">Eine Mahlzeit zum Mitnehmen ohne Abfall<\/h3>\n\n\n\n<p><br>Beim Essen zum Mitnehmen, egal wo Du dieses kaufst, entsteht in der Regel eine Menge Abfall. Deshalb ist es im Allgemeinen besser, zu Hause zu kochen oder in einem Restaurant zu essen, um den Berg von Einwegmaterial zu vermeiden, der mit einer Bestellung zum Mitnehmen einhergeht. Aber das ist nat\u00fcrlich (vor allem beim Essen im Restaurant) eine Frage des Geldes. <\/p>\n\n\n\n<p>Aber manchmal muss oder will man sein Essen mitnehmen und da  ist es gut zu wissen, wie man Abfall einsparen kann. <\/p>\n\n\n\n<p>Eine Lieferung ist keine Option; Du musst das Essen selbst holen, denn nur so kannst Du Deinen eigenen Beh\u00e4lter mitnehmen. <\/p>\n\n\n\n<p>Um erfolgreich zu sein, solltest Du darauf achten, dass Dein Beh\u00e4lter die richtige Gr\u00f6\u00dfe hat und passend zu der Speise ist. Ruf vorher an und frag ob es ok ist, Deinen eigenen Beh\u00e4lter mitzubringen. <\/p>\n\n\n\n<h3 class=\"wp-block-heading\">Ver\u00e4nderungen im Badezimmer<\/h3>\n\n\n\n<p>Jetzt ist das Badezimmer dran! Auch hier kannst Du Verpackungen und M\u00fcll sparen, auch wenn es hier etwas mehr Recherche und Einsatz braucht. <\/p>\n\n\n\n<p>Wenn Dir ein Kosmetikprodukt ausgeht und ein Ersatz in einer Plastikverpackung geliefert w\u00fcrde, ersetz es durch eine umweltfreundliche Alternative. Es gibt z.B. wiederverwendbare oder kompostierbare Verpackungen. Wie gesagt, sicher nicht bei jedem Produkt, aber je gr\u00f6\u00dfer die Nachfrage wird, desto eher wird es zuk\u00fcnftig ein entsprechendes Angebot geben. <\/p>\n\n\n\n<p>Deos in einer Spraydose k\u00f6nnen durch eine Deo-Paste ersetzt werden, Zahnb\u00fcrsten gibt es auch aus Holz, Rasierapparate aus Plastik durch Rasierklingen aus Stahl ersetzen etc. <\/p>\n\n\n\n<p>Diese Entr\u00fcmpelung des Badezimmers kann einige Zeit in Anspruch nehmen, aber es lohnt sich. <\/p>\n\n\n\n<h3 class=\"wp-block-heading\">Reinigen auf nat\u00fcrliche Weise<\/h3>\n\n\n\n<p>Wie bei Deiner Kosmetik solltest Du auch bei Deiner Reinigungsroutine nach nachhaltigeren, verpackungsfreien Alternativen suchen, sobald die Produkte, die Du bisher verwendet hast, aufgebraucht sind.<\/p>\n\n\n\n<p>Auch hier gilt: Vermeide vor allem den Kauf von Produkten in Plastikverpackungen, und kaufe (soweit m\u00f6glich) in eigenen Beh\u00e4ltern, z. B. Waschpulver in einem Glasgef\u00e4\u00df oder in der Schachtel, in der Dein fr\u00fcheres Waschpulver geliefert wurde, und Mehrzweckreinigungsmittel in einer wiederverwendbaren Spr\u00fchflasche.<\/p>\n\n\n\n<h3 class=\"wp-block-heading\">Genie\u00dfe ein abfallfreies Wochenende<\/h3>\n\n\n\n<p>Ein abfallfreies Leben erfordert mehr Aufwand, wenn man unterwegs ist! Auf Reisen bist Du weit weg von den Gro\u00dfm\u00e4rkten und den freundlichen \u00f6rtlichen H\u00e4ndlern, die Du in den letzten Wochen kennen und lieben gelernt hast.<\/p>\n\n\n\n<p>Au\u00dferdem ist man im Urlaub viel entspannter, und es ist viel einfacher, all die guten Routinen, die man sich aufgebaut hat, auf der Strecke zu lassen.<\/p>\n\n\n\n<p>Du m\u00fcsst aber nichts anders machen, Du musst nur alles umsetzen, was Du bisher in jeder Herausforderung gelernt und erreicht hast.<\/p>\n\n\n\n<p>Schon klar, das ist gerade im Ausland nicht ganz einfach, aber tu einfach Dein Bestes und tu es bewusst. Da ist schon viel gewonnen.<\/p>\n\n\n\n<h2 class=\"wp-block-heading\">Wie kannst Du bei der Reusable Challenge mitmachen?<\/h2>\n\n\n\n<p>Lies unsere Tipps und fang an umzusetzen. Nach jedem Monat in dem Du Fortschritte gemacht hast, schreib uns und erz\u00e4hl. Du bekommst von uns dann die Life-Score Pukte \u00fcbersandt. <\/p>\n\n\n\n<h2 class=\"wp-block-heading\">Die Reusable Challenge in Social Media<\/h2>\n\n\n\n<p>Ok hier lohnt es sich so richtig, wenn man sich in Social Media austauscht. Man lernt neue Ideen und inspiriert mehr Menschen mitzumachen. So wirkt diese Challenge am Besten. <\/p>\n\n\n\n<h3 class=\"wp-block-heading\">Die Reusable Challenge in Facebook<\/h3>\n\n\n\n<p>Wir laden Dich herzlich zum zwanglosen Austausch \u00fcber diese Challenge in unsere Gruppe &#8222;<em>Unser Planet<\/em>&#8220; in Facebook ein.<\/p>\n\n\n\n<h3 class=\"wp-block-heading\"># Unsere Hashtags<\/h3>\n\n\n\n<p>#timelesschallenge (zeig, dass Du die Idee gut findest)<br>#tcreusablechallenge<\/p>\n\n\n\n<h2 class=\"wp-block-heading\">R\u00fcckmeldung unserer Teilnehmer &#8211; Vielen Dank!<\/h2>\n\n\n\n<blockquote class=\"wp-block-quote is-layout-flow wp-block-quote-is-layout-flow\">\n<p>Zu Beginn habe ich darauf geachtet, keine T\u00fcten mehr zu kaufen. Hatte ich keine dabei, musste ich balancieren. Eine Ausnahme gab es nicht. Dies hat sich erweitert. Kein Duschgel mehr mit Mikroplastik und nur in recycelten Verpackungen. Seife wieder als St\u00fccke, anstatt als Fl\u00fcssigseife in Plastik. Zahnb\u00fcrsten aus Bambus. So entwickelt es sich immer weiter und ich achte mit meinem Partner darauf, auch immer neu dar\u00fcber nachzudenken.&nbsp;Aber nicht immer lohnt sich alles. Bsp. lohnt sich der Aufwand, 15 km weiter zu fahren, um Reis im unverpackt Laden zu kaufen? Hier versuchen wir das gesunde Mittel zu finden, so dass wir mit gutem Gewissen in den Spiegel schauen k\u00f6nnen. <em>J\u00f6rg, Februar 2025<\/em><\/p>\n<\/blockquote>","protected":false},"excerpt":{"rendered":"<p>Wenn Du m\u00f6glichst wenig Verpackungen einkaufst, dann landen weniger Verpackungen im M\u00fcll. Weniger M\u00fcll landet nat\u00fcrlich seltener in unseren Meeren und unserer Natur. Hinzu kommt, dass viel Energie und CO2 bei der Herstellung und dem Entsorgen dieser Verpackungen gespart wird. Willkommen zur Reusable Challenge! Wir sind naiv und wissen, dass&hellip;<\/p>\n<p> <a class=\"more-link\" href=\"https:\/\/rockyourgoal.de\/es\/timeless-challenge\/umwelt\/reusable-challenge\/\">Leer m\u00e1s<\/a><\/p>","protected":false},"author":2,"featured_media":8584,"parent":12595,"menu_order":0,"comment_status":"open","ping_status":"closed","template":"","meta":{"pgc_sgb_lightbox_settings":"","_glsr_average":0,"_glsr_ranking":0,"_glsr_reviews":0,"footnotes":""},"class_list":["post-6206","page","type-page","status-publish","has-post-thumbnail"],"_links":{"self":[{"href":"https:\/\/rockyourgoal.de\/es\/wp-json\/wp\/v2\/pages\/6206","targetHints":{"allow":["GET"]}}],"collection":[{"href":"https:\/\/rockyourgoal.de\/es\/wp-json\/wp\/v2\/pages"}],"about":[{"href":"https:\/\/rockyourgoal.de\/es\/wp-json\/wp\/v2\/types\/page"}],"author":[{"embeddable":true,"href":"https:\/\/rockyourgoal.de\/es\/wp-json\/wp\/v2\/users\/2"}],"replies":[{"embeddable":true,"href":"https:\/\/rockyourgoal.de\/es\/wp-json\/wp\/v2\/comments?post=6206"}],"version-history":[{"count":39,"href":"https:\/\/rockyourgoal.de\/es\/wp-json\/wp\/v2\/pages\/6206\/revisions"}],"predecessor-version":[{"id":18758,"href":"https:\/\/rockyourgoal.de\/es\/wp-json\/wp\/v2\/pages\/6206\/revisions\/18758"}],"up":[{"embeddable":true,"href":"https:\/\/rockyourgoal.de\/es\/wp-json\/wp\/v2\/pages\/12595"}],"wp:featuredmedia":[{"embeddable":true,"href":"https:\/\/rockyourgoal.de\/es\/wp-json\/wp\/v2\/media\/8584"}],"wp:attachment":[{"href":"https:\/\/rockyourgoal.de\/es\/wp-json\/wp\/v2\/media?parent=6206"}],"curies":[{"name":"wp","href":"https:\/\/api.w.org\/{rel}","templated":true}]}}