{"id":7210,"date":"2023-09-04T07:00:00","date_gmt":"2023-09-04T05:00:00","guid":{"rendered":"https:\/\/rockyourgoal.de\/?page_id=7210"},"modified":"2025-04-01T15:42:38","modified_gmt":"2025-04-01T13:42:38","slug":"weekly-savings","status":"publish","type":"page","link":"https:\/\/rockyourgoal.de\/en\/timeless-challenge\/persoenlichkeit\/weekly-savings\/","title":{"rendered":"Weekly Savings - Saving on a weekly basis"},"content":{"rendered":"<p>Hast Du Lust auf eine kleine Spar-Challenge die echt Spa\u00df macht? Dann mach mit bei &#8222;Weekly Savings&#8220;. Es geht darum, kleine Zeitr\u00e4ume (in diesem Fall eine Woche) zum konsequenten Sparen zu nutzen, aber gleichzeitig das &#8222;Gro\u00dfe Ganze&#8220; im Blick zu behalten. <\/p>\n\n\n\n<p>The Weekly Savings Challenge is about learning the impact of regular savings over a small, manageable period of time. But it's also about learning to plan your finances realistically. <\/p>\n\n\n\n<p>Your first goal in this challenge should be to reach your weekly savings goal. The more weeks you do this challenge, the bigger the amount you will save and maybe you will be able to fulfill a dream or lay the foundation for your financial freedom. However, there will be weeks in which you will not be able to reach the weekly savings amount. This can be, for example, the time of your vacation. But you can plan for that. So it's about perseverance, financial planning and consistency, and it's about having fun. <\/p>\n\n\n<div class=\"wp-block-image\">\n<figure class=\"aligncenter size-full is-resized\"><a href=\"https:\/\/rockyourgoal.de\/wp-content\/uploads\/2022\/05\/weekly-savings-challenge.jpg\"><img loading=\"lazy\" decoding=\"async\" width=\"768\" height=\"512\" src=\"https:\/\/rockyourgoal.de\/wp-content\/uploads\/2022\/05\/weekly-savings-challenge.jpg\" alt=\"\" class=\"wp-image-7213\" style=\"width:356px;height:237px\" srcset=\"https:\/\/rockyourgoal.de\/wp-content\/uploads\/2022\/05\/weekly-savings-challenge.jpg 768w, https:\/\/rockyourgoal.de\/wp-content\/uploads\/2022\/05\/weekly-savings-challenge-300x200.jpg 300w, https:\/\/rockyourgoal.de\/wp-content\/uploads\/2022\/05\/weekly-savings-challenge-18x12.jpg 18w\" sizes=\"auto, (max-width: 768px) 100vw, 768px\" \/><\/a><\/figure>\n<\/div>\n\n\n<h2 class=\"wp-block-heading\">How does the Weekly Savings Challenge work?<\/h2>\n\n\n\n<ol class=\"wp-block-list\">\n<li>You would like to save some money every week. The amount should not be huge, but you know that the savings will accumulate and earn interest. But you also know that there will be weeks (e.g.: vacations, weeks with foreseeable special expenses, etc.) when it is unrealistic to save. So take a weekly calendar and mark in red all the weeks when you can't save. You can do this for a month in advance, but also for a quarter or even half a year. The point is to learn to be realistic about when you can save and to set realistic goals. <\/li>\n\n\n\n<li><strong><em>Weekly Savings Challenge<\/em><\/strong>: The Weekly Savings Challenge starts on a Monday and you need a piggy bank for it. On Monday you put one euro in the piggy bank, on Tuesday two, Wednesday three etc. until the week is over. At the end of the week there are 28,- EUR in your piggy bank. Now your consistency is required. The amounts are not very high, but you must learn that saving has top priority for you. <\/li>\n<\/ol>\n\n\n\n<p>This challenge is also a part of the Timeless Challenge!<\/p>\n\n\n<div class=\"wp-block-image\">\n<figure class=\"aligncenter\"><a href=\"https:\/\/rockyourgoal.de\/en\/timeless-challenge\/#Anmeldung_und_Leistungsumfang\"><img loading=\"lazy\" decoding=\"async\" width=\"300\" height=\"145\" src=\"https:\/\/rockyourgoal.de\/wp-content\/uploads\/2022\/11\/image.png\" alt=\"\" class=\"wp-image-9693\" srcset=\"https:\/\/rockyourgoal.de\/wp-content\/uploads\/2022\/11\/image.png 300w, https:\/\/rockyourgoal.de\/wp-content\/uploads\/2022\/11\/image-18x9.png 18w\" sizes=\"auto, (max-width: 300px) 100vw, 300px\" \/><\/a><figcaption class=\"wp-element-caption\"><a href=\"https:\/\/rockyourgoal.de\/en\/timeless-challenge\/#Anmeldung_und_Leistungsumfang\">Die &#8222;Weekly Savings&#8220; Challenge ist Teil der Timeless Challenge. Mach mit!<\/a><\/figcaption><\/figure>\n<\/div>\n\n\n<blockquote class=\"wp-block-quote is-layout-flow wp-block-quote-is-layout-flow\">\n<p><em>I believe that every person can change the world with their actions! Make your life through meaningful actions (challenges) to something special and lasting! Make yourself immortal!<\/em><\/p>\n\n\n\n<p><em>We want&nbsp;<a rel=\"noreferrer noopener\" href=\"https:\/\/rockyourgoal.de\/en\/big5forlife\/trees4breeze\/\" target=\"_blank\">to plant one million trees worldwide<\/a>&nbsp;without begging for donations!<\/em><\/p>\n\n\n\n<p>Uwe Kauntz<\/p>\n<\/blockquote>\n\n\n\n<p><strong><em>Stay informed!<\/em><\/strong><\/p>\n\n\n\n<ul class=\"wp-block-list\">\n<li><strong>Instagram<\/strong>:&nbsp;<a rel=\"noreferrer noopener\" href=\"https:\/\/www.instagram.com\/timeless_challenge\" target=\"_blank\">@timeless_challenge<\/a><\/li>\n\n\n\n<li><strong>Facebook<\/strong>:&nbsp;<a rel=\"noreferrer noopener\" href=\"https:\/\/www.facebook.com\/rockyourgoal\" target=\"_blank\">Rockyourgoal<\/a><\/li>\n\n\n\n<li><strong>Twitter<\/strong>:&nbsp;<a rel=\"noreferrer noopener\" href=\"https:\/\/www.twitter.com\/goal_rock\" target=\"_blank\">@goal_rock<\/a><\/li>\n<\/ul>\n\n\n\n<figure class=\"wp-block-table\"><table><tbody><tr><td><strong>Wochentag<\/strong><\/td><td><strong>Sparbetrag<\/strong><\/td><\/tr><tr><td>Montag<\/td><td>1,- EUR<\/td><\/tr><tr><td>Dienstag<\/td><td>2,- EUR<\/td><\/tr><tr><td>Mittwoch<\/td><td>3,- EUR<\/td><\/tr><tr><td>Donnerstag<\/td><td>4,- EUR<\/td><\/tr><tr><td>Freitag<\/td><td>5,- EUR<\/td><\/tr><tr><td>Samstag<\/td><td>6,- EUR<\/td><\/tr><tr><td>Sonntag<\/td><td>7,- EUR<\/td><\/tr><\/tbody><\/table><\/figure>\n\n\n\n<p>If you saved 28 euros every week for a whole year, you would have 1,456 euros in your piggy bank at the end of the year. A really respectable amount, don't you think?<\/p>\n\n\n\n<p>You can now invest this amount, build up a small emergency reserve or fulfill a dream. And you earn Life Score points every week you complete the challenge. <\/p>\n\n\n\n<h2 class=\"wp-block-heading\">Life-Score Punkte for the Weekly Savings Challenge<\/h2>\n\n\n<div class=\"wp-block-image\">\n<figure class=\"aligncenter size-medium\"><img loading=\"lazy\" decoding=\"async\" width=\"300\" height=\"300\" src=\"https:\/\/rockyourgoal.de\/wp-content\/uploads\/2022\/08\/LSP-Persoenlichkeit-300x300.png\" alt=\"\" class=\"wp-image-8297\" srcset=\"https:\/\/rockyourgoal.de\/wp-content\/uploads\/2022\/08\/LSP-Persoenlichkeit-300x300.png 300w, https:\/\/rockyourgoal.de\/wp-content\/uploads\/2022\/08\/LSP-Persoenlichkeit-150x150.png 150w, https:\/\/rockyourgoal.de\/wp-content\/uploads\/2022\/08\/LSP-Persoenlichkeit-768x769.png 768w, https:\/\/rockyourgoal.de\/wp-content\/uploads\/2022\/08\/LSP-Persoenlichkeit-12x12.png 12w, https:\/\/rockyourgoal.de\/wp-content\/uploads\/2022\/08\/LSP-Persoenlichkeit-850x851.png 850w, https:\/\/rockyourgoal.de\/wp-content\/uploads\/2022\/08\/LSP-Persoenlichkeit.png 1000w\" sizes=\"auto, (max-width: 300px) 100vw, 300px\" \/><\/figure>\n<\/div>\n\n\n<p>For a successful savings week you earn <strong>2 Life-Score<\/strong> Points. See how many weeks you can save in a year and write us the result. We will send you the Life Score points. <\/p>\n\n\n\n<h3 class=\"wp-block-heading\">MURMEL F\u00dcR DIE Weekly Savings CHALLENGE<\/h3>\n\n\n\n<p>F\u00fcr die &#8222;Weekly Savings&#8220; Challenge kannst Du (einmalig) die wundersch\u00f6ne Murmel in gelb bekommen. <\/p>\n\n\n\n<h2 class=\"wp-block-heading\">HOW CAN YOU PARTICIPATE?<\/h2>\n\n\n\n<ul class=\"wp-block-list\">\n<li><a href=\"https:\/\/rockyourgoal.de\/en\/timeless-challenge\/#Anmeldung_und_Leistungsumfang\">Melde Dich bei der Timeless Challenge an!<\/a><\/li>\n\n\n\n<li><a href=\"https:\/\/rockyourgoal.de\/en\/wb-admin\/?action=register\">Registriere Dich (falls noch nicht geschehen) bei dieser Seite (klick auf diesen Satz)<\/a><\/li>\n\n\n\n<li>Spare eine Woche wie oben dargestellt<\/li>\n\n\n\n<li>Wenn Du es geschafft hast, dann f\u00fcll bitte das untere Formular (nur sichtbar wenn Du registriert und angemeldet bist) aus. Wir schicken Dir die Murmel zu. Die Life Score Points werden Dir automatisch gutgeschrieben und im&nbsp;<a href=\"https:\/\/rockyourgoal.de\/en\/timeless-challenge\/#Life_Museum\">Life Museum<\/a>&nbsp;erg\u00e4nzt. Bitte schreibe Deine Lieferadresse in die \u201eNotes\u201c im Formular.<\/li>\n<\/ul>\n\n\n\n\n\n\n<h2 class=\"wp-block-heading\">The Weekly Savings Challenge in Social Media<\/h2>\n\n\n\n<p>If this challenge has helped you, or if you have any suggestions, questions or even tips, please feel free to use our social media channels <\/p>\n\n\n\n<h3 class=\"wp-block-heading\">The Weekly Savings Challenge on Facebook<\/h3>\n\n\n\n<p>Du bist herzlich eingeladen zum Austausch in unserer Facebook Gruppe &#8222;Pers\u00f6nlichkeit&#8220;<\/p>\n\n\n\n<h3 class=\"wp-block-heading\">Hashtags<\/h3>\n\n\n\n<ul class=\"wp-block-list\">\n<li>#timelesschallenge<\/li>\n\n\n\n<li>#tcweeklysavings<\/li>\n\n\n\n<li>#timelesschallenger<\/li>\n<\/ul>","protected":false},"excerpt":{"rendered":"<p>Hast Du Lust auf eine kleine Spar-Challenge die echt Spa\u00df macht? Dann mach mit bei &#8222;Weekly Savings&#8220;. Es geht darum, kleine Zeitr\u00e4ume (in diesem Fall eine Woche) zum konsequenten Sparen zu nutzen, aber gleichzeitig das &#8222;Gro\u00dfe Ganze&#8220; im Blick zu behalten. Bei der Weekly Savings Challenge geht es darum, an&hellip;<\/p>\n<p> <a class=\"more-link\" href=\"https:\/\/rockyourgoal.de\/en\/timeless-challenge\/persoenlichkeit\/weekly-savings\/\">Read more<\/a><\/p>","protected":false},"author":2,"featured_media":7294,"parent":12691,"menu_order":0,"comment_status":"open","ping_status":"closed","template":"","meta":{"pgc_sgb_lightbox_settings":"","_glsr_average":0,"_glsr_ranking":0,"_glsr_reviews":0,"footnotes":""},"class_list":["post-7210","page","type-page","status-publish","has-post-thumbnail"],"_links":{"self":[{"href":"https:\/\/rockyourgoal.de\/en\/wp-json\/wp\/v2\/pages\/7210","targetHints":{"allow":["GET"]}}],"collection":[{"href":"https:\/\/rockyourgoal.de\/en\/wp-json\/wp\/v2\/pages"}],"about":[{"href":"https:\/\/rockyourgoal.de\/en\/wp-json\/wp\/v2\/types\/page"}],"author":[{"embeddable":true,"href":"https:\/\/rockyourgoal.de\/en\/wp-json\/wp\/v2\/users\/2"}],"replies":[{"embeddable":true,"href":"https:\/\/rockyourgoal.de\/en\/wp-json\/wp\/v2\/comments?post=7210"}],"version-history":[{"count":12,"href":"https:\/\/rockyourgoal.de\/en\/wp-json\/wp\/v2\/pages\/7210\/revisions"}],"predecessor-version":[{"id":19207,"href":"https:\/\/rockyourgoal.de\/en\/wp-json\/wp\/v2\/pages\/7210\/revisions\/19207"}],"up":[{"embeddable":true,"href":"https:\/\/rockyourgoal.de\/en\/wp-json\/wp\/v2\/pages\/12691"}],"wp:featuredmedia":[{"embeddable":true,"href":"https:\/\/rockyourgoal.de\/en\/wp-json\/wp\/v2\/media\/7294"}],"wp:attachment":[{"href":"https:\/\/rockyourgoal.de\/en\/wp-json\/wp\/v2\/media?parent=7210"}],"curies":[{"name":"wp","href":"https:\/\/api.w.org\/{rel}","templated":true}]}}