{"id":7022,"date":"2025-02-03T16:15:39","date_gmt":"2025-02-03T15:15:39","guid":{"rendered":"https:\/\/rockyourgoal.de\/?page_id=7022"},"modified":"2025-02-03T16:17:48","modified_gmt":"2025-02-03T15:17:48","slug":"clean-up-challenge","status":"publish","type":"page","link":"https:\/\/rockyourgoal.de\/en\/timeless-challenge\/persoenlichkeit\/clean-up-challenge\/","title":{"rendered":"Clean Up Challenge &#8211; Aufr\u00e4umen zum Wohlf\u00fchlen"},"content":{"rendered":"<p>Eine aufger\u00e4umte Umgebung tut uns Menschen gut, denn sie bedeutet f\u00fcr unsere Seele Ordnung und Wohlbefinden. Aber auch ganz unabh\u00e4ngig des Zustandes unserer Seele hilft uns Ordnung in unserem zu Hause Dinge eher zu finden, sie gibt unserem Leben Struktur und unsere Mitmenschen f\u00fchlen sich darin wohler. <\/p>\n\n\n\n<p>Es wird also Zeit sich um das Aufr\u00e4umen zu k\u00fcmmern! Grunds\u00e4tzlich kann das Aufr\u00e4umen immer nur ein erster Schritt sein, denn eigentlich ist das &#8222;Ordnung Halten&#8220; mindestens genauso wichtig, denn durch die Umstellung kleiner Gewohnheiten sorgst Du daf\u00fcr, dass es auch aufger\u00e4umt bleibt. Aber das w\u00fcrde an dieser Stelle zu weit gehen. Daf\u00fcr haben wir eine andere Challenge. <\/p>\n\n\n\n<p>Wir bieten Dir bei der Clean Up Challenge verschiedene M\u00f6glichkeiten an die es Dir erm\u00f6glichen sollen, die richtige Strategie f\u00fcr Deine zuk\u00fcnftige Ordnung zu finden. Probiere die verschiedenen Ans\u00e4tze aus und bleib bei dem was Dir liegt. <\/p>\n\n\n<div class=\"wp-block-image\">\n<figure class=\"aligncenter size-full is-resized\"><a href=\"https:\/\/rockyourgoal.de\/wp-content\/uploads\/2022\/05\/clean-up-challenge.png\"><img loading=\"lazy\" decoding=\"async\" width=\"523\" height=\"640\" src=\"https:\/\/rockyourgoal.de\/wp-content\/uploads\/2022\/05\/clean-up-challenge.png\" alt=\"\" class=\"wp-image-7032\" style=\"width:270px;height:331px\" srcset=\"https:\/\/rockyourgoal.de\/wp-content\/uploads\/2022\/05\/clean-up-challenge.png 523w, https:\/\/rockyourgoal.de\/wp-content\/uploads\/2022\/05\/clean-up-challenge-245x300.png 245w, https:\/\/rockyourgoal.de\/wp-content\/uploads\/2022\/05\/clean-up-challenge-10x12.png 10w, https:\/\/rockyourgoal.de\/wp-content\/uploads\/2022\/05\/clean-up-challenge-300x367.png 300w\" sizes=\"auto, (max-width: 523px) 100vw, 523px\" \/><\/a><\/figure>\n<\/div>\n\n\n<p>Nat\u00fcrlich bekommst Du als &#8222;Schubs&#8220; und Belohnung von uns auch bei dieser Challenge Life-Score Punkte. <\/p>\n\n\n<div class=\"wp-block-image\">\n<figure class=\"aligncenter\"><a href=\"https:\/\/rockyourgoal.de\/en\/timeless-challenge\/#Anmeldung_und_Leistungsumfang\"><img loading=\"lazy\" decoding=\"async\" width=\"300\" height=\"145\" src=\"https:\/\/rockyourgoal.de\/wp-content\/uploads\/2022\/01\/timeless-challenge-durchsichtig-300x145.png\" alt=\"\" class=\"wp-image-5448\" srcset=\"https:\/\/rockyourgoal.de\/wp-content\/uploads\/2022\/01\/timeless-challenge-durchsichtig-300x145.png 300w, https:\/\/rockyourgoal.de\/wp-content\/uploads\/2022\/01\/timeless-challenge-durchsichtig-1024x495.png 1024w, https:\/\/rockyourgoal.de\/wp-content\/uploads\/2022\/01\/timeless-challenge-durchsichtig-768x371.png 768w, https:\/\/rockyourgoal.de\/wp-content\/uploads\/2022\/01\/timeless-challenge-durchsichtig-1536x742.png 1536w, https:\/\/rockyourgoal.de\/wp-content\/uploads\/2022\/01\/timeless-challenge-durchsichtig-2048x990.png 2048w, https:\/\/rockyourgoal.de\/wp-content\/uploads\/2022\/01\/timeless-challenge-durchsichtig-850x411.png 850w\" sizes=\"auto, (max-width: 300px) 100vw, 300px\" \/><\/a><figcaption class=\"wp-element-caption\"><a href=\"https:\/\/rockyourgoal.de\/en\/timeless-challenge\/#Anmeldung_und_Leistungsumfang\">Die Clean Up Challenge ist eine Challenge der\u00a0Timeless Challenge. Mach mit!<\/a><\/figcaption><\/figure>\n<\/div>\n\n\n<p><strong><em>Stay informed!<\/em><\/strong><\/p>\n\n\n\n<ul class=\"wp-block-list\">\n<li><strong>Instagram<\/strong>:\u00a0<a href=\"https:\/\/www.instagram.com\/timeless_challenge\" target=\"_blank\" rel=\"noreferrer noopener\">@timeless_challenge<\/a><\/li>\n\n\n\n<li><strong>Facebook<\/strong>:\u00a0<a href=\"https:\/\/www.facebook.com\/rockyourgoal\" target=\"_blank\" rel=\"noreferrer noopener\">Rockyourgoal<\/a><\/li>\n\n\n\n<li><strong>Twitter<\/strong>:\u00a0<a href=\"https:\/\/www.twitter.com\/goal_rock\" target=\"_blank\" rel=\"noreferrer noopener\">@goal_rock<\/a><\/li>\n<\/ul>\n\n\n\n<blockquote class=\"wp-block-quote is-layout-flow wp-block-quote-is-layout-flow\">\n<p><strong><em>We want to plant one million trees worldwide without begging for donations!<\/em><\/strong><\/p>\n\n\n\n<p>Uwe (Initiator)<\/p>\n<\/blockquote>\n\n\n\n<h2 class=\"wp-block-heading\">Wie funktioniert die Clean Up Challenge?<\/h2>\n\n\n\n<p>Du bekommst im Folgenden verschiedene M\u00f6glichkeiten die Challenge zu gestalten. Fang mit einer an und sei ehrlich zu Dir. Bringt es Dir einen Mehrwert? Wenn nicht, dann probier die N\u00e4chste aus!<\/p>\n\n\n\n<h3 class=\"wp-block-heading\">30 Tage lang jeweils 15 Minuten aufr\u00e4umen<\/h3>\n\n\n\n<p>Stell Dir den Timer auf Deinem Handy und los geht\u00b4s! Dies ist meine liebste M\u00f6glichkeit das Aufr\u00e4umen in meinen Alltag zu integrieren. Du wirst es nicht glauben wie viel man in 15 Minuten schafft!<\/p>\n\n\n\n<p>Ich entscheide mich meistens schon in der Fr\u00fch bevor ich zur Arbeit fahre was, wo oder wie ich nach der Arbeit als Erstes aufr\u00e4umen werde. Manchmal ist es die K\u00fcche, manchmal das Bad, manchmal ein Grobputz der ganzen Wohnung und manchmal ist es eine bestimmte Schublade die ich aufr\u00e4ume. <\/p>\n\n\n\n<p>Ich habe die Erfahrung gemacht, dass ich dann doch \u00f6fter etwas l\u00e4nger als die 15 Minuten pro Tag putze, aber wenn nicht, dann bin ich trotzdem mit mir zufrieden. 15 Minuten t\u00e4gliches Aufr\u00e4umen machen Deine Wohnung zu einem echten Wohlf\u00fchl-Ort<\/p>\n\n\n\n<h3 class=\"wp-block-heading\">7 Tages Challenge mit unterschiedlichen Schwerpunkten<\/h3>\n\n\n\n<p>Bevor Du mit den t\u00e4glichen 15 Minuten anf\u00e4ngst, probier erst einmal die 7-Tages Clean Up Challenge aus. Hierbei geht es nicht um eine feste Aufr\u00e4umzeit, sondern um 7 kleine Ziele die Du in einer Woche erreichen m\u00f6chtest. Die kannst Du Dir, passend zu Deinem Leben individuell aussuchen. Mach Dir einen kleinen Plan und zieh ihn gnadenlos durch! Dieser k\u00f6nnte z.B. so aussehen:<\/p>\n\n\n\n<ul class=\"wp-block-list\">\n<li><em>R\u00e4ume alles vom Boden Deiner Wohnung auf<\/em> was dort nicht hingeh\u00f6rt. Sporttaschen, W\u00e4sche im Bad, Bl\u00e4tter von Deinen Zimmerpflanzen, Schuhe die eigentlich in den Schuhschrank geh\u00f6ren etc. Danach kannst Du erst einmal die Wohnung saugen, da Du nun \u00fcberall gut hinkommst. <\/li>\n\n\n\n<li><em>Sortiere Deinen Schrank<\/em>: Schaut es in Deinem Schrank auch aus wie bei Hempels unterm Sofa? Dann r\u00e4um alles aus, sortiere die Klamotten aus die Du mindestens ein Jahr lang nicht mehr getragen hast und r\u00e4um den Schrank wieder ein. Du wirst sehen wie viel Platz Du auf einmal hast. Es ist herrlich!<\/li>\n\n\n\n<li><em>Sortier aus<\/em> jedem Deiner Zimmer (einschlie\u00dflich Bad und K\u00fcche) drei Dinge aus die Du nichtmehr brauchst!<\/li>\n\n\n\n<li><em>R\u00e4um Dein Auto auf!<\/em><\/li>\n\n\n\n<li><em>Problemschublade aufr\u00e4umen<\/em>: Du hast bestimmt auch die eine Schublade in Deiner Wohnung die schon \u00fcberquillt und in der Du alles nur so rein steckst wenn Du nicht wei\u00dft wohin damit. Zeit, diese aufzur\u00e4umen!<\/li>\n\n\n\n<li><em>Fotos auf dem Handy aufr\u00e4umen<\/em><\/li>\n\n\n\n<li>K\u00fchlschrank ausr\u00e4umen, s\u00e4ubern und mit System einr\u00e4umen<\/li>\n<\/ul>\n\n\n\n<p>Bitte sieh diese Punkte nur als Anregung. Wir denken, Du wei\u00dft was wir meinen!<\/p>\n\n\n\n<h2 class=\"wp-block-heading\">4 Wochen Big Clean Up\u00b4s<\/h2>\n\n\n\n<p>Du ahnst schon worum es hier geht. Such Dir 4 Fr\u00f6sche aus die Du bisher nicht essen konntest und pack\u00b4s an. Das hei\u00dft, dass Du 4 Wochen lang jeweils eine gro\u00dfe Aufr\u00e4umaktion startest (und abschlie\u00dft). <\/p>\n\n\n\n<p>Bei mir war das z.B. der Keller, die Unterlagen, meine Dateien auf dem Computer (Bilder, Dokumente etc.) und unser Gartenhaus. Das hat mich jeweils mehr als einen halben Tag gekostet, aber nach den vier Wochen war ich total happy, dass ich es hinter mir hatte!<\/p>\n\n\n\n<h2 class=\"wp-block-heading\">Life-Score Punkte f\u00fcr die Clean Up Challenge<\/h2>\n\n\n\n<p>Wir belohnen Dich nat\u00fcrlich passend zu der jeweiligen Challenge mit Life-Score Punkten. <\/p>\n\n\n\n<figure class=\"wp-block-table\"><table><tbody><tr><td><strong>Logo<\/strong><\/td><td><strong>Name<\/strong><\/td><td><strong>Life-Score Points<\/strong><\/td><td><strong>Note<\/strong><\/td><\/tr><tr><td><img loading=\"lazy\" decoding=\"async\" width=\"150\" height=\"71\" class=\"wp-image-7051\" style=\"width: 150px;\" src=\"http:\/\/rockyourgoal.de\/wp-content\/uploads\/2022\/05\/clean-up-challenge-logo.png\" alt=\"\" srcset=\"https:\/\/rockyourgoal.de\/wp-content\/uploads\/2022\/05\/clean-up-challenge-logo.png 4460w, https:\/\/rockyourgoal.de\/wp-content\/uploads\/2022\/05\/clean-up-challenge-logo-300x142.png 300w, https:\/\/rockyourgoal.de\/wp-content\/uploads\/2022\/05\/clean-up-challenge-logo-1024x483.png 1024w, https:\/\/rockyourgoal.de\/wp-content\/uploads\/2022\/05\/clean-up-challenge-logo-768x362.png 768w, https:\/\/rockyourgoal.de\/wp-content\/uploads\/2022\/05\/clean-up-challenge-logo-1536x725.png 1536w, https:\/\/rockyourgoal.de\/wp-content\/uploads\/2022\/05\/clean-up-challenge-logo-2048x967.png 2048w, https:\/\/rockyourgoal.de\/wp-content\/uploads\/2022\/05\/clean-up-challenge-logo-18x8.png 18w, https:\/\/rockyourgoal.de\/wp-content\/uploads\/2022\/05\/clean-up-challenge-logo-850x401.png 850w\" sizes=\"auto, (max-width: 150px) 100vw, 150px\" \/><\/td><td>30 Tage &#8211; 15 Minuten<\/td><td>20<\/td><td>T\u00e4glich 15 Minuten aufr\u00e4umen<\/td><\/tr><tr><td><img loading=\"lazy\" decoding=\"async\" width=\"150\" height=\"71\" class=\"wp-image-7051\" style=\"width: 150px;\" src=\"http:\/\/rockyourgoal.de\/wp-content\/uploads\/2022\/05\/clean-up-challenge-logo.png\" alt=\"\" srcset=\"https:\/\/rockyourgoal.de\/wp-content\/uploads\/2022\/05\/clean-up-challenge-logo.png 4460w, https:\/\/rockyourgoal.de\/wp-content\/uploads\/2022\/05\/clean-up-challenge-logo-300x142.png 300w, https:\/\/rockyourgoal.de\/wp-content\/uploads\/2022\/05\/clean-up-challenge-logo-1024x483.png 1024w, https:\/\/rockyourgoal.de\/wp-content\/uploads\/2022\/05\/clean-up-challenge-logo-768x362.png 768w, https:\/\/rockyourgoal.de\/wp-content\/uploads\/2022\/05\/clean-up-challenge-logo-1536x725.png 1536w, https:\/\/rockyourgoal.de\/wp-content\/uploads\/2022\/05\/clean-up-challenge-logo-2048x967.png 2048w, https:\/\/rockyourgoal.de\/wp-content\/uploads\/2022\/05\/clean-up-challenge-logo-18x8.png 18w, https:\/\/rockyourgoal.de\/wp-content\/uploads\/2022\/05\/clean-up-challenge-logo-850x401.png 850w\" sizes=\"auto, (max-width: 150px) 100vw, 150px\" \/><\/td><td>7 Tages Challenge<\/td><td>20<\/td><td>Unterschiedliche Schwerpunkte<\/td><\/tr><tr><td><img loading=\"lazy\" decoding=\"async\" width=\"150\" height=\"71\" class=\"wp-image-7051\" style=\"width: 150px;\" src=\"http:\/\/rockyourgoal.de\/wp-content\/uploads\/2022\/05\/clean-up-challenge-logo.png\" alt=\"\" srcset=\"https:\/\/rockyourgoal.de\/wp-content\/uploads\/2022\/05\/clean-up-challenge-logo.png 4460w, https:\/\/rockyourgoal.de\/wp-content\/uploads\/2022\/05\/clean-up-challenge-logo-300x142.png 300w, https:\/\/rockyourgoal.de\/wp-content\/uploads\/2022\/05\/clean-up-challenge-logo-1024x483.png 1024w, https:\/\/rockyourgoal.de\/wp-content\/uploads\/2022\/05\/clean-up-challenge-logo-768x362.png 768w, https:\/\/rockyourgoal.de\/wp-content\/uploads\/2022\/05\/clean-up-challenge-logo-1536x725.png 1536w, https:\/\/rockyourgoal.de\/wp-content\/uploads\/2022\/05\/clean-up-challenge-logo-2048x967.png 2048w, https:\/\/rockyourgoal.de\/wp-content\/uploads\/2022\/05\/clean-up-challenge-logo-18x8.png 18w, https:\/\/rockyourgoal.de\/wp-content\/uploads\/2022\/05\/clean-up-challenge-logo-850x401.png 850w\" sizes=\"auto, (max-width: 150px) 100vw, 150px\" \/><\/td><td>4 Big Clean Up\u00b4s<\/td><td>20<\/td><td>4 Wochen lang jeweils ein gro\u00dfes Ziel pro Woche<\/td><\/tr><\/tbody><\/table><\/figure>\n\n\n\n<h2 class=\"wp-block-heading\">So kannst Du bei der Clean Up Challenge mitmachen!<\/h2>\n\n\n\n<ul class=\"wp-block-list\">\n<li><a href=\"https:\/\/rockyourgoal.de\/en\/timeless-challenge\/#Anmeldung_und_Leistungsumfang\">Melde Dich bei der Timeless Challenge an!<\/a><\/li>\n\n\n\n<li><a href=\"https:\/\/rockyourgoal.de\/en\/wb-admin\/?action=register\">Registriere Dich (falls noch nicht geschehen) bei dieser Seite (klick auf diesen Satz)<\/a><\/li>\n\n\n\n<li>Nun musst Du die Challenge bew\u00e4ltigen. Du r\u00e4umst Deine Umgebung nach unseren Vorschl\u00e4gen auf<\/li>\n\n\n\n<li>Wenn Du diese Challenge geschafft hast, dann f\u00fcll bitte das untere Formular (nur sichtbar wenn Du registriert und angemeldet bist) aus. Wir schicken Dir die Murmel zu. Die Life Score Points werden Dir automatisch gutgeschrieben und im\u00a0<a href=\"https:\/\/rockyourgoal.de\/en\/timeless-challenge\/#Life_Museum\">Life Museum<\/a>\u00a0erg\u00e4nzt. Bitte schreibe Deine Lieferadresse in die \u201eNotes\u201c im Formular.<\/li>\n<\/ul>\n\n\n\n\n\n\n<h2 class=\"wp-block-heading\">Die Clean Up Challenge in Social Media<\/h2>\n\n\n\n<p>Inspirier auch andere mitzumachen! Gerne kannst Du unsere Social Media Kan\u00e4le nutzen. <\/p>\n\n\n\n<h3 class=\"wp-block-heading\">Die Clean Up Challenge auf Facebook<\/h3>\n\n\n\n<p>Wir laden Dich ein, Dich in unserer Gruppe &#8222;Pers\u00f6nlichkeit&#8220; mit Anderen \u00fcber ihre Erfahrungen auszutauschen.<\/p>\n\n\n\n<h3 class=\"wp-block-heading\">Hashtags<\/h3>\n\n\n\n<ul class=\"wp-block-list\">\n<li>#timelesschallenge<\/li>\n\n\n\n<li>#tccleanupchallenge<\/li>\n\n\n\n<li>#timelesschallenger<\/li>\n<\/ul>","protected":false},"excerpt":{"rendered":"<p>Eine aufger\u00e4umte Umgebung tut uns Menschen gut, denn sie bedeutet f\u00fcr unsere Seele Ordnung und Wohlbefinden. Aber auch ganz unabh\u00e4ngig des Zustandes unserer Seele hilft uns Ordnung in unserem zu Hause Dinge eher zu finden, sie gibt unserem Leben Struktur und unsere Mitmenschen f\u00fchlen sich darin wohler. Es wird also&hellip;<\/p>\n<p> <a class=\"more-link\" href=\"https:\/\/rockyourgoal.de\/en\/timeless-challenge\/persoenlichkeit\/clean-up-challenge\/\">Read more<\/a><\/p>","protected":false},"author":2,"featured_media":7051,"parent":12691,"menu_order":0,"comment_status":"open","ping_status":"closed","template":"","meta":{"pgc_sgb_lightbox_settings":"","_glsr_average":0,"_glsr_ranking":0,"_glsr_reviews":0,"footnotes":""},"class_list":["post-7022","page","type-page","status-publish","has-post-thumbnail"],"_links":{"self":[{"href":"https:\/\/rockyourgoal.de\/en\/wp-json\/wp\/v2\/pages\/7022","targetHints":{"allow":["GET"]}}],"collection":[{"href":"https:\/\/rockyourgoal.de\/en\/wp-json\/wp\/v2\/pages"}],"about":[{"href":"https:\/\/rockyourgoal.de\/en\/wp-json\/wp\/v2\/types\/page"}],"author":[{"embeddable":true,"href":"https:\/\/rockyourgoal.de\/en\/wp-json\/wp\/v2\/users\/2"}],"replies":[{"embeddable":true,"href":"https:\/\/rockyourgoal.de\/en\/wp-json\/wp\/v2\/comments?post=7022"}],"version-history":[{"count":15,"href":"https:\/\/rockyourgoal.de\/en\/wp-json\/wp\/v2\/pages\/7022\/revisions"}],"predecessor-version":[{"id":18591,"href":"https:\/\/rockyourgoal.de\/en\/wp-json\/wp\/v2\/pages\/7022\/revisions\/18591"}],"up":[{"embeddable":true,"href":"https:\/\/rockyourgoal.de\/en\/wp-json\/wp\/v2\/pages\/12691"}],"wp:featuredmedia":[{"embeddable":true,"href":"https:\/\/rockyourgoal.de\/en\/wp-json\/wp\/v2\/media\/7051"}],"wp:attachment":[{"href":"https:\/\/rockyourgoal.de\/en\/wp-json\/wp\/v2\/media?parent=7022"}],"curies":[{"name":"wp","href":"https:\/\/api.w.org\/{rel}","templated":true}]}}