{"id":6905,"date":"2023-01-16T07:00:00","date_gmt":"2023-01-16T06:00:00","guid":{"rendered":"https:\/\/rockyourgoal.de\/?page_id=6905"},"modified":"2025-01-09T12:13:05","modified_gmt":"2025-01-09T11:13:05","slug":"captive-audience","status":"publish","type":"page","link":"https:\/\/rockyourgoal.de\/en\/timeless-challenge\/beziehungen\/captive-audience\/","title":{"rendered":"Captive Audience \u2013 Engaging communication"},"content":{"rendered":"<p>Du kennst bestimmt Menschen auf die man sich jedes Mal wieder freut. Mit solchen Menschen genie\u00dft man jede Minute, denn Zeit mit diesen Menschen ist echte &#8222;Quality Time&#8220;. Die Zeit mit solchen Menschen ist interessant, spannend und angenehm. <\/p>\n\n\n\n<p>But what is the reason for that? <\/p>\n\n\n\n<p>Paul Watzlawick sagte mal &#8222;<em>You can't not communicate!<\/em>&#8222;. Und genau dieser Umstand ist es, der einen Menschen interessant, sympathisch und die Zeit mit ihm begehrenswert macht. <\/p>\n\n\n\n<p>But a person communicates not only with words. Facial expressions, gestures and posture also contribute to communication. <\/p>\n\n\n<div class=\"wp-block-image\">\n<figure class=\"aligncenter size-full is-resized\"><a href=\"https:\/\/rockyourgoal.de\/wp-content\/uploads\/2022\/05\/captive-audience.jpg\"><img loading=\"lazy\" decoding=\"async\" width=\"960\" height=\"720\" src=\"https:\/\/rockyourgoal.de\/wp-content\/uploads\/2022\/05\/captive-audience.jpg\" alt=\"\" class=\"wp-image-6912\" style=\"width:407px;height:305px\" srcset=\"https:\/\/rockyourgoal.de\/wp-content\/uploads\/2022\/05\/captive-audience.jpg 960w, https:\/\/rockyourgoal.de\/wp-content\/uploads\/2022\/05\/captive-audience-300x225.jpg 300w, https:\/\/rockyourgoal.de\/wp-content\/uploads\/2022\/05\/captive-audience-768x576.jpg 768w, https:\/\/rockyourgoal.de\/wp-content\/uploads\/2022\/05\/captive-audience-16x12.jpg 16w, https:\/\/rockyourgoal.de\/wp-content\/uploads\/2022\/05\/captive-audience-850x638.jpg 850w\" sizes=\"auto, (max-width: 960px) 100vw, 960px\" \/><\/a><\/figure>\n<\/div>\n\n\n<p>This means that good communication depends on the following factors: <\/p>\n\n\n\n<ul class=\"wp-block-list\">\n<li>the content of what is said,<\/li>\n\n\n\n<li>listening,<\/li>\n\n\n\n<li>an open, respectful attitude,<\/li>\n\n\n\n<li>Pausing for irritation<\/li>\n\n\n\n<li>honest facial expressions and<\/li>\n\n\n\n<li>authentic statements<\/li>\n<\/ul>\n\n\n\n<p>. <\/p>\n\n\n\n<p>Das bedeutet aber auch, dass jeder eine gute Kommunikation lernen kann. Und das ist der Grund und der Sinn der &#8222;Captive Audience Challenge&#8220;. Du sollst Deine Kommunikation verbessern, bis Du Deine Zuh\u00f6rer im positiven Sinne gefangen h\u00e4ltst. Das Ziel ist es, dass beide Parteien, also Du und Deine Zuh\u00f6rer eine interessante und werthaltige Zeit miteinander verbringt und die Zeit nicht mit langweiligen Phrasen tot schlagt. <\/p>\n\n\n<div class=\"wp-block-image\">\n<figure class=\"aligncenter\"><a href=\"https:\/\/rockyourgoal.de\/en\/timeless-challenge\/#Anmeldung_und_Leistungsumfang\"><img loading=\"lazy\" decoding=\"async\" width=\"300\" height=\"145\" src=\"https:\/\/rockyourgoal.de\/wp-content\/uploads\/2022\/12\/image-1.png\" alt=\"\" class=\"wp-image-10083\" srcset=\"https:\/\/rockyourgoal.de\/wp-content\/uploads\/2022\/12\/image-1.png 300w, https:\/\/rockyourgoal.de\/wp-content\/uploads\/2022\/12\/image-1-18x9.png 18w\" sizes=\"auto, (max-width: 300px) 100vw, 300px\" \/><\/a><figcaption class=\"wp-element-caption\">Die Captive Audience Challenge geh\u00f6rt zur Timeless Challenge. Mach mit!<\/figcaption><\/figure>\n<\/div>\n\n\n<p><strong><em>Stay informed!<\/em><\/strong><\/p>\n\n\n\n<ul class=\"wp-block-list\">\n<li><strong>Instagram<\/strong>:&nbsp;<a rel=\"noreferrer noopener\" href=\"https:\/\/www.instagram.com\/timeless_challenge\" target=\"_blank\">@timeless_challenge<\/a><\/li>\n\n\n\n<li><strong>Facebook<\/strong>:&nbsp;<a rel=\"noreferrer noopener\" href=\"https:\/\/www.facebook.com\/rockyourgoal\" target=\"_blank\">Rockyourgoal<\/a><\/li>\n\n\n\n<li><strong>Twitter<\/strong>:&nbsp;<a rel=\"noreferrer noopener\" href=\"https:\/\/www.twitter.com\/goal_rock\" target=\"_blank\">@goal_rock<\/a><\/li>\n<\/ul>\n\n\n\n<h2 class=\"wp-block-heading\">How does good communication work?<\/h2>\n\n\n\n<ul class=\"wp-block-list\">\n<li>Do not give unsolicited advice.<\/li>\n\n\n\n<li>Do not infer from yourself to the general public.<\/li>\n\n\n\n<li>Let other people finish.<\/li>\n\n\n\n<li>Avoid monologues.<\/li>\n\n\n\n<li>Announce the need to speak.<\/li>\n\n\n\n<li>Make personal statements instead of asking.<\/li>\n\n\n\n<li>Sende Ich-Botschaften (z.B. &#8222;Ich konnte in letzter Zeit beobachten, dass&#8230;..&#8220;).<\/li>\n\n\n\n<li>Speak to others directly.<\/li>\n\n\n\n<li>Speak only when you have the word.<\/li>\n\n\n\n<li>Practice consideration.<\/li>\n<\/ul>\n\n\n\n<p>These are a few examples of what you can improve in your communication, but there is so much more!<\/p>\n\n\n\n<h2 class=\"wp-block-heading\">How does the Captive Audience Challenge work?<\/h2>\n\n\n\n<p>Als ersten Schritt empfehlen wir Dir ein gutes Buch zu lesen \u00fcber eine gute Kommunikation. Du musst zuerst wissen wie das &#8222;Soll&#8220; ist, bevor Du Dich verbessern kannst. Beispiele f\u00fcr gute Kommunikationsb\u00fccher findest Du am Ende dieser Seite. <\/p>\n\n\n\n<p>Once you know what you can improve in your communication, pick the most important point. Work on it consciously for 30 days and try to get better every day. <\/p>\n\n\n\n<p>Once you've done that, you've earned your first Life Score points. But now you've really only just begun. Keep going! If you think you've mastered your first point very well, then spend the next 30 days learning and practicing the next communication skill. And then the next month, another new one, and so on. You get Life Score points for each month, up to a year. Then you should have reached a completely different level in your communication. And your environment will have noticed that long ago. <\/p>\n\n\n\n<h2 class=\"wp-block-heading\">How to participate in the Captive Audience Challenge<\/h2>\n\n\n\n<ul class=\"wp-block-list\">\n<li><a href=\"https:\/\/rockyourgoal.de\/en\/timeless-challenge\/#Anmeldung_und_Leistungsumfang\">Melde Dich bei der Timeless Challenge an!<\/a><\/li>\n\n\n\n<li><a href=\"https:\/\/rockyourgoal.de\/en\/wb-admin\/?action=register\">Registriere Dich (falls noch nicht geschehen) bei dieser Seite (klick auf diesen Satz)<\/a><\/li>\n\n\n\n<li>Jetzt hei\u00dft es flei\u00dfig sein! Lerne mindestens 30 Tage lang Deine Kommunikation zu verbessern.<\/li>\n\n\n\n<li>Wenn Du 30 Tage lang an Deinen kommunikativen F\u00e4higkeiten gearbeitet hast, dann f\u00fcll bitte das untere Formular (nur sichtbar wenn Du registriert und angemeldet bist) aus. Wir schicken Dir die Murmel zu. Die Life Score Points werden Dir automatisch gutgeschrieben und im\u00a0<a href=\"https:\/\/rockyourgoal.de\/en\/timeless-challenge\/#Life_Museum\">Life Museum<\/a>\u00a0erg\u00e4nzt. Bitte schreibe Deine Lieferadresse in die \u201eNotes\u201c im Formular.<\/li>\n<\/ul>\n\n\n\n\n\n\n<h2 class=\"wp-block-heading\">Life-Score Points f\u00fcr die Captive Audience Challenge<\/h2>\n\n\n<div class=\"wp-block-image\">\n<figure class=\"aligncenter size-medium\"><a href=\"https:\/\/rockyourgoal.de\/wp-content\/uploads\/2022\/08\/LSP-Beziehungen-1.png\"><img loading=\"lazy\" decoding=\"async\" width=\"300\" height=\"300\" src=\"https:\/\/rockyourgoal.de\/wp-content\/uploads\/2022\/08\/LSP-Beziehungen-1-300x300.png\" alt=\"\" class=\"wp-image-8294\" srcset=\"https:\/\/rockyourgoal.de\/wp-content\/uploads\/2022\/08\/LSP-Beziehungen-1-300x300.png 300w, https:\/\/rockyourgoal.de\/wp-content\/uploads\/2022\/08\/LSP-Beziehungen-1-150x150.png 150w, https:\/\/rockyourgoal.de\/wp-content\/uploads\/2022\/08\/LSP-Beziehungen-1-768x769.png 768w, https:\/\/rockyourgoal.de\/wp-content\/uploads\/2022\/08\/LSP-Beziehungen-1-12x12.png 12w, https:\/\/rockyourgoal.de\/wp-content\/uploads\/2022\/08\/LSP-Beziehungen-1-850x851.png 850w, https:\/\/rockyourgoal.de\/wp-content\/uploads\/2022\/08\/LSP-Beziehungen-1.png 1000w\" sizes=\"auto, (max-width: 300px) 100vw, 300px\" \/><\/a><figcaption class=\"wp-element-caption\">Verdien Dir die sch\u00f6ne Murmel und Life-Score-Punkte in &#8222;rot&#8220;<\/figcaption><\/figure>\n<\/div>\n\n\n<p>F\u00fcr jeden Monat in dem Du Deine Kommunikation aktiv verbesserst (mit einem klaren Ziel), erh\u00e4ltst Du von uns 10 Life-Score Punkte und der sch\u00f6nen, roten Murmel (Bereich &#8222;Beziehungen&#8220;) mit einem Durchmesser von 16mm. Aber Du kannst nat\u00fcrlich viele Monate an Dir arbeiten und dann die Life Score Points bekommen. <\/p>\n\n\n\n<h2 class=\"wp-block-heading\">Die Captive Audience Challenge auf Social Media<\/h2>\n\n\n\n<p>You may want to share your experience with the Captive Audience Challenge and inspire others. We offer you a variety of opportunities to do so. However, the best option is personal communication \ud83d\ude09<\/p>\n\n\n\n<h3 class=\"wp-block-heading\">The Captive Audience Challenge on Facebook<\/h3>\n\n\n\n<p>Du kannst Dich \u00fcber Kommunikation auf unserer Facebook Seite &#8222;Beziehungen&#8220; austauschen. <\/p>\n\n\n\n<h3 class=\"wp-block-heading\">Our Hashtags<\/h3>\n\n\n\n<ul class=\"wp-block-list\">\n<li>#timelesschallenge<\/li>\n\n\n\n<li>#tccaptiveaudience<\/li>\n\n\n\n<li>#timelesschallenger<\/li>\n<\/ul>","protected":false},"excerpt":{"rendered":"<p>Du kennst bestimmt Menschen auf die man sich jedes Mal wieder freut. Mit solchen Menschen genie\u00dft man jede Minute, denn Zeit mit diesen Menschen ist echte &#8222;Quality Time&#8220;. Die Zeit mit solchen Menschen ist interessant, spannend und angenehm. Aber woran liegt das? Paul Watzlawick sagte mal &#8222;Du kannst nicht nicht&hellip;<\/p>\n<p> <a class=\"more-link\" href=\"https:\/\/rockyourgoal.de\/en\/timeless-challenge\/beziehungen\/captive-audience\/\">Read more<\/a><\/p>","protected":false},"author":2,"featured_media":6923,"parent":12936,"menu_order":0,"comment_status":"open","ping_status":"closed","template":"","meta":{"pgc_sgb_lightbox_settings":"","_glsr_average":0,"_glsr_ranking":0,"_glsr_reviews":0,"footnotes":""},"class_list":["post-6905","page","type-page","status-publish","has-post-thumbnail"],"_links":{"self":[{"href":"https:\/\/rockyourgoal.de\/en\/wp-json\/wp\/v2\/pages\/6905","targetHints":{"allow":["GET"]}}],"collection":[{"href":"https:\/\/rockyourgoal.de\/en\/wp-json\/wp\/v2\/pages"}],"about":[{"href":"https:\/\/rockyourgoal.de\/en\/wp-json\/wp\/v2\/types\/page"}],"author":[{"embeddable":true,"href":"https:\/\/rockyourgoal.de\/en\/wp-json\/wp\/v2\/users\/2"}],"replies":[{"embeddable":true,"href":"https:\/\/rockyourgoal.de\/en\/wp-json\/wp\/v2\/comments?post=6905"}],"version-history":[{"count":17,"href":"https:\/\/rockyourgoal.de\/en\/wp-json\/wp\/v2\/pages\/6905\/revisions"}],"predecessor-version":[{"id":18200,"href":"https:\/\/rockyourgoal.de\/en\/wp-json\/wp\/v2\/pages\/6905\/revisions\/18200"}],"up":[{"embeddable":true,"href":"https:\/\/rockyourgoal.de\/en\/wp-json\/wp\/v2\/pages\/12936"}],"wp:featuredmedia":[{"embeddable":true,"href":"https:\/\/rockyourgoal.de\/en\/wp-json\/wp\/v2\/media\/6923"}],"wp:attachment":[{"href":"https:\/\/rockyourgoal.de\/en\/wp-json\/wp\/v2\/media?parent=6905"}],"curies":[{"name":"wp","href":"https:\/\/api.w.org\/{rel}","templated":true}]}}