{"id":6856,"date":"2023-06-26T07:00:00","date_gmt":"2023-06-26T05:00:00","guid":{"rendered":"https:\/\/rockyourgoal.de\/?page_id=6856"},"modified":"2025-01-14T12:14:53","modified_gmt":"2025-01-14T11:14:53","slug":"master-your-reaction","status":"publish","type":"page","link":"https:\/\/rockyourgoal.de\/en\/timeless-challenge\/emotionen\/master-your-reaction\/","title":{"rendered":"Master your reaction - Control your reactions"},"content":{"rendered":"<p>Du f\u00e4hrst mit guter Laune von der Arbeit nach Hause und singst zu Deiner Lieblingsmusik. Nur noch ein Kreisverkehr dann bist Du bei Deinen Liebsten angekommen. Du f\u00e4hrst locker in den Kreisverkehr ein und merkst schon, dass der Wagen vor Dir irgendwie unsicher ist. Du m\u00f6chtest nach Hause und \u00e4rgerst Dich insgeheim, dass Dein Vordermann so langsam f\u00e4hrst. Kurz vor Deiner Ausfahrt legt dieser nun eine Vollbremsung ein und Du f\u00e4hrst ihm fast hinten drauf. Um ein Haar h\u00e4ttest Du einen Auffahrunfall gehabt, nur weil der &#8222;Id&#8230;.. vor Dir&#8220; grundlos gebremst hat. L\u00e4ngst ist Deine gute Laune verflogen und Du schimpfst wie ein Rohrspatz. <\/p>\n\n\n\n<p>But honestly, is it worth it? Of course not! <\/p>\n\n\n<div class=\"wp-block-image\">\n<figure class=\"aligncenter size-full is-resized\"><a href=\"https:\/\/rockyourgoal.de\/wp-content\/uploads\/2022\/04\/master-your-reaction.jpg\"><img loading=\"lazy\" decoding=\"async\" width=\"960\" height=\"540\" src=\"https:\/\/rockyourgoal.de\/wp-content\/uploads\/2022\/04\/master-your-reaction.jpg\" alt=\"\" class=\"wp-image-6863\" style=\"width:472px;height:265px\" srcset=\"https:\/\/rockyourgoal.de\/wp-content\/uploads\/2022\/04\/master-your-reaction.jpg 960w, https:\/\/rockyourgoal.de\/wp-content\/uploads\/2022\/04\/master-your-reaction-300x169.jpg 300w, https:\/\/rockyourgoal.de\/wp-content\/uploads\/2022\/04\/master-your-reaction-768x432.jpg 768w, https:\/\/rockyourgoal.de\/wp-content\/uploads\/2022\/04\/master-your-reaction-18x10.jpg 18w, https:\/\/rockyourgoal.de\/wp-content\/uploads\/2022\/04\/master-your-reaction-850x478.jpg 850w\" sizes=\"auto, (max-width: 960px) 100vw, 960px\" \/><\/a><\/figure>\n<\/div>\n\n\n<p>W\u00e4re es nicht sch\u00f6n, seine Reaktionen bewusst steuern zu k\u00f6nnen und damit zum &#8222;Master of reaction&#8220; zu werden? Genau darum geht es bei Dieser Challenge. Du suchst Dir eine Situation (z.B. Autofahren) bei der Du Dich oft \u00e4rgerst aus und versuchst 30 Tage lang bewusst Deine Reaktionen in dieser Situation zu kontrollieren. <\/p>\n\n\n<div class=\"wp-block-image\">\n<figure class=\"aligncenter\"><a href=\"https:\/\/rockyourgoal.de\/en\/timeless-challenge\/#Anmeldung_und_Leistungsumfang\"><img loading=\"lazy\" decoding=\"async\" width=\"300\" height=\"145\" src=\"https:\/\/rockyourgoal.de\/wp-content\/uploads\/2023\/04\/image.png\" alt=\"\" class=\"wp-image-11491\" srcset=\"https:\/\/rockyourgoal.de\/wp-content\/uploads\/2023\/04\/image.png 300w, https:\/\/rockyourgoal.de\/wp-content\/uploads\/2023\/04\/image-18x9.png 18w\" sizes=\"auto, (max-width: 300px) 100vw, 300px\" \/><\/a><figcaption class=\"wp-element-caption\">Die Master Your Reactions Challenge ist Teil der Timeless Challenge. Mach mit!<\/figcaption><\/figure>\n<\/div>\n\n\n<p><strong><em>Stay informed!<\/em><\/strong><\/p>\n\n\n\n<ul class=\"wp-block-list\">\n<li><strong>Instagram<\/strong>:&nbsp;<a rel=\"noreferrer noopener\" href=\"https:\/\/www.instagram.com\/timeless_challenge\" target=\"_blank\">@timeless_challenge<\/a><\/li>\n\n\n\n<li><strong>Facebook<\/strong>:&nbsp;<a rel=\"noreferrer noopener\" href=\"https:\/\/www.facebook.com\/rockyourgoal\" target=\"_blank\">Rockyourgoal<\/a><\/li>\n\n\n\n<li><strong>Twitter<\/strong>:&nbsp;<a rel=\"noreferrer noopener\" href=\"https:\/\/www.twitter.com\/goal_rock\" target=\"_blank\">@goal_rock<\/a><\/li>\n<\/ul>\n\n\n\n<p>Having and showing emotions is something positive, but just not always. <\/p>\n\n\n\n<p>Being able to consciously control your emotions helps you to better deal with everyday problems and difficult situations:<\/p>\n\n\n\n<ul class=\"wp-block-list\">\n<li>Stressful situations can no longer harm you, because you remain calm<\/li>\n\n\n\n<li>Your relationships improve <\/li>\n\n\n\n<li>You reach your goals faster because you can move forward in a more focused and rational way<\/li>\n\n\n\n<li>Your thoughts belong to you and you are no longer a plaything of negative emotions<\/li>\n<\/ul>\n\n\n\n<h2 class=\"wp-block-heading\">How can you control your reactions (emotions)?<\/h2>\n\n\n\n<p>Psychology says that emotions can be controlled in four steps:<\/p>\n\n\n\n<ol class=\"wp-block-list\">\n<li>Change your focus<\/li>\n\n\n\n<li>Think rationally<\/li>\n\n\n\n<li>Accept your feelings<\/li>\n\n\n\n<li>Come into action<\/li>\n<\/ol>\n\n\n\n<h3 class=\"wp-block-heading\">Change your focus<\/h3>\n\n\n\n<p>Emotionen entstehen durch eine mentale Bewertung einer Situation und kommen als Reaktion nach Au\u00dfen. Wenn Du Dich also anders f\u00fchlen m\u00f6chtest, dann musst Du Deinen Fokus ver\u00e4ndern. Am Beispiel &#8222;Schimpfen beim Autofahren&#8220; k\u00f6nntest Du Deinen Fokus z.B. von den anderen Autofahrern auf Dich selbst lenken. Du k\u00f6nntest z.B. stolz auf Dich sein, dass Du die Situation rechtzeitig erkannt hast. Deine Reaktionen sind ganz anders. Statt \u00c4rger erscheint ein zufriedenes L\u00e4cheln auf Deinem Gesicht. <\/p>\n\n\n\n<h3 class=\"wp-block-heading\">Think rationally<\/h3>\n\n\n\n<p>Nicht nur deine Gedanken beeinflussen deine Gef\u00fchle, sondern oft beeinflussen Deine Gef\u00fchle auch Deine Gedanken. So k\u00f6nnte es z.B. sein, dass Dein \u00c4rger \u00fcber das &#8222;sinnlose&#8220; Verlangsamen der Geschwindigkeit in Dir Gedanken wie &#8222;<em>Has he won his driver's license in the lottery<\/em>?&#8220; erzeugt. Eine entsprechende Reaktion ist dann leider die nat\u00fcrliche Folge. Dir muss also immer bewusst sein, dass ein bestimmtes Gef\u00fchl eine konkrete Auswirkung auf Deine Gedanken hat. <\/p>\n\n\n\n<h3 class=\"wp-block-heading\">Accept your feelings<\/h3>\n\n\n\n<p>If you accept the above mentioned feeling and just let it be there, sooner or later it will disappear by itself. It is easier to be aware that a certain feeling is there right now and to accept it than to want to actively fight against it. The feeling will pass and then you will have won. <\/p>\n\n\n\n<h3 class=\"wp-block-heading\">Come into action<\/h3>\n\n\n\n<p>When you're angry, sad, or down, you probably do things that reinforce those emotions. However, these behaviors cause your negative emotions to become even stronger.<\/p>\n\n\n\n<p>And now you need to take action to change this! To change your negative emotions, you should do things that change your mood. <\/p>\n\n\n\n<h2 class=\"wp-block-heading\">Wie funktioniert die &#8222;Master Your Reaction&#8220; Challenge?<\/h2>\n\n\n\n<p>You identify a situation in which you would like to change your reactions. In the example above, this was, for example, driving a car. Now you try to consciously control your reactions and emotions for 30 days. How you can do this, we have written down in short form. <\/p>\n\n\n\n<p>Have you done it? Then keep this new behavior and write us. You will receive your Life Score points for it, because you have improved your life a little bit again. <\/p>\n\n\n\n<h2 class=\"wp-block-heading\">Life Score points for the Master Your Reaction Challenge<\/h2>\n\n\n<div class=\"wp-block-image\">\n<figure class=\"aligncenter size-medium\"><img loading=\"lazy\" decoding=\"async\" width=\"300\" height=\"300\" src=\"https:\/\/rockyourgoal.de\/wp-content\/uploads\/2022\/08\/LSP-Emotionen-300x300.png\" alt=\"\" class=\"wp-image-8295\" srcset=\"https:\/\/rockyourgoal.de\/wp-content\/uploads\/2022\/08\/LSP-Emotionen-300x300.png 300w, https:\/\/rockyourgoal.de\/wp-content\/uploads\/2022\/08\/LSP-Emotionen-150x150.png 150w, https:\/\/rockyourgoal.de\/wp-content\/uploads\/2022\/08\/LSP-Emotionen-768x769.png 768w, https:\/\/rockyourgoal.de\/wp-content\/uploads\/2022\/08\/LSP-Emotionen-12x12.png 12w, https:\/\/rockyourgoal.de\/wp-content\/uploads\/2022\/08\/LSP-Emotionen-850x851.png 850w, https:\/\/rockyourgoal.de\/wp-content\/uploads\/2022\/08\/LSP-Emotionen.png 1000w\" sizes=\"auto, (max-width: 300px) 100vw, 300px\" \/><\/figure>\n<\/div>\n\n\n<p>If you have managed to master your reactions for one month at one thing, then you have <strong>20 Life-Score Points<\/strong> . <\/p>\n\n\n\n<h2 class=\"wp-block-heading\">So you can take part at the\u00a0<em>Master Your Reaction CHALLENGE<\/em>\u00a0.<\/h2>\n\n\n\n<ul class=\"wp-block-list\">\n<li><a href=\"https:\/\/rockyourgoal.de\/en\/timeless-challenge\/#Anmeldung_und_Leistungsumfang\">Melde Dich bei der Timeless Challenge an!<\/a><\/li>\n\n\n\n<li><a href=\"https:\/\/rockyourgoal.de\/en\/wb-admin\/?action=register\">Registriere Dich (falls noch nicht geschehen) bei dieser Seite (klick auf diesen Satz)<\/a><\/li>\n\n\n\n<li>Jetzt hei\u00dft es &#8222;cool down&#8220; f\u00fcr 30 Tage!<\/li>\n\n\n\n<li>Wenn Du diese Challenge geschafft hast, dann kannst Du stolz auf Dich sein! Aber nicht nur das. F\u00fcll bitte das untere Formular (nur sichtbar wenn Du registriert und angemeldet bist) aus. Einen Nachweis brauchen wir nicht, denn diese Challenge hast Du nur f\u00fcr Dich gemacht! Wir schicken Dir die Murmel zu. Die Life 20 Score Points werden Dir automatisch gutgeschrieben und im\u00a0<a href=\"https:\/\/rockyourgoal.de\/en\/timeless-challenge\/#Life_Museum\">Life Museum<\/a>\u00a0erg\u00e4nzt. Bitte schreibe Deine Lieferadresse f\u00fcr die Murmel in die \u201eNotes\u201c im Formular.<\/li>\n<\/ul>\n\n\n\n\n\n\n<h2 class=\"wp-block-heading\">The Master Your Reaction Challenge on social media<\/h2>\n\n\n\n<p>If you want to inspire others, then of course you can also use our social media offers. <\/p>\n\n\n\n<h3 class=\"wp-block-heading\">The Master Your Reaction Challenge on Facebook<\/h3>\n\n\n\n<p>Wir laden Dich herzlich ein Dich mit Anderen in unserer Gruppe &#8222;Emotionen&#8220; auszutauschen. <\/p>\n\n\n\n<h3 class=\"wp-block-heading\">Hashtags<\/h3>\n\n\n\n<ul class=\"wp-block-list\">\n<li>#timelesschallenge<\/li>\n\n\n\n<li>#tcmasteryourreaction<\/li>\n\n\n\n<li>#timelesschallenger<\/li>\n<\/ul>\n\n\n\n<p><\/p>","protected":false},"excerpt":{"rendered":"<p>Du f\u00e4hrst mit guter Laune von der Arbeit nach Hause und singst zu Deiner Lieblingsmusik. Nur noch ein Kreisverkehr dann bist Du bei Deinen Liebsten angekommen. Du f\u00e4hrst locker in den Kreisverkehr ein und merkst schon, dass der Wagen vor Dir irgendwie unsicher ist. Du m\u00f6chtest nach Hause und \u00e4rgerst&hellip;<\/p>\n<p> <a class=\"more-link\" href=\"https:\/\/rockyourgoal.de\/en\/timeless-challenge\/emotionen\/master-your-reaction\/\">Read more<\/a><\/p>","protected":false},"author":2,"featured_media":6874,"parent":13005,"menu_order":0,"comment_status":"open","ping_status":"closed","template":"","meta":{"pgc_sgb_lightbox_settings":"","_glsr_average":0,"_glsr_ranking":0,"_glsr_reviews":0,"footnotes":""},"class_list":["post-6856","page","type-page","status-publish","has-post-thumbnail"],"_links":{"self":[{"href":"https:\/\/rockyourgoal.de\/en\/wp-json\/wp\/v2\/pages\/6856","targetHints":{"allow":["GET"]}}],"collection":[{"href":"https:\/\/rockyourgoal.de\/en\/wp-json\/wp\/v2\/pages"}],"about":[{"href":"https:\/\/rockyourgoal.de\/en\/wp-json\/wp\/v2\/types\/page"}],"author":[{"embeddable":true,"href":"https:\/\/rockyourgoal.de\/en\/wp-json\/wp\/v2\/users\/2"}],"replies":[{"embeddable":true,"href":"https:\/\/rockyourgoal.de\/en\/wp-json\/wp\/v2\/comments?post=6856"}],"version-history":[{"count":14,"href":"https:\/\/rockyourgoal.de\/en\/wp-json\/wp\/v2\/pages\/6856\/revisions"}],"predecessor-version":[{"id":18305,"href":"https:\/\/rockyourgoal.de\/en\/wp-json\/wp\/v2\/pages\/6856\/revisions\/18305"}],"up":[{"embeddable":true,"href":"https:\/\/rockyourgoal.de\/en\/wp-json\/wp\/v2\/pages\/13005"}],"wp:featuredmedia":[{"embeddable":true,"href":"https:\/\/rockyourgoal.de\/en\/wp-json\/wp\/v2\/media\/6874"}],"wp:attachment":[{"href":"https:\/\/rockyourgoal.de\/en\/wp-json\/wp\/v2\/media?parent=6856"}],"curies":[{"name":"wp","href":"https:\/\/api.w.org\/{rel}","templated":true}]}}