{"id":6705,"date":"2023-05-29T07:00:00","date_gmt":"2023-05-29T05:00:00","guid":{"rendered":"https:\/\/rockyourgoal.de\/?page_id=6705"},"modified":"2025-01-10T09:38:22","modified_gmt":"2025-01-10T08:38:22","slug":"couple-target","status":"publish","type":"page","link":"https:\/\/rockyourgoal.de\/en\/timeless-challenge\/emotionen\/couple-target\/","title":{"rendered":"Couple Target"},"content":{"rendered":"<p>Es gibt wenig St\u00e4rkeres auf der Welt als ein Paar das gemeinsam an einem Ziel arbeitet! Und genau darum geht es bei der &#8222;Couple Target&#8220; Challenge. Es geht um das Kanalisieren der gemeinsamen Kraft um ein Ziel gemeinsam zu erreichen. Es geht aber nicht nur um das Ziel, sondern es geht um den Zusammenhalt, das Vertrauen und das Erfahren der unendlichen Kraft einer gemeinsamen Unternehmung. <\/p>\n\n\n\n<p>Die &#8222;<em>Couple Target Challenge<\/em>&#8220; macht Beziehungen st\u00e4rker und erf\u00fcllt gemeinsame Lebenstr\u00e4ume. <\/p>\n\n\n<div class=\"wp-block-image\">\n<figure class=\"aligncenter size-full\"><a href=\"https:\/\/rockyourgoal.de\/wp-content\/uploads\/2022\/04\/couple-target-challenge.png\"><img loading=\"lazy\" decoding=\"async\" width=\"576\" height=\"432\" src=\"https:\/\/rockyourgoal.de\/wp-content\/uploads\/2022\/04\/couple-target-challenge.png\" alt=\"\" class=\"wp-image-6711\" srcset=\"https:\/\/rockyourgoal.de\/wp-content\/uploads\/2022\/04\/couple-target-challenge.png 576w, https:\/\/rockyourgoal.de\/wp-content\/uploads\/2022\/04\/couple-target-challenge-300x225.png 300w, https:\/\/rockyourgoal.de\/wp-content\/uploads\/2022\/04\/couple-target-challenge-16x12.png 16w\" sizes=\"auto, (max-width: 576px) 100vw, 576px\" \/><\/a><figcaption class=\"wp-element-caption\">Together you can do anything!<\/figcaption><\/figure>\n<\/div>\n\n\n<h2 class=\"wp-block-heading\">How does the Couple Target Challenge work?<\/h2>\n\n\n\n<p>You define a goal with your partner that is important to both of you. This can be a monthly, annual or longer-term goal. <\/p>\n\n\n\n<p>When you have agreed on a goal that is important to both of you, then you start to make a plan and implement it. And this is the most beautiful time! The joint work, the joint planning and the joint joy will show you how strong a relationship can make you as an individual. It creates an energy that you did not know before. <\/p>\n\n\n\n<p>If you have reached the goal, then contact us and send us an email. You will then additionally receive <em>Life-Score Punkte!<\/em><\/p>\n\n\n<div class=\"wp-block-image\">\n<figure class=\"aligncenter\"><a href=\"https:\/\/rockyourgoal.de\/en\/timeless-challenge\/#Anmeldung_und_Leistungsumfang\"><img loading=\"lazy\" decoding=\"async\" width=\"300\" height=\"145\" src=\"https:\/\/rockyourgoal.de\/wp-content\/uploads\/2022\/12\/image-1.png\" alt=\"\" class=\"wp-image-10083\" srcset=\"https:\/\/rockyourgoal.de\/wp-content\/uploads\/2022\/12\/image-1.png 300w, https:\/\/rockyourgoal.de\/wp-content\/uploads\/2022\/12\/image-1-18x9.png 18w\" sizes=\"auto, (max-width: 300px) 100vw, 300px\" \/><\/a><figcaption class=\"wp-element-caption\"><a href=\"https:\/\/rockyourgoal.de\/en\/timeless-challenge\/#Anmeldung_und_Leistungsumfang\">Die Couple Target Challenge geh\u00f6rt ebenfalls zur Timeless Challenge. Mach mit!<\/a><\/figcaption><\/figure>\n<\/div>\n\n\n<p><strong><em>Stay informed!<\/em><\/strong><\/p>\n\n\n\n<ul class=\"wp-block-list\">\n<li><strong>Instagram<\/strong>:&nbsp;<a rel=\"noreferrer noopener\" href=\"https:\/\/www.instagram.com\/timeless_challenge\" target=\"_blank\">@timeless_challenge<\/a><\/li>\n\n\n\n<li><strong>Facebook<\/strong>:&nbsp;<a rel=\"noreferrer noopener\" href=\"https:\/\/www.facebook.com\/rockyourgoal\" target=\"_blank\">Rockyourgoal<\/a><\/li>\n\n\n\n<li><strong>Twitter<\/strong>:&nbsp;<a rel=\"noreferrer noopener\" href=\"https:\/\/www.twitter.com\/goal_rock\" target=\"_blank\">@goal_rock<\/a><\/li>\n<\/ul>\n\n\n\n<h2 class=\"wp-block-heading\">Life Score Points for the Couple Target Challenge<\/h2>\n\n\n\n<p>So this is a challenge where we may need to communicate with each other a bit more, because it's entirely possible that your goal is something very special and you've earned special recognition for it. But basically, the following life score points are awarded for reaching a common goal:<\/p>\n\n\n\n<figure class=\"wp-block-table\"><table><tbody><tr><td><strong>Logo<\/strong><\/td><td><strong>Name<\/strong><\/td><td><strong>Life-Score Points<\/strong><\/td><td><strong>Note<\/strong><\/td><\/tr><tr><td><img loading=\"lazy\" decoding=\"async\" width=\"150\" height=\"120\" class=\"wp-image-6722\" style=\"width: 150px;\" src=\"http:\/\/rockyourgoal.de\/wp-content\/uploads\/2022\/04\/couple-target-challenge-logo.png\" alt=\"\" srcset=\"https:\/\/rockyourgoal.de\/wp-content\/uploads\/2022\/04\/couple-target-challenge-logo.png 3581w, https:\/\/rockyourgoal.de\/wp-content\/uploads\/2022\/04\/couple-target-challenge-logo-300x241.png 300w, https:\/\/rockyourgoal.de\/wp-content\/uploads\/2022\/04\/couple-target-challenge-logo-1024x821.png 1024w, https:\/\/rockyourgoal.de\/wp-content\/uploads\/2022\/04\/couple-target-challenge-logo-768x616.png 768w, https:\/\/rockyourgoal.de\/wp-content\/uploads\/2022\/04\/couple-target-challenge-logo-1536x1231.png 1536w, https:\/\/rockyourgoal.de\/wp-content\/uploads\/2022\/04\/couple-target-challenge-logo-2048x1642.png 2048w, https:\/\/rockyourgoal.de\/wp-content\/uploads\/2022\/04\/couple-target-challenge-logo-15x12.png 15w, https:\/\/rockyourgoal.de\/wp-content\/uploads\/2022\/04\/couple-target-challenge-logo-850x681.png 850w\" sizes=\"auto, (max-width: 150px) 100vw, 150px\" \/><\/td><td>Couple Target 30 Days<\/td><td>30<\/td><td>Achieve a common goal in 30 days<\/td><\/tr><\/tbody><\/table><\/figure>\n\n\n\n<h2 class=\"wp-block-heading\">How to get part at the Couple Target CHALLENGE<\/h2>\n\n\n\n<ul class=\"wp-block-list\">\n<li><a href=\"https:\/\/rockyourgoal.de\/en\/timeless-challenge\/#Anmeldung_und_Leistungsumfang\">Melde Dich bei der Timeless Challenge an!<\/a><\/li>\n\n\n\n<li><a href=\"https:\/\/rockyourgoal.de\/en\/wb-admin\/?action=register\">Registriere Dich (falls noch nicht geschehen) bei dieser Seite (klick auf diesen Satz)<\/a><\/li>\n\n\n\n<li>Define a goal together with your partner and work on it!<\/li>\n\n\n\n<li>Wenn ihr euer Ziel erf\u00fcllt habt, dann f\u00fcll bitte das untere Formular (nur sichtbar wenn Du registriert und angemeldet bist) aus. Wir schicken Dir die Murmel zu. Die Life Score Points werden Dir automatisch gutgeschrieben und im\u00a0<a href=\"https:\/\/rockyourgoal.de\/en\/timeless-challenge\/#Life_Museum\">Life Museum<\/a>\u00a0erg\u00e4nzt. Bitte schreibe Deine Lieferadresse in die \u201eNotes\u201c im Formular.<\/li>\n<\/ul>\n\n\n\n\n\n\n<h2 class=\"wp-block-heading\">The Couple Target Challenge on social media<\/h2>\n\n\n\n<p>If you (and your partner) would like to, tell others how you did with this challenge. Maybe you will inspire other couples. Then it will have been worth it twice. <\/p>\n\n\n\n<h3 class=\"wp-block-heading\">The Couple Target Challenge on Facebook<\/h3>\n\n\n\n<p>Wir laden Dich herzlich zum Austausch in unsere Facebook Gruppe &#8222;Beziehungen&#8220; ein. Dort kannst Du Dich mit Anderen \u00fcber die Couple Target Challenge austauschen. <\/p>\n\n\n\n<h3 class=\"wp-block-heading\">Hashtags<\/h3>\n\n\n\n<ul class=\"wp-block-list\">\n<li>#timelesschallenge<\/li>\n\n\n\n<li>#tccoupletarget<\/li>\n\n\n\n<li>#timelesschallenger<\/li>\n<\/ul>","protected":false},"excerpt":{"rendered":"<p>Es gibt wenig St\u00e4rkeres auf der Welt als ein Paar das gemeinsam an einem Ziel arbeitet! Und genau darum geht es bei der &#8222;Couple Target&#8220; Challenge. Es geht um das Kanalisieren der gemeinsamen Kraft um ein Ziel gemeinsam zu erreichen. Es geht aber nicht nur um das Ziel, sondern es&hellip;<\/p>\n<p> <a class=\"more-link\" href=\"https:\/\/rockyourgoal.de\/en\/timeless-challenge\/emotionen\/couple-target\/\">Read more<\/a><\/p>","protected":false},"author":2,"featured_media":6722,"parent":13005,"menu_order":0,"comment_status":"open","ping_status":"closed","template":"","meta":{"pgc_sgb_lightbox_settings":"","_glsr_average":0,"_glsr_ranking":0,"_glsr_reviews":0,"footnotes":""},"class_list":["post-6705","page","type-page","status-publish","has-post-thumbnail"],"_links":{"self":[{"href":"https:\/\/rockyourgoal.de\/en\/wp-json\/wp\/v2\/pages\/6705","targetHints":{"allow":["GET"]}}],"collection":[{"href":"https:\/\/rockyourgoal.de\/en\/wp-json\/wp\/v2\/pages"}],"about":[{"href":"https:\/\/rockyourgoal.de\/en\/wp-json\/wp\/v2\/types\/page"}],"author":[{"embeddable":true,"href":"https:\/\/rockyourgoal.de\/en\/wp-json\/wp\/v2\/users\/2"}],"replies":[{"embeddable":true,"href":"https:\/\/rockyourgoal.de\/en\/wp-json\/wp\/v2\/comments?post=6705"}],"version-history":[{"count":13,"href":"https:\/\/rockyourgoal.de\/en\/wp-json\/wp\/v2\/pages\/6705\/revisions"}],"predecessor-version":[{"id":18222,"href":"https:\/\/rockyourgoal.de\/en\/wp-json\/wp\/v2\/pages\/6705\/revisions\/18222"}],"up":[{"embeddable":true,"href":"https:\/\/rockyourgoal.de\/en\/wp-json\/wp\/v2\/pages\/13005"}],"wp:featuredmedia":[{"embeddable":true,"href":"https:\/\/rockyourgoal.de\/en\/wp-json\/wp\/v2\/media\/6722"}],"wp:attachment":[{"href":"https:\/\/rockyourgoal.de\/en\/wp-json\/wp\/v2\/media?parent=6705"}],"curies":[{"name":"wp","href":"https:\/\/api.w.org\/{rel}","templated":true}]}}