{"id":6644,"date":"2022-10-31T07:00:00","date_gmt":"2022-10-31T06:00:00","guid":{"rendered":"https:\/\/rockyourgoal.de\/?page_id=6644"},"modified":"2025-01-09T10:44:28","modified_gmt":"2025-01-09T09:44:28","slug":"animal-shelter-angel","status":"publish","type":"page","link":"https:\/\/rockyourgoal.de\/en\/timeless-challenge\/beziehungen\/animal-shelter-angel\/","title":{"rendered":"Animal Shelter Angel - Support animal shelters"},"content":{"rendered":"<p>In Tierheimen landen Tiere die sehr viel Leid mitgemacht haben. Hunde die noch wenige Tage davor ein zu Hause hatten und dann auf einer Autobahnrastst\u00e4tte angebunden wurden und zusehen mussten, wie ihr Herrchen ohne sie weg f\u00e4hrt. Katzen die zu Hause nicht mehr willkommen sind, aber auch viele verletzte Tiere die wieder aufgep\u00e4ppelt und gesund gepflegt werden. <\/p>\n\n\n\n<p>Animal shelters need support and are very grateful for help in any form. Everyone with a good heart and a little will can find a way to support the shelter around the corner and we want to provide the trigger for this with our Life Score points. <\/p>\n\n\n\n<p>This challenge is also a part of the Timeless Challenge!<\/p>\n\n\n<div class=\"wp-block-image\">\n<figure class=\"aligncenter\"><a href=\"https:\/\/rockyourgoal.de\/en\/timeless-challenge\/#Anmeldung_und_Leistungsumfang\"><img loading=\"lazy\" decoding=\"async\" width=\"300\" height=\"145\" src=\"https:\/\/rockyourgoal.de\/wp-content\/uploads\/2022\/11\/image.png\" alt=\"\" class=\"wp-image-9693\" srcset=\"https:\/\/rockyourgoal.de\/wp-content\/uploads\/2022\/11\/image.png 300w, https:\/\/rockyourgoal.de\/wp-content\/uploads\/2022\/11\/image-18x9.png 18w\" sizes=\"auto, (max-width: 300px) 100vw, 300px\" \/><\/a><figcaption class=\"wp-element-caption\"><a href=\"https:\/\/rockyourgoal.de\/en\/timeless-challenge\/#Anmeldung_und_Leistungsumfang\">Die Animal Shelter Angel Challenge ist Teil der Timeless Challenge. Mach mit!<\/a><\/figcaption><\/figure>\n<\/div>\n\n\n<blockquote class=\"wp-block-quote is-layout-flow wp-block-quote-is-layout-flow\">\n<p><em>I believe that every person can change the world with their actions! Make your life through meaningful actions (challenges) to something special and lasting! Make yourself immortal!<\/em><\/p>\n\n\n\n<p><em>We want&nbsp;<a rel=\"noreferrer noopener\" href=\"https:\/\/rockyourgoal.de\/en\/big5forlife\/trees4breeze\/\" target=\"_blank\">to plant one million trees worldwide<\/a>&nbsp;without begging for donations!<\/em> Uwe Kauntz<\/p>\n<\/blockquote>\n\n\n\n<p><strong><em>Stay informed!<\/em><\/strong><\/p>\n\n\n\n<ul class=\"wp-block-list\">\n<li><strong>Instagram<\/strong>:&nbsp;<a rel=\"noreferrer noopener\" href=\"https:\/\/www.instagram.com\/timeless_challenge\" target=\"_blank\">@timeless_challenge<\/a><\/li>\n\n\n\n<li><strong>Facebook<\/strong>:&nbsp;<a rel=\"noreferrer noopener\" href=\"https:\/\/www.facebook.com\/rockyourgoal\" target=\"_blank\">Rockyourgoal<\/a><\/li>\n\n\n\n<li><strong>Twitter<\/strong>:&nbsp;<a rel=\"noreferrer noopener\" href=\"https:\/\/www.twitter.com\/goal_rock\" target=\"_blank\">@goal_rock<\/a><\/li>\n<\/ul>\n\n\n\n<p>Wir wissen, dass tausende Menschen ehrenamtlich ohne irgendwelche Punkte oder Murmeln Tierheime unterst\u00fctzen, denn die Sache an sich steht bei diesen Menschen im Vordergrund. Wir sehen unsere Murmeln und Life-Score Punkte lediglich als kleinen Schubs und als Dankesch\u00f6n diese Aktion (eine Challenge ist es nicht) sowie als Idee die Tierheime zu unterst\u00fctzen und sind davon \u00fcberzeugt, dass wir damit ebenfalls die gute Sachen in den Vordergrund stellen!<\/p>\n\n\n<div class=\"wp-block-image\">\n<figure class=\"aligncenter size-full is-resized\"><a href=\"https:\/\/rockyourgoal.de\/wp-content\/uploads\/2022\/04\/tierheim-unterstuetzen.jpg\"><img loading=\"lazy\" decoding=\"async\" width=\"960\" height=\"643\" src=\"https:\/\/rockyourgoal.de\/wp-content\/uploads\/2022\/04\/tierheim-unterstuetzen.jpg\" alt=\"\" class=\"wp-image-6647\" style=\"width:482px;height:322px\" srcset=\"https:\/\/rockyourgoal.de\/wp-content\/uploads\/2022\/04\/tierheim-unterstuetzen.jpg 960w, https:\/\/rockyourgoal.de\/wp-content\/uploads\/2022\/04\/tierheim-unterstuetzen-300x201.jpg 300w, https:\/\/rockyourgoal.de\/wp-content\/uploads\/2022\/04\/tierheim-unterstuetzen-768x514.jpg 768w, https:\/\/rockyourgoal.de\/wp-content\/uploads\/2022\/04\/tierheim-unterstuetzen-18x12.jpg 18w, https:\/\/rockyourgoal.de\/wp-content\/uploads\/2022\/04\/tierheim-unterstuetzen-850x569.jpg 850w\" sizes=\"auto, (max-width: 960px) 100vw, 960px\" \/><\/a><\/figure>\n<\/div>\n\n\n<h2 class=\"wp-block-heading\">How can you support animal shelters?<\/h2>\n\n\n\n<ul class=\"wp-block-list\">\n<li>You can lend a hand in the animal houses, e.g. with the general care of the animals or with the cleaning of the enclosures and stables.<\/li>\n\n\n\n<li>Walking with the dogs<\/li>\n\n\n\n<li>Carry out follow-up checks in the area of animal placement<\/li>\n\n\n\n<li>Support at one of the many shelter festivals<\/li>\n\n\n\n<li>Monetary donations<\/li>\n\n\n\n<li>Donations in kind<\/li>\n\n\n\n<li>and much more.<\/li>\n<\/ul>\n\n\n\n<h2 class=\"wp-block-heading\">Wie funktioniert <em>Animal Shelter Angel?<\/em><\/h2>\n\n\n\n<p>You decide to support an animal shelter? You become an angel for the animals who thinks of them and helps them. You don't have to be rich, because you can help best with your time and your commitment on the spot. You will see how much happiness you can see in the eyes of animals when you spend time with them. <\/p>\n\n\n\n<p>But also donations in kind such as food donations, blankets, etc. are welcome at animal shelters. For this, however, you should necessarily consult with the shelter, so that they also receive the things that are really needed. <\/p>\n\n\n\n<p>Of course, you can also help with monetary donations. <\/p>\n\n\n\n<p>Ganz egal wie Du hilfst, Du hast Dir Life-Score Punkte daf\u00fcr verdient. Uns ist bewusst, dass unsere Life-Score Punkte nicht dein Hauptlohn sein werden, denn Tiere sind vorbehaltlos dankbar und zeigen dies auch. Aber vielleicht sind die Life-Score Punkte und diese &#8222;Challenge&#8220; f\u00fcr Dich der Ausl\u00f6ser mal im Tierheim zu helfen. Dann haben wir alles richtig gemacht!<\/p>\n\n\n\n<h2 class=\"wp-block-heading\">Life-Score Punkte f\u00fcr <em>Animal Shelter Angel<\/em><\/h2>\n\n\n\n<p>We have thought long and hard about how to reward your efforts in and for an animal shelter and have come to the following conclusion:<\/p>\n\n\n<div class=\"wp-block-image\">\n<figure class=\"aligncenter size-thumbnail\"><a href=\"https:\/\/rockyourgoal.de\/en\/timeless-challenge\/\"><img loading=\"lazy\" decoding=\"async\" width=\"150\" height=\"150\" src=\"https:\/\/rockyourgoal.de\/wp-content\/uploads\/2022\/08\/LSP-Beziehungen-1-150x150.png\" alt=\"\" class=\"wp-image-8294\" srcset=\"https:\/\/rockyourgoal.de\/wp-content\/uploads\/2022\/08\/LSP-Beziehungen-1-150x150.png 150w, https:\/\/rockyourgoal.de\/wp-content\/uploads\/2022\/08\/LSP-Beziehungen-1-300x300.png 300w, https:\/\/rockyourgoal.de\/wp-content\/uploads\/2022\/08\/LSP-Beziehungen-1-768x769.png 768w, https:\/\/rockyourgoal.de\/wp-content\/uploads\/2022\/08\/LSP-Beziehungen-1-12x12.png 12w, https:\/\/rockyourgoal.de\/wp-content\/uploads\/2022\/08\/LSP-Beziehungen-1-850x851.png 850w, https:\/\/rockyourgoal.de\/wp-content\/uploads\/2022\/08\/LSP-Beziehungen-1.png 1000w\" sizes=\"auto, (max-width: 150px) 100vw, 150px\" \/><\/a><figcaption class=\"wp-element-caption\">Neben gl\u00fccklichen Tieren kannst Du mit dieser Aktion auch die Life-Score Punkte und Murmel in ROT erreichen<\/figcaption><\/figure>\n<\/div>\n\n\n<figure class=\"wp-block-table\"><table><tbody><tr><td><strong>Logo<\/strong><\/td><td><strong>Name<\/strong><\/td><td><strong>Life-Score Points<\/strong><\/td><td><strong>Note<\/strong><\/td><\/tr><tr><td><img loading=\"lazy\" decoding=\"async\" width=\"150\" height=\"111\" class=\"wp-image-6713\" style=\"width: 150px;\" src=\"http:\/\/rockyourgoal.de\/wp-content\/uploads\/2022\/04\/animal-shelter-angel-logo.png\" alt=\"\" srcset=\"https:\/\/rockyourgoal.de\/wp-content\/uploads\/2022\/04\/animal-shelter-angel-logo.png 4024w, https:\/\/rockyourgoal.de\/wp-content\/uploads\/2022\/04\/animal-shelter-angel-logo-300x222.png 300w, https:\/\/rockyourgoal.de\/wp-content\/uploads\/2022\/04\/animal-shelter-angel-logo-1024x757.png 1024w, https:\/\/rockyourgoal.de\/wp-content\/uploads\/2022\/04\/animal-shelter-angel-logo-768x568.png 768w, https:\/\/rockyourgoal.de\/wp-content\/uploads\/2022\/04\/animal-shelter-angel-logo-1536x1136.png 1536w, https:\/\/rockyourgoal.de\/wp-content\/uploads\/2022\/04\/animal-shelter-angel-logo-2048x1514.png 2048w, https:\/\/rockyourgoal.de\/wp-content\/uploads\/2022\/04\/animal-shelter-angel-logo-16x12.png 16w, https:\/\/rockyourgoal.de\/wp-content\/uploads\/2022\/04\/animal-shelter-angel-logo-850x628.png 850w\" sizes=\"auto, (max-width: 150px) 100vw, 150px\" \/><\/td><td>Animal Shelter Angel on site outreach<\/td><td>5 points per hour<\/td><td><\/td><\/tr><tr><td><img loading=\"lazy\" decoding=\"async\" width=\"150\" height=\"111\" class=\"wp-image-6713\" style=\"width: 150px;\" src=\"http:\/\/rockyourgoal.de\/wp-content\/uploads\/2022\/04\/animal-shelter-angel-logo.png\" alt=\"\" srcset=\"https:\/\/rockyourgoal.de\/wp-content\/uploads\/2022\/04\/animal-shelter-angel-logo.png 4024w, https:\/\/rockyourgoal.de\/wp-content\/uploads\/2022\/04\/animal-shelter-angel-logo-300x222.png 300w, https:\/\/rockyourgoal.de\/wp-content\/uploads\/2022\/04\/animal-shelter-angel-logo-1024x757.png 1024w, https:\/\/rockyourgoal.de\/wp-content\/uploads\/2022\/04\/animal-shelter-angel-logo-768x568.png 768w, https:\/\/rockyourgoal.de\/wp-content\/uploads\/2022\/04\/animal-shelter-angel-logo-1536x1136.png 1536w, https:\/\/rockyourgoal.de\/wp-content\/uploads\/2022\/04\/animal-shelter-angel-logo-2048x1514.png 2048w, https:\/\/rockyourgoal.de\/wp-content\/uploads\/2022\/04\/animal-shelter-angel-logo-16x12.png 16w, https:\/\/rockyourgoal.de\/wp-content\/uploads\/2022\/04\/animal-shelter-angel-logo-850x628.png 850w\" sizes=\"auto, (max-width: 150px) 100vw, 150px\" \/><\/td><td>Animal Shelter Angel  &#8211; Sachspende<\/td><td>5 points per 10,- EUR value<\/td><td><\/td><\/tr><tr><td><img loading=\"lazy\" decoding=\"async\" width=\"150\" height=\"111\" class=\"wp-image-6713\" style=\"width: 150px;\" src=\"http:\/\/rockyourgoal.de\/wp-content\/uploads\/2022\/04\/animal-shelter-angel-logo.png\" alt=\"\" srcset=\"https:\/\/rockyourgoal.de\/wp-content\/uploads\/2022\/04\/animal-shelter-angel-logo.png 4024w, https:\/\/rockyourgoal.de\/wp-content\/uploads\/2022\/04\/animal-shelter-angel-logo-300x222.png 300w, https:\/\/rockyourgoal.de\/wp-content\/uploads\/2022\/04\/animal-shelter-angel-logo-1024x757.png 1024w, https:\/\/rockyourgoal.de\/wp-content\/uploads\/2022\/04\/animal-shelter-angel-logo-768x568.png 768w, https:\/\/rockyourgoal.de\/wp-content\/uploads\/2022\/04\/animal-shelter-angel-logo-1536x1136.png 1536w, https:\/\/rockyourgoal.de\/wp-content\/uploads\/2022\/04\/animal-shelter-angel-logo-2048x1514.png 2048w, https:\/\/rockyourgoal.de\/wp-content\/uploads\/2022\/04\/animal-shelter-angel-logo-16x12.png 16w, https:\/\/rockyourgoal.de\/wp-content\/uploads\/2022\/04\/animal-shelter-angel-logo-850x628.png 850w\" sizes=\"auto, (max-width: 150px) 100vw, 150px\" \/><\/td><td>Animal Shelter Angel &#8211; Geldspende<\/td><td>5 points per 10,- EUR donation<\/td><td><\/td><\/tr><\/tbody><\/table><\/figure>\n\n\n\n<h3 class=\"wp-block-heading\">Murmeln f\u00fcr Animal Shelter Angel<\/h3>\n\n\n\n<p>F\u00fcr <em>Animal Shelter Angel<\/em> kannst Du die wundersch\u00f6nen Murmeln in rot bekommen. <\/p>\n\n\n\n<p>Eine rote Murmel mit einem Durchmesser von 16mm<\/p>\n\n\n\n<ul class=\"wp-block-list\"><\/ul>\n\n\n\n<p>If you want the marble(s), please read on<\/p>\n\n\n\n<h2 class=\"wp-block-heading\">Wie kannst Du bei der Animal Shelter Angel Aktion mitmachen?<\/h2>\n\n\n\n<ul class=\"wp-block-list\">\n<li>Wenn Du das Tierheim nach Deinen Vorlieben unterst\u00fctzt hast, dann f\u00fcll bitte das untere Formular aus, mit der Mitteilung, dass Du die Challenge geschafft hast. Wir schicken Dir die wohlverdienten Life-Score Punkte und die Murmel zu. <\/li>\n\n\n\n<li><a href=\"https:\/\/rockyourgoal.de\/en\/timeless-challenge\/#Anmeldung_und_Leistungsumfang\">Melde Dich bei der Timeless Challenge an!<\/a><\/li>\n\n\n\n<li><a href=\"https:\/\/rockyourgoal.de\/en\/wb-admin\/?action=register\">Registriere Dich (falls noch nicht geschehen) bei dieser Seite (klick auf diesen Satz)<\/a><\/li>\n\n\n\n<li>Wenn Du das Tierheim nach Deinen Vorlieben unterst\u00fctzt hast, dann..<\/li>\n\n\n\n<li>F\u00fcll bitte das untere Formular (nur sichtbar wenn Du registriert und angemeldet bist) aus. Wir schicken Dir die Murmel zu. Die Life Score Points werden Dir automatisch gutgeschrieben und im\u00a0<a href=\"https:\/\/rockyourgoal.de\/en\/timeless-challenge\/#Life_Museum\">Life Museum<\/a>\u00a0erg\u00e4nzt. Bitte schreibe Deine Lieferadresse in die \u201eNotes\u201c im Formular.<\/li>\n<\/ul>\n\n\n\n\n\n\n<h2 class=\"wp-block-heading\">Animal Shelter Angel in Social Media<\/h2>\n\n\n\n<p>Do good and inspire others to do the same! You can do this (if you want) excellently via social media. <\/p>\n\n\n\n<h3 class=\"wp-block-heading\">Animal Shelter Angel auf Facebook<\/h3>\n\n\n\n<p>Wir laden Dich herzlich in unsere Facebook Gruppe &#8222;Beziehungen&#8220; ein. Hier kannst Du Dich mit Anderen austauschen. <\/p>\n\n\n\n<h3 class=\"wp-block-heading\">Our Hashtags<\/h3>\n\n\n\n<ul class=\"wp-block-list\">\n<li>#timelesschallenge<\/li>\n\n\n\n<li>#tcanimalshelterangel<\/li>\n\n\n\n<li>#timelesschallenger<\/li>\n<\/ul>","protected":false},"excerpt":{"rendered":"<p>In Tierheimen landen Tiere die sehr viel Leid mitgemacht haben. Hunde die noch wenige Tage davor ein zu Hause hatten und dann auf einer Autobahnrastst\u00e4tte angebunden wurden und zusehen mussten, wie ihr Herrchen ohne sie weg f\u00e4hrt. Katzen die zu Hause nicht mehr willkommen sind, aber auch viele verletzte Tiere&hellip;<\/p>\n<p> <a class=\"more-link\" href=\"https:\/\/rockyourgoal.de\/en\/timeless-challenge\/beziehungen\/animal-shelter-angel\/\">Read more<\/a><\/p>","protected":false},"author":2,"featured_media":6713,"parent":12936,"menu_order":0,"comment_status":"open","ping_status":"closed","template":"","meta":{"pgc_sgb_lightbox_settings":"","_glsr_average":0,"_glsr_ranking":0,"_glsr_reviews":0,"footnotes":""},"class_list":["post-6644","page","type-page","status-publish","has-post-thumbnail"],"_links":{"self":[{"href":"https:\/\/rockyourgoal.de\/en\/wp-json\/wp\/v2\/pages\/6644","targetHints":{"allow":["GET"]}}],"collection":[{"href":"https:\/\/rockyourgoal.de\/en\/wp-json\/wp\/v2\/pages"}],"about":[{"href":"https:\/\/rockyourgoal.de\/en\/wp-json\/wp\/v2\/types\/page"}],"author":[{"embeddable":true,"href":"https:\/\/rockyourgoal.de\/en\/wp-json\/wp\/v2\/users\/2"}],"replies":[{"embeddable":true,"href":"https:\/\/rockyourgoal.de\/en\/wp-json\/wp\/v2\/comments?post=6644"}],"version-history":[{"count":22,"href":"https:\/\/rockyourgoal.de\/en\/wp-json\/wp\/v2\/pages\/6644\/revisions"}],"predecessor-version":[{"id":18173,"href":"https:\/\/rockyourgoal.de\/en\/wp-json\/wp\/v2\/pages\/6644\/revisions\/18173"}],"up":[{"embeddable":true,"href":"https:\/\/rockyourgoal.de\/en\/wp-json\/wp\/v2\/pages\/12936"}],"wp:featuredmedia":[{"embeddable":true,"href":"https:\/\/rockyourgoal.de\/en\/wp-json\/wp\/v2\/media\/6713"}],"wp:attachment":[{"href":"https:\/\/rockyourgoal.de\/en\/wp-json\/wp\/v2\/media?parent=6644"}],"curies":[{"name":"wp","href":"https:\/\/api.w.org\/{rel}","templated":true}]}}