{"id":6512,"date":"2023-08-28T07:00:00","date_gmt":"2023-08-28T05:00:00","guid":{"rendered":"https:\/\/rockyourgoal.de\/?page_id=6512"},"modified":"2025-01-15T10:10:41","modified_gmt":"2025-01-15T09:10:41","slug":"no-coffee","status":"publish","type":"page","link":"https:\/\/rockyourgoal.de\/en\/timeless-challenge\/gesundheit\/no-coffee\/","title":{"rendered":"no coffee challenge - Give up coffee"},"content":{"rendered":"<p>A lot of coffee is drunk in Germany. It is said that the average German drinks around 150 liters of coffee a year. That's almost half a liter a day. <\/p>\n\n\n\n<p>Wenn ich \u00fcber das Thema &#8222;Kaffee&#8220; nachdenke, desto bewusster wird mir, wie sehr mein Alltag durch dieses schwarze Getr\u00e4nk gepr\u00e4gt wird. Das f\u00e4ngt direkt nach dem Aufstehen mit dem \u201eFr\u00fchst\u00fcckskaffee\u201c an, in der Arbeit dann \u00fcber den Tag verteilt mehrere kleine \u201eKaffeepausen\u201c, nach Feierabend noch schnell mit Freunden \u201eauf einen Kaffee\u201c und dann abends oft noch \u201eKaffee nach dem Essen\u201c, meist dem Espresso.<\/p>\n\n\n\n<p>In itself, coffee is certainly not the devil's stuff, but you should try out how you feel when you do without the beverage of desire for 30 days. I now know numerous people whose vitality and health has improved enormously with the renunciation of coffee. <\/p>\n\n\n<div class=\"wp-block-image\">\n<figure class=\"aligncenter size-full is-resized\"><a href=\"https:\/\/rockyourgoal.de\/wp-content\/uploads\/2022\/03\/no-coffee-challenge.jpg\"><img loading=\"lazy\" decoding=\"async\" width=\"960\" height=\"640\" src=\"https:\/\/rockyourgoal.de\/wp-content\/uploads\/2022\/03\/no-coffee-challenge.jpg\" alt=\"\" class=\"wp-image-6518\" style=\"width:458px;height:305px\" srcset=\"https:\/\/rockyourgoal.de\/wp-content\/uploads\/2022\/03\/no-coffee-challenge.jpg 960w, https:\/\/rockyourgoal.de\/wp-content\/uploads\/2022\/03\/no-coffee-challenge-300x200.jpg 300w, https:\/\/rockyourgoal.de\/wp-content\/uploads\/2022\/03\/no-coffee-challenge-768x512.jpg 768w, https:\/\/rockyourgoal.de\/wp-content\/uploads\/2022\/03\/no-coffee-challenge-18x12.jpg 18w, https:\/\/rockyourgoal.de\/wp-content\/uploads\/2022\/03\/no-coffee-challenge-850x567.jpg 850w\" sizes=\"auto, (max-width: 960px) 100vw, 960px\" \/><\/a><\/figure>\n<\/div>\n\n\n<p>But for that you just have to try it out. That is the reason why we have <em>&#8222;no coffe&#8220; challenge<\/em> have launched. 30 days without coffee. Tough, isn't it?<\/p>\n\n\n\n<p>The&nbsp;<em>No Coffee Challenge<\/em>&nbsp;is of course also part of the Timeless Challenge!<\/p>\n\n\n<div class=\"wp-block-image\">\n<figure class=\"aligncenter is-resized\"><a href=\"https:\/\/rockyourgoal.de\/en\/timeless-challenge\/#Anmeldung_und_Leistungsumfang\"><img loading=\"lazy\" decoding=\"async\" width=\"300\" height=\"145\" src=\"https:\/\/rockyourgoal.de\/wp-content\/uploads\/2022\/01\/timeless-challenge-durchsichtig-300x145.png\" alt=\"\" class=\"wp-image-5448\" style=\"width:238px;height:auto\" srcset=\"https:\/\/rockyourgoal.de\/wp-content\/uploads\/2022\/01\/timeless-challenge-durchsichtig-300x145.png 300w, https:\/\/rockyourgoal.de\/wp-content\/uploads\/2022\/01\/timeless-challenge-durchsichtig-1024x495.png 1024w, https:\/\/rockyourgoal.de\/wp-content\/uploads\/2022\/01\/timeless-challenge-durchsichtig-768x371.png 768w, https:\/\/rockyourgoal.de\/wp-content\/uploads\/2022\/01\/timeless-challenge-durchsichtig-1536x742.png 1536w, https:\/\/rockyourgoal.de\/wp-content\/uploads\/2022\/01\/timeless-challenge-durchsichtig-2048x990.png 2048w, https:\/\/rockyourgoal.de\/wp-content\/uploads\/2022\/01\/timeless-challenge-durchsichtig-850x411.png 850w\" sizes=\"auto, (max-width: 300px) 100vw, 300px\" \/><\/a><figcaption class=\"wp-element-caption\"><a href=\"https:\/\/rockyourgoal.de\/en\/timeless-challenge\/#Anmeldung_und_Leistungsumfang\">Die No Coffee Challenge ist eine Challenge der\u00a0Timeless Challenge. Mach mit!<\/a><\/figcaption><\/figure>\n<\/div>\n\n\n<p><strong><em>Stay informed!<\/em><\/strong><\/p>\n\n\n\n<ul class=\"wp-block-list\">\n<li><strong>Instagram<\/strong>:&nbsp;<a rel=\"noreferrer noopener\" href=\"https:\/\/www.instagram.com\/timeless_challenge\" target=\"_blank\">@timeless_challenge<\/a><\/li>\n\n\n\n<li><strong>Facebook<\/strong>:&nbsp;<a rel=\"noreferrer noopener\" href=\"https:\/\/www.facebook.com\/rockyourgoal\" target=\"_blank\">Rockyourgoal<\/a><\/li>\n\n\n\n<li><strong>Twitter<\/strong>:&nbsp;<a rel=\"noreferrer noopener\" href=\"https:\/\/www.twitter.com\/goal_rock\" target=\"_blank\">@goal_rock<\/a><\/li>\n<\/ul>\n\n\n\n<blockquote class=\"wp-block-quote is-layout-flow wp-block-quote-is-layout-flow\">\n<p><strong><em>We want to plant one million trees worldwide without begging for donations!<\/em><\/strong><\/p>\n\n\n\n<p>Uwe (Initiator)<\/p>\n<\/blockquote>\n\n\n\n<h2 class=\"wp-block-heading\">Regeln f\u00fcr die &#8222;no coffee challenge&#8220;<\/h2>\n\n\n\n<p>Du kannst jederzeit mit dieser Challenge beginnen. Daf\u00fcr musst Du genau 30 Tage auf Kaffee verzichten. Dazu z\u00e4hlen nat\u00fcrlich auch Espresso, Cappuchino&#8230;.. Das Einzige was noch in Ordnung ist, ist ein entkoffeinierter Kaffee. Aber ganz ehrlich, wenn Du schon einen Kaffeeverzicht praktizierst, kannst Du auch gleich auch auf entkoffeinierten Kaffee verzichten. <\/p>\n\n\n\n<h2 class=\"wp-block-heading\">Life Score Punkte f\u00fcr die &#8222;no coffe challenge&#8220;<\/h2>\n\n\n<div class=\"wp-block-image\">\n<figure class=\"aligncenter size-full\"><img loading=\"lazy\" decoding=\"async\" width=\"300\" height=\"300\" src=\"http:\/\/rockyourgoal.de\/wp-content\/uploads\/2022\/12\/image.png\" alt=\"\" class=\"wp-image-10036\" srcset=\"https:\/\/rockyourgoal.de\/wp-content\/uploads\/2022\/12\/image.png 300w, https:\/\/rockyourgoal.de\/wp-content\/uploads\/2022\/12\/image-150x150.png 150w, https:\/\/rockyourgoal.de\/wp-content\/uploads\/2022\/12\/image-12x12.png 12w\" sizes=\"auto, (max-width: 300px) 100vw, 300px\" \/><figcaption class=\"wp-element-caption\">Your personalized Life Score points<\/figcaption><\/figure>\n<\/div>\n\n\n<p>For a month without coffee you can get <strong>10 Life Score Punkte<\/strong> .<\/p>\n\n\n\n<p>F\u00fcll einfach das untere Formular aus, wenn Du die 30 Tage ohne Kaffee geschafft hast, dann schicken wir Dir die Life-Score Punkte zu.<\/p>\n\n\n\n<h2 class=\"wp-block-heading\">So you can take part the \"<em>No Coffee Challenge<\/em>\"!<\/h2>\n\n\n\n<ul class=\"wp-block-list\">\n<li><a href=\"https:\/\/rockyourgoal.de\/en\/wb-admin\/?action=register\">Register on this page<\/a>! Once registered, you can take part in all our challenges with this account.<\/li>\n\n\n\n<li>Nun hei\u00dft es einen Monat lang auf Kaffee zu verzichten und zu schauen wie Du Dich f\u00fchlst<\/li>\n\n\n\n<li>Wenn Du das geschafft hast, f\u00fcll bitte das Formular unten aus und Du bekommst von uns (kostenlos) die Murmel und die Life-Score Punkte gutgeschrieben. Easy, oder?<\/li>\n\n\n\n<li><a href=\"http:\/\/rockyourgoal.de\/wp-content\/uploads\/2024\/03\/Booklet-Challenge-Tool-1.pdf\">Eine genaue Beschreibung des Tools findest Du in unserem Booklet<\/a><\/li>\n<\/ul>\n\n\n\n\n\n\n<h2 class=\"wp-block-heading\">Die &#8222;no coffe challenge&#8220; auf Social Media<\/h2>\n\n\n\n<p>You'll certainly have a lot to talk about if you give up coffee for 30 days. You can do that, of course, but you don't have to. <\/p>\n\n\n\n<h3 class=\"wp-block-heading\">Die &#8222;no coffee challenge&#8220; auf Facebook<\/h3>\n\n\n\n<p>We invite you to join our group for an informal exchange about this challenge. <em>Sport and health<\/em> in Facebook.<\/p>\n\n\n\n<h3 class=\"wp-block-heading\">Our Hashtags<\/h3>\n\n\n\n<ul class=\"wp-block-list\">\n<li><em>#timelesschallenge<\/em> (show that you like this challenge)<\/li>\n\n\n\n<li>#tcno-coffee<\/li>\n<\/ul>","protected":false},"excerpt":{"rendered":"<p>In Deutschland wird viel Kaffee getrunken. Angeblich trinkt der durchschnittliche Deutsche rund 150 Liter Kaffee im Jahr. Das ist fast ein halber Liter t\u00e4glich. Wenn ich \u00fcber das Thema &#8222;Kaffee&#8220; nachdenke, desto bewusster wird mir, wie sehr mein Alltag durch dieses schwarze Getr\u00e4nk gepr\u00e4gt wird. Das f\u00e4ngt direkt nach dem&hellip;<\/p>\n<p> <a class=\"more-link\" href=\"https:\/\/rockyourgoal.de\/en\/timeless-challenge\/gesundheit\/no-coffee\/\">Read more<\/a><\/p>","protected":false},"author":2,"featured_media":6617,"parent":12548,"menu_order":0,"comment_status":"open","ping_status":"closed","template":"","meta":{"pgc_sgb_lightbox_settings":"","_glsr_average":0,"_glsr_ranking":0,"_glsr_reviews":0,"footnotes":""},"class_list":["post-6512","page","type-page","status-publish","has-post-thumbnail"],"_links":{"self":[{"href":"https:\/\/rockyourgoal.de\/en\/wp-json\/wp\/v2\/pages\/6512","targetHints":{"allow":["GET"]}}],"collection":[{"href":"https:\/\/rockyourgoal.de\/en\/wp-json\/wp\/v2\/pages"}],"about":[{"href":"https:\/\/rockyourgoal.de\/en\/wp-json\/wp\/v2\/types\/page"}],"author":[{"embeddable":true,"href":"https:\/\/rockyourgoal.de\/en\/wp-json\/wp\/v2\/users\/2"}],"replies":[{"embeddable":true,"href":"https:\/\/rockyourgoal.de\/en\/wp-json\/wp\/v2\/comments?post=6512"}],"version-history":[{"count":13,"href":"https:\/\/rockyourgoal.de\/en\/wp-json\/wp\/v2\/pages\/6512\/revisions"}],"predecessor-version":[{"id":18332,"href":"https:\/\/rockyourgoal.de\/en\/wp-json\/wp\/v2\/pages\/6512\/revisions\/18332"}],"up":[{"embeddable":true,"href":"https:\/\/rockyourgoal.de\/en\/wp-json\/wp\/v2\/pages\/12548"}],"wp:featuredmedia":[{"embeddable":true,"href":"https:\/\/rockyourgoal.de\/en\/wp-json\/wp\/v2\/media\/6617"}],"wp:attachment":[{"href":"https:\/\/rockyourgoal.de\/en\/wp-json\/wp\/v2\/media?parent=6512"}],"curies":[{"name":"wp","href":"https:\/\/api.w.org\/{rel}","templated":true}]}}