{"id":6482,"date":"2023-07-31T07:00:00","date_gmt":"2023-07-31T05:00:00","guid":{"rendered":"https:\/\/rockyourgoal.de\/?page_id=6482"},"modified":"2025-01-15T15:49:35","modified_gmt":"2025-01-15T14:49:35","slug":"sugar-free","status":"publish","type":"page","link":"https:\/\/rockyourgoal.de\/en\/timeless-challenge\/gesundheit\/sugar-free\/","title":{"rendered":"Sugar-free - Enjoy sugar-free"},"content":{"rendered":"<p>You are probably aware that you eat too much sugar. But you are not alone, most people in the world feel this way. But you should also be aware that you can control your sugar consumption. We offer you with the <em>Sugar-Free Challenge<\/em> a small motivational aid. <\/p>\n\n\n\n<p>Versuch doch mal, 30 Tage lang ohne das &#8222;wei\u00dfe Pulver&#8220; (also zuckerfrei) zu leben. Dabei musst Du sicherlich auf lieb gewonnene Produkte und Gewohnheiten verzichten, aber auch so eine Zeit kann man genie\u00dfen. Der Sinn dieser Challenge ist es, dass Du mal einen Monat lang ausprobierst ob es sich f\u00fcr Dich lohnt zuckerfrei zu leben. Vielleicht f\u00fchlst Du Dich so gut, dass Du das beibehalten m\u00f6chtest. Wenn nicht, dann hast Du es mal ausprobiert und wei\u00dft es. <\/p>\n\n\n<div class=\"wp-block-image\">\n<figure class=\"aligncenter size-full is-resized\"><a href=\"https:\/\/rockyourgoal.de\/wp-content\/uploads\/2022\/03\/sugar-free-challenge.jpg\"><img loading=\"lazy\" decoding=\"async\" width=\"960\" height=\"640\" src=\"https:\/\/rockyourgoal.de\/wp-content\/uploads\/2022\/03\/sugar-free-challenge.jpg\" alt=\"\" class=\"wp-image-6491\" style=\"width:512px;height:341px\" srcset=\"https:\/\/rockyourgoal.de\/wp-content\/uploads\/2022\/03\/sugar-free-challenge.jpg 960w, https:\/\/rockyourgoal.de\/wp-content\/uploads\/2022\/03\/sugar-free-challenge-300x200.jpg 300w, https:\/\/rockyourgoal.de\/wp-content\/uploads\/2022\/03\/sugar-free-challenge-768x512.jpg 768w, https:\/\/rockyourgoal.de\/wp-content\/uploads\/2022\/03\/sugar-free-challenge-18x12.jpg 18w, https:\/\/rockyourgoal.de\/wp-content\/uploads\/2022\/03\/sugar-free-challenge-850x567.jpg 850w\" sizes=\"auto, (max-width: 960px) 100vw, 960px\" \/><\/a><\/figure>\n<\/div>\n\n\n<h2 class=\"wp-block-heading\">Framework information around our sugar consumption<\/h2>\n\n\n\n<p>There are some great guides about sugar, its effects on our body and the benefits of avoiding sugar. We have no claim to completeness here, but would still like to offer you some brief framework information. <\/p>\n\n\n\n<p>The&nbsp;<em>Sougar Free Challenge<\/em>&nbsp;is of course also part of the Timeless Challenge!<\/p>\n\n\n<div class=\"wp-block-image\">\n<figure class=\"aligncenter is-resized\"><a href=\"https:\/\/rockyourgoal.de\/en\/timeless-challenge\/#Anmeldung_und_Leistungsumfang\"><img loading=\"lazy\" decoding=\"async\" width=\"300\" height=\"145\" src=\"https:\/\/rockyourgoal.de\/wp-content\/uploads\/2022\/01\/timeless-challenge-durchsichtig-300x145.png\" alt=\"\" class=\"wp-image-5448\" style=\"width:300px;height:auto\" srcset=\"https:\/\/rockyourgoal.de\/wp-content\/uploads\/2022\/01\/timeless-challenge-durchsichtig-300x145.png 300w, https:\/\/rockyourgoal.de\/wp-content\/uploads\/2022\/01\/timeless-challenge-durchsichtig-1024x495.png 1024w, https:\/\/rockyourgoal.de\/wp-content\/uploads\/2022\/01\/timeless-challenge-durchsichtig-768x371.png 768w, https:\/\/rockyourgoal.de\/wp-content\/uploads\/2022\/01\/timeless-challenge-durchsichtig-1536x742.png 1536w, https:\/\/rockyourgoal.de\/wp-content\/uploads\/2022\/01\/timeless-challenge-durchsichtig-2048x990.png 2048w, https:\/\/rockyourgoal.de\/wp-content\/uploads\/2022\/01\/timeless-challenge-durchsichtig-850x411.png 850w\" sizes=\"auto, (max-width: 300px) 100vw, 300px\" \/><\/a><figcaption class=\"wp-element-caption\"><a href=\"https:\/\/rockyourgoal.de\/en\/timeless-challenge\/#Anmeldung_und_Leistungsumfang\">Die Sugar Free Challenge ist eine Challenge der\u00a0Timeless Challenge. Mach mit!<\/a><\/figcaption><\/figure>\n<\/div>\n\n\n<p><strong><em>Stay informed!<\/em><\/strong><\/p>\n\n\n\n<ul class=\"wp-block-list\">\n<li><strong>Instagram<\/strong>:&nbsp;<a rel=\"noreferrer noopener\" href=\"https:\/\/www.instagram.com\/timeless_challenge\" target=\"_blank\">@timeless_challenge<\/a><\/li>\n\n\n\n<li><strong>Facebook<\/strong>:&nbsp;<a rel=\"noreferrer noopener\" href=\"https:\/\/www.facebook.com\/rockyourgoal\" target=\"_blank\">Rockyourgoal<\/a><\/li>\n\n\n\n<li><strong>Twitter<\/strong>:&nbsp;<a rel=\"noreferrer noopener\" href=\"https:\/\/www.twitter.com\/goal_rock\" target=\"_blank\">@goal_rock<\/a><\/li>\n<\/ul>\n\n\n\n<blockquote class=\"wp-block-quote is-layout-flow wp-block-quote-is-layout-flow\">\n<p><strong><em>We want to plant one million trees worldwide without begging for donations!<\/em><\/strong><\/p>\n\n\n\n<p>Uwe (Initiator)<\/p>\n<\/blockquote>\n\n\n\n<h3 class=\"wp-block-heading\">Where does sugar hide in our everyday lives?<\/h3>\n\n\n\n<p>Sure, there's sugar in chocolate, gummy bears, soft drinks (sure, there are sugar-free soft drinks, too) and other sweets. That's no secret. <\/p>\n\n\n\n<p>But did you know that sugar is also in bread, ketchup and sausage? Or in numerous dairy products, many mueslis, in applesauce, pickled cucumbers! or beet from the jar?<\/p>\n\n\n\n<p>Auf der Zutatenliste der Hersteller solltest Du bei den Begriffen &#8222;Glukose, Saccharose, Dextrose, Fruktosesirup, Glukosesirup, Laktose, Maltose, Malzextrakt, Dextrin, Maltodextrin&#8220; stutzig werden. <\/p>\n\n\n\n<h3 class=\"wp-block-heading\">What happens in your body when you live sugar-free for 30 days?<\/h3>\n\n\n\n<p>Ein Verzicht auf Zucker wird Dir viel abverlangen, Dir aber auch viele Vorteile bringen. Die ersten Tage wirst Du unter Hei\u00dfhunger auf Zucker leiden, vielleicht sp\u00fcrst Du das Fehlen des &#8222;Boosters&#8220; und vielleicht leidest Du sogar unter leichten Kopfschmerzen. Aber halte durch!<\/p>\n\n\n\n<p>After about a week, the situation changes fundamentally. Now your blood sugar level has adjusted, your metabolism is now adapted and you feel more energy throughout the day. You sleep better and deeper, but right now it is hard to keep up the sugar renunciation. <\/p>\n\n\n\n<p>After about two weeks your skin will be better and more elastic. The reason is that sugar increases inflammation levels and by avoiding sugar, the skin regulates itself and appears healthier and more vital. <\/p>\n\n\n\n<p>Your defenses become stronger (after all, you have less inflammation in your body) and you notice that you no longer get sick so easily. Through the natural insulin release, your blood pressure will regulate itself and also the mirror and the scales will show you changes. <\/p>\n\n\n\n<p>But also your craving for sugar will decrease and you will taste food much more intensely again. An apple suddenly tastes so much sweeter than before your abstinence phase!<\/p>\n\n\n\n<h3 class=\"wp-block-heading\">A few tips on how you can make your everyday life sugar-free<\/h3>\n\n\n\n<p>Okay, you've decided to follow the Sugar-Free Challenge for 30 days and give up sugar for 30 days. Applesauce, honey and agave syrup are also not allowed. <\/p>\n\n\n\n<p>If you still want to enjoy your morning cereal or a cake, there are a few sugar alternatives you can fall back on. Okay, we admit it's not a full replacement, but they'll get you by for 30 days. <\/p>\n\n\n\n<ul class=\"wp-block-list\">\n<li>Fruit pulp (not fruit must),<\/li>\n\n\n\n<li>Baking Cocoa,<\/li>\n\n\n\n<li>Nutmeg,<\/li>\n\n\n\n<li>Ground nuts,<\/li>\n\n\n\n<li>Dried fruit, <\/li>\n\n\n\n<li>Cinnamon,<\/li>\n\n\n\n<li>Bourbon vanilla,<\/li>\n\n\n\n<li>Gingerbread spice,<\/li>\n\n\n\n<li>grated lemon (or orange)<\/li>\n\n\n\n<li>Coconut flakes or coconut oil<\/li>\n<\/ul>\n\n\n\n<p>You can start your day with a sugar-free porridge or semolina with nuts and fruit. This way you start the day full of energy and vitamins. <\/p>\n\n\n\n<p>F\u00fcr Dein Mittagessen solltest Du auf Fertigessen (z.B. Fertigso\u00dfen wie Ketchup oder Pastaso\u00dfe) verzichten.  Wenn Du es Dir richtig hart geben willst, dann google mal die &#8222;Clean Eating Strategie&#8220;. Wie gesagt, es geht diese 30 Tage darum auszuprobieren und offen zu sein. <\/p>\n\n\n\n<p>If you're really craving sugar, take heart. These alternatives will help you:<\/p>\n\n\n\n<ul class=\"wp-block-list\">\n<li>Fresh fruit and berries<\/li>\n\n\n\n<li>Dried Fruit<\/li>\n\n\n\n<li>Nuts<\/li>\n\n\n\n<li>Fruit pulp (e.g. apple pulp)<\/li>\n\n\n\n<li>Natural yogurt with fruits<\/li>\n\n\n\n<li>Crackers, crispbread<\/li>\n\n\n\n<li>Carrot and cucumber sticks (yes guys, this is good for you too)<\/li>\n<\/ul>\n\n\n\n<p>Okay, despite all these tips, you have to be strong for 30 days. But honestly, if you can't do it, who will? Maybe it will help if you can convince your partner to join in too! It's more fun together and you can coordinate your purchases. <\/p>\n\n\n\n<h2 class=\"wp-block-heading\">Rules for the Sugar-Free Challenge<\/h2>\n\n\n\n<p>Du darfst 30 Tage lang keinen Zucker essen \ud83d\ude42 Naja, eigentlich ist es (wenn man genau ist) &#8222;kein verarbeiteter Zucker&#8220;. <\/p>\n\n\n\n<h2 class=\"wp-block-heading\">Here's how you can join the Sugar-Free Challenge<\/h2>\n\n\n\n<ul class=\"wp-block-list\">\n<li><a href=\"https:\/\/rockyourgoal.de\/en\/timeless-challenge\/#Anmeldung_und_Leistungsumfang\">Melde Dich bei der Timeless Challenge an!<\/a><\/li>\n\n\n\n<li><a href=\"https:\/\/rockyourgoal.de\/en\/wb-admin\/?action=register\">Registriere Dich (falls noch nicht geschehen) bei dieser Seite (klick auf diesen Satz)<\/a><\/li>\n\n\n\n<li>Wenn Du einen ganzen Monat (oder noch besser ein ganzes Jahr \u00fcber) auf Zucker verzichtet hast, hast Du die Challenge geschafft. <\/li>\n\n\n\n<li>F\u00fcll bitte das untere Formular (nur sichtbar wenn Du registriert und angemeldet bist) aus. Wir schicken Dir die Murmel zu. Die Life Score Points werden Dir automatisch gutgeschrieben und im\u00a0<a href=\"https:\/\/rockyourgoal.de\/en\/timeless-challenge\/#Life_Museum\">Life Museum<\/a>\u00a0erg\u00e4nzt. Bitte schreibe Deine Lieferadresse in die \u201eNotes\u201c im Formular.<\/li>\n<\/ul>\n\n\n\n<h2 class=\"wp-block-heading\">Life-Score Punkte f\u00fcr die Sugar-Free Challenge<\/h2>\n\n\n<div class=\"wp-block-image\">\n<figure class=\"aligncenter size-full\"><img loading=\"lazy\" decoding=\"async\" width=\"300\" height=\"300\" src=\"http:\/\/rockyourgoal.de\/wp-content\/uploads\/2022\/12\/image.png\" alt=\"\" class=\"wp-image-10036\" srcset=\"https:\/\/rockyourgoal.de\/wp-content\/uploads\/2022\/12\/image.png 300w, https:\/\/rockyourgoal.de\/wp-content\/uploads\/2022\/12\/image-150x150.png 150w, https:\/\/rockyourgoal.de\/wp-content\/uploads\/2022\/12\/image-12x12.png 12w\" sizes=\"auto, (max-width: 300px) 100vw, 300px\" \/><figcaption class=\"wp-element-caption\">Your personalized Life Score points<\/figcaption><\/figure>\n<\/div>\n\n\n<p>We know how hard it is to live without sugar for 30 days. That's why you have <strong>30 Life-Score<\/strong> Points earned! For each additional month you last, you'll earn another 10 Life Score points. <\/p>\n\n\n\n<h2 class=\"wp-block-heading\">The Sugar Free Challenge on social media<\/h2>\n\n\n\n<p>You can imagine how much added value you create if you also encourage other people to give up sugar. Therefore, feel free to share your experiences. Every person can make this world a little better. <\/p>\n\n\n\n<h3 class=\"wp-block-heading\">The Sugar Free Challenge on Facebook<\/h3>\n\n\n\n<p>We invite you to join our group for an informal exchange about this challenge. <em>Sport and health<\/em> in Facebook.<\/p>\n\n\n\n<h3 class=\"wp-block-heading\">Our Hashtags<\/h3>\n\n\n\n<ul class=\"wp-block-list\">\n<li><em>#timelesschallenge<\/em> (show that you like this challenge)<\/li>\n\n\n\n<li>#tchsugar-free<\/li>\n\n\n\n<li>#Timelesschallenger<\/li>\n<\/ul>","protected":false},"excerpt":{"rendered":"<p>Dir ist es bestimmt bewusst, dass Du zu viel Zucker isst. Aber Du bist nicht alleine, das geht den meisten Menschen auf der Welt so. Es sollte Dir aber auch bewusst sein, dass Du Deinen Zuckerkonsum steuern kannst. Wir bieten Dir mit der Sugar-Free Challenge eine kleine Motivationshilfe. Versuch doch&hellip;<\/p>\n<p> <a class=\"more-link\" href=\"https:\/\/rockyourgoal.de\/en\/timeless-challenge\/gesundheit\/sugar-free\/\">Read more<\/a><\/p>","protected":false},"author":2,"featured_media":13424,"parent":12548,"menu_order":0,"comment_status":"open","ping_status":"closed","template":"","meta":{"pgc_sgb_lightbox_settings":"","_glsr_average":0,"_glsr_ranking":0,"_glsr_reviews":0,"footnotes":""},"class_list":["post-6482","page","type-page","status-publish","has-post-thumbnail"],"_links":{"self":[{"href":"https:\/\/rockyourgoal.de\/en\/wp-json\/wp\/v2\/pages\/6482","targetHints":{"allow":["GET"]}}],"collection":[{"href":"https:\/\/rockyourgoal.de\/en\/wp-json\/wp\/v2\/pages"}],"about":[{"href":"https:\/\/rockyourgoal.de\/en\/wp-json\/wp\/v2\/types\/page"}],"author":[{"embeddable":true,"href":"https:\/\/rockyourgoal.de\/en\/wp-json\/wp\/v2\/users\/2"}],"replies":[{"embeddable":true,"href":"https:\/\/rockyourgoal.de\/en\/wp-json\/wp\/v2\/comments?post=6482"}],"version-history":[{"count":15,"href":"https:\/\/rockyourgoal.de\/en\/wp-json\/wp\/v2\/pages\/6482\/revisions"}],"predecessor-version":[{"id":18391,"href":"https:\/\/rockyourgoal.de\/en\/wp-json\/wp\/v2\/pages\/6482\/revisions\/18391"}],"up":[{"embeddable":true,"href":"https:\/\/rockyourgoal.de\/en\/wp-json\/wp\/v2\/pages\/12548"}],"wp:featuredmedia":[{"embeddable":true,"href":"https:\/\/rockyourgoal.de\/en\/wp-json\/wp\/v2\/media\/13424"}],"wp:attachment":[{"href":"https:\/\/rockyourgoal.de\/en\/wp-json\/wp\/v2\/media?parent=6482"}],"curies":[{"name":"wp","href":"https:\/\/api.w.org\/{rel}","templated":true}]}}