{"id":5704,"date":"2023-01-02T07:00:00","date_gmt":"2023-01-02T06:00:00","guid":{"rendered":"https:\/\/rockyourgoal.de\/?page_id=5704"},"modified":"2025-01-10T10:05:45","modified_gmt":"2025-01-10T09:05:45","slug":"drahtesel-on-tour","status":"publish","type":"page","link":"https:\/\/rockyourgoal.de\/en\/timeless-challenge\/umwelt\/drahtesel-on-tour\/","title":{"rendered":"Drahtesel (bike) on Tour"},"content":{"rendered":"<p>A few years ago I went with my family to the famous <a rel=\"noreferrer noopener\" href=\"https:\/\/rockyourgoal.de\/en\/an-der-donau-von-passau-nach-wien\/\" target=\"_blank\">Danube Cycle Route from Passau to Vienna<\/a> gefahren, meine erste gr\u00f6\u00dfere Radtour und seither liebe es seither mit dem Fahrrad unterwegs zu sein. <\/p>\n\n\n\n<p>Touren mit dem Drahtesel haben so viele Vorteile, aber ich sch\u00e4tze vor allem das intensive Erleben von Land und Leuten und die Bewegung. Radtouren kannst Du in jedem Alter machen und es ist eigentlich nicht wichtig ob Du das eBike nutzt oder mit reiner Muskelkraft Fahrrad f\u00e4hrst. Es geht darum aktiv zu werden und wertvolle Lebenszeit mit vielen unvergesslichen Momenten zu erleben. <\/p>\n\n\n\n<p>Aus diesem Grund m\u00f6chten wir Dir auch Life-Score Punkte f\u00fcr Mehrtagestouren mit dem Drahtesel geben. Diese z\u00e4hlen in der Timeless Challenge zu dem Bereich &#8222;<em>Our Planet<\/em>&#8222;, da Du damit die Umwelt sch\u00fctzt. Du erh\u00e4ltst also eine blaue Murmel.  <\/p>\n\n\n\n<p>Of course, these challenges would also fit for the area of health, but here we see the environmentally friendly locomotion, the experience of nature and the sustainable form of vacation with the bike in the foreground. <\/p>\n\n\n<div class=\"wp-block-image\">\n<figure class=\"aligncenter size-full is-resized\"><a href=\"https:\/\/rockyourgoal.de\/wp-content\/uploads\/2022\/02\/fahrradtour-drahtesel-on-tour.jpg\"><img loading=\"lazy\" decoding=\"async\" width=\"960\" height=\"640\" src=\"https:\/\/rockyourgoal.de\/wp-content\/uploads\/2022\/02\/fahrradtour-drahtesel-on-tour.jpg\" alt=\"\" class=\"wp-image-5746\" style=\"width:438px;height:292px\" srcset=\"https:\/\/rockyourgoal.de\/wp-content\/uploads\/2022\/02\/fahrradtour-drahtesel-on-tour.jpg 960w, https:\/\/rockyourgoal.de\/wp-content\/uploads\/2022\/02\/fahrradtour-drahtesel-on-tour-300x200.jpg 300w, https:\/\/rockyourgoal.de\/wp-content\/uploads\/2022\/02\/fahrradtour-drahtesel-on-tour-768x512.jpg 768w, https:\/\/rockyourgoal.de\/wp-content\/uploads\/2022\/02\/fahrradtour-drahtesel-on-tour-850x567.jpg 850w\" sizes=\"auto, (max-width: 960px) 100vw, 960px\" \/><\/a><\/figure>\n<\/div>\n\n\n<h2 class=\"wp-block-heading\" id=\"regeln\">Rules<\/h2>\n\n\n\n<p>Wir ver\u00f6ffentlichen auf dieser Seite die bekanntesten Rradtouren und vergeben daf\u00fcr individuelle Life-Score Punkte. Je nach L\u00e4nge und Schwierigkeitsgrad werden diese variieren. Sobald Du eine dieser Touren gefahren bist, hast Du Dir die Punkte redlich verdient. Diese z\u00e4hlen dann f\u00fcr Deinen Lebensbereich &#8222;Unser Planet&#8220;. <\/p>\n\n\n<div class=\"wp-block-image\">\n<figure class=\"aligncenter\"><a href=\"https:\/\/rockyourgoal.de\/en\/timeless-challenge\/#Anmeldung_und_Leistungsumfang\"><img loading=\"lazy\" decoding=\"async\" width=\"300\" height=\"145\" src=\"https:\/\/rockyourgoal.de\/wp-content\/uploads\/2022\/12\/image-1.png\" alt=\"\" class=\"wp-image-10083\" srcset=\"https:\/\/rockyourgoal.de\/wp-content\/uploads\/2022\/12\/image-1.png 300w, https:\/\/rockyourgoal.de\/wp-content\/uploads\/2022\/12\/image-1-18x9.png 18w\" sizes=\"auto, (max-width: 300px) 100vw, 300px\" \/><\/a><figcaption class=\"wp-element-caption\"><a href=\"https:\/\/rockyourgoal.de\/en\/timeless-challenge\/#Anmeldung_und_Leistungsumfang\">Die &#8222;Drahtesel on Tour&#8220;-Challenge geh\u00f6rt nat\u00fcrlich auch zur Timeless Challenge. Mach mit!<\/a><\/figcaption><\/figure>\n<\/div>\n\n\n<p><strong><em>Stay informed!<\/em><\/strong><\/p>\n\n\n\n<ul class=\"wp-block-list\">\n<li><strong>Instagram<\/strong>:&nbsp;<a rel=\"noreferrer noopener\" href=\"https:\/\/www.instagram.com\/timeless_challenge\" target=\"_blank\">@timeless_challenge<\/a><\/li>\n\n\n\n<li><strong>Facebook<\/strong>:&nbsp;<a rel=\"noreferrer noopener\" href=\"https:\/\/www.facebook.com\/rockyourgoal\" target=\"_blank\">Rockyourgoal<\/a><\/li>\n\n\n\n<li><strong>Twitter<\/strong>:&nbsp;<a rel=\"noreferrer noopener\" href=\"https:\/\/www.twitter.com\/goal_rock\" target=\"_blank\">@goal_rock<\/a><\/li>\n<\/ul>\n\n\n\n<h2 class=\"wp-block-heading\" id=\"fahrradtouren-und-deren-life-score-punkte\">Radtouren und deren Life-Score Punkte<\/h2>\n\n\n\n<p>Um diese absolut sinnvolle Challenge\/Unterst\u00fctzung zu meistern, hast Du verschiedene M\u00f6glichkeiten (siehe weiter unten). Dem entsprechend kannst Du auch unterschiedlich viele&nbsp;<em>Life-Score<\/em>&nbsp;points. Collect points and the popular marbles in blue.<\/p>\n\n\n<div class=\"wp-block-image\">\n<figure class=\"aligncenter\"><img loading=\"lazy\" decoding=\"async\" width=\"300\" height=\"300\" src=\"https:\/\/rockyourgoal.de\/wp-content\/uploads\/2022\/08\/LSP-Unser_Planet-300x300.png\" alt=\"\" class=\"wp-image-8298\" srcset=\"https:\/\/rockyourgoal.de\/wp-content\/uploads\/2022\/08\/LSP-Unser_Planet-300x300.png 300w, https:\/\/rockyourgoal.de\/wp-content\/uploads\/2022\/08\/LSP-Unser_Planet-150x150.png 150w, https:\/\/rockyourgoal.de\/wp-content\/uploads\/2022\/08\/LSP-Unser_Planet-768x769.png 768w, https:\/\/rockyourgoal.de\/wp-content\/uploads\/2022\/08\/LSP-Unser_Planet-12x12.png 12w, https:\/\/rockyourgoal.de\/wp-content\/uploads\/2022\/08\/LSP-Unser_Planet-850x851.png 850w, https:\/\/rockyourgoal.de\/wp-content\/uploads\/2022\/08\/LSP-Unser_Planet.png 1000w\" sizes=\"auto, (max-width: 300px) 100vw, 300px\" \/><figcaption class=\"wp-element-caption\">Get the popular blue marbles and life score points in blue!<\/figcaption><\/figure>\n<\/div>\n\n\n<p>Du siehst, dass wir uns viel M\u00fche gegeben haben mit der Auflistung der besten Fahrradtouren. Nat\u00fcrlich haben wir mit Radtouren in Deutschland, \u00d6sterreich und der Schweiz begonnen, m\u00f6chten aber immer mehr Fahrradtouren zur Verf\u00fcgung stellen. Wenn Du diesbez\u00fcglich noch einen Vorschlag hast, dann schreib uns einfach an! Wir pr\u00fcfen Deinen Vorschlag  und nehmen diesen dann gerne auf. <\/p>\n\n\n\n<h3 class=\"wp-block-heading\" id=\"fahrradtouren-in-deutschland\">Radtouren in Deutschland<\/h3>\n\n\n\n<figure class=\"wp-block-table\"><table><tbody><tr><td><strong>Name of the bike tour<\/strong><\/td><td><strong>Mileage<\/strong><\/td><td><strong>Daily stages<\/strong><\/td><td><strong>Life-Score Points<\/strong><\/td><td><strong>Description and further info<\/strong><\/td><\/tr><tr><td>Danube Cycle Route from Passau to Vienna<\/td><td>320<\/td><td>4 to 7<\/td><td>10<\/td><td>Beautiful bike tour along the Danube River<\/td><\/tr><tr><td>D-Route 1 &#8211; Nordseek\u00fcste<\/td><td>6000<\/td><td>75 to 150<\/td><td>200<\/td><td>The D-1 is the longest cycle route in the world (North Sea Cycle Route) and takes you through eight countries. <br><em>Du musst die Etappen nicht &#8222;am St\u00fcck&#8220; fahren<\/em><\/td><\/tr><tr><td>D-Route 2 &#8211; Ostseek\u00fcste<\/td><td>1100<\/td><td>14 to 20<\/td><td>100<\/td><td>The D-2 is incredibly varied along the Baltic coast. You certainly won't get bored! <br><em>Du musst die Etappen nicht &#8222;am St\u00fcck&#8220; fahren<\/em><\/td><\/tr><tr><td>D-Route 3 &#8211; Europaradweg R1<\/td><td>1000<\/td><td>13 to 18<\/td><td>100<\/td><td>The D-3 is the German part of the Europaradweg R1 and leads from the Polish border to the Dutch border across Germany. <br><em>Du musst die Etappen nicht &#8222;am St\u00fcck&#8220; fahren<\/em><\/td><\/tr><tr><td>D-Route 4 &#8211; Mittellandroute<\/td><td>1074<\/td><td>14 to 19<\/td><td>100<\/td><td>The D-4 connects Aachen and Zittau, the westernmost and easternmost points of Germany. <br><em>Du musst die Etappen nicht &#8222;am St\u00fcck&#8220; fahren<\/em><\/td><\/tr><tr><td>D-Route 5: Saar\u2009\u2013\u2009Mosel\u2009\u2013\u2009Main<\/td><td>987<\/td><td>13 to 18<\/td><td>10<\/td><td>The D-5 connects the Saar Cycle Route from Saarbr\u00fccken to Konz, Moselle Cycle Route from Konz to Koblenz, Rhine Cycle Route from Koblenz to Mainz, Main Cycle Route from Mainz to Bayreuth and the Fichtelgebirge Cycle Route or the Burgenstrasse Cycle Route from Bayreuth to the Czech border.<br><em>Du musst die Etappen nicht &#8222;am St\u00fcck&#8220; fahren<\/em><\/td><\/tr><tr><td>D-Route 6: German Danube Route<\/td><td>600<\/td><td>7 to 15<\/td><td>10<\/td><td>The German route of the Danube Cycle Path leads from Weil am Rhein via Sigmaringen and Donauw\u00f6rth to Passau.<\/td><\/tr><tr><td>D-Route 7: Pilgrim Route<\/td><td>1000<\/td><td>13 to 18<\/td><td>100<\/td><td>The pilgrimage route is part of a European Eurovelo route from Trondheim in Norway to Santiago de Compostela in Spain. In Germany, it leads around 1000 kilometers from Flensburg to the cathedral city of Aachen.<br><em>Du musst die Etappen nicht &#8222;am St\u00fcck&#8220; fahren<\/em><\/td><\/tr><tr><td>D-Route 8: Rhine Route<\/td><td>1074<\/td><td>14 to 19<\/td><td>100<\/td><td>The German Rhine between Emmerich and Basel is mostly asphalted, mostly car-free and runs along the middle Rhine with the highlights such as the fairy-tale Middle Rhine Valley accompany romantic castles, ruins and rocks like the Loreley.<br><em>Du musst die Etappen nicht &#8222;am St\u00fcck&#8220; fahren<\/em><\/td><\/tr><tr><td>D-Route 9: Weser - Romantic Road<\/td><td>1174<\/td><td>15 to 21<\/td><td>100<\/td><td>This route takes you through Germany on the most direct north-south line, which includes the main landscape features and a variety of cultural and historical sights.<br><em>Du musst die Etappen nicht &#8222;am St\u00fcck&#8220; fahren<\/em><\/td><\/tr><tr><td>D-Route 10: Elbe Cycle Route<\/td><td>797<\/td><td>10 to 15<\/td><td>10<\/td><td>Except for short passages in Saxony, D-Route 10 is practically free of climbs. Along the Elbe offers a true variety of nature experiences. From the rich bird life of the Elbe valley floodplains, the densely wooded nature reserve near Lauenburg, the nature-loving cultural landscape \"Altes Land\" to the Wadden Sea National Park, there is much to discover.<br><em>Du musst die Etappen nicht &#8222;am St\u00fcck&#8220; fahren<\/em><\/td><\/tr><tr><td>D-Route 11: Baltic Sea - Upper Bavaria<\/td><td>1600<\/td><td>20 to 30<\/td><td>100<\/td><td>In addition to D-Route 9, this is the second major north-south crossing of Germany. It runs for about 1600 kilometers from Rostock to Freilassing.<br><em>Du musst die Etappen nicht &#8222;am St\u00fcck&#8220; fahren<\/em><\/td><\/tr><tr><td>D-Route 12: Oder-Neisse Cycle Route<\/td><td>600<\/td><td>7 to 15<\/td><td>10<\/td><td>On the Oder-Neisse Cycle Route you can discover the eastern border of Germany. This region is a sparsely populated flat river valley region.<br><em>Du musst die Etappen nicht &#8222;am St\u00fcck&#8220; fahren<\/em><\/td><\/tr><\/tbody><\/table><\/figure>\n\n\n\n<h3 class=\"wp-block-heading\">Radtouren in Frankreich<\/h3>\n\n\n\n<figure class=\"wp-block-table\"><table><tbody><tr><td><strong>Name of the bike tour<\/strong><\/td><td><strong>Mileage<\/strong><\/td><td><strong>Daily stages<\/strong><\/td><td><strong>Life-Score Points<\/strong><\/td><td><strong>Description and further info<\/strong><\/td><\/tr><tr><td>La V\u00e9lodyss\u00e9e<\/td><td>1300<\/td><td>7+<\/td><td>100<\/td><td>Aus England kommend, beginnt der Radfernweg La V\u00e9lodyss\u00e9e in der Bretagne und f\u00fchrt anschlie\u00dfend auf Radwanderwegen die Atlantikk\u00fcste hinunter bis zur nach Costa Vasca, im Baskenland. <br>Diese Radtour ist einfach wundersch\u00f6n, denn der Atlantik ist Dein st\u00e4ndiger Begleiter und sowohl die vielen Sehensw\u00fcrdigkeiten als auch wunderbare Fischgerichte machen diese Tour unvergesslich. Die V\u00e9lodyss\u00e9e ist gut ausgebaut und leicht zu fahren. Geeignet auch f\u00fcr Anf\u00e4nger und Familien. <br>Weitere Informationen findest Du unter <a href=\"https:\/\/de.francevelotourisme.com\/radroute\/la-velodyssee\" target=\"_blank\" rel=\"noreferrer noopener\">France Velo Tourisme<\/a><\/td><\/tr><\/tbody><\/table><\/figure>\n\n\n\n<h3 class=\"wp-block-heading\" id=\"fahrradtouren-in-osterreich\">Bicycle tours in Austria<\/h3>\n\n\n\n<figure class=\"wp-block-table\"><table><tbody><tr><td><strong>Name of the bike tour<\/strong><\/td><td><strong>Mileage<\/strong><\/td><td><strong>Daily stages<\/strong><\/td><td><strong>Life-Score Points<\/strong><\/td><td><strong>Description and further info<\/strong><\/td><\/tr><tr><td>Alpe Adria Cycle Route<\/td><td>410<\/td><td>5 to 9<\/td><td>10<\/td><td>Pedaling from Salzburg to Italy's vacation beaches - the Alpe-Adria Cycle Path really does make this cyclist's dream possible.<\/td><\/tr><tr><td>Drau cycle path<\/td><td>283<\/td><td>3 to 5<\/td><td>10<\/td><td>On the well signposted Drau cycle path you follow the river for almost 300 kilometers from East Tyrol via South Tyrol to Carinthia<\/td><\/tr><tr><td>Ennsradweg<\/td><td>250<\/td><td>3 to 6<\/td><td>10<\/td><td>This bike path takes you from the Niedere Tauern to the Danube. The area along the Enns is constantly changing, so that the longest inland river in the country has a lot of variety to offer.<\/td><\/tr><tr><td>Grossglockner High Alpine Road Cycle Route<\/td><td>252<\/td><td>4 to 6<\/td><td>10<\/td><td>You have to master over 1700 meters of altitude on this bike trail. Part of this spectacular bike trail is the 48 km long panoramic road over the passes Fuscher T\u00f6rl and Hochtor.<\/td><\/tr><\/tbody><\/table><\/figure>\n\n\n\n<h3 class=\"wp-block-heading\" id=\"fahrradtouren-in-der-schweiz\">Bicycle tours in Switzerland<\/h3>\n\n\n\n<figure class=\"wp-block-table\"><table><tbody><tr><td><strong>Name of the bike tour<\/strong><\/td><td><strong>Mileage<\/strong><\/td><td><strong>Daily stages<\/strong><\/td><td><strong>Life-Score Points<\/strong><\/td><td><strong>Beschreibung und weiterf\u00fchrende Informationen<\/strong><\/td><\/tr><tr><td>Aare bike tour<\/td><td>345<\/td><td>5 to 8<\/td><td>10<\/td><td>The bike path along the Aare River is well known in Switzerland. The route starts against an impressive mountain backdrop in Interlaken and leads to the national capital Bern.<\/td><\/tr><tr><td>Alpine Crossing - From North to South<\/td><td>340<\/td><td>5 to 8<\/td><td>10<\/td><td>The route connects two of the most beautiful cities in Switzerland Basel and Lugano<\/td><\/tr><tr><td>Jura-Route<\/td><td>295<\/td><td>5 to 7<\/td><td>10<\/td><td>The tour leads you over lonely plateaus, partly with spectacular views over the Swiss midland and into the high alps.<\/td><\/tr><tr><td>Rhine Cycle Route in Switzerland<\/td><td>250<\/td><td>4 to 6<\/td><td>10<\/td><td>This bike tour through the high mountains leads through the alpine countries of Switzerland, Liechtenstein and Austria and is still easy to classify. <\/td><\/tr><tr><td>Rh\u00f4ne route in Switzerland<\/td><td>290<\/td><td>4 to 7<\/td><td>10<\/td><td>The long-distance cycle route along the Rh\u00f4ne leads through various landscapes. Along the way you can see the impressive mountain scenery of Wallis<\/td><\/tr><\/tbody><\/table><\/figure>\n\n\n\n<h2 class=\"wp-block-heading\" id=\"so-kannst-du-bei-der-drahtesel-on-tour-challenge-mitmachen\">So kannst Du bei der &#8222;Drahtesel on Tour&#8220; Challenge mitmachen<\/h2>\n\n\n\n<ul class=\"wp-block-list\">\n<li>Choose a nice bike tour, enjoy the experiences and the country and people.<\/li>\n\n\n\n<li><a href=\"https:\/\/rockyourgoal.de\/en\/timeless-challenge\/#Anmeldung_und_Leistungsumfang\">Melde Dich bei der Timeless Challenge an!<\/a><\/li>\n\n\n\n<li><a href=\"https:\/\/rockyourgoal.de\/en\/wb-admin\/?action=register\">Registriere Dich (falls noch nicht geschehen) bei dieser Seite (klick auf diesen Satz)<\/a><\/li>\n\n\n\n<li>Choose a nice bike tour, enjoy the experiences and the country and people.<\/li>\n\n\n\n<li>Wenn Du die Tour hast, dann f\u00fcll bitte das passende (Punkte beachten), untere Formular (nur sichtbar wenn Du registriert und angemeldet bist) aus. Wir schicken Dir die Murmel zu. Die Life Score Points werden Dir automatisch gutgeschrieben und im\u00a0<a href=\"https:\/\/rockyourgoal.de\/en\/timeless-challenge\/#Life_Museum\">Life Museum<\/a>\u00a0erg\u00e4nzt. Bitte schreibe Deine Lieferadresse in die \u201eNotes\u201c im Formular.<\/li>\n<\/ul>\n\n\n\n\n\n\n\n\n\n\n\n\n<h2 class=\"wp-block-heading\" id=\"drahtesel-on-tour-in-social-media\">Drahtesel on Tour at Social Media<\/h2>\n\n\n\n<p>You will surely photograph many places and great views on your bike tours. We will be happy to see your pictures and videos. <\/p>\n\n\n\n<h3 class=\"wp-block-heading\" id=\"facebook-gruppe-fur-drahtesel-on-tour\">Facebook Gruppe f\u00fcr &#8222;Drahtesel on Tour&#8220;<\/h3>\n\n\n\n<p>Wir laden Dich herzlich zum zwanglosen Austausch \u00fcber diese Challenge in unsere Gruppe &#8222;<em>Our Planet<\/em>&#8220; in Facebook ein.<\/p>\n\n\n\n<h3 class=\"wp-block-heading\" id=\"unsere-hashtags\"># Our Hashtags<\/h3>\n\n\n\n<p>We have prepared the following hashtags for you for Instagram, Twitter and Co:<\/p>\n\n\n\n<ul class=\"wp-block-list\">\n<li>#timelesschallenge (show that you like the idea)<\/li>\n\n\n\n<li>#tcdrahteselontour<\/li>\n\n\n\n<li>#timelesschallenger<\/li>\n<\/ul>","protected":false},"excerpt":{"rendered":"<p>Vor wenigen Jahren bin ich mit meiner Familie den ber\u00fchmten Donauradweg von Passau nach Wien gefahren, meine erste gr\u00f6\u00dfere Radtour und seither liebe es seither mit dem Fahrrad unterwegs zu sein. Touren mit dem Drahtesel haben so viele Vorteile, aber ich sch\u00e4tze vor allem das intensive Erleben von Land und&hellip;<\/p>\n<p> <a class=\"more-link\" href=\"https:\/\/rockyourgoal.de\/en\/timeless-challenge\/umwelt\/drahtesel-on-tour\/\">Read more<\/a><\/p>","protected":false},"author":2,"featured_media":5767,"parent":12595,"menu_order":0,"comment_status":"open","ping_status":"closed","template":"","meta":{"pgc_sgb_lightbox_settings":"","_glsr_average":0,"_glsr_ranking":0,"_glsr_reviews":0,"footnotes":""},"class_list":["post-5704","page","type-page","status-publish","has-post-thumbnail"],"_links":{"self":[{"href":"https:\/\/rockyourgoal.de\/en\/wp-json\/wp\/v2\/pages\/5704","targetHints":{"allow":["GET"]}}],"collection":[{"href":"https:\/\/rockyourgoal.de\/en\/wp-json\/wp\/v2\/pages"}],"about":[{"href":"https:\/\/rockyourgoal.de\/en\/wp-json\/wp\/v2\/types\/page"}],"author":[{"embeddable":true,"href":"https:\/\/rockyourgoal.de\/en\/wp-json\/wp\/v2\/users\/2"}],"replies":[{"embeddable":true,"href":"https:\/\/rockyourgoal.de\/en\/wp-json\/wp\/v2\/comments?post=5704"}],"version-history":[{"count":45,"href":"https:\/\/rockyourgoal.de\/en\/wp-json\/wp\/v2\/pages\/5704\/revisions"}],"predecessor-version":[{"id":18233,"href":"https:\/\/rockyourgoal.de\/en\/wp-json\/wp\/v2\/pages\/5704\/revisions\/18233"}],"up":[{"embeddable":true,"href":"https:\/\/rockyourgoal.de\/en\/wp-json\/wp\/v2\/pages\/12595"}],"wp:featuredmedia":[{"embeddable":true,"href":"https:\/\/rockyourgoal.de\/en\/wp-json\/wp\/v2\/media\/5767"}],"wp:attachment":[{"href":"https:\/\/rockyourgoal.de\/en\/wp-json\/wp\/v2\/media?parent=5704"}],"curies":[{"name":"wp","href":"https:\/\/api.w.org\/{rel}","templated":true}]}}