{"id":5656,"date":"2022-12-12T07:00:00","date_gmt":"2022-12-12T06:00:00","guid":{"rendered":"https:\/\/rockyourgoal.de\/?page_id=5656"},"modified":"2025-01-08T15:40:31","modified_gmt":"2025-01-08T14:40:31","slug":"100trees","status":"publish","type":"page","link":"https:\/\/rockyourgoal.de\/en\/timeless-challenge\/umwelt\/100trees\/","title":{"rendered":"100 Trees \u2013 Trees for the earth"},"content":{"rendered":"<p>I love the forest and the forest is the reason why I started the Timeless Challenge! When I walk through the forest, I enjoy the clean air and this very special atmosphere between the trees. Emotionally, I cannot understand how people (I deliberately do not point the finger at certain nations or groups of people) destroy and cut down forests so unscrupulously, although they know about their importance for oxygen production, the climate, as a supplier of raw materials and for our mental balance. The fact is that we humans have always cleared more forest than we have planted, but that was not a problem in the past because there were not very many of us. <\/p>\n\n\n\n<p>But in the meantime the population of the earth has multiplied and more and more forest areas fall victim to our machines and fires. <\/p>\n\n\n\n<p>For a long time I believed that nothing could be done about it. How wrong I was!<\/p>\n\n\n\n<p>Each of us can contribute his small part to protect forest and already destroyed forest replant (reforest). And be it only 100 trees, and that is really not difficult. <\/p>\n\n\n\n<p>Hier m\u00f6chte ich Dir eine Auswahl an M\u00f6glichkeiten darstellen und hoffe, Du machst mit! Es wird nicht nur Deiner Seele gut tun und unserem Wald auf der Erde helfen, sondern Dir auch wertvolle Life-Score Punkte bei der Timeless Challenge bringen.<\/p>\n\n\n<div class=\"wp-block-image\">\n<figure class=\"aligncenter size-full is-resized\"><a href=\"https:\/\/rockyourgoal.de\/wp-content\/uploads\/2022\/02\/den-wald-schuetzen-und-wiederaufforsten.jpg\"><img loading=\"lazy\" decoding=\"async\" width=\"768\" height=\"512\" src=\"https:\/\/rockyourgoal.de\/wp-content\/uploads\/2022\/02\/den-wald-schuetzen-und-wiederaufforsten.jpg\" alt=\"\" class=\"wp-image-5659\" style=\"width:590px;height:393px\" srcset=\"https:\/\/rockyourgoal.de\/wp-content\/uploads\/2022\/02\/den-wald-schuetzen-und-wiederaufforsten.jpg 768w, https:\/\/rockyourgoal.de\/wp-content\/uploads\/2022\/02\/den-wald-schuetzen-und-wiederaufforsten-300x200.jpg 300w\" sizes=\"auto, (max-width: 768px) 100vw, 768px\" \/><\/a><\/figure>\n<\/div>\n\n\n<p>Die &#8222;100 Trees Challenge&#8220; geh\u00f6rt zur Timeless Challenge!<\/p>\n\n\n<div class=\"wp-block-image\">\n<figure class=\"aligncenter size-full\"><a href=\"https:\/\/rockyourgoal.de\/en\/timeless-challenge\/#Anmeldung_und_Leistungsumfang\"><img loading=\"lazy\" decoding=\"async\" width=\"300\" height=\"145\" src=\"https:\/\/rockyourgoal.de\/wp-content\/uploads\/2022\/12\/image-1.png\" alt=\"\" class=\"wp-image-10083\" srcset=\"https:\/\/rockyourgoal.de\/wp-content\/uploads\/2022\/12\/image-1.png 300w, https:\/\/rockyourgoal.de\/wp-content\/uploads\/2022\/12\/image-1-18x9.png 18w\" sizes=\"auto, (max-width: 300px) 100vw, 300px\" \/><\/a><figcaption class=\"wp-element-caption\">Die 100 Trees Challenge ist Teil der Timeless Challenge. Mach mit!<\/figcaption><\/figure>\n<\/div>\n\n\n<p><strong><em>Stay informed!<\/em><\/strong><\/p>\n\n\n\n<ul class=\"wp-block-list\">\n<li><strong>Instagram<\/strong>:&nbsp;<a rel=\"noreferrer noopener\" href=\"https:\/\/www.instagram.com\/timeless_challenge\" target=\"_blank\">@timeless_challenge<\/a><\/li>\n\n\n\n<li><strong>Facebook<\/strong>:&nbsp;<a rel=\"noreferrer noopener\" href=\"https:\/\/www.facebook.com\/rockyourgoal\" target=\"_blank\">Rockyourgoal<\/a><\/li>\n\n\n\n<li><strong>Twitter<\/strong>:&nbsp;<a rel=\"noreferrer noopener\" href=\"https:\/\/www.twitter.com\/goal_rock\" target=\"_blank\">@goal_rock<\/a><\/li>\n<\/ul>\n\n\n\n<h2 class=\"wp-block-heading\" id=\"life-score-punkte-fur-die-ad-challenge-laufer\">Life-Score Punkte f\u00fcr die &#8222;<em>100 Trees Challenge<\/em>&#8222;<\/h2>\n\n\n\n<p>To master this absolutely useful challenge\/support, you have various options (see below) accordingly, you can also choose different numbers of&nbsp;<em>Life-Score<\/em>&nbsp;points. Collect points and the popular marbles in blue.<\/p>\n\n\n<div class=\"wp-block-image\">\n<figure class=\"aligncenter size-medium\"><img loading=\"lazy\" decoding=\"async\" width=\"300\" height=\"300\" src=\"https:\/\/rockyourgoal.de\/wp-content\/uploads\/2022\/08\/LSP-Unser_Planet-300x300.png\" alt=\"\" class=\"wp-image-8298\" srcset=\"https:\/\/rockyourgoal.de\/wp-content\/uploads\/2022\/08\/LSP-Unser_Planet-300x300.png 300w, https:\/\/rockyourgoal.de\/wp-content\/uploads\/2022\/08\/LSP-Unser_Planet-150x150.png 150w, https:\/\/rockyourgoal.de\/wp-content\/uploads\/2022\/08\/LSP-Unser_Planet-768x769.png 768w, https:\/\/rockyourgoal.de\/wp-content\/uploads\/2022\/08\/LSP-Unser_Planet-12x12.png 12w, https:\/\/rockyourgoal.de\/wp-content\/uploads\/2022\/08\/LSP-Unser_Planet-850x851.png 850w, https:\/\/rockyourgoal.de\/wp-content\/uploads\/2022\/08\/LSP-Unser_Planet.png 1000w\" sizes=\"auto, (max-width: 300px) 100vw, 300px\" \/><figcaption class=\"wp-element-caption\">Hol Dir die beliebte blaue Murmel und Life-Score-Punkte f\u00fcr die 100-Trees-Challenge!<\/figcaption><\/figure>\n<\/div>\n\n\n<h2 class=\"wp-block-heading\" id=\"deine-moglichkeiten-den-wald-zu-schutzen\">Your ways to protect the forest<\/h2>\n\n\n\n<p>We are sure that we have only presented a very small selection of possibilities to protect the forest. If you have any other ideas, please let us know! We would be really grateful if we could offer our readers many more possibilities. After all, it helps us all!<\/p>\n\n\n\n<p>Grunds\u00e4tzlich sollte der Schutz des Waldes unsere erste Priorit\u00e4t sein, denn Tatsache ist &#8222;<em>A tree that is not cut down in the first place has a much higher added value than a newly planted tree<\/em>&#8222;.<\/p>\n\n\n\n<p>Im Folgenden stellen wir Dir Projekte vor, die wir super cool finden und die eine Unterst\u00fctzung verdienen. Nochmal unser Apell: Wenn Du noch weitere, tolle Projekte zur Wiederaufforstung kennst, schreib uns unter uwe@rockyourgoal.de. Wir freuen uns \u00fcber neue Ideen und vergeben gerne auch daf\u00fcr unsere Life-Score-Punkte sowie die begehrten, blauen Murmeln.<\/p>\n\n\n\n<h3 class=\"wp-block-heading\" id=\"bergwaldprojekt\">Bergwaldprojekt<\/h3>\n\n\n\n<p>During my research, this project really fascinated me. With a lot of personal commitment, the Bergwaldprojekt was founded as an association in 1987.  Here you can become active with your personal work for the preservation, care and protection of the forest as well as its reforestation. <\/p>\n\n\n\n<p>You can participate from the age of 18, the locations are all over Germany. An assignment lasts one week and that is also the time you have to spend in order to get <em><strong>100 Life-Score Points<\/strong><\/em> to earn. In addition, 100 Life Score points also means a <strong>blaue Murmel mit einem Durchmesser von 20mm<\/strong>.<\/p>\n\n\n\n<p>We cook together, spend the night in simple accommodations and eat regional mountain products together, often prepared over a campfire. <\/p>\n\n\n\n<p>It is going to be unforgettable!<\/p>\n\n\n\n<figure class=\"wp-block-table\"><table><tbody><tr><td><strong>Logo<\/strong><\/td><td><strong>Name<\/strong><\/td><td><strong>Life-Score Points<\/strong><\/td><td><strong>Note<\/strong><\/td><\/tr><tr><td><a href=\"https:\/\/www.bergwaldprojekt.de\/\" target=\"_blank\" rel=\"noreferrer noopener\"><img loading=\"lazy\" decoding=\"async\" width=\"150\" height=\"117\" class=\"wp-image-5673\" style=\"width: 150px;\" src=\"http:\/\/rockyourgoal.de\/wp-content\/uploads\/2022\/02\/bergwald-projekt.png\" alt=\"\"><\/a><\/td><td>Bergwaldprojekt<\/td><td>100<\/td><td>One week of work<\/td><\/tr><\/tbody><\/table><\/figure>\n\n\n\n<p>If you want to join us, sign up for one of the great <a rel=\"noreferrer noopener\" href=\"https:\/\/www.bergwaldprojekt.de\/\" target=\"_blank\">Projekts of the Bergwaldprojekt<\/a> Take pictures and collect the 100 Life Score points for an unforgettable week of work. <\/p>\n\n\n\n<h3 class=\"wp-block-heading\" id=\"trees4breeze-sporteln-fur-die-weltweite-wiederaufforstung\">Trees4Breeze &#8211; Sporteln f\u00fcr die weltweite Wiederaufforstung<\/h3>\n\n\n\n<p>Imagine you run your kilometers to stay fit and for every 7 kilometers you run, a tree is planted. You have no extra effort, because you would run anyway, but somewhere in the world a tree is planted that makes this world a better place. If you are not a runner, then this also works with cycling (12km for one tree) or even with the consumption of your calories in the gym or yoga (250 calories for one tree). <\/p>\n\n\n\n<p>This works very simply. Imagine you have a sponsor who pays for the saplings, a non-profit organization that plants the saplings and an app that represents your athletic performance and acts as an intermediary between sponsor and tree planter. All you have to do is sign up for the app and start playing! So there is no reason not to do it!<\/p>\n\n\n\n<p>Wir haben \u00fcbrigens ein Team mit dem Namen &#8222;<a rel=\"noreferrer noopener\" href=\"https:\/\/rockyourgoal.de\/en\/big5forlife\/trees4breeze\/\" target=\"_blank\">Trees4Breeze<\/a>&#8220; gegr\u00fcndet, welches sich als Ziel gesetzt hat insgesamt eine Million B\u00e4ume zu pflanzen. Wir w\u00fcrden uns freuen, wenn Du mitmachst. Wie das genau funktioniert findest Du auf unserer <a rel=\"noreferrer noopener\" href=\"https:\/\/rockyourgoal.de\/en\/big5forlife\/trees4breeze\/\" target=\"_blank\">Trees4Breeze<\/a>-site. <\/p>\n\n\n\n<p>As announced, you can not only make the world a better place, but also earn valuable <em>Life-Score<\/em> Points. <\/p>\n\n\n\n<figure class=\"wp-block-table\"><table><tbody><tr><td><strong>Logo<\/strong><\/td><td><strong>Name<\/strong><\/td><td><strong>Life-Score Points<\/strong><\/td><td><strong>Note<\/strong><\/td><\/tr><tr><td><a href=\"https:\/\/rockyourgoal.de\/en\/big5forlife\/trees4breeze\/\" target=\"_blank\" rel=\"noreferrer noopener\"><img loading=\"lazy\" decoding=\"async\" width=\"150\" height=\"113\" class=\"wp-image-3415\" style=\"width: 150px;\" src=\"http:\/\/rockyourgoal.de\/wp-content\/uploads\/2021\/07\/trees4breeze-1.png\" alt=\"\" srcset=\"https:\/\/rockyourgoal.de\/wp-content\/uploads\/2021\/07\/trees4breeze-1.png 1000w, https:\/\/rockyourgoal.de\/wp-content\/uploads\/2021\/07\/trees4breeze-1-300x225.png 300w, https:\/\/rockyourgoal.de\/wp-content\/uploads\/2021\/07\/trees4breeze-1-768x576.png 768w, https:\/\/rockyourgoal.de\/wp-content\/uploads\/2021\/07\/trees4breeze-1-850x638.png 850w\" sizes=\"auto, (max-width: 150px) 100vw, 150px\" \/><\/a><\/td><td>Trees4Breeze<\/td><td>100<\/td><td>F\u00fcr 1000 gepflanzte B\u00e4ume bekommst Du 100 Life-Score Punkte und eine blaue Murmel in der Gr\u00f6\u00dfe 20mm<\/td><\/tr><\/tbody><\/table><\/figure>\n\n\n\n<h2 class=\"wp-block-heading\" id=\"hintergrundinformationen-zu-waldern-und-deren-nutzen\">Background information on forests and their benefits<\/h2>\n\n\n\n<p>I'm sure you'll agree with me when I write that, in addition to economic benefits, forests have even greater benefits as converters of CO2 to oxygen, macro- and micro-climate regulators, and habitats for thousands of species of animals and plants. But let's take a closer look (if you feel like it):<\/p>\n\n\n\n<h3 class=\"wp-block-heading\" id=\"baume-pflanzen-gegen-den-klimawandel\">Planting trees against climate change<\/h3>\n\n\n\n<p>Die (Wieder-) Aufforstung von W\u00e4ldern stellt das gr\u00f6\u00dfte, nat\u00fcrliche Potential im Kampf gegen den Klimawandel dar, so eine Untersuchung. Diese Art des Klimaschutzes wird als &#8222;Natural Climate Solution&#8220; bezeichnet. <\/p>\n\n\n\n<p>Researchers at ETH Zurich evaluated the <a rel=\"noreferrer noopener\" href=\"https:\/\/utopia.de\/forscher-baeume-pflanzen-klimawandel-146378\/\" target=\"_blank\">study<\/a> analyzed more than 80,000 satellite images and were able to calculate that approximately 900,000 hectares of unused forest potential (e.g. degraded areas, wasteland, fallow land) exist on Earth. Interestingly, most of it not in the tropics. <\/p>\n\n\n\n<p>If we were to reforest these areas, we would be able to compensate for more than one third of man-made CO2 emissions. Of course, this is not a free pass for further such high CO2 emissions, but it helps a lot!<\/p>\n\n\n\n<h3 class=\"wp-block-heading\" id=\"baume-konnen-viel-mehr\">Trees can do much more<\/h3>\n\n\n\n<p>This alone is an extremely important reason to plant trees immediately, but forests provide a home for many animal and plant species. They are therefore indispensable for the preservation of biological diversity. <\/p>\n\n\n\n<p>Forests and their roots protect soils from erosion, and adjacent land from wind and frost. They also purify our air, allowing us to breathe freely, and keep nature's water balance in equilibrium.  Forests have a cooling effect and provide us with valuable recreational space.<\/p>\n\n\n\n<h2 class=\"wp-block-heading\">So kannst Du bei der &#8222;<em>100 Trees Challenge<\/em>&#8220; mitmachen?<\/h2>\n\n\n\n<ul class=\"wp-block-list\">\n<li><a href=\"https:\/\/rockyourgoal.de\/en\/timeless-challenge\/#Anmeldung_und_Leistungsumfang\">Melde Dich bei der Timeless Challenge an!<\/a><\/li>\n\n\n\n<li><a href=\"https:\/\/rockyourgoal.de\/en\/wb-admin\/?action=register\">Registriere Dich (falls noch nicht geschehen) bei dieser Seite (klick auf diesen Satz)<\/a><\/li>\n\n\n\n<li>Jetzt hei\u00dft es flei\u00dfig sein f\u00fcr den Naturschutz! Verdiene mit einem der oberen Projekte 100 Life Score Points.<\/li>\n\n\n\n<li>Wenn Du diese Leistung vollbracht hast, dann f\u00fcll bitte das untere Formular (nur sichtbar wenn Du registriert und angemeldet bist) aus. Wir schicken Dir die Murmel zu. Die Life Score Points werden Dir automatisch gutgeschrieben und im\u00a0<a href=\"https:\/\/rockyourgoal.de\/en\/timeless-challenge\/#Life_Museum\">Life Museum<\/a>\u00a0erg\u00e4nzt. Bitte schreibe Deine Lieferadresse in die \u201eNotes\u201c im Formular.<\/li>\n<\/ul>\n\n\n\n\n\n\n<h2 class=\"wp-block-heading\" id=\"die-ad-challenge-in-social-media\">The <em>&#8222;100 Trees Challenge&#8220;<\/em> in Social Media<\/h2>\n\n\n\n<p>If you like to share your progress on social media, then of course you can do that wonderfully with this challenge.<\/p>\n\n\n\n<h3 class=\"wp-block-heading\" id=\"facebook-gruppe-fur-die-ad-challenge\">Facebook group for the \"100 Trees Challenge\"<\/h3>\n\n\n\n<p>We cordially invite you to a casual exchange about this challenge in our group Environment in Facebook.<\/p>\n\n\n\n<h3 class=\"wp-block-heading\" id=\"unsere-hashtags\"># Our Hashtags<\/h3>\n\n\n\n<p>We have prepared the following hashtags for you for Instagram, Twitter and Co:<\/p>\n\n\n\n<ul class=\"wp-block-list\">\n<li><em>#timelesschallenge<\/em>&nbsp;(show that you like this challenge)<\/li>\n\n\n\n<li>#trees4breeze<\/li>\n\n\n\n<li>#tc100trees<\/li>\n\n\n\n<li>#timelesschallenger<\/li>\n<\/ul>","protected":false},"excerpt":{"rendered":"<p>Ich liebe den Wald und der Wald ist der Grund warum ich die Timeless Challenge gestartet habe! Wenn ich durch den Wald laufe, dann genie\u00dfe ich die saubere Luft und diese ganz besondere Atmosph\u00e4re zwischen den B\u00e4umen. Ich kann es gef\u00fchlsm\u00e4\u00dfig nicht nachvollziehen wie Menschen (ich zeige bewusst nicht mit&hellip;<\/p>\n<p> <a class=\"more-link\" href=\"https:\/\/rockyourgoal.de\/en\/timeless-challenge\/umwelt\/100trees\/\">Read more<\/a><\/p>","protected":false},"author":2,"featured_media":10173,"parent":12595,"menu_order":0,"comment_status":"open","ping_status":"closed","template":"","meta":{"pgc_sgb_lightbox_settings":"","_glsr_average":0,"_glsr_ranking":0,"_glsr_reviews":0,"footnotes":""},"class_list":["post-5656","page","type-page","status-publish","has-post-thumbnail"],"_links":{"self":[{"href":"https:\/\/rockyourgoal.de\/en\/wp-json\/wp\/v2\/pages\/5656","targetHints":{"allow":["GET"]}}],"collection":[{"href":"https:\/\/rockyourgoal.de\/en\/wp-json\/wp\/v2\/pages"}],"about":[{"href":"https:\/\/rockyourgoal.de\/en\/wp-json\/wp\/v2\/types\/page"}],"author":[{"embeddable":true,"href":"https:\/\/rockyourgoal.de\/en\/wp-json\/wp\/v2\/users\/2"}],"replies":[{"embeddable":true,"href":"https:\/\/rockyourgoal.de\/en\/wp-json\/wp\/v2\/comments?post=5656"}],"version-history":[{"count":41,"href":"https:\/\/rockyourgoal.de\/en\/wp-json\/wp\/v2\/pages\/5656\/revisions"}],"predecessor-version":[{"id":18134,"href":"https:\/\/rockyourgoal.de\/en\/wp-json\/wp\/v2\/pages\/5656\/revisions\/18134"}],"up":[{"embeddable":true,"href":"https:\/\/rockyourgoal.de\/en\/wp-json\/wp\/v2\/pages\/12595"}],"wp:featuredmedia":[{"embeddable":true,"href":"https:\/\/rockyourgoal.de\/en\/wp-json\/wp\/v2\/media\/10173"}],"wp:attachment":[{"href":"https:\/\/rockyourgoal.de\/en\/wp-json\/wp\/v2\/media?parent=5656"}],"curies":[{"name":"wp","href":"https:\/\/api.w.org\/{rel}","templated":true}]}}