{"id":5168,"date":"2021-12-22T13:30:46","date_gmt":"2021-12-22T12:30:46","guid":{"rendered":"http:\/\/rockyourgoal.de\/?page_id=5168"},"modified":"2021-12-22T13:54:02","modified_gmt":"2021-12-22T12:54:02","slug":"stirnlampen","status":"publish","type":"page","link":"https:\/\/rockyourgoal.de\/en\/meine-angebote\/trailrunning\/ausruestung\/stirnlampen\/","title":{"rendered":"Headlamps for trail running"},"content":{"rendered":"<p>Wenn Du dar\u00fcber nachdenkst, Dir eine Stirnlampe f\u00fcr das Trailrunning zu kaufen, dann hast Du schier endlose M\u00f6glichkeiten und eine ebenso gro\u00dfe Auswahl. In diesem Beitrag schreibe ich Dir meine Kriterien nach denen ich eine Kopflampe (Stirnlampe) kaufe. <\/p>\n\n\n\n<figure class=\"wp-block-image size-large\"><img loading=\"lazy\" decoding=\"async\" width=\"1024\" height=\"445\" src=\"http:\/\/rockyourgoal.de\/wp-content\/uploads\/2021\/12\/stirnlampen-auswahl-1024x445.png\" alt=\"\" class=\"wp-image-5170\" srcset=\"https:\/\/rockyourgoal.de\/wp-content\/uploads\/2021\/12\/stirnlampen-auswahl-1024x445.png 1024w, https:\/\/rockyourgoal.de\/wp-content\/uploads\/2021\/12\/stirnlampen-auswahl-300x130.png 300w, https:\/\/rockyourgoal.de\/wp-content\/uploads\/2021\/12\/stirnlampen-auswahl-768x334.png 768w, https:\/\/rockyourgoal.de\/wp-content\/uploads\/2021\/12\/stirnlampen-auswahl-850x370.png 850w, https:\/\/rockyourgoal.de\/wp-content\/uploads\/2021\/12\/stirnlampen-auswahl.png 1076w\" sizes=\"auto, (max-width: 1024px) 100vw, 1024px\" \/><figcaption>Die Auswahl an Stirnlampen f\u00fcr das Trailrunning ist riesig. Aber es gibt die f\u00fcr Dich Passende!<\/figcaption><\/figure>\n\n\n\n<h2 class=\"wp-block-heading\">Der Zweck bestimmt die richtige Stirnlampe<\/h2>\n\n\n\n<p>Ich werde Dir im Folgenden die verschiedenen M\u00f6glichkeiten die Dir heute moderne Stirnlampen bieten vorstellen und Dir sagen f\u00fcr welchen Zweck sie gemacht sind. So kannst Du die Stirnlampe finden, die Du f\u00fcr Deine Art des Trailrunning brauchst. <\/p>\n\n\n\n<h3 class=\"wp-block-heading\">Auf die Helligkeit kommt es an! <\/h3>\n\n\n\n<p>Die Helligkeit einer Stirnlampe wird in Lumen gerechnet. Die Anzahl an Lumen gibt an, wieviel Licht eine Lichtquelle in einer Zeiteinheit abgibt. Eine Stirnlampe kannst Du mit einer Leistung zwischen 80 und 1500 Lumen bekommen. Die meisten Modelle bieten Dir die M\u00f6glichkeit das Licht f\u00fcr die Weitsicht und Nahsicht einzustellen. <\/p>\n\n\n\n<p>Grunds\u00e4tzlich gilt, dass Stirnlampen bis zu 150 Lumen nur f\u00fcr sehr einfaches Gel\u00e4nde oder f\u00fcr den Gebrauch in geschlossenen R\u00e4umen oder im Zelt geeignet sind. Sie sind jedoch nicht daf\u00fcr geeignet um Dir im Dunkeln den Weg sicher auszuleuchten. <\/p>\n\n\n\n<p>Ich pers\u00f6nlich empfehle Dir f\u00fcr\u00b4s Trailrunning Stirnlampen zwischen 200 und 400 Lumen. Trotzdem gilt nat\u00fcrlich, je heller desto besser. Gerade wenn Du schnell in der Nacht l\u00e4ufst oder Du einen Klettersteig absteigen musst, dann bist Du f\u00fcr jedes Lumen mehr dankbar. Aber denk dran, dass mehr Licht auch mehr Batterieleistung verbraucht. <\/p>\n\n\n\n<h3 class=\"wp-block-heading\">Die Leistung der Batterie<\/h3>\n\n\n\n<p>Es ist nat\u00fcrlich leicht sich eine Stirnlampe mit einer m\u00f6glichst hohen Lumenanzahl zu kaufen. Aber Du solltest auch beachten, dass sie m\u00f6glichst lange leuchten kann. Und das h\u00e4ngt mit der Leistung der Batterie (Akku) zusammen. <\/p>\n\n\n\n<p>Wenn Du Deine Stirnlampe z.B. mit einer Leistung von 500 Lumen nutzt, dann h\u00e4lt diese bei den markt\u00fcblichen Modellen ca. zwei Stunden. Stellst Du sie jedoch auf 200 Lumen ein, dann h\u00e4lt sie \u00fcber f\u00fcnf Stunden. Die meisten Stirnlampen kannst Du in verschiedene Modi (high, medium, low) einstellen. Nun kennst Du den Grund daf\u00fcr \ud83d\ude42<\/p>\n\n\n\n<p>Ich empfehle Dir, dass Du Strom f\u00fcr mindestens acht Stunden hast, deshalb empfehle ich Dir eine Stirnlampe + einen Eratzakku. Aporopos Akku&#8230;. <\/p>\n\n\n\n<p>Stirnlampen werden mit unterschiedlichen Batteriesystemen geliefert. Es gibt Stirnlampen in die Du normale 1,5 Volt Batterien einsetzen kannst. Der Vorteil ist, dass Du \u00fcberall auf der Welt Ersatzbatterien kaufen kannst. Aber meist sind diese Stirnlampen etwas schwerer als Lampen mit eingebautem Akku. Ich empfehle Dir deshalb eine Stirnlampe f\u00fcr das Trailrunning zu nehmen, welche einen \u00fcber USB ladbaren Akku bietet. Es gibt Modelle bei denen Du den Akku einzeln wechseln kannst und f\u00fcr die es Ersatzakkus gibt. Diese sind wie bereits dargestellt sehr praktisch um eine l\u00e4ngere Leuchtdauer zu erreichen. <\/p>\n\n\n\n<h3 class=\"wp-block-heading\">Auf die Gr\u00f6\u00dfe kommt es an!<\/h3>\n\n\n\n<p>Du kannst Dir schon vorstellen, dass eine Stirnlampe mit steigender Leuchtkraft gr\u00f6\u00dfere Akkus braucht und dadurch insgesamt gr\u00f6\u00dfer und schwerer wird. F\u00fcr Dich als Traill\u00e4ufer kommt es also darauf an das f\u00fcr dich richtige Verh\u00e4ltnis zwischen Leuchtkraft, Akku-Leistung und Gewicht zu finden. Nicht nur das Gewicht der Lampe im Rucksack spielt eine Rolle, sondern vor allem das Gewicht auf Deiner Stirn. Je schwerer die Stirnlampe ist, desto unbequemer wird das Laufen f\u00fcr Dich. <\/p>\n\n\n\n<p>Es gibt Systeme von Stirnlampen die den Akku von der Leuchteinheit trennen. So kannst Du den Akku z.B. am Hinterkopf tragen, w\u00e4hrend die Leuchteinheit vorne mit einem Kabel verbunden ist. Oder der Akku ist im Rucksack, verbunden mit einem Kabel zu Deiner Leuchteinheit an der Stirn. Das macht vor allem dann Sinn, wenn du Deine Lampe in der K\u00e4lte nutzen m\u00f6chtest. Dann kannst Du die Batterie in Deine Jacke stecken, wo sie warm bleibt und somit nicht so schnell an Leistung verliert wie in der K\u00e4lte. <\/p>\n\n\n\n<h3 class=\"wp-block-heading\">Wasserdichtigkeit<\/h3>\n\n\n\n<p>Moderne Stirnlampen bringen meist einen gewissen Grad an Wasserdichtigkeit mit. Dies ist vor allem bei Regen und Schnee wichtig. Der Grad der Wasserdichtigkeit wird in IPX angegeben. Wenn Du Deine Stirnlampe beim Trailrunning und nicht beim Tauchen nutzen m\u00f6chtest, dann sollte diese bei starkem Regen und bei einem Schneesturm zuverl\u00e4ssig arbeiten. Daf\u00fcr brauchst Du einen IPX Score von mindestens 4. <\/p>\n\n\n\n<h3 class=\"wp-block-heading\">Besondere Features<\/h3>\n\n\n\n<p>Nun folgen ein paar Besonderheiten die manche Modelle bieten. Ich finde, dass diese nicht zwingend notwendig sind, aber manche sind sicherlich praktisch. Naja, ich liste sie Dir einfach mal auf. <\/p>\n\n\n\n<ul class=\"wp-block-list\"><li>&#8222;<strong>Lock Funktion<\/strong>&#8222;: Es kann Dir passieren, dass Du die Kopflampe aus Deinem Rucksack herausnimmst und feststellst, dass sie sich versehentlich eingeschaltet hatte und nun ist die Batterie leer. Damit das nicht passieren kann, gibt es den Lock-Mode. Damit kannst Du Deine Stirnlampe sperren, bis Du eine besondere Kombination von Tastendr\u00fccken bet\u00e4tigst. Somit ist ein ungewolltes Einschalten unm\u00f6glich. <\/li><li>&#8222;<strong>Reactive Technology&#8220;<\/strong>: Es gibt Stirnlampen die sich automatisch an die R\u00fcckstrahlung anpassen. Wenn Du z.B. eine Stra\u00dfenkarte lesen m\u00f6chtest, dann w\u00fcrde Dich das Licht der Stirnlame durch die Reflexion der Karte blenden. Deshalb gibt es diese reactive technology. Hier passt sich die Lampe automatisch an die R\u00fcckstrahlung der beleuchteten Fl\u00e4che an. Aber Vorsicht: Wenn Du in einer Gruppe l\u00e4ufst, dann kann das echt nerven, da sich die Lampe dauernd verstellt. <\/li><li><strong>Rotlicht<\/strong>: Wenn Du Deine Stirnlampe nur zum Trailrunning nutzen m\u00f6chtest, dann ist ein Rotlicht-Modus nicht wichtig. Wenn Du jedoch Campen m\u00f6chtest oder nicht den halben Wald ausleuchten m\u00f6chtest, dann hilft Dir dieser Modus Deinen Weg (z.B. zur Toilette) zu finden ohne den halben Campingplatz auszuleuchten. <\/li><li><strong>Batterie-Status-Anzeige<\/strong>: Manche Lampen zeigen Dir wie der Ladestatus deines Akkus gerade ist. Damit wei\u00dft Du immer wie lange Du noch Licht hast. <\/li><li><strong>Beschaffenheit des Kopfbandes<\/strong>: Manche Kopfleuchten haben breite, manche haben schmale B\u00e4nder. Manche B\u00e4nder sind aus Gummi, manche aus Stoff. Hier kommt es ganz drauf an was Du bevorzugst. <\/li><li><strong>Reserve-Modus<\/strong>: Es gibt Stirnlampen die auf 20 Lumen zur\u00fcckschalten wenn der Akku fast leer ist. Damit kannst Du dann weitere zwei Stunden mit einem kleinen Licht laufen. Das kann sehr sinnvoll sein, denn so hast Du zumindest etwas Restlicht. Genug um Deinen Weg zu finden. <\/li><\/ul>\n\n\n\n<h2 class=\"wp-block-heading\">Meine Empfehlung<\/h2>\n\n\n\n<p>Ich habe ein absolutes Lieblingsmodell, die <a rel=\"noreferrer noopener\" href=\"https:\/\/amzn.to\/3EnIuwK\" target=\"_blank\">FENIX HM65R-T<\/a>. Meiner Meinung nach gibt es kaum eine andere Stirnlampe die eine so geniale Kombination aus Leuchtkraft zu Akku-Laufzeit mit sich bringt. Aber schaut euch die Details weiter unten an!<\/p>\n\n\n\n<p><em>ACHTUNG! Wenn Du die Lampe \u00fcber meinen Link bestellst, dann bekomme ich eine kleine Provision. Du hast aber dadurch keine Nachteile und meine Entscheidung ist trotzdem unabh\u00e4ngig, da ich die Provision von jedem anderen Hersteller auch bekommen w\u00fcrde.<\/em> <em>Du unterst\u00fctzt mich dabei in meiner Arbeit, dass ich weiterhin solche Infos rund um das Trailrunning zusammenstellen kann. <\/em><\/p>\n\n\n\n<center><a target=\"_blank\" href=\"https:\/\/www.amazon.de\/gp\/product\/B08V22Z36Z\/ref=as_li_tl?ie=UTF8&amp;camp=1638&amp;creative=6742&amp;creativeASIN=B08V22Z36Z&amp;linkCode=as2&amp;tag=biggamfisboa-21&amp;linkId=36178fa5ca6b031104b1a538db998f16\" rel=\"noopener\"><img decoding=\"async\" border=\"0\" src=\"\/\/ws-eu.amazon-adsystem.com\/widgets\/q?_encoding=UTF8&amp;MarketPlace=DE&amp;ASIN=B08V22Z36Z&amp;ServiceVersion=20070822&amp;ID=AsinImage&amp;WS=1&amp;Format=_SL250_&amp;tag=biggamfisboa-21\"><\/a><\/center>\n\n\n\n<h3 class=\"wp-block-heading\">Die Leistungsdaten der FENIX HM65R-T<\/h3>\n\n\n\n<ul class=\"wp-block-list\"><li>Maximale Lichtleistung: 1500 Lumen!<\/li><li>Leuchtdauer: 1500 Lumen (High Mode) &#8211; 4 Stunden, 400 Lumen (Medium Mode) &#8211; bis zu 12 Stunden und 200 Lumen (Low Mode) bis zu 24 Stunden!<\/li><li>Wasserdichtigkeit: IP68 (wasserdicht bis zu 2 Metern Tiefe)<\/li><li>Batterie: 350 mAh Batterie (wiederaufladbar). Du kannst sie jederzeit \u00fcber einen Micro-USB-Anschluss laden. Aber auch eine zweite Ersatzbatterie mitzunehmen ist \u00fcberhaupt kein Problem. <\/li><li>Kopfband mit dem BOA Fit System: Du kannst mittels eines Drehknopfes die L\u00e4nge des Bandes stufenlos regeln. <\/li><li>Gewicht: 140 Gramm! Also extrem leicht. <\/li><\/ul>\n\n\n\n<p>F\u00fcr diese Stirnlampe gibt es sogar eine eigene Schutzbox (nicht im Lieferumfang enthalten). Diese habe ich jedoch nicht getestet. <\/p>\n\n\n\n<p>Ich denke, dass dieses Modell schwer zu toppen ist!<\/p>\n\n\n\n<h2 class=\"wp-block-heading\">Weitere Infos rund um Trailrunning<\/h2>\n\n\n\n<p><a href=\"http:\/\/rockyourgoal.de\/en\/meine-angebote\/trailrunning\/\" target=\"_blank\" rel=\"noreferrer noopener\">Die sch\u00f6nsten Trailrunning Strecken<\/a> die ich bisher gelaufen bin<\/p>\n\n\n\n<p>Infos und Tipps zu der richtigen <a href=\"http:\/\/rockyourgoal.de\/en\/meine-angebote\/trailrunning\/ausruestung\/\" target=\"_blank\" rel=\"noreferrer noopener\">Trailrunning equipment<\/a><\/p>\n\n\n\n<p><a href=\"http:\/\/rockyourgoal.de\/en\/meine-angebote\/trailrunning\/ausruestung\/trailrunning-rucksack\/\" target=\"_blank\" rel=\"noreferrer noopener\">The right running backpack<\/a> &#8211; Infos, Tipps und Tricks<\/p>\n\n\n\n<p><\/p>","protected":false},"excerpt":{"rendered":"<p>Wenn Du dar\u00fcber nachdenkst, Dir eine Stirnlampe f\u00fcr das Trailrunning zu kaufen, dann hast Du schier endlose M\u00f6glichkeiten und eine ebenso gro\u00dfe Auswahl. In diesem Beitrag schreibe ich Dir meine Kriterien nach denen ich eine Kopflampe (Stirnlampe) kaufe. Der Zweck bestimmt die richtige Stirnlampe Ich werde Dir im Folgenden die&hellip;<\/p>\n<p> <a class=\"more-link\" href=\"https:\/\/rockyourgoal.de\/en\/meine-angebote\/trailrunning\/ausruestung\/stirnlampen\/\">Read more<\/a><\/p>","protected":false},"author":2,"featured_media":0,"parent":4596,"menu_order":2,"comment_status":"open","ping_status":"closed","template":"","meta":{"pgc_sgb_lightbox_settings":"","_glsr_average":0,"_glsr_ranking":0,"_glsr_reviews":0,"footnotes":""},"class_list":["post-5168","page","type-page","status-publish"],"_links":{"self":[{"href":"https:\/\/rockyourgoal.de\/en\/wp-json\/wp\/v2\/pages\/5168","targetHints":{"allow":["GET"]}}],"collection":[{"href":"https:\/\/rockyourgoal.de\/en\/wp-json\/wp\/v2\/pages"}],"about":[{"href":"https:\/\/rockyourgoal.de\/en\/wp-json\/wp\/v2\/types\/page"}],"author":[{"embeddable":true,"href":"https:\/\/rockyourgoal.de\/en\/wp-json\/wp\/v2\/users\/2"}],"replies":[{"embeddable":true,"href":"https:\/\/rockyourgoal.de\/en\/wp-json\/wp\/v2\/comments?post=5168"}],"version-history":[{"count":23,"href":"https:\/\/rockyourgoal.de\/en\/wp-json\/wp\/v2\/pages\/5168\/revisions"}],"predecessor-version":[{"id":5196,"href":"https:\/\/rockyourgoal.de\/en\/wp-json\/wp\/v2\/pages\/5168\/revisions\/5196"}],"up":[{"embeddable":true,"href":"https:\/\/rockyourgoal.de\/en\/wp-json\/wp\/v2\/pages\/4596"}],"wp:attachment":[{"href":"https:\/\/rockyourgoal.de\/en\/wp-json\/wp\/v2\/media?parent=5168"}],"curies":[{"name":"wp","href":"https:\/\/api.w.org\/{rel}","templated":true}]}}