{"id":37,"date":"2019-06-12T14:50:15","date_gmt":"2019-06-12T12:50:15","guid":{"rendered":"http:\/\/rockyourgoal.de\/?page_id=37"},"modified":"2025-12-17T10:20:34","modified_gmt":"2025-12-17T09:20:34","slug":"big5forlife","status":"publish","type":"page","link":"https:\/\/rockyourgoal.de\/en\/big5forlife\/","title":{"rendered":"Meine &#8222;Big5ForLife&#8220; und Ich"},"content":{"rendered":"<p>Von den vielen B\u00fcchern die ich gelesen habe, hat mich das Buch &#8222;<em>The Big 5 for Life<\/em>&#8220; von <a href=\"https:\/\/www.johnstrelecky.com\/de\/\">John Strelecky<\/a> wirklich ber\u00fchrt und zum Nachdenken gebracht. Kurz zusammengefasst geht es darum, seinen pers\u00f6nlichen &#8222;<em>ZDE<\/em>&#8220; (Zweck der Existenz) und seine &#8222;<em>Big 5 For Life<\/em>&#8220; zu finden und diese dann umzusetzen. Die Big5ForLife werden als Synonym f\u00fcr die 5 wichtigsten Dinge die man in seinem Leben tun, erleben oder sehen will verwendet.<\/p>\n\n\n\n<p>Es geht eigentlich darum &#8222;vom Ende her&#8220; zu denken und seine pers\u00f6nlichen Big5ForLife aktiv zu realisieren, damit man vor dem Verlassen dieser Welt zufrieden sagen kann &#8222;<em>Geil war\u00b4s!<\/em>&#8220; . Es geht also darum, sich sein &#8222;Lebensmuseum&#8220; mit Erlebnissen zu f\u00fcllen an die man sich immer wieder gerne erinnert und seine 5 wichtigsten W\u00fcnsche zu erf\u00fcllen. John Strelecky empfiehlt, seine &#8222;Big 5 for Life&#8220; sogar hinten auf seine eigenen Visitenkarten zu drucken um st\u00e4ndig daran erinnert zu werden. Ich habe keine, aber ich habe diese Website&#8230;.<\/p>\n\n\n<div class=\"wp-block-image\">\n<figure class=\"aligncenter size-large is-resized\"><img loading=\"lazy\" decoding=\"async\" width=\"768\" height=\"512\" src=\"https:\/\/rockyourgoal.de\/wp-content\/uploads\/2024\/07\/big5forlife-bucketlist-768x512.jpg\" alt=\"\" class=\"wp-image-17656\" style=\"width:456px;height:auto\" srcset=\"https:\/\/rockyourgoal.de\/wp-content\/uploads\/2024\/07\/big5forlife-bucketlist.jpg 768w, https:\/\/rockyourgoal.de\/wp-content\/uploads\/2024\/07\/big5forlife-bucketlist-18x12.jpg 18w\" sizes=\"auto, (max-width: 768px) 100vw, 768px\" \/><\/figure>\n<\/div>\n\n\n<p><strong>Note<\/strong>: Aus dieser \u00dcberlegung heraus habe ich den Namen &#8222;<em><a href=\"https:\/\/rockyourgoal.de\/en\/timeless-challenge\/#Life_Museum\">Life Museum<\/a><\/em>&#8220; f\u00fcr die Gesamtheit der erreichten Life Score Points bei der Timeless Challenge gew\u00e4hlt. <\/p>\n\n\n\n<p>Ich habe meine Big5ForLife deshalb hier ver\u00f6ffentlicht, weil Du Transparenz dar\u00fcber bekommen sollst warum ich die Dinge so tue wie ich es mache. Es muss eben alles zusammenpassen und sich gut anf\u00fchlen.  Dann flie\u00dft die Energie!<\/p>","protected":false},"excerpt":{"rendered":"<p>Von den vielen B\u00fcchern die ich gelesen habe, hat mich das Buch &#8222;The Big 5 for Life&#8220; von John Strelecky wirklich ber\u00fchrt und zum Nachdenken gebracht. Kurz zusammengefasst geht es darum, seinen pers\u00f6nlichen &#8222;ZDE&#8220; (Zweck der Existenz) und seine &#8222;Big 5 For Life&#8220; zu finden und diese dann umzusetzen. Die&hellip;<\/p>\n<p> <a class=\"more-link\" href=\"https:\/\/rockyourgoal.de\/en\/big5forlife\/\">Read more<\/a><\/p>","protected":false},"author":2,"featured_media":12399,"parent":0,"menu_order":3,"comment_status":"closed","ping_status":"closed","template":"","meta":{"pgc_sgb_lightbox_settings":"","_glsr_average":0,"_glsr_ranking":0,"_glsr_reviews":0,"footnotes":""},"class_list":["post-37","page","type-page","status-publish","has-post-thumbnail"],"_links":{"self":[{"href":"https:\/\/rockyourgoal.de\/en\/wp-json\/wp\/v2\/pages\/37","targetHints":{"allow":["GET"]}}],"collection":[{"href":"https:\/\/rockyourgoal.de\/en\/wp-json\/wp\/v2\/pages"}],"about":[{"href":"https:\/\/rockyourgoal.de\/en\/wp-json\/wp\/v2\/types\/page"}],"author":[{"embeddable":true,"href":"https:\/\/rockyourgoal.de\/en\/wp-json\/wp\/v2\/users\/2"}],"replies":[{"embeddable":true,"href":"https:\/\/rockyourgoal.de\/en\/wp-json\/wp\/v2\/comments?post=37"}],"version-history":[{"count":12,"href":"https:\/\/rockyourgoal.de\/en\/wp-json\/wp\/v2\/pages\/37\/revisions"}],"predecessor-version":[{"id":21063,"href":"https:\/\/rockyourgoal.de\/en\/wp-json\/wp\/v2\/pages\/37\/revisions\/21063"}],"wp:featuredmedia":[{"embeddable":true,"href":"https:\/\/rockyourgoal.de\/en\/wp-json\/wp\/v2\/media\/12399"}],"wp:attachment":[{"href":"https:\/\/rockyourgoal.de\/en\/wp-json\/wp\/v2\/media?parent=37"}],"curies":[{"name":"wp","href":"https:\/\/api.w.org\/{rel}","templated":true}]}}