{"id":3334,"date":"2021-06-05T10:56:46","date_gmt":"2021-06-05T08:56:46","guid":{"rendered":"http:\/\/rockyourgoal.de\/?page_id=3334"},"modified":"2021-06-05T10:56:46","modified_gmt":"2021-06-05T08:56:46","slug":"50-prozent-provision","status":"publish","type":"page","link":"https:\/\/rockyourgoal.de\/en\/meine-angebote\/ocr-und-spartanrace\/ocr-trainingsplan\/hindernislauf-trainingsplan-fuer-fortgeschrittene-kurzdistanz\/50-prozent-provision\/","title":{"rendered":"Half is yours"},"content":{"rendered":"<p>Wie bei meinen Einsteigerpl\u00e4nen lohnt sich meine M\u00fche nur, wenn m\u00f6glichst viele Menschen mit meinen Trainingspl\u00e4nen trainieren und damit besser werden. Der Trainingsplan zielt auf Menschen die bereits OCR Erfahrung gemacht haben und nun auf die Kurzdistanz noch besser werden wollen. Es geht also um einen Plan f\u00fcr Fortgeschrittene Hindernisl\u00e4ufer die auf die Kurzdistanz performen wollen. Dieser Trainingsplan f\u00fchrt diese Athleten  zu ihrem Ziel.<\/p>\n\n\n\n<p>Da mir die gro\u00dfe Reichweite fehlt, brauche ich Dich damit die Menschen von diesem Plan erfahren!&nbsp;<strong>Daf\u00fcr biete ich Dir 50% der Einnahmen hinter jedem, \u00fcber Dich verkauften Trainingsplan an<\/strong>!<\/p>\n\n\n\n<p>Ich verlange f\u00fcr diesen Trainingsplan 12,- EUR. Digistore24 zieht von jedem Verkauf ca. 2,00 EUR an Geb\u00fchren ab.\u00a0<strong>Somit bleiben Dir ca. 5,00 EUR an Provision hinter jedem Verkauf!<\/strong> Also genau der Betrag der auch mir bleibt. Fair, oder? Wenn Du also eine eigene Website hast oder auf einem anderen Weg eine gro\u00dfe Reichweite, dann kannst Du mit meinen Pl\u00e4nen Geld verdienen. <\/p>\n\n\n\n<p>Ich habe den Plan geschrieben, Du bewirbst ihn weiter und wir teilen uns den Umsatz. Ich denke, das ist mehr als fair\u00a0<\/p>\n\n\n\n<h2 class=\"wp-block-heading\">How can you participate?<\/h2>\n\n\n\n<p>This way you can get your personal affiliate link:<\/p>\n\n\n\n<ol class=\"wp-block-list\" id=\"block-5fc2d2cf-5a3d-4978-9eed-73009fe02c89\"><li>Melde Dich (falls Du dort noch nicht registriert bist) kostenlos bei Digistore24 an\u00a0<a href=\"https:\/\/www.digistore24.com\/signup\/315225\/\">https:\/\/www.digistore24.com\/signup<\/a><\/li><li>Kopiere den Promotion Link.\u00a0<a href=\"https:\/\/www.digistore24.com\/redir\/358492\/AFFILIATE\/CAMPAIGNKEY\">https:\/\/www.digistore24.com\/redir\/387358\/AFFILIATE\/CAMPAIGNKEY<\/a><\/li><li>Bitte ersetze \u201eAFFILIATE\u201c durch deine DigiStore24 ID<\/li><li>If you have set up your own campaign for this, please enter the CAMPAIGNKEY. Otherwise please leave this field empty.<\/li><li>Wenn du deine ID einsetzt hast, ist keine zus\u00e4tzliche Anmeldung f\u00fcr das Produkt als Affiliate notwendig! Teile nun Deinen Link auf beliebige Art und verdien f\u00fcr jeden Verkauf 50% des Nettoverkaufspreises (ca. 5,00 EUR).<\/li><\/ol>\n\n\n\n<h2 class=\"wp-block-heading\">Hintergr\u00fcnde zu diesem konkreten Angebot<\/h2>\n\n\n\n<p>Ich wollte mit diesem Trainingsplan Sportlern die ihre Leistung auf die OCR Kurzdistanz verbessern m\u00f6chten ein optimales Training zu einem fairen Preis bieten. So ist dieser Plan entstanden.<\/p>\n\n\n\n<p>Wenn Du einen eigenen Blog hast oder eine gro\u00dfe Zahl an Social Media Followern, dann werde einfach ein Affiliate f\u00fcr diesen Trainingsplan, sprich \u00fcber diesen Plan und verdiene hinter jedem Verkauf hinter Deinem Empfehlungslink (Affiliate-Link) die H\u00e4lfte des Umsatzes!<\/p>\n\n\n\n<p>Du kannst mit wenig Aufwand ein passives Einkommen erzielen. Wie gesagt, ich teile br\u00fcderlich (50% der Einnahmen), denn mir ist bewusst, dass die Content-Erstellung nur die H\u00e4lfte des Weges ist. <\/p>\n\n\n\n<h2 class=\"wp-block-heading\">Werbemittel die Du nutzen darfst<\/h2>\n\n\n\n<p>F\u00fcr die Werbung f\u00fcr dieses Produkt stelle ich Dir folgende Bilddateien zur Verf\u00fcgung:<\/p>\n\n\n\n<figure class=\"wp-block-gallery columns-1 is-cropped wp-block-gallery-1 is-layout-flex wp-block-gallery-is-layout-flex\"><ul class=\"blocks-gallery-grid\"><li class=\"blocks-gallery-item\"><figure><a href=\"http:\/\/rockyourgoal.de\/wp-content\/uploads\/2021\/04\/trainingsplan-hindernislauf-kurzdistanz-fortgeschrittene-ebook.png\"><img loading=\"lazy\" decoding=\"async\" width=\"495\" height=\"652\" src=\"http:\/\/rockyourgoal.de\/wp-content\/uploads\/2021\/04\/trainingsplan-hindernislauf-kurzdistanz-fortgeschrittene-ebook.png\" alt=\"\" data-id=\"3058\" data-full-url=\"http:\/\/rockyourgoal.de\/wp-content\/uploads\/2021\/04\/trainingsplan-hindernislauf-kurzdistanz-fortgeschrittene-ebook.png\" data-link=\"http:\/\/rockyourgoal.de\/meine-angebote\/ocr-und-spartanrace\/ocr-trainingsplan\/hindernislauf-trainingsplan-fuer-fortgeschrittene-kurzdistanz\/trainingsplan-hindernislauf-kurzdistanz-fortgeschrittene-ebook\/\" class=\"wp-image-3058\" srcset=\"https:\/\/rockyourgoal.de\/wp-content\/uploads\/2021\/04\/trainingsplan-hindernislauf-kurzdistanz-fortgeschrittene-ebook.png 495w, https:\/\/rockyourgoal.de\/wp-content\/uploads\/2021\/04\/trainingsplan-hindernislauf-kurzdistanz-fortgeschrittene-ebook-228x300.png 228w, https:\/\/rockyourgoal.de\/wp-content\/uploads\/2021\/04\/trainingsplan-hindernislauf-kurzdistanz-fortgeschrittene-ebook-300x395.png 300w\" sizes=\"auto, (max-width: 495px) 100vw, 495px\" \/><\/a><figcaption class=\"blocks-gallery-item__caption\">12 Wochen Hindernislauf Trainingsplan f\u00fcr Fortgeschrittene &#8211; Kurzdistanz (12, -EUR)<\/figcaption><\/figure><\/li><\/ul><\/figure>","protected":false},"excerpt":{"rendered":"<p>Wie bei meinen Einsteigerpl\u00e4nen lohnt sich meine M\u00fche nur, wenn m\u00f6glichst viele Menschen mit meinen Trainingspl\u00e4nen trainieren und damit besser werden. Der Trainingsplan zielt auf Menschen die bereits OCR Erfahrung gemacht haben und nun auf die Kurzdistanz noch besser werden wollen. Es geht also um einen Plan f\u00fcr Fortgeschrittene Hindernisl\u00e4ufer&hellip;<\/p>\n<p> <a class=\"more-link\" href=\"https:\/\/rockyourgoal.de\/en\/meine-angebote\/ocr-und-spartanrace\/ocr-trainingsplan\/hindernislauf-trainingsplan-fuer-fortgeschrittene-kurzdistanz\/50-prozent-provision\/\">Read more<\/a><\/p>","protected":false},"author":2,"featured_media":0,"parent":3030,"menu_order":0,"comment_status":"closed","ping_status":"closed","template":"","meta":{"pgc_sgb_lightbox_settings":"","_glsr_average":0,"_glsr_ranking":0,"_glsr_reviews":0,"footnotes":""},"class_list":["post-3334","page","type-page","status-publish"],"_links":{"self":[{"href":"https:\/\/rockyourgoal.de\/en\/wp-json\/wp\/v2\/pages\/3334","targetHints":{"allow":["GET"]}}],"collection":[{"href":"https:\/\/rockyourgoal.de\/en\/wp-json\/wp\/v2\/pages"}],"about":[{"href":"https:\/\/rockyourgoal.de\/en\/wp-json\/wp\/v2\/types\/page"}],"author":[{"embeddable":true,"href":"https:\/\/rockyourgoal.de\/en\/wp-json\/wp\/v2\/users\/2"}],"replies":[{"embeddable":true,"href":"https:\/\/rockyourgoal.de\/en\/wp-json\/wp\/v2\/comments?post=3334"}],"version-history":[{"count":4,"href":"https:\/\/rockyourgoal.de\/en\/wp-json\/wp\/v2\/pages\/3334\/revisions"}],"predecessor-version":[{"id":3338,"href":"https:\/\/rockyourgoal.de\/en\/wp-json\/wp\/v2\/pages\/3334\/revisions\/3338"}],"up":[{"embeddable":true,"href":"https:\/\/rockyourgoal.de\/en\/wp-json\/wp\/v2\/pages\/3030"}],"wp:attachment":[{"href":"https:\/\/rockyourgoal.de\/en\/wp-json\/wp\/v2\/media?parent=3334"}],"curies":[{"name":"wp","href":"https:\/\/api.w.org\/{rel}","templated":true}]}}