{"id":3150,"date":"2021-05-12T15:58:17","date_gmt":"2021-05-12T13:58:17","guid":{"rendered":"http:\/\/rockyourgoal.de\/?page_id=3150"},"modified":"2021-05-12T16:12:40","modified_gmt":"2021-05-12T14:12:40","slug":"schlaf-fuer-sportler","status":"publish","type":"page","link":"https:\/\/rockyourgoal.de\/en\/meine-angebote\/mentaltraining-muenchen\/schlaf-fuer-sportler\/","title":{"rendered":"Good sleep and sport"},"content":{"rendered":"<p>Neben dem richtigen Training, einer vern\u00fcnftigen Ern\u00e4hrung &amp; der Arbeit an der mentalen St\u00e4rke, gibt es einen weiteren essentiellen Faktor f\u00fcr Sportler &amp; Athleten, die ihre Ziele erfolgreich meistern wollen.<br>Regeneration!<br>F\u00fcr viele Sportler liegt der Fokus auf dem Training und der Ern\u00e4hrung. Dabei wissen die wenigsten, dass sie extrem viel Potenzial verschenken, weil der Faktor \u201cRegeneration\u201d nur eine untergeordnete Rolle spielt. Das ist ein fataler Fehler, denn das perfekte Training folgt dem Prinzip der optimalen Gestaltung von Belastung &amp; Erholung.<\/p>\n\n\n\n<div class=\"wp-block-image\"><figure class=\"aligncenter size-large\"><img loading=\"lazy\" decoding=\"async\" width=\"576\" height=\"384\" src=\"http:\/\/rockyourgoal.de\/wp-content\/uploads\/2021\/05\/gesunder-schlaf-fuer-sportler.jpg\" alt=\"\" class=\"wp-image-3152\" srcset=\"https:\/\/rockyourgoal.de\/wp-content\/uploads\/2021\/05\/gesunder-schlaf-fuer-sportler.jpg 576w, https:\/\/rockyourgoal.de\/wp-content\/uploads\/2021\/05\/gesunder-schlaf-fuer-sportler-300x200.jpg 300w\" sizes=\"auto, (max-width: 576px) 100vw, 576px\" \/><figcaption>Ein gesunder Schlaf ist essentiell f\u00fcr Sportler<\/figcaption><\/figure><\/div>\n\n\n\n<p><br>Insbesondere der wichtigste Erholungsmechanismus \u201cSchlaf\u201d bekommt in der modernen Gesellschaft oft nicht die Aufmerksamkeit, die f\u00fcr eine optimale k\u00f6rperliche &amp; geistige Erholung jedoch extrem wichtig ist. Ausreichend und ein qualitativ hochwertiger Schlaf ist quasi die Basis f\u00fcr jeden Sportler &amp; Athleten. Es klingt verr\u00fcckt, aber schlafen z\u00e4hlt zu den \u201cproduktivsten\u201d Dingen, die man zur Verbesserung der Leistungsf\u00e4higkeit als Sportler tun kann. <\/p>\n\n\n\n<p>Die Forschung ist sich sicher:<br>Sportler werden nicht w\u00e4hrend einer Trainingseinheit besser, sondern danach!<\/p>\n\n\n\n<p><br>In vielen Studien wurde auch bereits gezeigt, dass wer zu wenig schl\u00e4ft in fast allen Tests, in Bezug auf Anstrengungsbereitschaft, Aufmerksamkeit &amp; kognitive F\u00e4higkeiten, schlechter abneidet als Menschen, die ausreichend &amp; gut schlafen.<\/p>\n\n\n\n<p><br>W\u00e4hrend des Schlafes finden viele wichtige Prozesse statt, die den Schlaf zum wichtigsten<br>Erholungsmechanismus machen:<\/p>\n\n\n\n<ul class=\"wp-block-list\"><li>Guter Schlaf sorgt daf\u00fcr, dass das zentrale Nervenesystem (ZNS) die M\u00f6glichkeit bekommt, die Reize des Tages zu verarbeiten. Bekommt das ZNS nicht gen\u00fcgend qualitativ hochwertige Ruhephasen, dann k\u00f6nnen bspw. sensorische &amp; motorische F\u00e4higkeiten (Sinnenswahrnehmung &amp; Bewegungsabl\u00e4ufe) darunter leiden.<\/li><li>Das Wachstumshormon \u201cHGH\u201d wird zum Gro\u00dfteil in der erholsamsten Schlafphase, der Tiefschlafphase, gebildet und ist f\u00fcr Muskelwachstum und eine Steigerung der Leistung essentiell. Experten sch\u00e4tzen, dass ca. 75% des Hormons im Schlaf entstehen.<\/li><li>Schlaf hat die wichtige Aufgabe der Erhaltung unserer Gesundheit. Das Immunsystem arbeitet im Schlaf &amp; wird gest\u00e4rkt. Ein starkes Immunsystem ist essentiell, um Krankheiten vorzubeugen. Jede Krankheit trifft einen Sportler doppelt. Zum einen bedeutet eine Krankheit oft Trainings-R\u00fcckschritte und zum anderen muss eine Trainingspause eingelegt werden, in der keine Fortschritte gemacht werden k\u00f6nnen.<\/li><\/ul>\n\n\n\n<p>Die Bedeutung von Schlaf f\u00fcr Sportler ist also aus vielen Gr\u00fcnden als sehr hoch einzusch\u00e4tzen und sollte unbedingt neben dem richtigen Training, der Ern\u00e4hrung, etc. mit einbezogen werden. Diejenigen, die sich mit dem Thema besch\u00e4ftigen und Schlaf zu einer Priorit\u00e4t machen, k\u00f6nnen hier extrem profitieren.<\/p>\n\n\n\n<p>Wenn du mehr \u00fcber das Thema Schlaf erfahren m\u00f6chtest und wie du deinen Schlaf optimieren kannst, dann empfehle ich Dir mit der Sleep Performance Academy von Grund auf alles \u00fcber das Thema \u201cSchlafoptimierung\u201d zu lernen und von erfahrenen Coaches zu lernen wie du einen tiefen &amp; erholsamen Schlaf bekommst, der dich und deine Ziele unterst\u00fctzt.<\/p>\n\n\n\n<div class=\"wp-block-image\"><figure class=\"aligncenter size-large is-resized\"><a href=\"https:\/\/www.digistore24.com\/content\/312819\/33322\/rockyourgoal\"><img loading=\"lazy\" decoding=\"async\" src=\"http:\/\/rockyourgoal.de\/wp-content\/uploads\/2021\/05\/schlafen-fuer-sportler-576x1024.png\" alt=\"\" class=\"wp-image-3154\" width=\"245\" height=\"436\" srcset=\"https:\/\/rockyourgoal.de\/wp-content\/uploads\/2021\/05\/schlafen-fuer-sportler-576x1024.png 576w, https:\/\/rockyourgoal.de\/wp-content\/uploads\/2021\/05\/schlafen-fuer-sportler-169x300.png 169w, https:\/\/rockyourgoal.de\/wp-content\/uploads\/2021\/05\/schlafen-fuer-sportler-768x1365.png 768w, https:\/\/rockyourgoal.de\/wp-content\/uploads\/2021\/05\/schlafen-fuer-sportler-864x1536.png 864w, https:\/\/rockyourgoal.de\/wp-content\/uploads\/2021\/05\/schlafen-fuer-sportler-300x533.png 300w, https:\/\/rockyourgoal.de\/wp-content\/uploads\/2021\/05\/schlafen-fuer-sportler-850x1511.png 850w, https:\/\/rockyourgoal.de\/wp-content\/uploads\/2021\/05\/schlafen-fuer-sportler.png 1080w\" sizes=\"auto, (max-width: 245px) 100vw, 245px\" \/><\/a><figcaption>Dein kostenloser 7 Tages Schlafkurs<\/figcaption><\/figure><\/div>\n\n\n\n<p>Hinter der Sleep Performance Academy stecken Fabian Dittrich und Joe Sartor, bekannt als &#8222;Schlafonauten&#8220;, sowie die Schlafcoaches Markus Kamps und Christoph Malsburg. Fabian und Joe haben bereits tausende Exemplare ihres Buches &#8222;<a rel=\"noreferrer noopener\" href=\"https:\/\/buch.schlafonaut.de\/\" target=\"_blank\">Schlaf im 21. Jahrhundert<\/a>&#8220; verkauft und begeistern tausende Menschen mit ihrem Youtube-Kanal f\u00fcr guten Schlaf.  <\/p>\n\n\n\n<p>Dein Schlaf ist also in guten H\u00e4nden!<\/p>\n\n\n\n<center><a target=\"_blank\" href=\"https:\/\/www.amazon.de\/gp\/product\/3000603468\/ref=as_li_tl?ie=UTF8&#038;camp=1638&#038;creative=6742&#038;creativeASIN=3000603468&#038;linkCode=as2&#038;tag=biggamfisboa-21&#038;linkId=98e6155ac371faa760aedca8fd9a3ea3\" rel=\"noopener\"><img decoding=\"async\" border=\"0\" src=\"\/\/ws-eu.amazon-adsystem.com\/widgets\/q?_encoding=UTF8&#038;MarketPlace=DE&#038;ASIN=3000603468&#038;ServiceVersion=20070822&#038;ID=AsinImage&#038;WS=1&#038;Format=_SL110_&#038;tag=biggamfisboa-21\" ><\/a><\/center>","protected":false},"excerpt":{"rendered":"<p>Neben dem richtigen Training, einer vern\u00fcnftigen Ern\u00e4hrung &amp; der Arbeit an der mentalen St\u00e4rke, gibt es einen weiteren essentiellen Faktor f\u00fcr Sportler &amp; Athleten, die ihre Ziele erfolgreich meistern wollen.Regeneration!F\u00fcr viele Sportler liegt der Fokus auf dem Training und der Ern\u00e4hrung. Dabei wissen die wenigsten, dass sie extrem viel Potenzial&hellip;<\/p>\n<p> <a class=\"more-link\" href=\"https:\/\/rockyourgoal.de\/en\/meine-angebote\/mentaltraining-muenchen\/schlaf-fuer-sportler\/\">Read more<\/a><\/p>","protected":false},"author":2,"featured_media":0,"parent":567,"menu_order":6,"comment_status":"closed","ping_status":"closed","template":"","meta":{"pgc_sgb_lightbox_settings":"","_glsr_average":0,"_glsr_ranking":0,"_glsr_reviews":0,"footnotes":""},"class_list":["post-3150","page","type-page","status-publish"],"_links":{"self":[{"href":"https:\/\/rockyourgoal.de\/en\/wp-json\/wp\/v2\/pages\/3150","targetHints":{"allow":["GET"]}}],"collection":[{"href":"https:\/\/rockyourgoal.de\/en\/wp-json\/wp\/v2\/pages"}],"about":[{"href":"https:\/\/rockyourgoal.de\/en\/wp-json\/wp\/v2\/types\/page"}],"author":[{"embeddable":true,"href":"https:\/\/rockyourgoal.de\/en\/wp-json\/wp\/v2\/users\/2"}],"replies":[{"embeddable":true,"href":"https:\/\/rockyourgoal.de\/en\/wp-json\/wp\/v2\/comments?post=3150"}],"version-history":[{"count":6,"href":"https:\/\/rockyourgoal.de\/en\/wp-json\/wp\/v2\/pages\/3150\/revisions"}],"predecessor-version":[{"id":3159,"href":"https:\/\/rockyourgoal.de\/en\/wp-json\/wp\/v2\/pages\/3150\/revisions\/3159"}],"up":[{"embeddable":true,"href":"https:\/\/rockyourgoal.de\/en\/wp-json\/wp\/v2\/pages\/567"}],"wp:attachment":[{"href":"https:\/\/rockyourgoal.de\/en\/wp-json\/wp\/v2\/media?parent=3150"}],"curies":[{"name":"wp","href":"https:\/\/api.w.org\/{rel}","templated":true}]}}