{"id":2339,"date":"2020-11-05T12:51:43","date_gmt":"2020-11-05T11:51:43","guid":{"rendered":"http:\/\/rockyourgoal.de\/?page_id=2339"},"modified":"2020-12-02T15:32:43","modified_gmt":"2020-12-02T14:32:43","slug":"einsteiger-kurzdistanz","status":"publish","type":"page","link":"https:\/\/rockyourgoal.de\/en\/meine-angebote\/ocr-und-spartanrace\/ocr-trainingsplan\/einsteiger-kurzdistanz\/","title":{"rendered":"12 Week OCR Training Plan for Beginners - Short Distance"},"content":{"rendered":"<p>Du hast Dir ein festes Ziel gesetzt und m\u00f6chtest Deinen ersten Hindernislauf (Obstacle Course Race) finishen, obwohl Du absoluter Einsteiger bist? Das ist eine sehr gute und mutige Entscheidung und Du wirst sie nicht bereuen. <\/p>\n\n\n\n<p>Ich unterst\u00fctze Dich mit einem passenden OCR Trainingsplan f\u00fcr Dein Vorhaben! Ich f\u00fchre Dich von der Couch bis zu Deiner ersten OCR Medaille.<\/p>\n\n\n\n<div class=\"wp-block-image\"><figure class=\"aligncenter size-large is-resized\"><a href=\"https:\/\/www.digistore24.com\/product\/355914\"><img loading=\"lazy\" decoding=\"async\" src=\"https:\/\/rockyourgoal.de\/wp-content\/uploads\/2019\/07\/cropped-logo-rockyourgoal-transparent1.png\" alt=\"\" class=\"wp-image-2393\" width=\"500\" height=\"462\" srcset=\"https:\/\/rockyourgoal.de\/wp-content\/uploads\/2019\/07\/cropped-logo-rockyourgoal-transparent1.png 1171w, https:\/\/rockyourgoal.de\/wp-content\/uploads\/2019\/07\/cropped-logo-rockyourgoal-transparent1-300x154.png 300w, https:\/\/rockyourgoal.de\/wp-content\/uploads\/2019\/07\/cropped-logo-rockyourgoal-transparent1-768x395.png 768w, https:\/\/rockyourgoal.de\/wp-content\/uploads\/2019\/07\/cropped-logo-rockyourgoal-transparent1-1024x527.png 1024w, https:\/\/rockyourgoal.de\/wp-content\/uploads\/2019\/07\/cropped-logo-rockyourgoal-transparent1-850x438.png 850w\" sizes=\"auto, (max-width: 500px) 100vw, 500px\" \/><\/a><figcaption>12 Wochen gef\u00fchrtes Training von der Couch zu Deinem ersten OCR Finish f\u00fcr 7,- EUR<\/figcaption><\/figure><\/div>\n\n\n\n<p>Dieser OCR Trainingsplan ist f\u00fcr Dich passend, wenn Du Deinen ersten Hindernislauf laufen m\u00f6chtest und sportlicher Einsteiger oder (Wieder-) einsteiger bist und noch keine 5 Kilometer am St\u00fcck laufen kannst. <\/p>\n\n\n\n<p>Es ist auch der richtige Plan, wenn Du zwar schon 5 Kilometer laufen kannst, Du aber Deine Griffkraft und Deine k\u00f6rperliche Fitness f\u00fcr Deinen ersten, Hindernislauf auf die Kurzdistanz aufbauen willst!<\/p>\n\n\n\n<h2 class=\"wp-block-heading\">Preis und Inhalt des 12 Wochen Trainingsplans<\/h2>\n\n\n\n<p>Der 12 Wochen OCR Trainingsplan (Kurzdistanz) kostet <strong><a rel=\"noreferrer noopener\" href=\"https:\/\/www.digistore24.com\/product\/355914\" target=\"_blank\">7,- EUR<\/a><\/strong><\/p>\n\n\n\n<p>Du erh\u00e4ltst f\u00fcr den \u00fcberaus fairen Preis von 7,- EUR ein 32 Seiten eBook (.pdf) mit folgenden Inhalten:<\/p>\n\n\n\n<ul class=\"wp-block-list\"><li><em>Anleitung zum Umgang mit dem Trainingsplan<\/em><\/li><li><em>5 Kilometer Laufplan f\u00fcr totale Einsteige<\/em>r: Der Plan ist so aufgebaut, dass Du in 12 Wochen 5 Kilometer ohne Pause sicher laufen kannst. Wir beginnen langsam und steigern konsequent. Solltest Du bereits 5 Kilometer am St\u00fcck laufen k\u00f6nnen und Deine Kraftausdauer und Griffkraft verbessern wollen, dann ist es ebenfalls der richtige Plan f\u00fcr Dich, denn dieser Fall findet ebenfalls Ber\u00fccksichtigung.<\/li><li><em>Funktionelles Training<\/em>: Dein K\u00f6rper wird durch ein systematisches, funktionelles Training auf Deinen ersten Hindernislauf vorbereitet. Dabei spielt Deine K\u00f6rperstabilit\u00e4t, Kraftausdauer und Koordination eine entscheidende Rolle. <\/li><li>G<em>riffkrafttraining f\u00fcr Hindernisl\u00e4ufer:<\/em> Griffkrafttraining spielt in diesem Plan eine zentrale Rolle. Du baust die notwendige Griffkraft auf um die vor Dir liegenden Hindernisse sicher bew\u00e4ltigen zu k\u00f6nnen. <\/li><li><em>4-Wochen-Mental-Tipps<\/em>: Alle vier Wochen erh\u00e4ltst Du eine Aufgabe die Deine Gewohnheiten verbessern wird und Dich fitter und selbstsicherer macht<\/li><li><em>Laufende Betreuung \u00fcber eine eigene Facebook-Gruppe<\/em><\/li><\/ul>\n\n\n\n<h2 class=\"wp-block-heading\">Any questions? Contact us!<\/h2>\n\n\n\n<p>You can reach me at the following contact details<\/p>\n\n\n\n<p>Uwe Kauntz, Ludwigstr. 28, 85551 Kirchheim, Germany, Email: uwe@rockyourgoal.de<\/p>\n\n\n\n<p>Nach den vielen Wochen Arbeit w\u00fcrde ich mich sehr \u00fcber Dein Feedback freuen. Was ist gut, was fehlt Dir? \u00dcber einen Kommentar w\u00fcrde ich mich freuen!<\/p>\n\n\n\n<h3 class=\"wp-block-heading\">Meine weiteren OCR Trainingspl\u00e4ne<\/h3>\n\n\n\n<figure class=\"wp-block-gallery aligncenter columns-2 is-cropped wp-block-gallery-1 is-layout-flex wp-block-gallery-is-layout-flex\"><ul class=\"blocks-gallery-grid\"><li class=\"blocks-gallery-item\"><figure><img loading=\"lazy\" decoding=\"async\" width=\"1024\" height=\"945\" src=\"http:\/\/rockyourgoal.de\/wp-content\/uploads\/2020\/11\/OCR-Trainingsplan-Einsteiger-Mitteldistanz-Cover-3D-1024x945.jpg\" alt=\"\" data-id=\"2438\" data-full-url=\"http:\/\/rockyourgoal.de\/wp-content\/uploads\/2020\/11\/OCR-Trainingsplan-Einsteiger-Mitteldistanz-Cover-3D.jpg\" data-link=\"http:\/\/rockyourgoal.de\/meine-angebote\/ocr-und-spartanrace\/ocr-trainingsplan\/12-wochen-ocr-trainingsplan-einsteiger-mitteldistanz\/ocr-trainingsplan-einsteiger-mitteldistanz-cover-3d\/\" class=\"wp-image-2438\" srcset=\"https:\/\/rockyourgoal.de\/wp-content\/uploads\/2020\/11\/OCR-Trainingsplan-Einsteiger-Mitteldistanz-Cover-3D-1024x945.jpg 1024w, https:\/\/rockyourgoal.de\/wp-content\/uploads\/2020\/11\/OCR-Trainingsplan-Einsteiger-Mitteldistanz-Cover-3D-300x277.jpg 300w, https:\/\/rockyourgoal.de\/wp-content\/uploads\/2020\/11\/OCR-Trainingsplan-Einsteiger-Mitteldistanz-Cover-3D-768x709.jpg 768w, https:\/\/rockyourgoal.de\/wp-content\/uploads\/2020\/11\/OCR-Trainingsplan-Einsteiger-Mitteldistanz-Cover-3D-850x785.jpg 850w, https:\/\/rockyourgoal.de\/wp-content\/uploads\/2020\/11\/OCR-Trainingsplan-Einsteiger-Mitteldistanz-Cover-3D.jpg 1525w\" sizes=\"auto, (max-width: 1024px) 100vw, 1024px\" \/><figcaption class=\"blocks-gallery-item__caption\"><a href=\"http:\/\/rockyourgoal.de\/en\/meine-angebote\/ocr-und-spartanrace\/ocr-trainingsplan\/12-wochen-ocr-trainingsplan-einsteiger-mitteldistanz\/\" target=\"_blank\" rel=\"noreferrer noopener\">12 Wochen OCR Trainingsplan<br>Einsteiger &#8211; Mitteldistanz<\/a><\/figcaption><\/figure><\/li><li class=\"blocks-gallery-item\"><figure><img loading=\"lazy\" decoding=\"async\" width=\"915\" height=\"845\" src=\"http:\/\/rockyourgoal.de\/wp-content\/uploads\/2020\/12\/ocr-trainingsplan-langdistanz-einsteiger.png\" alt=\"\" data-id=\"2492\" data-full-url=\"http:\/\/rockyourgoal.de\/wp-content\/uploads\/2020\/12\/ocr-trainingsplan-langdistanz-einsteiger.png\" data-link=\"http:\/\/rockyourgoal.de\/meine-angebote\/ocr-und-spartanrace\/ocr-trainingsplan\/12-wochen-ocr-trainingsplan-einsteiger-langdistanz\/ocr-trainingsplan-langdistanz-einsteiger\/\" class=\"wp-image-2492\" srcset=\"https:\/\/rockyourgoal.de\/wp-content\/uploads\/2020\/12\/ocr-trainingsplan-langdistanz-einsteiger.png 915w, https:\/\/rockyourgoal.de\/wp-content\/uploads\/2020\/12\/ocr-trainingsplan-langdistanz-einsteiger-300x277.png 300w, https:\/\/rockyourgoal.de\/wp-content\/uploads\/2020\/12\/ocr-trainingsplan-langdistanz-einsteiger-768x709.png 768w, https:\/\/rockyourgoal.de\/wp-content\/uploads\/2020\/12\/ocr-trainingsplan-langdistanz-einsteiger-850x785.png 850w\" sizes=\"auto, (max-width: 915px) 100vw, 915px\" \/><figcaption class=\"blocks-gallery-item__caption\"><a href=\"http:\/\/rockyourgoal.de\/en\/meine-angebote\/ocr-und-spartanrace\/ocr-trainingsplan\/12-wochen-ocr-trainingsplan-einsteiger-langdistanz\/\" target=\"_blank\" rel=\"noreferrer noopener\">12 Wochen OCRTrainingsplan <br>Einsteiger &#8211; Langdistanz<\/a><\/figcaption><\/figure><\/li><\/ul><\/figure>\n\n\n\n<p>Dein Uwe<\/p>\n\n\n\n<p> <\/p>","protected":false},"excerpt":{"rendered":"<p>Du hast Dir ein festes Ziel gesetzt und m\u00f6chtest Deinen ersten Hindernislauf (Obstacle Course Race) finishen, obwohl Du absoluter Einsteiger bist? Das ist eine sehr gute und mutige Entscheidung und Du wirst sie nicht bereuen. Ich unterst\u00fctze Dich mit einem passenden OCR Trainingsplan f\u00fcr Dein Vorhaben! Ich f\u00fchre Dich von&hellip;<\/p>\n<p> <a class=\"more-link\" href=\"https:\/\/rockyourgoal.de\/en\/meine-angebote\/ocr-und-spartanrace\/ocr-trainingsplan\/einsteiger-kurzdistanz\/\">Read more<\/a><\/p>","protected":false},"author":2,"featured_media":0,"parent":132,"menu_order":1,"comment_status":"open","ping_status":"closed","template":"","meta":{"pgc_sgb_lightbox_settings":"","_glsr_average":0,"_glsr_ranking":0,"_glsr_reviews":0,"footnotes":""},"class_list":["post-2339","page","type-page","status-publish"],"_links":{"self":[{"href":"https:\/\/rockyourgoal.de\/en\/wp-json\/wp\/v2\/pages\/2339","targetHints":{"allow":["GET"]}}],"collection":[{"href":"https:\/\/rockyourgoal.de\/en\/wp-json\/wp\/v2\/pages"}],"about":[{"href":"https:\/\/rockyourgoal.de\/en\/wp-json\/wp\/v2\/types\/page"}],"author":[{"embeddable":true,"href":"https:\/\/rockyourgoal.de\/en\/wp-json\/wp\/v2\/users\/2"}],"replies":[{"embeddable":true,"href":"https:\/\/rockyourgoal.de\/en\/wp-json\/wp\/v2\/comments?post=2339"}],"version-history":[{"count":15,"href":"https:\/\/rockyourgoal.de\/en\/wp-json\/wp\/v2\/pages\/2339\/revisions"}],"predecessor-version":[{"id":2508,"href":"https:\/\/rockyourgoal.de\/en\/wp-json\/wp\/v2\/pages\/2339\/revisions\/2508"}],"up":[{"embeddable":true,"href":"https:\/\/rockyourgoal.de\/en\/wp-json\/wp\/v2\/pages\/132"}],"wp:attachment":[{"href":"https:\/\/rockyourgoal.de\/en\/wp-json\/wp\/v2\/media?parent=2339"}],"curies":[{"name":"wp","href":"https:\/\/api.w.org\/{rel}","templated":true}]}}