{"id":22012,"date":"2026-04-23T15:16:34","date_gmt":"2026-04-23T13:16:34","guid":{"rendered":"https:\/\/rockyourgoal.de\/?page_id=22012"},"modified":"2026-04-30T10:34:15","modified_gmt":"2026-04-30T08:34:15","slug":"lake-horizon-quest","status":"publish","type":"page","link":"https:\/\/rockyourgoal.de\/en\/timeless-challenge\/sport-challenge\/lake-horizon-quest\/","title":{"rendered":"."},"content":{"rendered":"<p>Ready for your next lakeside outdoor adventure? Lace up your boots, grab your running shoes, or jump on your bike \u2013 the Lake Horizon Quest awaits! The chase for the sun starts now.<\/p>\n\n\n<div class=\"wp-block-image\">\n<figure class=\"aligncenter size-medium\"><a href=\"https:\/\/www.digistore24.com\/product\/687241\"><img loading=\"lazy\" decoding=\"async\" width=\"300\" height=\"300\" src=\"https:\/\/rockyourgoal.de\/wp-content\/uploads\/2026\/04\/logo-Lake-Horizon-QUEST-300x300.jpg\" alt=\"\" class=\"wp-image-22040\" srcset=\"https:\/\/rockyourgoal.de\/wp-content\/uploads\/2026\/04\/logo-Lake-Horizon-QUEST-300x300.jpg 300w, https:\/\/rockyourgoal.de\/wp-content\/uploads\/2026\/04\/logo-Lake-Horizon-QUEST-150x150.jpg 150w\" sizes=\"auto, (max-width: 300px) 100vw, 300px\" \/><\/a><\/figure>\n<\/div>\n\n\n<h2 class=\"wp-block-heading\">RULES<\/h2>\n\n\n\n<p>Deine Mission ist ebenso simpel wie inspirierend: W\u00e4hle zehn Seen deiner Wahl aus, die jeweils eine Uferl\u00e4nge von mindestens 5 Kilometern aufweisen. Deine Aufgabe ist es, diese zehn Seen entweder zu Fu\u00df oder mit dem Fahrrad komplett zu umrunden. Doch das ist noch nicht alles: Der wahre Zauber liegt im Licht. Um die Quest offiziell zu vollenden, musst du an jedem der zehn Seen einen &#8222;spektakul\u00e4ren&#8220; <strong>But that\u2019s not all: the true magic lies in the light. To officially complete the quest, you must capture a \"spectacular\" sunrise or sunset in a photograph at each of the ten lakes. Only then will you secure the beautiful \"Lake Horizon Quest\" collector's medal.<\/strong> fotografisch festhalten. Dann ist Dir die wundersch\u00f6ne Sammlermedaille &#8222;<em>.<\/em>&#8220; sicher. <\/p>\n\n\n\n<p>No matter if you crave the stillness of dawn or the glow of the golden hour \u2013 this challenge draws you into the great outdoors, to hidden shoreline paths and moments where the world holds its breath.<\/p>\n\n\n\n<p><strong>The rules at a glance<\/strong><\/p>\n\n\n\n<ul class=\"wp-block-list\">\n<li><strong><em><a href=\"https:\/\/www.digistore24.com\/product\/687241\">Sign up for the Lake Horizon Quest.<\/a><\/em>&nbsp;<\/strong>Click on the logo below <a href=\"https:\/\/rockyourgoal.de\/en\/timeless-challenge\/#Anmeldung_und_Leistungsumfang\">.<\/a> oder die &#8222;<a href=\"https:\/\/rockyourgoal.de\/en\/iron-lake-challenge\/#Iron_Lake_Challenge_All_In\">.<\/a>&#8220; gebucht hast, dann ist ist die &#8222;LHQ&#8220; inclusive.<\/li>\n\n\n\n<li><strong>Your Goal:<\/strong> Circumnavigate 10 lakes (on foot or by bike) and capture a sunrise or sunset. <\/li>\n\n\n\n<li><strong>Requirement<\/strong> Every lake must have a shoreline length of &gt; 5 km.<\/li>\n\n\n\n<li><strong>Proof:<\/strong> Tracking of the circuit and one photo of the sunrise or sunset per lake.<\/li>\n\n\n\n<li>Take as much time as you like. It's all about enjoyment!<\/li>\n<\/ul>\n\n\n\n<p>Are you ready to chase the horizon? Share your progress and show us your best shots. Good luck with your personal Lake Horizon Quest!<\/p>\n\n\n\n<p><strong>IMPORTANT:<\/strong>! <em>Im Gegensatz zu allen anderen Challenges gibt es f\u00fcr die &#8222;Lake Horizon Quest&#8220; die Medaille des jeweiligen Jahres (derzeit 2026). Du erh\u00e4ltst die jeweilige Jahresmedaille in der Dein Finish stattfindet, unabh\u00e4ngig vom Datum Deiner Anmeldung. <\/em><\/p>\n\n\n<div class=\"wp-block-image\">\n<figure class=\"aligncenter size-large\"><a href=\"https:\/\/rockyourgoal.de\/en\/timeless-challenge\/sport-challenge\/lake-horizon-quest\/\"><img loading=\"lazy\" decoding=\"async\" width=\"538\" height=\"488\" src=\"http:\/\/rockyourgoal.de\/wp-content\/uploads\/2026\/04\/werbebild-lhq-klein-538x488.jpg\" alt=\"\" class=\"wp-image-22082\"\/><\/a><\/figure>\n<\/div>\n\n\n<p><strong>General PLEASE NOTE!<\/strong><\/p>\n\n\n\n<ul class=\"wp-block-list\">\n<li>Please note that the Road Traffic Act applies in public traffic areas and along roads and cycle paths. So move considerately.<\/li>\n\n\n\n<li>You circumnavigate the lakes at your own risk and at your own risk. The operator of this website assumes no liability.<\/li>\n\n\n\n<li>Please heed medical advice if necessary or have a medical examination before the start of the Challenge. You are responsible for your own health, equipment and condition. Breaking off a tour is not a disgrace, health always comes first!<\/li>\n<\/ul>\n\n\n\n<p><strong>A few rules for dealing with nature during your lake tour:<\/strong><\/p>\n\n\n\n<ul class=\"wp-block-list\">\n<li>Please take into account the local instructions for the protection of nature.<\/li>\n\n\n\n<li>Please do not go off the trails.<\/li>\n\n\n\n<li>Please do not make noise.<\/li>\n\n\n\n<li>Please do not collect rocks or minerals.<\/li>\n\n\n\n<li>Please do not collect mushrooms.<\/li>\n\n\n\n<li>Please do not leave trash lying around.<\/li>\n\n\n\n<li>Please do not feed animals.<\/li>\n\n\n\n<li>Please do not make an open fire.<\/li>\n\n\n\n<li>Please do not pick plants.<\/li>\n<\/ul>\n\n\n\n<p>This should be obvious to all of us, but it doesn't hurt to remember it from time to time.&nbsp;<\/p>\n\n\n\n<h2 class=\"wp-block-heading\">REGISTRATION AND SCOPE OF SERVICES<\/h2>\n\n\n<div class=\"wp-block-image\">\n<figure class=\"aligncenter size-medium\"><a href=\"https:\/\/www.digistore24.com\/product\/687241\"><img loading=\"lazy\" decoding=\"async\" width=\"300\" height=\"300\" src=\"https:\/\/rockyourgoal.de\/wp-content\/uploads\/2026\/04\/logo-Lake-Horizon-QUEST-300x300.jpg\" alt=\"\" class=\"wp-image-22040\" srcset=\"https:\/\/rockyourgoal.de\/wp-content\/uploads\/2026\/04\/logo-Lake-Horizon-QUEST-300x300.jpg 300w, https:\/\/rockyourgoal.de\/wp-content\/uploads\/2026\/04\/logo-Lake-Horizon-QUEST-150x150.jpg 150w\" sizes=\"auto, (max-width: 300px) 100vw, 300px\" \/><\/a><figcaption class=\"wp-element-caption\"><a href=\"https:\/\/www.digistore24.com\/product\/687241\">Click on the logo to register!<\/a><\/figcaption><\/figure>\n<\/div>\n\n\n<p><a href=\"https:\/\/www.digistore24.com\/product\/687241\">Lake Horizon Quest entry fee:<\/a> .&nbsp;<strong>24,- EUR<\/strong>.<\/p>\n\n\n\n<p>In this entry fee is our&nbsp;<em>Lake Horizon Quest Collector's Medal<\/em>&nbsp;and the green marble (20mm) of the Timeless Challenge&nbsp;<a href=\"https:\/\/rockyourgoal.de\/en\/timeless-challenge\/\" target=\"_blank\" rel=\"noreferrer noopener\">.<\/a>&nbsp;.<\/p>\n\n\n\n<p>However, you must first go around ten lakes and take a picture of the sunrise or sunset at the lake!&nbsp;<strong>Only then<\/strong>&nbsp;we will send you the well-deserved medal and marble! After all, you want to earn them and not get them as a gift.<\/p>\n\n\n\n<p>With your registration fee you support my heart project of the&nbsp;<a rel=\"noreferrer noopener\" href=\"https:\/\/rockyourgoal.de\/en\/big5forlife\/trees4breeze\/\" target=\"_blank\">Reforestation of one million trees worldwide!<\/a><\/p>\n\n\n\n<p><strong>How to register<\/strong>:<\/p>\n\n\n\n<ul class=\"wp-block-list\">\n<li><em><strong>Please click on the image below and you will be directed to the registration page of our partner Digistore24.<\/strong><\/em><\/li>\n\n\n\n<li>You will now receive a registration confirmation<\/li>\n\n\n\n<li>ou must now circumnavigate the ten lakes you have selected (&gt;5km shoreline). As soon as you have completed these, please send us a snippet of your tracking record as evidence. We would also be delighted to receive pictures of the sunrises or, preferably, a mention on social media.<\/li>\n\n\n\n<li>After we have checked this, you will receive your well-deserved medal and marble. Easy, isn't it?<\/li>\n<\/ul>\n\n\n\n<figure class=\"wp-block-table\"><table class=\"has-fixed-layout\"><tbody><tr><td class=\"has-text-align-center\" data-align=\"center\"><img loading=\"lazy\" decoding=\"async\" width=\"150\" height=\"159\" class=\"wp-image-22042\" style=\"width: 150px;\" src=\"http:\/\/rockyourgoal.de\/wp-content\/uploads\/2026\/04\/Medaille-Lake-Horizon-QUEST.jpg\" alt=\"\" srcset=\"https:\/\/rockyourgoal.de\/wp-content\/uploads\/2026\/04\/Medaille-Lake-Horizon-QUEST.jpg 335w, https:\/\/rockyourgoal.de\/wp-content\/uploads\/2026\/04\/Medaille-Lake-Horizon-QUEST-283x300.jpg 283w, https:\/\/rockyourgoal.de\/wp-content\/uploads\/2026\/04\/Medaille-Lake-Horizon-QUEST-11x12.jpg 11w\" sizes=\"auto, (max-width: 150px) 100vw, 150px\" \/><\/td><td class=\"has-text-align-center\" data-align=\"center\"><img loading=\"lazy\" decoding=\"async\" width=\"150\" height=\"86\" class=\"wp-image-10260\" style=\"width: 150px;\" src=\"http:\/\/rockyourgoal.de\/wp-content\/uploads\/2022\/12\/murmeln-timeless-challenge.jpg\" alt=\"\" srcset=\"https:\/\/rockyourgoal.de\/wp-content\/uploads\/2022\/12\/murmeln-timeless-challenge.jpg 1072w, https:\/\/rockyourgoal.de\/wp-content\/uploads\/2022\/12\/murmeln-timeless-challenge-300x172.jpg 300w, https:\/\/rockyourgoal.de\/wp-content\/uploads\/2022\/12\/murmeln-timeless-challenge-1024x587.jpg 1024w, https:\/\/rockyourgoal.de\/wp-content\/uploads\/2022\/12\/murmeln-timeless-challenge-768x440.jpg 768w, https:\/\/rockyourgoal.de\/wp-content\/uploads\/2022\/12\/murmeln-timeless-challenge-18x10.jpg 18w, https:\/\/rockyourgoal.de\/wp-content\/uploads\/2022\/12\/murmeln-timeless-challenge-850x487.jpg 850w\" sizes=\"auto, (max-width: 150px) 100vw, 150px\" \/><\/td><\/tr><\/tbody><\/table><\/figure>\n\n\n\n<h3 class=\"wp-block-heading\">LIFE SCORE POINTS AND THE TIMELESS MARBLE<\/h3>\n\n\n\n<p>Diese Challenge ist Teil unserer&nbsp;<a href=\"https:\/\/rockyourgoal.de\/en\/timeless-challenge\/\" target=\"_blank\" rel=\"noreferrer noopener\">.<\/a>. Therefore, you deserve (in addition to the collector's medal) the marble in green (health\/sport). This will also be sent to you. The marble will have a diameter of 20mm.<\/p>\n\n\n<div class=\"wp-block-image\">\n<figure class=\"aligncenter is-resized\"><img loading=\"lazy\" decoding=\"async\" width=\"300\" height=\"300\" src=\"http:\/\/rockyourgoal.de\/wp-content\/uploads\/2022\/12\/image.png\" alt=\"\" class=\"wp-image-10036\" style=\"width:158px;height:auto\" srcset=\"https:\/\/rockyourgoal.de\/wp-content\/uploads\/2022\/12\/image.png 300w, https:\/\/rockyourgoal.de\/wp-content\/uploads\/2022\/12\/image-150x150.png 150w, https:\/\/rockyourgoal.de\/wp-content\/uploads\/2022\/12\/image-12x12.png 12w\" sizes=\"auto, (max-width: 300px) 100vw, 300px\" \/><figcaption class=\"wp-element-caption\">Your personalized Life Score points<\/figcaption><\/figure>\n<\/div>\n\n\n<p>Your Life Score points will be credited to you automatically.<strong>.<\/strong>&nbsp;These will be credited in our&nbsp;<a href=\"https:\/\/rockyourgoal.de\/en\/iron-lake-challenge\/#Die_Iron_Lake_Challenge_Life_Lake_Museum\">Life Lake Museum<\/a>&nbsp;. This service is free of charge for you.<\/p>\n\n\n\n<h2 class=\"wp-block-heading\">Challenge Tool<\/h2>\n\n\n\n\n\n\n<h2 class=\"wp-block-heading\">THE LAKE HORIZON QUEST ON SOCIAL MEDIA<\/h2>\n\n\n\n<h3 class=\"wp-block-heading\">Join our forum<\/h3>\n\n\n\n<p>Exchange ideas in our community! Our forum for experiences, reports, questions and more<\/p>\n\n\n\n<figure class=\"wp-block-image\"><a href=\"https:\/\/rockyourgoal.de\/en\/forum\/\"><img loading=\"lazy\" decoding=\"async\" width=\"808\" height=\"494\" src=\"http:\/\/rockyourgoal.de\/wp-content\/uploads\/2025\/06\/logo-rockyourgoal-forum-808x494.jpg\" alt=\"Tausch Dich aus in unserer Community! Unser Forum f\u00fcr Erfahrungen, Berichte, Fragen und mehr\" class=\"wp-image-19411\" srcset=\"https:\/\/rockyourgoal.de\/wp-content\/uploads\/2025\/06\/logo-rockyourgoal-forum.jpg 808w, https:\/\/rockyourgoal.de\/wp-content\/uploads\/2025\/06\/logo-rockyourgoal-forum-768x469.jpg 768w, https:\/\/rockyourgoal.de\/wp-content\/uploads\/2025\/06\/logo-rockyourgoal-forum-18x12.jpg 18w\" sizes=\"auto, (max-width: 808px) 100vw, 808px\" \/><\/a><\/figure>\n\n\n\n<h3 class=\"wp-block-heading\"><br>HASHTAGS<\/h3>\n\n\n\n<p>We\u2019d love for you to share your photos (especially those sunrises!), videos, and experiences from the Lake Horizon Quest with others. To help you do that, feel free to use the following hashtags:<\/p>\n\n\n\n<ul class=\"wp-block-list\">\n<li>#lakehorizonquest<\/li>\n\n\n\n<li>#timelesschallenge<\/li>\n<\/ul>\n\n\n\n<h3 class=\"wp-block-heading\">DIE LAKE HORIZON QUEST AUF FACEBOOK<\/h3>\n\n\n\n<p>Of course we also invite you to join our Facebook group \"<em><a href=\"https:\/\/www.facebook.com\/groups\/ironlakechallengediscussionboard\/?ref=share_group_link\" target=\"_blank\" rel=\"noreferrer noopener\">Iron Lake Challenge Discussion Board<\/a><\/em>. This group is also the right place for the LAKE HORIZON QUEST. <\/p>\n\n\n\n<h2 class=\"wp-block-heading\">IMPRINT<\/h2>\n\n\n\n<p><a rel=\"noreferrer noopener\" href=\"https:\/\/rockyourgoal.de\/en\/deshalb-bist-du-hier\/impressum-und-datenschutz\/\" target=\"_blank\">To our imprint<\/a><\/p>","protected":false},"excerpt":{"rendered":"<p>Bist du bereit f\u00fcr dein n\u00e4chstes gro\u00dfes Outdoor-Abenteuer am See? Dann schn\u00fcre deine Wanderschuhe, binde Deine Laufschuhe oder schwing dich auf dein Fahrrad \u2013 die Lake Horizon Quest ruft! Ab jetzt wird die Sonne am Horizont gejagt! REGELN Deine Mission ist ebenso simpel wie inspirierend: W\u00e4hle zehn Seen deiner Wahl&hellip;<\/p>\n<p> <a class=\"more-link\" href=\"https:\/\/rockyourgoal.de\/en\/timeless-challenge\/sport-challenge\/lake-horizon-quest\/\">Read more<\/a><\/p>","protected":false},"author":2,"featured_media":22080,"parent":7499,"menu_order":0,"comment_status":"closed","ping_status":"closed","template":"","meta":{"pgc_sgb_lightbox_settings":"","_glsr_average":0,"_glsr_ranking":0,"_glsr_reviews":0,"footnotes":""},"class_list":["post-22012","page","type-page","status-publish","has-post-thumbnail"],"_links":{"self":[{"href":"https:\/\/rockyourgoal.de\/en\/wp-json\/wp\/v2\/pages\/22012","targetHints":{"allow":["GET"]}}],"collection":[{"href":"https:\/\/rockyourgoal.de\/en\/wp-json\/wp\/v2\/pages"}],"about":[{"href":"https:\/\/rockyourgoal.de\/en\/wp-json\/wp\/v2\/types\/page"}],"author":[{"embeddable":true,"href":"https:\/\/rockyourgoal.de\/en\/wp-json\/wp\/v2\/users\/2"}],"replies":[{"embeddable":true,"href":"https:\/\/rockyourgoal.de\/en\/wp-json\/wp\/v2\/comments?post=22012"}],"version-history":[{"count":21,"href":"https:\/\/rockyourgoal.de\/en\/wp-json\/wp\/v2\/pages\/22012\/revisions"}],"predecessor-version":[{"id":22027,"href":"https:\/\/rockyourgoal.de\/en\/wp-json\/wp\/v2\/pages\/22012\/revisions\/22027"}],"up":[{"embeddable":true,"href":"https:\/\/rockyourgoal.de\/en\/wp-json\/wp\/v2\/pages\/7499"}],"wp:featuredmedia":[{"embeddable":true,"href":"https:\/\/rockyourgoal.de\/en\/wp-json\/wp\/v2\/media\/22080"}],"wp:attachment":[{"href":"https:\/\/rockyourgoal.de\/en\/wp-json\/wp\/v2\/media?parent=22012"}],"curies":[{"name":"wp","href":"https:\/\/api.w.org\/{rel}","templated":true}]}}