{"id":19404,"date":"2025-06-16T12:54:17","date_gmt":"2025-06-16T10:54:17","guid":{"rendered":"https:\/\/rockyourgoal.de\/?page_id=19404"},"modified":"2025-06-20T11:17:57","modified_gmt":"2025-06-20T09:17:57","slug":"world","status":"publish","type":"page","link":"https:\/\/rockyourgoal.de\/en\/timeless-challenge\/sport-challenge\/bike-lake-challenge\/world\/","title":{"rendered":"Bike Lake WORLD Challenge"},"content":{"rendered":"<p>Unsere Erde ist wundersch\u00f6n, abwechslungsreich und einmalig! Sie ist die sch\u00f6nste Heimat die es geben kann. Die im Zuge der Jahrmillionen entstandenen Landschaften sind unvergleichlich, spannend und werden von unglaublichen Pflanzen, Tieren und uns Menschen bewohnt.<\/p>\n\n\n\n<p>Die Seen der Erde sind nicht nur wichtiger S\u00fc\u00dfwasserspeicher f\u00fcr alle Lebewesen sondern als blaue \u201eDiamanten aus Wasser\u201c wundersch\u00f6n, so dass wir sie ins Herz geschlossen haben.<\/p>\n\n\n\n<p>Einen See mit dem Fahrrad zu umrunden gibt uns wertvolle Lebensmomente, h\u00e4lt uns durch die Bewegung gesund und l\u00e4sst uns die frische Luft tief einatmen.<\/p>\n\n\n\n<p>Mach mit bei der Bike Lake World Challenge und umrunde die sch\u00f6nsten Seen unserer Erde mit dem Fahrrad!<\/p>\n\n\n<div class=\"wp-block-image\">\n<figure class=\"aligncenter size-medium\"><a href=\"https:\/\/www.digistore24.com\/product\/618829\"><img loading=\"lazy\" decoding=\"async\" width=\"300\" height=\"300\" src=\"https:\/\/rockyourgoal.de\/wp-content\/uploads\/2025\/06\/blc-world-klein-300x300.jpg\" alt=\"\" class=\"wp-image-19471\" srcset=\"https:\/\/rockyourgoal.de\/wp-content\/uploads\/2025\/06\/blc-world-klein-300x300.jpg 300w, https:\/\/rockyourgoal.de\/wp-content\/uploads\/2025\/06\/blc-world-klein-150x150.jpg 150w\" sizes=\"auto, (max-width: 300px) 100vw, 300px\" \/><\/a><figcaption class=\"wp-element-caption\">Zur Anmeldung bitte das Bild klicken!<\/figcaption><\/figure>\n<\/div>\n\n\n<h2 class=\"wp-block-heading\">RULES<\/h2>\n\n\n\n<p>Die Regeln zur Bike Lake World Challenge sind sehr einfach. Trotzdem m\u00f6chten wir sie an dieser Stelle noch einmal klarstellen:<\/p>\n\n\n\n<ul class=\"wp-block-list\">\n<li>Melde Dich bei der&nbsp;Bike Lake World-Challenge&nbsp;an und werde Mitglied der wachsenden \u201e<em>Bike Lake Challenge Community<\/em>\u201e!<\/li>\n\n\n\n<li>Now you have unlimited time to visit lakes on the&nbsp;<strong>whole world<\/strong>&nbsp;mit dem Fahrrad zu umrunden und Dir die sch\u00f6nen Sammlermedaillen zu verdienen. Die jeweiligen Medaillen bekommst Du \u201eautomatisch\u201c zugeschickt, sobald Du die geforderte Anzahl an Seen-Umrundungen geschafft hast.<\/li>\n\n\n\n<li>Lakes that you have already circumnavigated as part of one of the local Iron Lake Challenges are of course included.<\/li>\n\n\n\n<li>Jeder umrundete See muss mindestens eine Uferl\u00e4nge von&nbsp;<strong>zwei Kilometern<\/strong>&nbsp;haben, damit er z\u00e4hlt!<\/li>\n\n\n\n<li>Each lake must be circumnavigated \"in one go\". This means that you are welcome to take breaks, but you should complete the lake in one day. Only do one lake per day, because you want to enjoy this time!<\/li>\n\n\n\n<li>We trust you that you have really circumnavigated the lakes. However, if you want to be included in the honor roll, we need a copy of your tracking. We don't care what you use (watch, smartphone or app).<\/li>\n\n\n\n<li>This challenge will&nbsp;<strong><em>cost a monthly fee of 5,- EUR<\/em><\/strong>&nbsp;kosten. Du kannst Deine \u201eMitgliedschaft\u201c jederzeit k\u00fcndigen. Die Life-Score Points und die Medaillen k\u00f6nnen jedoch nur w\u00e4hren Deiner aktiven Mitgliedschaft erworben werden.<\/li>\n<\/ul>\n\n\n\n<p><strong>General PLEASE NOTE!<\/strong><\/p>\n\n\n\n<ul class=\"wp-block-list\">\n<li>Please note that the local road traffic regulations apply in public traffic areas and along roads and cycle paths. So move with consideration.<\/li>\n\n\n\n<li>You circumnavigate the lakes at your own risk and at your own risk. The operator of this website assumes no liability.<\/li>\n\n\n\n<li>Please heed medical advice if necessary or have a medical examination before the start of the Challenge. You are responsible for your own health, equipment and condition. Breaking off a tour is not a disgrace, health always comes first!<\/li>\n<\/ul>\n\n\n\n<p><strong>A few rules for dealing with nature during your lake tour:<\/strong><\/p>\n\n\n\n<ul class=\"wp-block-list\">\n<li>Please take into account the local instructions for the protection of nature.<\/li>\n\n\n\n<li>Please do not go off the trails.<\/li>\n\n\n\n<li>Please do not make noise.<\/li>\n\n\n\n<li>Please do not collect rocks or minerals.<\/li>\n\n\n\n<li>Please do not collect mushrooms.<\/li>\n\n\n\n<li>Please do not leave trash lying around.<\/li>\n\n\n\n<li>Please do not feed animals.<\/li>\n\n\n\n<li>Please do not make an open fire.<\/li>\n\n\n\n<li>Please do not pick plants.<\/li>\n<\/ul>\n\n\n\n<p>This should be obvious to all of us, but it doesn't hurt to remember it from time to time.&nbsp;<\/p>\n\n\n\n<h2 class=\"wp-block-heading\">REGISTRATION AND SCOPE OF SERVICES<\/h2>\n\n\n\n<p>Die monatliche Geb\u00fchr f\u00fcr die Bike Lake World Challenge kostet Dich&nbsp;<strong>5,- EUR<\/strong>&nbsp;<strong>per month<\/strong>.<\/p>\n\n\n\n<p>This entry fee includes our&nbsp;<em>Bike<\/em>&nbsp;<em>Lake World-Challenge medals<\/em>&nbsp;sowie die Murmel der&nbsp;<a href=\"https:\/\/rockyourgoal.de\/en\/timeless-challenge\/\" target=\"_blank\" rel=\"noreferrer noopener\">Timeless Challenge<\/a>&nbsp;.<\/p>\n\n\n\n<p>You will receive the respective medal as soon as you have circumnavigated the required number of lakes!&nbsp;<strong>Only then<\/strong>&nbsp;we will send you the well-deserved medal and marble! After all, you want to earn them and not get them as a gift.<\/p>\n\n\n\n<p>With your registration fee you support my heart project, the&nbsp;<a href=\"https:\/\/rockyourgoal.de\/en\/big5forlife\/trees4breeze\/\" target=\"_blank\" rel=\"noreferrer noopener\">Reforestation of one million trees worldwide!<\/a><\/p>\n\n\n\n<p><strong>How to register<\/strong>:<\/p>\n\n\n\n<ul class=\"wp-block-list\">\n<li><em><strong><a href=\"https:\/\/www.digistore24.com\/product\/618829\">Please click on the logo and you will be redirected to the registration page of our partner Digistore24<\/a><\/strong><\/em><\/li>\n\n\n\n<li>You will now receive a registration confirmation<\/li>\n\n\n\n<li>Now you can start right away and circle the most beautiful lakes in the world. Then upload them to our tool. There you can upload your tracking (e.g. a screenshot of your smartphone app) as proof.<\/li>\n\n\n\n<li>Nachdem wir dieses gepr\u00fcft haben, erh\u00e4ltst Du Deine Life-Score Points unverz\u00fcglich und die wohlverdiente Medaille und Murmel sobald Du die Anzahl an Seen geschafft hast. Easy, oder?<\/li>\n<\/ul>\n\n\n<div class=\"wp-block-image\">\n<figure class=\"aligncenter\"><a href=\"https:\/\/www.digistore24.com\/product\/618829\"><img loading=\"lazy\" decoding=\"async\" width=\"720\" height=\"300\" src=\"http:\/\/rockyourgoal.de\/wp-content\/uploads\/2025\/01\/iron-lake-challenge-anmeldung-button-1-klein.jpg\" alt=\"\" class=\"wp-image-18568\" srcset=\"https:\/\/rockyourgoal.de\/wp-content\/uploads\/2025\/01\/iron-lake-challenge-anmeldung-button-1-klein.jpg 720w, https:\/\/rockyourgoal.de\/wp-content\/uploads\/2025\/01\/iron-lake-challenge-anmeldung-button-1-klein-300x125.jpg 300w, https:\/\/rockyourgoal.de\/wp-content\/uploads\/2025\/01\/iron-lake-challenge-anmeldung-button-1-klein-18x8.jpg 18w\" sizes=\"auto, (max-width: 720px) 100vw, 720px\" \/><\/a><figcaption class=\"wp-element-caption\">Ein Klick \u2013 Anmelden \u2013 weltweit Seen umrunden \u2013 Life-Score Points sammeln!<\/figcaption><\/figure>\n<\/div>\n\n\n<h3 class=\"wp-block-heading\"><br>YOUR MEDALS AND YOUR COINS<\/h3>\n\n\n\n<p>Derzeit kannst Du die folgenden Sammlermedaillen der Bike Lake World Challenge erreichen:<\/p>\n\n\n\n<ul class=\"wp-block-list\">\n<li>\u201eEdition 50\u201c \u2013 Umrunde 50 Seen mit dem Fahrrad<\/li>\n\n\n\n<li>\u201eEdition 100\u201c \u2013 Umrunde 100 Seen mit dem Fahrrad<\/li>\n\n\n\n<li>&#8222;Edition 250&#8220; &#8211; Umrunde 250 Seen mit dem Fahrrad<\/li>\n\n\n\n<li>&#8222;Edition 500&#8220; &#8211; Umrunde 500 Seen mit dem Fahrrad<\/li>\n\n\n\n<li>Ausblick: \u201eEdition 1000\u201c \u2013 Umrunde 1000 Seen mit dem Fahrrad! Ob dies jemals jemand schafft?<\/li>\n<\/ul>\n\n\n\n<figure class=\"wp-block-table\"><table class=\"has-fixed-layout\"><tbody><tr><td><img loading=\"lazy\" decoding=\"async\" width=\"150\" height=\"156\" class=\"wp-image-19473\" style=\"width: 150px;\" src=\"http:\/\/rockyourgoal.de\/wp-content\/uploads\/2025\/06\/blc-world-50.jpg\" alt=\"\" srcset=\"https:\/\/rockyourgoal.de\/wp-content\/uploads\/2025\/06\/blc-world-50.jpg 551w, https:\/\/rockyourgoal.de\/wp-content\/uploads\/2025\/06\/blc-world-50-289x300.jpg 289w, https:\/\/rockyourgoal.de\/wp-content\/uploads\/2025\/06\/blc-world-50-12x12.jpg 12w\" sizes=\"auto, (max-width: 150px) 100vw, 150px\" \/><\/td><td><img loading=\"lazy\" decoding=\"async\" width=\"150\" height=\"150\" class=\"wp-image-19474\" style=\"width: 150px;\" src=\"http:\/\/rockyourgoal.de\/wp-content\/uploads\/2025\/06\/blc-world-100.jpg\" alt=\"\" srcset=\"https:\/\/rockyourgoal.de\/wp-content\/uploads\/2025\/06\/blc-world-100.jpg 557w, https:\/\/rockyourgoal.de\/wp-content\/uploads\/2025\/06\/blc-world-100-300x300.jpg 300w, https:\/\/rockyourgoal.de\/wp-content\/uploads\/2025\/06\/blc-world-100-150x150.jpg 150w, https:\/\/rockyourgoal.de\/wp-content\/uploads\/2025\/06\/blc-world-100-12x12.jpg 12w\" sizes=\"auto, (max-width: 150px) 100vw, 150px\" \/><\/td><td><img loading=\"lazy\" decoding=\"async\" width=\"150\" height=\"156\" class=\"wp-image-19475\" style=\"width: 150px;\" src=\"http:\/\/rockyourgoal.de\/wp-content\/uploads\/2025\/06\/blc-world-250.jpg\" alt=\"\" srcset=\"https:\/\/rockyourgoal.de\/wp-content\/uploads\/2025\/06\/blc-world-250.jpg 540w, https:\/\/rockyourgoal.de\/wp-content\/uploads\/2025\/06\/blc-world-250-289x300.jpg 289w, https:\/\/rockyourgoal.de\/wp-content\/uploads\/2025\/06\/blc-world-250-12x12.jpg 12w\" sizes=\"auto, (max-width: 150px) 100vw, 150px\" \/><\/td><td><img loading=\"lazy\" decoding=\"async\" width=\"150\" height=\"137\" class=\"wp-image-19476\" style=\"width: 150px;\" src=\"http:\/\/rockyourgoal.de\/wp-content\/uploads\/2025\/06\/blc-world-500.jpg\" alt=\"\" srcset=\"https:\/\/rockyourgoal.de\/wp-content\/uploads\/2025\/06\/blc-world-500.jpg 620w, https:\/\/rockyourgoal.de\/wp-content\/uploads\/2025\/06\/blc-world-500-300x274.jpg 300w, https:\/\/rockyourgoal.de\/wp-content\/uploads\/2025\/06\/blc-world-500-13x12.jpg 13w\" sizes=\"auto, (max-width: 150px) 100vw, 150px\" \/><\/td><td><img loading=\"lazy\" decoding=\"async\" width=\"150\" height=\"86\" class=\"wp-image-10260\" style=\"width: 150px;\" src=\"http:\/\/rockyourgoal.de\/wp-content\/uploads\/2022\/12\/murmeln-timeless-challenge.jpg\" alt=\"\" srcset=\"https:\/\/rockyourgoal.de\/wp-content\/uploads\/2022\/12\/murmeln-timeless-challenge.jpg 1072w, https:\/\/rockyourgoal.de\/wp-content\/uploads\/2022\/12\/murmeln-timeless-challenge-300x172.jpg 300w, https:\/\/rockyourgoal.de\/wp-content\/uploads\/2022\/12\/murmeln-timeless-challenge-1024x587.jpg 1024w, https:\/\/rockyourgoal.de\/wp-content\/uploads\/2022\/12\/murmeln-timeless-challenge-768x440.jpg 768w, https:\/\/rockyourgoal.de\/wp-content\/uploads\/2022\/12\/murmeln-timeless-challenge-18x10.jpg 18w, https:\/\/rockyourgoal.de\/wp-content\/uploads\/2022\/12\/murmeln-timeless-challenge-850x487.jpg 850w\" sizes=\"auto, (max-width: 150px) 100vw, 150px\" \/><\/td><\/tr><\/tbody><\/table><\/figure>\n\n\n\n<h2 class=\"wp-block-heading\">Bike Lake World Challenge Ehrentafel<\/h2>\n\n\n\n<p>Here you can quickly and easily enter your results and upload the evidence (e.g. screen copy of your tracking). We check them and approve them. Then your result is saved and appears in the honor roll.<\/p>\n\n\n\n<p class=\"has-text-align-center\"><strong><a href=\"http:\/\/rockyourgoal.de\/wp-content\/uploads\/2023\/11\/Beschreibung-Challenge-Tool.pdf\">Instructions for the Challenge Tool<\/a><\/strong><\/p>\n\n\n\n<p>This is how our honor board works<\/p>\n\n\n\n<ul class=\"wp-block-list\">\n<li><a href=\"https:\/\/rockyourgoal.de\/en\/wb-admin\/?action=register\" target=\"_blank\" rel=\"noreferrer noopener\">Register on our site<\/a><\/li>\n\n\n\n<li>Please reload this page (so that the system recognizes that you are logged in)<\/li>\n\n\n\n<li>W\u00e4hle den von Dir umrundeten See unter \u201cSummit\/Lake\u201d aus oder (falls er nicht in unserer Liste ist), gib ihn unter \u201eNew Lake\u201c ein.<\/li>\n\n\n\n<li>Enter the distance you have covered (in meters) under \"<em>Length (in m)<\/em>\"<\/li>\n\n\n\n<li>Enter the required time (in minutes) under \"<em>Time needed (in min)<\/em>.<\/li>\n\n\n\n<li>Enter the date of your circumnavigation under \"date\"<\/li>\n\n\n\n<li>Since it is now particularly exciting, please make sure you select the correct region (select the respective country and possibly state)<\/li>\n\n\n\n<li>Now you can upload the evidence (e.g. a screenshot of your tracking) under \"<em>Upload proof (optional)<\/em>\"<\/li>\n\n\n\n<li>Now all you have to do is SAVE!<\/li>\n\n\n\n<li>We check your round and release it. Then you will see your result in the ranking.<\/li>\n\n\n\n<li>Dein Ergebnis erscheint nun in der Iron Lake WORLD Challenge Ehrentafel, aber auch in dem \u201c<a href=\"https:\/\/rockyourgoal.de\/en\/iron-lake-challenge\/#Die_Iron_Lake_Challenge_Life_Lake_Museum\" target=\"_blank\" rel=\"noreferrer noopener\">Life Lake Museum<\/a>\u201c.<\/li>\n<\/ul>\n\n\n\n<h2 class=\"wp-block-heading\">Die Bike Lake Challenge in Social Media<\/h2>\n\n\n\n<h3 class=\"wp-block-heading\">Hashtags der Iron Lake World Challenge<\/h3>\n\n\n\n<p>We would be happy if you share pictures, videos and your experiences around the Iron Lake Challenge with others. For this purpose we provide you with the following hashtags:<\/p>\n\n\n\n<ul class=\"wp-block-list\">\n<li>#bikelakechallenge<\/li>\n\n\n\n<li>#bikelakeworldchallenge<\/li>\n\n\n\n<li>#timelesschallenge<\/li>\n<\/ul>\n\n\n\n<h3 class=\"wp-block-heading\">Die Bike Lake Challenge in unserem Forum<\/h3>\n\n\n\n<p>Nat\u00fcrlich laden wir Dich herzlich auch in unser Forum in die Gruppe \u201c<a href=\"https:\/\/rockyourgoal.de\/en\/forum\/forum\/\"><em>Bike Lake Challenge<\/em>&nbsp;<em>Discussion Board<\/em><\/a>\".<\/p>\n\n\n\n<h2 class=\"wp-block-heading\">Timeless Shop<\/h2>\n\n\n\n<p>In unserem&nbsp;<a href=\"https:\/\/partner.spreadshirt.de\/shop-area\/100891111\/shop\">Timeless Shop<\/a>&nbsp;findest Du auch f\u00fcr die Bike Lake Challenge tolle Produkte. Schau mal rein! Produkte mit folgenden Designs k\u00f6nnen wir Dir derzeit anbieten:<\/p>\n\n\n\n<figure class=\"wp-block-table\"><table class=\"has-fixed-layout\"><tbody><tr><td class=\"has-text-align-center\" data-align=\"center\"><a href=\"https:\/\/spreadshop-admin.spreadshirt.de\/timeless-shop\/bike+lake+world+challenge+-+d1?idea=685523dcee682a60b267fc25\"><img loading=\"lazy\" decoding=\"async\" width=\"150\" height=\"180\" class=\"wp-image-19541\" style=\"width: 150px;\" src=\"http:\/\/rockyourgoal.de\/wp-content\/uploads\/2025\/06\/blc-world-d1-klein.jpg\" alt=\"\" srcset=\"https:\/\/rockyourgoal.de\/wp-content\/uploads\/2025\/06\/blc-world-d1-klein.jpg 360w, https:\/\/rockyourgoal.de\/wp-content\/uploads\/2025\/06\/blc-world-d1-klein-250x300.jpg 250w, https:\/\/rockyourgoal.de\/wp-content\/uploads\/2025\/06\/blc-world-d1-klein-10x12.jpg 10w\" sizes=\"auto, (max-width: 150px) 100vw, 150px\" \/><\/a><\/td><td>weitere Designs folgen die n\u00e4chsten Wochen&#8230;<\/td><\/tr><\/tbody><\/table><\/figure>\n\n\n\n<h2 class=\"wp-block-heading\">Imprint<\/h2>\n\n\n\n<p><a href=\"https:\/\/rockyourgoal.de\/en\/deshalb-bist-du-hier\/impressum-und-datenschutz\/\" target=\"_blank\" rel=\"noreferrer noopener\">To our imprint<\/a><\/p>","protected":false},"excerpt":{"rendered":"<p>Unsere Erde ist wundersch\u00f6n, abwechslungsreich und einmalig! Sie ist die sch\u00f6nste Heimat die es geben kann. Die im Zuge der Jahrmillionen entstandenen Landschaften sind unvergleichlich, spannend und werden von unglaublichen Pflanzen, Tieren und uns Menschen bewohnt. Die Seen der Erde sind nicht nur wichtiger S\u00fc\u00dfwasserspeicher f\u00fcr alle Lebewesen sondern als&hellip;<\/p>\n<p> <a class=\"more-link\" href=\"https:\/\/rockyourgoal.de\/en\/timeless-challenge\/sport-challenge\/bike-lake-challenge\/world\/\">Read more<\/a><\/p>","protected":false},"author":2,"featured_media":0,"parent":18877,"menu_order":0,"comment_status":"closed","ping_status":"closed","template":"","meta":{"pgc_sgb_lightbox_settings":"","_glsr_average":0,"_glsr_ranking":0,"_glsr_reviews":0,"footnotes":""},"class_list":["post-19404","page","type-page","status-publish"],"_links":{"self":[{"href":"https:\/\/rockyourgoal.de\/en\/wp-json\/wp\/v2\/pages\/19404","targetHints":{"allow":["GET"]}}],"collection":[{"href":"https:\/\/rockyourgoal.de\/en\/wp-json\/wp\/v2\/pages"}],"about":[{"href":"https:\/\/rockyourgoal.de\/en\/wp-json\/wp\/v2\/types\/page"}],"author":[{"embeddable":true,"href":"https:\/\/rockyourgoal.de\/en\/wp-json\/wp\/v2\/users\/2"}],"replies":[{"embeddable":true,"href":"https:\/\/rockyourgoal.de\/en\/wp-json\/wp\/v2\/comments?post=19404"}],"version-history":[{"count":13,"href":"https:\/\/rockyourgoal.de\/en\/wp-json\/wp\/v2\/pages\/19404\/revisions"}],"predecessor-version":[{"id":19543,"href":"https:\/\/rockyourgoal.de\/en\/wp-json\/wp\/v2\/pages\/19404\/revisions\/19543"}],"up":[{"embeddable":true,"href":"https:\/\/rockyourgoal.de\/en\/wp-json\/wp\/v2\/pages\/18877"}],"wp:attachment":[{"href":"https:\/\/rockyourgoal.de\/en\/wp-json\/wp\/v2\/media?parent=19404"}],"curies":[{"name":"wp","href":"https:\/\/api.w.org\/{rel}","templated":true}]}}