{"id":1371,"date":"2020-03-24T09:52:59","date_gmt":"2020-03-24T08:52:59","guid":{"rendered":"http:\/\/rockyourgoal.de\/?page_id=1371"},"modified":"2026-01-20T18:33:09","modified_gmt":"2026-01-20T17:33:09","slug":"12-wochen-trainingsplan-griffkrafttraining","status":"publish","type":"page","link":"https:\/\/rockyourgoal.de\/en\/meine-angebote\/ocr-und-spartanrace\/griffkrafttraining-ocr\/12-wochen-trainingsplan-griffkrafttraining\/","title":{"rendered":"12 weeks training plan grip strength training"},"content":{"rendered":"<p>Nun ist es endlich soweit. Du kannst ab sofort den 12 Wochen Trainingsplan &#8222;Griffkrafttraining f\u00fcr Hindernisl\u00e4ufer&#8220; bestellten. <\/p>\n\n\n<div class=\"wp-block-image\">\n<figure class=\"aligncenter size-large is-resized\"><a href=\"https:\/\/www.amazon.com\/dp\/B0B5XS5B7M\"><img loading=\"lazy\" decoding=\"async\" width=\"941\" height=\"1024\" src=\"https:\/\/rockyourgoal.de\/wp-content\/uploads\/2020\/03\/grip-wins-races.jpg\" alt=\"\" class=\"wp-image-1374\" style=\"width:314px;height:342px\" srcset=\"https:\/\/rockyourgoal.de\/wp-content\/uploads\/2020\/03\/grip-wins-races.jpg 941w, https:\/\/rockyourgoal.de\/wp-content\/uploads\/2020\/03\/grip-wins-races-276x300.jpg 276w, https:\/\/rockyourgoal.de\/wp-content\/uploads\/2020\/03\/grip-wins-races-768x836.jpg 768w, https:\/\/rockyourgoal.de\/wp-content\/uploads\/2020\/03\/grip-wins-races-300x326.jpg 300w, https:\/\/rockyourgoal.de\/wp-content\/uploads\/2020\/03\/grip-wins-races-850x925.jpg 850w\" sizes=\"auto, (max-width: 941px) 100vw, 941px\" \/><\/a><figcaption class=\"wp-element-caption\">Click image to order the 12 week plan<\/figcaption><\/figure>\n<\/div>\n\n\n<p>Get your 12 Grip Strength Training Plan for <strong>8,99 Dollar<\/strong>We think, it is a fair price<\/p>\n\n\n\n<p><strong>For the price of 8,99 Dollar you will get:<\/strong><\/p>\n\n\n\n<p>An ebook (43 page PDF) with the following content:<\/p>\n\n\n\n<ul class=\"wp-block-list\">\n<li>\u00a0Guide to properly build grip strength and grip strength endurance for OCR Athletes. This is a comprehensive collection of knowledge that contains everything you need to know as a OCR Athlete to systematically train your grip strength. <\/li>\n\n\n\n<li>12 week training plan to build strong grip strength that meets all the demands of obstacle course running.\u00a0<\/li>\n<\/ul>\n\n\n\n<p><strong>Details about the content of the ebook:<\/strong>:<\/p>\n\n\n\n<p>&#8211; Gr\u00fcnde f\u00fcr eine gute Griffkraft kurz und knapp<\/p>\n\n\n\n<p>&#8211; Warum ist das Griffkrafttraining im OCR \u201espeziell\u201c? <\/p>\n\n\n\n<p>&#8211; Die verschiedenen Arten der Griffkraft<\/p>\n\n\n\n<p>&#8211; Allgemeine Grunds\u00e4tze des Griffkrafttrainings<\/p>\n\n\n\n<p>&#8211; Grunds\u00e4tze einer jeden Trainingseinheit<\/p>\n\n\n\n<p>&#8211; Der Zusammenhang zwischen Griffkraft und einer starken Schulter<\/p>\n\n\n\n<p>&#8211; Extensor Training<\/p>\n\n\n\n<p>&#8211; Isometrisches vs. Dynamisches Griffkrafttraining<\/p>\n\n\n\n<p>&#8211; \u00dcbungen f\u00fcr eine gute Griffkraft: <\/p>\n\n\n\n<p>&#8211; Kombi\u00fcbungen Griffkrafttraining und funktionelle Fitness<\/p>\n\n\n\n<p>&#8211; Tools zum Griffkrafttraining: <\/p>\n\n\n\n<p>&#8211; Hindernisspezifisches Griffkrafttraining f\u00fcr OCR<\/p>\n\n\n\n<p>&#8211; Besiege die Rigs! <\/p>\n\n\n\n<p><strong>12 weeks training plan \u201eGrip wins Races\u201c<\/strong><\/p>\n\n\n\n<p><\/p>\n\n\n\n<p><strong>Any questions? Contact us!<\/strong><\/p>\n\n\n\n<p>You can reach me at the following contact details<\/p>\n\n\n\n<p>Uwe Kauntz, Ludwigstr. 28, 85551 Kirchheim, Germany, Email: uwe@rockyourgoal.de<\/p>\n\n\n\n<p>After the many weeks of work I would be very happy about your feedback. What is good, what is missing? I would be happy about your comment!<\/p>\n\n\n\n<p>Uwe<\/p>\n\n\n\n<!-- Begin of Digistore24 Trusted Badge Code -->\n<script type=\"text\/javascript\" src=\"https:\/\/www.digistore24.com\/trusted-badge\/18905\/LmXnqzk0OyFyWwG\/salespage\"><\/script>\n<!-- End of Digistore24 Trusted Badge Code -->\n\n\n\n<h3 class=\"wp-block-heading\">Impressum<\/h3>\n\n\n\n<ul class=\"wp-block-list\">\n<li><a href=\"http:\/\/rockyourgoal.de\/en\/meine-angebote\/ocr-und-spartanrace\/griffkrafttraining-ocr\/\">Das gro\u00dfe Griffkraft Tutorial f\u00fcr Hindernisl\u00e4ufer<\/a> (dieses ist \u00fcbrigens bei dem 12-Wochen-Griffkraft Trainingsplan mit als PDF-Datei dabei)<\/li>\n\n\n\n<li><a href=\"http:\/\/rockyourgoal.de\/en\/griffkraft-im-ocr\/\">Griffkraft Training im OCR kurz und knapp<\/a><\/li>\n\n\n\n<li><a href=\"http:\/\/rockyourgoal.de\/en\/5-tools-fuer-mehr-griffkraft-im-ocr\/\">5 Tools f\u00fcr mehr Griffkraft im OCR<\/a><\/li>\n<\/ul>\n\n\n\n<h3 class=\"wp-block-heading\">Weitere Trainingspl\u00e4ne f\u00fcr Hindernisl\u00e4ufer<\/h3>\n\n\n\n<figure class=\"wp-block-image size-large is-resized\"><a href=\"http:\/\/rockyourgoal.de\/en\/meine-angebote\/ocr-und-spartanrace\/ocr-trainingsplan\/einsteiger-kurzdistanz\/\"><img loading=\"lazy\" decoding=\"async\" width=\"976\" height=\"902\" src=\"https:\/\/rockyourgoal.de\/wp-content\/uploads\/2019\/07\/cropped-logo-rockyourgoal-transparent1.png\" alt=\"\" class=\"wp-image-2393\" style=\"width:266px;height:246px\" srcset=\"https:\/\/rockyourgoal.de\/wp-content\/uploads\/2019\/07\/cropped-logo-rockyourgoal-transparent1.png 1171w, https:\/\/rockyourgoal.de\/wp-content\/uploads\/2019\/07\/cropped-logo-rockyourgoal-transparent1-300x154.png 300w, https:\/\/rockyourgoal.de\/wp-content\/uploads\/2019\/07\/cropped-logo-rockyourgoal-transparent1-768x395.png 768w, https:\/\/rockyourgoal.de\/wp-content\/uploads\/2019\/07\/cropped-logo-rockyourgoal-transparent1-1024x527.png 1024w, https:\/\/rockyourgoal.de\/wp-content\/uploads\/2019\/07\/cropped-logo-rockyourgoal-transparent1-850x438.png 850w\" sizes=\"auto, (max-width: 976px) 100vw, 976px\" \/><\/a><figcaption class=\"wp-element-caption\"><a href=\"http:\/\/rockyourgoal.de\/en\/meine-angebote\/ocr-und-spartanrace\/ocr-trainingsplan\/einsteiger-kurzdistanz\/\" target=\"_blank\" rel=\"noreferrer noopener\">12 Wochen OCR Trainingsplan f\u00fcr Einsteiger &#8211; Kurzdistanz f\u00fcr 7,- EUR<\/a><\/figcaption><\/figure>\n\n\n\n<h2 class=\"wp-block-heading\">IMPRINT<\/h2>\n\n\n\n<p><a href=\"https:\/\/rockyourgoal.de\/en\/deshalb-bist-du-hier\/impressum-und-datenschutz\/\" target=\"_blank\" rel=\"noreferrer noopener\">To our imprint<\/a><\/p>","protected":false},"excerpt":{"rendered":"<p>Nun ist es endlich soweit. Du kannst ab sofort den 12 Wochen Trainingsplan &#8222;Griffkrafttraining f\u00fcr Hindernisl\u00e4ufer&#8220; bestellten. Dieser kostet euch 4,95 EUR. Ich denke, das ist ein sehr fairer Preis \ud83d\ude42 F\u00fcr den Preis erh\u00e4ltst Du: Nach der Bestellung erh\u00e4ltst Du ein Ebook (43 Seiten PDF) mit folgenden Inhalten: Details&hellip;<\/p>\n<p> <a class=\"more-link\" href=\"https:\/\/rockyourgoal.de\/en\/meine-angebote\/ocr-und-spartanrace\/griffkrafttraining-ocr\/12-wochen-trainingsplan-griffkrafttraining\/\">Read more<\/a><\/p>","protected":false},"author":2,"featured_media":0,"parent":1084,"menu_order":0,"comment_status":"open","ping_status":"closed","template":"","meta":{"pgc_sgb_lightbox_settings":"","_glsr_average":0,"_glsr_ranking":0,"_glsr_reviews":0,"footnotes":""},"class_list":["post-1371","page","type-page","status-publish"],"_links":{"self":[{"href":"https:\/\/rockyourgoal.de\/en\/wp-json\/wp\/v2\/pages\/1371","targetHints":{"allow":["GET"]}}],"collection":[{"href":"https:\/\/rockyourgoal.de\/en\/wp-json\/wp\/v2\/pages"}],"about":[{"href":"https:\/\/rockyourgoal.de\/en\/wp-json\/wp\/v2\/types\/page"}],"author":[{"embeddable":true,"href":"https:\/\/rockyourgoal.de\/en\/wp-json\/wp\/v2\/users\/2"}],"replies":[{"embeddable":true,"href":"https:\/\/rockyourgoal.de\/en\/wp-json\/wp\/v2\/comments?post=1371"}],"version-history":[{"count":11,"href":"https:\/\/rockyourgoal.de\/en\/wp-json\/wp\/v2\/pages\/1371\/revisions"}],"predecessor-version":[{"id":21208,"href":"https:\/\/rockyourgoal.de\/en\/wp-json\/wp\/v2\/pages\/1371\/revisions\/21208"}],"up":[{"embeddable":true,"href":"https:\/\/rockyourgoal.de\/en\/wp-json\/wp\/v2\/pages\/1084"}],"wp:attachment":[{"href":"https:\/\/rockyourgoal.de\/en\/wp-json\/wp\/v2\/media?parent=1371"}],"curies":[{"name":"wp","href":"https:\/\/api.w.org\/{rel}","templated":true}]}}