{"id":12936,"date":"2023-05-30T13:52:28","date_gmt":"2023-05-30T11:52:28","guid":{"rendered":"https:\/\/rockyourgoal.de\/?page_id=12936"},"modified":"2023-05-30T14:19:49","modified_gmt":"2023-05-30T12:19:49","slug":"beziehungen","status":"publish","type":"page","link":"https:\/\/rockyourgoal.de\/en\/timeless-challenge\/beziehungen\/","title":{"rendered":"Beziehungs Challenges"},"content":{"rendered":"<p>Wir Menschen sind soziale Lebewesen und auch wenn es sicherlich Tage gibt, an denen wir ein paar einsame Stunden genie\u00dfen, so sind uns Partner, Familie, Freunde, Nachbarn und Kollegen doch sehr wichtig. <\/p>\n\n\n\n<p>Da Beziehungen ein sehr wichtiger Lebensbereich von uns Menschen sind, sollten wir sie pflegen und laufend verbessern.  Und wie w\u00fcrde das besser gehen, als mit Spa\u00df und einer Challenge. Viele unserer Challenges k\u00f6nnt ihr \u00fcbrigens sogar zusammen als Team machen. <\/p>\n\n\n\n<blockquote class=\"wp-block-quote is-layout-flow wp-block-quote-is-layout-flow\">\n<p>Beziehungen sind eine Rutschbahn nach oben<\/p>\n<cite>Karl Farkas<\/cite><\/blockquote>\n\n\n<div class=\"wp-block-image\">\n<figure class=\"aligncenter size-medium\"><a href=\"https:\/\/rockyourgoal.de\/wp-content\/uploads\/2023\/05\/timeless-challenge-beziehungen.jpg\"><img loading=\"lazy\" decoding=\"async\" width=\"300\" height=\"200\" src=\"https:\/\/rockyourgoal.de\/wp-content\/uploads\/2023\/05\/timeless-challenge-beziehungen-300x200.jpg\" alt=\"\" class=\"wp-image-12940\" srcset=\"https:\/\/rockyourgoal.de\/wp-content\/uploads\/2023\/05\/timeless-challenge-beziehungen-300x200.jpg 300w, https:\/\/rockyourgoal.de\/wp-content\/uploads\/2023\/05\/timeless-challenge-beziehungen-1024x682.jpg 1024w, https:\/\/rockyourgoal.de\/wp-content\/uploads\/2023\/05\/timeless-challenge-beziehungen-768x512.jpg 768w, https:\/\/rockyourgoal.de\/wp-content\/uploads\/2023\/05\/timeless-challenge-beziehungen-18x12.jpg 18w, https:\/\/rockyourgoal.de\/wp-content\/uploads\/2023\/05\/timeless-challenge-beziehungen.jpg 1280w\" sizes=\"auto, (max-width: 300px) 100vw, 300px\" \/><\/a><\/figure>\n<\/div>\n\n\n<h2 class=\"wp-block-heading\">Beziehungs Challenges<\/h2>\n\n\n\n<p>Beziehungen hast Du zu Deinem Partner, zu Deiner Familie, zu Freunden, Nachbarn, Kollegen aber auch in der Gesellschaft (Vereine, Parteien etc.). Wir haben wertvolle Challenges aus dem Bereich Beziehungen f\u00fcr Dich vorbereitet. <\/p>\n\n\n\n<figure class=\"wp-block-table\"><table><tbody><tr><td><strong>Name<\/strong><\/td><td><strong>Logo<\/strong><\/td><td><strong>Kurze Beschreibung<\/strong><\/td><td><strong>Duration<\/strong>&nbsp;<strong>in Tagen<\/strong><\/td><td><strong>Life-Score Points<\/strong><\/td><\/tr><tr><td><a href=\"https:\/\/rockyourgoal.de\/en\/timeless-challenge\/beziehungen\/act-of-kindeness-challenge\/\" target=\"_blank\" rel=\"noreferrer noopener\">Act of Kindness Challenge<\/a><\/td><td><a href=\"https:\/\/rockyourgoal.de\/en\/timeless-challenge\/beziehungen\/act-of-kindeness-challenge\/\" target=\"_blank\" rel=\"noreferrer noopener\"><img loading=\"lazy\" decoding=\"async\" width=\"150\" height=\"91\" class=\"wp-image-6653\" style=\"width: 150px;\" src=\"http:\/\/rockyourgoal.de\/wp-content\/uploads\/2022\/04\/act-of-kindeness-challenge-logo.png\" alt=\"\" srcset=\"https:\/\/rockyourgoal.de\/wp-content\/uploads\/2022\/04\/act-of-kindeness-challenge-logo.png 4388w, https:\/\/rockyourgoal.de\/wp-content\/uploads\/2022\/04\/act-of-kindeness-challenge-logo-300x180.png 300w, https:\/\/rockyourgoal.de\/wp-content\/uploads\/2022\/04\/act-of-kindeness-challenge-logo-1024x624.png 1024w, https:\/\/rockyourgoal.de\/wp-content\/uploads\/2022\/04\/act-of-kindeness-challenge-logo-768x468.png 768w, https:\/\/rockyourgoal.de\/wp-content\/uploads\/2022\/04\/act-of-kindeness-challenge-logo-1536x936.png 1536w, https:\/\/rockyourgoal.de\/wp-content\/uploads\/2022\/04\/act-of-kindeness-challenge-logo-2048x1248.png 2048w, https:\/\/rockyourgoal.de\/wp-content\/uploads\/2022\/04\/act-of-kindeness-challenge-logo-18x12.png 18w, https:\/\/rockyourgoal.de\/wp-content\/uploads\/2022\/04\/act-of-kindeness-challenge-logo-850x518.png 850w\" sizes=\"auto, (max-width: 150px) 100vw, 150px\" \/><\/a><\/td><td>Tu 30 Tage lang t\u00e4glich etwas Gutes<\/td><td>30<\/td><td>50<\/td><\/tr><tr><td><a href=\"https:\/\/rockyourgoal.de\/en\/timeless-challenge\/beziehungen\/animal-shelter-angel\/\" target=\"_blank\" rel=\"noreferrer noopener\">Animal Shelter Angel Challenge<\/a><\/td><td><a href=\"https:\/\/rockyourgoal.de\/en\/timeless-challenge\/beziehungen\/animal-shelter-angel\/\" target=\"_blank\" rel=\"noreferrer noopener\"><img loading=\"lazy\" decoding=\"async\" width=\"150\" height=\"111\" class=\"wp-image-6713\" style=\"width: 150px;\" src=\"http:\/\/rockyourgoal.de\/wp-content\/uploads\/2022\/04\/animal-shelter-angel-logo.png\" alt=\"\" srcset=\"https:\/\/rockyourgoal.de\/wp-content\/uploads\/2022\/04\/animal-shelter-angel-logo.png 4024w, https:\/\/rockyourgoal.de\/wp-content\/uploads\/2022\/04\/animal-shelter-angel-logo-300x222.png 300w, https:\/\/rockyourgoal.de\/wp-content\/uploads\/2022\/04\/animal-shelter-angel-logo-1024x757.png 1024w, https:\/\/rockyourgoal.de\/wp-content\/uploads\/2022\/04\/animal-shelter-angel-logo-768x568.png 768w, https:\/\/rockyourgoal.de\/wp-content\/uploads\/2022\/04\/animal-shelter-angel-logo-1536x1136.png 1536w, https:\/\/rockyourgoal.de\/wp-content\/uploads\/2022\/04\/animal-shelter-angel-logo-2048x1514.png 2048w, https:\/\/rockyourgoal.de\/wp-content\/uploads\/2022\/04\/animal-shelter-angel-logo-16x12.png 16w, https:\/\/rockyourgoal.de\/wp-content\/uploads\/2022\/04\/animal-shelter-angel-logo-850x628.png 850w\" sizes=\"auto, (max-width: 150px) 100vw, 150px\" \/><\/a><\/td><td>Unterst\u00fctze Tierheime<\/td><td>1+<\/td><td>5+<\/td><\/tr><tr><td><a href=\"https:\/\/rockyourgoal.de\/en\/timeless-challenge\/beziehungen\/precious-time\/\" target=\"_blank\" rel=\"noreferrer noopener\">Precious Time Challenge<\/a><\/td><td><a href=\"https:\/\/rockyourgoal.de\/en\/timeless-challenge\/beziehungen\/precious-time\/\" target=\"_blank\" rel=\"noreferrer noopener\"><img loading=\"lazy\" decoding=\"async\" width=\"150\" height=\"81\" class=\"wp-image-7337\" style=\"width: 150px;\" src=\"http:\/\/rockyourgoal.de\/wp-content\/uploads\/2022\/06\/precious-time-challenge-logo.png\" alt=\"\" srcset=\"https:\/\/rockyourgoal.de\/wp-content\/uploads\/2022\/06\/precious-time-challenge-logo.png 4472w, https:\/\/rockyourgoal.de\/wp-content\/uploads\/2022\/06\/precious-time-challenge-logo-300x162.png 300w, https:\/\/rockyourgoal.de\/wp-content\/uploads\/2022\/06\/precious-time-challenge-logo-1024x552.png 1024w, https:\/\/rockyourgoal.de\/wp-content\/uploads\/2022\/06\/precious-time-challenge-logo-768x414.png 768w, https:\/\/rockyourgoal.de\/wp-content\/uploads\/2022\/06\/precious-time-challenge-logo-1536x828.png 1536w, https:\/\/rockyourgoal.de\/wp-content\/uploads\/2022\/06\/precious-time-challenge-logo-2048x1104.png 2048w, https:\/\/rockyourgoal.de\/wp-content\/uploads\/2022\/06\/precious-time-challenge-logo-18x10.png 18w, https:\/\/rockyourgoal.de\/wp-content\/uploads\/2022\/06\/precious-time-challenge-logo-850x458.png 850w\" sizes=\"auto, (max-width: 150px) 100vw, 150px\" \/><\/a><a rel=\"noreferrer noopener\" href=\"https:\/\/rockyourgoal.de\/en\/timeless-challenge\/sport-challenge\/ad-challenge\/\" target=\"_blank\"><\/a><\/td><td>Triff mal wieder Menschen die Dir wichtig sind<\/td><td>30+<\/td><td>50+<\/td><\/tr><tr><td><a href=\"https:\/\/rockyourgoal.de\/en\/timeless-challenge\/beziehungen\/message-of-trust\/\" target=\"_blank\" rel=\"noreferrer noopener\">Message of Trust<\/a><\/td><td><a href=\"https:\/\/rockyourgoal.de\/en\/timeless-challenge\/beziehungen\/message-of-trust\/\" target=\"_blank\" rel=\"noreferrer noopener\"><img loading=\"lazy\" decoding=\"async\" width=\"150\" height=\"122\" class=\"wp-image-6855\" style=\"width: 150px;\" src=\"http:\/\/rockyourgoal.de\/wp-content\/uploads\/2022\/04\/message-of-trust-logo.png\" alt=\"\" srcset=\"https:\/\/rockyourgoal.de\/wp-content\/uploads\/2022\/04\/message-of-trust-logo.png 3647w, https:\/\/rockyourgoal.de\/wp-content\/uploads\/2022\/04\/message-of-trust-logo-300x245.png 300w, https:\/\/rockyourgoal.de\/wp-content\/uploads\/2022\/04\/message-of-trust-logo-1024x835.png 1024w, https:\/\/rockyourgoal.de\/wp-content\/uploads\/2022\/04\/message-of-trust-logo-768x626.png 768w, https:\/\/rockyourgoal.de\/wp-content\/uploads\/2022\/04\/message-of-trust-logo-1536x1253.png 1536w, https:\/\/rockyourgoal.de\/wp-content\/uploads\/2022\/04\/message-of-trust-logo-2048x1671.png 2048w, https:\/\/rockyourgoal.de\/wp-content\/uploads\/2022\/04\/message-of-trust-logo-15x12.png 15w, https:\/\/rockyourgoal.de\/wp-content\/uploads\/2022\/04\/message-of-trust-logo-850x693.png 850w\" sizes=\"auto, (max-width: 150px) 100vw, 150px\" \/><\/a><\/td><td>Schreibe einem lieben Menschen 30 Tage lang ein Post-it<\/td><td>30<\/td><td>50<\/td><\/tr><tr><td><a href=\"https:\/\/rockyourgoal.de\/en\/timeless-challenge\/beziehungen\/family-power\/\" target=\"_blank\" rel=\"noreferrer noopener\">Family Power<\/a><\/td><td><img loading=\"lazy\" decoding=\"async\" width=\"150\" height=\"86\" class=\"wp-image-5923\" style=\"width: 150px;\" src=\"http:\/\/rockyourgoal.de\/wp-content\/uploads\/2022\/02\/logo-family-power-2.png\" alt=\"\" srcset=\"https:\/\/rockyourgoal.de\/wp-content\/uploads\/2022\/02\/logo-family-power-2.png 2517w, https:\/\/rockyourgoal.de\/wp-content\/uploads\/2022\/02\/logo-family-power-2-300x173.png 300w, https:\/\/rockyourgoal.de\/wp-content\/uploads\/2022\/02\/logo-family-power-2-1024x589.png 1024w, https:\/\/rockyourgoal.de\/wp-content\/uploads\/2022\/02\/logo-family-power-2-768x442.png 768w, https:\/\/rockyourgoal.de\/wp-content\/uploads\/2022\/02\/logo-family-power-2-1536x884.png 1536w, https:\/\/rockyourgoal.de\/wp-content\/uploads\/2022\/02\/logo-family-power-2-2048x1178.png 2048w, https:\/\/rockyourgoal.de\/wp-content\/uploads\/2022\/02\/logo-family-power-2-850x489.png 850w\" sizes=\"auto, (max-width: 150px) 100vw, 150px\" \/><\/td><td>Setz Dir zusammen mit Deiner Familie ein Jahresziel und erf\u00fclle es<\/td><td>365<\/td><td>50 bis 100<\/td><\/tr><tr><td><a href=\"https:\/\/rockyourgoal.de\/en\/timeless-challenge\/beziehungen\/captive-audience\/\" target=\"_blank\" rel=\"noreferrer noopener\">Captive Audience<\/a><\/td><td><a href=\"https:\/\/rockyourgoal.de\/en\/timeless-challenge\/beziehungen\/captive-audience\/\" target=\"_blank\" rel=\"noreferrer noopener\"><img loading=\"lazy\" decoding=\"async\" width=\"150\" height=\"46\" class=\"wp-image-6923\" style=\"width: 150px;\" src=\"http:\/\/rockyourgoal.de\/wp-content\/uploads\/2022\/05\/captive-audience-logo.png\" alt=\"\" srcset=\"https:\/\/rockyourgoal.de\/wp-content\/uploads\/2022\/05\/captive-audience-logo.png 4496w, https:\/\/rockyourgoal.de\/wp-content\/uploads\/2022\/05\/captive-audience-logo-300x92.png 300w, https:\/\/rockyourgoal.de\/wp-content\/uploads\/2022\/05\/captive-audience-logo-1024x315.png 1024w, https:\/\/rockyourgoal.de\/wp-content\/uploads\/2022\/05\/captive-audience-logo-768x237.png 768w, https:\/\/rockyourgoal.de\/wp-content\/uploads\/2022\/05\/captive-audience-logo-1536x473.png 1536w, https:\/\/rockyourgoal.de\/wp-content\/uploads\/2022\/05\/captive-audience-logo-2048x631.png 2048w, https:\/\/rockyourgoal.de\/wp-content\/uploads\/2022\/05\/captive-audience-logo-18x6.png 18w, https:\/\/rockyourgoal.de\/wp-content\/uploads\/2022\/05\/captive-audience-logo-850x262.png 850w\" sizes=\"auto, (max-width: 150px) 100vw, 150px\" \/><\/a><\/td><td>Lerne besser zu kommunizieren<\/td><td>30+<\/td><td>10 bis 100<\/td><\/tr><tr><td><a href=\"https:\/\/rockyourgoal.de\/en\/timeless-challenge\/beziehungen\/time-for-friends\/\" target=\"_blank\" rel=\"noreferrer noopener\">Time for Friends<\/a><\/td><td><a href=\"https:\/\/rockyourgoal.de\/en\/timeless-challenge\/beziehungen\/time-for-friends\/\" target=\"_blank\" rel=\"noreferrer noopener\"><img loading=\"lazy\" decoding=\"async\" width=\"150\" height=\"127\" class=\"wp-image-6661\" style=\"width: 150px;\" src=\"http:\/\/rockyourgoal.de\/wp-content\/uploads\/2022\/04\/time-for-friends-logo.png\" alt=\"\" srcset=\"https:\/\/rockyourgoal.de\/wp-content\/uploads\/2022\/04\/time-for-friends-logo.png 3502w, https:\/\/rockyourgoal.de\/wp-content\/uploads\/2022\/04\/time-for-friends-logo-300x254.png 300w, https:\/\/rockyourgoal.de\/wp-content\/uploads\/2022\/04\/time-for-friends-logo-1024x866.png 1024w, https:\/\/rockyourgoal.de\/wp-content\/uploads\/2022\/04\/time-for-friends-logo-768x650.png 768w, https:\/\/rockyourgoal.de\/wp-content\/uploads\/2022\/04\/time-for-friends-logo-1536x1299.png 1536w, https:\/\/rockyourgoal.de\/wp-content\/uploads\/2022\/04\/time-for-friends-logo-2048x1732.png 2048w, https:\/\/rockyourgoal.de\/wp-content\/uploads\/2022\/04\/time-for-friends-logo-14x12.png 14w, https:\/\/rockyourgoal.de\/wp-content\/uploads\/2022\/04\/time-for-friends-logo-850x719.png 850w\" sizes=\"auto, (max-width: 150px) 100vw, 150px\" \/><\/a><\/td><td>Melde Dich mal wieder bei Menschen die Dir wichtig sind<\/td><td>1+<\/td><td>1+<\/td><\/tr><tr><td><a href=\"https:\/\/rockyourgoal.de\/en\/timeless-challenge\/beziehungen\/volunteering\/\" target=\"_blank\" rel=\"noreferrer noopener\">Volunteering Challenge<\/a><\/td><td><a href=\"https:\/\/rockyourgoal.de\/en\/timeless-challenge\/beziehungen\/volunteering\/\" target=\"_blank\" rel=\"noreferrer noopener\"><img loading=\"lazy\" decoding=\"async\" width=\"150\" height=\"66\" class=\"wp-image-5945\" style=\"width: 150px;\" src=\"http:\/\/rockyourgoal.de\/wp-content\/uploads\/2022\/02\/volunteering-challenge-logo1.png\" alt=\"\" srcset=\"https:\/\/rockyourgoal.de\/wp-content\/uploads\/2022\/02\/volunteering-challenge-logo1.png 2695w, https:\/\/rockyourgoal.de\/wp-content\/uploads\/2022\/02\/volunteering-challenge-logo1-300x133.png 300w, https:\/\/rockyourgoal.de\/wp-content\/uploads\/2022\/02\/volunteering-challenge-logo1-1024x453.png 1024w, https:\/\/rockyourgoal.de\/wp-content\/uploads\/2022\/02\/volunteering-challenge-logo1-768x340.png 768w, https:\/\/rockyourgoal.de\/wp-content\/uploads\/2022\/02\/volunteering-challenge-logo1-1536x679.png 1536w, https:\/\/rockyourgoal.de\/wp-content\/uploads\/2022\/02\/volunteering-challenge-logo1-2048x906.png 2048w, https:\/\/rockyourgoal.de\/wp-content\/uploads\/2022\/02\/volunteering-challenge-logo1-850x376.png 850w\" sizes=\"auto, (max-width: 150px) 100vw, 150px\" \/><\/a><\/td><td>Hilf ehrenamtlich mit!<\/td><td>1+<\/td><td>10+<\/td><\/tr><\/tbody><\/table><\/figure>","protected":false},"excerpt":{"rendered":"<p>Wir Menschen sind soziale Lebewesen und auch wenn es sicherlich Tage gibt, an denen wir ein paar einsame Stunden genie\u00dfen, so sind uns Partner, Familie, Freunde, Nachbarn und Kollegen doch sehr wichtig. Da Beziehungen ein sehr wichtiger Lebensbereich von uns Menschen sind, sollten wir sie pflegen und laufend verbessern. Und&hellip;<\/p>\n<p> <a class=\"more-link\" href=\"https:\/\/rockyourgoal.de\/en\/timeless-challenge\/beziehungen\/\">Read more<\/a><\/p>","protected":false},"author":2,"featured_media":8293,"parent":5417,"menu_order":0,"comment_status":"open","ping_status":"closed","template":"","meta":{"pgc_sgb_lightbox_settings":"","_glsr_average":0,"_glsr_ranking":0,"_glsr_reviews":0,"footnotes":""},"class_list":["post-12936","page","type-page","status-publish","has-post-thumbnail"],"_links":{"self":[{"href":"https:\/\/rockyourgoal.de\/en\/wp-json\/wp\/v2\/pages\/12936","targetHints":{"allow":["GET"]}}],"collection":[{"href":"https:\/\/rockyourgoal.de\/en\/wp-json\/wp\/v2\/pages"}],"about":[{"href":"https:\/\/rockyourgoal.de\/en\/wp-json\/wp\/v2\/types\/page"}],"author":[{"embeddable":true,"href":"https:\/\/rockyourgoal.de\/en\/wp-json\/wp\/v2\/users\/2"}],"replies":[{"embeddable":true,"href":"https:\/\/rockyourgoal.de\/en\/wp-json\/wp\/v2\/comments?post=12936"}],"version-history":[{"count":16,"href":"https:\/\/rockyourgoal.de\/en\/wp-json\/wp\/v2\/pages\/12936\/revisions"}],"predecessor-version":[{"id":12975,"href":"https:\/\/rockyourgoal.de\/en\/wp-json\/wp\/v2\/pages\/12936\/revisions\/12975"}],"up":[{"embeddable":true,"href":"https:\/\/rockyourgoal.de\/en\/wp-json\/wp\/v2\/pages\/5417"}],"wp:featuredmedia":[{"embeddable":true,"href":"https:\/\/rockyourgoal.de\/en\/wp-json\/wp\/v2\/media\/8293"}],"wp:attachment":[{"href":"https:\/\/rockyourgoal.de\/en\/wp-json\/wp\/v2\/media?parent=12936"}],"curies":[{"name":"wp","href":"https:\/\/api.w.org\/{rel}","templated":true}]}}