{"id":6308,"date":"2022-11-03T07:00:00","date_gmt":"2022-11-03T06:00:00","guid":{"rendered":"https:\/\/rockyourgoal.de\/?page_id=6308"},"modified":"2025-01-14T10:53:43","modified_gmt":"2025-01-14T09:53:43","slug":"inseparable","status":"publish","type":"page","link":"http:\/\/rockyourgoal.de\/nl\/timeless-challenge\/emotionen\/inseparable\/","title":{"rendered":"Inseparable Challenge &#8211; Mach Deine Beziehung unzertrennlich"},"content":{"rendered":"<p>Kannst Du Dich an die Anfangszeit Deiner Beziehung erinnern als ihr so richtig frisch verliebt wart? Man war so kreativ, aufmerksam, dankbar und offen. Es schien keine Grenzen zu geben und jeder hat sein Bestes f\u00fcr die gemeinsame Beziehung gegeben. <\/p>\n\n\n\n<p>Ein paar Monate sp\u00e4ter zieht bei vielen Paaren der Alltag ein und die Aufmerksamkeiten lassen nach. Ein kluger Mann hat einmal davon gesprochen, dass jede Beziehung eine Art &#8222;Beziehungskonto&#8220; hat. Das bedeutet, dass Du etwas zu diesem Beziehungskonto hinzuf\u00fcgen kannst oder etwas davon weg nimmst. Wenn Du Deinen Partner z.B. entt\u00e4uscht, dann nimmst Du etwas weg, bei unerwarteten \u00dcberraschungen, einem guten Gespr\u00e4ch oder anderen, beziehungsf\u00f6rdernden Alltagsdingen zahlst Du etwas ein. <\/p>\n\n\n\n<p>Je besser Dein Beziehungskonto gef\u00fcllt ist, desto besser wird Deine Beziehung laufen. <\/p>\n\n\n<div class=\"wp-block-image\">\n<figure class=\"aligncenter size-full is-resized\"><a href=\"https:\/\/rockyourgoal.de\/wp-content\/uploads\/2022\/03\/inseparable-challenge.jpg\"><img loading=\"lazy\" decoding=\"async\" width=\"960\" height=\"670\" src=\"https:\/\/rockyourgoal.de\/wp-content\/uploads\/2022\/03\/inseparable-challenge.jpg\" alt=\"\" class=\"wp-image-6316\" style=\"width:479px;height:334px\" srcset=\"http:\/\/rockyourgoal.de\/wp-content\/uploads\/2022\/03\/inseparable-challenge.jpg 960w, http:\/\/rockyourgoal.de\/wp-content\/uploads\/2022\/03\/inseparable-challenge-300x209.jpg 300w, http:\/\/rockyourgoal.de\/wp-content\/uploads\/2022\/03\/inseparable-challenge-768x536.jpg 768w, http:\/\/rockyourgoal.de\/wp-content\/uploads\/2022\/03\/inseparable-challenge-850x593.jpg 850w\" sizes=\"auto, (max-width: 960px) 100vw, 960px\" \/><\/a><\/figure>\n<\/div>\n\n\n<p>Genau deshalb haben wir die &#8222;Inseparable Challenge&#8220; (auf deutsch &#8222;unzertrennlich&#8220;) ins Leben gerufen. Es geht darum, dass Du mindestens 30 Tage aktiv an Deiner Beziehung arbeitest. Aber das ist nat\u00fcrlich nur der Anfang. Die 30 Tage werden Deine Beziehung beleben und Dein Beziehungskonto weiter auff\u00fcllen, aber sie stellen nur den Anfang dar. Nat\u00fcrlich darfst Du nicht nachlassen!<\/p>\n\n\n<div class=\"wp-block-image\">\n<figure class=\"aligncenter\"><a href=\"https:\/\/rockyourgoal.de\/nl\/timeless-challenge\/#Anmeldung_und_Leistungsumfang\"><img loading=\"lazy\" decoding=\"async\" width=\"300\" height=\"145\" src=\"https:\/\/rockyourgoal.de\/wp-content\/uploads\/2022\/01\/timeless-challenge-durchsichtig-300x145.png\" alt=\"\" class=\"wp-image-5448\" srcset=\"http:\/\/rockyourgoal.de\/wp-content\/uploads\/2022\/01\/timeless-challenge-durchsichtig-300x145.png 300w, http:\/\/rockyourgoal.de\/wp-content\/uploads\/2022\/01\/timeless-challenge-durchsichtig-1024x495.png 1024w, http:\/\/rockyourgoal.de\/wp-content\/uploads\/2022\/01\/timeless-challenge-durchsichtig-768x371.png 768w, http:\/\/rockyourgoal.de\/wp-content\/uploads\/2022\/01\/timeless-challenge-durchsichtig-1536x742.png 1536w, http:\/\/rockyourgoal.de\/wp-content\/uploads\/2022\/01\/timeless-challenge-durchsichtig-2048x990.png 2048w, http:\/\/rockyourgoal.de\/wp-content\/uploads\/2022\/01\/timeless-challenge-durchsichtig-850x411.png 850w\" sizes=\"auto, (max-width: 300px) 100vw, 300px\" \/><\/a><figcaption class=\"wp-element-caption\"><a href=\"https:\/\/rockyourgoal.de\/nl\/timeless-challenge\/#Anmeldung_und_Leistungsumfang\">Die Inseparable Challenge ist eine Challenge der\u00a0Timeless Challenge. Mach mit!<\/a><\/figcaption><\/figure>\n<\/div>\n\n\n<p>\u00a0<strong><em>Folge uns und bleib informiert!<\/em><\/strong><\/p>\n\n\n\n<ul class=\"wp-block-list\">\n<li><strong>Instagram<\/strong>:&nbsp;<a rel=\"noreferrer noopener\" href=\"https:\/\/www.instagram.com\/timeless_challenge\" target=\"_blank\">@timeless_challenge<\/a><\/li>\n\n\n\n<li><strong>Facebook<\/strong>:&nbsp;<a rel=\"noreferrer noopener\" href=\"https:\/\/www.facebook.com\/rockyourgoal\" target=\"_blank\">Rockyourgoal<\/a><\/li>\n\n\n\n<li><strong>Twitter<\/strong>:&nbsp;<a rel=\"noreferrer noopener\" href=\"https:\/\/www.twitter.com\/goal_rock\" target=\"_blank\">@goal_rock<\/a><\/li>\n<\/ul>\n\n\n\n<blockquote class=\"wp-block-quote is-layout-flow wp-block-quote-is-layout-flow\">\n<p><strong><em>Wir wollen eine Million B\u00e4ume weltweit pflanzen ohne um Spenden zu betteln!<\/em><\/strong><\/p>\n\n\n\n<p>Uwe (Initiator)<\/p>\n<\/blockquote>\n\n\n\n<h2 class=\"wp-block-heading\">Regeln der Inseparable Challenge<\/h2>\n\n\n\n<p>Fang gleich heute an mit einer kleinen Aufmerksamkeit f\u00fcr Deinen Partner und lass Dir 30 Tage lang etwas einfallen. Danach mach einfach weiter, denn Du wirst sehen wie Du zur\u00fcckbekommst. <\/p>\n\n\n\n<p>Au\u00dferdem verdienst Du damit wertvolle Life-Score Punkte f\u00fcr die Timeless Challenge. <\/p>\n\n\n\n<h2 class=\"wp-block-heading\">Life Score Punkte f\u00fcr die Inseparable Challenge<\/h2>\n\n\n<div class=\"wp-block-image\">\n<figure class=\"aligncenter size-full is-resized\"><img loading=\"lazy\" decoding=\"async\" width=\"1000\" height=\"1001\" src=\"http:\/\/rockyourgoal.de\/wp-content\/uploads\/2022\/08\/LSP-Emotionen.png\" alt=\"\" class=\"wp-image-8295\" style=\"width:159px;height:158px\" srcset=\"http:\/\/rockyourgoal.de\/wp-content\/uploads\/2022\/08\/LSP-Emotionen.png 1000w, http:\/\/rockyourgoal.de\/wp-content\/uploads\/2022\/08\/LSP-Emotionen-300x300.png 300w, http:\/\/rockyourgoal.de\/wp-content\/uploads\/2022\/08\/LSP-Emotionen-150x150.png 150w, http:\/\/rockyourgoal.de\/wp-content\/uploads\/2022\/08\/LSP-Emotionen-768x769.png 768w, http:\/\/rockyourgoal.de\/wp-content\/uploads\/2022\/08\/LSP-Emotionen-12x12.png 12w, http:\/\/rockyourgoal.de\/wp-content\/uploads\/2022\/08\/LSP-Emotionen-850x851.png 850w\" sizes=\"auto, (max-width: 1000px) 100vw, 1000px\" \/><\/figure>\n<\/div>\n\n\n<p>Hast Du Deinen Partner 30 Tage mit einer Aufmerksamkeit verw\u00f6hnt? Dann hast Du Dir <strong><em>20 Life-Score Punkte<\/em><\/strong> verdient!<\/p>\n\n\n\n<h3 class=\"wp-block-heading\">Murmel f\u00fcr die Inseparable Challenge<\/h3>\n\n\n\n<p>F\u00fcr die Inseparable Challenge kannst Du die wundersch\u00f6ne Murmel in durchsichtigem Design bekommen. Diese hat die folgende Gr\u00f6\u00dfe:<\/p>\n\n\n\n<ul class=\"wp-block-list\">\n<li>20 Life-Score Punkte &#8211; Eine durchsichtige Murmel mit einem Durchmesser von 16mm<\/li>\n<\/ul>\n\n\n\n<h2 class=\"wp-block-heading\">Wie kannst Du mitmachen?<\/h2>\n\n\n\n<ul class=\"wp-block-list\">\n<li><a href=\"https:\/\/rockyourgoal.de\/nl\/timeless-challenge\/#Anmeldung_und_Leistungsumfang\">Melde Dich bei der Timeless Challenge an!<\/a><\/li>\n\n\n\n<li><a href=\"https:\/\/rockyourgoal.de\/nl\/wb-admin\/?action=register\">Registriere Dich (falls noch nicht geschehen) bei dieser Seite (klick auf diesen Satz)<\/a><\/li>\n\n\n\n<li>Jetzt hei\u00dft es 30 Ideen (eine pro Tag) um Deinen Partner zu verw\u00f6hnen. <\/li>\n\n\n\n<li>Wenn Du diese Challenge geschafft hast, dann kannst Du stolz auf Dich sein! Aber nicht nur das. F\u00fcll bitte das untere Formular (nur sichtbar wenn Du registriert und angemeldet bist) aus. Einen Nachweis brauchen wir nicht, denn diese Challenge hast Du nur f\u00fcr Dich gemacht! Wir schicken Dir die Murmel zu. Die Life 20 Score Points werden Dir automatisch gutgeschrieben und im\u00a0<a href=\"https:\/\/rockyourgoal.de\/nl\/timeless-challenge\/#Life_Museum\">Life Museum<\/a>\u00a0erg\u00e4nzt. Bitte schreibe Deine Lieferadresse f\u00fcr die Murmel in die \u201eNotes\u201c im Formular.<\/li>\n<\/ul>\n\n\n\n\n\n\n<h2 class=\"wp-block-heading\">Beispiele f\u00fcr kleine, beziehungsanregende Aufmerksamkeiten<\/h2>\n\n\n\n<ul class=\"wp-block-list\">\n<li>Setzt euch ein kleines, gemeinsames Ziel. Belegt z.B. zusammen einen Kurs (VHS, Videokurs etc.) oder lernt eine Sprache, ein Instrument oder irgendetwas anderes zusammen.<\/li>\n\n\n\n<li>Macht eine Wette und belohnt\/bestraft euch mit Sex an einem Ort, an dem ihr es noch nie miteinander gemacht habt. <\/li>\n\n\n\n<li>Genie\u00dft gemeinsam den Sonnenuntergang mit einem Glas Rotwein.<\/li>\n\n\n\n<li>Zieht euch besonders chic an verbringt einen aufregenden Abend miteinander. Ideal w\u00e4re es, wenn ihr etwas macht was ihr vorher noch nie gemacht habt. <\/li>\n\n\n\n<li>Hinterlass eine kreative, liebevolle, sexy oder romantische Nachricht f\u00fcr deinen Partner an einem \u00fcberraschenden Ort (z.B. M\u00fcnzfach Brieftasche, im K\u00fchlschrank etc.).<\/li>\n\n\n\n<li>Macht euch eine gute Flasche Wein auf und redet mal wieder einen ganzen Abend \u00fcber Gott und die Welt. Auf diese Weise erfahrt ihr so viel von eurem Partner, davon was ihm Freude oder Sorgen bereitet. Es ist, als ob ihr euren Partner neu kennen lernt. <\/li>\n\n\n\n<li>Besucht gemeinsam ein Konzert, ein Musical oder eine tolle Show. Wir haben tolle Erfahrungen mit dem GOP gemacht. <\/li>\n\n\n\n<li>Macht sch\u00f6ne Fotos voneinander.<\/li>\n\n\n\n<li>Unternehmt eine l\u00e4ngere Radfahrt oder Autofahrt in einer sch\u00f6nen Landschaft. Singt euch dabei die Lungen aus dem Leib<\/li>\n\n\n\n<li>Kuschelt euch gem\u00fctlich auf die Couch und schaut einen tollen Film<\/li>\n\n\n\n<li>\u00dcberrascht euch mit einer spontanen Aktion \u2013 im Schlafzimmer oder irgendwo anders.<\/li>\n\n\n\n<li>Schickt euch kreative, intime oder lustige Nachrichten.<\/li>\n\n\n\n<li>Verbringt irgendwo einen sch\u00f6nen Abend miteinander und tauscht vor aller Augen Z\u00e4rtlichkeiten aus. Ihr m\u00fcsst nicht gleich \u00fcbereinander herfallen, k\u00fcssen reicht.<\/li>\n\n\n\n<li>Kocht zusammen und probiert ein neues Rezept aus. <\/li>\n\n\n\n<li>Wie w\u00e4re es mit einem gemeinsamen Schaumbad? <\/li>\n\n\n\n<li>Fordert euch gegenseitig bei einem Brett- oder Kartenspiel, Kegeln oder Billiard heraus. Auch sportliche Wettk\u00e4mpfe (soweit sie fair sind) sind geeignet. <\/li>\n\n\n\n<li>Bereite das Schlafzimmer besonders gem\u00fctlich vor. Frische Bett\u00fcberz\u00fcge, l\u00fcften, ein paar Kerzen und  sch\u00f6ne Musik wirken oft Wunder. <\/li>\n\n\n\n<li>Verabredet euch mit Freunden<\/li>\n\n\n\n<li>F\u00fchrt euch gegenseitig neue Kleidung vor. Gerne auch beim gemeinsamen Einkaufen.<\/li>\n\n\n\n<li>G\u00f6nnt euch eine Nacht im Hotel, um der regelm\u00e4\u00dfigen, h\u00e4uslichen Routine zu entkommen. Oder schlaft einfach mal in einem anderen Zimmer eurer Wohnung.<\/li>\n\n\n\n<li>Schreibt eine Liste mit Gr\u00fcnden, wof\u00fcr ihr einander liebt und zeigt euch gegenseitig diese Liste.<\/li>\n\n\n\n<li>Verbringt einen Tag ohne digitale Ger\u00e4te miteinander.<\/li>\n\n\n\n<li>Holt die Kiste mit den Fotos raus und schaut euch die Bilder an, auf denen ihr gerade frisch verliebt ward. <\/li>\n\n\n\n<li>Macht zusammen Sport<\/li>\n\n\n\n<li>Erstellt eine Playlist f\u00fcreinander. <\/li>\n\n\n\n<li>\u00dcberlegt euch ein gemeinn\u00fctziges Projekt, an dem ihr beide einen Tag lang teilnehmen k\u00f6nnt.<\/li>\n\n\n\n<li>Massiert euch gegenseitig mit einem sinnlichen Massage\u00f6l.<\/li>\n\n\n\n<li>Gestaltet einen Raum in eurer Wohnung miteinander neu. <\/li>\n\n\n\n<li>Legt romantische Musik auf und tanzt dazu.<\/li>\n<\/ul>\n\n\n\n<h2 class=\"wp-block-heading\">Die Inseparable Challenge in Social Media<\/h2>\n\n\n\n<p>Ich w\u00fcrde bei dieser Challenge nichts teilen, denn die Zeit geh\u00f6rt nur euch Beiden. Aber wenn ihr Anderen Tipps geben wollt, dann k\u00f6nnt ihr das nat\u00fcrlich machen. <\/p>\n\n\n\n<h3 class=\"wp-block-heading\">Die Inseparable Challenge auf Facebook<\/h3>\n\n\n\n<p>Wir laden Dich herzlich zum zwanglosen Austausch \u00fcber diese Challenge in unsere Gruppe &#8222;<em>Emotionen<\/em>&#8220; in Facebook ein.<\/p>\n\n\n\n<h3 class=\"wp-block-heading\">Unsere Hashtags<\/h3>\n\n\n\n<p>#timelesschallenge<br>#tcinseparablechallenge<\/p>\n\n\n\n<p>#timelesschallenger<\/p>","protected":false},"excerpt":{"rendered":"<p>Kannst Du Dich an die Anfangszeit Deiner Beziehung erinnern als ihr so richtig frisch verliebt wart? Man war so kreativ, aufmerksam, dankbar und offen. Es schien keine Grenzen zu geben und jeder hat sein Bestes f\u00fcr die gemeinsame Beziehung gegeben. Ein paar Monate sp\u00e4ter zieht bei vielen Paaren der Alltag&hellip;<\/p>\n<p> <a class=\"more-link\" href=\"http:\/\/rockyourgoal.de\/nl\/timeless-challenge\/emotionen\/inseparable\/\">Lees verder<\/a><\/p>","protected":false},"author":2,"featured_media":6380,"parent":13005,"menu_order":3,"comment_status":"open","ping_status":"closed","template":"","meta":{"pgc_sgb_lightbox_settings":"","_glsr_average":0,"_glsr_ranking":0,"_glsr_reviews":0,"footnotes":""},"class_list":["post-6308","page","type-page","status-publish","has-post-thumbnail"],"_links":{"self":[{"href":"http:\/\/rockyourgoal.de\/nl\/wp-json\/wp\/v2\/pages\/6308","targetHints":{"allow":["GET"]}}],"collection":[{"href":"http:\/\/rockyourgoal.de\/nl\/wp-json\/wp\/v2\/pages"}],"about":[{"href":"http:\/\/rockyourgoal.de\/nl\/wp-json\/wp\/v2\/types\/page"}],"author":[{"embeddable":true,"href":"http:\/\/rockyourgoal.de\/nl\/wp-json\/wp\/v2\/users\/2"}],"replies":[{"embeddable":true,"href":"http:\/\/rockyourgoal.de\/nl\/wp-json\/wp\/v2\/comments?post=6308"}],"version-history":[{"count":26,"href":"http:\/\/rockyourgoal.de\/nl\/wp-json\/wp\/v2\/pages\/6308\/revisions"}],"predecessor-version":[{"id":18273,"href":"http:\/\/rockyourgoal.de\/nl\/wp-json\/wp\/v2\/pages\/6308\/revisions\/18273"}],"up":[{"embeddable":true,"href":"http:\/\/rockyourgoal.de\/nl\/wp-json\/wp\/v2\/pages\/13005"}],"wp:featuredmedia":[{"embeddable":true,"href":"http:\/\/rockyourgoal.de\/nl\/wp-json\/wp\/v2\/media\/6380"}],"wp:attachment":[{"href":"http:\/\/rockyourgoal.de\/nl\/wp-json\/wp\/v2\/media?parent=6308"}],"curies":[{"name":"wp","href":"https:\/\/api.w.org\/{rel}","templated":true}]}}