{"id":6032,"date":"2022-10-24T07:00:00","date_gmt":"2022-10-24T05:00:00","guid":{"rendered":"https:\/\/rockyourgoal.de\/?page_id=6032"},"modified":"2025-01-08T16:14:10","modified_gmt":"2025-01-08T15:14:10","slug":"1000-words","status":"publish","type":"page","link":"http:\/\/rockyourgoal.de\/nl\/timeless-challenge\/1000-words\/","title":{"rendered":"1000 Words &#8211; Eine Sprache sprechen"},"content":{"rendered":"\n<p>Reizt es Dich auch so eine neue Sprache zu lernen? Sich mit seinem Gegen\u00fcber in einer fremden Sprache unterhalten zu k\u00f6nnen \u00f6ffnet uns Zugang zu Menschen, neuem Wissen, Vertrauen und zu neuen Erlebnissen. Es geht darum, dass Du mit einem Menschen eines anderen Landes oder Kulturkreises in seiner Sprache, also auf Augenh\u00f6he reden kannst. Es ist eigentlich gar nicht so wichtig die perfekte Schreibweise oder Grammatik zu haben. Es ist wichtig, dass Du verstanden wirst und Du verstehst. <\/p>\n\n\n\n<p>Aber hast Du Dich schon mal gefragt wie viele W\u00f6rter daf\u00fcr notwendig sind? 2.500&nbsp;W\u00f6rter&nbsp;brauchst Du, damit es Dir m\u00f6glich ist, Dich zu jedem Thema problemlos zu verst\u00e4ndigen. 5.000&nbsp;W\u00f6rter&nbsp;umfassen das aktiv genutzte Vokabular eines Muttersprachlers mit einfacher Bildung. <\/p>\n\n\n\n<p>Aber sind das wirklich die Anzahl der W\u00f6rter die Du in der Praxis brauchst? Ist es nicht vielmehr so, dass Du viel weniger W\u00f6rter brauchst um den Zusammenhang zu verstehen? Wenn Dir das m\u00f6glich ist, dann lernst Du &#8222;automatisch&#8220; neue W\u00f6rter durch zuh\u00f6ren und imitieren. Eine Untersuchung hat gezeigt, dass Dir 1000 W\u00f6rter einer Fremdsprache gen\u00fcgen um Dir den Einstieg ins &#8222;Verstehen&#8220; zu erm\u00f6glichen. Mit einem Wortschatz von 1000 W\u00f6rtern verstehst Du die Zusammenh\u00e4nge und hast eine starke Basis auf der sich aufbauen l\u00e4sst. <\/p>\n\n\n<div class=\"wp-block-image\">\n<figure class=\"aligncenter size-full is-resized\"><a href=\"https:\/\/rockyourgoal.de\/wp-content\/uploads\/2022\/02\/sprachen-lernen.jpg\"><img loading=\"lazy\" decoding=\"async\" width=\"960\" height=\"720\" src=\"https:\/\/rockyourgoal.de\/wp-content\/uploads\/2022\/02\/sprachen-lernen.jpg\" alt=\"\" class=\"wp-image-6040\" style=\"width:455px;height:341px\" srcset=\"http:\/\/rockyourgoal.de\/wp-content\/uploads\/2022\/02\/sprachen-lernen.jpg 960w, http:\/\/rockyourgoal.de\/wp-content\/uploads\/2022\/02\/sprachen-lernen-300x225.jpg 300w, http:\/\/rockyourgoal.de\/wp-content\/uploads\/2022\/02\/sprachen-lernen-768x576.jpg 768w, http:\/\/rockyourgoal.de\/wp-content\/uploads\/2022\/02\/sprachen-lernen-850x638.jpg 850w\" sizes=\"auto, (max-width: 960px) 100vw, 960px\" \/><\/a><\/figure>\n<\/div>\n\n\n<p>Aus diesem Grund haben wir diese Challenge auf 1000 W\u00f6rter begrenzt. Wir finden, dass wir jemanden belohnen m\u00fcssen der sich die M\u00fche macht 1000 W\u00f6rter in einer neuen Sprache zu lernen und sich damit einen Einstieg in einen anderen Kulturkreis und andere Sichtweisen schafft. Es geht nicht im Perfektion. Es geht um Menschen und die Offenheit mit der man auf sie zugehen kann. Daf\u00fcr sind 1000 W\u00f6rter ein starkes Bindeglied. <\/p>\n\n\n\n<p>Diese Challenge ist ebenfalls ein Teil der Timeless Challenge!<\/p>\n\n\n<div class=\"wp-block-image\">\n<figure class=\"aligncenter size-full\"><a href=\"https:\/\/rockyourgoal.de\/timeless-challenge\/#Anmeldung_und_Leistungsumfang\"><img loading=\"lazy\" decoding=\"async\" width=\"300\" height=\"145\" src=\"https:\/\/rockyourgoal.de\/wp-content\/uploads\/2022\/11\/image.png\" alt=\"\" class=\"wp-image-9693\" srcset=\"http:\/\/rockyourgoal.de\/wp-content\/uploads\/2022\/11\/image.png 300w, http:\/\/rockyourgoal.de\/wp-content\/uploads\/2022\/11\/image-18x9.png 18w\" sizes=\"auto, (max-width: 300px) 100vw, 300px\" \/><\/a><figcaption class=\"wp-element-caption\"><a href=\"https:\/\/rockyourgoal.de\/timeless-challenge\/#Anmeldung_und_Leistungsumfang\">Die 1000 Words Challenge ist Teil der Timeless Challenge. Mach mit!<\/a><\/figcaption><\/figure>\n<\/div>\n\n\n<blockquote class=\"wp-block-quote is-layout-flow wp-block-quote-is-layout-flow\">\n<p><em>Wir wollen <a rel=\"noreferrer noopener\" href=\"https:\/\/rockyourgoal.de\/big5forlife\/trees4breeze\/\" target=\"_blank\">eine Million B\u00e4ume weltweit pflanzen<\/a> ohne um Spenden zu betteln!<\/em><\/p>\n<cite>Uwe Kauntz<\/cite><\/blockquote>\n\n\n\n<p><strong><em>Folge uns und bleib informiert!<\/em><\/strong><\/p>\n\n\n\n<ul class=\"wp-block-list\">\n<li><strong>Instagram<\/strong>:&nbsp;<a rel=\"noreferrer noopener\" href=\"https:\/\/www.instagram.com\/timeless_challenge\" target=\"_blank\">@timeless_challenge<\/a><\/li>\n\n\n\n<li><strong>Facebook<\/strong>:&nbsp;<a rel=\"noreferrer noopener\" href=\"https:\/\/www.facebook.com\/rockyourgoal\" target=\"_blank\">Rockyourgoal<\/a><\/li>\n\n\n\n<li><strong>Twitter<\/strong>:&nbsp;<a rel=\"noreferrer noopener\" href=\"https:\/\/www.twitter.com\/goal_rock\" target=\"_blank\">@goal_rock<\/a><\/li>\n<\/ul>\n\n\n\n<h2 class=\"wp-block-heading\" id=\"regeln\">Regeln<\/h2>\n\n\n\n<p>Sobald Du in einer Fremdsprache 1000 W\u00f6rter sprechen (nicht nur nachsprechen) kannst und deren Bedeutung verstehst, hast Du die Challenge geschafft. Du solltest also das deutsche Wort fl\u00fcssig in die neue Sprache \u00fcbersetzen k\u00f6nnen. Und das eben mit 1000 W\u00f6rtern. <\/p>\n\n\n\n<p>Wenn Du das schaffst, erh\u00e4ltst Du wohlverdiente Life-Score Punkte. Aber wir empfehlen dir nat\u00fcrlich dringend weiter zu lernen, mit Muttersprachlern in der neuen Sprache zu reden und Dich mit der Kultur und den Menschen des neuen Sprachraumes zu besch\u00e4ftigen. <\/p>\n\n\n\n<p>Selbstverst\u00e4ndlich kannst Du mehrere Sprachen lernen, aber nimm Dir Zeit eine Sprache zu &#8222;festigen&#8220;. Wie w\u00e4re es z.B. mit einem mehrw\u00f6chigen &#8222;Sprachurlaub&#8220; in dem entsprechenden Land?<\/p>\n\n\n\n<p>Wir brauchen von Dir keine Nachweise, dass Du tats\u00e4chlich 1000 W\u00f6rter gelernt hast. Aber f\u00fcr Dich selbst kannst Du Dich mit zahlreichen Sprachen-Apps kontrollieren. Apps wie Babelfish, Duolingo etc. zeigen Dir automatisch wie viele W\u00f6rter Du gelernt hast. Uns reicht als Nachweis Dein Wort, also die Best\u00e4tigung in dem Tool weiter unten.<\/p>\n\n\n<div class=\"wp-block-image\">\n<figure class=\"aligncenter size-medium\"><img loading=\"lazy\" decoding=\"async\" width=\"300\" height=\"300\" src=\"https:\/\/rockyourgoal.de\/wp-content\/uploads\/2024\/04\/1000-Words-Beispiel-300x300.png\" alt=\"\" class=\"wp-image-16511\" srcset=\"http:\/\/rockyourgoal.de\/wp-content\/uploads\/2024\/04\/1000-Words-Beispiel-300x300.png 300w, http:\/\/rockyourgoal.de\/wp-content\/uploads\/2024\/04\/1000-Words-Beispiel-150x150.png 150w\" sizes=\"auto, (max-width: 300px) 100vw, 300px\" \/><figcaption class=\"wp-element-caption\"><em>Beispiel Duolingo &#8211; Nach etwa acht Monaten Italienisch-Lernen \ud83d\ude42<\/em><\/figcaption><\/figure>\n<\/div>\n\n\n<h2 class=\"wp-block-heading\" id=\"life-score-punkte-fur-die-1000-words-challenge\">Life-Score Punkte f\u00fcr die 1000 Words Challenge<\/h2>\n\n\n\n<p>Du hast bei dieser Challenge die Chance auf 100 Life-Score Points im Bereich &#8222;<em>Pers\u00f6nlichkeit<\/em>&#8222;. Diese werden Dir selbstverst\u00e4ndlich in unserem <a href=\"https:\/\/rockyourgoal.de\/timeless-challenge\/#Life_Museum\">Life Museum<\/a> gutgeschrieben!<\/p>\n\n\n<div class=\"wp-block-image\">\n<figure class=\"aligncenter size-full is-resized\"><a href=\"https:\/\/rockyourgoal.de\/timeless-challenge\/\"><img loading=\"lazy\" decoding=\"async\" width=\"1000\" height=\"1001\" src=\"http:\/\/rockyourgoal.de\/wp-content\/uploads\/2022\/08\/LSP-Persoenlichkeit.png\" alt=\"\" class=\"wp-image-8297\" style=\"width:147px;height:146px\" srcset=\"http:\/\/rockyourgoal.de\/wp-content\/uploads\/2022\/08\/LSP-Persoenlichkeit.png 1000w, http:\/\/rockyourgoal.de\/wp-content\/uploads\/2022\/08\/LSP-Persoenlichkeit-300x300.png 300w, http:\/\/rockyourgoal.de\/wp-content\/uploads\/2022\/08\/LSP-Persoenlichkeit-150x150.png 150w, http:\/\/rockyourgoal.de\/wp-content\/uploads\/2022\/08\/LSP-Persoenlichkeit-768x769.png 768w, http:\/\/rockyourgoal.de\/wp-content\/uploads\/2022\/08\/LSP-Persoenlichkeit-12x12.png 12w, http:\/\/rockyourgoal.de\/wp-content\/uploads\/2022\/08\/LSP-Persoenlichkeit-850x851.png 850w\" sizes=\"auto, (max-width: 1000px) 100vw, 1000px\" \/><\/a><figcaption class=\"wp-element-caption\">Hol Dir die die wertvollen Life-Score Punkte<\/figcaption><\/figure>\n<\/div>\n\n\n<figure class=\"wp-block-table\"><table><tbody><tr><td><strong>Logo<\/strong><\/td><td><strong>Name<\/strong><\/td><td><strong>Life-Score Punkte<\/strong><\/td><td><strong>Anmerkung<\/strong><\/td><\/tr><tr><td><img loading=\"lazy\" decoding=\"async\" width=\"150\" height=\"100\" class=\"wp-image-6077\" style=\"width: 150px;\" src=\"http:\/\/rockyourgoal.de\/wp-content\/uploads\/2022\/02\/1000-words-logo.png\" alt=\"\" srcset=\"http:\/\/rockyourgoal.de\/wp-content\/uploads\/2022\/02\/1000-words-logo.png 3000w, http:\/\/rockyourgoal.de\/wp-content\/uploads\/2022\/02\/1000-words-logo-300x200.png 300w, http:\/\/rockyourgoal.de\/wp-content\/uploads\/2022\/02\/1000-words-logo-1024x682.png 1024w, http:\/\/rockyourgoal.de\/wp-content\/uploads\/2022\/02\/1000-words-logo-768x512.png 768w, http:\/\/rockyourgoal.de\/wp-content\/uploads\/2022\/02\/1000-words-logo-1536x1023.png 1536w, http:\/\/rockyourgoal.de\/wp-content\/uploads\/2022\/02\/1000-words-logo-2048x1365.png 2048w, http:\/\/rockyourgoal.de\/wp-content\/uploads\/2022\/02\/1000-words-logo-350x230.png 350w, http:\/\/rockyourgoal.de\/wp-content\/uploads\/2022\/02\/1000-words-logo-850x566.png 850w\" sizes=\"auto, (max-width: 150px) 100vw, 150px\" \/><\/td><td>1000 Words<\/td><td>100<\/td><td>Es gibt 100 Life-Score Punkte f\u00fcr jede Sprache die Du lernst und bei der Du 1000 W\u00f6rter sicher verstehst und sprechen kannst. Diese hast Du Dir verdient, aber sei bitte ehrlich!<\/td><\/tr><\/tbody><\/table><\/figure>\n\n\n\n<h3 class=\"wp-block-heading\">Murmeln f\u00fcr die 1000 Words Challenge<\/h3>\n\n\n\n<p>F\u00fcr die 1000 Words Challenge kannst Du die wundersch\u00f6ne Murmel in gelb bekommen. Diese hat die folgenden Gr\u00f6\u00dfe:<\/p>\n\n\n\n<ul class=\"wp-block-list\">\n<li>100 Life-Score Punkte &#8211; Eine gelbe Murmel mit einem Durchmesser von 20 mm<\/li>\n<\/ul>\n\n\n\n<p>Wenn Du die Murmel haben m\u00f6chtest, dann lies bitte weiter<\/p>\n\n\n\n<h2 class=\"wp-block-heading\" id=\"so-kannst-du-bei-der-ad-challenge-mitmachen\">So kannst Du bei der 1000 Words Challenge mitmachen<\/h2>\n\n\n\n<ul class=\"wp-block-list\">\n<li><a href=\"https:\/\/rockyourgoal.de\/timeless-challenge\/#Anmeldung_und_Leistungsumfang\">Melde Dich bei der Timeless Challenge an!<\/a><\/li>\n\n\n\n<li><a href=\"https:\/\/rockyourgoal.de\/wb-admin\/?action=register\">Registriere Dich (falls noch nicht geschehen) bei dieser Seite (klick auf diesen Satz)<\/a><\/li>\n\n\n\n<li>Nun hei\u00dft es Lernen!!<\/li>\n\n\n\n<li>Wenn Du in der neuen Sprache 1000 W\u00f6rter fl\u00fcssig beherrschst, f\u00fcll bitte das Formular unten aus und Du bekommst von uns (kostenlos) die Murmel und die Life-Score Punkte gutgeschrieben. Easy, oder? Bitte vergiss nicht Deine Versandadresse unter &#8222;Notes&#8220; zu schreiben. <\/li>\n<\/ul>\n\n\n\n<p class=\"has-text-align-center\"><a href=\"http:\/\/rockyourgoal.de\/wp-content\/uploads\/2024\/03\/Booklet-Challenge-Tool-1.pdf\">Eine genaue Beschreibung des Tools findest Du in unserem Booklet<\/a><\/p>\n\n\n\n<h3 class=\"wp-block-heading\">Erfasse Dein Ergebnis in unserem Tool<\/h3>\n\n\n\n\n\n\n<h3 class=\"wp-block-heading\">Die 1000 Words &#8211; Ehrentabelle<\/h3>\n\n\n\n        <a id=\"table-top-anchor\"><\/a>\n        <div class=\"table\">\n          <div class=\"row header-row\">\n            <div class=\"cell header num-col\">Rank<\/div>\n            <div class=\"cell header\">Athlet<\/div>\n            <div class=\"cell header num-col\">Teilgenommene Challenge<\/div>\n            <div class=\"cell header num-col\">Life Score<\/br>Points<\/div>\n          <\/div>\n          <div class=\"row\">   <div class=\"cell num-col\">1.<\/div>   <div class=\"cell left\">Uwe  <div class='hide-on-desktop'>Summits: Uwe <br \/>Teilgenommene Challenge:  1000 Words<br \/>Lifescore Points: 100<\/div><\/div>   <div class=\"cell num-col\"> 1000 Words<\/div>   <div class=\"cell num-col\">100<\/div><\/div><div class=\"row\">   <div class=\"cell num-col\">2.<\/div>   <div class=\"cell left\">Janine Gaitzsch <div class='hide-on-desktop'>Summits: Janine Gaitzsch<br \/>Teilgenommene Challenge:  1000 Words<br \/>Lifescore Points: 100<\/div><\/div>   <div class=\"cell num-col\"> 1000 Words<\/div>   <div class=\"cell num-col\">100<\/div><\/div><div class=\"row\">   <div class=\"cell num-col\">3.<\/div>   <div class=\"cell left\">Diana-Dorotya Brandner <div class='hide-on-desktop'>Summits: Diana-Dorotya Brandner<br \/>Teilgenommene Challenge:  1000 Words<br \/>Lifescore Points: 100<\/div><\/div>   <div class=\"cell num-col\"> 1000 Words<\/div>   <div class=\"cell num-col\">100<\/div><\/div><div class=\"row\">   <div class=\"cell num-col\">4.<\/div>   <div class=\"cell left\">Nicole Runge <div class='hide-on-desktop'>Summits: Nicole Runge<br \/>Teilgenommene Challenge:  1000 Words<br \/>Lifescore Points: 200<\/div><\/div>   <div class=\"cell num-col\"> 1000 Words<\/div>   <div class=\"cell num-col\">200<\/div><\/div><div class=\"row\">   <div class=\"cell num-col\">5.<\/div>   <div class=\"cell left\">Nicolai Thomas <div class='hide-on-desktop'>Summits: Nicolai Thomas<br \/>Teilgenommene Challenge:  1000 Words<br \/>Lifescore Points: 100<\/div><\/div>   <div class=\"cell num-col\"> 1000 Words<\/div>   <div class=\"cell num-col\">100<\/div><\/div><div class=\"row\">   <div class=\"cell num-col\">6.<\/div>   <div class=\"cell left\">Brick Brian <div class='hide-on-desktop'>Summits: Brick Brian<br \/>Teilgenommene Challenge:  1000 Words<br \/>Lifescore Points: 100<\/div><\/div>   <div class=\"cell num-col\"> 1000 Words<\/div>   <div class=\"cell num-col\">100<\/div><\/div><div class=\"row\">   <div class=\"cell num-col\">7.<\/div>   <div class=\"cell left\">Chris <div class='hide-on-desktop'>Summits: Chris<br \/>Teilgenommene Challenge:  1000 Words<br \/>Lifescore Points: 100<\/div><\/div>   <div class=\"cell num-col\"> 1000 Words<\/div>   <div class=\"cell num-col\">100<\/div><\/div><div class=\"row\">   <div class=\"cell num-col\">8.<\/div>   <div class=\"cell left\">sanni83 <div class='hide-on-desktop'>Summits: sanni83<br \/>Teilgenommene Challenge:  1000 Words<br \/>Lifescore Points: 200<\/div><\/div>   <div class=\"cell num-col\"> 1000 Words<\/div>   <div class=\"cell num-col\">200<\/div><\/div><div class=\"row\">   <div class=\"cell num-col\">9.<\/div>   <div class=\"cell left\">J\u00f6rg Sch\u00f6nbeck <div class='hide-on-desktop'>Summits: J\u00f6rg Sch\u00f6nbeck<br \/>Teilgenommene Challenge:  1000 Words<br \/>Lifescore Points: 100<\/div><\/div>   <div class=\"cell num-col\"> 1000 Words<\/div>   <div class=\"cell num-col\">100<\/div><\/div><div class=\"row\">   <div class=\"cell num-col\">10.<\/div>   <div class=\"cell left\">Jens  <div class='hide-on-desktop'>Summits: Jens <br \/>Teilgenommene Challenge:  1000 Words<br \/>Lifescore Points: 200<\/div><\/div>   <div class=\"cell num-col\"> 1000 Words<\/div>   <div class=\"cell num-col\">200<\/div><\/div><div class=\"row\">   <div class=\"cell num-col\">11.<\/div>   <div class=\"cell left\">Dani D. <div class='hide-on-desktop'>Summits: Dani D.<br \/>Teilgenommene Challenge:  1000 Words<br \/>Lifescore Points: 100<\/div><\/div>   <div class=\"cell num-col\"> 1000 Words<\/div>   <div class=\"cell num-col\">100<\/div><\/div><div class=\"row\">   <div class=\"cell num-col\">12.<\/div>   <div class=\"cell left\">Anne Beck <div class='hide-on-desktop'>Summits: Anne Beck<br \/>Teilgenommene Challenge:  1000 Words<br \/>Lifescore Points: 100<\/div><\/div>   <div class=\"cell num-col\"> 1000 Words<\/div>   <div class=\"cell num-col\">100<\/div><\/div>\n          <div class=\"row footer-row\">\n            <div class=\"cell footer no-border hide-mobile\"><a href=\"javascript:void(0);\" class=\"first-page\">&lt;&lt;Erste<\/a><\/div>\n            <div class=\"cell footer no-border hide-mobile\"><a href=\"javascript:void(0);\" class=\"prev\">&lt;Vorherige<\/a><\/div>\n            <div class=\"cell footer no-border hide-mobile\"><a href=\"javascript:void(0);\" class=\"next\">N\u00e4chste&gt;<\/a><\/div>\n            <div class=\"cell footer no-border hide-mobile\"><a href=\"javascript:void(0);\" class=\"last-page\">Letzte&gt;&gt;<\/a><\/div>\n          <\/div>\n          <div class=\"row footer-row hide-on-desktop\">\n            <div class=\"cell footer no-border hide-on-desktop\">Seite:<br \/><span class=\"page-count\">1 \/ 2<\/span><\/div>\n            <div class=\"cell footer no-border hide-on-desktop\"><a class=\"first-page\">&lt;&lt;Erste<\/a><br \/>\n                <a class=\"last-page\">Letzte&gt;&gt;<\/a><\/div>\n            <div class=\"cell footer no-border hide-on-desktop\"><a class=\"prev\">&lt;Vorherige<\/a><br \/>\n                <a class=\"next\">N\u00e4chste&gt;<\/a><\/div>\n          <\/div>\n        <\/div>\n      \n      <style>\n      a.next:hover,a.prev:hover,a.first-page:hover,a.last-page:hover {\n        cursor: pointer;\n      }\n      div.header {\n        text-align: center;\n        background-color: #efbf99;\n        font-weight: 500;\n      }\n      div.footer {\n        background-color: #efbf99;\n        text-align: left;\n      }\n      div.left {\n        text-align: left;\n      }\n      div.center {\n        text-align: center;\n      }\n      div.right {\n        text-align: right;\n      }\n      div.rank {\n        text-align: right;\n      }\n      .cell.no-border {\n        border: none;\n      }\n      @media only screen and (max-width: 767px) {\n        div.hide-mobile {\n          display: none !important;\n        }\n        .show-mobile {\n          display: block !important;\n        }\n      }\n\n      @media only screen and (min-width: 768px) {\n        div.hide-on-desktop {\n          display: none !important;\n        }\n        .show-on-mobile {\n          display: block !important;\n        }\n      }\n\n      .table {\n        display: table;\n        width: 100%;\n        border-collapse: collapse;\n        border: 1px solid black;\n      }\n  \n      .row {\n        display: table-row;\n      }\n  \n      .cell {\n        display: table-cell;\n        padding: 10px;\n        border: 1px solid black;\n        text-align: center;\n      }\n\n      @media (max-width: 768px) {\n        .cell:nth-child(4),\n        .cell:nth-child(5),\n        .cell:nth-child(6),\n        .cell:nth-child(7),\n        .cell:nth-child(8),\n        .cell:nth-child(9) {\n          display: none;\n        }\n      }\n\n      .next-button {\n        display: none;\n        margin-top: 10px;\n        text-align: center;\n      }\n  \n      @media (max-width: 768px) {\n        .next-button {\n          display: block;\n        }\n      }\n      \n      .hidden {\n        display: none;\n      }\n      \n      .num-col {\n        text-align: right;\n      }\n      <\/style>\n\n      <script>\n        document.addEventListener(\"DOMContentLoaded\", function () {\n          var currentPage = 1;\n          var entriesPerPage = 10;\n          var totalEntries = 12\n          var totalPages = Math.ceil(totalEntries \/ entriesPerPage);\n\n          function showPage(page) {\n            var start = (page - 1) * entriesPerPage;\n            var end = start + entriesPerPage;\n\n            var rows = document.querySelectorAll(\".table .row:not(.header-row):not(.footer-row)\");\n            for (var i = 0; i < rows.length; i++) {\n              rows[i].style.display = i >= start && i < end ? \"table-row\" : \"none\";\n            }\n          }\n\n          function updatePageCount() {\n            var pageCountElement = document.querySelector(\".page-count\");\n            pageCountElement.textContent = currentPage + \" \/ \" + totalPages;\n          }\n\n          function handleNavigationClick(event) {\n            event.preventDefault();\n            var action = event.target.getAttribute(\"class\");\n            switch (action) {\n              case \"first-page\":\n                currentPage = 1;\n                break;\n              case \"prev\":\n                if (currentPage > 1) {\n                  currentPage--;\n                }\n                break;\n              case \"next\":\n                if (currentPage < totalPages) {\n                  currentPage++;\n                }\n                break;\n              case \"last-page\":\n                currentPage = totalPages;\n                break;\n            }\n\n            showPage(currentPage);\n            updatePageCount();\n          }\n\n          var navigationLinks = document.querySelectorAll(\".first-page, .prev, .next, .last-page\");\n          for (var i = 0; i < navigationLinks.length; i++) {\n            navigationLinks[i].addEventListener(\"click\", handleNavigationClick);\n          }\n\n          \/\/ Initial page display\n          showPage(currentPage);\n          updatePageCount();\n        });\n      <\/script>\n        \n        <script>\n        document.getElementById(\"select_challenge_summit\").addEventListener(\"change\", (evt) => {\n            const urlParts = document.location.href.split(\"?\");\n            const cleanUrl = urlParts[0];\n            if (urlParts.length > 1 && urlParts[1].indexOf(\"page_id=\") !== -1) {\n                const urlParts2 = document.location.href.split(\"page_id=\");\n                const endId = urlParts2[1].indexOf(\"&\") === -1 ? urlParts2[1].length : urlParts2[1].indexOf(\"&\");\n                const pageId = urlParts2[1].substring(0,endId);\n                window.location.href = cleanUrl + \"?page_id=\" + pageId + \"&c_id=\" + evt.target.value;\n            } else {\n                window.location.href = cleanUrl + \"?c_id=\" + evt.target.value;\n            }\n        });\n      <\/script>\n      \n\n\n\n<h2 class=\"wp-block-heading\" id=\"1000-words-in-social-media\">1000 Words in Social Media<\/h2>\n\n\n\n<p>Du wirst das neue Wissen (einen neuen Sprachwortschatz) sowohl privat als auch beruflich nutzen k\u00f6nnen. Aus diesem Grund kann es sinnvoll sein, auf Dein neues Wissen aufmerksam zu machen. <\/p>\n\n\n\n<h3 class=\"wp-block-heading\" id=\"1000-words-challenge-auf-facebook\">1000 Words Challenge auf Facebook<\/h3>\n\n\n\n<p>Wir laden Dich herzlich zum zwanglosen Austausch \u00fcber diese Challenge in unsere Gruppe &#8222;<em>Pers\u00f6nlichkeit<\/em>&#8220; in Facebook ein.<\/p>\n\n\n\n<h3 class=\"wp-block-heading\" id=\"unsere-hashtags\"># Unsere Hashtags<\/h3>\n\n\n\n<p><em>#timelesschallenge<\/em> (zeig, dass Du diese Challenge gut findest)<br>#tc1000words<\/p>\n\n\n\n<p>#timelesschallenger<\/p>\n","protected":false},"excerpt":{"rendered":"<p>Reizt es Dich auch so eine neue Sprache zu lernen? Sich mit seinem Gegen\u00fcber in einer fremden Sprache unterhalten zu k\u00f6nnen \u00f6ffnet uns Zugang zu Menschen, neuem Wissen, Vertrauen und zu neuen Erlebnissen. Es geht darum, dass Du mit einem Menschen eines anderen Landes oder Kulturkreises in seiner Sprache, also&hellip;<\/p>\n<p> <a class=\"more-link\" href=\"http:\/\/rockyourgoal.de\/nl\/timeless-challenge\/1000-words\/\">Lees verder<\/a><\/p>","protected":false},"author":2,"featured_media":6077,"parent":5417,"menu_order":0,"comment_status":"open","ping_status":"closed","template":"","meta":{"pgc_sgb_lightbox_settings":"","_glsr_average":0,"_glsr_ranking":0,"_glsr_reviews":0,"footnotes":""},"class_list":["post-6032","page","type-page","status-publish","has-post-thumbnail"],"_links":{"self":[{"href":"http:\/\/rockyourgoal.de\/nl\/wp-json\/wp\/v2\/pages\/6032","targetHints":{"allow":["GET"]}}],"collection":[{"href":"http:\/\/rockyourgoal.de\/nl\/wp-json\/wp\/v2\/pages"}],"about":[{"href":"http:\/\/rockyourgoal.de\/nl\/wp-json\/wp\/v2\/types\/page"}],"author":[{"embeddable":true,"href":"http:\/\/rockyourgoal.de\/nl\/wp-json\/wp\/v2\/users\/2"}],"replies":[{"embeddable":true,"href":"http:\/\/rockyourgoal.de\/nl\/wp-json\/wp\/v2\/comments?post=6032"}],"version-history":[{"count":35,"href":"http:\/\/rockyourgoal.de\/nl\/wp-json\/wp\/v2\/pages\/6032\/revisions"}],"predecessor-version":[{"id":18141,"href":"http:\/\/rockyourgoal.de\/nl\/wp-json\/wp\/v2\/pages\/6032\/revisions\/18141"}],"up":[{"embeddable":true,"href":"http:\/\/rockyourgoal.de\/nl\/wp-json\/wp\/v2\/pages\/5417"}],"wp:featuredmedia":[{"embeddable":true,"href":"http:\/\/rockyourgoal.de\/nl\/wp-json\/wp\/v2\/media\/6077"}],"wp:attachment":[{"href":"http:\/\/rockyourgoal.de\/nl\/wp-json\/wp\/v2\/media?parent=6032"}],"curies":[{"name":"wp","href":"https:\/\/api.w.org\/{rel}","templated":true}]}}