{"id":5936,"date":"2023-03-20T07:00:00","date_gmt":"2023-03-20T06:00:00","guid":{"rendered":"https:\/\/rockyourgoal.de\/?page_id=5936"},"modified":"2025-01-15T16:03:25","modified_gmt":"2025-01-15T15:03:25","slug":"volunteering","status":"publish","type":"page","link":"http:\/\/rockyourgoal.de\/nl\/timeless-challenge\/beziehungen\/volunteering\/","title":{"rendered":"Volunteering &#8211; Ehrenamtlich die Welt verbessern"},"content":{"rendered":"\n<p>Im Jahr 2021 waren \u00fcber sechzehn Millionen Menschen in Deutschland in irgend einer Form ehrenamtlich t\u00e4tig. Diese Menschen unterst\u00fctzen Vereine und Verb\u00e4nde, k\u00fcmmern sich um Hilfsbed\u00fcrftige und sind die S\u00e4ulen auf denen unsere Gesellschaft steht. <\/p>\n\n\n\n<p>Ohne das Ehrenamt w\u00fcrden Vereine zusammenbrechen, Umweltschutzorganisationen w\u00fcrden nicht existieren und wenn wir nach Hilfe rufen, w\u00fcrde niemand kommen. <\/p>\n\n\n\n<p>Ehrenamtlich T\u00e4tige werden in den meisten F\u00e4llen nicht bezahlt, leisten ihre Arbeit zu oft &#8222;unmenschlichen&#8220; Zeiten und unter schwierigen Bedingungen. Und wir als Gesellschaft haben verlernt &#8222;Danke&#8220; zu sagen! Ganz im Gegenteil kritisieren wir oft Diejenigen die uns eigentlich mit ihrem Einsatz nur helfen wollen. <\/p>\n\n\n\n<p>Weil das Ehrenamt so enorm wichtig f\u00fcr uns als Gesellschaft aber auch f\u00fcr alle f\u00fcnf Lebensbereiche ist, wollen wir den Einsatz all der Volunteers bei der Timeless Challenge w\u00fcrdigen und mit Life-Score Punkte w\u00fcrdigen. <\/p>\n\n\n<div class=\"wp-block-image\">\n<figure class=\"aligncenter size-full is-resized\"><a href=\"https:\/\/rockyourgoal.de\/wp-content\/uploads\/2022\/02\/ehrenamtliche-arbeit-challenge.png\"><img loading=\"lazy\" decoding=\"async\" width=\"960\" height=\"807\" src=\"https:\/\/rockyourgoal.de\/wp-content\/uploads\/2022\/02\/ehrenamtliche-arbeit-challenge.png\" alt=\"\" class=\"wp-image-5943\" style=\"width:612px;height:514px\" srcset=\"http:\/\/rockyourgoal.de\/wp-content\/uploads\/2022\/02\/ehrenamtliche-arbeit-challenge.png 960w, http:\/\/rockyourgoal.de\/wp-content\/uploads\/2022\/02\/ehrenamtliche-arbeit-challenge-300x252.png 300w, http:\/\/rockyourgoal.de\/wp-content\/uploads\/2022\/02\/ehrenamtliche-arbeit-challenge-768x646.png 768w, http:\/\/rockyourgoal.de\/wp-content\/uploads\/2022\/02\/ehrenamtliche-arbeit-challenge-850x715.png 850w\" sizes=\"auto, (max-width: 960px) 100vw, 960px\" \/><\/a><\/figure>\n<\/div>\n\n\n<p>Uns ist dabei bewusst, dass wir dieses Engagement niemals hoch genug belohnen k\u00f6nnen, aber wir versuchen unser Bestes.<\/p>\n\n\n\n<p>Diese Challenge ist ebenfalls ein Teil der Timeless Challenge!<\/p>\n\n\n<div class=\"wp-block-image\">\n<figure class=\"aligncenter\"><a href=\"https:\/\/rockyourgoal.de\/timeless-challenge\/#Anmeldung_und_Leistungsumfang\"><img loading=\"lazy\" decoding=\"async\" width=\"300\" height=\"145\" src=\"https:\/\/rockyourgoal.de\/wp-content\/uploads\/2022\/11\/image.png\" alt=\"\" class=\"wp-image-9693\" srcset=\"http:\/\/rockyourgoal.de\/wp-content\/uploads\/2022\/11\/image.png 300w, http:\/\/rockyourgoal.de\/wp-content\/uploads\/2022\/11\/image-18x9.png 18w\" sizes=\"auto, (max-width: 300px) 100vw, 300px\" \/><\/a><figcaption class=\"wp-element-caption\"><a href=\"https:\/\/rockyourgoal.de\/timeless-challenge\/#Anmeldung_und_Leistungsumfang\">Die Volunteering Challenge ist Teil der Timeless Challenge. Mach mit!<\/a><\/figcaption><\/figure>\n<\/div>\n\n\n<blockquote class=\"wp-block-quote is-layout-flow wp-block-quote-is-layout-flow\">\n<p><em>Ich glaube daran, dass jeder Mensch mit seinen Handlungen die Welt ver\u00e4ndern kann! Mach Dein Leben durch sinnvolle Aktionen (Challenges) zu etwas Besonderem und Dauerhaftem! Mach Dich unsterblich!<\/em><\/p>\n\n\n\n<p><em>Wir wollen&nbsp;<a rel=\"noreferrer noopener\" href=\"https:\/\/rockyourgoal.de\/big5forlife\/trees4breeze\/\" target=\"_blank\">eine Million B\u00e4ume weltweit pflanzen<\/a>&nbsp;ohne um Spenden zu betteln!<\/em>Uwe Kauntz<\/p>\n<\/blockquote>\n\n\n\n<p>&nbsp;<strong><em>Folge uns und bleib informiert!<\/em><\/strong><\/p>\n\n\n\n<ul class=\"wp-block-list\">\n<li><strong>Instagram<\/strong>:&nbsp;<a rel=\"noreferrer noopener\" href=\"https:\/\/www.instagram.com\/timeless_challenge\" target=\"_blank\">@timeless_challenge<\/a><\/li>\n\n\n\n<li><strong>Facebook<\/strong>:&nbsp;<a rel=\"noreferrer noopener\" href=\"https:\/\/www.facebook.com\/rockyourgoal\" target=\"_blank\">Rockyourgoal<\/a><\/li>\n\n\n\n<li><strong>Twitter<\/strong>:&nbsp;<a rel=\"noreferrer noopener\" href=\"https:\/\/www.twitter.com\/goal_rock\" target=\"_blank\">@goal_rock<\/a><\/li>\n<\/ul>\n\n\n\n<p>Die als Ehrenamtliche erworbenen Life-Score Punkte sehen wir in dem Lebensbereich &#8222;gesellschaftliche Beziehungen&#8220;, weshalb die Life-Score Punkte in rot verteilt werden, ebenso die rote Murmel. <\/p>\n\n\n\n<h2 class=\"wp-block-heading\" id=\"regeln\">Regeln<\/h2>\n\n\n\n<p>Die Regeln bei der <em>Volunteering Challenge<\/em> sind sehr einfach. Du erh\u00e4ltst pro Jahr gemeinn\u00fctziger (ehrenamtlicher) Arbeit Life-Score Punkte. Dabei unterscheiden wir ganz bewusst nicht in welchem Bereich Du diese Arbeit verrichtest, denn wir k\u00f6nnen die Wertigkeit in den verschiedenen Bereichen auf keinen Fall bestimmen. Das steht uns nicht zu. <\/p>\n\n\n\n<p>Das bedeutet, dass Du f\u00fcr jedes Jahr ehrenamtliche Arbeit Punkte bekommst. Dabei gilt jedoch dass Du maximal das Vorjahr als Startpunkt w\u00e4hlen kannst. <\/p>\n\n\n\n<h2 class=\"wp-block-heading\" id=\"life-score-punkte-fur-die-volunteering-challenge\">Life-Score Punkte f\u00fcr die Volunteering Challenge<\/h2>\n\n\n<div class=\"wp-block-image\">\n<figure class=\"aligncenter size-medium\"><img loading=\"lazy\" decoding=\"async\" width=\"300\" height=\"300\" src=\"https:\/\/rockyourgoal.de\/wp-content\/uploads\/2022\/08\/LSP-Beziehungen-1-300x300.png\" alt=\"\" class=\"wp-image-8294\" srcset=\"http:\/\/rockyourgoal.de\/wp-content\/uploads\/2022\/08\/LSP-Beziehungen-1-300x300.png 300w, http:\/\/rockyourgoal.de\/wp-content\/uploads\/2022\/08\/LSP-Beziehungen-1-150x150.png 150w, http:\/\/rockyourgoal.de\/wp-content\/uploads\/2022\/08\/LSP-Beziehungen-1-768x769.png 768w, http:\/\/rockyourgoal.de\/wp-content\/uploads\/2022\/08\/LSP-Beziehungen-1-12x12.png 12w, http:\/\/rockyourgoal.de\/wp-content\/uploads\/2022\/08\/LSP-Beziehungen-1-850x851.png 850w, http:\/\/rockyourgoal.de\/wp-content\/uploads\/2022\/08\/LSP-Beziehungen-1.png 1000w\" sizes=\"auto, (max-width: 300px) 100vw, 300px\" \/><figcaption class=\"wp-element-caption\">Hol Dir Deine Life-Score-Punkte in rot!<\/figcaption><\/figure>\n<\/div>\n\n\n<p>Du bekommst pro Jahr ehrenamtlicher Arbeit <strong>50 Life-Score Punkte<\/strong>!<\/p>\n\n\n\n<p>Du bekommst aber auch f\u00fcr jeden (ganzen) Tag ehrenamtlicher Arbeit <strong>2 Life-Score Punkte<\/strong>.<\/p>\n\n\n\n<h3 class=\"wp-block-heading\">Murmel(n) f\u00fcr die Volunteering Challenge<\/h3>\n\n\n\n<p>F\u00fcr die Volunteering Challenge kannst Du die wundersch\u00f6ne(n) Murmel(n) in rot bekommen. Diese haben die folgende Gr\u00f6\u00dfe:<\/p>\n\n\n\n<ul class=\"wp-block-list\">\n<li>Eine rote Murmel mit einem Durchmesser von 20m<\/li>\n<\/ul>\n\n\n\n<p>Wenn Du die Murmel(n) haben m\u00f6chtest, dann sind wir \u00fcber einen monet\u00e4ren Kaffee sehr dankbar. Die H\u00f6he bestimmst Du. Beachte jedoch bitte, dass wir ca. 1,20 EUR Portokosten haben. Der Rest unserer Kaffeekasse geht in die Wiederaufforstung <a rel=\"noreferrer noopener\" href=\"https:\/\/rockyourgoal.de\/big5forlife\/trees4breeze\/\" target=\"_blank\">Trees4Breeze<\/a> sowie zur Weiterentwicklung der Timeless Challenge. <\/p>\n\n\n\n<h2 class=\"wp-block-heading\" id=\"so-kannst-du-bei-der-volunteering-challenge-mitmachen\">So kannst Du bei der Volunteering Challenge mitmachen<\/h2>\n\n\n\n<p>Sobald du ein Jahr lang ehrenamtliche Arbeit geleistet hast, kannst Du uns das mitteilen und erh\u00e4ltst 500 Life-Score Punkte. F\u00fcr jeden Tag ehrenamtliche T\u00e4tigkeit bekommst Du 2 Life-Score Punkte<\/p>\n\n\n\n<ul class=\"wp-block-list\">\n<li><a href=\"https:\/\/rockyourgoal.de\/timeless-challenge\/#Anmeldung_und_Leistungsumfang\">Melde Dich bei der Timeless Challenge an!<\/a><br>Streng Dich an und tu ein Jahr lang etwas Ehrenamtliches zugunsten von Umwelt und Gesellschaft oder zumindest einen Tag, denn jeder Tag z\u00e4hlt.<\/li>\n\n\n\n<li>Sobald Du diese Herausforderung geschafft hast musst Du das unten stehende Formular ausf\u00fcllen, uns mitteilen, dass Du die Challenge geschafft hast. Schreibe optimalerweise in das Freitextfeld Deine Adresse, damit wir Dir die Murmel \u00fcbersenden k\u00f6nnen. <\/li>\n<\/ul>\n\n\n\n<p class=\"has-text-align-center\"><a href=\"http:\/\/rockyourgoal.de\/wp-content\/uploads\/2024\/03\/Booklet-Challenge-Tool-1.pdf\">Eine genaue Beschreibung des Tools findest Du in unserem Booklet<\/a><\/p>\n\n\n\n<h3 class=\"wp-block-heading\">Erfassung ehrenamtlicher Arbeit f\u00fcr einen Tag<\/h3>\n\n\n\n\n\n\n<h3 class=\"wp-block-heading\">Erfassung ehrenamtlicher Arbeit f\u00fcr ein ganzes Jahr<\/h3>\n\n\n\n\n\n\n<h3 class=\"wp-block-heading\">Ehrentabelle f\u00fcr ehrenamtliche Arbeit<\/h3>\n\n\n\n        <a id=\"table-top-anchor\"><\/a>\n        <div class=\"table\">\n          <div class=\"row header-row\">\n            <div class=\"cell header num-col\">Rank<\/div>\n            <div class=\"cell header\">Athlet<\/div>\n            <div class=\"cell header num-col\">Teilgenommene Challenge<\/div>\n            <div class=\"cell header num-col\">Life Score<\/br>Points<\/div>\n          <\/div>\n          <div class=\"row\">   <div class=\"cell num-col\">1.<\/div>   <div class=\"cell left\">Anja Kirchem <div class='hide-on-desktop'>Summits: Anja Kirchem<br \/>Teilgenommene Challenge:  Volunteering Challenge 1 Year<br \/>Lifescore Points: 50<\/div><\/div>   <div class=\"cell num-col\"> Volunteering Challenge 1 Year<\/div>   <div class=\"cell num-col\">50<\/div><\/div><div class=\"row\">   <div class=\"cell num-col\">2.<\/div>   <div class=\"cell left\">Rene_the_mudshiner <div class='hide-on-desktop'>Summits: Rene_the_mudshiner<br \/>Teilgenommene Challenge:  Volunteering Challenge 1 Year<br \/>Lifescore Points: 50<\/div><\/div>   <div class=\"cell num-col\"> Volunteering Challenge 1 Year<\/div>   <div class=\"cell num-col\">50<\/div><\/div><div class=\"row\">   <div class=\"cell num-col\">3.<\/div>   <div class=\"cell left\">J\u00f6rg Sch\u00f6nbeck <div class='hide-on-desktop'>Summits: J\u00f6rg Sch\u00f6nbeck<br \/>Teilgenommene Challenge:  Volunteering Challenge 1 Year<br \/>Lifescore Points: 100<\/div><\/div>   <div class=\"cell num-col\"> Volunteering Challenge 1 Year<\/div>   <div class=\"cell num-col\">100<\/div><\/div><div class=\"row\">   <div class=\"cell num-col\">4.<\/div>   <div class=\"cell left\">Jens  <div class='hide-on-desktop'>Summits: Jens <br \/>Teilgenommene Challenge:  Volunteering Challenge 1 Year<br \/>Lifescore Points: 50<\/div><\/div>   <div class=\"cell num-col\"> Volunteering Challenge 1 Year<\/div>   <div class=\"cell num-col\">50<\/div><\/div>\n          <div class=\"row footer-row\">\n            <div class=\"cell footer no-border hide-mobile\"><a href=\"javascript:void(0);\" class=\"first-page\">&lt;&lt;Erste<\/a><\/div>\n            <div class=\"cell footer no-border hide-mobile\"><a href=\"javascript:void(0);\" class=\"prev\">&lt;Vorherige<\/a><\/div>\n            <div class=\"cell footer no-border hide-mobile\"><a href=\"javascript:void(0);\" class=\"next\">N\u00e4chste&gt;<\/a><\/div>\n            <div class=\"cell footer no-border hide-mobile\"><a href=\"javascript:void(0);\" class=\"last-page\">Letzte&gt;&gt;<\/a><\/div>\n          <\/div>\n          <div class=\"row footer-row hide-on-desktop\">\n            <div class=\"cell footer no-border hide-on-desktop\">Seite:<br \/><span class=\"page-count\">1 \/ 2<\/span><\/div>\n            <div class=\"cell footer no-border hide-on-desktop\"><a class=\"first-page\">&lt;&lt;Erste<\/a><br \/>\n                <a class=\"last-page\">Letzte&gt;&gt;<\/a><\/div>\n            <div class=\"cell footer no-border hide-on-desktop\"><a class=\"prev\">&lt;Vorherige<\/a><br \/>\n                <a class=\"next\">N\u00e4chste&gt;<\/a><\/div>\n          <\/div>\n        <\/div>\n      \n      <style>\n      a.next:hover,a.prev:hover,a.first-page:hover,a.last-page:hover {\n        cursor: pointer;\n      }\n      div.header {\n        text-align: center;\n        background-color: #efbf99;\n        font-weight: 500;\n      }\n      div.footer {\n        background-color: #efbf99;\n        text-align: left;\n      }\n      div.left {\n        text-align: left;\n      }\n      div.center {\n        text-align: center;\n      }\n      div.right {\n        text-align: right;\n      }\n      div.rank {\n        text-align: right;\n      }\n      .cell.no-border {\n        border: none;\n      }\n      @media only screen and (max-width: 767px) {\n        div.hide-mobile {\n          display: none !important;\n        }\n        .show-mobile {\n          display: block !important;\n        }\n      }\n\n      @media only screen and (min-width: 768px) {\n        div.hide-on-desktop {\n          display: none !important;\n        }\n        .show-on-mobile {\n          display: block !important;\n        }\n      }\n\n      .table {\n        display: table;\n        width: 100%;\n        border-collapse: collapse;\n        border: 1px solid black;\n      }\n  \n      .row {\n        display: table-row;\n      }\n  \n      .cell {\n        display: table-cell;\n        padding: 10px;\n        border: 1px solid black;\n        text-align: center;\n      }\n\n      @media (max-width: 768px) {\n        .cell:nth-child(4),\n        .cell:nth-child(5),\n        .cell:nth-child(6),\n        .cell:nth-child(7),\n        .cell:nth-child(8),\n        .cell:nth-child(9) {\n          display: none;\n        }\n      }\n\n      .next-button {\n        display: none;\n        margin-top: 10px;\n        text-align: center;\n      }\n  \n      @media (max-width: 768px) {\n        .next-button {\n          display: block;\n        }\n      }\n      \n      .hidden {\n        display: none;\n      }\n      \n      .num-col {\n        text-align: right;\n      }\n      <\/style>\n\n      <script>\n        document.addEventListener(\"DOMContentLoaded\", function () {\n          var currentPage = 1;\n          var entriesPerPage = 10;\n          var totalEntries = 4\n          var totalPages = Math.ceil(totalEntries \/ entriesPerPage);\n\n          function showPage(page) {\n            var start = (page - 1) * entriesPerPage;\n            var end = start + entriesPerPage;\n\n            var rows = document.querySelectorAll(\".table .row:not(.header-row):not(.footer-row)\");\n            for (var i = 0; i < rows.length; i++) {\n              rows[i].style.display = i >= start && i < end ? \"table-row\" : \"none\";\n            }\n          }\n\n          function updatePageCount() {\n            var pageCountElement = document.querySelector(\".page-count\");\n            pageCountElement.textContent = currentPage + \" \/ \" + totalPages;\n          }\n\n          function handleNavigationClick(event) {\n            event.preventDefault();\n            var action = event.target.getAttribute(\"class\");\n            switch (action) {\n              case \"first-page\":\n                currentPage = 1;\n                break;\n              case \"prev\":\n                if (currentPage > 1) {\n                  currentPage--;\n                }\n                break;\n              case \"next\":\n                if (currentPage < totalPages) {\n                  currentPage++;\n                }\n                break;\n              case \"last-page\":\n                currentPage = totalPages;\n                break;\n            }\n\n            showPage(currentPage);\n            updatePageCount();\n          }\n\n          var navigationLinks = document.querySelectorAll(\".first-page, .prev, .next, .last-page\");\n          for (var i = 0; i < navigationLinks.length; i++) {\n            navigationLinks[i].addEventListener(\"click\", handleNavigationClick);\n          }\n\n          \/\/ Initial page display\n          showPage(currentPage);\n          updatePageCount();\n        });\n      <\/script>\n        \n        <script>\n        document.getElementById(\"select_challenge_summit\").addEventListener(\"change\", (evt) => {\n            const urlParts = document.location.href.split(\"?\");\n            const cleanUrl = urlParts[0];\n            if (urlParts.length > 1 && urlParts[1].indexOf(\"page_id=\") !== -1) {\n                const urlParts2 = document.location.href.split(\"page_id=\");\n                const endId = urlParts2[1].indexOf(\"&\") === -1 ? urlParts2[1].length : urlParts2[1].indexOf(\"&\");\n                const pageId = urlParts2[1].substring(0,endId);\n                window.location.href = cleanUrl + \"?page_id=\" + pageId + \"&c_id=\" + evt.target.value;\n            } else {\n                window.location.href = cleanUrl + \"?c_id=\" + evt.target.value;\n            }\n        });\n      <\/script>\n      \n\n\n\n<h2 class=\"wp-block-heading\" id=\"volunteering-challenge-in-social-media\">Volunteering Challenge in Social Media<\/h2>\n\n\n\n<p>Ehrenamtlich T\u00e4tige sind in Social Media leider oft sehr leise. Das ist aber eigentlich schade, denn genau diese Menschen m\u00fcssten ihre Arbeit etwas &#8222;lauter&#8220; benennen und dazu anregen mitzumachen. <\/p>\n\n\n\n<h3 class=\"wp-block-heading\" id=\"facebook-gruppe-fur-die-volunteering-challenge\">Facebook Gruppe f\u00fcr die Volunteering Challenge<\/h3>\n\n\n\n<p>Wir laden Dich herzlich zum zwanglosen Austausch \u00fcber diese Challenge in unsere Gruppe &#8222;<em>Beziehungen<\/em>&#8220; in Facebook ein.<\/p>\n\n\n\n<h3 class=\"wp-block-heading\" id=\"unsere-hashtags\"># Unsere Hashtags<\/h3>\n\n\n\n<p>#timelesschallenge (zeig, dass Du die Idee gut findest)<br>#tcvolunteering<\/p>\n","protected":false},"excerpt":{"rendered":"<p>Im Jahr 2021 waren \u00fcber sechzehn Millionen Menschen in Deutschland in irgend einer Form ehrenamtlich t\u00e4tig. Diese Menschen unterst\u00fctzen Vereine und Verb\u00e4nde, k\u00fcmmern sich um Hilfsbed\u00fcrftige und sind die S\u00e4ulen auf denen unsere Gesellschaft steht. Ohne das Ehrenamt w\u00fcrden Vereine zusammenbrechen, Umweltschutzorganisationen w\u00fcrden nicht existieren und wenn wir nach Hilfe&hellip;<\/p>\n<p> <a class=\"more-link\" href=\"http:\/\/rockyourgoal.de\/nl\/timeless-challenge\/beziehungen\/volunteering\/\">Lees verder<\/a><\/p>","protected":false},"author":2,"featured_media":5945,"parent":12936,"menu_order":0,"comment_status":"open","ping_status":"closed","template":"","meta":{"pgc_sgb_lightbox_settings":"","_glsr_average":0,"_glsr_ranking":0,"_glsr_reviews":0,"footnotes":""},"class_list":["post-5936","page","type-page","status-publish","has-post-thumbnail"],"_links":{"self":[{"href":"http:\/\/rockyourgoal.de\/nl\/wp-json\/wp\/v2\/pages\/5936","targetHints":{"allow":["GET"]}}],"collection":[{"href":"http:\/\/rockyourgoal.de\/nl\/wp-json\/wp\/v2\/pages"}],"about":[{"href":"http:\/\/rockyourgoal.de\/nl\/wp-json\/wp\/v2\/types\/page"}],"author":[{"embeddable":true,"href":"http:\/\/rockyourgoal.de\/nl\/wp-json\/wp\/v2\/users\/2"}],"replies":[{"embeddable":true,"href":"http:\/\/rockyourgoal.de\/nl\/wp-json\/wp\/v2\/comments?post=5936"}],"version-history":[{"count":21,"href":"http:\/\/rockyourgoal.de\/nl\/wp-json\/wp\/v2\/pages\/5936\/revisions"}],"predecessor-version":[{"id":18399,"href":"http:\/\/rockyourgoal.de\/nl\/wp-json\/wp\/v2\/pages\/5936\/revisions\/18399"}],"up":[{"embeddable":true,"href":"http:\/\/rockyourgoal.de\/nl\/wp-json\/wp\/v2\/pages\/12936"}],"wp:featuredmedia":[{"embeddable":true,"href":"http:\/\/rockyourgoal.de\/nl\/wp-json\/wp\/v2\/media\/5945"}],"wp:attachment":[{"href":"http:\/\/rockyourgoal.de\/nl\/wp-json\/wp\/v2\/media?parent=5936"}],"curies":[{"name":"wp","href":"https:\/\/api.w.org\/{rel}","templated":true}]}}