{"id":19654,"date":"2025-07-03T11:25:41","date_gmt":"2025-07-03T09:25:41","guid":{"rendered":"https:\/\/rockyourgoal.de\/?page_id=19654"},"modified":"2025-07-04T10:36:16","modified_gmt":"2025-07-04T08:36:16","slug":"iron-lake-micro-challenges","status":"publish","type":"page","link":"http:\/\/rockyourgoal.de\/nl\/iron-lake-challenge\/iron-lake-micro-challenges\/","title":{"rendered":"Iron Lake MICRO Challenges"},"content":{"rendered":"<p>Bei den Iron Lake MICRO Challenge musst Du lediglich einen See umrunden. Daf\u00fcr wird dieser jedoch eine echte Herausforderung darstellen. Teilweise handelt es sich um gro\u00dfe Seen deren Ufer \u00fcber verschiedene L\u00e4ndergrenzen reichen und damit nicht zur &#8222;normalen&#8220; Iron Lake Challenge der jeweiligen L\u00e4nder gez\u00e4hlt werden k\u00f6nnen (z.B. Bodensee, Neusiedler See). Teilweise sind ein Teil dieser Seen so gro\u00df, dass ihre Uferl\u00e4nge mehr Kilometer als andere Iron Lake Challenge beinhaltet (z.B. V\u00e4ren). Das &#8222;MICRO&#8220; bezieht sich also nicht auf die Anzahl der Uferkilometer \ud83d\ude09<\/p>\n\n\n\n<figure class=\"wp-block-gallery has-nested-images columns-default is-cropped wp-block-gallery-1 is-layout-flex wp-block-gallery-is-layout-flex\">\n<figure class=\"wp-block-image size-large\"><img loading=\"lazy\" decoding=\"async\" width=\"943\" height=\"873\" data-id=\"11240\" src=\"https:\/\/rockyourgoal.de\/wp-content\/uploads\/2023\/03\/ilc_bodensee_logo.png\" alt=\"\" class=\"wp-image-11240\" srcset=\"http:\/\/rockyourgoal.de\/wp-content\/uploads\/2023\/03\/ilc_bodensee_logo.png 943w, http:\/\/rockyourgoal.de\/wp-content\/uploads\/2023\/03\/ilc_bodensee_logo-300x278.png 300w, http:\/\/rockyourgoal.de\/wp-content\/uploads\/2023\/03\/ilc_bodensee_logo-768x711.png 768w, http:\/\/rockyourgoal.de\/wp-content\/uploads\/2023\/03\/ilc_bodensee_logo-13x12.png 13w, http:\/\/rockyourgoal.de\/wp-content\/uploads\/2023\/03\/ilc_bodensee_logo-850x787.png 850w\" sizes=\"auto, (max-width: 943px) 100vw, 943px\" \/><figcaption class=\"wp-element-caption\">Iron Lake MICRO Challenge Bodensee<\/figcaption><\/figure>\n\n\n\n<figure class=\"wp-block-image size-large\"><img loading=\"lazy\" decoding=\"async\" width=\"557\" height=\"581\" data-id=\"18521\" src=\"https:\/\/rockyourgoal.de\/wp-content\/uploads\/2025\/01\/iron-lake-challenge-micro-neusiedler-see-logo-klein-557x581.jpg\" alt=\"\" class=\"wp-image-18521\"\/><figcaption class=\"wp-element-caption\">Iron Lake MICRO Challenge Neusiedler See<\/figcaption><\/figure>\n\n\n\n<figure class=\"wp-block-image size-large\"><img loading=\"lazy\" decoding=\"async\" width=\"583\" height=\"583\" data-id=\"18556\" src=\"https:\/\/rockyourgoal.de\/wp-content\/uploads\/2025\/01\/iron-lake-challenge-micro-lago-maggiore-1-583x583.jpg\" alt=\"\" class=\"wp-image-18556\" srcset=\"http:\/\/rockyourgoal.de\/wp-content\/uploads\/2025\/01\/iron-lake-challenge-micro-lago-maggiore-1.jpg 583w, http:\/\/rockyourgoal.de\/wp-content\/uploads\/2025\/01\/iron-lake-challenge-micro-lago-maggiore-1-300x300.jpg 300w, http:\/\/rockyourgoal.de\/wp-content\/uploads\/2025\/01\/iron-lake-challenge-micro-lago-maggiore-1-150x150.jpg 150w\" sizes=\"auto, (max-width: 583px) 100vw, 583px\" \/><figcaption class=\"wp-element-caption\">Iron Lake MICRO Challenge Lago Maggiore<\/figcaption><\/figure>\n<\/figure>\n\n\n\n<p><strong>Eine kleine Besonderheit gibt es noch zu sagen<\/strong>: Alle zehn Seen der <em>Iron Lake Challenge European Union<\/em> sind aufgrund ihrer Gr\u00f6\u00dfe auch eine MICRO-Challenge. Wenn Du die &#8222;ILC EU&#8220; buchst, dann erh\u00e4ltst Du nach jeder erfolgreichen Umrundung des jeweiligen Sees automatisch die entsprechende MICRO-Medaille zus\u00e4tzlich.<\/p>\n\n\n\n<h2 class=\"wp-block-heading\">Medaillen und Murmel<\/h2>\n\n\n\n<p>Die Sammlermedaillen sind etwas kleiner (5cm im Durchmesser), aber ich finde sie wundersch\u00f6n gestaltet und zieren jedes gut sortierte Medaillen-Board.&nbsp;Und sie sind auf alle F\u00e4lle etwas ganz Besonderes!<\/p>\n\n\n\n<figure class=\"wp-block-table\"><table class=\"has-fixed-layout\"><tbody><tr><td class=\"has-text-align-center\" data-align=\"center\"><img loading=\"lazy\" decoding=\"async\" width=\"150\" height=\"103\" class=\"wp-image-11349\" style=\"width: 150px;\" src=\"http:\/\/rockyourgoal.de\/wp-content\/uploads\/2023\/03\/medal-iron-lake-challenge-bodensee.jpg\" alt=\"\" srcset=\"http:\/\/rockyourgoal.de\/wp-content\/uploads\/2023\/03\/medal-iron-lake-challenge-bodensee.jpg 924w, http:\/\/rockyourgoal.de\/wp-content\/uploads\/2023\/03\/medal-iron-lake-challenge-bodensee-300x207.jpg 300w, http:\/\/rockyourgoal.de\/wp-content\/uploads\/2023\/03\/medal-iron-lake-challenge-bodensee-768x529.jpg 768w, http:\/\/rockyourgoal.de\/wp-content\/uploads\/2023\/03\/medal-iron-lake-challenge-bodensee-18x12.jpg 18w, http:\/\/rockyourgoal.de\/wp-content\/uploads\/2023\/03\/medal-iron-lake-challenge-bodensee-850x586.jpg 850w\" sizes=\"auto, (max-width: 150px) 100vw, 150px\" \/><\/td><td class=\"has-text-align-center\" data-align=\"center\"><img loading=\"lazy\" decoding=\"async\" width=\"150\" height=\"86\" class=\"wp-image-10260\" style=\"width: 150px;\" src=\"http:\/\/rockyourgoal.de\/wp-content\/uploads\/2022\/12\/murmeln-timeless-challenge.jpg\" alt=\"\" srcset=\"http:\/\/rockyourgoal.de\/wp-content\/uploads\/2022\/12\/murmeln-timeless-challenge.jpg 1072w, http:\/\/rockyourgoal.de\/wp-content\/uploads\/2022\/12\/murmeln-timeless-challenge-300x172.jpg 300w, http:\/\/rockyourgoal.de\/wp-content\/uploads\/2022\/12\/murmeln-timeless-challenge-1024x587.jpg 1024w, http:\/\/rockyourgoal.de\/wp-content\/uploads\/2022\/12\/murmeln-timeless-challenge-768x440.jpg 768w, http:\/\/rockyourgoal.de\/wp-content\/uploads\/2022\/12\/murmeln-timeless-challenge-18x10.jpg 18w, http:\/\/rockyourgoal.de\/wp-content\/uploads\/2022\/12\/murmeln-timeless-challenge-850x487.jpg 850w\" sizes=\"auto, (max-width: 150px) 100vw, 150px\" \/><\/td><\/tr><\/tbody><\/table><\/figure>\n\n\n\n<h2 class=\"wp-block-heading\">Bisher verf\u00fcgbare Iron Lake MICRO Challenges<\/h2>\n\n\n\n<h3 class=\"wp-block-heading\">Iron Lake Micro Challenge Bodensee<\/h3>\n\n\n<div class=\"wp-block-image\">\n<figure class=\"aligncenter size-medium\"><a href=\"https:\/\/rockyourgoal.de\/nl\/iron-lake-challenge\/bodensee\/\"><img loading=\"lazy\" decoding=\"async\" width=\"300\" height=\"278\" src=\"https:\/\/rockyourgoal.de\/wp-content\/uploads\/2023\/03\/ilc_bodensee_logo-300x278.png\" alt=\"\" class=\"wp-image-11240\" srcset=\"http:\/\/rockyourgoal.de\/wp-content\/uploads\/2023\/03\/ilc_bodensee_logo-300x278.png 300w, http:\/\/rockyourgoal.de\/wp-content\/uploads\/2023\/03\/ilc_bodensee_logo-768x711.png 768w, http:\/\/rockyourgoal.de\/wp-content\/uploads\/2023\/03\/ilc_bodensee_logo-13x12.png 13w, http:\/\/rockyourgoal.de\/wp-content\/uploads\/2023\/03\/ilc_bodensee_logo-850x787.png 850w, http:\/\/rockyourgoal.de\/wp-content\/uploads\/2023\/03\/ilc_bodensee_logo.png 943w\" sizes=\"auto, (max-width: 300px) 100vw, 300px\" \/><\/a><figcaption class=\"wp-element-caption\">Iron Lake MICRO Challenge Bodensee<\/figcaption><\/figure>\n<\/div>\n\n\n<h3 class=\"wp-block-heading\">Iron Lake MICRO Challenge Lago Maggiore<\/h3>\n\n\n<div class=\"wp-block-image\">\n<figure class=\"aligncenter size-medium\"><a href=\"https:\/\/rockyourgoal.de\/nl\/iron-lake-challenge\/lago-maggiore\/\"><img loading=\"lazy\" decoding=\"async\" width=\"300\" height=\"300\" src=\"https:\/\/rockyourgoal.de\/wp-content\/uploads\/2025\/01\/iron-lake-challenge-micro-lago-maggiore-1-300x300.jpg\" alt=\"\" class=\"wp-image-18556\" srcset=\"http:\/\/rockyourgoal.de\/wp-content\/uploads\/2025\/01\/iron-lake-challenge-micro-lago-maggiore-1-300x300.jpg 300w, http:\/\/rockyourgoal.de\/wp-content\/uploads\/2025\/01\/iron-lake-challenge-micro-lago-maggiore-1.jpg 583w, http:\/\/rockyourgoal.de\/wp-content\/uploads\/2025\/01\/iron-lake-challenge-micro-lago-maggiore-1-150x150.jpg 150w\" sizes=\"auto, (max-width: 300px) 100vw, 300px\" \/><\/a><figcaption class=\"wp-element-caption\">Iron Lake MICRO Challenge Lago Maggiore<\/figcaption><\/figure>\n<\/div>\n\n\n<h3 class=\"wp-block-heading\">Iron Lake MICRO Challenge Neusiedler See<\/h3>\n\n\n<div class=\"wp-block-image\">\n<figure class=\"aligncenter size-medium\"><a href=\"https:\/\/rockyourgoal.de\/nl\/neusiedler-see\/\"><img loading=\"lazy\" decoding=\"async\" width=\"300\" height=\"300\" src=\"https:\/\/rockyourgoal.de\/wp-content\/uploads\/2025\/01\/iron-lake-challenge-micro-neusiedler-see-logo-klein-300x300.jpg\" alt=\"\" class=\"wp-image-18521\" srcset=\"http:\/\/rockyourgoal.de\/wp-content\/uploads\/2025\/01\/iron-lake-challenge-micro-neusiedler-see-logo-klein-300x300.jpg 300w, http:\/\/rockyourgoal.de\/wp-content\/uploads\/2025\/01\/iron-lake-challenge-micro-neusiedler-see-logo-klein-150x150.jpg 150w\" sizes=\"auto, (max-width: 300px) 100vw, 300px\" \/><\/a><figcaption class=\"wp-element-caption\">Iron Lake MICRO Challenge Neusiedler See<\/figcaption><\/figure>\n<\/div>\n\n\n<h3 class=\"wp-block-heading\">Iron Lake MICRO Challenge V\u00e4nern<\/h3>\n\n\n<div class=\"wp-block-image\">\n<figure class=\"aligncenter size-medium\"><a href=\"https:\/\/rockyourgoal.de\/nl\/iron-lake-challenge\/iron-lake-micro-challenges\/vanern\/\"><img loading=\"lazy\" decoding=\"async\" width=\"300\" height=\"300\" src=\"https:\/\/rockyourgoal.de\/wp-content\/uploads\/2025\/07\/Iron-Lake-Micro-Challenge-Vaenern-1-300x300.jpg\" alt=\"\" class=\"wp-image-19700\" srcset=\"http:\/\/rockyourgoal.de\/wp-content\/uploads\/2025\/07\/Iron-Lake-Micro-Challenge-Vaenern-1-300x300.jpg 300w, http:\/\/rockyourgoal.de\/wp-content\/uploads\/2025\/07\/Iron-Lake-Micro-Challenge-Vaenern-1-150x150.jpg 150w\" sizes=\"auto, (max-width: 300px) 100vw, 300px\" \/><\/a><\/figure>\n<\/div>","protected":false},"excerpt":{"rendered":"<p>Bei den Iron Lake MICRO Challenge musst Du lediglich einen See umrunden. Daf\u00fcr wird dieser jedoch eine echte Herausforderung darstellen. Teilweise handelt es sich um gro\u00dfe Seen deren Ufer \u00fcber verschiedene L\u00e4ndergrenzen reichen und damit nicht zur &#8222;normalen&#8220; Iron Lake Challenge der jeweiligen L\u00e4nder gez\u00e4hlt werden k\u00f6nnen (z.B. Bodensee, Neusiedler&hellip;<\/p>\n<p> <a class=\"more-link\" href=\"http:\/\/rockyourgoal.de\/nl\/iron-lake-challenge\/iron-lake-micro-challenges\/\">Lees verder<\/a><\/p>","protected":false},"author":2,"featured_media":0,"parent":9795,"menu_order":0,"comment_status":"closed","ping_status":"closed","template":"","meta":{"pgc_sgb_lightbox_settings":"","_glsr_average":0,"_glsr_ranking":0,"_glsr_reviews":0,"footnotes":""},"class_list":["post-19654","page","type-page","status-publish"],"_links":{"self":[{"href":"http:\/\/rockyourgoal.de\/nl\/wp-json\/wp\/v2\/pages\/19654","targetHints":{"allow":["GET"]}}],"collection":[{"href":"http:\/\/rockyourgoal.de\/nl\/wp-json\/wp\/v2\/pages"}],"about":[{"href":"http:\/\/rockyourgoal.de\/nl\/wp-json\/wp\/v2\/types\/page"}],"author":[{"embeddable":true,"href":"http:\/\/rockyourgoal.de\/nl\/wp-json\/wp\/v2\/users\/2"}],"replies":[{"embeddable":true,"href":"http:\/\/rockyourgoal.de\/nl\/wp-json\/wp\/v2\/comments?post=19654"}],"version-history":[{"count":11,"href":"http:\/\/rockyourgoal.de\/nl\/wp-json\/wp\/v2\/pages\/19654\/revisions"}],"predecessor-version":[{"id":19705,"href":"http:\/\/rockyourgoal.de\/nl\/wp-json\/wp\/v2\/pages\/19654\/revisions\/19705"}],"up":[{"embeddable":true,"href":"http:\/\/rockyourgoal.de\/nl\/wp-json\/wp\/v2\/pages\/9795"}],"wp:attachment":[{"href":"http:\/\/rockyourgoal.de\/nl\/wp-json\/wp\/v2\/media?parent=19654"}],"curies":[{"name":"wp","href":"https:\/\/api.w.org\/{rel}","templated":true}]}}