{"id":168,"date":"2019-07-03T10:41:42","date_gmt":"2019-07-03T08:41:42","guid":{"rendered":"http:\/\/rockyourgoal.de\/?page_id=168"},"modified":"2023-05-04T16:10:52","modified_gmt":"2023-05-04T14:10:52","slug":"mein-instagram-kanal","status":"publish","type":"page","link":"http:\/\/rockyourgoal.de\/nl\/big5forlife\/das-bin-ich\/mein-instagram-kanal\/","title":{"rendered":"Mein Instagram Kanal"},"content":{"rendered":"<p>Ich nutze Instagram unter dem nickname <a href=\"http:\/\/www.instagram.com\/munichspartan\">@munichspartan<\/a> als pers\u00f6nliches Album und habe richtig Spa\u00df dabei.&nbsp;Ich freue mich wirklich sehr, dass mir&nbsp;\u00fcber 6000 Menschen ihr Vertrauen schenken und meine Bilder und Berichte aus dem Bereich OCR (Obstacle Course Racing), Laufen und Reisen interessiert verfolgen. <\/p>\n\n\n\n<p>F\u00fcr mich ist das wie wenn in einem gro\u00dfen Fu\u00dfballstadion 8000 Menschen sitzen und sich im Stadion umschauen.&nbsp;In diesem&nbsp;Stadion sind auf der&nbsp;Werbebande&nbsp;tausende von Bildern.&nbsp;Irgendwann taucht dort ein Bild oder ein Video von mir auf. Mein Ziel ist, dass den Menschen das Bild gef\u00e4llt und es&nbsp;ihnen den Tag besser macht. &nbsp;<\/p>\n\n\n\n<p>Ich verwende keine k\u00fcnstlich bearbeitete Bilder und ich bin zu 100% ehrlich in meinen Berichten, denn ich nutze Instagram f\u00fcr mich selbst und berichte mit Leidenschaft f\u00fcr Menschen die mir vertrauen. <\/p>\n\n\n\n<p>Wenn Du diesen Weg als F\u00f6rderer mit mir mitgehen m\u00f6chtest, dann bist Du herzlich eingeladen. <\/p>\n\n\n<div class=\"wp-block-image is-style-default\">\n<figure class=\"aligncenter size-large is-resized\"><img loading=\"lazy\" decoding=\"async\" src=\"http:\/\/rockyourgoal.de\/wp-content\/uploads\/2020\/01\/instagram-1024x683.jpg\" alt=\"\" class=\"wp-image-966\" width=\"368\" height=\"245\" srcset=\"http:\/\/rockyourgoal.de\/wp-content\/uploads\/2020\/01\/instagram-1024x683.jpg 1024w, http:\/\/rockyourgoal.de\/wp-content\/uploads\/2020\/01\/instagram-300x200.jpg 300w, http:\/\/rockyourgoal.de\/wp-content\/uploads\/2020\/01\/instagram-768x512.jpg 768w, http:\/\/rockyourgoal.de\/wp-content\/uploads\/2020\/01\/instagram-1536x1024.jpg 1536w, http:\/\/rockyourgoal.de\/wp-content\/uploads\/2020\/01\/instagram-850x567.jpg 850w, http:\/\/rockyourgoal.de\/wp-content\/uploads\/2020\/01\/instagram.jpg 1920w\" sizes=\"auto, (max-width: 368px) 100vw, 368px\" \/><figcaption class=\"wp-element-caption\">@munichspartan auf Instagram<\/figcaption><\/figure>\n<\/div>\n\n\n<p>Ich biete&nbsp;Firmen, Veranstaltern und Interessierten an, meinen Kanal f\u00fcr eine sinnvolle Produktplatzierung zu nutzen. Dieses Angebot gilt allerdings nur f\u00fcr Produkte bei denen ich selbst dahinter stehe, denn ich sehe mich als ehrlichen&nbsp;&#8222;Content Creator&#8220;. Ich werde meinen Lesern niemals etwas vorstellen hinter dem ich selbst nicht stehe! Das w\u00fcrde meinen Instagram-Account wertlos machen. <\/p>\n\n\n\n<p>F\u00fcr ein Bild mit eurem Produkt und mir verlange ich <strong>pauschal 30,- EUR!<\/strong> Das ist mehr als fair und ich mach das auch nur deshalb zu dem Preis, weil ich (wenn ich mich f\u00fcr euer Produkt entscheide) meinen Lesern einen Mehrwert bieten will. Wenn dieser nicht da ist, dann mach ich\u00b4s nicht, sorry!<\/p>\n\n\n\n<p>Wenn ihr diesen Service nutzen m\u00f6chtet, dann meldet euch einfach unter uwe@rockyourgoal.de! <\/p>\n\n\n\n<p>Schon klar, damit schaffe ich meine &#8222;finanzielle Freiheit&#8220; nicht \ud83d\ude09 aber ich kann allen meinen Nutzern auch weiterhin&nbsp;ins Gesicht sehen. <\/p>\n\n\n\n<h2 class=\"wp-block-heading\"><a href=\"https:\/\/www.instagram.com\/timeless_challenge\" target=\"_blank\" rel=\"noreferrer noopener\">@timeless_challenge<\/a><\/h2>\n\n\n\n<p>Ab dem 04. Oktober 2022 startete die <a rel=\"noreferrer noopener\" href=\"https:\/\/rockyourgoal.de\/nl\/timeless-challenge\/\" target=\"_blank\">Timeless Challenge<\/a>. Wir werden diesen Insta-Kanal dazu nutzen, rund um die Timeless Challenge und deren Sub-Challenges zu berichten. Du bist herzlich dazu eingeladen dem Kanal zu folgen!<\/p>\n\n\n\n<h2 class=\"wp-block-heading\"><a href=\"https:\/\/www.instagram.com\/timeless_challenge\" target=\"_blank\" rel=\"noreferrer noopener\">@ironlakechallenge<\/a><\/h2>\n\n\n\n<p>Zur Finanzierung meiner Wiederaufforstungskampagne habe ich die Iron Lake Challenge Anfang 2023 ins Leben gerufen. Diese ver\u00e4ndert Vieles f\u00fcr mich und ich nutze den Kanal um laufende Infos \u00fcber diese wunderbare Challenge zu teilen. Follow us! \ud83d\ude42<\/p>","protected":false},"excerpt":{"rendered":"<p>Ich nutze Instagram unter dem nickname @munichspartan als pers\u00f6nliches Album und habe richtig Spa\u00df dabei.&nbsp;Ich freue mich wirklich sehr, dass mir&nbsp;\u00fcber 6000 Menschen ihr Vertrauen schenken und meine Bilder und Berichte aus dem Bereich OCR (Obstacle Course Racing), Laufen und Reisen interessiert verfolgen. F\u00fcr mich ist das wie wenn in&hellip;<\/p>\n<p> <a class=\"more-link\" href=\"http:\/\/rockyourgoal.de\/nl\/big5forlife\/das-bin-ich\/mein-instagram-kanal\/\">Lees verder<\/a><\/p>","protected":false},"author":2,"featured_media":0,"parent":139,"menu_order":2,"comment_status":"closed","ping_status":"closed","template":"","meta":{"pgc_sgb_lightbox_settings":"","_glsr_average":0,"_glsr_ranking":0,"_glsr_reviews":0,"footnotes":""},"class_list":["post-168","page","type-page","status-publish"],"_links":{"self":[{"href":"http:\/\/rockyourgoal.de\/nl\/wp-json\/wp\/v2\/pages\/168","targetHints":{"allow":["GET"]}}],"collection":[{"href":"http:\/\/rockyourgoal.de\/nl\/wp-json\/wp\/v2\/pages"}],"about":[{"href":"http:\/\/rockyourgoal.de\/nl\/wp-json\/wp\/v2\/types\/page"}],"author":[{"embeddable":true,"href":"http:\/\/rockyourgoal.de\/nl\/wp-json\/wp\/v2\/users\/2"}],"replies":[{"embeddable":true,"href":"http:\/\/rockyourgoal.de\/nl\/wp-json\/wp\/v2\/comments?post=168"}],"version-history":[{"count":12,"href":"http:\/\/rockyourgoal.de\/nl\/wp-json\/wp\/v2\/pages\/168\/revisions"}],"predecessor-version":[{"id":12277,"href":"http:\/\/rockyourgoal.de\/nl\/wp-json\/wp\/v2\/pages\/168\/revisions\/12277"}],"up":[{"embeddable":true,"href":"http:\/\/rockyourgoal.de\/nl\/wp-json\/wp\/v2\/pages\/139"}],"wp:attachment":[{"href":"http:\/\/rockyourgoal.de\/nl\/wp-json\/wp\/v2\/media?parent=168"}],"curies":[{"name":"wp","href":"https:\/\/api.w.org\/{rel}","templated":true}]}}