{"id":7276,"date":"2023-01-09T07:00:00","date_gmt":"2023-01-09T06:00:00","guid":{"rendered":"https:\/\/rockyourgoal.de\/?page_id=7276"},"modified":"2023-01-17T15:29:44","modified_gmt":"2023-01-17T14:29:44","slug":"imaginative-photographer","status":"publish","type":"page","link":"http:\/\/rockyourgoal.de\/fr\/timeless-challenge\/imaginative-photographer\/","title":{"rendered":"Imaginative Photographer &#8211; Fotograf mit Ideen und F\u00e4higkeiten"},"content":{"rendered":"\n<p>Du machst bestimmt t\u00e4glich Fotos mit Deinem Smartphone oder vielleicht sogar mit einer richtigen Kamera. Hast Du schon mal daran gedacht, Deine F\u00e4higkeiten 30 Tage lang so zu verbessern, dass Deine Bilder auch ohne Filter besser sind als die Anderer?<\/p>\n\n\n\n<p>Genau da ist das Ziel der Imaginative Photographer Challenge. Es geht darum, dass Du das Fotografieren 30 Tage lang in den Vordergrund stellst. Du lernst jeden Tag etwas dazu und machst jeden Tag ein Bild oder mehrere Bilder und probierst das Gelernte aus. <\/p>\n\n\n\n<p>Du hast so viele M\u00f6glichkeiten besser zu werden. Du kannst die Funktionalit\u00e4ten Deines Smartphones besser kennen lernen, Dich mit eventuell wertvollen Foto-Apps besch\u00e4ftigen, Deine Fotografiertechnik verbessern und nat\u00fcrlich in der Bildbearbeitung besser werden. <\/p>\n\n\n<div class=\"wp-block-image\">\n<figure class=\"aligncenter size-large is-resized\"><a href=\"https:\/\/rockyourgoal.de\/wp-content\/uploads\/2022\/05\/imaginative-photographer-challenge.jpg\"><img loading=\"lazy\" decoding=\"async\" src=\"https:\/\/rockyourgoal.de\/wp-content\/uploads\/2022\/05\/imaginative-photographer-challenge-1024x340.jpg\" alt=\"\" class=\"wp-image-7283\" width=\"557\" height=\"184\" srcset=\"http:\/\/rockyourgoal.de\/wp-content\/uploads\/2022\/05\/imaginative-photographer-challenge-1024x340.jpg 1024w, http:\/\/rockyourgoal.de\/wp-content\/uploads\/2022\/05\/imaginative-photographer-challenge-300x100.jpg 300w, http:\/\/rockyourgoal.de\/wp-content\/uploads\/2022\/05\/imaginative-photographer-challenge-768x255.jpg 768w, http:\/\/rockyourgoal.de\/wp-content\/uploads\/2022\/05\/imaginative-photographer-challenge-1536x510.jpg 1536w, http:\/\/rockyourgoal.de\/wp-content\/uploads\/2022\/05\/imaginative-photographer-challenge-18x6.jpg 18w, http:\/\/rockyourgoal.de\/wp-content\/uploads\/2022\/05\/imaginative-photographer-challenge-850x282.jpg 850w, http:\/\/rockyourgoal.de\/wp-content\/uploads\/2022\/05\/imaginative-photographer-challenge.jpg 1920w\" sizes=\"auto, (max-width: 557px) 100vw, 557px\" \/><\/a><\/figure>\n<\/div>\n\n\n<p>Du siehst schon worauf das hier hinaus l\u00e4uft? Du besch\u00e4ftigst Dich 30 Tage lang mindestens 15 Minuten mit Fotografieren und \u00fcbst das Erlernte. <\/p>\n\n\n\n<p>Dann hast Du Dir die Life-Score Punkte verdient. <\/p>\n\n\n\n<p><\/p>\n\n\n<div class=\"wp-block-image\">\n<figure class=\"aligncenter\"><a href=\"https:\/\/rockyourgoal.de\/timeless-challenge\/\"><img loading=\"lazy\" decoding=\"async\" width=\"300\" height=\"145\" src=\"https:\/\/rockyourgoal.de\/wp-content\/uploads\/2022\/12\/image-1.png\" alt=\"\" class=\"wp-image-10083\" srcset=\"http:\/\/rockyourgoal.de\/wp-content\/uploads\/2022\/12\/image-1.png 300w, http:\/\/rockyourgoal.de\/wp-content\/uploads\/2022\/12\/image-1-18x9.png 18w\" sizes=\"auto, (max-width: 300px) 100vw, 300px\" \/><\/a><figcaption class=\"wp-element-caption\">Die Imaginative Photographer Challenge geh\u00f6rt ebenfalls zur Timeless Challenge<\/figcaption><\/figure>\n<\/div>\n\n\n<p><strong><em>Jeden Montag eine neue Challenge!<\/em><\/strong>\u00a0<strong><em>Folge uns und bleib informiert!<\/em><\/strong><\/p>\n\n\n\n<ul class=\"wp-block-list\">\n<li><strong>Instagram<\/strong>:&nbsp;<a rel=\"noreferrer noopener\" href=\"https:\/\/www.instagram.com\/timeless_challenge\" target=\"_blank\">@timeless_challenge<\/a><\/li>\n\n\n\n<li><strong>Facebook<\/strong>:&nbsp;<a rel=\"noreferrer noopener\" href=\"https:\/\/www.facebook.com\/rockyourgoal\" target=\"_blank\">Rockyourgoal<\/a><\/li>\n\n\n\n<li><strong>Twitter<\/strong>:&nbsp;<a rel=\"noreferrer noopener\" href=\"https:\/\/www.twitter.com\/goal_rock\" target=\"_blank\">@goal_rock<\/a><\/li>\n<\/ul>\n\n\n\n<h2 class=\"wp-block-heading\">Life-Score Punkte f\u00fcr die Imaginative Photographer Challenge<\/h2>\n\n\n<div class=\"wp-block-image\">\n<figure class=\"aligncenter size-medium\"><img loading=\"lazy\" decoding=\"async\" width=\"300\" height=\"300\" src=\"https:\/\/rockyourgoal.de\/wp-content\/uploads\/2022\/08\/LSP-Persoenlichkeit-300x300.png\" alt=\"\" class=\"wp-image-8297\" srcset=\"http:\/\/rockyourgoal.de\/wp-content\/uploads\/2022\/08\/LSP-Persoenlichkeit-300x300.png 300w, http:\/\/rockyourgoal.de\/wp-content\/uploads\/2022\/08\/LSP-Persoenlichkeit-150x150.png 150w, http:\/\/rockyourgoal.de\/wp-content\/uploads\/2022\/08\/LSP-Persoenlichkeit-768x769.png 768w, http:\/\/rockyourgoal.de\/wp-content\/uploads\/2022\/08\/LSP-Persoenlichkeit-12x12.png 12w, http:\/\/rockyourgoal.de\/wp-content\/uploads\/2022\/08\/LSP-Persoenlichkeit-850x851.png 850w, http:\/\/rockyourgoal.de\/wp-content\/uploads\/2022\/08\/LSP-Persoenlichkeit.png 1000w\" sizes=\"auto, (max-width: 300px) 100vw, 300px\" \/><figcaption class=\"wp-element-caption\">Hol Dir die Life-Score Punkte und die Murmel in gelb aus dem Bereich &#8222;Pers\u00f6nlichkeit&#8220;<\/figcaption><\/figure>\n<\/div>\n\n\n<p>Entwickle Deine F\u00e4higkeiten im Fotografieren 30 Tage lang mindestens 15 Minuten t\u00e4glich weiter und verdien Dir <em>50 Life-Score Punkte<\/em>! Du bekommst daf\u00fcr die wundersch\u00f6ne Murmel in gelb (Pers\u00f6nlichkeit \/ Offenheit) mit einem Durchmesser von 22mm. <\/p>\n\n\n\n<h2 class=\"wp-block-heading\">So kannst Du bei der \u201c<em>Imaginative Photographer Challenge<\/em>\u201d mitmachen<\/h2>\n\n\n\n<ul class=\"wp-block-list\">\n<li>Melde Dich kurz bei uns mit dem unten stehenden Formular an (zumindest wenn Du Interesse an den Murmeln hast, ansonsten kannst Du einfach so mitmachen. Beides ist gut f\u00fcr die Entwicklung Deiner Pers\u00f6nlichkeit. <\/li>\n\n\n\n<li>Nun musst Du fotographieren und lernen. <\/li>\n\n\n\n<li>Sobald Du diese Herausforderung geschafft hast musst Du das unten stehende Formular nochmal ausf\u00fcllen, uns diesmal jedoch mitteilen, dass Du die Challenge geschafft hast. Wir melden uns dann bei Dir!<\/li>\n\n\n\n<li>Wenn Du Deine Bilder bez\u00fcglich der Challenge sowieso auf Instagram, Twitter u. Co. stellst, dann markiere uns&nbsp;<a rel=\"noreferrer noopener\" href=\"https:\/\/www.instagram.com\/timeless_challenge\" target=\"_blank\">@timeless_challenge<\/a>&nbsp;und f\u00fcge den passenden Hashtag (siehe weiter unten) hinzu.<\/li>\n<\/ul>\n\n\n\n<!-- Begin Mailchimp Signup Form -->\n<link href=\"\/\/cdn-images.mailchimp.com\/embedcode\/classic-071822.css\" rel=\"stylesheet\" type=\"text\/css\">\n<style type=\"text\/css\">\n\t#mc_embed_signup{background:#fff; clear:left; font:14px Helvetica,Arial,sans-serif;  width:600px;}\n\t\/* Add your own Mailchimp form style overrides in your site stylesheet or in this style block.\n\t   We recommend moving this block and the preceding CSS link to the HEAD of your HTML file. *\/\n<\/style>\n<div id=\"mc_embed_signup\">\n    <form action=\"https:\/\/rockyourgoal.us19.list-manage.com\/subscribe\/post?u=f454dcf6e86d0bb21083e6f7a&amp;id=13ea8ab3d2&amp;f_id=00cda1e4f0\" method=\"post\" id=\"mc-embedded-subscribe-form\" name=\"mc-embedded-subscribe-form\" class=\"validate\" target=\"_blank\" novalidate=\"\">\n        <div id=\"mc_embed_signup_scroll\">\n        <h2>Bestellformular<\/h2>\n        <div class=\"indicates-required\"><span class=\"asterisk\">*<\/span> indicates required<\/div>\n<div class=\"mc-field-group\">\n\t<label for=\"mce-MMERGE7\">Bei welcher Challenge machst Du mit?  <span class=\"asterisk\">*<\/span>\n<\/label>\n\t<input type=\"text\" value=\"\" name=\"MMERGE7\" class=\"required\" id=\"mce-MMERGE7\" required=\"\">\n\t<span id=\"mce-MMERGE7-HELPERTEXT\" class=\"helper_text\">Bitte nur eine Challenge pro Anmeldung angeben<\/span>\n<\/div>\n<div class=\"mc-field-group\">\n\t<label for=\"mce-MMERGE8\">Falls Du diese Challenge schon geschafft hast&#8230;. <\/label>\n\t<input type=\"text\" value=\"\" name=\"MMERGE8\" class=\"\" id=\"mce-MMERGE8\">\n\t<span id=\"mce-MMERGE8-HELPERTEXT\" class=\"helper_text\">dann schreib bitte ob Du die Murmel haben m\u00f6chtest<\/span>\n<\/div>\n<div class=\"mc-field-group\">\n\t<label for=\"mce-EMAIL\">Email Address  <span class=\"asterisk\">*<\/span>\n<\/label>\n\t<input type=\"email\" value=\"\" name=\"EMAIL\" class=\"required email\" id=\"mce-EMAIL\" required=\"\">\n\t<span id=\"mce-EMAIL-HELPERTEXT\" class=\"helper_text\"><\/span>\n<\/div>\n<div class=\"mc-field-group\">\n\t<label for=\"mce-FNAME\">First Name  <span class=\"asterisk\">*<\/span>\n<\/label>\n\t<input type=\"text\" value=\"\" name=\"FNAME\" class=\"required\" id=\"mce-FNAME\" required=\"\">\n\t<span id=\"mce-FNAME-HELPERTEXT\" class=\"helper_text\"><\/span>\n<\/div>\n<div class=\"mc-field-group\">\n\t<label for=\"mce-LNAME\">Last Name  <span class=\"asterisk\">*<\/span>\n<\/label>\n\t<input type=\"text\" value=\"\" name=\"LNAME\" class=\"required\" id=\"mce-LNAME\" required=\"\">\n\t<span id=\"mce-LNAME-HELPERTEXT\" class=\"helper_text\"><\/span>\n<\/div>\n<div hidden=\"true\"><input type=\"hidden\" name=\"tags\" value=\"6241290\"><\/div>\n\t<div id=\"mce-responses\" class=\"clear foot\">\n\t\t<div class=\"response\" id=\"mce-error-response\" style=\"display:none\"><\/div>\n\t\t<div class=\"response\" id=\"mce-success-response\" style=\"display:none\"><\/div>\n\t<\/div>    <!-- real people should not fill this in and expect good things - do not remove this or risk form bot signups-->\n    <div style=\"position: absolute; left: -5000px;\" aria-hidden=\"true\"><input type=\"text\" name=\"b_f454dcf6e86d0bb21083e6f7a_13ea8ab3d2\" tabindex=\"-1\" value=\"\"><\/div>\n        <div class=\"optionalParent\">\n            <div class=\"clear foot\">\n                <input type=\"submit\" value=\"Subscribe\" name=\"subscribe\" id=\"mc-embedded-subscribe\" class=\"button\">\n                <p class=\"brandingLogo\"><a href=\"http:\/\/eepurl.com\/h9AohP\" title=\"Mailchimp - email marketing made easy and fun\"><img decoding=\"async\" src=\"https:\/\/eep.io\/mc-cdn-images\/template_images\/branding_logo_text_dark_dtp.svg\"><\/a><\/p>\n            <\/div>\n        <\/div>\n    <\/div>\n<\/form>\n<\/div>\n<script type=\"text\/javascript\" src=\"\/\/s3.amazonaws.com\/downloads.mailchimp.com\/js\/mc-validate.js\"><\/script><script type=\"text\/javascript\">(function($) {window.fnames = new Array(); window.ftypes = new Array();fnames[7]='MMERGE7';ftypes[7]='text';fnames[8]='MMERGE8';ftypes[8]='text';fnames[9]='MMERGE9';ftypes[9]='text';fnames[0]='EMAIL';ftypes[0]='email';fnames[1]='FNAME';ftypes[1]='text';fnames[2]='LNAME';ftypes[2]='text';fnames[3]='ADDRESS';ftypes[3]='address';fnames[4]='PHONE';ftypes[4]='phone';fnames[5]='BIRTHDAY';ftypes[5]='birthday';fnames[6]='MMERGE6';ftypes[6]='birthday';}(jQuery));var $mcj = jQuery.noConflict(true);<\/script>\n<!--End mc_embed_signup-->\n\n\n\n<h2 class=\"wp-block-heading\">Die Imaginative Photographer Challenge auf Social Media<\/h2>\n\n\n\n<p>Fotos eignen sich nat\u00fcrlich hervorragend zum Teilen auf Social Media, aber Du kannst auch Deine Erfahrungen weiter geben. Gerne kannst Du unsere Social Media Kan\u00e4le nutzen. <\/p>\n\n\n\n<h3 class=\"wp-block-heading\">Die Imaginative Photographer Challenge auf Facebook<\/h3>\n\n\n\n<p>Wir laden Dich herzlich ein, Dich mit anderen in unserer Facebook Gruppe &#8222;Pers\u00f6nlichkeit&#8220; auszutauschen<\/p>\n\n\n\n<h3 class=\"wp-block-heading\">Hashtags<\/h3>\n\n\n\n<ul class=\"wp-block-list\">\n<li>#timelesschallenge<\/li>\n\n\n\n<li>#tcimaginativephotographer<\/li>\n<\/ul>\n\n\n\n<h2 class=\"wp-block-heading\">B\u00fccher zum Fotografieren lernen<\/h2>\n\n\n\n<figure class=\"wp-block-table\"><table><tbody><tr><td><a href=\"https:\/\/www.amazon.de\/Fotografieren-lernen-Smartphone-Erstelle-Instagram\/dp\/B088N8ZV2Z?crid=3UOELJ09NP59Z&amp;keywords=buch+fotografieren+mit+dem+smartphone&amp;qid=1672658094&amp;sprefix=fotografieren+mit+dem+smart%2Caps%2C109&amp;sr=8-1&amp;linkCode=li2&amp;tag=biggamfisboa-21&amp;linkId=d09a7e5b65660d684f2b17425c550a1c&amp;language=de_DE&amp;ref_=as_li_ss_il\" target=\"_blank\" rel=\"noopener\"><img decoding=\"async\" border=\"0\" src=\"\/\/ws-eu.amazon-adsystem.com\/widgets\/q?_encoding=UTF8&amp;ASIN=B088N8ZV2Z&amp;Format=_SL160_&amp;ID=AsinImage&amp;MarketPlace=DE&amp;ServiceVersion=20070822&amp;WS=1&amp;tag=biggamfisboa-21&amp;language=de_DE\"><\/a><img loading=\"lazy\" decoding=\"async\" src=\"https:\/\/ir-de.amazon-adsystem.com\/e\/ir?t=biggamfisboa-21&amp;language=de_DE&amp;l=li2&amp;o=3&amp;a=B088N8ZV2Z\" width=\"1\" height=\"1\" border=\"0\" alt=\"\" style=\"border:none !important; margin:0px !important;\"><\/td><td><a href=\"https:\/\/www.amazon.de\/Scott-Kelbys-Foto-Rezepte-f%C3%BCr-iPhone\/dp\/3864908477?crid=3UOELJ09NP59Z&amp;keywords=buch+fotografieren+mit+dem+smartphone&amp;qid=1672658127&amp;sprefix=fotografieren+mit+dem+smart%2Caps%2C109&amp;sr=8-5&amp;linkCode=li2&amp;tag=biggamfisboa-21&amp;linkId=1d843ffac1a7b4a23ef4a24be7b62c40&amp;language=de_DE&amp;ref_=as_li_ss_il\" target=\"_blank\" rel=\"noopener\"><img decoding=\"async\" border=\"0\" src=\"\/\/ws-eu.amazon-adsystem.com\/widgets\/q?_encoding=UTF8&amp;ASIN=3864908477&amp;Format=_SL160_&amp;ID=AsinImage&amp;MarketPlace=DE&amp;ServiceVersion=20070822&amp;WS=1&amp;tag=biggamfisboa-21&amp;language=de_DE\"><\/a><img loading=\"lazy\" decoding=\"async\" src=\"https:\/\/ir-de.amazon-adsystem.com\/e\/ir?t=biggamfisboa-21&amp;language=de_DE&amp;l=li2&amp;o=3&amp;a=3864908477\" width=\"1\" height=\"1\" border=\"0\" alt=\"\" style=\"border:none !important; margin:0px !important;\"><\/td><td><a href=\"https:\/\/www.amazon.de\/Smartphone-Fotos-mit-Like-Garantie-Topaktuelle-Auflage\/dp\/383280580X?crid=3UOELJ09NP59Z&amp;keywords=buch+fotografieren+mit+dem+smartphone&amp;qid=1672658127&amp;sprefix=fotografieren+mit+dem+smart%2Caps%2C109&amp;sr=8-10&amp;linkCode=li2&amp;tag=biggamfisboa-21&amp;linkId=e5562fe7e4c723472c8aa9fb3dbbedca&amp;language=de_DE&amp;ref_=as_li_ss_il\" target=\"_blank\" rel=\"noopener\"><img decoding=\"async\" border=\"0\" src=\"\/\/ws-eu.amazon-adsystem.com\/widgets\/q?_encoding=UTF8&amp;ASIN=383280580X&amp;Format=_SL160_&amp;ID=AsinImage&amp;MarketPlace=DE&amp;ServiceVersion=20070822&amp;WS=1&amp;tag=biggamfisboa-21&amp;language=de_DE\"><\/a><img loading=\"lazy\" decoding=\"async\" src=\"https:\/\/ir-de.amazon-adsystem.com\/e\/ir?t=biggamfisboa-21&amp;language=de_DE&amp;l=li2&amp;o=3&amp;a=383280580X\" width=\"1\" height=\"1\" border=\"0\" alt=\"\" style=\"border:none !important; margin:0px !important;\"><\/td><\/tr><\/tbody><\/table><\/figure>\n\n\n\n<p><\/p>\n","protected":false},"excerpt":{"rendered":"<p>Du machst bestimmt t\u00e4glich Fotos mit Deinem Smartphone oder vielleicht sogar mit einer richtigen Kamera. Hast Du schon mal daran gedacht, Deine F\u00e4higkeiten 30 Tage lang so zu verbessern, dass Deine Bilder auch ohne Filter besser sind als die Anderer? Genau da ist das Ziel der Imaginative Photographer Challenge. Es&hellip;<\/p>\n<p> <a class=\"more-link\" href=\"http:\/\/rockyourgoal.de\/fr\/timeless-challenge\/imaginative-photographer\/\">Lire la suite<\/a><\/p>","protected":false},"author":2,"featured_media":7299,"parent":5417,"menu_order":0,"comment_status":"open","ping_status":"closed","template":"","meta":{"pgc_sgb_lightbox_settings":"","_glsr_average":0,"_glsr_ranking":0,"_glsr_reviews":0,"footnotes":""},"class_list":["post-7276","page","type-page","status-publish","has-post-thumbnail"],"_links":{"self":[{"href":"http:\/\/rockyourgoal.de\/fr\/wp-json\/wp\/v2\/pages\/7276","targetHints":{"allow":["GET"]}}],"collection":[{"href":"http:\/\/rockyourgoal.de\/fr\/wp-json\/wp\/v2\/pages"}],"about":[{"href":"http:\/\/rockyourgoal.de\/fr\/wp-json\/wp\/v2\/types\/page"}],"author":[{"embeddable":true,"href":"http:\/\/rockyourgoal.de\/fr\/wp-json\/wp\/v2\/users\/2"}],"replies":[{"embeddable":true,"href":"http:\/\/rockyourgoal.de\/fr\/wp-json\/wp\/v2\/comments?post=7276"}],"version-history":[{"count":17,"href":"http:\/\/rockyourgoal.de\/fr\/wp-json\/wp\/v2\/pages\/7276\/revisions"}],"predecessor-version":[{"id":10661,"href":"http:\/\/rockyourgoal.de\/fr\/wp-json\/wp\/v2\/pages\/7276\/revisions\/10661"}],"up":[{"embeddable":true,"href":"http:\/\/rockyourgoal.de\/fr\/wp-json\/wp\/v2\/pages\/5417"}],"wp:featuredmedia":[{"embeddable":true,"href":"http:\/\/rockyourgoal.de\/fr\/wp-json\/wp\/v2\/media\/7299"}],"wp:attachment":[{"href":"http:\/\/rockyourgoal.de\/fr\/wp-json\/wp\/v2\/media?parent=7276"}],"curies":[{"name":"wp","href":"https:\/\/api.w.org\/{rel}","templated":true}]}}