{"id":7014,"date":"2025-01-29T11:08:55","date_gmt":"2025-01-29T10:08:55","guid":{"rendered":"https:\/\/rockyourgoal.de\/?page_id=7014"},"modified":"2025-01-29T11:09:06","modified_gmt":"2025-01-29T10:09:06","slug":"30-day-artist","status":"publish","type":"page","link":"http:\/\/rockyourgoal.de\/fr\/30-day-artist\/","title":{"rendered":"30 Day Artist- Maler f\u00fcr 30 Tage"},"content":{"rendered":"<p>Hast du schon mal versucht einen ganzen Monat lang jeden Tag ein Bild zu malen? Du \u00fcberlegst Dir ein Stichwort (oder l\u00e4sst Dir eines von Deinem Partner nennen) und malst dazu was Dir einf\u00e4llt. Wenn Du Dich dabei zeichnerisch weiterentwickeln m\u00f6chtest, dann versuch in den 30 Tagen unterschiedliche Techniken. Wie alle Kreativen brauchst Du \u00dcbung, und dazu verhilft Dir diese Challenge. <\/p>\n\n\n<div class=\"wp-block-image\">\n<figure class=\"aligncenter size-large is-resized\"><a href=\"https:\/\/rockyourgoal.de\/wp-content\/uploads\/2022\/05\/30-day-artist-challenge.jpg\"><img loading=\"lazy\" decoding=\"async\" width=\"1024\" height=\"611\" src=\"https:\/\/rockyourgoal.de\/wp-content\/uploads\/2022\/05\/30-day-artist-challenge-1024x611.jpg\" alt=\"\" class=\"wp-image-7018\" style=\"width:443px;height:264px\" srcset=\"http:\/\/rockyourgoal.de\/wp-content\/uploads\/2022\/05\/30-day-artist-challenge-1024x611.jpg 1024w, http:\/\/rockyourgoal.de\/wp-content\/uploads\/2022\/05\/30-day-artist-challenge-300x180.jpg 300w, http:\/\/rockyourgoal.de\/wp-content\/uploads\/2022\/05\/30-day-artist-challenge-768x458.jpg 768w, http:\/\/rockyourgoal.de\/wp-content\/uploads\/2022\/05\/30-day-artist-challenge-1536x917.jpg 1536w, http:\/\/rockyourgoal.de\/wp-content\/uploads\/2022\/05\/30-day-artist-challenge-18x12.jpg 18w, http:\/\/rockyourgoal.de\/wp-content\/uploads\/2022\/05\/30-day-artist-challenge-850x507.jpg 850w, http:\/\/rockyourgoal.de\/wp-content\/uploads\/2022\/05\/30-day-artist-challenge.jpg 1920w\" sizes=\"auto, (max-width: 1024px) 100vw, 1024px\" \/><\/a><\/figure>\n<\/div>\n\n\n<h2 class=\"wp-block-heading\">Wie funktioniert die 30 Day Artist Challenge?<\/h2>\n\n\n\n<p>Ganz einfach! Du malst jeden Tag ein Bild und f\u00fcllst das Formular unten aus, sobald Du es geschafft hast. Zwar sind wir neugierig auf die Bilder, aber Du musst uns keins schicken. Ist ja Dein Werk und Dein Geheimnis \ud83d\ude09<\/p>\n\n\n\n<p>Wir schicken Dir auf alle F\u00e4lle die wohlverdienten Life-Score-Punkte und die Murmel zu.<\/p>\n\n\n<div class=\"wp-block-image\">\n<figure class=\"aligncenter\"><a href=\"https:\/\/rockyourgoal.de\/fr\/timeless-challenge\/#Anmeldung_und_Leistungsumfang\"><img loading=\"lazy\" decoding=\"async\" width=\"300\" height=\"145\" src=\"https:\/\/rockyourgoal.de\/wp-content\/uploads\/2022\/11\/image.png\" alt=\"\" class=\"wp-image-9693\" srcset=\"http:\/\/rockyourgoal.de\/wp-content\/uploads\/2022\/11\/image.png 300w, http:\/\/rockyourgoal.de\/wp-content\/uploads\/2022\/11\/image-18x9.png 18w\" sizes=\"auto, (max-width: 300px) 100vw, 300px\" \/><\/a><figcaption class=\"wp-element-caption\"><a href=\"https:\/\/rockyourgoal.de\/fr\/timeless-challenge\/#Anmeldung_und_Leistungsumfang\">Die 30 Day Artist Challenge ist Teil der Timeless Challenge. Mach mit!<\/a><\/figcaption><\/figure>\n<\/div>\n\n\n<p><strong><em>Folge uns und bleib informiert!<\/em><\/strong><\/p>\n\n\n\n<ul class=\"wp-block-list\">\n<li><strong>Instagram<\/strong>:\u00a0<a href=\"https:\/\/www.instagram.com\/timeless_challenge\" target=\"_blank\" rel=\"noreferrer noopener\">@timeless_challenge<\/a><\/li>\n\n\n\n<li><strong>Facebook<\/strong>:\u00a0<a href=\"https:\/\/www.facebook.com\/rockyourgoal\" target=\"_blank\" rel=\"noreferrer noopener\">Rockyourgoal<\/a><\/li>\n\n\n\n<li><strong>Twitter<\/strong>:\u00a0<a href=\"https:\/\/www.twitter.com\/goal_rock\" target=\"_blank\" rel=\"noreferrer noopener\">@goal_rock<\/a><\/li>\n<\/ul>\n\n\n\n<h2 class=\"wp-block-heading\">Life-Score Punkte f\u00fcr die 30 Day Artist Challenge<\/h2>\n\n\n\n<p>Wenn Du Dir M\u00fche gibst und 30 Bilder malst, dann bekommst Du 10 Life-Score Punkte sowie eine Murmel in gelb von uns.<\/p>\n\n\n\n<h2 class=\"wp-block-heading\">Wie kannst Du mitmachen?<\/h2>\n\n\n\n<ul class=\"wp-block-list\">\n<li><a href=\"https:\/\/rockyourgoal.de\/fr\/timeless-challenge\/#Anmeldung_und_Leistungsumfang\">Melde Dich bei der Timeless Challenge an!<\/a><\/li>\n\n\n\n<li><a href=\"https:\/\/rockyourgoal.de\/fr\/wb-admin\/?action=register\">Registriere Dich (falls noch nicht geschehen) bei dieser Seite (klick auf diesen Satz)<\/a><\/li>\n\n\n\n<li>Jetzt hei\u00dft es flei\u00dfig malen! Male 30 Tage lang mindestens ein Bild pro Tag. Du wirst sehen wie viel Spa\u00df das eigentlich macht.<\/li>\n\n\n\n<li>Wenn Du das geschafft hast, dann f\u00fcll bitte das untere Formular (nur sichtbar wenn Du registriert und angemeldet bist) aus. Wir schicken Dir die Murmel zu. Die Life Score Points werden Dir automatisch gutgeschrieben und im\u00a0<a href=\"https:\/\/rockyourgoal.de\/fr\/timeless-challenge\/#Life_Museum\">Life Museum<\/a>\u00a0erg\u00e4nzt. Bitte schreibe Deine Lieferadresse in die \u201eNotes\u201c im Formular.<\/li>\n<\/ul>\n\n\n\n\n\n\n<h2 class=\"wp-block-heading\">Die 30 Day Artist Challenge auf Social Media<\/h2>\n\n\n\n<p>Wir laden Dich ein, Dich mit Anderen auf Social Media zu dieser Challenge auszutauschen. Vielleicht kannst Du jemanden inspirieren Dir es gleich zu tun. Du kannst unsere Kan\u00e4le gerne nutzen<\/p>\n\n\n\n<h3 class=\"wp-block-heading\">Die 30 Day Artist Challenge auf Facebook<\/h3>\n\n\n\n<p>Wir laden Dich herzlich zum Austausch in unsere Facebook-Gruppe &#8222;Pers\u00f6nlichkeit&#8220; ein.<\/p>\n\n\n\n<h3 class=\"wp-block-heading\">Hashtags<\/h3>\n\n\n\n<ul class=\"wp-block-list\">\n<li>#timelesschallenge<\/li>\n\n\n\n<li>#30dayartistchallenge<\/li>\n\n\n\n<li>#timelesschallenger<\/li>\n<\/ul>","protected":false},"excerpt":{"rendered":"<p>Hast du schon mal versucht einen ganzen Monat lang jeden Tag ein Bild zu malen? Du \u00fcberlegst Dir ein Stichwort (oder l\u00e4sst Dir eines von Deinem Partner nennen) und malst dazu was Dir einf\u00e4llt. Wenn Du Dich dabei zeichnerisch weiterentwickeln m\u00f6chtest, dann versuch in den 30 Tagen unterschiedliche Techniken. Wie&hellip;<\/p>\n<p> <a class=\"more-link\" href=\"http:\/\/rockyourgoal.de\/fr\/30-day-artist\/\">Lire la suite<\/a><\/p>","protected":false},"author":2,"featured_media":7052,"parent":0,"menu_order":0,"comment_status":"open","ping_status":"closed","template":"","meta":{"pgc_sgb_lightbox_settings":"","_glsr_average":0,"_glsr_ranking":0,"_glsr_reviews":0,"footnotes":""},"class_list":["post-7014","page","type-page","status-publish","has-post-thumbnail"],"_links":{"self":[{"href":"http:\/\/rockyourgoal.de\/fr\/wp-json\/wp\/v2\/pages\/7014","targetHints":{"allow":["GET"]}}],"collection":[{"href":"http:\/\/rockyourgoal.de\/fr\/wp-json\/wp\/v2\/pages"}],"about":[{"href":"http:\/\/rockyourgoal.de\/fr\/wp-json\/wp\/v2\/types\/page"}],"author":[{"embeddable":true,"href":"http:\/\/rockyourgoal.de\/fr\/wp-json\/wp\/v2\/users\/2"}],"replies":[{"embeddable":true,"href":"http:\/\/rockyourgoal.de\/fr\/wp-json\/wp\/v2\/comments?post=7014"}],"version-history":[{"count":7,"href":"http:\/\/rockyourgoal.de\/fr\/wp-json\/wp\/v2\/pages\/7014\/revisions"}],"predecessor-version":[{"id":18533,"href":"http:\/\/rockyourgoal.de\/fr\/wp-json\/wp\/v2\/pages\/7014\/revisions\/18533"}],"wp:featuredmedia":[{"embeddable":true,"href":"http:\/\/rockyourgoal.de\/fr\/wp-json\/wp\/v2\/media\/7052"}],"wp:attachment":[{"href":"http:\/\/rockyourgoal.de\/fr\/wp-json\/wp\/v2\/media?parent=7014"}],"curies":[{"name":"wp","href":"https:\/\/api.w.org\/{rel}","templated":true}]}}