{"id":6096,"date":"2022-10-27T07:00:00","date_gmt":"2022-10-27T05:00:00","guid":{"rendered":"https:\/\/rockyourgoal.de\/?page_id=6096"},"modified":"2025-01-10T09:46:57","modified_gmt":"2025-01-10T08:46:57","slug":"digital-detox","status":"publish","type":"page","link":"http:\/\/rockyourgoal.de\/fr\/timeless-challenge\/digital-detox\/","title":{"rendered":"Digital Detox"},"content":{"rendered":"<p>W\u00e4hrend es Menschen gibt, die bereits vom &#8222;Meta Universe&#8220; (Meta-Verse), also einer digitalen Welt sprechen, verlieren bereits heute viele Menschen in zunehmendem Ma\u00dfe die Bindung zur realen Welt.<\/p>\n\n\n\n<p>Gerade Jugendliche und junge Erwachsene schauen t\u00e4glich viele Stunden auf Bildschirme aller Art und konsumieren digitale Inhalte. Vom Smartphone \u00fcber Tablets, Notebooks bis zum Fernseher, unser Auge und unser Gehirn wird laufend von intensiven Reizen \u00fcberflutet. <\/p>\n\n\n\n<p>Wir f\u00fchlen uns schnell ersch\u00f6pft, wertvolle Lebenszeit verbringen wir online und wir vereinsamen obwohl wir immer mehr digitale &#8222;Bekannte&#8220; haben. <\/p>\n\n\n<div class=\"wp-block-image\">\n<figure class=\"aligncenter size-full\"><img loading=\"lazy\" decoding=\"async\" width=\"568\" height=\"385\" src=\"https:\/\/rockyourgoal.de\/wp-content\/uploads\/2022\/08\/digital-detox.jpg\" alt=\"\" class=\"wp-image-8486\" srcset=\"http:\/\/rockyourgoal.de\/wp-content\/uploads\/2022\/08\/digital-detox.jpg 568w, http:\/\/rockyourgoal.de\/wp-content\/uploads\/2022\/08\/digital-detox-300x203.jpg 300w, http:\/\/rockyourgoal.de\/wp-content\/uploads\/2022\/08\/digital-detox-18x12.jpg 18w\" sizes=\"auto, (max-width: 568px) 100vw, 568px\" \/><figcaption class=\"wp-element-caption\">Ist das &#8222;Zeit mit Freunden&#8220;?<\/figcaption><\/figure>\n<\/div>\n\n\n<p>Es wird Zeit etwas dagegen zu tun!<\/p>\n\n\n\n<p><\/p>\n\n\n<div class=\"wp-block-image\">\n<figure class=\"aligncenter is-resized\"><a href=\"https:\/\/rockyourgoal.de\/fr\/timeless-challenge\/#Anmeldung_und_Leistungsumfang\"><img loading=\"lazy\" decoding=\"async\" width=\"300\" height=\"145\" src=\"https:\/\/rockyourgoal.de\/wp-content\/uploads\/2022\/11\/image.png\" alt=\"\" class=\"wp-image-9693\" style=\"width:226px;height:auto\" srcset=\"http:\/\/rockyourgoal.de\/wp-content\/uploads\/2022\/11\/image.png 300w, http:\/\/rockyourgoal.de\/wp-content\/uploads\/2022\/11\/image-18x9.png 18w\" sizes=\"auto, (max-width: 300px) 100vw, 300px\" \/><\/a><figcaption class=\"wp-element-caption\">Die Digital Detox Challenge ist Teil der Timeless Challenge<\/figcaption><\/figure>\n<\/div>\n\n\n<blockquote class=\"wp-block-quote is-layout-flow wp-block-quote-is-layout-flow\">\n<p><em>Ich glaube daran, dass jeder Mensch mit seinen Handlungen die Welt ver\u00e4ndern kann! Mach Dein Leben durch sinnvolle Aktionen (Challenges) zu etwas Besonderem und Dauerhaftem! Mach Dich unsterblich!<\/em><\/p>\n\n\n\n<p><em>Wir wollen&nbsp;<a rel=\"noreferrer noopener\" href=\"https:\/\/rockyourgoal.de\/fr\/big5forlife\/trees4breeze\/\" target=\"_blank\">eine Million B\u00e4ume weltweit pflanzen<\/a>&nbsp;ohne um Spenden zu betteln!<\/em> Uwe Kauntz<\/p>\n<\/blockquote>\n\n\n\n<p><strong><em>Folge uns und bleib informiert!<\/em><\/strong><\/p>\n\n\n\n<ul class=\"wp-block-list\">\n<li><strong>Instagram<\/strong>:&nbsp;<a rel=\"noreferrer noopener\" href=\"https:\/\/www.instagram.com\/timeless_challenge\" target=\"_blank\">@timeless_challenge<\/a><\/li>\n\n\n\n<li><strong>Facebook<\/strong>:&nbsp;<a rel=\"noreferrer noopener\" href=\"https:\/\/www.facebook.com\/rockyourgoal\" target=\"_blank\">Rockyourgoal<\/a><\/li>\n\n\n\n<li><strong>Twitter<\/strong>:&nbsp;<a rel=\"noreferrer noopener\" href=\"https:\/\/www.twitter.com\/goal_rock\" target=\"_blank\">@goal_rock<\/a><\/li>\n<\/ul>\n\n\n\n<h2 class=\"wp-block-heading\">Was ist &#8222;Digital Detox&#8220;?<\/h2>\n\n\n\n<p>Wenn man den Begriff etwas provokativ versteht, dann ist Digital Detox ein Entgiften von digitalen Medien. Aber &#8222;Entgiften&#8220; kann sehr unterschiedlich sein und auf verschiedenen Stufen erfolgen. Denkbar sind hier z.B: <\/p>\n\n\n\n<ul class=\"wp-block-list\">\n<li>Vollkommener Verzicht auf alle digitalen Medien w\u00e4hrend einer gewissen Zeitspanne (z.B. w\u00e4hrend einer Mehrtageswanderung)<\/li>\n\n\n\n<li>Verzicht auf eine einzelne Art des digitalen Konsums (z.B. &#8222;Eine Woche kein Fernsehen&#8220;)<\/li>\n\n\n\n<li>Verzicht auf eine spezifische Nutzung einer konkreten, digitalen Anwendung (z.B &#8222;keine Onlinespiele&#8220; oder auch &#8222;eine Woche ohne Social Media&#8220; etc.<\/li>\n<\/ul>\n\n\n\n<p>Du siehst schon, dass die Zeitspanne und die Art des &#8222;Digital Detox&#8220; eine gro\u00dfe Rolle spielt. Aus diesem Grund haben wir uns entschlossen die Vergabe der <em>Life-Score<\/em> Punkte bei dieser Challenge sehr flexibel zu halten. <\/p>\n\n\n\n<h2 class=\"wp-block-heading\">Warum &#8222;Digital Detox&#8220;?<\/h2>\n\n\n\n<p>Der Hauptgrund, warum Du bei der Digital Detox Challenge mitmachen solltest ist die Kontrolle \u00fcber Dein eigenes Leben. Smartphone, Tablet, Fernseher und co. sollen als Diener Dein Leben erleichtern, und es nicht bestimmen!<\/p>\n\n\n\n<p>Es geht darum, f\u00fcr Dich eine optimale Strategie f\u00fcr dem Umgang mit digitalen Medien zu finden. Es geht nicht darum komplett zu verzichten, denn digitale Medien bringen Dir auch viele Vorteile. <\/p>\n\n\n\n<h2 class=\"wp-block-heading\">So kannst Du bei der \u201c<em>Digital Detox Challenge<\/em>\u201d mitmachen<\/h2>\n\n\n\n<ul class=\"wp-block-list\">\n<li><a href=\"https:\/\/rockyourgoal.de\/fr\/wb-admin\/?action=register\">Melde Dich auf dieser Seite an<\/a>! Einmal angemeldet, kannst Du bei allen unserer Challenges mit diesem Account mitmachen.<\/li>\n\n\n\n<li>Nun hei\u00dft es auf digitale Medien (wie vorgegeben) zu verzichten und daf\u00fcr angenehme Dinge mit realen Menschen, oder auch alleine, zu tun.<\/li>\n\n\n\n<li>Wenn Du das geschafft hast, f\u00fcll bitte das Formular unten aus und Du bekommst von uns (kostenlos) die Murmel und die Life-Score Punkte gutgeschrieben. Easy, oder?<\/li>\n\n\n\n<li><a href=\"http:\/\/rockyourgoal.de\/wp-content\/uploads\/2024\/03\/Booklet-Challenge-Tool-1.pdf\">Eine genaue Beschreibung des Tools findest Du in unserem Booklet<\/a><\/li>\n<\/ul>\n\n\n\n<h2 class=\"wp-block-heading\">Regeln und Life Score Punkte f\u00fcr die Digital Detox Challenge<\/h2>\n\n\n\n<p>Als Erstes solltest Du aktiv herausfinden was Dir gut tut und wie weit Dein Verzicht gehen soll. Hier gilt der alte Grundsatz &#8222;Probieren geht \u00fcber Studieren&#8220;. Wir empfehlen Dir aus diesem Grund den Einstieg mit einer Woche &#8222;Digital Detox&#8220;. In dieser Woche wirst Du viele &#8222;Aha-Erlebnisse&#8220; haben und Du wirst merken wie abh\u00e4ngig Du von digitalen Medien bist. Aber es wird sich f\u00fcr Dich lohnen! Vielleicht kannst Du diese Challenge mit Deiner Familie oder mit Freunden machen. Dann ist der Mehrwert h\u00f6her und ihr k\u00f6nnt euch dar\u00fcber austauschen. <\/p>\n\n\n<div class=\"wp-block-image\">\n<figure class=\"aligncenter size-thumbnail\"><a href=\"https:\/\/rockyourgoal.de\/fr\/timeless-challenge\/\"><img loading=\"lazy\" decoding=\"async\" width=\"150\" height=\"150\" src=\"https:\/\/rockyourgoal.de\/wp-content\/uploads\/2022\/08\/LSP-Persoenlichkeit-150x150.png\" alt=\"\" class=\"wp-image-8297\" srcset=\"http:\/\/rockyourgoal.de\/wp-content\/uploads\/2022\/08\/LSP-Persoenlichkeit-150x150.png 150w, http:\/\/rockyourgoal.de\/wp-content\/uploads\/2022\/08\/LSP-Persoenlichkeit-300x300.png 300w, http:\/\/rockyourgoal.de\/wp-content\/uploads\/2022\/08\/LSP-Persoenlichkeit-768x769.png 768w, http:\/\/rockyourgoal.de\/wp-content\/uploads\/2022\/08\/LSP-Persoenlichkeit-12x12.png 12w, http:\/\/rockyourgoal.de\/wp-content\/uploads\/2022\/08\/LSP-Persoenlichkeit-850x851.png 850w, http:\/\/rockyourgoal.de\/wp-content\/uploads\/2022\/08\/LSP-Persoenlichkeit.png 1000w\" sizes=\"auto, (max-width: 150px) 100vw, 150px\" \/><\/a><figcaption class=\"wp-element-caption\">Life-Score Punkte in gelb f\u00fcr die Digital Detox Challenge<\/figcaption><\/figure>\n<\/div>\n\n\n<h3 class=\"wp-block-heading\">Voller Verzicht auf digitale Medien<\/h3>\n\n\n\n<p>Ein voller Verzicht auf digitale Medien \u00fcber eine gewisse Zeitspanne ist ein gro\u00dfartiges Erlebnis. Stell Dir mal vor, Du h\u00e4ttest eine Woche weder Fernseher, noch Smartphone, noch Tablet und auch kein Notebook. Was w\u00fcrdest Du tun? Wie w\u00fcrdest Du Deine Zeit nutzen?<\/p>\n\n\n\n<p>Wenn Du so weit gehen m\u00f6chtest ist das echt hart, aber es ist eine unglaublich intensive Erfahrung. Aber das musst Du planen. <\/p>\n\n\n\n<p><strong>Regel<\/strong>: Du verzichtest mindestens eine Woche vollst\u00e4ndig auf jegliche Form digitaler Medien<\/p>\n\n\n\n<figure class=\"wp-block-table\"><table><tbody><tr><td><strong>Logo<\/strong><\/td><td><strong>Name<\/strong><\/td><td><strong><em>Life-Score<\/em> Punkte<\/strong><\/td><td><strong>Anmerkung<\/strong><\/td><\/tr><tr><td><img loading=\"lazy\" decoding=\"async\" width=\"150\" height=\"34\" class=\"wp-image-6117\" style=\"width: 150px;\" src=\"http:\/\/rockyourgoal.de\/wp-content\/uploads\/2022\/02\/PNG__03.png\" alt=\"\" srcset=\"http:\/\/rockyourgoal.de\/wp-content\/uploads\/2022\/02\/PNG__03.png 4343w, http:\/\/rockyourgoal.de\/wp-content\/uploads\/2022\/02\/PNG__03-300x68.png 300w, http:\/\/rockyourgoal.de\/wp-content\/uploads\/2022\/02\/PNG__03-1024x233.png 1024w, http:\/\/rockyourgoal.de\/wp-content\/uploads\/2022\/02\/PNG__03-768x175.png 768w, http:\/\/rockyourgoal.de\/wp-content\/uploads\/2022\/02\/PNG__03-1536x350.png 1536w, http:\/\/rockyourgoal.de\/wp-content\/uploads\/2022\/02\/PNG__03-2048x467.png 2048w, http:\/\/rockyourgoal.de\/wp-content\/uploads\/2022\/02\/PNG__03-850x194.png 850w\" sizes=\"auto, (max-width: 150px) 100vw, 150px\" \/><\/td><td>Digital Detox &#8211; Totaler Verzicht eine Woche (7 Tage)<\/td><td>20<\/td><td>Eine ganze Woche<\/td><\/tr><\/tbody><\/table><\/figure>\n\n\n\n<p>Wenn Du Dich entscheidest das f\u00fcr immer (oder regelm\u00e4\u00dfig) zu tun, dann mach bitte bei unserer Challenge &#8222;<em>Master of Digital Consumption<\/em>&#8220; weiter!<\/p>\n\n\n\n\n\n\n<h3 class=\"wp-block-heading\">Verzicht auf ein einzelnes, digitales Medium<\/h3>\n\n\n\n<p>Du verzichtest mindestens eine Woche auf ein einzelnes, digitales Medium ohne den Konsum eines anderen Mediums zu erh\u00f6hen. Versuch z.B. mal eine Woche komplett ohne Fernseher zu leben. Aber Du solltest das nicht nur mehr Handykonsum kompensieren, sonst bringt das nix! Dein Ziel sollte dabei sein zu beurteilen ob Du auf dieses Medium verzichten kannst, ob Du k\u00fcrzer treten solltest oder ob Deine derzeitige Nutzung so in Ordnung ist. <\/p>\n\n\n\n<p><strong>Regel:<\/strong> Du verzichtest eine Woche auf ein bestimmtes, digitales Medium. Du kannst nat\u00fcrlich den Verzicht unterschiedlicher Medien in unterschiedlichen Wochen testen. <\/p>\n\n\n\n<figure class=\"wp-block-table\"><table><tbody><tr><td><strong>Logo<\/strong><\/td><td><strong>Name<\/strong><\/td><td><strong>Life-Score Punkte<\/strong><\/td><td><strong>Anmerkung<\/strong><\/td><\/tr><tr><td><img loading=\"lazy\" decoding=\"async\" width=\"150\" height=\"34\" class=\"wp-image-6117\" style=\"width: 150px;\" src=\"http:\/\/rockyourgoal.de\/wp-content\/uploads\/2022\/02\/PNG__03.png\" alt=\"\" srcset=\"http:\/\/rockyourgoal.de\/wp-content\/uploads\/2022\/02\/PNG__03.png 4343w, http:\/\/rockyourgoal.de\/wp-content\/uploads\/2022\/02\/PNG__03-300x68.png 300w, http:\/\/rockyourgoal.de\/wp-content\/uploads\/2022\/02\/PNG__03-1024x233.png 1024w, http:\/\/rockyourgoal.de\/wp-content\/uploads\/2022\/02\/PNG__03-768x175.png 768w, http:\/\/rockyourgoal.de\/wp-content\/uploads\/2022\/02\/PNG__03-1536x350.png 1536w, http:\/\/rockyourgoal.de\/wp-content\/uploads\/2022\/02\/PNG__03-2048x467.png 2048w, http:\/\/rockyourgoal.de\/wp-content\/uploads\/2022\/02\/PNG__03-850x194.png 850w\" sizes=\"auto, (max-width: 150px) 100vw, 150px\" \/><\/td><td>Digital Detox &#8211; Ein Medium, eine Woche<\/td><td>5<\/td><td>voller Verzicht eines Mediums eine Woche<\/td><\/tr><\/tbody><\/table><\/figure>\n\n\n\n\n\n\n<h3 class=\"wp-block-heading\">Verzicht einer bestimmten Anwendung<\/h3>\n\n\n\n<p>Stell Dir mal vor Du verzichtest eine ganze Woche auf Instagram, Facebook, WhatsApp oder auf Dein Lieblingsspiel auf dem Smartphone. Es geht also darum, mal von Deiner Lieblingsanwendung Abstand zu nehmen und dadurch die eingesparte Zeit anders zu verwenden. Wie viel Zeit sparst Du ein? Verschlechtert sich Dein Leben? Probier es aus, eine Woche lang!<\/p>\n\n\n\n<figure class=\"wp-block-table\"><table><tbody><tr><td><strong>Logo<\/strong><\/td><td><strong>Name<\/strong><\/td><td><strong>Life-Score Punkte<\/strong><\/td><td><strong>Anmerkung<\/strong><\/td><\/tr><tr><td><img loading=\"lazy\" decoding=\"async\" width=\"150\" height=\"34\" class=\"wp-image-6117\" style=\"width: 150px;\" src=\"http:\/\/rockyourgoal.de\/wp-content\/uploads\/2022\/02\/PNG__03.png\" alt=\"\" srcset=\"http:\/\/rockyourgoal.de\/wp-content\/uploads\/2022\/02\/PNG__03.png 4343w, http:\/\/rockyourgoal.de\/wp-content\/uploads\/2022\/02\/PNG__03-300x68.png 300w, http:\/\/rockyourgoal.de\/wp-content\/uploads\/2022\/02\/PNG__03-1024x233.png 1024w, http:\/\/rockyourgoal.de\/wp-content\/uploads\/2022\/02\/PNG__03-768x175.png 768w, http:\/\/rockyourgoal.de\/wp-content\/uploads\/2022\/02\/PNG__03-1536x350.png 1536w, http:\/\/rockyourgoal.de\/wp-content\/uploads\/2022\/02\/PNG__03-2048x467.png 2048w, http:\/\/rockyourgoal.de\/wp-content\/uploads\/2022\/02\/PNG__03-850x194.png 850w\" sizes=\"auto, (max-width: 150px) 100vw, 150px\" \/><\/td><td>Digital Detox &#8211; Anwendungsverzicht eine Woche<\/td><td>5<\/td><td>Eine Woche auf eine Lieblingsanwendung verzichten. <\/td><\/tr><\/tbody><\/table><\/figure>\n\n\n\n\n\n\n<h3 class=\"wp-block-heading\">Murmeln f\u00fcr die Digital Detox Challenge<\/h3>\n\n\n\n<p>F\u00fcr die Digital Detox Challenge kannst Du die wundersch\u00f6nen Murmeln in gelb bekommen. Diese haben die folgenden Gr\u00f6\u00dfen:<\/p>\n\n\n\n<ul class=\"wp-block-list\">\n<li>5 Life-Score Punkte &#8211; Eine gelbe Murmeln mit einem Durchmesser von 16mm<\/li>\n\n\n\n<li>20 Life-Score Punkte &#8211; Eine gelbe Murmeln mit einem Durchmesser von 20mm<\/li>\n<\/ul>\n\n\n\n<p>Wenn Du die Murmel(n) haben m\u00f6chtest, dann lies bitte weiter &#8230;.<\/p>\n\n\n\n<h2 class=\"wp-block-heading\">Die Digital Detox Challenge in Social Media<\/h2>\n\n\n\n<p>Irgendwie komisch \u00fcber die Digital Detox Challenge in Social Media zu schreiben, aber trotzdem bieten wir Dir nat\u00fcrlich die M\u00f6glichkeit dazu \ud83d\ude42<\/p>\n\n\n\n<h3 class=\"wp-block-heading\">Digital Detox Challenge in Facebook<\/h3>\n\n\n\n<p>Wir laden Dich herzlich zum zwanglosen Austausch \u00fcber diese Challenge in unsere Gruppe <em>&#8222;Pers\u00f6nlichkeit&#8220;<\/em> in Facebook ein.<\/p>\n\n\n\n<h3 class=\"wp-block-heading\"># Unsere Hashtags<\/h3>\n\n\n\n<ul class=\"wp-block-list\">\n<li>#timelesschallenge<\/li>\n\n\n\n<li>#tcdigitaldetox<\/li>\n<\/ul>","protected":false},"excerpt":{"rendered":"<p>W\u00e4hrend es Menschen gibt, die bereits vom &#8222;Meta Universe&#8220; (Meta-Verse), also einer digitalen Welt sprechen, verlieren bereits heute viele Menschen in zunehmendem Ma\u00dfe die Bindung zur realen Welt. Gerade Jugendliche und junge Erwachsene schauen t\u00e4glich viele Stunden auf Bildschirme aller Art und konsumieren digitale Inhalte. Vom Smartphone \u00fcber Tablets, Notebooks&hellip;<\/p>\n<p> <a class=\"more-link\" href=\"http:\/\/rockyourgoal.de\/fr\/timeless-challenge\/digital-detox\/\">Lire la suite<\/a><\/p>","protected":false},"author":2,"featured_media":6117,"parent":5417,"menu_order":0,"comment_status":"open","ping_status":"closed","template":"","meta":{"pgc_sgb_lightbox_settings":"","_glsr_average":0,"_glsr_ranking":0,"_glsr_reviews":0,"footnotes":""},"class_list":["post-6096","page","type-page","status-publish","has-post-thumbnail"],"_links":{"self":[{"href":"http:\/\/rockyourgoal.de\/fr\/wp-json\/wp\/v2\/pages\/6096","targetHints":{"allow":["GET"]}}],"collection":[{"href":"http:\/\/rockyourgoal.de\/fr\/wp-json\/wp\/v2\/pages"}],"about":[{"href":"http:\/\/rockyourgoal.de\/fr\/wp-json\/wp\/v2\/types\/page"}],"author":[{"embeddable":true,"href":"http:\/\/rockyourgoal.de\/fr\/wp-json\/wp\/v2\/users\/2"}],"replies":[{"embeddable":true,"href":"http:\/\/rockyourgoal.de\/fr\/wp-json\/wp\/v2\/comments?post=6096"}],"version-history":[{"count":34,"href":"http:\/\/rockyourgoal.de\/fr\/wp-json\/wp\/v2\/pages\/6096\/revisions"}],"predecessor-version":[{"id":18225,"href":"http:\/\/rockyourgoal.de\/fr\/wp-json\/wp\/v2\/pages\/6096\/revisions\/18225"}],"up":[{"embeddable":true,"href":"http:\/\/rockyourgoal.de\/fr\/wp-json\/wp\/v2\/pages\/5417"}],"wp:featuredmedia":[{"embeddable":true,"href":"http:\/\/rockyourgoal.de\/fr\/wp-json\/wp\/v2\/media\/6117"}],"wp:attachment":[{"href":"http:\/\/rockyourgoal.de\/fr\/wp-json\/wp\/v2\/media?parent=6096"}],"curies":[{"name":"wp","href":"https:\/\/api.w.org\/{rel}","templated":true}]}}