{"id":419,"date":"2019-08-12T13:07:28","date_gmt":"2019-08-12T11:07:28","guid":{"rendered":"http:\/\/rockyourgoal.de\/?page_id=419"},"modified":"2021-11-17T10:05:25","modified_gmt":"2021-11-17T09:05:25","slug":"mentaltraining-kurz-und-knapp","status":"publish","type":"page","link":"http:\/\/rockyourgoal.de\/fr\/meine-angebote\/mentaltraining-muenchen\/mentaltraining-kurz-und-knapp\/","title":{"rendered":"&#8222;Mentaltraining in einem Sprint begreifen&#8220;"},"content":{"rendered":"<p>K\u00f6rperliches Leistungstraining ist und bleibt der wichtigste Baustein f\u00fcr erfolgreiche Wettkampfsportler. Jedoch ist Mentaltraining ist eine wichtige und nicht zu vernachl\u00e4ssigende Erg\u00e4nzung. Gerade bei Wettkampfsportlern kommt es darauf an, im entscheidenden Moment Spitzenleistungen abrufen zu k\u00f6nnen. Das gilt f\u00fcr Einzelsportler aber auch f\u00fcr jeden Einzelnen eines Teams bei Teamsportarten. Wettk\u00e4mpfe werden im Kopf entschieden!<\/p>\n\n\n\n<div class=\"wp-block-image\"><figure class=\"aligncenter size-large is-resized\"><img loading=\"lazy\" decoding=\"async\" src=\"http:\/\/rockyourgoal.de\/wp-content\/uploads\/2020\/01\/erfolg-mit-mentaltraining-sport-1024x678.jpg\" alt=\"\" class=\"wp-image-941\" width=\"494\" height=\"327\" srcset=\"http:\/\/rockyourgoal.de\/wp-content\/uploads\/2020\/01\/erfolg-mit-mentaltraining-sport-1024x678.jpg 1024w, http:\/\/rockyourgoal.de\/wp-content\/uploads\/2020\/01\/erfolg-mit-mentaltraining-sport-300x199.jpg 300w, http:\/\/rockyourgoal.de\/wp-content\/uploads\/2020\/01\/erfolg-mit-mentaltraining-sport-768x508.jpg 768w, http:\/\/rockyourgoal.de\/wp-content\/uploads\/2020\/01\/erfolg-mit-mentaltraining-sport-1536x1017.jpg 1536w, http:\/\/rockyourgoal.de\/wp-content\/uploads\/2020\/01\/erfolg-mit-mentaltraining-sport-850x563.jpg 850w, http:\/\/rockyourgoal.de\/wp-content\/uploads\/2020\/01\/erfolg-mit-mentaltraining-sport.jpg 1920w\" sizes=\"auto, (max-width: 494px) 100vw, 494px\" \/><figcaption>Sport Mentaltraining bringt Dir den Erfolg!<\/figcaption><\/figure><\/div>\n\n\n\n<p>Mentaltraining erm\u00f6glicht es dem Sportler, auch in schwierigen Situationen H\u00f6chstleistungen zu erbringen, da er&nbsp;lernt mit St\u00f6rungen, Leistungsdruck und Wettkampfstress umzugehen und&nbsp;seine Aufmerksamkeit auf das Wichtige zu fokussieren. Viele Leistungssportler sprechen bei diesem Zustand vom &#8222;im Tunnel sein&#8220;. Wir nennen das &#8222;Flow&#8220;.<\/p>\n\n\n\n<p>Du lernst das Richtige Entspannen und ein positives &#8222;mindset&#8220;. Das hei\u00dft, dass Du Dich Deiner Aufgabe mit einer positiven Grundhaltung stellen kannst.&nbsp;Oft kann sogar der&nbsp;pers\u00f6nliche &#8222;Flow&#8220; bewusst erreicht werden. <\/p>\n\n\n\n<p>Den gr\u00f6\u00dften Mehrwert bringt&nbsp;Mentaltraining, indem es Dir eine deutliche Beschleunigung Deiner Leistungsentwicklung w\u00e4hrend der Trainingsphasen&nbsp;und Deiner Wettkampfvorbereitung erm\u00f6glicht. <\/p>\n\n\n\n<p>Deine Bewegungsabl\u00e4ufe k\u00f6nnen Schritt f\u00fcr Schritt perfektioniert werden. Wer mental trainiert, kann au\u00dferdem besser eine Balance zwischen Belastung und Erholung herstellen. <\/p>\n\n\n\n<p><strong>Die schlechte Nachricht f\u00fcr Dich vorab!<\/strong><\/p>\n\n\n\n<p>Mentales Training ist ein echtes, anstrengendes &#8222;Training&#8220;. Es geht hier nicht um &#8222;Tschacka und ich bin unbesiegbar&#8220;. Im seri\u00f6sen Mentaltraining arbeiten wir mit wissenschaftlich anerkannten Verfahren und da musst Du aktiv mitmachen! Du bist f\u00fcr Deinen Erfolg selbst verantwortlich. Ich gebe Dir die jedoch Methoden und F\u00e4higkeiten um Dich weiter zu entwickeln. <\/p>\n\n\n\n<p><strong>Einf\u00fchrungsabend &#8222;<em>Mentaltraining in einem Sprint begreifen<\/em><\/strong>&#8222;<\/p>\n\n\n\n<p>Wir haben f\u00fcr Sportler&nbsp;aller Leistungsklassen&nbsp;die Kursreihe &#8222;<em>Hilfe zur mentalen Selbsthilfe<\/em>&#8220; entwickelt, welche mit diesem Basiskurs &#8222;Mentaltraining im Sprint begreifen&#8220; beginnt. <\/p>\n\n\n\n<p>Du kannst Dir unter Mentaltraining noch nichts vorstellen und m\u00f6chtest mehr dar\u00fcber erfahren und es selbst &#8222;sp\u00fcren&#8220;? Dann biete ich Dir einen Einf\u00fchrungsabend &#8222;<\/p>\n\n\n\n<p><em>Mentaltraining in einem Sprint&nbsp;begreifen<\/em>&#8220;&nbsp;in M\u00fcnchen an. <\/p>\n\n\n\n<p>In 120 Minuten und in einer kleinen, exklusiven\u00a0Gruppe (bis maximal 10 Personen) lernst Du was Mentaltraining ist, wann Du es einsetzen kannst und welche M\u00f6glichkeiten sich Dir bieten. <\/p>\n\n\n\n<p><strong><em>ACHTUNG! Aufgrund der aktuellen Pandemiesituation findet das Modul bis Mitte 2022 ausschlie\u00dflich online als Webinar statt. (Termine siehe unten)<\/em><\/strong><\/p>\n\n\n\n<p>Es handelt sich hierbei um das Grundmodul, welches Du dann mit einer Vielzahl an konkreten \u00dcbungen und Vorgehensmodellen in den weiterf\u00fchrenden Modulen &#8222;Mentales Techniktraining\/Mentale Wettkampfvorbereitung&#8220;, &#8222;Motivation&#8220; und &#8222;Konzentration\/Mentale St\u00e4rke&#8220; anreichern kannst. <\/p>\n\n\n\n<p>In &#8222;Mentaltraining in einem Sprint begreifen&#8220; erh\u00e4ltst Du&nbsp;einen breiten \u00dcberblick \u00fcber die sich Dir bietenden M\u00f6glichkeiten des Mentaltrainings. Beispielhaft seien hier folgende Kursinhalte genannt:<\/p>\n\n\n\n<ol class=\"wp-block-list\"><li>Mentaltraining im Leistungssport &#8211; Was ist das und wie wirkt das?<\/li><li>Die f\u00fcnf Ebenen des Mentaltrainings &#8211; Wo mentales Training Dich besser macht<\/li><li>Ziele mit Plan sicher erreichen<\/li><li>Umfeldmanagement<\/li><li>Erholung<\/li><li>Erfolgsmonitoring<\/li><li>Aktivierung<\/li><li>Umgang mit Niederlagen<\/li><li>Warmuproutinen<\/li><li>Erreichung des Flows <\/li><li>Realistische Leistungseinsch\u00e4tzung <\/li><li>Aufstellung von Handlungspl\u00e4nen <\/li><li>Gew\u00f6hnung an die Wettkampfsituation <\/li><li>Pers\u00f6nliche Erfolgsfaktoren finden <\/li><li>Aufbau von Wettkampfh\u00e4rte <\/li><li>Der Weg von der bewussten zur unbewussten Bewegungsausf\u00fchrung<\/li><li>Mentales Techniktraining <\/li><\/ol>\n\n\n\n<p>Etwas mehr kannst Du \u00fcber das Thema unter &#8222;<a href=\"http:\/\/rockyourgoal.de\/fr\/meine-angebote\/mentaltraining-muenchen\/\">Mentales Training im Sport<\/a>&#8220; finden. <\/p>\n\n\n\n<p><strong>Termine, Kosten und Anmeldung<\/strong><\/p>\n\n\n\n<p>Folgende Termine kann ich&nbsp;Dir derzeit anbieten:<\/p>\n\n\n\n<p><strong>LIVE Webinar<\/strong>: Mittwoch, den 12. Januar 2022 &#8211; 20:00 Uhr bis 21:30 Uhr. Die Teilnahme ist kostenlos <\/p>\n\n\n\n<p>(<a href=\"http:\/\/rockyourgoal.de\/fr\/meine-angebote\/mentaltraining-muenchen\/mentaltraining-webinare\/\">Details siehe &#8222;Mentaltraining Webinare&#8220;<\/a>)<\/p>\n\n\n\n<p>Die Kurse finden normalerweise in der Happy Moves Trainingslounge (Amalienstr. 81a (R\u00fcckgeb\u00e4ude), 80799 M\u00fcnchen) statt. Aufgrund der derzeitigen Corona-Krise finden die Kurse als Live-Webinare statt. <\/p>\n\n\n\n<div class=\"wp-block-image\"><figure class=\"aligncenter\"><img loading=\"lazy\" decoding=\"async\" width=\"300\" height=\"225\" src=\"http:\/\/rockyourgoal.de\/wp-content\/uploads\/2019\/08\/r\u00e4umlichkeit-mentaltraining.jpg\" alt=\"\" class=\"wp-image-461\"\/><figcaption>R\u00e4umlichkeiten der Happy Moves Trainingslounge<\/figcaption><\/figure><\/div>\n\n\n\n<p><strong>Da nur 10 Pl\u00e4tze zur Verf\u00fcgung stehen, bitte ich euch um eine verbindliche Anmeldung<\/strong>. Dies ist entweder unter 0152\/01877946 (Telefonisch, WhatsApp, SMS) oder per Email <a href=\"mailto:uwe@rockyourgoal.de\">uwe@rockyourgoal.de<\/a> m\u00f6glich. <\/p>\n\n\n\n<p><strong>Weitere Mentaltraining Kurse aus unserer Kursreihe &#8222;Hilfe zur mentalen Selbsthilfe&#8220;:<\/strong><\/p>\n\n\n\n<ul class=\"wp-block-list\"><li><a href=\"http:\/\/rockyourgoal.de\/fr\/meine-angebote\/mentaltraining-muenchen\/sport-mentaltraining-motivation\/\">Block &#8222;Motivation&#8220;<\/a><\/li><li><a href=\"http:\/\/rockyourgoal.de\/fr\/meine-angebote\/mentaltraining-muenchen\/sport-mentaltraining-konzentration-und-mentale-starke\/\">Block &#8222;Konzentration und mentale St\u00e4rke&#8220;<\/a><\/li><li><a href=\"http:\/\/rockyourgoal.de\/fr\/meine-angebote\/mentaltraining-muenchen\/sport-mentaltraining-mentale-wettkampfvorbereitung-und-mentales-techniktraining\/\">Block &#8222;Mentale Wettkampfvorbereitung und Mentales Techniktraining&#8220;<\/a><\/li><\/ul>","protected":false},"excerpt":{"rendered":"<p>K\u00f6rperliches Leistungstraining ist und bleibt der wichtigste Baustein f\u00fcr erfolgreiche Wettkampfsportler. Jedoch ist Mentaltraining ist eine wichtige und nicht zu vernachl\u00e4ssigende Erg\u00e4nzung. Gerade bei Wettkampfsportlern kommt es darauf an, im entscheidenden Moment Spitzenleistungen abrufen zu k\u00f6nnen. Das gilt f\u00fcr Einzelsportler aber auch f\u00fcr jeden Einzelnen eines Teams bei Teamsportarten. Wettk\u00e4mpfe&hellip;<\/p>\n<p> <a class=\"more-link\" href=\"http:\/\/rockyourgoal.de\/fr\/meine-angebote\/mentaltraining-muenchen\/mentaltraining-kurz-und-knapp\/\">Lire la suite<\/a><\/p>","protected":false},"author":2,"featured_media":564,"parent":567,"menu_order":0,"comment_status":"closed","ping_status":"closed","template":"","meta":{"pgc_sgb_lightbox_settings":"","_glsr_average":0,"_glsr_ranking":0,"_glsr_reviews":0,"footnotes":""},"class_list":["post-419","page","type-page","status-publish","has-post-thumbnail"],"_links":{"self":[{"href":"http:\/\/rockyourgoal.de\/fr\/wp-json\/wp\/v2\/pages\/419","targetHints":{"allow":["GET"]}}],"collection":[{"href":"http:\/\/rockyourgoal.de\/fr\/wp-json\/wp\/v2\/pages"}],"about":[{"href":"http:\/\/rockyourgoal.de\/fr\/wp-json\/wp\/v2\/types\/page"}],"author":[{"embeddable":true,"href":"http:\/\/rockyourgoal.de\/fr\/wp-json\/wp\/v2\/users\/2"}],"replies":[{"embeddable":true,"href":"http:\/\/rockyourgoal.de\/fr\/wp-json\/wp\/v2\/comments?post=419"}],"version-history":[{"count":40,"href":"http:\/\/rockyourgoal.de\/fr\/wp-json\/wp\/v2\/pages\/419\/revisions"}],"predecessor-version":[{"id":4429,"href":"http:\/\/rockyourgoal.de\/fr\/wp-json\/wp\/v2\/pages\/419\/revisions\/4429"}],"up":[{"embeddable":true,"href":"http:\/\/rockyourgoal.de\/fr\/wp-json\/wp\/v2\/pages\/567"}],"wp:featuredmedia":[{"embeddable":true,"href":"http:\/\/rockyourgoal.de\/fr\/wp-json\/wp\/v2\/media\/564"}],"wp:attachment":[{"href":"http:\/\/rockyourgoal.de\/fr\/wp-json\/wp\/v2\/media?parent=419"}],"curies":[{"name":"wp","href":"https:\/\/api.w.org\/{rel}","templated":true}]}}