{"id":22012,"date":"2026-04-23T15:16:34","date_gmt":"2026-04-23T13:16:34","guid":{"rendered":"https:\/\/rockyourgoal.de\/?page_id=22012"},"modified":"2026-04-23T15:50:50","modified_gmt":"2026-04-23T13:50:50","slug":"lake-horizon-quest","status":"publish","type":"page","link":"http:\/\/rockyourgoal.de\/fr\/timeless-challenge\/sport-challenge\/lake-horizon-quest\/","title":{"rendered":"Lake Horizon Quest"},"content":{"rendered":"<p>Bist du bereit f\u00fcr dein n\u00e4chstes gro\u00dfes Outdoor-Abenteuer am See? Dann schn\u00fcre deine Wanderschuhe, binde Deine Laufschuhe oder schwing dich auf dein Fahrrad \u2013 die Lake Horizon Quest ruft! Ab jetzt wird die Sonne am Horizont gejagt!<\/p>\n\n\n<div class=\"wp-block-image\">\n<figure class=\"aligncenter size-large\"><img loading=\"lazy\" decoding=\"async\" width=\"830\" height=\"408\" src=\"https:\/\/rockyourgoal.de\/wp-content\/uploads\/2026\/04\/lake-horizon-quest-sonnenaufgang-830x408.jpg\" alt=\"\" class=\"wp-image-22014\" srcset=\"http:\/\/rockyourgoal.de\/wp-content\/uploads\/2026\/04\/lake-horizon-quest-sonnenaufgang.jpg 830w, http:\/\/rockyourgoal.de\/wp-content\/uploads\/2026\/04\/lake-horizon-quest-sonnenaufgang-768x377.jpg 768w\" sizes=\"auto, (max-width: 830px) 100vw, 830px\" \/><\/figure>\n<\/div>\n\n\n<h2 class=\"wp-block-heading\">REGLES<\/h2>\n\n\n\n<p>Deine Mission ist ebenso simpel wie inspirierend: W\u00e4hle zehn Seen deiner Wahl aus, die jeweils eine Uferl\u00e4nge von mindestens 5 Kilometern aufweisen. Deine Aufgabe ist es, diese zehn Seen entweder zu Fu\u00df oder mit dem Fahrrad komplett zu umrunden. Doch das ist noch nicht alles: Der wahre Zauber liegt im Licht. Um die Quest offiziell zu vollenden, musst du an jedem der zehn Seen einen &#8222;spektakul\u00e4ren&#8220; <strong>Sonnenaufgang oder Sonnenuntergang<\/strong> fotografisch festhalten. Dann ist Dir die wundersch\u00f6ne Sammlermedaille &#8222;<em>Lake Horizon Quest<\/em>&#8220; sicher. <\/p>\n\n\n\n<p>Egal ob du die Stille des fr\u00fchen Morgens suchst oder die goldene Stunde am Abend liebst \u2013 diese Herausforderung bringt dich raus in die Natur, an verborgene Uferwege und zu Momenten, in denen die Welt kurz stillzustehen scheint.<\/p>\n\n\n\n<p><strong>Die Regeln im \u00dcberblick:<\/strong><\/p>\n\n\n\n<ul class=\"wp-block-list\">\n<li><strong><em>Melde Dich bei der Lake Horizon Quest an<\/em>&nbsp;<\/strong>(Klick auf das Logo weiter unten)! Wenn Du bereits die <a href=\"https:\/\/rockyourgoal.de\/fr\/timeless-challenge\/#Anmeldung_und_Leistungsumfang\">Timeless Challenge<\/a> oder die &#8222;<a href=\"https:\/\/rockyourgoal.de\/fr\/iron-lake-challenge\/#Iron_Lake_Challenge_All_In\">ILC All In<\/a>&#8220; gebucht hast, dann ist ist die &#8222;LHQ&#8220; inclusive. <\/li>\n\n\n\n<li><strong>Ziel:<\/strong> 10 Seen umrunden (zu Fu\u00df oder per Rad) und einen Sonnenaufgang oder Sonnenuntergang fotografieren. <\/li>\n\n\n\n<li><strong>Voraussetzung:<\/strong> Jeder See muss &gt; 5 km Uferl\u00e4nge haben.<\/li>\n\n\n\n<li><strong>Nachweis:<\/strong> Tracking der Umrundung sowie ein Foto vom Sonnenaufgang oder Sonnenuntergang pro See.<\/li>\n\n\n\n<li>Du hast so lange Zeit wie Du m\u00f6chtest (keine zeitliche Einschr\u00e4nkung). Genuss ist angesagt!<\/li>\n<\/ul>\n\n\n\n<p>Bist du bereit, den Horizont zu jagen? Teile deine Fortschritte und zeige uns deine sch\u00f6nsten Aufnahmen. Viel Erfolg bei deiner pers\u00f6nlichen Lake Horizon Quest!<\/p>\n\n\n\n<p><strong>G\u00e9n\u00e9ralit\u00e9s VEUILLEZ NOTER !<\/strong><\/p>\n\n\n\n<ul class=\"wp-block-list\">\n<li>Beachte bitte, dass im \u00f6ffentlichen Verkehrsraum und entlang von Stra\u00dfen und Radwegen die StVO gilt. Bewege Dich also r\u00fccksichtsvoll.<\/li>\n\n\n\n<li>Tu fais le tour des lacs \u00e0 tes propres risques et p\u00e9rils. L'exploitant de ce site Internet n'assume aucune responsabilit\u00e9.<\/li>\n\n\n\n<li>Veuillez suivre les conseils de votre m\u00e9decin ou passer un examen m\u00e9dical avant le d\u00e9part du challenge. Tu es toi-m\u00eame responsable de ton \u00e9tat de sant\u00e9, de ton \u00e9quipement et de ta condition physique. Il n'y a pas de honte \u00e0 interrompre une randonn\u00e9e, la sant\u00e9 passe toujours en premier !<\/li>\n<\/ul>\n\n\n\n<p><strong>Quelques r\u00e8gles \u00e0 respecter avec la nature pendant ton tour des lacs :<\/strong><\/p>\n\n\n\n<ul class=\"wp-block-list\">\n<li>Veuillez tenir compte des indications locales concernant la protection de la nature.<\/li>\n\n\n\n<li>Ne vous \u00e9loignez pas des sentiers.<\/li>\n\n\n\n<li>Ne faites pas de bruit.<\/li>\n\n\n\n<li>Veuillez ne pas ramasser de pierres ou de min\u00e9raux.<\/li>\n\n\n\n<li>Ne ramassez pas de champignons.<\/li>\n\n\n\n<li>Ne laissez pas de d\u00e9chets par terre.<\/li>\n\n\n\n<li>Ne nourrissez pas les animaux.<\/li>\n\n\n\n<li>Ne faites pas de feu ouvert.<\/li>\n\n\n\n<li>Ne cueillez pas de plantes, s'il vous pla\u00eet.<\/li>\n<\/ul>\n\n\n\n<p>Cela devrait \u00eatre clair pour nous tous, mais cela ne fait pas de mal de s'en souvenir de temps en temps.&nbsp;<\/p>\n\n\n\n<h2 class=\"wp-block-heading\">INSCRIPTION ET PRESTATIONS<\/h2>\n\n\n\n<p>Die Anmeldung zur Lake Horizon Quest kostet Dich&nbsp;<strong>24,- EUR<\/strong>.<\/p>\n\n\n\n<p>Ces frais d'inscription comprennent notre&nbsp;<em>Lake Horizon Quest Sammlermedaille<\/em>&nbsp;ainsi que la bille verte (20mm) de la&nbsp;<a href=\"https:\/\/rockyourgoal.de\/fr\/timeless-challenge\/\" target=\"_blank\" rel=\"noreferrer noopener\">Timeless Challenge<\/a>&nbsp;sont inclus.<\/p>\n\n\n\n<p>Allerdings musst Du daf\u00fcr erst zehn Seen umrunden und ein Bild vom Sonnenaufgang oder Sonnenuntergang am See machen!&nbsp;<strong>Ce n'est qu'ensuite<\/strong>&nbsp;nous t'enverrons la m\u00e9daille et la bille que tu as bien m\u00e9rit\u00e9es ! Apr\u00e8s tout, tu veux les m\u00e9riter et non pas les recevoir en cadeau.<\/p>\n\n\n\n<p>Avec tes frais d'inscription, tu soutiens mon projet de c\u0153ur de la&nbsp;<a rel=\"noreferrer noopener\" href=\"https:\/\/rockyourgoal.de\/fr\/big5forlife\/trees4breeze\/\" target=\"_blank\">Reboisement d'un million d'arbres dans le monde !<\/a><\/p>\n\n\n\n<p><strong>Comment s'inscrire<\/strong>:<\/p>\n\n\n\n<ul class=\"wp-block-list\">\n<li><em><strong>Klick bitte auf das&nbsp;Bild unten&nbsp;und Du wirst zur Anmeldeseite unseres Partners Digistore24 geleitet<\/strong><\/em><\/li>\n\n\n\n<li>Tu vas recevoir une confirmation d'inscription<\/li>\n\n\n\n<li>Nun musst Du um die zehn von Dir gew\u00e4hlten Seen (&gt;5km Uferl\u00e4nge) umrunden. Sobald Du diese geschafft hast, schick uns bitte einen Auszug Deines Trackings als Nachweis. Nat\u00fcrlich freuen wir uns auch \u00fcber die Bilder der Sonnenaufg\u00e4nge, oder (noch lieber) eine Erw\u00e4hnung auf Social Media<\/li>\n\n\n\n<li>Nachdem wir dies gepr\u00fcft haben, erh\u00e4ltst Du Deine wohlverdiente Medaille und Murmel. Easy, oder?<\/li>\n<\/ul>\n\n\n\n<p>&#8211;Logo&#8211;<\/p>\n\n\n\n<h3 class=\"wp-block-heading\">LES POINTS LIFE SCORE ET LA BILLE TIMELESS<\/h3>\n\n\n\n<p>Diese Challenge ist Teil unserer&nbsp;<a href=\"https:\/\/rockyourgoal.de\/fr\/timeless-challenge\/\" target=\"_blank\" rel=\"noreferrer noopener\">Timeless Challenge<\/a>. C'est pourquoi tu m\u00e9rites (en plus de la m\u00e9daille de collectionneur) la bille verte (sant\u00e9\/sport). Celle-ci te sera \u00e9galement envoy\u00e9e. La bille aura un diam\u00e8tre de 20 mm.<\/p>\n\n\n<div class=\"wp-block-image\">\n<figure class=\"aligncenter is-resized\"><img loading=\"lazy\" decoding=\"async\" width=\"300\" height=\"300\" src=\"http:\/\/rockyourgoal.de\/wp-content\/uploads\/2022\/12\/image.png\" alt=\"\" class=\"wp-image-10036\" style=\"width:158px;height:auto\" srcset=\"http:\/\/rockyourgoal.de\/wp-content\/uploads\/2022\/12\/image.png 300w, http:\/\/rockyourgoal.de\/wp-content\/uploads\/2022\/12\/image-150x150.png 150w, http:\/\/rockyourgoal.de\/wp-content\/uploads\/2022\/12\/image-12x12.png 12w\" sizes=\"auto, (max-width: 300px) 100vw, 300px\" \/><figcaption class=\"wp-element-caption\">Deine personalisierten Life-Score-Punkte<\/figcaption><\/figure>\n<\/div>\n\n\n<p>Die Life-Score-Punkte werden Dir automatisch gutgeschrieben<strong>.<\/strong>&nbsp;Diese werden im&nbsp;<a href=\"https:\/\/rockyourgoal.de\/fr\/iron-lake-challenge\/#Die_Iron_Lake_Challenge_Life_Lake_Museum\">Life Lake Museum<\/a>&nbsp;gutgeschrieben. Diese Leistung ist f\u00fcr Dich kostenlos.<\/p>\n\n\n\n<h2 class=\"wp-block-heading\">Challenge Tool<\/h2>\n\n\n\n\n\n\n<h2 class=\"wp-block-heading\">DIE LAKE HORIZON QUEST IN SOCIAL MEDIA<\/h2>\n\n\n\n<h3 class=\"wp-block-heading\">Mach mit in unserem Forum<\/h3>\n\n\n\n<p>Tausch Dich aus in unserer Community! Unser Forum f\u00fcr Erfahrungen, Berichte, Fragen und mehr<\/p>\n\n\n\n<figure class=\"wp-block-image\"><a href=\"https:\/\/rockyourgoal.de\/fr\/forum\/\"><img loading=\"lazy\" decoding=\"async\" width=\"808\" height=\"494\" src=\"http:\/\/rockyourgoal.de\/wp-content\/uploads\/2025\/06\/logo-rockyourgoal-forum-808x494.jpg\" alt=\"Tausch Dich aus in unserer Community! Unser Forum f\u00fcr Erfahrungen, Berichte, Fragen und mehr\" class=\"wp-image-19411\" srcset=\"http:\/\/rockyourgoal.de\/wp-content\/uploads\/2025\/06\/logo-rockyourgoal-forum.jpg 808w, http:\/\/rockyourgoal.de\/wp-content\/uploads\/2025\/06\/logo-rockyourgoal-forum-768x469.jpg 768w, http:\/\/rockyourgoal.de\/wp-content\/uploads\/2025\/06\/logo-rockyourgoal-forum-18x12.jpg 18w\" sizes=\"auto, (max-width: 808px) 100vw, 808px\" \/><\/a><\/figure>\n\n\n\n<h3 class=\"wp-block-heading\"><br>HASHTAGS DER LAKE HORIZON QUEST<\/h3>\n\n\n\n<p>Wir freuen uns, wenn Du Bilder (vor allem von den Sonnenaufg\u00e4ngen), Videos und Deine Erfahrungen rund um die Lake Horizon Quest mit anderen teilst. Daf\u00fcr stellen wir Dir die folgenden Hashtags zur Verf\u00fcgung:<\/p>\n\n\n\n<ul class=\"wp-block-list\">\n<li>#lakehorizonquest<\/li>\n\n\n\n<li>#timelesschallenge<\/li>\n<\/ul>\n\n\n\n<h3 class=\"wp-block-heading\">DIE LAKE HORIZON QUEST AUF FACEBOOK<\/h3>\n\n\n\n<p>Nat\u00fcrlich laden wir Dich herzlich auch in unsere Facebook-Gruppe \u201c<em><a href=\"https:\/\/www.facebook.com\/groups\/ironlakechallengediscussionboard\/?ref=share_group_link\" target=\"_blank\" rel=\"noreferrer noopener\">Iron Lake Challenge Discussion Board<\/a><\/em>\u201d ein. Diese Gruppe ist auch f\u00fcr die LAKE HORIZON QUEST der richtige Ort. <\/p>\n\n\n\n<h2 class=\"wp-block-heading\">IMPRESSUM<\/h2>\n\n\n\n<p><a rel=\"noreferrer noopener\" href=\"https:\/\/rockyourgoal.de\/fr\/deshalb-bist-du-hier\/impressum-und-datenschutz\/\" target=\"_blank\">Zu unserem Impressum<\/a><\/p>","protected":false},"excerpt":{"rendered":"<p>Bist du bereit f\u00fcr dein n\u00e4chstes gro\u00dfes Outdoor-Abenteuer am See? Dann schn\u00fcre deine Wanderschuhe, binde Deine Laufschuhe oder schwing dich auf dein Fahrrad \u2013 die Lake Horizon Quest ruft! Ab jetzt wird die Sonne am Horizont gejagt! REGELN Deine Mission ist ebenso simpel wie inspirierend: W\u00e4hle zehn Seen deiner Wahl&hellip;<\/p>\n<p> <a class=\"more-link\" href=\"http:\/\/rockyourgoal.de\/fr\/timeless-challenge\/sport-challenge\/lake-horizon-quest\/\">Lire la suite<\/a><\/p>","protected":false},"author":2,"featured_media":22021,"parent":7499,"menu_order":0,"comment_status":"closed","ping_status":"closed","template":"","meta":{"pgc_sgb_lightbox_settings":"","_glsr_average":0,"_glsr_ranking":0,"_glsr_reviews":0,"footnotes":""},"class_list":["post-22012","page","type-page","status-publish","has-post-thumbnail"],"_links":{"self":[{"href":"http:\/\/rockyourgoal.de\/fr\/wp-json\/wp\/v2\/pages\/22012","targetHints":{"allow":["GET"]}}],"collection":[{"href":"http:\/\/rockyourgoal.de\/fr\/wp-json\/wp\/v2\/pages"}],"about":[{"href":"http:\/\/rockyourgoal.de\/fr\/wp-json\/wp\/v2\/types\/page"}],"author":[{"embeddable":true,"href":"http:\/\/rockyourgoal.de\/fr\/wp-json\/wp\/v2\/users\/2"}],"replies":[{"embeddable":true,"href":"http:\/\/rockyourgoal.de\/fr\/wp-json\/wp\/v2\/comments?post=22012"}],"version-history":[{"count":13,"href":"http:\/\/rockyourgoal.de\/fr\/wp-json\/wp\/v2\/pages\/22012\/revisions"}],"predecessor-version":[{"id":22027,"href":"http:\/\/rockyourgoal.de\/fr\/wp-json\/wp\/v2\/pages\/22012\/revisions\/22027"}],"up":[{"embeddable":true,"href":"http:\/\/rockyourgoal.de\/fr\/wp-json\/wp\/v2\/pages\/7499"}],"wp:featuredmedia":[{"embeddable":true,"href":"http:\/\/rockyourgoal.de\/fr\/wp-json\/wp\/v2\/media\/22021"}],"wp:attachment":[{"href":"http:\/\/rockyourgoal.de\/fr\/wp-json\/wp\/v2\/media?parent=22012"}],"curies":[{"name":"wp","href":"https:\/\/api.w.org\/{rel}","templated":true}]}}