{"id":6865,"date":"2023-05-22T07:00:00","date_gmt":"2023-05-22T05:00:00","guid":{"rendered":"https:\/\/rockyourgoal.de\/?page_id=6865"},"modified":"2023-05-16T09:47:05","modified_gmt":"2023-05-16T07:47:05","slug":"passionate-supporter","status":"publish","type":"page","link":"http:\/\/rockyourgoal.de\/es\/timeless-challenge\/passionate-supporter\/","title":{"rendered":"Passionate Supporter"},"content":{"rendered":"\n<p>Du sitzt im Auto und h\u00f6rst, dass eine Organisation eine besondere Aktion gestartet hat die Du so richtig gut findest. Als du nach Hause kommst und die lokale Zeitung aufschl\u00e4gst liest Du, dass der lokale Verein f\u00fcr arme Kinder ein kostenloses Ferienlager anbietet. <\/p>\n\n\n\n<p>In Deiner Umgebung passiert so viel Gutes und oft erf\u00e4hrst Du nur aus Zufall davon. Aber wenn Du davon erf\u00e4hrst, dann gibt es M\u00f6glichkeiten, dass Du unterst\u00fctzt. Auch wenn Du f\u00fcr eine aktive Unterst\u00fctzung vielleicht keine Zeit hast, so kannst Du doch passiv mit einem einmaligen Beitrag oder einer passiven Mitgliedschaft unterst\u00fctzen. <\/p>\n\n\n\n<p>Bei der Passionate Supporter Challenge geht es also darum, dass Du Dir klar wirst wen Du unterst\u00fctzen m\u00f6chtest und dann mindestens ein Jahr lang unterst\u00fctzt. Das muss kein besonders hoher Betrag sein, denn darum geht es nicht. <\/p>\n\n\n<div class=\"wp-block-image\">\n<figure class=\"aligncenter size-full is-resized\"><a href=\"https:\/\/rockyourgoal.de\/wp-content\/uploads\/2022\/04\/passionate-supporter-challenge.png\"><img loading=\"lazy\" decoding=\"async\" src=\"https:\/\/rockyourgoal.de\/wp-content\/uploads\/2022\/04\/passionate-supporter-challenge.png\" alt=\"\" class=\"wp-image-6870\" width=\"243\" height=\"243\" srcset=\"http:\/\/rockyourgoal.de\/wp-content\/uploads\/2022\/04\/passionate-supporter-challenge.png 640w, http:\/\/rockyourgoal.de\/wp-content\/uploads\/2022\/04\/passionate-supporter-challenge-300x300.png 300w, http:\/\/rockyourgoal.de\/wp-content\/uploads\/2022\/04\/passionate-supporter-challenge-150x150.png 150w, http:\/\/rockyourgoal.de\/wp-content\/uploads\/2022\/04\/passionate-supporter-challenge-12x12.png 12w\" sizes=\"auto, (max-width: 243px) 100vw, 243px\" \/><\/a><\/figure>\n<\/div>\n\n\n<p>Es geht darum, dass Du f\u00fcr Deine \u00dcberzeugung einstehst, auch wenn Du das passiv tust. Das Ergebnis ist das Gleiche, denn Du zeigst durch Deine Unterst\u00fctzung wof\u00fcr Du stehst. <\/p>\n\n\n\n<h2 class=\"wp-block-heading\">Wie funktioniert die Passionate Supporter Challenge?<\/h2>\n\n\n\n<p>Such Dir ein Projekt, einen Verein, eine Institution, eine Gemeinschaft oder einen Menschen heraus den Du unterst\u00fctzen m\u00f6chtest. Wenn Du selbst keine Zeit hast um Dich aktiv mit einzubringen, dann gibt es immer auch eine M\u00f6glichkeit der passiven Unterst\u00fctzung. <\/p>\n\n\n<div class=\"wp-block-image\">\n<figure class=\"aligncenter\"><a href=\"https:\/\/rockyourgoal.de\/timeless-challenge\/\"><img loading=\"lazy\" decoding=\"async\" width=\"300\" height=\"145\" src=\"https:\/\/rockyourgoal.de\/wp-content\/uploads\/2022\/01\/timeless-challenge-durchsichtig-300x145.png\" alt=\"\" class=\"wp-image-5448\" srcset=\"http:\/\/rockyourgoal.de\/wp-content\/uploads\/2022\/01\/timeless-challenge-durchsichtig-300x145.png 300w, http:\/\/rockyourgoal.de\/wp-content\/uploads\/2022\/01\/timeless-challenge-durchsichtig-1024x495.png 1024w, http:\/\/rockyourgoal.de\/wp-content\/uploads\/2022\/01\/timeless-challenge-durchsichtig-768x371.png 768w, http:\/\/rockyourgoal.de\/wp-content\/uploads\/2022\/01\/timeless-challenge-durchsichtig-1536x742.png 1536w, http:\/\/rockyourgoal.de\/wp-content\/uploads\/2022\/01\/timeless-challenge-durchsichtig-2048x990.png 2048w, http:\/\/rockyourgoal.de\/wp-content\/uploads\/2022\/01\/timeless-challenge-durchsichtig-850x411.png 850w\" sizes=\"auto, (max-width: 300px) 100vw, 300px\" \/><\/a><figcaption class=\"wp-element-caption\">Die Passionate Supporter Challenge geh\u00f6rt zur\u00a0<a rel=\"noreferrer noopener\" href=\"https:\/\/rockyourgoal.de\/timeless-challenge\/\" target=\"_blank\">Timeless Challenge<\/a><\/figcaption><\/figure>\n<\/div>\n\n\n<p><strong><em>Jeden Montag eine neue Challenge!<\/em><\/strong>\u00a0<strong><em>Folge uns und bleib informiert!<\/em><\/strong><\/p>\n\n\n\n<ul class=\"wp-block-list\">\n<li><strong>Instagram<\/strong>:&nbsp;<a rel=\"noreferrer noopener\" href=\"https:\/\/www.instagram.com\/timeless_challenge\" target=\"_blank\">@timeless_challenge<\/a><\/li>\n\n\n\n<li><strong>Facebook<\/strong>:&nbsp;<a rel=\"noreferrer noopener\" href=\"https:\/\/www.facebook.com\/rockyourgoal\" target=\"_blank\">Rockyourgoal<\/a><\/li>\n\n\n\n<li><strong>Twitter<\/strong>:&nbsp;<a rel=\"noreferrer noopener\" href=\"https:\/\/www.twitter.com\/goal_rock\" target=\"_blank\">@goal_rock<\/a><\/li>\n<\/ul>\n\n\n\n<blockquote class=\"wp-block-quote is-layout-flow wp-block-quote-is-layout-flow\">\n<p><strong><em>Wir wollen&nbsp;<a rel=\"noreferrer noopener\" href=\"https:\/\/rockyourgoal.de\/big5forlife\/trees4breeze\/\" target=\"_blank\">eine Million B\u00e4ume weltweit pflanzen<\/a>&nbsp;ohne um Spenden zu betteln!<\/em><\/strong>Uwe<\/p>\n<\/blockquote>\n\n\n\n<p>Ich unterst\u00fctze z.B. einen Verein der gequ\u00e4lte B\u00e4ren aufnimmt und ihnen ein neues zu Hause gibt bis an ihr Lebensende. Das kostet mich gerade mal 45,- EUR im Jahr, aber dieses Geld ist ein wichtiger Teil um die Arbeit der vielen aktiven Helfer dort zu unterst\u00fctzen. So bietet jeder Verein auch eine passive Mitgliedschaft oder auch die M\u00f6glichkeit mit einem Einmalbetrag ein bestimmtes Projekt zu unterst\u00fctzen. <\/p>\n\n\n\n<p>Du wirst mit Sicherheit sehr schnell eine M\u00f6glichkeit daf\u00fcr finden. Von uns bekommst Du (nachdem Du uns angeschrieben hast) Deine wohlverdienten Life-Score Punkte f\u00fcr diese Unterst\u00fctzung. Auch hier gilt, dass die Life-Score Punkte nur der Ansto\u00df sein sollen. Eigentlich geht es um viel mehr!<\/p>\n\n\n\n<h2 class=\"wp-block-heading\">Life-Score Punkte f\u00fcr die Passionate Supporter Challenge<\/h2>\n\n\n<div class=\"wp-block-image\">\n<figure class=\"aligncenter size-medium\"><img loading=\"lazy\" decoding=\"async\" width=\"300\" height=\"300\" src=\"https:\/\/rockyourgoal.de\/wp-content\/uploads\/2022\/08\/LSP-Beziehungen-1-300x300.png\" alt=\"\" class=\"wp-image-8294\" srcset=\"http:\/\/rockyourgoal.de\/wp-content\/uploads\/2022\/08\/LSP-Beziehungen-1-300x300.png 300w, http:\/\/rockyourgoal.de\/wp-content\/uploads\/2022\/08\/LSP-Beziehungen-1-150x150.png 150w, http:\/\/rockyourgoal.de\/wp-content\/uploads\/2022\/08\/LSP-Beziehungen-1-768x769.png 768w, http:\/\/rockyourgoal.de\/wp-content\/uploads\/2022\/08\/LSP-Beziehungen-1-12x12.png 12w, http:\/\/rockyourgoal.de\/wp-content\/uploads\/2022\/08\/LSP-Beziehungen-1-850x851.png 850w, http:\/\/rockyourgoal.de\/wp-content\/uploads\/2022\/08\/LSP-Beziehungen-1.png 1000w\" sizes=\"auto, (max-width: 300px) 100vw, 300px\" \/><\/figure>\n<\/div>\n\n\n<p>F\u00fcr das passive Unterst\u00fctzen einer guten Sache bekommst Du von uns <strong>50 Life-Score<\/strong> Punkte. <\/p>\n\n\n\n<h2 class=\"wp-block-heading\">SO KANNST DU BEI DER Passionate Supporter CHALLENGE MITMACHEN!<\/h2>\n\n\n\n<ul class=\"wp-block-list\">\n<li>Unterst\u00fctze eine Organisation Deiner Wahl!<\/li>\n\n\n\n<li>Sobald Du diese Herausforderung geschafft hast musst Du das unten stehende Formular ausf\u00fcllen, uns diesmal jedoch mitteilen, dass Du die Challenge geschafft hast. Wir melden uns dann bei Dir und schicken Dir die Murmel zu!<\/li>\n\n\n\n<li>Wenn Du Deine Bilder bez\u00fcglich der Challenge sowieso auf Instagram, Twitter u. Co. stellst, dann markiere uns\u00a0<a rel=\"noreferrer noopener\" href=\"https:\/\/www.instagram.com\/timeless_challenge\" target=\"_blank\">@timeless_challenge<\/a>\u00a0und f\u00fcge den passenden Hashtag (siehe weiter unten) hinzu.<\/li>\n<\/ul>\n\n\n\n<!-- Begin Mailchimp Signup Form -->\n<link href=\"\/\/cdn-images.mailchimp.com\/embedcode\/classic-071822.css\" rel=\"stylesheet\" type=\"text\/css\">\n<style type=\"text\/css\">\n\t#mc_embed_signup{background:#fff; clear:left; font:14px Helvetica,Arial,sans-serif;  width:600px;}\n\t\/* Add your own Mailchimp form style overrides in your site stylesheet or in this style block.\n\t   We recommend moving this block and the preceding CSS link to the HEAD of your HTML file. *\/\n<\/style>\n<div id=\"mc_embed_signup\">\n    <form action=\"https:\/\/rockyourgoal.us19.list-manage.com\/subscribe\/post?u=f454dcf6e86d0bb21083e6f7a&amp;id=13ea8ab3d2&amp;f_id=00cda1e4f0\" method=\"post\" id=\"mc-embedded-subscribe-form\" name=\"mc-embedded-subscribe-form\" class=\"validate\" target=\"_blank\" novalidate=\"\">\n        <div id=\"mc_embed_signup_scroll\">\n        <h2>Bestellformular<\/h2>\n        <div class=\"indicates-required\"><span class=\"asterisk\">*<\/span> indicates required<\/div>\n<div class=\"mc-field-group\">\n\t<label for=\"mce-MMERGE7\">Bei welcher Challenge machst Du mit?  <span class=\"asterisk\">*<\/span>\n<\/label>\n\t<input type=\"text\" value=\"\" name=\"MMERGE7\" class=\"required\" id=\"mce-MMERGE7\" required=\"\">\n\t<span id=\"mce-MMERGE7-HELPERTEXT\" class=\"helper_text\">Bitte nur eine Challenge pro Anmeldung angeben<\/span>\n<\/div>\n<div class=\"mc-field-group\">\n\t<label for=\"mce-MMERGE8\">Falls Du diese Challenge schon geschafft hast&#8230;. <\/label>\n\t<input type=\"text\" value=\"\" name=\"MMERGE8\" class=\"\" id=\"mce-MMERGE8\">\n\t<span id=\"mce-MMERGE8-HELPERTEXT\" class=\"helper_text\">dann schreib bitte ob Du die Murmel haben m\u00f6chtest<\/span>\n<\/div>\n<div class=\"mc-field-group\">\n\t<label for=\"mce-EMAIL\">Email Address  <span class=\"asterisk\">*<\/span>\n<\/label>\n\t<input type=\"email\" value=\"\" name=\"EMAIL\" class=\"required email\" id=\"mce-EMAIL\" required=\"\">\n\t<span id=\"mce-EMAIL-HELPERTEXT\" class=\"helper_text\"><\/span>\n<\/div>\n<div class=\"mc-field-group\">\n\t<label for=\"mce-FNAME\">First Name  <span class=\"asterisk\">*<\/span>\n<\/label>\n\t<input type=\"text\" value=\"\" name=\"FNAME\" class=\"required\" id=\"mce-FNAME\" required=\"\">\n\t<span id=\"mce-FNAME-HELPERTEXT\" class=\"helper_text\"><\/span>\n<\/div>\n<div class=\"mc-field-group\">\n\t<label for=\"mce-LNAME\">Last Name  <span class=\"asterisk\">*<\/span>\n<\/label>\n\t<input type=\"text\" value=\"\" name=\"LNAME\" class=\"required\" id=\"mce-LNAME\" required=\"\">\n\t<span id=\"mce-LNAME-HELPERTEXT\" class=\"helper_text\"><\/span>\n<\/div>\n<div hidden=\"true\"><input type=\"hidden\" name=\"tags\" value=\"6241290\"><\/div>\n\t<div id=\"mce-responses\" class=\"clear foot\">\n\t\t<div class=\"response\" id=\"mce-error-response\" style=\"display:none\"><\/div>\n\t\t<div class=\"response\" id=\"mce-success-response\" style=\"display:none\"><\/div>\n\t<\/div>    <!-- real people should not fill this in and expect good things - do not remove this or risk form bot signups-->\n    <div style=\"position: absolute; left: -5000px;\" aria-hidden=\"true\"><input type=\"text\" name=\"b_f454dcf6e86d0bb21083e6f7a_13ea8ab3d2\" tabindex=\"-1\" value=\"\"><\/div>\n        <div class=\"optionalParent\">\n            <div class=\"clear foot\">\n                <input type=\"submit\" value=\"Subscribe\" name=\"subscribe\" id=\"mc-embedded-subscribe\" class=\"button\">\n                <p class=\"brandingLogo\"><a href=\"http:\/\/eepurl.com\/h9AohP\" title=\"Mailchimp - email marketing made easy and fun\"><img decoding=\"async\" src=\"https:\/\/eep.io\/mc-cdn-images\/template_images\/branding_logo_text_dark_dtp.svg\"><\/a><\/p>\n            <\/div>\n        <\/div>\n    <\/div>\n<\/form>\n<\/div>\n<script type=\"text\/javascript\" src=\"\/\/s3.amazonaws.com\/downloads.mailchimp.com\/js\/mc-validate.js\"><\/script><script type=\"text\/javascript\">(function($) {window.fnames = new Array(); window.ftypes = new Array();fnames[7]='MMERGE7';ftypes[7]='text';fnames[8]='MMERGE8';ftypes[8]='text';fnames[9]='MMERGE9';ftypes[9]='text';fnames[0]='EMAIL';ftypes[0]='email';fnames[1]='FNAME';ftypes[1]='text';fnames[2]='LNAME';ftypes[2]='text';fnames[3]='ADDRESS';ftypes[3]='address';fnames[4]='PHONE';ftypes[4]='phone';fnames[5]='BIRTHDAY';ftypes[5]='birthday';fnames[6]='MMERGE6';ftypes[6]='birthday';}(jQuery));var $mcj = jQuery.noConflict(true);<\/script>\n<!--End mc_embed_signup-->\n\n\n\n<h2 class=\"wp-block-heading\">Die Passionate Supporter Challenge auf Social Media<\/h2>\n\n\n\n<p>Oft hilft es anderen Menschen bei der Ideenfindung wenn Du auf Social Media berichtest. Wir bieten Dir daf\u00fcr die M\u00f6glichkeit. <\/p>\n\n\n\n<h3 class=\"wp-block-heading\">Die Passionate Supporter Challenge auf Facebook<\/h3>\n\n\n\n<p>Wir laden Dich herzlich in unsere Facebook Gruppe &#8222;Beziehungen&#8220; zum Austausch ein. <\/p>\n\n\n\n<h3 class=\"wp-block-heading\">Hashtags<\/h3>\n\n\n\n<ul class=\"wp-block-list\">\n<li>#timelesschallenge<\/li>\n\n\n\n<li>#tcpassionatesupporter<\/li>\n<\/ul>\n\n\n\n<h2 class=\"wp-block-heading\">Literatur rund um die Unterst\u00fctzung von Organisationen<\/h2>\n\n\n\n<figure class=\"wp-block-table\"><table><tbody><tr><td><a href=\"https:\/\/www.amazon.de\/Das-gute-Projekt-Hilfsorganisationen-Fragmentierung\/dp\/3868543147?__mk_de_DE=%C3%85M%C3%85%C5%BD%C3%95%C3%91&amp;crid=1UG2ICGN4E46T&amp;keywords=ngos&amp;qid=1684223062&amp;sprefix=ngos%2Caps%2C110&amp;sr=8-6&amp;linkCode=li2&amp;tag=biggamfisboa-21&amp;linkId=7867f162fdc37d4b290ba03bf84988a3&amp;language=de_DE&amp;ref_=as_li_ss_il\" target=\"_blank\" rel=\"noopener\"><img decoding=\"async\" border=\"0\" src=\"\/\/ws-eu.amazon-adsystem.com\/widgets\/q?_encoding=UTF8&amp;ASIN=3868543147&amp;Format=_SL160_&amp;ID=AsinImage&amp;MarketPlace=DE&amp;ServiceVersion=20070822&amp;WS=1&amp;tag=biggamfisboa-21&amp;language=de_DE\"><\/a><img loading=\"lazy\" decoding=\"async\" src=\"https:\/\/ir-de.amazon-adsystem.com\/e\/ir?t=biggamfisboa-21&amp;language=de_DE&amp;l=li2&amp;o=3&amp;a=3868543147\" width=\"1\" height=\"1\" border=\"0\" alt=\"\" style=\"border:none !important; margin:0px !important;\"><\/td><td><a href=\"https:\/\/www.amazon.de\/Das-Gute-tun-Ankommen-Jahrhundert\/dp\/3772500218?__mk_de_DE=%C3%85M%C3%85%C5%BD%C3%95%C3%91&amp;crid=18DT6DUD08H5T&amp;keywords=gutes+tun&amp;qid=1684223158&amp;sprefix=gutes+tun%2Caps%2C130&amp;sr=8-2&amp;linkCode=li2&amp;tag=biggamfisboa-21&amp;linkId=92494db736811ef2be38c8bd24346562&amp;language=de_DE&amp;ref_=as_li_ss_il\" target=\"_blank\" rel=\"noopener\"><img decoding=\"async\" border=\"0\" src=\"\/\/ws-eu.amazon-adsystem.com\/widgets\/q?_encoding=UTF8&amp;ASIN=3772500218&amp;Format=_SL160_&amp;ID=AsinImage&amp;MarketPlace=DE&amp;ServiceVersion=20070822&amp;WS=1&amp;tag=biggamfisboa-21&amp;language=de_DE\"><\/a><img loading=\"lazy\" decoding=\"async\" src=\"https:\/\/ir-de.amazon-adsystem.com\/e\/ir?t=biggamfisboa-21&amp;language=de_DE&amp;l=li2&amp;o=3&amp;a=3772500218\" width=\"1\" height=\"1\" border=\"0\" alt=\"\" style=\"border:none !important; margin:0px !important;\"><\/td><td><a href=\"https:\/\/www.amazon.de\/365-die-Welt-verbessern-Miteinander\/dp\/3347501942?__mk_de_DE=%C3%85M%C3%85%C5%BD%C3%95%C3%91&amp;crid=18DT6DUD08H5T&amp;keywords=gutes+tun&amp;qid=1684223195&amp;sprefix=gutes+tun%2Caps%2C130&amp;sr=8-5&amp;linkCode=li2&amp;tag=biggamfisboa-21&amp;linkId=3674dde0ff648fa07c126a2eda3b7d8e&amp;language=de_DE&amp;ref_=as_li_ss_il\" target=\"_blank\" rel=\"noopener\"><img decoding=\"async\" border=\"0\" src=\"\/\/ws-eu.amazon-adsystem.com\/widgets\/q?_encoding=UTF8&amp;ASIN=3347501942&amp;Format=_SL160_&amp;ID=AsinImage&amp;MarketPlace=DE&amp;ServiceVersion=20070822&amp;WS=1&amp;tag=biggamfisboa-21&amp;language=de_DE\"><\/a><img loading=\"lazy\" decoding=\"async\" src=\"https:\/\/ir-de.amazon-adsystem.com\/e\/ir?t=biggamfisboa-21&amp;language=de_DE&amp;l=li2&amp;o=3&amp;a=3347501942\" width=\"1\" height=\"1\" border=\"0\" alt=\"\" style=\"border:none !important; margin:0px !important;\"><\/td><\/tr><\/tbody><\/table><\/figure>\n","protected":false},"excerpt":{"rendered":"<p>Du sitzt im Auto und h\u00f6rst, dass eine Organisation eine besondere Aktion gestartet hat die Du so richtig gut findest. Als du nach Hause kommst und die lokale Zeitung aufschl\u00e4gst liest Du, dass der lokale Verein f\u00fcr arme Kinder ein kostenloses Ferienlager anbietet. In Deiner Umgebung passiert so viel Gutes&hellip;<\/p>\n<p> <a class=\"more-link\" href=\"http:\/\/rockyourgoal.de\/es\/timeless-challenge\/passionate-supporter\/\">Leer m\u00e1s<\/a><\/p>","protected":false},"author":2,"featured_media":6932,"parent":5417,"menu_order":0,"comment_status":"open","ping_status":"closed","template":"","meta":{"pgc_sgb_lightbox_settings":"","_glsr_average":0,"_glsr_ranking":0,"_glsr_reviews":0,"footnotes":""},"class_list":["post-6865","page","type-page","status-publish","has-post-thumbnail"],"_links":{"self":[{"href":"http:\/\/rockyourgoal.de\/es\/wp-json\/wp\/v2\/pages\/6865","targetHints":{"allow":["GET"]}}],"collection":[{"href":"http:\/\/rockyourgoal.de\/es\/wp-json\/wp\/v2\/pages"}],"about":[{"href":"http:\/\/rockyourgoal.de\/es\/wp-json\/wp\/v2\/types\/page"}],"author":[{"embeddable":true,"href":"http:\/\/rockyourgoal.de\/es\/wp-json\/wp\/v2\/users\/2"}],"replies":[{"embeddable":true,"href":"http:\/\/rockyourgoal.de\/es\/wp-json\/wp\/v2\/comments?post=6865"}],"version-history":[{"count":11,"href":"http:\/\/rockyourgoal.de\/es\/wp-json\/wp\/v2\/pages\/6865\/revisions"}],"predecessor-version":[{"id":12633,"href":"http:\/\/rockyourgoal.de\/es\/wp-json\/wp\/v2\/pages\/6865\/revisions\/12633"}],"up":[{"embeddable":true,"href":"http:\/\/rockyourgoal.de\/es\/wp-json\/wp\/v2\/pages\/5417"}],"wp:featuredmedia":[{"embeddable":true,"href":"http:\/\/rockyourgoal.de\/es\/wp-json\/wp\/v2\/media\/6932"}],"wp:attachment":[{"href":"http:\/\/rockyourgoal.de\/es\/wp-json\/wp\/v2\/media?parent=6865"}],"curies":[{"name":"wp","href":"https:\/\/api.w.org\/{rel}","templated":true}]}}