{"id":6714,"date":"2023-10-02T07:00:00","date_gmt":"2023-10-02T05:00:00","guid":{"rendered":"https:\/\/rockyourgoal.de\/?page_id=6714"},"modified":"2023-09-27T11:29:40","modified_gmt":"2023-09-27T09:29:40","slug":"community-work","status":"publish","type":"page","link":"http:\/\/rockyourgoal.de\/es\/timeless-challenge\/emotionen\/community-work\/","title":{"rendered":"Community Work Day &#8211; Tag der Gemeinn\u00fctzigkeit"},"content":{"rendered":"\n<p>Bestimmt ist Dein Leben auch intensiv, voll durchgeplant und eigentlich hast Du wenig Zeit. Nat\u00fcrlich wei\u00dft Du, dass jeder etwas f\u00fcr die Gesellschaft oder die Umwelt tun sollte, denn wenn jeder einen kleinen Beitrag bringt, dann summiert sich das und schafft einen Mehrwert f\u00fcr alle.<\/p>\n\n\n\n<p>Wir kennen diese Situation nur zu gut und haben festgestellt, dass ein Tag gemeinn\u00fctziger Arbeit nicht nur f\u00fcr die Gesellschaft, sondern vor allem f\u00fcr das eigene Gef\u00fchl enorm wichtig ist. Noch besser ist es, wenn Du Dir mit Deinem Partner einen konkreten Tag gemeinn\u00fctziger Arbeit einplanst und ihr zusammen diesen Dienst an der Allgemeinheit leistet. Das wird bei Treffen im Freundes- und Bekanntenkreis ein Thema werden und oft inspiriert Deine Initiative Andere. Du kannst also durch Dein Vorbild einen positiven Trend in Deinem Umfeld kreeieren der einen enormen Mehrwert bringen kann. <\/p>\n\n\n<div class=\"wp-block-image\">\n<figure class=\"aligncenter size-full is-resized\"><a href=\"https:\/\/rockyourgoal.de\/wp-content\/uploads\/2022\/04\/community-work-day.jpg\"><img loading=\"lazy\" decoding=\"async\" src=\"https:\/\/rockyourgoal.de\/wp-content\/uploads\/2022\/04\/community-work-day.jpg\" alt=\"\" class=\"wp-image-6720\" style=\"width:402px;height:268px\" width=\"402\" height=\"268\" srcset=\"http:\/\/rockyourgoal.de\/wp-content\/uploads\/2022\/04\/community-work-day.jpg 960w, http:\/\/rockyourgoal.de\/wp-content\/uploads\/2022\/04\/community-work-day-300x200.jpg 300w, http:\/\/rockyourgoal.de\/wp-content\/uploads\/2022\/04\/community-work-day-768x512.jpg 768w, http:\/\/rockyourgoal.de\/wp-content\/uploads\/2022\/04\/community-work-day-18x12.jpg 18w, http:\/\/rockyourgoal.de\/wp-content\/uploads\/2022\/04\/community-work-day-850x567.jpg 850w\" sizes=\"auto, (max-width: 402px) 100vw, 402px\" \/><\/a><\/figure>\n<\/div>\n\n\n<p>Und genau deshalb haben wir uns dazu entschieden, diese Tageschallenge mit dem Namen &#8222;<em>Community Work Day<\/em>&#8220; als Teil der Timeless Challenge aufzunehmen und Dich mit Life-Score Punkten zu belohnen. <\/p>\n\n\n\n<h2 class=\"wp-block-heading\">Wie funktioniert die <em>Community Work Day<\/em> Challenge?<\/h2>\n\n\n\n<p>Dies ist eigentlich als klassische Partnerchallenge gedacht. Du bekommst mehr Life-Score Punkte wenn Du einen gemeinn\u00fctzigen Tag zusammen mit Deinem Partner leistest. Das hei\u00dft, ihr plant euch einen konkreten Tag ein und ein gemeinn\u00fctziges Projekt das ihr aktiv unterst\u00fctzen m\u00f6chtet. <\/p>\n\n\n\n<p>Das kann das Helfen im Tierheim, bei der Tafel, im Waisenhaus oder einer anderen Einrichtung sein, das kann aber auch die Unterst\u00fctzung bei einem lokalen Projekt (Umweltschutz, Altenhilfe, Kinderbildung etc.) sein. Ganz egal. Es muss jedoch gemeinn\u00fctzig sein und sollte Dir (euch) am Herzen liegen. <\/p>\n\n\n<div class=\"wp-block-image\">\n<figure class=\"aligncenter\"><a href=\"https:\/\/rockyourgoal.de\/timeless-challenge\/\"><img loading=\"lazy\" decoding=\"async\" width=\"300\" height=\"145\" src=\"https:\/\/rockyourgoal.de\/wp-content\/uploads\/2022\/12\/image-1.png\" alt=\"\" class=\"wp-image-10083\" srcset=\"http:\/\/rockyourgoal.de\/wp-content\/uploads\/2022\/12\/image-1.png 300w, http:\/\/rockyourgoal.de\/wp-content\/uploads\/2022\/12\/image-1-18x9.png 18w\" sizes=\"auto, (max-width: 300px) 100vw, 300px\" \/><\/a><figcaption class=\"wp-element-caption\">Die Community Work Challenge geh\u00f6rt ebenfalls zur Timeless Challenge<\/figcaption><\/figure>\n<\/div>\n\n\n<p><strong><em>Jeden Montag eine neue Challenge!<\/em><\/strong>&nbsp;<strong><em>Folge uns und bleib informiert!<\/em><\/strong><\/p>\n\n\n\n<ul class=\"wp-block-list\">\n<li><strong>Instagram<\/strong>:&nbsp;<a rel=\"noreferrer noopener\" href=\"https:\/\/www.instagram.com\/timeless_challenge\" target=\"_blank\">@timeless_challenge<\/a><\/li>\n\n\n\n<li><strong>Facebook<\/strong>:&nbsp;<a rel=\"noreferrer noopener\" href=\"https:\/\/www.facebook.com\/rockyourgoal\" target=\"_blank\">Rockyourgoal<\/a><\/li>\n\n\n\n<li><strong>Twitter<\/strong>:&nbsp;<a rel=\"noreferrer noopener\" href=\"https:\/\/www.twitter.com\/goal_rock\" target=\"_blank\">@goal_rock<\/a><\/li>\n<\/ul>\n\n\n\n<p>Ihr verbringt also einen Tag mit gemeinn\u00fctziger Arbeit, schreibt uns eine Email und wir schicken euch die hochverdienten Life-Score Punkte. Diese Punkte sind nat\u00fcrlich (wie immer bei der Timeless-Challenge) nur als &#8222;Schubs ins Handeln zu kommen&#8220; zu sehen. Das eigentliche Ziel ist Dein gutes Gef\u00fchl und die Welt durch Dein Engagement ein kleines, bisschen besser zu machen. <\/p>\n\n\n\n<h2 class=\"wp-block-heading\">Life-Score Punkte f\u00fcr die Community Work Day Challenge<\/h2>\n\n\n<div class=\"wp-block-image\">\n<figure class=\"aligncenter size-medium\"><img loading=\"lazy\" decoding=\"async\" width=\"300\" height=\"300\" src=\"https:\/\/rockyourgoal.de\/wp-content\/uploads\/2022\/08\/LSP-Emotionen-300x300.png\" alt=\"\" class=\"wp-image-8295\" srcset=\"http:\/\/rockyourgoal.de\/wp-content\/uploads\/2022\/08\/LSP-Emotionen-300x300.png 300w, http:\/\/rockyourgoal.de\/wp-content\/uploads\/2022\/08\/LSP-Emotionen-150x150.png 150w, http:\/\/rockyourgoal.de\/wp-content\/uploads\/2022\/08\/LSP-Emotionen-768x769.png 768w, http:\/\/rockyourgoal.de\/wp-content\/uploads\/2022\/08\/LSP-Emotionen-12x12.png 12w, http:\/\/rockyourgoal.de\/wp-content\/uploads\/2022\/08\/LSP-Emotionen-850x851.png 850w, http:\/\/rockyourgoal.de\/wp-content\/uploads\/2022\/08\/LSP-Emotionen.png 1000w\" sizes=\"auto, (max-width: 300px) 100vw, 300px\" \/><\/figure>\n<\/div>\n\n\n<figure class=\"wp-block-table\"><table><tbody><tr><td><strong>Logo<\/strong><\/td><td><strong>Name<\/strong><\/td><td><strong>Life-Score Punkte<\/strong><\/td><td><strong>Anmerkung<\/strong><\/td><\/tr><tr><td><img loading=\"lazy\" decoding=\"async\" width=\"150\" height=\"101\" class=\"wp-image-6755\" style=\"width: 150px;\" src=\"http:\/\/rockyourgoal.de\/wp-content\/uploads\/2022\/04\/community-works-challenge-logo.png\" alt=\"\" srcset=\"http:\/\/rockyourgoal.de\/wp-content\/uploads\/2022\/04\/community-works-challenge-logo.png 4387w, http:\/\/rockyourgoal.de\/wp-content\/uploads\/2022\/04\/community-works-challenge-logo-300x202.png 300w, http:\/\/rockyourgoal.de\/wp-content\/uploads\/2022\/04\/community-works-challenge-logo-1024x688.png 1024w, http:\/\/rockyourgoal.de\/wp-content\/uploads\/2022\/04\/community-works-challenge-logo-768x516.png 768w, http:\/\/rockyourgoal.de\/wp-content\/uploads\/2022\/04\/community-works-challenge-logo-1536x1032.png 1536w, http:\/\/rockyourgoal.de\/wp-content\/uploads\/2022\/04\/community-works-challenge-logo-2048x1376.png 2048w, http:\/\/rockyourgoal.de\/wp-content\/uploads\/2022\/04\/community-works-challenge-logo-18x12.png 18w, http:\/\/rockyourgoal.de\/wp-content\/uploads\/2022\/04\/community-works-challenge-logo-850x571.png 850w\" sizes=\"auto, (max-width: 150px) 100vw, 150px\" \/><\/td><td>Community Work day &#8211; Single<\/td><td>10<\/td><td>Du leistest alleine einen gemeinn\u00fctzigen Tag<\/td><\/tr><tr><td><img loading=\"lazy\" decoding=\"async\" width=\"150\" height=\"101\" class=\"wp-image-6755\" style=\"width: 150px;\" src=\"http:\/\/rockyourgoal.de\/wp-content\/uploads\/2022\/04\/community-works-challenge-logo.png\" alt=\"\" srcset=\"http:\/\/rockyourgoal.de\/wp-content\/uploads\/2022\/04\/community-works-challenge-logo.png 4387w, http:\/\/rockyourgoal.de\/wp-content\/uploads\/2022\/04\/community-works-challenge-logo-300x202.png 300w, http:\/\/rockyourgoal.de\/wp-content\/uploads\/2022\/04\/community-works-challenge-logo-1024x688.png 1024w, http:\/\/rockyourgoal.de\/wp-content\/uploads\/2022\/04\/community-works-challenge-logo-768x516.png 768w, http:\/\/rockyourgoal.de\/wp-content\/uploads\/2022\/04\/community-works-challenge-logo-1536x1032.png 1536w, http:\/\/rockyourgoal.de\/wp-content\/uploads\/2022\/04\/community-works-challenge-logo-2048x1376.png 2048w, http:\/\/rockyourgoal.de\/wp-content\/uploads\/2022\/04\/community-works-challenge-logo-18x12.png 18w, http:\/\/rockyourgoal.de\/wp-content\/uploads\/2022\/04\/community-works-challenge-logo-850x571.png 850w\" sizes=\"auto, (max-width: 150px) 100vw, 150px\" \/><\/td><td>Community Work day &#8211; partner<\/td><td>15 (pro Person)<\/td><td>Du leistest den gemeinn\u00fctzigen Tag mit Deinem Partner <\/td><\/tr><\/tbody><\/table><\/figure>\n\n\n\n<h2 class=\"wp-block-heading\" id=\"so-kannst-du-bei-der-no-swear-challenge-mitmachen\">SO KANNST DU BEI DER COMMUNITY WORK CHALLENGE MITMACHEN<\/h2>\n\n\n\n<ul class=\"wp-block-list\">\n<li>Leiste (mindestens) einen Tag eine ehrenamtliche T\u00e4tigkeit<\/li>\n\n\n\n<li>Sobald Du diese Herausforderung geschafft hast musst Du das unten stehende Formular ausf\u00fcllen, uns mitteilen, dass Du die Challenge geschafft hast. Wir melden uns dann bei Dir!<\/li>\n\n\n\n<li>Wenn Du Deine Bilder bez\u00fcglich der Challenge sowieso auf Instagram, Twitter u. Co. stellst, dann markiere uns&nbsp;<a rel=\"noreferrer noopener\" href=\"https:\/\/www.instagram.com\/timeless_challenge\" target=\"_blank\">@timeless_challenge<\/a>&nbsp;und f\u00fcge den passenden Hashtag (siehe weiter unten) hinzu.<\/li>\n<\/ul>\n\n\n\n<!-- Begin Mailchimp Signup Form -->\n<link href=\"\/\/cdn-images.mailchimp.com\/embedcode\/classic-071822.css\" rel=\"stylesheet\" type=\"text\/css\">\n<style type=\"text\/css\">\n\t#mc_embed_signup{background:#fff; clear:left; font:14px Helvetica,Arial,sans-serif;  width:600px;}\n\t\/* Add your own Mailchimp form style overrides in your site stylesheet or in this style block.\n\t   We recommend moving this block and the preceding CSS link to the HEAD of your HTML file. *\/\n<\/style>\n<div id=\"mc_embed_signup\">\n    <form action=\"https:\/\/rockyourgoal.us19.list-manage.com\/subscribe\/post?u=f454dcf6e86d0bb21083e6f7a&amp;id=13ea8ab3d2&amp;f_id=00cda1e4f0\" method=\"post\" id=\"mc-embedded-subscribe-form\" name=\"mc-embedded-subscribe-form\" class=\"validate\" target=\"_blank\" novalidate=\"\">\n        <div id=\"mc_embed_signup_scroll\">\n        <h2>Bestellformular<\/h2>\n        <div class=\"indicates-required\"><span class=\"asterisk\">*<\/span> indicates required<\/div>\n<div class=\"mc-field-group\">\n\t<label for=\"mce-MMERGE7\">Bei welcher Challenge machst Du mit?  <span class=\"asterisk\">*<\/span>\n<\/label>\n\t<input type=\"text\" value=\"\" name=\"MMERGE7\" class=\"required\" id=\"mce-MMERGE7\" required=\"\">\n\t<span id=\"mce-MMERGE7-HELPERTEXT\" class=\"helper_text\">Bitte nur eine Challenge pro Anmeldung angeben<\/span>\n<\/div>\n<div class=\"mc-field-group\">\n\t<label for=\"mce-MMERGE8\">Falls Du diese Challenge schon geschafft hast&#8230;. <\/label>\n\t<input type=\"text\" value=\"\" name=\"MMERGE8\" class=\"\" id=\"mce-MMERGE8\">\n\t<span id=\"mce-MMERGE8-HELPERTEXT\" class=\"helper_text\">dann schreib bitte ob Du die Murmel haben m\u00f6chtest<\/span>\n<\/div>\n<div class=\"mc-field-group\">\n\t<label for=\"mce-EMAIL\">Email Address  <span class=\"asterisk\">*<\/span>\n<\/label>\n\t<input type=\"email\" value=\"\" name=\"EMAIL\" class=\"required email\" id=\"mce-EMAIL\" required=\"\">\n\t<span id=\"mce-EMAIL-HELPERTEXT\" class=\"helper_text\"><\/span>\n<\/div>\n<div class=\"mc-field-group\">\n\t<label for=\"mce-FNAME\">First Name  <span class=\"asterisk\">*<\/span>\n<\/label>\n\t<input type=\"text\" value=\"\" name=\"FNAME\" class=\"required\" id=\"mce-FNAME\" required=\"\">\n\t<span id=\"mce-FNAME-HELPERTEXT\" class=\"helper_text\"><\/span>\n<\/div>\n<div class=\"mc-field-group\">\n\t<label for=\"mce-LNAME\">Last Name  <span class=\"asterisk\">*<\/span>\n<\/label>\n\t<input type=\"text\" value=\"\" name=\"LNAME\" class=\"required\" id=\"mce-LNAME\" required=\"\">\n\t<span id=\"mce-LNAME-HELPERTEXT\" class=\"helper_text\"><\/span>\n<\/div>\n<div hidden=\"true\"><input type=\"hidden\" name=\"tags\" value=\"6241290\"><\/div>\n\t<div id=\"mce-responses\" class=\"clear foot\">\n\t\t<div class=\"response\" id=\"mce-error-response\" style=\"display:none\"><\/div>\n\t\t<div class=\"response\" id=\"mce-success-response\" style=\"display:none\"><\/div>\n\t<\/div>    <!-- real people should not fill this in and expect good things - do not remove this or risk form bot signups-->\n    <div style=\"position: absolute; left: -5000px;\" aria-hidden=\"true\"><input type=\"text\" name=\"b_f454dcf6e86d0bb21083e6f7a_13ea8ab3d2\" tabindex=\"-1\" value=\"\"><\/div>\n        <div class=\"optionalParent\">\n            <div class=\"clear foot\">\n                <input type=\"submit\" value=\"Subscribe\" name=\"subscribe\" id=\"mc-embedded-subscribe\" class=\"button\">\n                <p class=\"brandingLogo\"><a href=\"http:\/\/eepurl.com\/h9AohP\" title=\"Mailchimp - email marketing made easy and fun\"><img decoding=\"async\" src=\"https:\/\/eep.io\/mc-cdn-images\/template_images\/branding_logo_text_dark_dtp.svg\"><\/a><\/p>\n            <\/div>\n        <\/div>\n    <\/div>\n<\/form>\n<\/div>\n<script type=\"text\/javascript\" src=\"\/\/s3.amazonaws.com\/downloads.mailchimp.com\/js\/mc-validate.js\"><\/script><script type=\"text\/javascript\">(function($) {window.fnames = new Array(); window.ftypes = new Array();fnames[7]='MMERGE7';ftypes[7]='text';fnames[8]='MMERGE8';ftypes[8]='text';fnames[9]='MMERGE9';ftypes[9]='text';fnames[0]='EMAIL';ftypes[0]='email';fnames[1]='FNAME';ftypes[1]='text';fnames[2]='LNAME';ftypes[2]='text';fnames[3]='ADDRESS';ftypes[3]='address';fnames[4]='PHONE';ftypes[4]='phone';fnames[5]='BIRTHDAY';ftypes[5]='birthday';fnames[6]='MMERGE6';ftypes[6]='birthday';}(jQuery));var $mcj = jQuery.noConflict(true);<\/script>\n<!--End mc_embed_signup-->\n\n\n\n<h2 class=\"wp-block-heading\">Die Community Work Day Challenge in Social Media<\/h2>\n\n\n\n<p>Du kannst mit Deinem Einsatz \u00fcber Social Media Inspierieren und andere zum Nachmachen anregen. Aber nat\u00fcrlich nur, wenn Du das m\u00f6chtest. <\/p>\n\n\n\n<h3 class=\"wp-block-heading\">Die Community Work Day Challenge auf Facebook<\/h3>\n\n\n\n<p>Wir laden Dich herzlich in unsere Facebook Gruppe &#8222;Beziehungen&#8220; ein. Hier kannst Du Dich \u00fcber diese Challenge austauschen<\/p>\n\n\n\n<h3 class=\"wp-block-heading\">Hashtags<\/h3>\n\n\n\n<ul class=\"wp-block-list\">\n<li>#timelesschallenge<\/li>\n\n\n\n<li>#tccommunityworkday<\/li>\n<\/ul>\n\n\n\n<h2 class=\"wp-block-heading\">B\u00fccher rund um gemeinn\u00fctzige Arbeit<\/h2>\n\n\n\n<figure class=\"wp-block-table\"><table><tbody><tr><td><a href=\"https:\/\/www.amazon.de\/Pilgern-als-Methode-Sozialen-Arbeit\/dp\/3739830174?__mk_de_DE=%C3%85M%C3%85%C5%BD%C3%95%C3%91&amp;crid=2WK7EF601BOQ4&amp;keywords=gemeinn%C3%BCtzige+arbeit&amp;qid=1695806852&amp;sprefix=gemeinn%C3%BCtzige+arbeit%2Caps%2C109&amp;sr=8-36&amp;linkCode=li2&amp;tag=biggamfisboa-21&amp;linkId=ae5ce9235437eb40f0626cea27e59b08&amp;language=de_DE&amp;ref_=as_li_ss_il\" target=\"_blank\" rel=\"noopener\"><img decoding=\"async\" border=\"0\" src=\"\/\/ws-eu.amazon-adsystem.com\/widgets\/q?_encoding=UTF8&amp;ASIN=3739830174&amp;Format=_SL160_&amp;ID=AsinImage&amp;MarketPlace=DE&amp;ServiceVersion=20070822&amp;WS=1&amp;tag=biggamfisboa-21&amp;language=de_DE\"><\/a><img loading=\"lazy\" decoding=\"async\" src=\"https:\/\/ir-de.amazon-adsystem.com\/e\/ir?t=biggamfisboa-21&amp;language=de_DE&amp;l=li2&amp;o=3&amp;a=3739830174\" width=\"1\" height=\"1\" border=\"0\" alt=\"\" style=\"border:none !important; margin:0px !important;\"><\/td><td><a href=\"https:\/\/www.amazon.de\/Vereinsorganisation-Verein-erfolgreich-managen-Fachbuch\/dp\/364815270X?__mk_de_DE=%C3%85M%C3%85%C5%BD%C3%95%C3%91&amp;crid=2WK7EF601BOQ4&amp;keywords=gemeinn%C3%BCtzige+arbeit&amp;qid=1695806890&amp;sprefix=gemeinn%C3%BCtzige+arbeit%2Caps%2C109&amp;sr=8-42&amp;linkCode=li2&amp;tag=biggamfisboa-21&amp;linkId=a50e99eabc56de625bf764b174a49a52&amp;language=de_DE&amp;ref_=as_li_ss_il\" target=\"_blank\" rel=\"noopener\"><img decoding=\"async\" border=\"0\" src=\"\/\/ws-eu.amazon-adsystem.com\/widgets\/q?_encoding=UTF8&amp;ASIN=364815270X&amp;Format=_SL160_&amp;ID=AsinImage&amp;MarketPlace=DE&amp;ServiceVersion=20070822&amp;WS=1&amp;tag=biggamfisboa-21&amp;language=de_DE\"><\/a><img loading=\"lazy\" decoding=\"async\" src=\"https:\/\/ir-de.amazon-adsystem.com\/e\/ir?t=biggamfisboa-21&amp;language=de_DE&amp;l=li2&amp;o=3&amp;a=364815270X\" width=\"1\" height=\"1\" border=\"0\" alt=\"\" style=\"border:none !important; margin:0px !important;\"><\/td><td><a href=\"https:\/\/www.amazon.de\/P%C3%A4dagogische-Arbeit-Migranten-Fl%C3%BCchtlingskindern-Online-Materialien\/dp\/3407628250?__mk_de_DE=%C3%85M%C3%85%C5%BD%C3%95%C3%91&amp;crid=2WK7EF601BOQ4&amp;keywords=gemeinn%C3%BCtzige+arbeit&amp;qid=1695806948&amp;sprefix=gemeinn%C3%BCtzige+arbeit%2Caps%2C109&amp;sr=8-50&amp;linkCode=li2&amp;tag=biggamfisboa-21&amp;linkId=3b89a9ccb564980b74de35c39694b1ee&amp;language=de_DE&amp;ref_=as_li_ss_il\" target=\"_blank\" rel=\"noopener\"><img decoding=\"async\" border=\"0\" src=\"\/\/ws-eu.amazon-adsystem.com\/widgets\/q?_encoding=UTF8&amp;ASIN=3407628250&amp;Format=_SL160_&amp;ID=AsinImage&amp;MarketPlace=DE&amp;ServiceVersion=20070822&amp;WS=1&amp;tag=biggamfisboa-21&amp;language=de_DE\"><\/a><img loading=\"lazy\" decoding=\"async\" src=\"https:\/\/ir-de.amazon-adsystem.com\/e\/ir?t=biggamfisboa-21&amp;language=de_DE&amp;l=li2&amp;o=3&amp;a=3407628250\" width=\"1\" height=\"1\" border=\"0\" alt=\"\" style=\"border:none !important; margin:0px !important;\"><\/td><\/tr><\/tbody><\/table><\/figure>\n","protected":false},"excerpt":{"rendered":"<p>Bestimmt ist Dein Leben auch intensiv, voll durchgeplant und eigentlich hast Du wenig Zeit. Nat\u00fcrlich wei\u00dft Du, dass jeder etwas f\u00fcr die Gesellschaft oder die Umwelt tun sollte, denn wenn jeder einen kleinen Beitrag bringt, dann summiert sich das und schafft einen Mehrwert f\u00fcr alle. Wir kennen diese Situation nur&hellip;<\/p>\n<p> <a class=\"more-link\" href=\"http:\/\/rockyourgoal.de\/es\/timeless-challenge\/emotionen\/community-work\/\">Leer m\u00e1s<\/a><\/p>","protected":false},"author":2,"featured_media":6755,"parent":13005,"menu_order":0,"comment_status":"open","ping_status":"closed","template":"","meta":{"pgc_sgb_lightbox_settings":"","_glsr_average":0,"_glsr_ranking":0,"_glsr_reviews":0,"footnotes":""},"class_list":["post-6714","page","type-page","status-publish","has-post-thumbnail"],"_links":{"self":[{"href":"http:\/\/rockyourgoal.de\/es\/wp-json\/wp\/v2\/pages\/6714","targetHints":{"allow":["GET"]}}],"collection":[{"href":"http:\/\/rockyourgoal.de\/es\/wp-json\/wp\/v2\/pages"}],"about":[{"href":"http:\/\/rockyourgoal.de\/es\/wp-json\/wp\/v2\/types\/page"}],"author":[{"embeddable":true,"href":"http:\/\/rockyourgoal.de\/es\/wp-json\/wp\/v2\/users\/2"}],"replies":[{"embeddable":true,"href":"http:\/\/rockyourgoal.de\/es\/wp-json\/wp\/v2\/comments?post=6714"}],"version-history":[{"count":13,"href":"http:\/\/rockyourgoal.de\/es\/wp-json\/wp\/v2\/pages\/6714\/revisions"}],"predecessor-version":[{"id":14262,"href":"http:\/\/rockyourgoal.de\/es\/wp-json\/wp\/v2\/pages\/6714\/revisions\/14262"}],"up":[{"embeddable":true,"href":"http:\/\/rockyourgoal.de\/es\/wp-json\/wp\/v2\/pages\/13005"}],"wp:featuredmedia":[{"embeddable":true,"href":"http:\/\/rockyourgoal.de\/es\/wp-json\/wp\/v2\/media\/6755"}],"wp:attachment":[{"href":"http:\/\/rockyourgoal.de\/es\/wp-json\/wp\/v2\/media?parent=6714"}],"curies":[{"name":"wp","href":"https:\/\/api.w.org\/{rel}","templated":true}]}}